{"id":4822,"date":"2026-01-22T08:52:40","date_gmt":"2026-01-22T08:52:40","guid":{"rendered":"https:\/\/vapestornado.com\/?post_type=product&#038;p=4822"},"modified":"2026-01-22T09:13:50","modified_gmt":"2026-01-22T09:13:50","slug":"vozol-neon-45000-puffs-45k-adjustable-ice-level-disposable-vape-pod","status":"publish","type":"product","link":"https:\/\/vapestornado.com\/cs\/product\/vozol-neon-45000-puffs-45k-adjustable-ice-level-disposable-vape-pod\/","title":{"rendered":"Vozol Neon 45000 Puffs 45k Nastaviteln\u00e9 ledov\u00e9 \u00farovn\u011b Jednor\u00e1zov\u00e1 vape pod"},"content":{"rendered":"<h1 data-start=\"0\" data-end=\"87\">Vozol Neon 45000 Puffs Nastaviteln\u00e1 ledov\u00e1 jednor\u00e1zov\u00e1 vape pod<\/h1>\n<p data-start=\"63\" data-end=\"414\">Ten <strong data-start=\"67\" data-end=\"93\">Vozol Neon 45000 Puffs<\/strong> je navr\u017eena pro u\u017eivatele, kte\u0159\u00ed cht\u011bj\u00ed dlouhou dobu provozu, jasnou kontrolu a stabiln\u00ed chu\u0165 od prvn\u00edho potahu po posledn\u00ed. Navr\u017eeno jako <strong data-start=\"217\" data-end=\"249\">vysoce kvalitn\u00ed jednor\u00e1zov\u00e1 vape<\/strong>, nab\u00edz\u00ed a\u017e <strong data-start=\"269\" data-end=\"285\">45 000 pota\u017een\u00ed<\/strong> s dob\u00edjec\u00edm syst\u00e9mem, co\u017e ji \u010din\u00ed spolehlivou volbou pro n\u00e1ro\u010dn\u00e9 u\u017eivatele a velkoobchodn\u00ed kupce, kte\u0159\u00ed kladou d\u016fraz na hodnotu a v\u00fdkon.<\/p>\n<p data-start=\"416\" data-end=\"786\">Poh\u00e1n\u011bno <strong data-start=\"429\" data-end=\"468\">Dob\u00edjec\u00ed baterie 1000 mAh typu C<\/strong>, <strong data-start=\"474\" data-end=\"492\">Vozol Neon 45K<\/strong> zaru\u010duje \u00fapln\u00e9 vyu\u017eit\u00ed e-liquidu, nikoliv jeho pl\u00fdtv\u00e1n\u00ed. Integrovan\u00fd <strong data-start=\"554\" data-end=\"574\">vape s obrazovkou<\/strong> ukazuje \u00farove\u0148 baterie a e-liquidu v re\u00e1ln\u00e9m \u010dase, pom\u00e1h\u00e1 u\u017eivatel\u016fm \u0159\u00eddit spot\u0159ebu bez odhadov\u00e1n\u00ed. Ve spojen\u00ed s m\u0159\u00ed\u017ekovou c\u00edvkou Vozol a technologi\u00ed S.i.L.C. pro chu\u0165, ka\u017ed\u00fd potah z\u016fst\u00e1v\u00e1 konzistentn\u00ed, hladk\u00fd a pln\u00fd t\u011bla.<\/p>\n<p data-start=\"788\" data-end=\"1345\">Jako <strong data-start=\"794\" data-end=\"828\">Nastaviteln\u00e1 ledov\u00e1 jednor\u00e1zov\u00e1 vape<\/strong>, Vozol Neon 45000 umo\u017e\u0148uje u\u017eivatel\u016fm jemn\u011b doladit \u00farove\u0148 chlazen\u00ed tak, aby odpov\u00eddala r\u016fzn\u00fdm profil\u016fm chut\u00ed a osobn\u00edm preferenc\u00edm. S p\u0159edpln\u011bn\u00fdm e-liquidem o objemu 20 ml, nikotinovou s\u00edlou 2% a modern\u00edm t\u011blem ve stylu podu, tento <strong data-start=\"1037\" data-end=\"1060\">Jednor\u00e1zov\u00e1 vape pod<\/strong> vyva\u017euje siln\u00fd v\u00fdkon s ka\u017edodenn\u00edm komfortem. Pro distributory a prodejce jsou produkty Vozol zn\u00e1m\u00e9 svou stabiln\u00ed kvalitou, silnou zna\u010dkou a opakovanou popt\u00e1vkou.<br data-start=\"1235\" data-end=\"1238\" \/><strong data-start=\"1238\" data-end=\"1251\">Objednejte nyn\u00ed<\/strong> a zajist\u011bte si dlouhotrvaj\u00edc\u00ed, vybavenou displejem jednor\u00e1zovou vape, kter\u00e1 spl\u0148uje dne\u0161n\u00ed tr\u017en\u00ed o\u010dek\u00e1v\u00e1n\u00ed.<\/p>\n<p><strong><span style=\"color: #ff0000;\">P\u0159idejte si Amy na WhatsApp pro rychlou odpov\u011b\u010f a kup\u00f3n na vapky!<\/span><\/strong><\/p>\n<p><img fetchpriority=\"high\" decoding=\"async\" class=\"size-full wp-image-2932\" src=\"https:\/\/vapestornado.com\/wp-content\/uploads\/2024\/12\/Vape-Wholesale.jpg\" alt=\"Velkoobchod s vape\" width=\"229\" height=\"300\" \/><\/p>\n<h3><a href=\"https:\/\/wa.me\/8617776015835\" target=\"_blank\" rel=\"noopener\"><span style=\"color: #ff0000;\"><strong>WhatsApp: +86 17776015835<\/strong><\/span><\/a><\/h3>\n<p>&nbsp;<\/p>\n<h2><strong>Vozol Neon 45000 Puffs Funkce produktu<\/strong><\/h2>\n<ul data-start=\"1939\" data-end=\"2435\">\n<li data-start=\"1939\" data-end=\"2042\">\n<p data-start=\"1941\" data-end=\"2042\"><strong data-start=\"1941\" data-end=\"1966\">Kapacita 45 000 potah\u016f:<\/strong> Navr\u017eeno pro dlouhodob\u00e9 pou\u017eit\u00ed, sni\u017euje n\u00e1klady na v\u00fdm\u011bnu pro \u010dast\u00e9 vapery.<\/p>\n<\/li>\n<li data-start=\"2043\" data-end=\"2145\">\n<p data-start=\"2045\" data-end=\"2145\"><strong data-start=\"2045\" data-end=\"2078\">Dob\u00edjec\u00ed baterie 1000mAh:<\/strong> Rychl\u00e9 nab\u00edjen\u00ed Type-C zaji\u0161\u0165uje pln\u00e9 vyu\u017eit\u00ed v\u0161ech p\u0159edpln\u011bn\u00fdch e-liquid\u016f.<\/p>\n<\/li>\n<li data-start=\"2146\" data-end=\"2238\">\n<p data-start=\"2148\" data-end=\"2238\"><strong data-start=\"2148\" data-end=\"2173\">Chytr\u00fd displej:<\/strong> Jasn\u011b ukazuje \u00farove\u0148 baterie a oleje pro lep\u0161\u00ed kontrolu pou\u017e\u00edv\u00e1n\u00ed.<\/p>\n<\/li>\n<li data-start=\"2239\" data-end=\"2337\">\n<p data-start=\"2241\" data-end=\"2337\"><strong data-start=\"2241\" data-end=\"2266\">Nastaviteln\u00e1 \u00farove\u0148 ledu:<\/strong> Umo\u017e\u0148uje u\u017eivatel\u016fm p\u0159izp\u016fsobit s\u00edlu chlazen\u00ed bez zm\u011bny za\u0159\u00edzen\u00ed.<\/p>\n<\/li>\n<li data-start=\"2338\" data-end=\"2435\">\n<p data-start=\"2340\" data-end=\"2435\"><strong data-start=\"2340\" data-end=\"2365\">Technologie mesh spir\u00e1lky:<\/strong> Zaji\u0161\u0165uje rovnom\u011brn\u00e9 vyt\u00e1p\u011bn\u00ed, hladk\u00fd vaporizace a konzistentn\u00ed v\u00fdstup chuti.<\/p>\n<\/li>\n<\/ul>\n<figure id=\"attachment_4816\" aria-describedby=\"caption-attachment-4816\" style=\"width: 284px\" class=\"wp-caption alignnone\"><img decoding=\"async\" class=\"size-medium wp-image-4816\" src=\"https:\/\/vapestornado.com\/wp-content\/uploads\/2026\/01\/Vozol-45K-45000-Puff-Disposable-Vape-Pod-Wholesale-1-284x300.webp\" alt=\"Vozol 45K 45000 Puf\u016f Jednor\u00e1zov\u00fd Vape Pod Velkoobchod\" width=\"284\" height=\"300\" srcset=\"https:\/\/vapestornado.com\/wp-content\/uploads\/2026\/01\/Vozol-45K-45000-Puff-Disposable-Vape-Pod-Wholesale-1-284x300.webp 284w, https:\/\/vapestornado.com\/wp-content\/uploads\/2026\/01\/Vozol-45K-45000-Puff-Disposable-Vape-Pod-Wholesale-1-971x1024.webp 971w, https:\/\/vapestornado.com\/wp-content\/uploads\/2026\/01\/Vozol-45K-45000-Puff-Disposable-Vape-Pod-Wholesale-1-768x810.webp 768w, https:\/\/vapestornado.com\/wp-content\/uploads\/2026\/01\/Vozol-45K-45000-Puff-Disposable-Vape-Pod-Wholesale-1-1456x1536.webp 1456w, https:\/\/vapestornado.com\/wp-content\/uploads\/2026\/01\/Vozol-45K-45000-Puff-Disposable-Vape-Pod-Wholesale-1-11x12.webp 11w, https:\/\/vapestornado.com\/wp-content\/uploads\/2026\/01\/Vozol-45K-45000-Puff-Disposable-Vape-Pod-Wholesale-1-600x633.webp 600w, https:\/\/vapestornado.com\/wp-content\/uploads\/2026\/01\/Vozol-45K-45000-Puff-Disposable-Vape-Pod-Wholesale-1.webp 1500w\" sizes=\"(max-width: 284px) 100vw, 284px\" \/><figcaption id=\"caption-attachment-4816\" class=\"wp-caption-text\">Vozol 45K 45000 Puf\u016f Jednor\u00e1zov\u00fd Vape Pod Velkoobchod<\/figcaption><\/figure>\n<div><\/div>\n<h2 class=\"product-title\"><strong>Vozol Neon 45000 Puf\u016f Seznam P\u0159\u00edchut\u00ed<\/strong><\/h2>\n<p>1. Jahodov\u00e1 t\u0159e\u0161e\u0148 Limeta<br \/>\n2. bobkov\u00e1 m\u00e1ta<br \/>\n3. Modr\u00e1 malina led<br \/>\n4.Bor\u016fvkov\u00fd meloun<br \/>\n5. T\u0159e\u0161\u0148ov\u00e1 Cola<br \/>\n6. t\u0159e\u0161\u0148ov\u00e1 strazz<br \/>\n7. Brusinkov\u00fd led<br \/>\n8. Drakovo ovoce Ban\u00e1n T\u0159e\u0161e\u0148<br \/>\n9. Mra\u017een\u00e9 jahody<br \/>\n10. Hroznov\u00fd led<br \/>\n11. Havajsk\u00fd ananasov\u00fd r\u00e1j<br \/>\n12. L\u00e1ska 777<br \/>\n13. Li\u010di Pomaran\u010d Passion Fruit<br \/>\n14. panna<br \/>\n15, Mango Ice<br \/>\n16, Miami Mint<br \/>\n17, Sm\u00ed\u0161en\u00e9 bobule<br \/>\n18, Broskvov\u00fd Ice<br \/>\n19, Kysel\u00e9 jablko Ice<br \/>\n20, Kysel\u00fd mango ananas<br \/>\n21, Jahodov\u00fd ban\u00e1n<br \/>\n22, jahodov\u00e1 margarita<br \/>\n23, vzbull<br \/>\n24, Meloun Ice<br \/>\n25, Meloun Razz Rancher<br \/>\n26, Kysl\u00fd meloun s broskv\u00ed<\/p>\n<div class=\"flex-shrink-0 flex flex-col relative items-end\">\n<div class=\"pt-0\">\n<div class=\"gizmo-bot-avatar flex h-8 w-8 items-center justify-center overflow-hidden rounded-full\">\n<div class=\"relative p-1 rounded-sm flex items-center justify-center bg-token-main-surface-primary text-token-text-primary h-8 w-8\">\n<h2 data-start=\"1200\" data-end=\"1487\">Vapes Tornado \u2013 V\u00e1\u0161 velkoobchodn\u00ed online obchod s vaporiz\u00e9ry pro obl\u00edben\u00e9 vaporiz\u00e9ry<\/h2>\n<p data-start=\"72\" data-end=\"396\"><strong data-start=\"72\" data-end=\"89\">Vapes Tornado<\/strong> je velkoobchodn\u00ed online obchod s vaporiz\u00e9ry zam\u011b\u0159en\u00fd na Evropu, dod\u00e1vaj\u00edc\u00ed pe\u010dliv\u011b vybranou \u0159adu <strong data-start=\"178\" data-end=\"195\">obl\u00edben\u00fdch vaporiz\u00e9r\u016f<\/strong> pro profesion\u00e1ln\u00ed kupce. Spolupracujeme s maloobchodn\u00edky, distributory a online obchody po cel\u00e9 EU, kte\u0159\u00ed pot\u0159ebuj\u00ed stabiln\u00ed dod\u00e1vky, jasn\u00e9 informace o produktech a zna\u010dky, kter\u00e9 z\u00e1kazn\u00edci ji\u017e znaj\u00ed a d\u016fv\u011b\u0159uj\u00ed jim.<\/p>\n<p data-start=\"398\" data-end=\"687\">Spolupracujeme s d\u016fv\u011bryhodn\u00fdmi zna\u010dkami, jako jsou <strong data-start=\"247\" data-end=\"352\">Elf Bar Vape, WASPE Vape, <a href=\"https:\/\/vapestornado.com\/cs\/product\/uzy-150k-puffs-6-in-1-flavor-switch-disposable-vape-pen-wholesale\/\">UZY Vape<\/a>, Bang Vape, Razz Bar Vape, <a href=\"https:\/\/vapestornado.com\/cs\/product\/randm-12000-puffs-fumot-digital-disposable-vape-wholesale-price\/\">Fumot VAPE<\/a>, <a href=\"https:\/\/vapestornado.com\/cs\/product\/original-wga-ultra-35k-35000-puff-rechargeable-crystal-disposable-nicotine-vape-best-discount-price\/\">WGA VAPE<\/a>, <a href=\"https:\/\/vapestornado.com\/cs\/product\/vozol-gear-shisha-25k-25000-puffs-best-dtl-disposable-vape-hookah-cheap-price\/\">VOZOL BAR VAPE<\/a>,\u00a0a Stag Bar Vape<\/strong>, vybran\u00e9 pro konzistentn\u00ed kvalitu a silnou popt\u00e1vku na evropsk\u00e9m trhu.<\/p>\n<h4 data-start=\"1080\" data-end=\"1120\">Vytvo\u0159eno pro velkoobchodn\u00edky v \u010cesk\u00e9 republice<\/h4>\n<p data-start=\"1121\" data-end=\"1189\">Vapes Tornado je strukturov\u00e1no kolem skute\u010dn\u00fdch pot\u0159eb velkoobchodn\u00edk\u016f v EU:<\/p>\n<ul data-start=\"1190\" data-end=\"1400\">\n<li data-start=\"1190\" data-end=\"1239\">\n<p data-start=\"1192\" data-end=\"1239\">Konkurenceschopn\u00e9 velkoobchodn\u00ed ceny pro velk\u00e9 objedn\u00e1vky<\/p>\n<\/li>\n<li data-start=\"1240\" data-end=\"1289\">\n<p data-start=\"1242\" data-end=\"1289\">P\u0159ehledn\u00e9 popisy produkt\u016f a specifikace<\/p>\n<\/li>\n<li data-start=\"1290\" data-end=\"1330\">\n<p data-start=\"1292\" data-end=\"1330\">Rychl\u00e1, spolehliv\u00e1 logistika orientovan\u00e1 na EU<\/p>\n<\/li>\n<li data-start=\"1331\" data-end=\"1400\">\n<p data-start=\"1333\" data-end=\"1400\">Katalog zam\u011b\u0159en\u00fd na <strong data-start=\"1356\" data-end=\"1373\">obl\u00edben\u00fdch vaporiz\u00e9r\u016f<\/strong>, ne na p\u0159et\u00ed\u017een\u00e9 SKU<\/p>\n<\/li>\n<\/ul>\n<h2 data-start=\"2064\" data-end=\"2115\">\u010casto kladen\u00e9 ot\u00e1zky o Vozol Neon 45000 Puffs Jednor\u00e1zov\u00e9m vaporiz\u00e9ru<\/h2>\n<p data-start=\"2720\" data-end=\"2871\"><strong data-start=\"2720\" data-end=\"2767\">Je tento Neon 45000 origin\u00e1ln\u00ed v\u00fdrobek Vozol?<\/strong><br data-start=\"2767\" data-end=\"2770\" \/>Ano, Vozol Neon 45000 Puffs je autentick\u00fd vaporiz\u00e9r Vozol s ofici\u00e1ln\u00ed zna\u010dkou a specifikacemi.<\/p>\n<p data-start=\"2873\" data-end=\"3008\"><strong data-start=\"2873\" data-end=\"2915\">Jak dlouho vydr\u017e\u00ed Vozol Neon 45K?<\/strong><br data-start=\"2915\" data-end=\"2918\" \/>Pou\u017eit\u00ed z\u00e1vis\u00ed na zvyklostech, ale kapacita 45 000 pot\u00e1hnut\u00ed je navr\u017eena pro dlouhodob\u00e9 denn\u00ed pou\u017eit\u00ed.<\/p>\n<p data-start=\"3010\" data-end=\"3133\"><strong data-start=\"3010\" data-end=\"3048\">Mohu dob\u00edjet Vozol Neon 45000?<\/strong><br data-start=\"3048\" data-end=\"3051\" \/>Ano, m\u00e1 dob\u00edjec\u00ed baterii typu C, kter\u00e1 pln\u011b spot\u0159ebuje 20 ml e-liquidu.<\/p>\n<p data-start=\"3135\" data-end=\"3256\"><strong data-start=\"3135\" data-end=\"3174\">Jakou s\u00edlu nikotinu pou\u017e\u00edv\u00e1?<\/strong><br data-start=\"3174\" data-end=\"3177\" \/>Tento model m\u00e1 s\u00edlu nikotinu 2% (20 mg\/ml) pro vyv\u00e1\u017eenou spokojenost.<\/p>\n<p data-start=\"3258\" data-end=\"3368\"><strong data-start=\"3258\" data-end=\"3298\">Jak pozn\u00e1m, kdy doch\u00e1z\u00ed?<\/strong><br data-start=\"3298\" data-end=\"3301\" \/>Vestav\u011bn\u00e1 obrazovka zobrazuje aktu\u00e1ln\u00ed \u00farove\u0148 baterie a e-liquidu.<\/p>\n<\/div>\n<\/div>\n<\/div>\n<\/div>","protected":false},"excerpt":{"rendered":"<div class=\"flex max-w-full flex-col grow\">\n<div class=\"min-h-8 text-message relative flex w-full flex-col items-end gap-2 text-start break-words whitespace-normal [.text-message+&amp;]:mt-1\" dir=\"auto\" data-message-author-role=\"assistant\" data-message-id=\"2a9d6edf-5b3a-41c0-afc9-caef2e4c2c3b\" data-message-model-slug=\"gpt-5-2\">\n<div class=\"flex w-full flex-col gap-1 empty:hidden first:pt-[1px]\">\n<div class=\"markdown prose dark:prose-invert w-full break-words light markdown-new-styling\">\n<p data-start=\"3612\" data-end=\"3673\">Jednor\u00e1zov\u00e1 vape pod Vozol Neon 45000 Puffs je navr\u017eena pro u\u017eivatele, kte\u0159\u00ed po\u017eaduj\u00ed dlouhou v\u00fddr\u017e a stabiln\u00ed v\u00fdstup chuti. S v\u00fdkonnou dob\u00edjec\u00ed bateri\u00ed, chytr\u00fdm displejem a nastavitelnou ledovou \u00farovn\u00ed poskytuje kontrolovan\u00e9, plynul\u00e9 vapov\u00e1n\u00ed s konzistentn\u00ed chut\u00ed. D\u00edky technologii m\u0159\u00ed\u017ekov\u00fdch c\u00edvek Vozol nab\u00edz\u00ed spolehlivou kvalitu v elegantn\u00edm, pr\u00e9miov\u00e9m form\u00e1tu jednor\u00e1zov\u00e9 vaporizace.<\/p>\n<\/div>\n<\/div>\n<\/div>\n<\/div>\n<p><strong>P\u0159idejte si Amy na Whatsapp, abyste z\u00edskali spr\u00e1vnou odpov\u011b\u010f a slevu!<\/strong><\/p>\n<p><img fetchpriority=\"high\" decoding=\"async\" class=\"size-full wp-image-2932\" src=\"https:\/\/vapestornado.com\/wp-content\/uploads\/2024\/12\/Vape-Wholesale.jpg\" alt=\"Velkoobchod s vape\" width=\"229\" height=\"300\" \/><\/p>\n<h3><a href=\"https:\/\/wa.me\/8617776015835\"><span style=\"color: #ff0000;\"><strong>WhatsApp: +86 17776015835<\/strong><\/span><\/a><\/h3>","protected":false},"featured_media":4820,"comment_status":"open","ping_status":"closed","template":"","meta":{"_acf_changed":false,"_uag_custom_page_level_css":"","_lmt_disableupdate":"no","_lmt_disable":"","_monsterinsights_skip_tracking":false,"_monsterinsights_sitenote_active":false,"_monsterinsights_sitenote_note":"","_monsterinsights_sitenote_category":0,"site-sidebar-layout":"default","site-content-layout":"","ast-site-content-layout":"default","site-content-style":"default","site-sidebar-style":"default","ast-global-header-display":"","ast-banner-title-visibility":"","ast-main-header-display":"","ast-hfb-above-header-display":"","ast-hfb-below-header-display":"","ast-hfb-mobile-header-display":"","site-post-title":"","ast-breadcrumbs-content":"","ast-featured-img":"","footer-sml-layout":"","ast-disable-related-posts":"","theme-transparent-header-meta":"default","adv-header-id-meta":"","stick-header-meta":"","header-above-stick-meta":"","header-main-stick-meta":"","header-below-stick-meta":"","astra-migrate-meta-layouts":"set","ast-page-background-enabled":"default","ast-page-background-meta":{"desktop":{"background-color":"","background-image":"","background-repeat":"repeat","background-position":"center center","background-size":"auto","background-attachment":"scroll","background-type":"","background-media":"","overlay-type":"","overlay-color":"","overlay-opacity":"","overlay-gradient":""},"tablet":{"background-color":"","background-image":"","background-repeat":"repeat","background-position":"center center","background-size":"auto","background-attachment":"scroll","background-type":"","background-media":"","overlay-type":"","overlay-color":"","overlay-opacity":"","overlay-gradient":""},"mobile":{"background-color":"","background-image":"","background-repeat":"repeat","background-position":"center center","background-size":"auto","background-attachment":"scroll","background-type":"","background-media":"","overlay-type":"","overlay-color":"","overlay-opacity":"","overlay-gradient":""}},"ast-content-background-meta":{"desktop":{"background-color":"var(--ast-global-color-5)","background-image":"","background-repeat":"repeat","background-position":"center center","background-size":"auto","background-attachment":"scroll","background-type":"","background-media":"","overlay-type":"","overlay-color":"","overlay-opacity":"","overlay-gradient":""},"tablet":{"background-color":"var(--ast-global-color-5)","background-image":"","background-repeat":"repeat","background-position":"center center","background-size":"auto","background-attachment":"scroll","background-type":"","background-media":"","overlay-type":"","overlay-color":"","overlay-opacity":"","overlay-gradient":""},"mobile":{"background-color":"var(--ast-global-color-5)","background-image":"","background-repeat":"repeat","background-position":"center center","background-size":"auto","background-attachment":"scroll","background-type":"","background-media":"","overlay-type":"","overlay-color":"","overlay-opacity":"","overlay-gradient":""}},"_joinchat":[]},"product_brand":[],"product_cat":[265,149,150,151,152,153,143,492,146,57],"product_tag":[554,555,550,556,549,513,93,269,552,553,220],"class_list":{"0":"post-4822","1":"product","2":"type-product","3":"status-publish","4":"has-post-thumbnail","6":"product_cat-45000-puff","7":"product_cat-buy-disposable-vapes-in-austria","8":"product_cat-buy-disposable-vapes-in-belgium","9":"product_cat-buy-disposable-vapes-in-france","10":"product_cat-buy-disposable-vapes-in-cermany","11":"product_cat-buy-disposable-vapes-in-italy","12":"product_cat-dual-mesh-disposable-vapes","13":"product_cat-eu-warehouse","14":"product_cat-rechargeable-disposable-vapes","15":"product_cat-vozol-vape","16":"product_tag-adjustable-ice-disposable-vape","17":"product_tag-disposable-vape-pod","18":"product_tag-disposable-vape-with-screen","19":"product_tag-high-quanlity-disposable-vape","20":"product_tag-vape-cheap-price","21":"product_tag-vape-discount-price","22":"product_tag-vape-wholesale","23":"product_tag-vape-with-screen","24":"product_tag-vozol-neon-45000-puffs","25":"product_tag-vozol-neon-45k","26":"product_tag-vozol-vape","27":"desktop-align-left","28":"tablet-align-left","29":"mobile-align-left","31":"first","32":"instock","33":"sale","34":"shipping-taxable","35":"purchasable","36":"product-type-simple"},"acf":[],"uagb_featured_image_src":{"full":["https:\/\/vapestornado.com\/wp-content\/uploads\/2026\/01\/Vozol-45000-Puff-Disposable-Vape-Box-Wholesale.webp",800,800,false],"thumbnail":["https:\/\/vapestornado.com\/wp-content\/uploads\/2026\/01\/Vozol-45000-Puff-Disposable-Vape-Box-Wholesale-150x150.webp",150,150,true],"medium":["https:\/\/vapestornado.com\/wp-content\/uploads\/2026\/01\/Vozol-45000-Puff-Disposable-Vape-Box-Wholesale-300x300.webp",300,300,true],"medium_large":["https:\/\/vapestornado.com\/wp-content\/uploads\/2026\/01\/Vozol-45000-Puff-Disposable-Vape-Box-Wholesale-768x768.webp",768,768,true],"large":["https:\/\/vapestornado.com\/wp-content\/uploads\/2026\/01\/Vozol-45000-Puff-Disposable-Vape-Box-Wholesale.webp",800,800,false],"1536x1536":["https:\/\/vapestornado.com\/wp-content\/uploads\/2026\/01\/Vozol-45000-Puff-Disposable-Vape-Box-Wholesale.webp",800,800,false],"2048x2048":["https:\/\/vapestornado.com\/wp-content\/uploads\/2026\/01\/Vozol-45000-Puff-Disposable-Vape-Box-Wholesale.webp",800,800,false],"trp-custom-language-flag":["https:\/\/vapestornado.com\/wp-content\/uploads\/2026\/01\/Vozol-45000-Puff-Disposable-Vape-Box-Wholesale-12x12.webp",12,12,true],"woocommerce_thumbnail":["https:\/\/vapestornado.com\/wp-content\/uploads\/2026\/01\/Vozol-45000-Puff-Disposable-Vape-Box-Wholesale-300x300.webp",300,300,true],"woocommerce_single":["https:\/\/vapestornado.com\/wp-content\/uploads\/2026\/01\/Vozol-45000-Puff-Disposable-Vape-Box-Wholesale-600x600.webp",600,600,true],"woocommerce_gallery_thumbnail":["https:\/\/vapestornado.com\/wp-content\/uploads\/2026\/01\/Vozol-45000-Puff-Disposable-Vape-Box-Wholesale-100x100.webp",100,100,true]},"uagb_author_info":{"display_name":"ESAMY","author_link":"https:\/\/vapestornado.com\/cs\/author\/"},"uagb_comment_info":0,"uagb_excerpt":"The Vozol Neon 45000 Puffs disposable vape pod is built for users who demand long-lasting performance and stable flavour output. With a powerful rechargeable battery, smart screen display, and adjustable ice level, it delivers controlled, smooth vaping with consistent taste. Designed with Vozol mesh coil technology, it offers reliable quality in a sleek, high-end disposable&hellip;","_links":{"self":[{"href":"https:\/\/vapestornado.com\/cs\/wp-json\/wp\/v2\/product\/4822","targetHints":{"allow":["GET"]}}],"collection":[{"href":"https:\/\/vapestornado.com\/cs\/wp-json\/wp\/v2\/product"}],"about":[{"href":"https:\/\/vapestornado.com\/cs\/wp-json\/wp\/v2\/types\/product"}],"replies":[{"embeddable":true,"href":"https:\/\/vapestornado.com\/cs\/wp-json\/wp\/v2\/comments?post=4822"}],"wp:featuredmedia":[{"embeddable":true,"href":"https:\/\/vapestornado.com\/cs\/wp-json\/wp\/v2\/media\/4820"}],"wp:attachment":[{"href":"https:\/\/vapestornado.com\/cs\/wp-json\/wp\/v2\/media?parent=4822"}],"wp:term":[{"taxonomy":"product_brand","embeddable":true,"href":"https:\/\/vapestornado.com\/cs\/wp-json\/wp\/v2\/product_brand?post=4822"},{"taxonomy":"product_cat","embeddable":true,"href":"https:\/\/vapestornado.com\/cs\/wp-json\/wp\/v2\/product_cat?post=4822"},{"taxonomy":"product_tag","embeddable":true,"href":"https:\/\/vapestornado.com\/cs\/wp-json\/wp\/v2\/product_tag?post=4822"}],"curies":[{"name":"wp","href":"https:\/\/api.w.org\/{rel}","templated":true}]}}