{"id":4803,"date":"2026-01-14T07:52:29","date_gmt":"2026-01-14T07:52:29","guid":{"rendered":"https:\/\/vapestornado.com\/?post_type=product&#038;p=4803"},"modified":"2026-01-14T07:59:53","modified_gmt":"2026-01-14T07:59:53","slug":"runchunfu-200k-puffs-3-flavor-disposable-vape-wholesale-2-nic","status":"publish","type":"product","link":"https:\/\/vapestornado.com\/cs\/product\/runchunfu-200k-puffs-3-flavor-disposable-vape-wholesale-2-nic\/","title":{"rendered":"RUNCHUNFU 200k Puf\u016f Velkoobchod Jednor\u00e1zov\u00e9 Vaporiz\u00e9ry 3 P\u0159\u00edchut\u011b 2% Nic"},"content":{"rendered":"<h1 data-start=\"0\" data-end=\"87\">RUNCHUNFU 200k Puf\u016f Velkoobchod Jednor\u00e1zov\u00e9 Vaporiz\u00e9ry 3 P\u0159\u00edchut\u011b 2% Nic<\/h1>\n<p data-start=\"102\" data-end=\"545\">Ten <strong data-start=\"106\" data-end=\"130\">RUNCHUNFU 200k Puf\u016f<\/strong> je ur\u010den pro velkoobchodn\u00edky, kte\u0159\u00ed pot\u0159ebuj\u00ed <strong data-start=\"167\" data-end=\"184\">velk\u00fd puf vape<\/strong> s v\u00fdrazn\u00fdm vzhledem na polici a dlouhodobou spolehlivost\u00ed. Navr\u017een jako <strong data-start=\"251\" data-end=\"279\">Jednor\u00e1zov\u00fd Vaporiz\u00e9r s 3 P\u0159\u00edchut\u011bmi<\/strong>, umo\u017e\u0148uje u\u017eivatel\u016fm p\u0159ep\u00ednat mezi t\u0159emi p\u0159\u00edchut\u011bmi v jednom za\u0159\u00edzen\u00ed, co\u017e p\u0159in\u00e1\u0161\u00ed v\u011bt\u0161\u00ed rozmanitost a sni\u017euje tlak na skladov\u00e9 z\u00e1soby pro prodejce. Tento <strong data-start=\"418\" data-end=\"444\">p\u0159izp\u016fsobiteln\u00fd p\u0159\u00edchut\u011b vaporiz\u00e9r<\/strong> form\u00e1t je osv\u011bd\u010den\u00fd pro zv\u00fd\u0161en\u00ed opakovan\u00fdch n\u00e1kup\u016f a spokojenosti z\u00e1kazn\u00edk\u016f na trhu jednor\u00e1zov\u00fdch vaporiz\u00e9r\u016f v EU.<\/p>\n<p data-start=\"547\" data-end=\"889\">S masivn\u00ed <strong data-start=\"562\" data-end=\"585\">Hodnocen\u00ed 200 000 puf\u016f<\/strong>, s <strong data-start=\"589\" data-end=\"615\">Kapacita e-liquidu 58 ml<\/strong>a <strong data-start=\"623\" data-end=\"646\">Dvojit\u00e1 s\u00ed\u0165ov\u00e1 c\u00edvka 0,8\u03a9<\/strong>, <strong data-start=\"652\" data-end=\"676\">RUNCHUNFU 200k Puf\u016f<\/strong> zaji\u0161\u0165uje jemn\u00fd vapor a stabiln\u00ed chu\u0165 od prvn\u00edho potahu a\u017e po posledn\u00ed. Nap\u00e1jeno <strong data-start=\"763\" data-end=\"817\">dob\u00edjec\u00ed bateri\u00ed typu C s kapacitou 650mAh, kter\u00e1 je ur\u010dena pro jednor\u00e1zov\u00e9 vaporiz\u00e9ry<\/strong>, udr\u017euje konzistentn\u00ed v\u00fdkon a z\u00e1rove\u0148 umo\u017e\u0148uje jednoduch\u00e9 a rychl\u00e9 nab\u00edjen\u00ed.<\/p>\n<p data-start=\"891\" data-end=\"1195\">Jasn\u00fd <strong data-start=\"899\" data-end=\"913\">LED displej<\/strong> zobrazuje oboj\u00ed <strong data-start=\"925\" data-end=\"962\">\u00farove\u0148 baterie a stav e-liquidu<\/strong>, sni\u017euje po\u010det vr\u00e1cen\u00fdch za\u0159\u00edzen\u00ed a zvy\u0161uje d\u016fv\u011bru u\u017eivatel\u016f. Dostupn\u00e9 v <strong data-start=\"1032\" data-end=\"1042\">2% nic<\/strong> a dal\u0161\u00edmi p\u0159ednostmi, toto za\u0159\u00edzen\u00ed vyhovuje jak lehk\u00fdm, tak b\u011b\u017en\u00fdm u\u017eivatel\u016fm, co\u017e ho \u010din\u00ed ide\u00e1ln\u00edm pro <strong data-start=\"1131\" data-end=\"1149\">Velkoobchod s vape<\/strong> kupuj\u00edc\u00ed c\u00edlen\u00e9 na r\u016fzn\u00e9 z\u00e1kaznick\u00e9 segmenty.<\/p>\n<p data-start=\"1197\" data-end=\"1397\">Pokud hled\u00e1te <strong data-start=\"1222\" data-end=\"1245\">vape slevov\u00e1 cena<\/strong> produkt, kter\u00fd st\u00e1le nab\u00edz\u00ed \u0161pi\u010dkov\u00fd v\u00fdkon a ultra vysokou kapacitu pot\u00e1hnut\u00ed, <strong data-start=\"1326\" data-end=\"1350\">RUNCHUNFU 200k Puf\u016f<\/strong> je chytrou volbou pro jak\u00fdkoli velkoobchodn\u00ed sortiment v \u010cR.<\/p>\n<p><strong><span style=\"color: #ff0000;\">P\u0159idejte si Amy na WhatsApp pro rychlou odpov\u011b\u010f a kup\u00f3n na vapky!<\/span><\/strong><\/p>\n<p><img fetchpriority=\"high\" decoding=\"async\" class=\"size-full wp-image-2932\" src=\"https:\/\/vapestornado.com\/wp-content\/uploads\/2024\/12\/Vape-Wholesale.jpg\" alt=\"Velkoobchod s vape\" width=\"229\" height=\"300\" \/><\/p>\n<h3><a href=\"https:\/\/wa.me\/8617776015835\" target=\"_blank\" rel=\"noopener\"><span style=\"color: #ff0000;\"><strong>WhatsApp: +86 17776015835<\/strong><\/span><\/a><\/h3>\n<p>&nbsp;<\/p>\n<h2><strong>RUNCHUNFU 200k Pot\u00e1hnut\u00ed Funkce produktu<\/strong><\/h2>\n<ul>\n<li data-start=\"1453\" data-end=\"1538\">\n<p data-start=\"1455\" data-end=\"1538\"><strong data-start=\"1455\" data-end=\"1472\">200 000 pot\u00e1hnut\u00ed<\/strong> \u2013 Navr\u017eeno pro ultra dlouh\u00e9 pou\u017e\u00edv\u00e1n\u00ed s m\u00e9n\u011b v\u00fdm\u011bnami za\u0159\u00edzen\u00ed.<\/p>\n<\/li>\n<li data-start=\"1539\" data-end=\"1631\">\n<p data-start=\"1541\" data-end=\"1631\"><strong data-start=\"1541\" data-end=\"1558\">58ml E-Liquid<\/strong> \u2013 Velk\u00e1 kapacita oleje podporuje konzistentn\u00ed chu\u0165 po dlouhou dobu.<\/p>\n<\/li>\n<li data-start=\"1632\" data-end=\"1715\">\n<p data-start=\"1634\" data-end=\"1715\"><strong data-start=\"1634\" data-end=\"1657\">0.8\u03a9 Dvojit\u00e1 s\u00ed\u0165ov\u00e1 c\u00edvka<\/strong> \u2013 Poskytuje jemn\u00fd par a stabiln\u00ed chu\u0165 p\u0159i ka\u017ed\u00e9m pot\u00e1hnut\u00ed.<\/p>\n<\/li>\n<li data-start=\"1716\" data-end=\"1804\">\n<p data-start=\"1718\" data-end=\"1804\"><strong data-start=\"1718\" data-end=\"1740\">3 mo\u017enosti p\u0159ep\u00edn\u00e1n\u00ed p\u0159\u00edchut\u00ed<\/strong> \u2013 Umo\u017e\u0148uje u\u017eivatel\u016fm p\u0159ep\u00ednat mezi t\u0159emi p\u0159\u00edchut\u011bmi v jednom za\u0159\u00edzen\u00ed.<\/p>\n<\/li>\n<li data-start=\"1805\" data-end=\"1891\">\n<p data-start=\"1807\" data-end=\"1891\"><strong data-start=\"1807\" data-end=\"1825\">650mAh Baterie<\/strong> \u2013 Zaji\u0161\u0165uje spolehliv\u00fd v\u00fdkon po celou dobu \u017eivotnosti za\u0159\u00edzen\u00ed.<\/p>\n<\/li>\n<li data-start=\"1892\" data-end=\"1972\">\n<p data-start=\"1894\" data-end=\"1972\"><strong data-start=\"1894\" data-end=\"1913\">Type-C nab\u00edjen\u00ed<\/strong> \u2013 Umo\u017e\u0148uje rychl\u00e9, modern\u00ed dob\u00edjen\u00ed pro ka\u017edodenn\u00ed pohodl\u00ed.<\/p>\n<\/li>\n<li data-start=\"1973\" data-end=\"2037\">\n<p data-start=\"1975\" data-end=\"2037\"><strong data-start=\"1975\" data-end=\"1990\">LED displej<\/strong> \u2013 Jasn\u011b ukazuje \u00farove\u0148 baterie a e-liquidu.<\/p>\n<\/li>\n<li data-start=\"2038\" data-end=\"2125\">\n<p data-start=\"2040\" data-end=\"2125\"><strong data-start=\"2040\" data-end=\"2068\">Nastaviteln\u00fd syst\u00e9m p\u0159\u00edchut\u00ed<\/strong> \u2013 Zvy\u0161uje kontrolu u\u017eivatele a potenci\u00e1l opakovan\u00e9ho n\u00e1kupu.<\/p>\n<\/li>\n<\/ul>\n<div class=\"mceTemp\"><\/div>\n<div>\n<div class=\"mceTemp\"><\/div>\n<figure id=\"attachment_4798\" aria-describedby=\"caption-attachment-4798\" style=\"width: 300px\" class=\"wp-caption alignnone\"><img decoding=\"async\" class=\"size-medium wp-image-4798\" src=\"https:\/\/vapestornado.com\/wp-content\/uploads\/2026\/01\/Runchunfu-200K-Puffs-3-in-1-Vape-Disposable-300x300.webp\" alt=\"Runchunfu 200K pot\u00e1\u010den\u00ed, 3 v 1 elektronick\u00e1 cigareta na jedno pou\u017eit\u00ed\" width=\"300\" height=\"300\" srcset=\"https:\/\/vapestornado.com\/wp-content\/uploads\/2026\/01\/Runchunfu-200K-Puffs-3-in-1-Vape-Disposable-300x300.webp 300w, https:\/\/vapestornado.com\/wp-content\/uploads\/2026\/01\/Runchunfu-200K-Puffs-3-in-1-Vape-Disposable-150x150.webp 150w, https:\/\/vapestornado.com\/wp-content\/uploads\/2026\/01\/Runchunfu-200K-Puffs-3-in-1-Vape-Disposable-768x768.webp 768w, https:\/\/vapestornado.com\/wp-content\/uploads\/2026\/01\/Runchunfu-200K-Puffs-3-in-1-Vape-Disposable-12x12.webp 12w, https:\/\/vapestornado.com\/wp-content\/uploads\/2026\/01\/Runchunfu-200K-Puffs-3-in-1-Vape-Disposable-600x600.webp 600w, https:\/\/vapestornado.com\/wp-content\/uploads\/2026\/01\/Runchunfu-200K-Puffs-3-in-1-Vape-Disposable-100x100.webp 100w, https:\/\/vapestornado.com\/wp-content\/uploads\/2026\/01\/Runchunfu-200K-Puffs-3-in-1-Vape-Disposable.webp 800w\" sizes=\"(max-width: 300px) 100vw, 300px\" \/><figcaption id=\"caption-attachment-4798\" class=\"wp-caption-text\">Runchunfu 200K pot\u00e1\u010den\u00ed, 3 v 1 elektronick\u00e1 cigareta na jedno pou\u017eit\u00ed<\/figcaption><\/figure>\n<\/div>\n<h2 class=\"product-title\"><strong>Seznam p\u0159\u00edchut\u00ed RUNCHUNFU 200k pot\u00e1\u010den\u00ed<\/strong><\/h2>\n<p data-start=\"3215\" data-end=\"3339\">1. Melounov\u00fd led<br \/>\n2. Jahoda, vodn\u00ed meloun &amp; Jahoda, malina, Blue Razz<br \/>\n3. Bor\u016fvkov\u00fd led<br \/>\n4. Jahodov\u00e1 malina t\u0159e\u0161e\u0148<br \/>\n5. Broskvov\u00fd led<br \/>\n6. Red Bull Ice<br \/>\n7. Sm\u00ed\u0161en\u00e9 bobule &amp; m\u00e1ta &amp; duhov\u00e9 bonb\u00f3ny<br \/>\n8. Hroznov\u00e1 ledov\u00e1 &amp; Jahoda &amp; Ananasov\u00e1 ledov\u00e1<br \/>\n9. Jahoda, ban\u00e1n &amp; Ananas, kokosov\u00e1 ledov\u00e1 &amp; Mango ledov\u00e9<br \/>\n10. T\u0159e\u0161\u0148ov\u00e1 kola ledov\u00e1 &amp; Jahodov\u00e1 kola &amp; Cola<\/p>\n<p>&nbsp;<\/p>\n<div class=\"flex-shrink-0 flex flex-col relative items-end\">\n<div class=\"pt-0\">\n<div class=\"gizmo-bot-avatar flex h-8 w-8 items-center justify-center overflow-hidden rounded-full\">\n<div class=\"relative p-1 rounded-sm flex items-center justify-center bg-token-main-surface-primary text-token-text-primary h-8 w-8\">\n<h2 data-start=\"1200\" data-end=\"1487\">Vapes Tornado \u2013 V\u00e1\u0161 velkoobchodn\u00ed online obchod s vaporiz\u00e9ry pro obl\u00edben\u00e9 vaporiz\u00e9ry<\/h2>\n<p data-start=\"72\" data-end=\"396\"><strong data-start=\"72\" data-end=\"89\">Vapes Tornado<\/strong> je velkoobchodn\u00ed online obchod s vaporiz\u00e9ry zam\u011b\u0159en\u00fd na Evropu, dod\u00e1vaj\u00edc\u00ed pe\u010dliv\u011b vybranou \u0159adu <strong data-start=\"178\" data-end=\"195\">obl\u00edben\u00fdch vaporiz\u00e9r\u016f<\/strong> pro profesion\u00e1ln\u00ed kupce. Spolupracujeme s maloobchodn\u00edky, distributory a online obchody po cel\u00e9 EU, kte\u0159\u00ed pot\u0159ebuj\u00ed stabiln\u00ed dod\u00e1vky, jasn\u00e9 informace o produktech a zna\u010dky, kter\u00e9 z\u00e1kazn\u00edci ji\u017e znaj\u00ed a d\u016fv\u011b\u0159uj\u00ed jim.<\/p>\n<p data-start=\"398\" data-end=\"687\">Spolupracujeme s d\u016fv\u011bryhodn\u00fdmi zna\u010dkami, jako jsou <strong data-start=\"247\" data-end=\"352\">Elf Bar Vape, WASPE Vape, <a href=\"https:\/\/vapestornado.com\/cs\/product\/uzy-150k-puffs-6-in-1-flavor-switch-disposable-vape-pen-wholesale\/\">UZY Vape<\/a>, Bang Vape, Razz Bar Vape, <a href=\"https:\/\/vapestornado.com\/cs\/product\/randm-12000-puffs-fumot-digital-disposable-vape-wholesale-price\/\">Fumot VAPE<\/a>, <a href=\"https:\/\/vapestornado.com\/cs\/product\/original-wga-ultra-35k-35000-puff-rechargeable-crystal-disposable-nicotine-vape-best-discount-price\/\">WGA VAPE<\/a>, <a href=\"https:\/\/vapestornado.com\/cs\/product\/vozol-gear-shisha-25k-25000-puffs-best-dtl-disposable-vape-hookah-cheap-price\/\">VOZOL BAR VAPE<\/a>,\u00a0a Stag Bar Vape<\/strong>, vybran\u00e9 pro konzistentn\u00ed kvalitu a silnou popt\u00e1vku na evropsk\u00e9m trhu.<\/p>\n<h4 data-start=\"1080\" data-end=\"1120\">Vytvo\u0159eno pro velkoobchodn\u00edky v \u010cesk\u00e9 republice<\/h4>\n<p data-start=\"1121\" data-end=\"1189\">Vapes Tornado je strukturov\u00e1no kolem skute\u010dn\u00fdch pot\u0159eb velkoobchodn\u00edk\u016f v EU:<\/p>\n<ul data-start=\"1190\" data-end=\"1400\">\n<li data-start=\"1190\" data-end=\"1239\">\n<p data-start=\"1192\" data-end=\"1239\">Konkurenceschopn\u00e9 velkoobchodn\u00ed ceny pro velk\u00e9 objedn\u00e1vky<\/p>\n<\/li>\n<li data-start=\"1240\" data-end=\"1289\">\n<p data-start=\"1242\" data-end=\"1289\">P\u0159ehledn\u00e9 popisy produkt\u016f a specifikace<\/p>\n<\/li>\n<li data-start=\"1290\" data-end=\"1330\">\n<p data-start=\"1292\" data-end=\"1330\">Rychl\u00e1, spolehliv\u00e1 logistika orientovan\u00e1 na EU<\/p>\n<\/li>\n<li data-start=\"1331\" data-end=\"1400\">\n<p data-start=\"1333\" data-end=\"1400\">Katalog zam\u011b\u0159en\u00fd na <strong data-start=\"1356\" data-end=\"1373\">obl\u00edben\u00fdch vaporiz\u00e9r\u016f<\/strong>, ne na p\u0159et\u00ed\u017een\u00e9 SKU<\/p>\n<\/li>\n<\/ul>\n<h2 data-start=\"2064\" data-end=\"2115\">\u010casto kladen\u00e9 ot\u00e1zky o RUNCHUNFU 200k pot\u00e1\u010den\u00ed na jedno pou\u017eit\u00ed<\/h2>\n<p data-start=\"2710\" data-end=\"2843\"><strong data-start=\"2710\" data-end=\"2761\">1. Jak dlouho vydr\u017e\u00ed RUNCHUNFU 200k pot\u00e1\u010den\u00ed?<\/strong><br data-start=\"2761\" data-end=\"2764\" \/>S a\u017e 200 000 pot\u00e1\u010den\u00ed m\u016f\u017ee vydr\u017eet t\u00fddny nebo d\u00e9le v z\u00e1vislosti na zvyklostech u\u017eivatele.<\/p>\n<p data-start=\"2845\" data-end=\"2953\"><strong data-start=\"2845\" data-end=\"2888\">2. Mohou u\u017eivatel\u00e9 m\u011bnit p\u0159\u00edchut\u011b b\u011bhem pou\u017e\u00edv\u00e1n\u00ed?<\/strong><br data-start=\"2888\" data-end=\"2891\" \/>Ano, za\u0159\u00edzen\u00ed podporuje t\u0159i p\u0159ep\u00ednateln\u00e9 p\u0159\u00edchut\u011b v jednom za\u0159\u00edzen\u00ed.<\/p>\n<p data-start=\"2955\" data-end=\"3043\"><strong data-start=\"2955\" data-end=\"2990\">3. Je baterie dob\u00edjec\u00ed?<\/strong><br data-start=\"2990\" data-end=\"2993\" \/>Ano, m\u00e1 baterii o kapacit\u011b 650mAh s nab\u00edjen\u00edm p\u0159es Type-C.<\/p>\n<p data-start=\"3045\" data-end=\"3143\"><strong data-start=\"3045\" data-end=\"3090\">4. Jak\u00e9 s\u00edly nikotinu jsou k dispozici?<\/strong><br data-start=\"3090\" data-end=\"3093\" \/>Je k dispozici v mo\u017enostech nic 0%, 2%, 3% a 5%.<\/p>\n<p data-start=\"3145\" data-end=\"3283\"><strong data-start=\"3145\" data-end=\"3191\">5. Je to vhodn\u00e9 pro velkoobchod s elektronick\u00fdmi cigaretami v \u010cR?<\/strong><br data-start=\"3191\" data-end=\"3194\" \/>Ano, je navr\u017eeno pro <strong data-start=\"3218\" data-end=\"3236\">Velkoobchod s vape<\/strong> s vysok\u00fdm po\u010dtem pot\u00e1\u010den\u00ed a siln\u00fdm maloobchodn\u00edm p\u0159ita\u017een\u00edm.<\/p>\n<\/div>\n<\/div>\n<\/div>\n<\/div>","protected":false},"excerpt":{"rendered":"<div class=\"flex max-w-full flex-col grow\">\n<div class=\"min-h-8 text-message relative flex w-full flex-col items-end gap-2 text-start break-words whitespace-normal [.text-message+&amp;]:mt-1\" dir=\"auto\" data-message-author-role=\"assistant\" data-message-id=\"2a9d6edf-5b3a-41c0-afc9-caef2e4c2c3b\" data-message-model-slug=\"gpt-5-2\">\n<div class=\"flex w-full flex-col gap-1 empty:hidden first:pt-[1px]\">\n<div class=\"markdown prose dark:prose-invert w-full break-words light markdown-new-styling\">\n<p data-start=\"3689\" data-end=\"3768\"><strong data-start=\"3689\" data-end=\"3766\">RUNCHUNFU 200k Puf\u016f Jednor\u00e1zov\u00fd Vaporiz\u00e9r s 3 p\u0159\u00edchut\u011bmi \u2013 Velkoobchodn\u00ed Velk\u00fd Puf Za\u0159\u00edzen\u00ed<\/strong><\/p>\n<p data-start=\"3772\" data-end=\"3847\"><strong data-start=\"3772\" data-end=\"3845\">RUNCHUNFU 200 000 Puf\u016f Dob\u00edjec\u00ed Jednor\u00e1zov\u00fd Vaporiz\u00e9r za Sn\u00ed\u017eenou Cenu<\/strong><\/p>\n<p data-start=\"3851\" data-end=\"3925\" data-is-last-node=\"\"><strong data-start=\"3851\" data-end=\"3925\" data-is-last-node=\"\">P\u0159izp\u016fsobiteln\u00e1 p\u0159\u00edchu\u0165 RUNCHUNFU 200k Vaporiz\u00e9r \u2013 Velkoobchodn\u00ed Dod\u00e1vka pro EU Velkoobchodn\u00edky<\/strong><\/p>\n<\/div>\n<\/div>\n<\/div>\n<\/div>\n<p><strong>P\u0159idejte si Amy na Whatsapp, abyste z\u00edskali spr\u00e1vnou odpov\u011b\u010f a slevu!<\/strong><\/p>\n<p><img fetchpriority=\"high\" decoding=\"async\" class=\"size-full wp-image-2932\" src=\"https:\/\/vapestornado.com\/wp-content\/uploads\/2024\/12\/Vape-Wholesale.jpg\" alt=\"Velkoobchod s vape\" width=\"229\" height=\"300\" \/><\/p>\n<h3><a href=\"https:\/\/wa.me\/8617776015835\"><span style=\"color: #ff0000;\"><strong>WhatsApp: +86 17776015835<\/strong><\/span><\/a><\/h3>","protected":false},"featured_media":4800,"comment_status":"open","ping_status":"closed","template":"","meta":{"_acf_changed":false,"_uag_custom_page_level_css":"","_lmt_disableupdate":"no","_lmt_disable":"","_monsterinsights_skip_tracking":false,"_monsterinsights_sitenote_active":false,"_monsterinsights_sitenote_note":"","_monsterinsights_sitenote_category":0,"site-sidebar-layout":"default","site-content-layout":"","ast-site-content-layout":"default","site-content-style":"default","site-sidebar-style":"default","ast-global-header-display":"","ast-banner-title-visibility":"","ast-main-header-display":"","ast-hfb-above-header-display":"","ast-hfb-below-header-display":"","ast-hfb-mobile-header-display":"","site-post-title":"","ast-breadcrumbs-content":"","ast-featured-img":"","footer-sml-layout":"","ast-disable-related-posts":"","theme-transparent-header-meta":"default","adv-header-id-meta":"","stick-header-meta":"","header-above-stick-meta":"","header-main-stick-meta":"","header-below-stick-meta":"","astra-migrate-meta-layouts":"set","ast-page-background-enabled":"default","ast-page-background-meta":{"desktop":{"background-color":"","background-image":"","background-repeat":"repeat","background-position":"center center","background-size":"auto","background-attachment":"scroll","background-type":"","background-media":"","overlay-type":"","overlay-color":"","overlay-opacity":"","overlay-gradient":""},"tablet":{"background-color":"","background-image":"","background-repeat":"repeat","background-position":"center center","background-size":"auto","background-attachment":"scroll","background-type":"","background-media":"","overlay-type":"","overlay-color":"","overlay-opacity":"","overlay-gradient":""},"mobile":{"background-color":"","background-image":"","background-repeat":"repeat","background-position":"center center","background-size":"auto","background-attachment":"scroll","background-type":"","background-media":"","overlay-type":"","overlay-color":"","overlay-opacity":"","overlay-gradient":""}},"ast-content-background-meta":{"desktop":{"background-color":"var(--ast-global-color-5)","background-image":"","background-repeat":"repeat","background-position":"center center","background-size":"auto","background-attachment":"scroll","background-type":"","background-media":"","overlay-type":"","overlay-color":"","overlay-opacity":"","overlay-gradient":""},"tablet":{"background-color":"var(--ast-global-color-5)","background-image":"","background-repeat":"repeat","background-position":"center center","background-size":"auto","background-attachment":"scroll","background-type":"","background-media":"","overlay-type":"","overlay-color":"","overlay-opacity":"","overlay-gradient":""},"mobile":{"background-color":"var(--ast-global-color-5)","background-image":"","background-repeat":"repeat","background-position":"center center","background-size":"auto","background-attachment":"scroll","background-type":"","background-media":"","overlay-type":"","overlay-color":"","overlay-opacity":"","overlay-gradient":""}},"_joinchat":[]},"product_brand":[],"product_cat":[526,140,149,152,153,156,142,146],"product_tag":[355,354,545,94,544,543,513,93,512],"class_list":{"0":"post-4803","1":"product","2":"type-product","3":"status-publish","4":"has-post-thumbnail","6":"product_cat-200k-puff","7":"product_cat-big-puffs-disposable-vapes","8":"product_cat-buy-disposable-vapes-in-austria","9":"product_cat-buy-disposable-vapes-in-cermany","10":"product_cat-buy-disposable-vapes-in-italy","11":"product_cat-buy-disposable-vapes-in-poland","12":"product_cat-digital-box-disposable-vapes","13":"product_cat-rechargeable-disposable-vapes","14":"product_tag-big-puff-vape","15":"product_tag-flavor-adjustable-vape","16":"product_tag-flavor-disposable-vape","17":"product_tag-rechargeable-disposable-vape","18":"product_tag-runchunfu-200k","19":"product_tag-runchunfu-200k-puff","20":"product_tag-vape-discount-price","21":"product_tag-vape-wholesale","22":"product_tag-vape-wholesale-distributor","23":"desktop-align-left","24":"tablet-align-left","25":"mobile-align-left","27":"first","28":"instock","29":"sale","30":"shipping-taxable","31":"purchasable","32":"product-type-simple"},"acf":[],"uagb_featured_image_src":{"full":["https:\/\/vapestornado.com\/wp-content\/uploads\/2026\/01\/RUNCHUNFU-Triple-200k-Big-Puff-Disposable-Vapes.webp",800,800,false],"thumbnail":["https:\/\/vapestornado.com\/wp-content\/uploads\/2026\/01\/RUNCHUNFU-Triple-200k-Big-Puff-Disposable-Vapes-150x150.webp",150,150,true],"medium":["https:\/\/vapestornado.com\/wp-content\/uploads\/2026\/01\/RUNCHUNFU-Triple-200k-Big-Puff-Disposable-Vapes-300x300.webp",300,300,true],"medium_large":["https:\/\/vapestornado.com\/wp-content\/uploads\/2026\/01\/RUNCHUNFU-Triple-200k-Big-Puff-Disposable-Vapes-768x768.webp",768,768,true],"large":["https:\/\/vapestornado.com\/wp-content\/uploads\/2026\/01\/RUNCHUNFU-Triple-200k-Big-Puff-Disposable-Vapes.webp",800,800,false],"1536x1536":["https:\/\/vapestornado.com\/wp-content\/uploads\/2026\/01\/RUNCHUNFU-Triple-200k-Big-Puff-Disposable-Vapes.webp",800,800,false],"2048x2048":["https:\/\/vapestornado.com\/wp-content\/uploads\/2026\/01\/RUNCHUNFU-Triple-200k-Big-Puff-Disposable-Vapes.webp",800,800,false],"trp-custom-language-flag":["https:\/\/vapestornado.com\/wp-content\/uploads\/2026\/01\/RUNCHUNFU-Triple-200k-Big-Puff-Disposable-Vapes-12x12.webp",12,12,true],"woocommerce_thumbnail":["https:\/\/vapestornado.com\/wp-content\/uploads\/2026\/01\/RUNCHUNFU-Triple-200k-Big-Puff-Disposable-Vapes-300x300.webp",300,300,true],"woocommerce_single":["https:\/\/vapestornado.com\/wp-content\/uploads\/2026\/01\/RUNCHUNFU-Triple-200k-Big-Puff-Disposable-Vapes-600x600.webp",600,600,true],"woocommerce_gallery_thumbnail":["https:\/\/vapestornado.com\/wp-content\/uploads\/2026\/01\/RUNCHUNFU-Triple-200k-Big-Puff-Disposable-Vapes-100x100.webp",100,100,true]},"uagb_author_info":{"display_name":"ESAMY","author_link":"https:\/\/vapestornado.com\/cs\/author\/"},"uagb_comment_info":0,"uagb_excerpt":"RUNCHUNFU 200k Puffs 3 Flavor Disposable Vape \u2013 Wholesale Big Puff Device RUNCHUNFU 200,000 Puff Rechargeable Disposable Vape at Discount Price Flavor Adjustable RUNCHUNFU 200k Vape \u2013 Bulk Supply for EU Wholesalers Add Amy's whatsapp to get right reply and discount price! WhatsApp: +86 17776015835","_links":{"self":[{"href":"https:\/\/vapestornado.com\/cs\/wp-json\/wp\/v2\/product\/4803","targetHints":{"allow":["GET"]}}],"collection":[{"href":"https:\/\/vapestornado.com\/cs\/wp-json\/wp\/v2\/product"}],"about":[{"href":"https:\/\/vapestornado.com\/cs\/wp-json\/wp\/v2\/types\/product"}],"replies":[{"embeddable":true,"href":"https:\/\/vapestornado.com\/cs\/wp-json\/wp\/v2\/comments?post=4803"}],"wp:featuredmedia":[{"embeddable":true,"href":"https:\/\/vapestornado.com\/cs\/wp-json\/wp\/v2\/media\/4800"}],"wp:attachment":[{"href":"https:\/\/vapestornado.com\/cs\/wp-json\/wp\/v2\/media?parent=4803"}],"wp:term":[{"taxonomy":"product_brand","embeddable":true,"href":"https:\/\/vapestornado.com\/cs\/wp-json\/wp\/v2\/product_brand?post=4803"},{"taxonomy":"product_cat","embeddable":true,"href":"https:\/\/vapestornado.com\/cs\/wp-json\/wp\/v2\/product_cat?post=4803"},{"taxonomy":"product_tag","embeddable":true,"href":"https:\/\/vapestornado.com\/cs\/wp-json\/wp\/v2\/product_tag?post=4803"}],"curies":[{"name":"wp","href":"https:\/\/api.w.org\/{rel}","templated":true}]}}