{"id":4795,"date":"2026-01-13T03:09:18","date_gmt":"2026-01-13T03:09:18","guid":{"rendered":"https:\/\/vapestornado.com\/?post_type=product&#038;p=4795"},"modified":"2026-01-13T03:17:55","modified_gmt":"2026-01-13T03:17:55","slug":"al-fakher-crown-bar-15k-ice-adjust-disposable-shisha-hookah-wholesale-netherlands","status":"publish","type":"product","link":"https:\/\/vapestornado.com\/cs\/product\/al-fakher-crown-bar-15k-ice-adjust-disposable-shisha-hookah-wholesale-netherlands\/","title":{"rendered":"Al Fakher Crown Bar 15K Ice Adjust Jednor\u00e1zov\u00e1 Shisha Hookah Velkoobchod Nizozemsko"},"content":{"rendered":"<h1 data-start=\"0\" data-end=\"87\">Al Fakher Mega Max 40K Puffs Crown Bar Jednor\u00e1zov\u00e1 E Shisha Hookah Vape s nastaviten\u00fdm pr\u016ftokem vzduchu<\/h1>\n<p data-start=\"107\" data-end=\"502\">Al Fakher Crown Bar 15K Ice Adjust je navr\u017een pro evropsk\u00fd velkoobchodn\u00ed trh, kter\u00fd po\u017eaduje kontrolu chuti, dlouhou \u017eivotnost a spolehlivou kvalitu <strong data-start=\"259\" data-end=\"274\">n\u00edzk\u00e1 cena<\/strong>. Ur\u010deno pro <strong data-start=\"289\" data-end=\"316\">Jednor\u00e1zov\u00e9 Elektronick\u00e9 Cigarety<\/strong> prodejc\u016fm a <strong data-start=\"331\" data-end=\"368\">Velkoobchodn\u00ed Vaporiz\u00e9ry Francie<\/strong> distributor\u016fm, tento model poskytuje a\u017e <strong data-start=\"409\" data-end=\"440\">15 000 jemn\u00fdch, stabiln\u00edch potah\u016f<\/strong> s podpisovou chut\u00ed a pr\u00e9miovou konstrukc\u00ed Al Fakher.<\/p>\n<p data-start=\"504\" data-end=\"842\">Na rozd\u00edl od standardn\u00edch jednor\u00e1zov\u00fdch v\u00fdrobk\u016f, <strong data-start=\"537\" data-end=\"568\">syst\u00e9m Crown Bar Ice Adjust<\/strong> umo\u017e\u0148uje u\u017eivatel\u016fm ovl\u00e1dat intenzitu ochlazen\u00ed, co\u017e ka\u017ed\u00e9mu z\u00e1kazn\u00edkovi umo\u017e\u0148uje zvolit siln\u00fd ledov\u00fd n\u00e1dech nebo jemn\u011bj\u0161\u00ed, teplej\u0161\u00ed tah. To \u010din\u00ed <strong data-start=\"703\" data-end=\"730\">Al Fakher Crown Bar 15K<\/strong> snadn\u011bj\u0161\u00edm prodejem nap\u0159\u00ed\u010d r\u016fzn\u00fdmi preferencemi u\u017eivatel\u016f, zvy\u0161uje opakovan\u00e9 n\u00e1kupy a sni\u017euje pomal\u00e9 prodeje p\u0159\u00edchut\u00ed.<\/p>\n<p data-start=\"844\" data-end=\"1140\">Nap\u00e1jen\u00fd <strong data-start=\"858\" data-end=\"889\">850mAh dob\u00edjec\u00ed bateri\u00ed<\/strong> a je napln\u011bn <strong data-start=\"906\" data-end=\"926\">22 ml e-liquidu<\/strong>, <strong data-start=\"932\" data-end=\"960\">AL Fakher Ice Adjust 15K<\/strong> udr\u017euje konzistentn\u00ed v\u00fdkon od prvn\u00edho potahu po posledn\u00ed. The <strong data-start=\"1026\" data-end=\"1044\">0,6\u03a9 mesh coil<\/strong> zaru\u010duje \u010distou p\u00e1ru, jasnou chu\u0165 a stabiln\u00ed v\u00fdkon, i p\u0159i dlouhodob\u00e9m ka\u017edodenn\u00edm pou\u017e\u00edv\u00e1n\u00ed.<\/p>\n<p data-start=\"1142\" data-end=\"1446\">Vestav\u011bn\u00fd <strong data-start=\"1153\" data-end=\"1171\">digit\u00e1ln\u00ed displej<\/strong> ukazuje jak \u00farove\u0148 baterie, tak hladinu kapaliny, \u010d\u00edm\u017e z\u00e1kazn\u00edk\u016fm dod\u00e1v\u00e1 d\u016fv\u011bru a sni\u017euje po\u010det vr\u00e1cen\u00fdch za\u0159\u00edzen\u00ed. S <strong data-start=\"1272\" data-end=\"1293\">45 osv\u011bd\u010den\u00fdch p\u0159\u00edchut\u00ed<\/strong>, <strong data-start=\"1299\" data-end=\"1312\">Crown Bar<\/strong> linie podporuje silnou rotaci v maloobchod\u011b a pom\u00e1h\u00e1 obchod\u016fm budovat spolehlivou kategorii nejprod\u00e1van\u011bj\u0161\u00edch produkt\u016f v <strong data-start=\"1411\" data-end=\"1438\">Jednor\u00e1zov\u00e9 Elektronick\u00e9 Cigarety<\/strong> trhu.<\/p>\n<p data-start=\"1448\" data-end=\"1645\">Pokud sh\u00e1n\u00edte <strong data-start=\"1468\" data-end=\"1505\">Velkoobchodn\u00ed jednor\u00e1zov\u00e9 vaporiz\u00e9ry v \u010cesk\u00e9 republice<\/strong>\u00a0za konkurenceschopnou cenu s rychle se m\u011bn\u00edc\u00edmi p\u0159\u00edchut\u011bmi, je <strong data-start=\"1559\" data-end=\"1597\">Al Fakher Crown Bar 15K Ice Adjust<\/strong> bezpe\u010dnou volbou s vysok\u00fdm obratem pro v\u00e1\u0161 obchod.<\/p>\n<p><strong><span style=\"color: #ff0000;\">P\u0159idejte si Amy na WhatsApp pro rychlou odpov\u011b\u010f a kup\u00f3n na vapky!<\/span><\/strong><\/p>\n<p><img fetchpriority=\"high\" decoding=\"async\" class=\"size-full wp-image-2932\" src=\"https:\/\/vapestornado.com\/wp-content\/uploads\/2024\/12\/Vape-Wholesale.jpg\" alt=\"Velkoobchod s vape\" width=\"229\" height=\"300\" \/><\/p>\n<h3><a href=\"https:\/\/wa.me\/8617776015835\" target=\"_blank\" rel=\"noopener\"><span style=\"color: #ff0000;\"><strong>WhatsApp: +86 17776015835<\/strong><\/span><\/a><\/h3>\n<p>&nbsp;<\/p>\n<h2><strong>Funkce produktu Al Fakher Crown Bar 15K<\/strong><\/h2>\n<ul>\n<li data-start=\"1701\" data-end=\"1810\">\n<p data-start=\"1703\" data-end=\"1810\"><strong data-start=\"1703\" data-end=\"1719\">15 000 pota\u017een\u00ed<\/strong> \u2013 Poskytuje dlouhotrvaj\u00edc\u00ed v\u00fdkon, kter\u00fd udr\u017e\u00ed z\u00e1kazn\u00edky v vapov\u00e1n\u00ed t\u00fddny na jednom za\u0159\u00edzen\u00ed.<\/p>\n<\/li>\n<li data-start=\"1811\" data-end=\"1909\">\n<p data-start=\"1813\" data-end=\"1909\"><strong data-start=\"1813\" data-end=\"1830\">22 ml e-liquidu<\/strong> \u2013 Velk\u00e1 kapacita kapaliny zaji\u0161\u0165uje stabiln\u00ed chu\u0165 bez \u010dast\u00e9 v\u00fdm\u011bny.<\/p>\n<\/li>\n<li data-start=\"1910\" data-end=\"1991\">\n<p data-start=\"1912\" data-end=\"1991\"><strong data-start=\"1912\" data-end=\"1930\">S\u00ed\u0165ovan\u00e1 spir\u00e1la 0,6\u03a9<\/strong> \u2013 Vytv\u00e1\u0159\u00ed jemnou p\u00e1ru a p\u0159esnou chu\u0165 p\u0159i ka\u017ed\u00e9m pota\u017een\u00ed.<\/p>\n<\/li>\n<li data-start=\"1992\" data-end=\"2075\">\n<p data-start=\"1994\" data-end=\"2075\"><strong data-start=\"1994\" data-end=\"2011\">0,5% nikotinu<\/strong> \u2013 Nab\u00edz\u00ed lehk\u00fd, jemn\u00fd nikotinov\u00fd z\u00e1\u017eitek vhodn\u00fd pro ka\u017edodenn\u00ed pou\u017eit\u00ed.<\/p>\n<\/li>\n<li data-start=\"2076\" data-end=\"2164\">\n<p data-start=\"2078\" data-end=\"2164\"><strong data-start=\"2078\" data-end=\"2096\">850mAh baterie<\/strong> \u2013 Poskytuje spolehliv\u00fd v\u00fdkon po celou dobu \u017eivotnosti za\u0159\u00edzen\u00ed.<\/p>\n<\/li>\n<li data-start=\"2165\" data-end=\"2229\">\n<p data-start=\"2167\" data-end=\"2229\"><strong data-start=\"2167\" data-end=\"2185\">USB-C Nab\u00edjen\u00ed<\/strong> \u2013 Umo\u017e\u0148uje rychlej\u0161\u00ed a stabiln\u011bj\u0161\u00ed dob\u00edjen\u00ed.<\/p>\n<\/li>\n<li data-start=\"2230\" data-end=\"2319\">\n<p data-start=\"2232\" data-end=\"2319\"><strong data-start=\"2232\" data-end=\"2254\">Ovl\u00e1d\u00e1n\u00ed ledov\u00e9ho chlazen\u00ed<\/strong> \u2013 Umo\u017e\u0148uje u\u017eivatel\u016fm nastavit si preferovanou \u00farove\u0148 chlazen\u00ed p\u0159i ka\u017ed\u00e9m potahu.<\/p>\n<\/li>\n<li data-start=\"2320\" data-end=\"2395\">\n<p data-start=\"2322\" data-end=\"2395\"><strong data-start=\"2322\" data-end=\"2340\">Digit\u00e1ln\u00ed Displej<\/strong> \u2013 Zobrazuje \u00farove\u0148 baterie a hladinu e-liquidu v re\u00e1ln\u00e9m \u010dase.<\/p>\n<\/li>\n<li data-start=\"2396\" data-end=\"2474\">\n<p data-start=\"2398\" data-end=\"2474\"><strong data-start=\"2398\" data-end=\"2417\">Konstrukce Crown Bar<\/strong> \u2013 Pr\u00e9miov\u00fd design t\u011bla zlep\u0161uje odolnost a proud\u011bn\u00ed vzduchu.<\/p>\n<\/li>\n<li data-start=\"2475\" data-end=\"2543\">\n<p data-start=\"2477\" data-end=\"2543\"><strong data-start=\"2477\" data-end=\"2491\">45 P\u0159\u00edchut\u00ed<\/strong> \u2013 Podporuje silnou rotaci v maloobchod\u011b a opakovan\u00e9 n\u00e1kupy.<\/p>\n<\/li>\n<\/ul>\n<figure id=\"attachment_4791\" aria-describedby=\"caption-attachment-4791\" style=\"width: 300px\" class=\"wp-caption alignnone\"><img decoding=\"async\" class=\"size-medium wp-image-4791\" src=\"https:\/\/vapestornado.com\/wp-content\/uploads\/2026\/01\/Al-Fakher-Crown-Bar-Ice-Adjust-15K-15000-Puff-300x300.webp\" alt=\"Al Fakher Crown Bar Ice Adjust 15K 15000 Potah\u016f\" width=\"300\" height=\"300\" srcset=\"https:\/\/vapestornado.com\/wp-content\/uploads\/2026\/01\/Al-Fakher-Crown-Bar-Ice-Adjust-15K-15000-Puff-300x300.webp 300w, https:\/\/vapestornado.com\/wp-content\/uploads\/2026\/01\/Al-Fakher-Crown-Bar-Ice-Adjust-15K-15000-Puff-150x150.webp 150w, https:\/\/vapestornado.com\/wp-content\/uploads\/2026\/01\/Al-Fakher-Crown-Bar-Ice-Adjust-15K-15000-Puff-768x768.webp 768w, https:\/\/vapestornado.com\/wp-content\/uploads\/2026\/01\/Al-Fakher-Crown-Bar-Ice-Adjust-15K-15000-Puff-12x12.webp 12w, https:\/\/vapestornado.com\/wp-content\/uploads\/2026\/01\/Al-Fakher-Crown-Bar-Ice-Adjust-15K-15000-Puff-600x600.webp 600w, https:\/\/vapestornado.com\/wp-content\/uploads\/2026\/01\/Al-Fakher-Crown-Bar-Ice-Adjust-15K-15000-Puff-100x100.webp 100w, https:\/\/vapestornado.com\/wp-content\/uploads\/2026\/01\/Al-Fakher-Crown-Bar-Ice-Adjust-15K-15000-Puff.webp 800w\" sizes=\"(max-width: 300px) 100vw, 300px\" \/><figcaption id=\"caption-attachment-4791\" class=\"wp-caption-text\">Al Fakher Crown Bar Ice Adjust 15K 15000 Potah\u016f<\/figcaption><\/figure>\n<div>\n<div class=\"mceTemp\"><\/div>\n<\/div>\n<h2 class=\"product-title\"><strong>Seznam p\u0159\u00edchut\u00ed Crown Bar 15K<\/strong><\/h2>\n<p>1 Bor\u016fvka Modr\u00e1<br \/>\n2 Bor\u016fvka Led<br \/>\n3 \u010cern\u00fd ryb\u00edz Led<br \/>\n4 \u010cern\u00fd ryb\u00edz M\u00e1ta<br \/>\n5 Modr\u00fd Razz V\u00fdbuch<br \/>\n6 Modr\u00fd Razz Limon\u00e1da<br \/>\n7 Bor\u016fvka T\u0159e\u0161e\u0148<br \/>\n8 Bor\u016fvkov\u00e1 \u017ev\u00fdka\u010dka<br \/>\n9 Bor\u016fvkov\u00e1 limon\u00e1da<br \/>\n10 Bor\u016fvkov\u00e1 m\u00e1ta<br \/>\n11 Bor\u016fvka-ryb\u00edz<br \/>\n12 Bor\u016fvka s kyselou malinou<br \/>\n13 T\u0159e\u0161\u0148ov\u00e1 fiesta<br \/>\n14 T\u0159e\u0161\u0148ov\u00fd perliv\u00fd n\u00e1poj<br \/>\n15 T\u0159e\u0161\u0148ov\u00e1 zmrzlina<br \/>\n16 Chladn\u00e9 mango<br \/>\n17 Fusion Pop<br \/>\n18 Hroznov\u00e9<br \/>\n19 Hroznov\u00e9-berry<br \/>\n20 Hroznov\u00e1 m\u00e1ta<br \/>\n21 \u017dv\u00fdka\u010dka m\u00e1ta<br \/>\n22 Hubba<br \/>\n23 Ledov\u011b modr\u00e1<br \/>\n24 Citr\u00f3n-limetka<br \/>\n25 Citr\u00f3n-limetka T\u0159e\u0161\u0148ov\u00fd perliv\u00fd n\u00e1poj<br \/>\n26 Citr\u00f3nov\u00e1 m\u00e1ta<br \/>\n27 Lush Ice<br \/>\n28 Kouzeln\u00e1 l\u00e1ska<br \/>\n29 Mango Ananas<br \/>\n30 Mentol<br \/>\n31 M\u00e1ta<br \/>\n32 Sm\u00ed\u0161en\u00e9 bobule<br \/>\n33 Pomeran\u010dov\u00e1 m\u00e1ta<br \/>\n34 Broskev Ice<br \/>\n35 Ananas Ice<br \/>\n36 Vesm\u00edrn\u00fd sen<br \/>\n37 M\u00e1ta peprn\u00e1<br \/>\n38 Jahoda T\u0159e\u0161e\u0148<br \/>\n39 Jahodov\u00e1 P\u00e1rty<br \/>\n40 Letn\u00ed sen<br \/>\n41 Dv\u011b jablka<br \/>\n42 Meloun T\u0159e\u0161e\u0148<br \/>\n43 Meloun Kiwi<br \/>\n44 Meloun Limeta<br \/>\n45 Meloun Ananas<\/p>\n<h2 data-start=\"2951\" data-end=\"2994\"><strong data-start=\"2954\" data-end=\"2994\">Pro\u010d velkoobchodn\u00edci vol\u00ed Crown Bar 15K<\/strong><\/h2>\n<p data-start=\"2996\" data-end=\"3213\">Ten <strong data-start=\"3000\" data-end=\"3028\">AL Fakher Ice Adjust 15K<\/strong> kombinuje <strong data-start=\"3038\" data-end=\"3086\">dlouh\u00e1 \u017eivotnost potahu, ovl\u00e1d\u00e1n\u00ed ledu a d\u016fv\u011bra v zna\u010dku<\/strong> do jednoho jednor\u00e1zov\u00e9ho za\u0159\u00edzen\u00ed, kter\u00e9 d\u00e1v\u00e1 prodejc\u016fm produkt, jen\u017e se rychle prod\u00e1v\u00e1, nab\u00edz\u00ed konzistentn\u00ed kvalitu a udr\u017euje z\u00e1kazn\u00edky v\u011brn\u00e9.<\/p>\n<p data-start=\"3215\" data-end=\"3339\">Objednejte nyn\u00ed a zajist\u011bte si <strong data-start=\"3238\" data-end=\"3253\">n\u00edzk\u00e1 cena<\/strong> on <strong data-start=\"3257\" data-end=\"3284\">Al Fakher Crown Bar 15K<\/strong> pro v\u00e1\u0161 <strong data-start=\"3294\" data-end=\"3331\">Velkoobchodn\u00ed Vaporiz\u00e9ry Francie<\/strong> z\u00e1sobov\u00e1n\u00ed.<\/p>\n<p>&nbsp;<\/p>\n<div class=\"flex-shrink-0 flex flex-col relative items-end\">\n<div class=\"pt-0\">\n<div class=\"gizmo-bot-avatar flex h-8 w-8 items-center justify-center overflow-hidden rounded-full\">\n<div class=\"relative p-1 rounded-sm flex items-center justify-center bg-token-main-surface-primary text-token-text-primary h-8 w-8\">\n<h2 data-start=\"1200\" data-end=\"1487\">Vapes Tornado \u2013 V\u00e1\u0161 velkoobchodn\u00ed online obchod s vaporiz\u00e9ry pro obl\u00edben\u00e9 vaporiz\u00e9ry<\/h2>\n<p data-start=\"72\" data-end=\"396\"><strong data-start=\"72\" data-end=\"89\">Vapes Tornado<\/strong> je velkoobchodn\u00ed online obchod s vaporiz\u00e9ry zam\u011b\u0159en\u00fd na Evropu, dod\u00e1vaj\u00edc\u00ed pe\u010dliv\u011b vybranou \u0159adu <strong data-start=\"178\" data-end=\"195\">obl\u00edben\u00fdch vaporiz\u00e9r\u016f<\/strong> pro profesion\u00e1ln\u00ed kupce. Spolupracujeme s maloobchodn\u00edky, distributory a online obchody po cel\u00e9 EU, kte\u0159\u00ed pot\u0159ebuj\u00ed stabiln\u00ed dod\u00e1vky, jasn\u00e9 informace o produktech a zna\u010dky, kter\u00e9 z\u00e1kazn\u00edci ji\u017e znaj\u00ed a d\u016fv\u011b\u0159uj\u00ed jim.<\/p>\n<p data-start=\"398\" data-end=\"687\">Spolupracujeme s d\u016fv\u011bryhodn\u00fdmi zna\u010dkami, jako jsou <strong data-start=\"247\" data-end=\"352\">Elf Bar Vape, WASPE Vape, <a href=\"https:\/\/vapestornado.com\/cs\/product\/uzy-150k-puffs-6-in-1-flavor-switch-disposable-vape-pen-wholesale\/\">UZY Vape<\/a>, Bang Vape, Razz Bar Vape, <a href=\"https:\/\/vapestornado.com\/cs\/product\/randm-12000-puffs-fumot-digital-disposable-vape-wholesale-price\/\">Fumot VAPE<\/a>, <a href=\"https:\/\/vapestornado.com\/cs\/product\/original-wga-ultra-35k-35000-puff-rechargeable-crystal-disposable-nicotine-vape-best-discount-price\/\">WGA VAPE<\/a>, <a href=\"https:\/\/vapestornado.com\/cs\/product\/vozol-gear-shisha-25k-25000-puffs-best-dtl-disposable-vape-hookah-cheap-price\/\">VOZOL BAR VAPE<\/a>,\u00a0a Stag Bar Vape<\/strong>, vybran\u00e9 pro konzistentn\u00ed kvalitu a silnou popt\u00e1vku na evropsk\u00e9m trhu.<\/p>\n<h4 data-start=\"1080\" data-end=\"1120\">Vytvo\u0159eno pro velkoobchodn\u00edky v \u010cesk\u00e9 republice<\/h4>\n<p data-start=\"1121\" data-end=\"1189\">Vapes Tornado je strukturov\u00e1no kolem skute\u010dn\u00fdch pot\u0159eb velkoobchodn\u00edk\u016f v EU:<\/p>\n<ul data-start=\"1190\" data-end=\"1400\">\n<li data-start=\"1190\" data-end=\"1239\">\n<p data-start=\"1192\" data-end=\"1239\">Konkurenceschopn\u00e9 velkoobchodn\u00ed ceny pro velk\u00e9 objedn\u00e1vky<\/p>\n<\/li>\n<li data-start=\"1240\" data-end=\"1289\">\n<p data-start=\"1242\" data-end=\"1289\">P\u0159ehledn\u00e9 popisy produkt\u016f a specifikace<\/p>\n<\/li>\n<li data-start=\"1290\" data-end=\"1330\">\n<p data-start=\"1292\" data-end=\"1330\">Rychl\u00e1, spolehliv\u00e1 logistika orientovan\u00e1 na EU<\/p>\n<\/li>\n<li data-start=\"1331\" data-end=\"1400\">\n<p data-start=\"1333\" data-end=\"1400\">Katalog zam\u011b\u0159en\u00fd na <strong data-start=\"1356\" data-end=\"1373\">obl\u00edben\u00fdch vaporiz\u00e9r\u016f<\/strong>, ne na p\u0159et\u00ed\u017een\u00e9 SKU<\/p>\n<\/li>\n<\/ul>\n<h2 data-start=\"2064\" data-end=\"2115\">\u010casto kladen\u00e9 ot\u00e1zky o Al Fakher Crown Bar 15K Jednor\u00e1zov\u00e9m vaporiz\u00e9ru<\/h2>\n<p data-start=\"3359\" data-end=\"3484\"><strong data-start=\"3359\" data-end=\"3413\">1. Jak dlouho vydr\u017e\u00ed Al Fakher Crown Bar 15K?<\/strong><br data-start=\"3413\" data-end=\"3416\" \/>S a\u017e 15 000 potahy m\u016f\u017ee vydr\u017eet t\u00fddny v z\u00e1vislosti na denn\u00edm pou\u017e\u00edv\u00e1n\u00ed.<\/p>\n<p data-start=\"3486\" data-end=\"3605\"><strong data-start=\"3486\" data-end=\"3532\">2. Mohou z\u00e1kazn\u00edci upravit \u00farove\u0148 chlazen\u00ed?<\/strong><br data-start=\"3532\" data-end=\"3535\" \/>Ano, syst\u00e9m Ice Adjust umo\u017e\u0148uje u\u017eivatel\u016fm zvolit, jak studen\u00fd ka\u017ed\u00fd potah poc\u00edt\u00ed.<\/p>\n<p data-start=\"3607\" data-end=\"3700\"><strong data-start=\"3607\" data-end=\"3642\">3. Je baterie dob\u00edjec\u00ed?<\/strong><br data-start=\"3642\" data-end=\"3645\" \/>Ano, m\u00e1 baterii 850mAh s rychl\u00fdm nab\u00edjen\u00edm USB-C.<\/p>\n<p data-start=\"3702\" data-end=\"3807\"><strong data-start=\"3702\" data-end=\"3744\">4. Jakou s\u00edlu nikotinu pou\u017e\u00edv\u00e1?<\/strong><br data-start=\"3744\" data-end=\"3747\" \/>Za\u0159\u00edzen\u00ed je dod\u00e1v\u00e1no s nikotinem 0,5% pro jemn\u00fd, lehk\u00fd z\u00e1\u017eitek.<\/p>\n<p data-start=\"3809\" data-end=\"3972\"><strong data-start=\"3809\" data-end=\"3857\">5. Je to vhodn\u00e9 pro velkoobchod v \u010cesk\u00e9 republice?<\/strong><br data-start=\"3857\" data-end=\"3860\" \/>Ano, je navr\u017eeno pro <strong data-start=\"3884\" data-end=\"3921\">Velkoobchodn\u00ed Vaporiz\u00e9ry Francie<\/strong> s v\u00fdrazn\u00fdm maloobchodn\u00edm p\u0159ita\u017een\u00edm a rychle se rozv\u00edjej\u00edc\u00edmi p\u0159\u00edchut\u011bmi.<\/p>\n<\/div>\n<\/div>\n<\/div>\n<\/div>","protected":false},"excerpt":{"rendered":"<p data-start=\"4393\" data-end=\"4476\"><strong data-start=\"4393\" data-end=\"4474\">AL Fakher Crown Bar 15K Ice Adjust \u2013 Velkoobchod Jednor\u00e1zov\u00e9 Elektronick\u00e9 Cigarety Francie<\/strong><\/p>\n<p data-start=\"4480\" data-end=\"4550\"><strong data-start=\"4480\" data-end=\"4548\">Al Fakher Ice Adjust 15K Crown Bar | 15 000 potah\u016f za levnou cenu<\/strong><\/p>\n<p data-start=\"4554\" data-end=\"4622\" data-is-last-node=\"\"><strong data-start=\"4554\" data-end=\"4622\" data-is-last-node=\"\">Crown Bar 15K Jednor\u00e1zov\u00fd Vaporiz\u00e9r \u2013 Ice Control &amp; Velkoobchod Evropa<\/strong><\/p>\n<p><strong>P\u0159idejte si Amy na Whatsapp, abyste z\u00edskali spr\u00e1vnou odpov\u011b\u010f a slevu!<\/strong><\/p>\n<p><img fetchpriority=\"high\" decoding=\"async\" class=\"size-full wp-image-2932\" src=\"https:\/\/vapestornado.com\/wp-content\/uploads\/2024\/12\/Vape-Wholesale.jpg\" alt=\"Velkoobchod s vape\" width=\"229\" height=\"300\" \/><\/p>\n<h3><a href=\"https:\/\/wa.me\/8617776015835\"><span style=\"color: #ff0000;\"><strong>WhatsApp: +86 17776015835<\/strong><\/span><\/a><\/h3>","protected":false},"featured_media":4790,"comment_status":"open","ping_status":"closed","template":"","meta":{"_acf_changed":false,"_uag_custom_page_level_css":"","_lmt_disableupdate":"no","_lmt_disable":"","_monsterinsights_skip_tracking":false,"_monsterinsights_sitenote_active":false,"_monsterinsights_sitenote_note":"","_monsterinsights_sitenote_category":0,"site-sidebar-layout":"default","site-content-layout":"","ast-site-content-layout":"default","site-content-style":"default","site-sidebar-style":"default","ast-global-header-display":"","ast-banner-title-visibility":"","ast-main-header-display":"","ast-hfb-above-header-display":"","ast-hfb-below-header-display":"","ast-hfb-mobile-header-display":"","site-post-title":"","ast-breadcrumbs-content":"","ast-featured-img":"","footer-sml-layout":"","ast-disable-related-posts":"","theme-transparent-header-meta":"default","adv-header-id-meta":"","stick-header-meta":"","header-above-stick-meta":"","header-main-stick-meta":"","header-below-stick-meta":"","astra-migrate-meta-layouts":"set","ast-page-background-enabled":"default","ast-page-background-meta":{"desktop":{"background-color":"","background-image":"","background-repeat":"repeat","background-position":"center center","background-size":"auto","background-attachment":"scroll","background-type":"","background-media":"","overlay-type":"","overlay-color":"","overlay-opacity":"","overlay-gradient":""},"tablet":{"background-color":"","background-image":"","background-repeat":"repeat","background-position":"center center","background-size":"auto","background-attachment":"scroll","background-type":"","background-media":"","overlay-type":"","overlay-color":"","overlay-opacity":"","overlay-gradient":""},"mobile":{"background-color":"","background-image":"","background-repeat":"repeat","background-position":"center center","background-size":"auto","background-attachment":"scroll","background-type":"","background-media":"","overlay-type":"","overlay-color":"","overlay-opacity":"","overlay-gradient":""}},"ast-content-background-meta":{"desktop":{"background-color":"var(--ast-global-color-5)","background-image":"","background-repeat":"repeat","background-position":"center center","background-size":"auto","background-attachment":"scroll","background-type":"","background-media":"","overlay-type":"","overlay-color":"","overlay-opacity":"","overlay-gradient":""},"tablet":{"background-color":"var(--ast-global-color-5)","background-image":"","background-repeat":"repeat","background-position":"center center","background-size":"auto","background-attachment":"scroll","background-type":"","background-media":"","overlay-type":"","overlay-color":"","overlay-opacity":"","overlay-gradient":""},"mobile":{"background-color":"var(--ast-global-color-5)","background-image":"","background-repeat":"repeat","background-position":"center center","background-size":"auto","background-attachment":"scroll","background-type":"","background-media":"","overlay-type":"","overlay-color":"","overlay-opacity":"","overlay-gradient":""}},"_joinchat":[]},"product_brand":[],"product_cat":[71,531,140,150,152,156,158,142,146,147],"product_tag":[541,542,317,540,538,291,539,513,512],"class_list":{"0":"post-4795","1":"product","2":"type-product","3":"status-publish","4":"has-post-thumbnail","6":"product_cat-15000-puff","7":"product_cat-al-fakher-crown-bar","8":"product_cat-big-puffs-disposable-vapes","9":"product_cat-buy-disposable-vapes-in-belgium","10":"product_cat-buy-disposable-vapes-in-cermany","11":"product_cat-buy-disposable-vapes-in-poland","12":"product_cat-buy-disposable-vapes-in-spain","13":"product_cat-digital-box-disposable-vapes","14":"product_cat-rechargeable-disposable-vapes","15":"product_cat-shisha-hookah-disposable-vapes","16":"product_tag-al-fakher-15k-ice-adjust","17":"product_tag-al-fakher-15k-sound-adjust","18":"product_tag-al-fakher-crown-bar","19":"product_tag-al-fakher-crown-bar-15k","20":"product_tag-disposable-e-shisha","21":"product_tag-disposable-shisha-hookah","22":"product_tag-hookah-shisha","23":"product_tag-vape-discount-price","24":"product_tag-vape-wholesale-distributor","25":"desktop-align-left","26":"tablet-align-left","27":"mobile-align-left","29":"first","30":"instock","31":"sale","32":"shipping-taxable","33":"purchasable","34":"product-type-simple"},"acf":[],"uagb_featured_image_src":{"full":["https:\/\/vapestornado.com\/wp-content\/uploads\/2026\/01\/Al-Fakher-Crown-Bar-15K-Ice-Adjust-Disposable-Vape-Wholesale.webp",800,800,false],"thumbnail":["https:\/\/vapestornado.com\/wp-content\/uploads\/2026\/01\/Al-Fakher-Crown-Bar-15K-Ice-Adjust-Disposable-Vape-Wholesale-150x150.webp",150,150,true],"medium":["https:\/\/vapestornado.com\/wp-content\/uploads\/2026\/01\/Al-Fakher-Crown-Bar-15K-Ice-Adjust-Disposable-Vape-Wholesale-300x300.webp",300,300,true],"medium_large":["https:\/\/vapestornado.com\/wp-content\/uploads\/2026\/01\/Al-Fakher-Crown-Bar-15K-Ice-Adjust-Disposable-Vape-Wholesale-768x768.webp",768,768,true],"large":["https:\/\/vapestornado.com\/wp-content\/uploads\/2026\/01\/Al-Fakher-Crown-Bar-15K-Ice-Adjust-Disposable-Vape-Wholesale.webp",800,800,false],"1536x1536":["https:\/\/vapestornado.com\/wp-content\/uploads\/2026\/01\/Al-Fakher-Crown-Bar-15K-Ice-Adjust-Disposable-Vape-Wholesale.webp",800,800,false],"2048x2048":["https:\/\/vapestornado.com\/wp-content\/uploads\/2026\/01\/Al-Fakher-Crown-Bar-15K-Ice-Adjust-Disposable-Vape-Wholesale.webp",800,800,false],"trp-custom-language-flag":["https:\/\/vapestornado.com\/wp-content\/uploads\/2026\/01\/Al-Fakher-Crown-Bar-15K-Ice-Adjust-Disposable-Vape-Wholesale-12x12.webp",12,12,true],"woocommerce_thumbnail":["https:\/\/vapestornado.com\/wp-content\/uploads\/2026\/01\/Al-Fakher-Crown-Bar-15K-Ice-Adjust-Disposable-Vape-Wholesale-300x300.webp",300,300,true],"woocommerce_single":["https:\/\/vapestornado.com\/wp-content\/uploads\/2026\/01\/Al-Fakher-Crown-Bar-15K-Ice-Adjust-Disposable-Vape-Wholesale-600x600.webp",600,600,true],"woocommerce_gallery_thumbnail":["https:\/\/vapestornado.com\/wp-content\/uploads\/2026\/01\/Al-Fakher-Crown-Bar-15K-Ice-Adjust-Disposable-Vape-Wholesale-100x100.webp",100,100,true]},"uagb_author_info":{"display_name":"ESAMY","author_link":"https:\/\/vapestornado.com\/cs\/author\/"},"uagb_comment_info":0,"uagb_excerpt":"AL Fakher Crown Bar 15K Ice Adjust \u2013 Wholesale Disposable E Cigarettes France Al Fakher Ice Adjust 15K Crown Bar | 15,000 Puffs at Cheap Price Crown Bar 15K Disposable Vape \u2013 Ice Control &amp; Bulk Supply Europe Add Amy's whatsapp to get right reply and discount price! WhatsApp: +86 17776015835","_links":{"self":[{"href":"https:\/\/vapestornado.com\/cs\/wp-json\/wp\/v2\/product\/4795","targetHints":{"allow":["GET"]}}],"collection":[{"href":"https:\/\/vapestornado.com\/cs\/wp-json\/wp\/v2\/product"}],"about":[{"href":"https:\/\/vapestornado.com\/cs\/wp-json\/wp\/v2\/types\/product"}],"replies":[{"embeddable":true,"href":"https:\/\/vapestornado.com\/cs\/wp-json\/wp\/v2\/comments?post=4795"}],"wp:featuredmedia":[{"embeddable":true,"href":"https:\/\/vapestornado.com\/cs\/wp-json\/wp\/v2\/media\/4790"}],"wp:attachment":[{"href":"https:\/\/vapestornado.com\/cs\/wp-json\/wp\/v2\/media?parent=4795"}],"wp:term":[{"taxonomy":"product_brand","embeddable":true,"href":"https:\/\/vapestornado.com\/cs\/wp-json\/wp\/v2\/product_brand?post=4795"},{"taxonomy":"product_cat","embeddable":true,"href":"https:\/\/vapestornado.com\/cs\/wp-json\/wp\/v2\/product_cat?post=4795"},{"taxonomy":"product_tag","embeddable":true,"href":"https:\/\/vapestornado.com\/cs\/wp-json\/wp\/v2\/product_tag?post=4795"}],"curies":[{"name":"wp","href":"https:\/\/api.w.org\/{rel}","templated":true}]}}