{"id":4788,"date":"2026-01-09T08:31:41","date_gmt":"2026-01-09T08:31:41","guid":{"rendered":"https:\/\/vapestornado.com\/?post_type=product&#038;p=4788"},"modified":"2026-01-09T08:59:59","modified_gmt":"2026-01-09T08:59:59","slug":"al-fakher-60k-ehose-x-disposable-vape-crown-bar-60000-puffs-shisha-hookah-low-price","status":"publish","type":"product","link":"https:\/\/vapestornado.com\/cs\/product\/al-fakher-60k-ehose-x-disposable-vape-crown-bar-60000-puffs-shisha-hookah-low-price\/","title":{"rendered":"Al Fakher 60k EHose X Jednor\u00e1zov\u00fd vaporiz\u00e9r Crown Bar 60000 potah\u016f Shisha Hookah N\u00edzk\u00e1 cena"},"content":{"rendered":"<h1 data-start=\"0\" data-end=\"87\">Al Fakher Mega Max 40K Puffs Crown Bar Jednor\u00e1zov\u00e1 E Shisha Hookah Vape s nastaviten\u00fdm pr\u016ftokem vzduchu<\/h1>\n<p data-start=\"233\" data-end=\"642\">Ten <strong data-start=\"237\" data-end=\"289\">Al Fakher 60K E-Hose X Jednor\u00e1zov\u00fd vaporiz\u00e9r Crown Bar<\/strong> je navr\u017een pro kupuj\u00edc\u00ed, kte\u0159\u00ed po\u017eaduj\u00ed dlouhodobou spolehlivost, siln\u00fd v\u00fdstup chuti a shisha \u00farove\u0148 parn\u00edho v\u00fdstupu v jednor\u00e1zov\u00e9m form\u00e1tu. Navr\u017eeno pro <strong data-start=\"431\" data-end=\"480\">velkoobjemov\u00fd maloobchod a velkoobchodn\u00ed distribuci<\/strong>, tento model dosahuje a\u017e <strong data-start=\"508\" data-end=\"524\">60 000 puf\u016f<\/strong> se stabiln\u00edm v\u00fdkonem, co\u017e z n\u011bj \u010din\u00ed jeden z nejv\u00edce n\u00e1kladov\u011b efektivn\u00edch <strong data-start=\"591\" data-end=\"627\">velk\u00fdch potahov\u00fdch jednor\u00e1zov\u00fdch hookah vaporiz\u00e9r\u016f<\/strong> na trhu.<\/p>\n<p data-start=\"644\" data-end=\"998\">Postaven kolem obrovsk\u00e9ho <strong data-start=\"667\" data-end=\"694\">50ml z\u00e1sobn\u00edku e-liquidu<\/strong> a <strong data-start=\"701\" data-end=\"736\">vysoce v\u00fdkonn\u00e1 mesh c\u00edvka 0,6\u03a9<\/strong>, <strong data-start=\"742\" data-end=\"769\">Al Fakher CRYSTAL 60000<\/strong> udr\u017euje hust\u00fd p\u00e1ra a \u010distou chu\u0165 od prvn\u00edho n\u00e1dechu po posledn\u00ed. Na rozd\u00edl od kr\u00e1tkodob\u00fdch jednor\u00e1zov\u00fdch za\u0159\u00edzen\u00ed, kter\u00e1 rychle ztr\u00e1cej\u00ed v\u00fdkon, je tento syst\u00e9m nalad\u011bn na konzistentn\u00ed dod\u00e1vku, co\u017e je kl\u00ed\u010dov\u00e9 pro opakovan\u00fd prodej a udr\u017een\u00ed z\u00e1kazn\u00edk\u016f.<\/p>\n<p data-start=\"1000\" data-end=\"1348\">Za\u0159\u00edzen\u00ed podporuje <strong data-start=\"1020\" data-end=\"1040\">du\u00e1ln\u00ed re\u017eim vapingu<\/strong>, umo\u017e\u0148uj\u00edc\u00ed u\u017eivatel\u016fm p\u0159ep\u00ednat mezi <strong data-start=\"1075\" data-end=\"1099\">DTL (p\u0159\u00edm\u00e9 do plic)<\/strong> pro cloudov\u00e9 shisha sezen\u00ed a <strong data-start=\"1136\" data-end=\"1159\">MTL (mouth-to-lung \u2013 \u00fasta-pl\u00edce)<\/strong> pro kontrolovan\u011bj\u0161\u00ed tah. Tato flexibilita \u010din\u00ed <strong data-start=\"1215\" data-end=\"1250\">Al Fakher Crown Bar Crystal 60K<\/strong> vhodn\u00fdm jak pro fanou\u0161ky vodn\u00edch d\u00fdmek, tak pro b\u011b\u017en\u00e9 u\u017eivatele jednor\u00e1zov\u00fdch vaporiz\u00e9r\u016f, \u010d\u00edm\u017e se zvy\u0161uje jeho komer\u010dn\u00ed dosah.<\/p>\n<p data-start=\"1350\" data-end=\"1704\">A <strong data-start=\"1352\" data-end=\"1384\">1000mAh dob\u00edjec\u00ed bateri\u00ed<\/strong> sp\u00e1rovan\u00fd s <strong data-start=\"1397\" data-end=\"1421\">Rychl\u00e9 nab\u00edjen\u00ed Type-C<\/strong> udr\u017euje za\u0159\u00edzen\u00ed v chodu bez v\u00fdpadk\u016f. Vestav\u011bn\u00fd <strong data-start=\"1478\" data-end=\"1503\">chytr\u00fd digit\u00e1ln\u00ed displej<\/strong> ukazuje aktu\u00e1ln\u00ed \u00farove\u0148 baterie a e-liquidu, sni\u017euje frustraci u\u017eivatel\u016f a zlep\u0161uje vn\u00edmanou kvalitu produktu \u2014 d\u016fle\u017eit\u00fd faktor v konkuren\u010dn\u00edch <strong data-start=\"1652\" data-end=\"1688\">Velkoobchod s jednor\u00e1zov\u00fdmi vaporiz\u00e9ry v \u010cR<\/strong> a na trz\u00edch EU.<\/p>\n<p data-start=\"1706\" data-end=\"1900\">Pro velkoobchodn\u00edky hledaj\u00edc\u00ed <strong data-start=\"1734\" data-end=\"1787\">n\u00edzkou cenu, vysok\u00fd po\u010det pota\u017een\u00ed a siln\u00fd tah zna\u010dky<\/strong>, <strong data-start=\"1793\" data-end=\"1819\">Al Fakher 60K E-Hose X<\/strong> nab\u00edz\u00ed vyv\u00e1\u017eenou kombinaci v\u00fdkonu, odolnosti a stability prodeje.<\/p>\n<p><strong><span style=\"color: #ff0000;\">P\u0159idejte si Amy na WhatsApp pro rychlou odpov\u011b\u010f a kup\u00f3n na vapky!<\/span><\/strong><\/p>\n<p><img fetchpriority=\"high\" decoding=\"async\" class=\"size-full wp-image-2932\" src=\"https:\/\/vapestornado.com\/wp-content\/uploads\/2024\/12\/Vape-Wholesale.jpg\" alt=\"Velkoobchod s vape\" width=\"229\" height=\"300\" \/><\/p>\n<h3><a href=\"https:\/\/wa.me\/8617776015835\" target=\"_blank\" rel=\"noopener\"><span style=\"color: #ff0000;\"><strong>WhatsApp: +86 17776015835<\/strong><\/span><\/a><\/h3>\n<p>&nbsp;<\/p>\n<h2><strong>Funkce produktu Al Fakher 60k pota\u017een\u00ed<\/strong><\/h2>\n<ul>\n<li data-start=\"1956\" data-end=\"2043\">\n<p data-start=\"1958\" data-end=\"2043\"><strong data-start=\"1958\" data-end=\"1975\">60 000 pota\u017een\u00ed:<\/strong> Vyrobeno pro dlouhodob\u00e9 pou\u017eit\u00ed bez p\u0159ed\u010dasn\u00e9ho poklesu p\u00e1ry nebo chuti.<\/p>\n<\/li>\n<li data-start=\"2044\" data-end=\"2151\">\n<p data-start=\"2046\" data-end=\"2151\"><strong data-start=\"2046\" data-end=\"2073\">Kapacita e-liquidu 50 ml:<\/strong> Velk\u00fd intern\u00ed tank sni\u017euje frekvenci v\u00fdm\u011bny a zvy\u0161uje hodnotu pro u\u017eivatele.<\/p>\n<\/li>\n<li data-start=\"2152\" data-end=\"2230\">\n<p data-start=\"2154\" data-end=\"2230\"><strong data-start=\"2154\" data-end=\"2175\">Dvoj\u00ed re\u017eim vapov\u00e1n\u00ed:<\/strong> Podporuje jak DTL, tak MTL pro \u0161ir\u0161\u00ed p\u0159ita\u017elivost z\u00e1kazn\u00edk\u016f.<\/p>\n<\/li>\n<li data-start=\"2231\" data-end=\"2323\">\n<p data-start=\"2233\" data-end=\"2323\"><strong data-start=\"2233\" data-end=\"2252\">0,6\u03a9 Mesh C\u00edvka:<\/strong> Poskytuje plynul\u00fd pr\u016ftok vzduchu, hust\u00e9 mraky a konzistentn\u00ed chu\u0165ov\u00fd v\u00fdstup.<\/p>\n<\/li>\n<li data-start=\"2324\" data-end=\"2406\">\n<p data-start=\"2326\" data-end=\"2406\"><strong data-start=\"2326\" data-end=\"2346\">Baterie 1000mAh:<\/strong> Dob\u00edjec\u00ed nap\u00e1jec\u00ed syst\u00e9m navr\u017een\u00fd pro intenzivn\u00ed denn\u00ed pou\u017e\u00edv\u00e1n\u00ed.<\/p>\n<\/li>\n<li data-start=\"2407\" data-end=\"2492\">\n<p data-start=\"2409\" data-end=\"2492\"><strong data-start=\"2409\" data-end=\"2429\">Dob\u00edjen\u00ed Type-C:<\/strong> Rychlej\u0161\u00ed a stabiln\u011bj\u0161\u00ed dob\u00edjen\u00ed s modern\u00ed kompatibilitou.<\/p>\n<\/li>\n<li data-start=\"2493\" data-end=\"2582\">\n<p data-start=\"2495\" data-end=\"2582\"><strong data-start=\"2495\" data-end=\"2521\">Chytr\u00fd digit\u00e1ln\u00ed displej:<\/strong> Zobrazuje \u00farove\u0148 baterie a hladinu kapaliny pro spolehliv\u00e9 ka\u017edodenn\u00ed pou\u017eit\u00ed.<\/p>\n<\/li>\n<li data-start=\"2583\" data-end=\"2666\">\n<p data-start=\"2585\" data-end=\"2666\"><strong data-start=\"2585\" data-end=\"2614\">S\u00edla nikotinu 6mg\/ml:<\/strong> Vyv\u00e1\u017een\u00e9 dod\u00e1n\u00ed ur\u010den\u00e9 pro vapov\u00e1n\u00ed ve stylu shisha.<\/p>\n<\/li>\n<\/ul>\n<div>\n<figure id=\"attachment_4783\" aria-describedby=\"caption-attachment-4783\" style=\"width: 300px\" class=\"wp-caption alignnone\"><img decoding=\"async\" class=\"size-medium wp-image-4783\" src=\"https:\/\/vapestornado.com\/wp-content\/uploads\/2026\/01\/AL-Fakher-60k-Crown-Bar-EHOSE-X-60000-Puff-Disposable-Vape-300x300.webp\" alt=\"AL Fakher 60k Crown Bar EHOSE X Jednor\u00e1zov\u00fd vaporiz\u00e9r na 60000 pot\u00e1hnut\u00ed\" width=\"300\" height=\"300\" srcset=\"https:\/\/vapestornado.com\/wp-content\/uploads\/2026\/01\/AL-Fakher-60k-Crown-Bar-EHOSE-X-60000-Puff-Disposable-Vape-300x300.webp 300w, https:\/\/vapestornado.com\/wp-content\/uploads\/2026\/01\/AL-Fakher-60k-Crown-Bar-EHOSE-X-60000-Puff-Disposable-Vape-150x150.webp 150w, https:\/\/vapestornado.com\/wp-content\/uploads\/2026\/01\/AL-Fakher-60k-Crown-Bar-EHOSE-X-60000-Puff-Disposable-Vape-768x768.webp 768w, https:\/\/vapestornado.com\/wp-content\/uploads\/2026\/01\/AL-Fakher-60k-Crown-Bar-EHOSE-X-60000-Puff-Disposable-Vape-12x12.webp 12w, https:\/\/vapestornado.com\/wp-content\/uploads\/2026\/01\/AL-Fakher-60k-Crown-Bar-EHOSE-X-60000-Puff-Disposable-Vape-600x600.webp 600w, https:\/\/vapestornado.com\/wp-content\/uploads\/2026\/01\/AL-Fakher-60k-Crown-Bar-EHOSE-X-60000-Puff-Disposable-Vape-100x100.webp 100w, https:\/\/vapestornado.com\/wp-content\/uploads\/2026\/01\/AL-Fakher-60k-Crown-Bar-EHOSE-X-60000-Puff-Disposable-Vape.webp 800w\" sizes=\"(max-width: 300px) 100vw, 300px\" \/><figcaption id=\"caption-attachment-4783\" class=\"wp-caption-text\">AL Fakher 60k Crown Bar EHOSE X Jednor\u00e1zov\u00fd vaporiz\u00e9r na 60000 pot\u00e1hnut\u00ed<\/figcaption><\/figure>\n<\/div>\n<h2 class=\"product-title\"><strong>Seznam p\u0159\u00edchut\u00ed Al Fakher 60k EHose X<\/strong><\/h2>\n<p>1 Bor\u016fvka Modr\u00e1<br \/>\n2 Bor\u016fvka Led<br \/>\n3 \u010cern\u00fd ryb\u00edz Led<br \/>\n4 \u010cern\u00fd ryb\u00edz M\u00e1ta<br \/>\n5 Modr\u00fd Razz V\u00fdbuch<br \/>\n6 Modr\u00fd Razz Limon\u00e1da<br \/>\n7 Bor\u016fvka T\u0159e\u0161e\u0148<br \/>\n8 Bor\u016fvkov\u00e1 \u017ev\u00fdka\u010dka<br \/>\n9 Bor\u016fvkov\u00e1 limon\u00e1da<br \/>\n10 Bor\u016fvkov\u00e1 m\u00e1ta<br \/>\n11 Bor\u016fvka-ryb\u00edz<br \/>\n12 Bor\u016fvka s kyselou malinou<br \/>\n13 T\u0159e\u0161\u0148ov\u00e1 fiesta<br \/>\n14 T\u0159e\u0161\u0148ov\u00fd perliv\u00fd n\u00e1poj<br \/>\n15 T\u0159e\u0161\u0148ov\u00e1 zmrzlina<br \/>\n16 Chladn\u00e9 mango<br \/>\n17 Fusion Pop<br \/>\n18 Hroznov\u00e9<br \/>\n19 Hroznov\u00e9-berry<br \/>\n20 Hroznov\u00e1 m\u00e1ta<br \/>\n21 \u017dv\u00fdka\u010dka m\u00e1ta<br \/>\n22 Hubba<br \/>\n23 Ledov\u011b modr\u00e1<br \/>\n24 Citr\u00f3n-limetka<br \/>\n25 Citr\u00f3n-limetka T\u0159e\u0161\u0148ov\u00fd perliv\u00fd n\u00e1poj<br \/>\n26 Citr\u00f3nov\u00e1 m\u00e1ta<br \/>\n27 Lush Ice<br \/>\n28 Kouzeln\u00e1 l\u00e1ska<br \/>\n29 Mango Ananas<br \/>\n30 Mentol<br \/>\n31 M\u00e1ta<br \/>\n32 Sm\u00ed\u0161en\u00e9 bobule<br \/>\n33 Pomeran\u010dov\u00e1 m\u00e1ta<br \/>\n34 Broskev Ice<br \/>\n35 Ananas Ice<br \/>\n36 Vesm\u00edrn\u00fd sen<br \/>\n37 M\u00e1ta peprn\u00e1<br \/>\n38 Jahoda T\u0159e\u0161e\u0148<br \/>\n39 Jahodov\u00e1 P\u00e1rty<br \/>\n40 Letn\u00ed sen<br \/>\n41 Dv\u011b jablka<br \/>\n42 Meloun T\u0159e\u0161e\u0148<br \/>\n43 Meloun Kiwi<br \/>\n44 Meloun Limeta<br \/>\n45 Meloun Ananas<\/p>\n<div class=\"flex-shrink-0 flex flex-col relative items-end\">\n<div class=\"pt-0\">\n<div class=\"gizmo-bot-avatar flex h-8 w-8 items-center justify-center overflow-hidden rounded-full\">\n<div class=\"relative p-1 rounded-sm flex items-center justify-center bg-token-main-surface-primary text-token-text-primary h-8 w-8\">\n<h2 data-start=\"1200\" data-end=\"1487\">Vapes Tornado \u2013 V\u00e1\u0161 velkoobchodn\u00ed online obchod s vaporiz\u00e9ry pro obl\u00edben\u00e9 vaporiz\u00e9ry<\/h2>\n<p data-start=\"72\" data-end=\"396\"><strong data-start=\"72\" data-end=\"89\">Vapes Tornado<\/strong> je velkoobchodn\u00ed online obchod s vaporiz\u00e9ry zam\u011b\u0159en\u00fd na Evropu, dod\u00e1vaj\u00edc\u00ed pe\u010dliv\u011b vybranou \u0159adu <strong data-start=\"178\" data-end=\"195\">obl\u00edben\u00fdch vaporiz\u00e9r\u016f<\/strong> pro profesion\u00e1ln\u00ed kupce. Spolupracujeme s maloobchodn\u00edky, distributory a online obchody po cel\u00e9 EU, kte\u0159\u00ed pot\u0159ebuj\u00ed stabiln\u00ed dod\u00e1vky, jasn\u00e9 informace o produktech a zna\u010dky, kter\u00e9 z\u00e1kazn\u00edci ji\u017e znaj\u00ed a d\u016fv\u011b\u0159uj\u00ed jim.<\/p>\n<p data-start=\"398\" data-end=\"687\">Spolupracujeme s d\u016fv\u011bryhodn\u00fdmi zna\u010dkami, jako jsou <strong data-start=\"247\" data-end=\"352\">Elf Bar Vape, WASPE Vape, <a href=\"https:\/\/vapestornado.com\/cs\/product\/uzy-150k-puffs-6-in-1-flavor-switch-disposable-vape-pen-wholesale\/\">UZY Vape<\/a>, Bang Vape, Razz Bar Vape, <a href=\"https:\/\/vapestornado.com\/cs\/product\/randm-12000-puffs-fumot-digital-disposable-vape-wholesale-price\/\">Fumot VAPE<\/a>, <a href=\"https:\/\/vapestornado.com\/cs\/product\/original-wga-ultra-35k-35000-puff-rechargeable-crystal-disposable-nicotine-vape-best-discount-price\/\">WGA VAPE<\/a>, <a href=\"https:\/\/vapestornado.com\/cs\/product\/vozol-gear-shisha-25k-25000-puffs-best-dtl-disposable-vape-hookah-cheap-price\/\">VOZOL BAR VAPE<\/a>,\u00a0a Stag Bar Vape<\/strong>, vybran\u00e9 pro konzistentn\u00ed kvalitu a silnou popt\u00e1vku na evropsk\u00e9m trhu.<\/p>\n<h4 data-start=\"1080\" data-end=\"1120\">Vytvo\u0159eno pro velkoobchodn\u00edky v \u010cesk\u00e9 republice<\/h4>\n<p data-start=\"1121\" data-end=\"1189\">Vapes Tornado je strukturov\u00e1no kolem skute\u010dn\u00fdch pot\u0159eb velkoobchodn\u00edk\u016f v EU:<\/p>\n<ul data-start=\"1190\" data-end=\"1400\">\n<li data-start=\"1190\" data-end=\"1239\">\n<p data-start=\"1192\" data-end=\"1239\">Konkurenceschopn\u00e9 velkoobchodn\u00ed ceny pro velk\u00e9 objedn\u00e1vky<\/p>\n<\/li>\n<li data-start=\"1240\" data-end=\"1289\">\n<p data-start=\"1242\" data-end=\"1289\">P\u0159ehledn\u00e9 popisy produkt\u016f a specifikace<\/p>\n<\/li>\n<li data-start=\"1290\" data-end=\"1330\">\n<p data-start=\"1292\" data-end=\"1330\">Rychl\u00e1, spolehliv\u00e1 logistika orientovan\u00e1 na EU<\/p>\n<\/li>\n<li data-start=\"1331\" data-end=\"1400\">\n<p data-start=\"1333\" data-end=\"1400\">Katalog zam\u011b\u0159en\u00fd na <strong data-start=\"1356\" data-end=\"1373\">obl\u00edben\u00fdch vaporiz\u00e9r\u016f<\/strong>, ne na p\u0159et\u00ed\u017een\u00e9 SKU<\/p>\n<\/li>\n<\/ul>\n<h2 data-start=\"2064\" data-end=\"2115\">\u010casto kladen\u00e9 ot\u00e1zky o Al Fakher 60k EHose X Jednor\u00e1zov\u00e9m vaporiz\u00e9ru<\/h2>\n<p data-start=\"3387\" data-end=\"3541\"><strong data-start=\"3387\" data-end=\"3441\">1. Pro koho je ur\u010den Al Fakher 60K E-Hose X?<\/strong><br data-start=\"3441\" data-end=\"3444\" \/>Je ur\u010den milovn\u00edk\u016fm shishy a u\u017eivatel\u016fm s vysok\u00fdm objemem spot\u0159eby, kte\u0159\u00ed cht\u011bj\u00ed dlouhotrvaj\u00edc\u00ed v\u00fdkon.<\/p>\n<p data-start=\"3543\" data-end=\"3668\"><strong data-start=\"3543\" data-end=\"3587\">2. Mohou u\u017eivatel\u00e9 p\u0159ep\u00ednat mezi DTL a MTL?<\/strong><br data-start=\"3587\" data-end=\"3590\" \/>Ano, re\u017eim dvojit\u00e9ho vapov\u00e1n\u00ed umo\u017e\u0148uje jak p\u0159\u00edm\u00e9 do plic, tak \u00fastn\u00ed do plic styl vapov\u00e1n\u00ed.<\/p>\n<p data-start=\"3670\" data-end=\"3796\"><strong data-start=\"3670\" data-end=\"3708\">3. Jak dlouho vydr\u017e\u00ed baterie?<\/strong><br data-start=\"3708\" data-end=\"3711\" \/>Baterie 1000mAh podporuje dlouh\u00e9 denn\u00ed pou\u017e\u00edv\u00e1n\u00ed a lze ji rychle dob\u00edt pomoc\u00ed Type-C.<\/p>\n<p data-start=\"3798\" data-end=\"3944\"><strong data-start=\"3798\" data-end=\"3857\">4. Z\u016fst\u00e1v\u00e1 chu\u0165 konzistentn\u00ed po cel\u00fdch 60 000 pot\u00e1hnut\u00ed?<\/strong><br data-start=\"3857\" data-end=\"3860\" \/>S\u00ed\u0165ov\u00e1 c\u00edvka a syst\u00e9m s 50ml e-liquidu pom\u00e1haj\u00ed udr\u017eovat stabiln\u00ed chu\u0165 a v\u00fdstup p\u00e1ry.<\/p>\n<p data-start=\"3946\" data-end=\"4135\"><strong data-start=\"3946\" data-end=\"4028\">5. Je tento model vhodn\u00fd pro velkoobchod s jednor\u00e1zov\u00fdmi vaporiz\u00e9ry na trhu v \u010cesk\u00e9 republice a EU?<\/strong><br data-start=\"4028\" data-end=\"4031\" \/>Ano, je navr\u017een pro velkoobchodn\u00ed distribuci s spolehliv\u00fdm v\u00fdkonem a silnou zna\u010dkou.<\/p>\n<\/div>\n<\/div>\n<\/div>\n<\/div>","protected":false},"excerpt":{"rendered":"<p data-start=\"4645\" data-end=\"4728\"><strong data-start=\"0\" data-end=\"26\" data-is-only-node=\"\">Al Fakher 60K E-Hose X<\/strong> poskytuje a\u017e <strong data-start=\"42\" data-end=\"58\">60 000 puf\u016f<\/strong> s jemn\u00fdm shisha-stylov\u00fdm parn\u00edm v\u00fdstupem, <strong data-start=\"91\" data-end=\"111\">du\u00e1ln\u00ed re\u017eim vapingu<\/strong>, a v\u00fdkonn\u00fdm <strong data-start=\"128\" data-end=\"160\">1000mAh dob\u00edjec\u00ed bateri\u00ed<\/strong>. Vyrobeno pro prodej ve velk\u00e9m objemu, toto <strong data-start=\"196\" data-end=\"223\">Crown Bar Crystal 60000<\/strong> nab\u00edz\u00ed silnou chu\u0165, dlouhou \u017eivotnost a <strong data-start=\"261\" data-end=\"300\">n\u00edzkon\u00e1kladov\u00fd velkoobchod s jednor\u00e1zov\u00fdmi vaporiz\u00e9ry<\/strong> po cel\u00e9 Evrop\u011b.<\/p>\n<p><strong>P\u0159idejte si Amy na Whatsapp, abyste z\u00edskali spr\u00e1vnou odpov\u011b\u010f a slevu!<\/strong><\/p>\n<p><img fetchpriority=\"high\" decoding=\"async\" class=\"size-full wp-image-2932\" src=\"https:\/\/vapestornado.com\/wp-content\/uploads\/2024\/12\/Vape-Wholesale.jpg\" alt=\"Velkoobchod s vape\" width=\"229\" height=\"300\" \/><\/p>\n<h3><a href=\"https:\/\/wa.me\/8617776015835\"><span style=\"color: #ff0000;\"><strong>WhatsApp: +86 17776015835<\/strong><\/span><\/a><\/h3>","protected":false},"featured_media":4784,"comment_status":"open","ping_status":"closed","template":"","meta":{"_acf_changed":false,"_uag_custom_page_level_css":"","_lmt_disableupdate":"no","_lmt_disable":"","_monsterinsights_skip_tracking":false,"_monsterinsights_sitenote_active":false,"_monsterinsights_sitenote_note":"","_monsterinsights_sitenote_category":0,"site-sidebar-layout":"default","site-content-layout":"","ast-site-content-layout":"default","site-content-style":"default","site-sidebar-style":"default","ast-global-header-display":"","ast-banner-title-visibility":"","ast-main-header-display":"","ast-hfb-above-header-display":"","ast-hfb-below-header-display":"","ast-hfb-mobile-header-display":"","site-post-title":"","ast-breadcrumbs-content":"","ast-featured-img":"","footer-sml-layout":"","ast-disable-related-posts":"","theme-transparent-header-meta":"default","adv-header-id-meta":"","stick-header-meta":"","header-above-stick-meta":"","header-main-stick-meta":"","header-below-stick-meta":"","astra-migrate-meta-layouts":"set","ast-page-background-enabled":"default","ast-page-background-meta":{"desktop":{"background-color":"","background-image":"","background-repeat":"repeat","background-position":"center center","background-size":"auto","background-attachment":"scroll","background-type":"","background-media":"","overlay-type":"","overlay-color":"","overlay-opacity":"","overlay-gradient":""},"tablet":{"background-color":"","background-image":"","background-repeat":"repeat","background-position":"center center","background-size":"auto","background-attachment":"scroll","background-type":"","background-media":"","overlay-type":"","overlay-color":"","overlay-opacity":"","overlay-gradient":""},"mobile":{"background-color":"","background-image":"","background-repeat":"repeat","background-position":"center center","background-size":"auto","background-attachment":"scroll","background-type":"","background-media":"","overlay-type":"","overlay-color":"","overlay-opacity":"","overlay-gradient":""}},"ast-content-background-meta":{"desktop":{"background-color":"var(--ast-global-color-5)","background-image":"","background-repeat":"repeat","background-position":"center center","background-size":"auto","background-attachment":"scroll","background-type":"","background-media":"","overlay-type":"","overlay-color":"","overlay-opacity":"","overlay-gradient":""},"tablet":{"background-color":"var(--ast-global-color-5)","background-image":"","background-repeat":"repeat","background-position":"center center","background-size":"auto","background-attachment":"scroll","background-type":"","background-media":"","overlay-type":"","overlay-color":"","overlay-opacity":"","overlay-gradient":""},"mobile":{"background-color":"var(--ast-global-color-5)","background-image":"","background-repeat":"repeat","background-position":"center center","background-size":"auto","background-attachment":"scroll","background-type":"","background-media":"","overlay-type":"","overlay-color":"","overlay-opacity":"","overlay-gradient":""}},"_joinchat":[]},"product_brand":[],"product_cat":[343,531,140,150,152,156,158,142,146,147],"product_tag":[537,536,317,538,291,539,513,512],"class_list":{"0":"post-4788","1":"product","2":"type-product","3":"status-publish","4":"has-post-thumbnail","6":"product_cat-60000-puff","7":"product_cat-al-fakher-crown-bar","8":"product_cat-big-puffs-disposable-vapes","9":"product_cat-buy-disposable-vapes-in-belgium","10":"product_cat-buy-disposable-vapes-in-cermany","11":"product_cat-buy-disposable-vapes-in-poland","12":"product_cat-buy-disposable-vapes-in-spain","13":"product_cat-digital-box-disposable-vapes","14":"product_cat-rechargeable-disposable-vapes","15":"product_cat-shisha-hookah-disposable-vapes","16":"product_tag-al-fakher-60000","17":"product_tag-al-fakher-60k-ehose-x","18":"product_tag-al-fakher-crown-bar","19":"product_tag-disposable-e-shisha","20":"product_tag-disposable-shisha-hookah","21":"product_tag-hookah-shisha","22":"product_tag-vape-discount-price","23":"product_tag-vape-wholesale-distributor","24":"desktop-align-left","25":"tablet-align-left","26":"mobile-align-left","28":"first","29":"instock","30":"sale","31":"shipping-taxable","32":"purchasable","33":"product-type-simple"},"acf":[],"uagb_featured_image_src":{"full":["https:\/\/vapestornado.com\/wp-content\/uploads\/2026\/01\/AL-Fakher-Crown-Bar-EHOSE-X-60K-Disposable-Vape.webp",800,800,false],"thumbnail":["https:\/\/vapestornado.com\/wp-content\/uploads\/2026\/01\/AL-Fakher-Crown-Bar-EHOSE-X-60K-Disposable-Vape-150x150.webp",150,150,true],"medium":["https:\/\/vapestornado.com\/wp-content\/uploads\/2026\/01\/AL-Fakher-Crown-Bar-EHOSE-X-60K-Disposable-Vape-300x300.webp",300,300,true],"medium_large":["https:\/\/vapestornado.com\/wp-content\/uploads\/2026\/01\/AL-Fakher-Crown-Bar-EHOSE-X-60K-Disposable-Vape-768x768.webp",768,768,true],"large":["https:\/\/vapestornado.com\/wp-content\/uploads\/2026\/01\/AL-Fakher-Crown-Bar-EHOSE-X-60K-Disposable-Vape.webp",800,800,false],"1536x1536":["https:\/\/vapestornado.com\/wp-content\/uploads\/2026\/01\/AL-Fakher-Crown-Bar-EHOSE-X-60K-Disposable-Vape.webp",800,800,false],"2048x2048":["https:\/\/vapestornado.com\/wp-content\/uploads\/2026\/01\/AL-Fakher-Crown-Bar-EHOSE-X-60K-Disposable-Vape.webp",800,800,false],"trp-custom-language-flag":["https:\/\/vapestornado.com\/wp-content\/uploads\/2026\/01\/AL-Fakher-Crown-Bar-EHOSE-X-60K-Disposable-Vape-12x12.webp",12,12,true],"woocommerce_thumbnail":["https:\/\/vapestornado.com\/wp-content\/uploads\/2026\/01\/AL-Fakher-Crown-Bar-EHOSE-X-60K-Disposable-Vape-300x300.webp",300,300,true],"woocommerce_single":["https:\/\/vapestornado.com\/wp-content\/uploads\/2026\/01\/AL-Fakher-Crown-Bar-EHOSE-X-60K-Disposable-Vape-600x600.webp",600,600,true],"woocommerce_gallery_thumbnail":["https:\/\/vapestornado.com\/wp-content\/uploads\/2026\/01\/AL-Fakher-Crown-Bar-EHOSE-X-60K-Disposable-Vape-100x100.webp",100,100,true]},"uagb_author_info":{"display_name":"ESAMY","author_link":"https:\/\/vapestornado.com\/cs\/author\/"},"uagb_comment_info":0,"uagb_excerpt":"Al Fakher 60K E-Hose X delivers up to 60,000 puffs with smooth shisha-style vapor, dual vaping mode, and a powerful 1000mAh rechargeable battery. Built for high-volume sales, this Crown Bar Crystal 60000 offers strong flavor, long life, and low-price disposable vape wholesale across Europe. Add Amy's whatsapp to get right reply and discount price! WhatsApp:&hellip;","_links":{"self":[{"href":"https:\/\/vapestornado.com\/cs\/wp-json\/wp\/v2\/product\/4788","targetHints":{"allow":["GET"]}}],"collection":[{"href":"https:\/\/vapestornado.com\/cs\/wp-json\/wp\/v2\/product"}],"about":[{"href":"https:\/\/vapestornado.com\/cs\/wp-json\/wp\/v2\/types\/product"}],"replies":[{"embeddable":true,"href":"https:\/\/vapestornado.com\/cs\/wp-json\/wp\/v2\/comments?post=4788"}],"wp:featuredmedia":[{"embeddable":true,"href":"https:\/\/vapestornado.com\/cs\/wp-json\/wp\/v2\/media\/4784"}],"wp:attachment":[{"href":"https:\/\/vapestornado.com\/cs\/wp-json\/wp\/v2\/media?parent=4788"}],"wp:term":[{"taxonomy":"product_brand","embeddable":true,"href":"https:\/\/vapestornado.com\/cs\/wp-json\/wp\/v2\/product_brand?post=4788"},{"taxonomy":"product_cat","embeddable":true,"href":"https:\/\/vapestornado.com\/cs\/wp-json\/wp\/v2\/product_cat?post=4788"},{"taxonomy":"product_tag","embeddable":true,"href":"https:\/\/vapestornado.com\/cs\/wp-json\/wp\/v2\/product_tag?post=4788"}],"curies":[{"name":"wp","href":"https:\/\/api.w.org\/{rel}","templated":true}]}}