{"id":4781,"date":"2026-01-07T09:28:57","date_gmt":"2026-01-07T09:28:57","guid":{"rendered":"https:\/\/vapestornado.com\/?post_type=product&#038;p=4781"},"modified":"2026-01-07T09:59:16","modified_gmt":"2026-01-07T09:59:16","slug":"al-fakher-mega-max-40k-puffs-crown-bar-disposable-e-shisha-hookah-vape-adjustable-airflow","status":"publish","type":"product","link":"https:\/\/vapestornado.com\/cs\/product\/al-fakher-mega-max-40k-puffs-crown-bar-disposable-e-shisha-hookah-vape-adjustable-airflow\/","title":{"rendered":"Al Fakher Mega Max 40K Puffs Crown Bar Jednor\u00e1zov\u00e1 E Shisha Hookah Vape Nastaviteln\u00fd pr\u016ftok vzduchu"},"content":{"rendered":"<h1 data-start=\"0\" data-end=\"87\">Al Fakher Mega Max 40K Puffs Crown Bar Jednor\u00e1zov\u00e1 E Shisha Hookah Vape s nastaviten\u00fdm pr\u016ftokem vzduchu<\/h1>\n<p data-start=\"207\" data-end=\"581\">Vytvo\u0159eno pro u\u017eivatele s vysok\u00fdm objemem a velkoobchodn\u00ed trhy, <strong data-start=\"262\" data-end=\"288\">Al Fakher Mega Max 40K<\/strong> p\u0159edstavuje dal\u0161\u00ed v\u00fdvoj v\u00fdkonu jednor\u00e1zov\u00e9 e-shisha. S a\u017e <strong data-start=\"366\" data-end=\"382\">40 000 pot\u00e1hnut\u00ed<\/strong>, nastaviten\u00fdm pr\u016ftokem vzduchu a podpisov\u00fdm chutov\u00fdm in\u017een\u00fdrstv\u00edm Al Fakher, je toto za\u0159\u00edzen\u00ed za\u0159azeno jako pr\u00e9miov\u00e9, ale praktick\u00e9 \u0159e\u0161en\u00ed pro distributory v \u010cR hledaj\u00edc\u00ed stabiln\u00ed obrat a silnou opakovanou popt\u00e1vku.<\/p>\n<p data-start=\"583\" data-end=\"1045\">Jako sou\u010d\u00e1st \u0159ady <strong data-start=\"598\" data-end=\"621\">Al Fakher Crown Bar<\/strong> je Mega Max 40000 navr\u017een tak, aby poskytoval konzistentn\u00ed v\u00fdkon po celou dobu sv\u00e9 \u017eivotnosti. Kombinace <strong data-start=\"738\" data-end=\"756\">du\u00e1ln\u00ed mesh c\u00edvka<\/strong>, <strong data-start=\"758\" data-end=\"785\">20ml p\u0159ednapln\u011bn\u00e9ho e-liquidu<\/strong>a <strong data-start=\"793\" data-end=\"824\">dob\u00edjec\u00ed baterie s kapacitou 850 mAh<\/strong> zaru\u010duje spolehlivou hustotu par a jasnost chuti od prvn\u00edho potahu po posledn\u00ed. To ho \u010din\u00ed obzvl\u00e1\u0161\u0165 vhodn\u00fdm pro z\u00e1kazn\u00edky p\u0159ech\u00e1zej\u00edc\u00ed z tradi\u010dn\u00edho hookahu nebo opakovan\u011b pou\u017eiteln\u00fdch syst\u00e9m\u016f e-shisha na jednor\u00e1zov\u00e9 form\u00e1ty.<\/p>\n<p data-start=\"1047\" data-end=\"1332\">Ten <strong data-start=\"1051\" data-end=\"1080\">nastaviteln\u00fd syst\u00e9m proud\u011bn\u00ed vzduchu<\/strong> umo\u017e\u0148uje u\u017eivatel\u016fm jemn\u011b doladit sv\u016fj n\u00e1dech, p\u0159ech\u00e1zet mezi t\u011bsn\u011bj\u0161\u00edm stylem hookah a otev\u0159en\u011bj\u0161\u00edm, vzdu\u0161n\u011bj\u0161\u00edm n\u00e1dechem. Tato flexibilita roz\u0161i\u0159uje jeho p\u0159ita\u017elivost nap\u0159\u00ed\u010d r\u016fzn\u00fdmi preferencemi vapingu, pom\u00e1h\u00e1 prodejc\u016fm pokr\u00fdt v\u00edce z\u00e1kaznick\u00fdch profil\u016f jedn\u00edm SKU.<\/p>\n<p data-start=\"1334\" data-end=\"1686\">Pro velkoobchodn\u00ed kupce nab\u00edz\u00ed Al Fakher Mega Max 40K to, na \u010dem z\u00e1le\u017e\u00ed nejv\u00edce: rozpoznatelnou zna\u010dku, kontrolovanou s\u00edlu nikotinu, modern\u00ed nab\u00edjen\u00ed Type-C a kvalitu zpracov\u00e1n\u00ed, kter\u00e1 odr\u00e1\u017e\u00ed dlouhodobou spolehlivost, nikoli kr\u00e1tkodobou novinku. Za\u0159azen do <strong data-start=\"1589\" data-end=\"1620\">konkurenceschopnou velkoobchodn\u00ed cenu<\/strong>, je siln\u00fdm hr\u00e1\u010dem v kategorii jednor\u00e1zov\u00e9 e-shisha v \u010cR.<\/p>\n<h2 data-start=\"2768\" data-end=\"2821\">Pro\u010d zvolit Al Fakher Mega Max 40000 pro velkoobchod?<\/h2>\n<p data-start=\"2823\" data-end=\"3237\">Ten <strong data-start=\"2827\" data-end=\"2855\">Al Fakher Mega Max 40000<\/strong> je navr\u017een pro konzistenci, nikoliv pro triky. Vyu\u017e\u00edv\u00e1 glob\u00e1ln\u00ed d\u016fv\u011bru v zna\u010dku Al Fakher a z\u00e1rove\u0148 spl\u0148uje o\u010dek\u00e1v\u00e1n\u00ed distributor\u016f z \u010cesk\u00e9 republiky, kte\u0159\u00ed kladou d\u016fraz na spolehlivost, pr\u00e1vn\u00ed za\u0159azen\u00ed a p\u0159edv\u00eddateln\u00fd odbyt. Jeho jednor\u00e1zov\u00e1 e-shisha hookah ve form\u00e1tu, nastaviteln\u00e9 proud\u011bn\u00ed vzduchu a dlouh\u00e1 \u017eivotnost p\u0159i potahov\u00e1n\u00ed z n\u011bj \u010din\u00ed siln\u00fd dopln\u011bk jak pro prodejce zam\u011b\u0159en\u00e9 na vapov\u00e1n\u00ed, tak pro prodejce orientovan\u00e9 na hookah.<\/p>\n<p><strong><span style=\"color: #ff0000;\">P\u0159idejte si Amy na WhatsApp pro rychlou odpov\u011b\u010f a kup\u00f3n na vapky!<\/span><\/strong><\/p>\n<p><img fetchpriority=\"high\" decoding=\"async\" class=\"size-full wp-image-2932\" src=\"https:\/\/vapestornado.com\/wp-content\/uploads\/2024\/12\/Vape-Wholesale.jpg\" alt=\"Velkoobchod s vape\" width=\"229\" height=\"300\" \/><\/p>\n<h3><a href=\"https:\/\/wa.me\/8617776015835\" target=\"_blank\" rel=\"noopener\"><span style=\"color: #ff0000;\"><strong>WhatsApp: +86 17776015835<\/strong><\/span><\/a><\/h3>\n<p>&nbsp;<\/p>\n<h2><strong>Funkce produktu Al Fakher Mega Max 40K potah\u016f<\/strong><\/h2>\n<ul>\n<li data-start=\"113\" data-end=\"228\">\n<p data-start=\"115\" data-end=\"228\"><strong data-start=\"115\" data-end=\"139\">Kapacita 40 000 potah\u016f<\/strong> \u2013 Poskytuje prodlou\u017een\u00fd v\u00fdkon p\u0159i vapov\u00e1n\u00ed DTL, navr\u017een\u00fd pro dlouhodob\u00e9, vysokofrekven\u010dn\u00ed pou\u017eit\u00ed.<\/p>\n<\/li>\n<li data-start=\"229\" data-end=\"361\">\n<p data-start=\"231\" data-end=\"361\"><strong data-start=\"231\" data-end=\"258\">DTL styl shisha hookah<\/strong> \u2013 Optimalizov\u00e1no pro p\u0159\u00edm\u00e9 n\u00e1dechy do plic, vytv\u00e1\u0159\u00ed hust\u00e9 mraky podobn\u00e9 tradi\u010dn\u00edm sezen\u00edm u hookah.<\/p>\n<\/li>\n<li data-start=\"362\" data-end=\"476\">\n<p data-start=\"364\" data-end=\"476\"><strong data-start=\"364\" data-end=\"393\">Technologie du\u00e1ln\u00ed mesh spir\u00e1lky<\/strong> \u2013 Zaji\u0161\u0165uje rovnom\u011brn\u00e9 zah\u0159\u00edv\u00e1n\u00ed a stabiln\u00ed v\u00fdstup chuti od prvn\u00edho po posledn\u00ed potah.<\/p>\n<\/li>\n<li data-start=\"477\" data-end=\"605\">\n<p data-start=\"479\" data-end=\"605\"><strong data-start=\"479\" data-end=\"508\">Nastaviteln\u00fd syst\u00e9m proud\u011bn\u00ed vzduchu<\/strong> \u2013 Umo\u017e\u0148uje u\u017eivatel\u016fm jemn\u011b doladit odpor p\u0159i n\u00e1dechu pro personalizovan\u00e9 DTL nebo styl shisha vdechov\u00e1n\u00ed.<\/p>\n<\/li>\n<li data-start=\"606\" data-end=\"729\">\n<p data-start=\"608\" data-end=\"729\"><strong data-start=\"608\" data-end=\"636\">20ml p\u0159ednapln\u011bn\u00e9ho e-liquidu<\/strong> \u2013 Velk\u00e1 kapacita e-liquidu sni\u017euje frekvenci v\u00fdm\u011bny a podporuje dlouh\u00e9 vapovac\u00ed seance.<\/p>\n<\/li>\n<li data-start=\"730\" data-end=\"841\">\n<p data-start=\"732\" data-end=\"841\"><strong data-start=\"732\" data-end=\"757\">Nastaven\u00ed nikotinu 0,6%<\/strong> \u2013 Poskytuje jemn\u00e9, kontrolovan\u00e9 dod\u00e1v\u00e1n\u00ed nikotinu vhodn\u00e9 pro dlouhodob\u00e9 denn\u00ed pou\u017eit\u00ed.<\/p>\n<\/li>\n<li data-start=\"842\" data-end=\"945\">\n<p data-start=\"844\" data-end=\"945\"><strong data-start=\"844\" data-end=\"875\">850mAh Dob\u00edjec\u00ed baterie<\/strong> \u2013 Zaji\u0161\u0165uje konzistentn\u00ed v\u00fdkon po celou dobu \u017eivotnosti 40K potah\u016f.<\/p>\n<\/li>\n<li data-start=\"946\" data-end=\"1051\">\n<p data-start=\"948\" data-end=\"1051\"><strong data-start=\"948\" data-end=\"976\">Rychl\u00e9 nab\u00edjen\u00ed p\u0159es USB Type-C<\/strong> \u2013 Umo\u017e\u0148uje rychl\u00e9 a pohodln\u00e9 dob\u00edjen\u00ed s modern\u00ed kompatibilitou za\u0159\u00edzen\u00ed.<\/p>\n<\/li>\n<li data-start=\"1052\" data-end=\"1148\">\n<p data-start=\"1054\" data-end=\"1148\"><strong data-start=\"1054\" data-end=\"1076\">LED Displej<\/strong> \u2013 Jasn\u011b ukazuje \u00farove\u0148 baterie a e-liquidu pro lep\u0161\u00ed kontrolu pou\u017e\u00edv\u00e1n\u00ed.<\/p>\n<\/li>\n<li data-start=\"1149\" data-end=\"1259\">\n<p data-start=\"1151\" data-end=\"1259\"><strong data-start=\"1151\" data-end=\"1176\">Pr\u00e9miov\u00e9 hlin\u00edkov\u00e9 t\u011blo<\/strong> \u2013 Kombinuje odolnost s ergonomick\u00fdm, pr\u00e9miov\u00fdm vzhledem pro ka\u017edodenn\u00ed p\u0159enosnost.<\/p>\n<\/li>\n<\/ul>\n<figure id=\"attachment_4777\" aria-describedby=\"caption-attachment-4777\" style=\"width: 300px\" class=\"wp-caption alignnone\"><img decoding=\"async\" class=\"size-medium wp-image-4777\" src=\"https:\/\/vapestornado.com\/wp-content\/uploads\/2026\/01\/Al-Fakher-Mega-Max-40K-40000-Puff-Vape-Wholesale-Spain-300x300.webp\" alt=\"Al Fakher Mega Max 40K 40000 Puf Vape Velkoobchod \u010cR\" width=\"300\" height=\"300\" srcset=\"https:\/\/vapestornado.com\/wp-content\/uploads\/2026\/01\/Al-Fakher-Mega-Max-40K-40000-Puff-Vape-Wholesale-Spain-300x300.webp 300w, https:\/\/vapestornado.com\/wp-content\/uploads\/2026\/01\/Al-Fakher-Mega-Max-40K-40000-Puff-Vape-Wholesale-Spain-150x150.webp 150w, https:\/\/vapestornado.com\/wp-content\/uploads\/2026\/01\/Al-Fakher-Mega-Max-40K-40000-Puff-Vape-Wholesale-Spain-768x768.webp 768w, https:\/\/vapestornado.com\/wp-content\/uploads\/2026\/01\/Al-Fakher-Mega-Max-40K-40000-Puff-Vape-Wholesale-Spain-12x12.webp 12w, https:\/\/vapestornado.com\/wp-content\/uploads\/2026\/01\/Al-Fakher-Mega-Max-40K-40000-Puff-Vape-Wholesale-Spain-600x600.webp 600w, https:\/\/vapestornado.com\/wp-content\/uploads\/2026\/01\/Al-Fakher-Mega-Max-40K-40000-Puff-Vape-Wholesale-Spain-100x100.webp 100w, https:\/\/vapestornado.com\/wp-content\/uploads\/2026\/01\/Al-Fakher-Mega-Max-40K-40000-Puff-Vape-Wholesale-Spain.webp 800w\" sizes=\"(max-width: 300px) 100vw, 300px\" \/><figcaption id=\"caption-attachment-4777\" class=\"wp-caption-text\">Al Fakher Mega Max 40K 40000 Puf Vape Velkoobchod \u010cR<\/figcaption><\/figure>\n<p>&nbsp;<\/p>\n<div><\/div>\n<h2 class=\"product-title\"><strong>Seznam p\u0159\u00edchut\u00ed Al Fakher Mega Max 40K Puf<\/strong><\/h2>\n<p>1 Bor\u016fvka Modr\u00e1<br \/>\n2 Bor\u016fvka Led<br \/>\n3 \u010cern\u00fd ryb\u00edz Led<br \/>\n4 \u010cern\u00fd ryb\u00edz M\u00e1ta<br \/>\n5 Modr\u00fd Razz V\u00fdbuch<br \/>\n6 Modr\u00fd Razz Limon\u00e1da<br \/>\n7 Bor\u016fvka T\u0159e\u0161e\u0148<br \/>\n8 Bor\u016fvkov\u00e1 \u017ev\u00fdka\u010dka<br \/>\n9 Bor\u016fvkov\u00e1 limon\u00e1da<br \/>\n10 Bor\u016fvkov\u00e1 m\u00e1ta<br \/>\n11 Bor\u016fvka-ryb\u00edz<br \/>\n12 Bor\u016fvka s kyselou malinou<br \/>\n13 T\u0159e\u0161\u0148ov\u00e1 fiesta<br \/>\n14 T\u0159e\u0161\u0148ov\u00fd perliv\u00fd n\u00e1poj<br \/>\n15 T\u0159e\u0161\u0148ov\u00e1 zmrzlina<br \/>\n16 Chladn\u00e9 mango<br \/>\n17 Fusion Pop<br \/>\n18 Hroznov\u00e9<br \/>\n19 Hroznov\u00e9-berry<br \/>\n20 Hroznov\u00e1 m\u00e1ta<br \/>\n21 \u017dv\u00fdka\u010dka m\u00e1ta<br \/>\n22 Hubba<br \/>\n23 Ledov\u011b modr\u00e1<br \/>\n24 Citr\u00f3n-limetka<br \/>\n25 Citr\u00f3n-limetka T\u0159e\u0161\u0148ov\u00fd perliv\u00fd n\u00e1poj<br \/>\n26 Citr\u00f3nov\u00e1 m\u00e1ta<br \/>\n27 Lush Ice<br \/>\n28 Kouzeln\u00e1 l\u00e1ska<br \/>\n29 Mango Ananas<br \/>\n30 Mentol<br \/>\n31 M\u00e1ta<br \/>\n32 Sm\u00ed\u0161en\u00e9 bobule<br \/>\n33 Pomeran\u010dov\u00e1 m\u00e1ta<br \/>\n34 Broskev Ice<br \/>\n35 Ananas Ice<br \/>\n36 Vesm\u00edrn\u00fd sen<br \/>\n37 M\u00e1ta peprn\u00e1<br \/>\n38 Jahoda T\u0159e\u0161e\u0148<br \/>\n39 Jahodov\u00e1 P\u00e1rty<br \/>\n40 Letn\u00ed sen<br \/>\n41 Dv\u011b jablka<br \/>\n42 Meloun T\u0159e\u0161e\u0148<br \/>\n43 Meloun Kiwi<br \/>\n44 Meloun Limeta<br \/>\n45 Meloun Ananas<\/p>\n<div class=\"flex-shrink-0 flex flex-col relative items-end\">\n<div class=\"pt-0\">\n<div class=\"gizmo-bot-avatar flex h-8 w-8 items-center justify-center overflow-hidden rounded-full\">\n<div class=\"relative p-1 rounded-sm flex items-center justify-center bg-token-main-surface-primary text-token-text-primary h-8 w-8\">\n<h2 data-start=\"1200\" data-end=\"1487\">Vapes Tornado \u2013 V\u00e1\u0161 velkoobchodn\u00ed online obchod s vaporiz\u00e9ry pro obl\u00edben\u00e9 vaporiz\u00e9ry<\/h2>\n<p data-start=\"72\" data-end=\"396\"><strong data-start=\"72\" data-end=\"89\">Vapes Tornado<\/strong> je velkoobchodn\u00ed online obchod s vaporiz\u00e9ry zam\u011b\u0159en\u00fd na Evropu, dod\u00e1vaj\u00edc\u00ed pe\u010dliv\u011b vybranou \u0159adu <strong data-start=\"178\" data-end=\"195\">obl\u00edben\u00fdch vaporiz\u00e9r\u016f<\/strong> pro profesion\u00e1ln\u00ed kupce. Spolupracujeme s maloobchodn\u00edky, distributory a online obchody po cel\u00e9 EU, kte\u0159\u00ed pot\u0159ebuj\u00ed stabiln\u00ed dod\u00e1vky, jasn\u00e9 informace o produktech a zna\u010dky, kter\u00e9 z\u00e1kazn\u00edci ji\u017e znaj\u00ed a d\u016fv\u011b\u0159uj\u00ed jim.<\/p>\n<p data-start=\"398\" data-end=\"687\">Spolupracujeme s d\u016fv\u011bryhodn\u00fdmi zna\u010dkami, jako jsou <strong data-start=\"307\" data-end=\"362\"><a href=\"https:\/\/vapestornado.com\/cs\/product\/randm-12000-puffs-fumot-digital-disposable-vape-wholesale-price\/\">Fumot VAPE<\/a>, <a href=\"https:\/\/vapestornado.com\/cs\/product\/original-wga-ultra-35k-35000-puff-rechargeable-crystal-disposable-nicotine-vape-best-discount-price\/\">WGA VAPE<\/a>, <\/strong><strong data-start=\"307\" data-end=\"362\"><a href=\"https:\/\/vapestornado.com\/cs\/product\/vozol-gear-shisha-25k-25000-puffs-best-dtl-disposable-vape-hookah-cheap-price\/\">VOZOL BAR VAPE<\/a>,<\/strong><strong data-start=\"247\" data-end=\"352\">\u00a0Elf Bar Vape, WASPE Vape, <a href=\"https:\/\/vapestornado.com\/cs\/product\/uzy-150k-puffs-6-in-1-flavor-switch-disposable-vape-pen-wholesale\/\">UZY Vape<\/a>, Bang Vape, Razz Bar Vape, a Stag Bar Vape<\/strong>, vybran\u00e9 pro konzistentn\u00ed kvalitu a silnou popt\u00e1vku na evropsk\u00e9m trhu.<\/p>\n<h4 data-start=\"1080\" data-end=\"1120\">Vytvo\u0159eno pro velkoobchodn\u00edky v \u010cesk\u00e9 republice<\/h4>\n<p data-start=\"1121\" data-end=\"1189\">Vapes Tornado je strukturov\u00e1no kolem skute\u010dn\u00fdch pot\u0159eb velkoobchodn\u00edk\u016f v EU:<\/p>\n<ul data-start=\"1190\" data-end=\"1400\">\n<li data-start=\"1190\" data-end=\"1239\">\n<p data-start=\"1192\" data-end=\"1239\">Konkurenceschopn\u00e9 velkoobchodn\u00ed ceny pro velk\u00e9 objedn\u00e1vky<\/p>\n<\/li>\n<li data-start=\"1240\" data-end=\"1289\">\n<p data-start=\"1242\" data-end=\"1289\">P\u0159ehledn\u00e9 popisy produkt\u016f a specifikace<\/p>\n<\/li>\n<li data-start=\"1290\" data-end=\"1330\">\n<p data-start=\"1292\" data-end=\"1330\">Rychl\u00e1, spolehliv\u00e1 logistika orientovan\u00e1 na EU<\/p>\n<\/li>\n<li data-start=\"1331\" data-end=\"1400\">\n<p data-start=\"1333\" data-end=\"1400\">Katalog zam\u011b\u0159en\u00fd na <strong data-start=\"1356\" data-end=\"1373\">obl\u00edben\u00fdch vaporiz\u00e9r\u016f<\/strong>, ne na p\u0159et\u00ed\u017een\u00e9 SKU<\/p>\n<\/li>\n<\/ul>\n<h2 data-start=\"2064\" data-end=\"2115\">\u010casto kladen\u00e9 ot\u00e1zky o Al Fakher Mega Max 40000 Jednor\u00e1zov\u00e9m vaporiz\u00e9ru<\/h2>\n<p data-start=\"3278\" data-end=\"3451\"><strong data-start=\"3278\" data-end=\"3343\">1. Jak dlouho vydr\u017e\u00ed Al Fakher Mega Max 40K p\u0159i skute\u010dn\u00e9m pou\u017eit\u00ed?<\/strong><br data-start=\"3343\" data-end=\"3346\" \/>Pou\u017eit\u00ed z\u00e1vis\u00ed na individu\u00e1ln\u00edch zvyklostech, ale v\u011bt\u0161ina u\u017eivatel\u016f hl\u00e1s\u00ed v\u00fdkon na n\u011bkolik t\u00fddn\u016f p\u0159i b\u011b\u017en\u00e9m denn\u00edm pou\u017e\u00edv\u00e1n\u00ed.<\/p>\n<p data-start=\"3453\" data-end=\"3579\"><strong data-start=\"3453\" data-end=\"3497\">2. Je mo\u017en\u00e9 b\u011bhem pou\u017e\u00edv\u00e1n\u00ed upravit pr\u016ftok vzduchu?<\/strong><br data-start=\"3497\" data-end=\"3500\" \/>Ano, nastaviteln\u00e9 proud\u011bn\u00ed vzduchu umo\u017e\u0148uje u\u017eivatel\u016fm m\u011bnit odpor p\u0159i n\u00e1dechu kdykoliv.<\/p>\n<p data-start=\"3581\" data-end=\"3678\"><strong data-start=\"3581\" data-end=\"3615\">3. Je za\u0159\u00edzen\u00ed dob\u00edjec\u00ed?<\/strong><br data-start=\"3615\" data-end=\"3618\" \/>Ano, m\u00e1 baterii 850mAh s nab\u00edjen\u00edm p\u0159es USB Type-C.<\/p>\n<p data-start=\"3680\" data-end=\"3856\"><strong data-start=\"3680\" data-end=\"3744\">4. \u010c\u00edm se li\u0161\u00ed od standardn\u00edch jednor\u00e1zov\u00fdch vaporiz\u00e9r\u016f?<\/strong><br data-start=\"3744\" data-end=\"3747\" \/>Jeho design e-shisha d\u00fdmky, velk\u00e1 kapacita e-liquidu a \u0159\u00edzen\u00ed pr\u016ftoku vzduchu ho odli\u0161uj\u00ed od z\u00e1kladn\u00edch jednor\u00e1zov\u00fdch za\u0159\u00edzen\u00ed.<\/p>\n<p data-start=\"3858\" data-end=\"4007\"><strong data-start=\"3858\" data-end=\"3912\">5. Je vhodn\u00fd pro velkoobchodn\u00ed distribuci v \u010cR?<\/strong><br data-start=\"3912\" data-end=\"3915\" \/>Ano, je navr\u017een pro trhy v \u010cR a b\u011b\u017en\u011b se dod\u00e1v\u00e1 za velkoobchodn\u00ed ceny p\u0159i hromadn\u00fdch objedn\u00e1vk\u00e1ch.<\/p>\n<\/div>\n<\/div>\n<\/div>\n<\/div>","protected":false},"excerpt":{"rendered":"<p data-start=\"4472\" data-end=\"4562\"><strong data-start=\"4472\" data-end=\"4560\">Al Fakher Mega Max 40K Jednor\u00e1zov\u00e1 E Shisha s nastavitel\u00fdm pr\u016ftokem vzduchu \u2013 Velkoobchodn\u011b p\u0159ipraven\u00e1<\/strong><\/p>\n<p data-start=\"4566\" data-end=\"4641\"><strong data-start=\"4566\" data-end=\"4639\">Al Fakher Crown Bar Mega Max 40000 Puffs Hookah Vape pro velkoobchod v EU<\/strong><\/p>\n<p data-start=\"4645\" data-end=\"4728\"><strong data-start=\"4645\" data-end=\"4728\">Mega Max 40K od Al Fakher \u2013 Dlouhotrvaj\u00edc\u00ed jednor\u00e1zov\u00e1 E Shisha za velkoobchodn\u00ed cenu<\/strong><\/p>\n<p><strong>P\u0159idejte si Amy na Whatsapp, abyste z\u00edskali spr\u00e1vnou odpov\u011b\u010f a slevu!<\/strong><\/p>\n<p><img fetchpriority=\"high\" decoding=\"async\" class=\"size-full wp-image-2932\" src=\"https:\/\/vapestornado.com\/wp-content\/uploads\/2024\/12\/Vape-Wholesale.jpg\" alt=\"Velkoobchod s vape\" width=\"229\" height=\"300\" \/><\/p>\n<h3><a href=\"https:\/\/wa.me\/8617776015835\"><span style=\"color: #ff0000;\"><strong>WhatsApp: +86 17776015835<\/strong><\/span><\/a><\/h3>","protected":false},"featured_media":4776,"comment_status":"open","ping_status":"closed","template":"","meta":{"_acf_changed":false,"_uag_custom_page_level_css":"","_lmt_disableupdate":"no","_lmt_disable":"","_monsterinsights_skip_tracking":false,"_monsterinsights_sitenote_active":false,"_monsterinsights_sitenote_note":"","_monsterinsights_sitenote_category":0,"site-sidebar-layout":"default","site-content-layout":"","ast-site-content-layout":"default","site-content-style":"default","site-sidebar-style":"default","ast-global-header-display":"","ast-banner-title-visibility":"","ast-main-header-display":"","ast-hfb-above-header-display":"","ast-hfb-below-header-display":"","ast-hfb-mobile-header-display":"","site-post-title":"","ast-breadcrumbs-content":"","ast-featured-img":"","footer-sml-layout":"","ast-disable-related-posts":"","theme-transparent-header-meta":"default","adv-header-id-meta":"","stick-header-meta":"","header-above-stick-meta":"","header-main-stick-meta":"","header-below-stick-meta":"","astra-migrate-meta-layouts":"set","ast-page-background-enabled":"default","ast-page-background-meta":{"desktop":{"background-color":"","background-image":"","background-repeat":"repeat","background-position":"center center","background-size":"auto","background-attachment":"scroll","background-type":"","background-media":"","overlay-type":"","overlay-color":"","overlay-opacity":"","overlay-gradient":""},"tablet":{"background-color":"","background-image":"","background-repeat":"repeat","background-position":"center center","background-size":"auto","background-attachment":"scroll","background-type":"","background-media":"","overlay-type":"","overlay-color":"","overlay-opacity":"","overlay-gradient":""},"mobile":{"background-color":"","background-image":"","background-repeat":"repeat","background-position":"center center","background-size":"auto","background-attachment":"scroll","background-type":"","background-media":"","overlay-type":"","overlay-color":"","overlay-opacity":"","overlay-gradient":""}},"ast-content-background-meta":{"desktop":{"background-color":"var(--ast-global-color-5)","background-image":"","background-repeat":"repeat","background-position":"center center","background-size":"auto","background-attachment":"scroll","background-type":"","background-media":"","overlay-type":"","overlay-color":"","overlay-opacity":"","overlay-gradient":""},"tablet":{"background-color":"var(--ast-global-color-5)","background-image":"","background-repeat":"repeat","background-position":"center center","background-size":"auto","background-attachment":"scroll","background-type":"","background-media":"","overlay-type":"","overlay-color":"","overlay-opacity":"","overlay-gradient":""},"mobile":{"background-color":"var(--ast-global-color-5)","background-image":"","background-repeat":"repeat","background-position":"center center","background-size":"auto","background-attachment":"scroll","background-type":"","background-media":"","overlay-type":"","overlay-color":"","overlay-opacity":"","overlay-gradient":""}},"_joinchat":[]},"product_brand":[],"product_cat":[65,531,140,150,156,158,141,142,146,147],"product_tag":[533,534,535,532,355,287,513,512],"class_list":{"0":"post-4781","1":"product","2":"type-product","3":"status-publish","4":"has-post-thumbnail","6":"product_cat-40000-puff","7":"product_cat-al-fakher-crown-bar","8":"product_cat-big-puffs-disposable-vapes","9":"product_cat-buy-disposable-vapes-in-belgium","10":"product_cat-buy-disposable-vapes-in-poland","11":"product_cat-buy-disposable-vapes-in-spain","12":"product_cat-crystal-disposable-vapes","13":"product_cat-digital-box-disposable-vapes","14":"product_cat-rechargeable-disposable-vapes","15":"product_cat-shisha-hookah-disposable-vapes","16":"product_tag-al-fakher-crown-bar-mega-max","17":"product_tag-al-fakher-crown-bar-mega-max-40000-puffs","18":"product_tag-al-fakher-crown-bar-mega-max-40k","19":"product_tag-al-fakher-mega-max-40k","20":"product_tag-big-puff-vape","21":"product_tag-disposable-vape-pen","22":"product_tag-vape-discount-price","23":"product_tag-vape-wholesale-distributor","24":"desktop-align-left","25":"tablet-align-left","26":"mobile-align-left","28":"first","29":"instock","30":"sale","31":"shipping-taxable","32":"purchasable","33":"product-type-simple"},"acf":[],"uagb_featured_image_src":{"full":["https:\/\/vapestornado.com\/wp-content\/uploads\/2026\/01\/Al-Fakher-Mega-Max-40K-40000-Puff-Disposable-Vapor.webp",800,800,false],"thumbnail":["https:\/\/vapestornado.com\/wp-content\/uploads\/2026\/01\/Al-Fakher-Mega-Max-40K-40000-Puff-Disposable-Vapor-150x150.webp",150,150,true],"medium":["https:\/\/vapestornado.com\/wp-content\/uploads\/2026\/01\/Al-Fakher-Mega-Max-40K-40000-Puff-Disposable-Vapor-300x300.webp",300,300,true],"medium_large":["https:\/\/vapestornado.com\/wp-content\/uploads\/2026\/01\/Al-Fakher-Mega-Max-40K-40000-Puff-Disposable-Vapor-768x768.webp",768,768,true],"large":["https:\/\/vapestornado.com\/wp-content\/uploads\/2026\/01\/Al-Fakher-Mega-Max-40K-40000-Puff-Disposable-Vapor.webp",800,800,false],"1536x1536":["https:\/\/vapestornado.com\/wp-content\/uploads\/2026\/01\/Al-Fakher-Mega-Max-40K-40000-Puff-Disposable-Vapor.webp",800,800,false],"2048x2048":["https:\/\/vapestornado.com\/wp-content\/uploads\/2026\/01\/Al-Fakher-Mega-Max-40K-40000-Puff-Disposable-Vapor.webp",800,800,false],"trp-custom-language-flag":["https:\/\/vapestornado.com\/wp-content\/uploads\/2026\/01\/Al-Fakher-Mega-Max-40K-40000-Puff-Disposable-Vapor-12x12.webp",12,12,true],"woocommerce_thumbnail":["https:\/\/vapestornado.com\/wp-content\/uploads\/2026\/01\/Al-Fakher-Mega-Max-40K-40000-Puff-Disposable-Vapor-300x300.webp",300,300,true],"woocommerce_single":["https:\/\/vapestornado.com\/wp-content\/uploads\/2026\/01\/Al-Fakher-Mega-Max-40K-40000-Puff-Disposable-Vapor-600x600.webp",600,600,true],"woocommerce_gallery_thumbnail":["https:\/\/vapestornado.com\/wp-content\/uploads\/2026\/01\/Al-Fakher-Mega-Max-40K-40000-Puff-Disposable-Vapor-100x100.webp",100,100,true]},"uagb_author_info":{"display_name":"ESAMY","author_link":"https:\/\/vapestornado.com\/cs\/author\/"},"uagb_comment_info":0,"uagb_excerpt":"Al Fakher Mega Max 40K Disposable E Shisha with Adjustable Airflow \u2013 Wholesale Ready Al Fakher Crown Bar Mega Max 40000 Puffs Hookah Vape for EU Wholesale Mega Max 40K by Al Fakher \u2013 Long-Lasting Disposable E Shisha at Wholesale Price Add Amy's whatsapp to get right reply and discount price! WhatsApp: +86 17776015835","_links":{"self":[{"href":"https:\/\/vapestornado.com\/cs\/wp-json\/wp\/v2\/product\/4781","targetHints":{"allow":["GET"]}}],"collection":[{"href":"https:\/\/vapestornado.com\/cs\/wp-json\/wp\/v2\/product"}],"about":[{"href":"https:\/\/vapestornado.com\/cs\/wp-json\/wp\/v2\/types\/product"}],"replies":[{"embeddable":true,"href":"https:\/\/vapestornado.com\/cs\/wp-json\/wp\/v2\/comments?post=4781"}],"wp:featuredmedia":[{"embeddable":true,"href":"https:\/\/vapestornado.com\/cs\/wp-json\/wp\/v2\/media\/4776"}],"wp:attachment":[{"href":"https:\/\/vapestornado.com\/cs\/wp-json\/wp\/v2\/media?parent=4781"}],"wp:term":[{"taxonomy":"product_brand","embeddable":true,"href":"https:\/\/vapestornado.com\/cs\/wp-json\/wp\/v2\/product_brand?post=4781"},{"taxonomy":"product_cat","embeddable":true,"href":"https:\/\/vapestornado.com\/cs\/wp-json\/wp\/v2\/product_cat?post=4781"},{"taxonomy":"product_tag","embeddable":true,"href":"https:\/\/vapestornado.com\/cs\/wp-json\/wp\/v2\/product_tag?post=4781"}],"curies":[{"name":"wp","href":"https:\/\/api.w.org\/{rel}","templated":true}]}}