{"id":4772,"date":"2026-01-06T07:32:26","date_gmt":"2026-01-06T07:32:26","guid":{"rendered":"https:\/\/vapestornado.com\/?post_type=product&#038;p=4772"},"modified":"2026-01-06T08:25:40","modified_gmt":"2026-01-06T08:25:40","slug":"al-fakher-crystal-8k-v2-8000-puffs-disposable-vape-dual-vaping-mode","status":"publish","type":"product","link":"https:\/\/vapestornado.com\/cs\/product\/al-fakher-crystal-8k-v2-8000-puffs-disposable-vape-dual-vaping-mode\/","title":{"rendered":"Al Fakher CRYSTAL 8k V2 8000 potah\u016f Jednor\u00e1zov\u00fd vaporiz\u00e9r s du\u00e1ln\u00edm re\u017eimem vapov\u00e1n\u00ed"},"content":{"rendered":"<h1 data-start=\"0\" data-end=\"87\">Al Fakher CRYSTAL 8K V2 8000 potah\u016f Jednor\u00e1zov\u00fd vaporiz\u00e9r \u2013 Du\u00e1ln\u00ed re\u017eim vapov\u00e1n\u00ed<\/h1>\n<p data-start=\"249\" data-end=\"723\">Ten <strong data-start=\"253\" data-end=\"280\">Al Fakher CRYSTAL 8K V2<\/strong> je navr\u017een pro velkoobchodn\u00edky, kte\u0159\u00ed oce\u0148uj\u00ed d\u016fv\u011bryhodnost zna\u010dky, konzistentn\u00ed dod\u00e1vku chuti a spolehliv\u00fd obrat. Jako sou\u010d\u00e1st <strong data-start=\"409\" data-end=\"432\">Al Fakher Crown Bar<\/strong> linie, tento model klade d\u016fraz na stabilitu sp\u00ed\u0161e ne\u017e na triky, co\u017e z n\u011bj \u010din\u00ed bezpe\u010dnou a osv\u011bd\u010denou volbu pro trh jednor\u00e1zov\u00fdch v\u00fdrobk\u016f v EU. S vylep\u011bn\u00fdm t\u011blem ve stylu krystalu, topen\u00edm s m\u0159\u00ed\u017ekovou c\u00edvkou a <strong data-start=\"618\" data-end=\"638\">du\u00e1ln\u00ed re\u017eim vapingu<\/strong>, nab\u00edz\u00ed kontrolovan\u00fd a opakovateln\u00fd z\u00e1\u017eitek od prvn\u00edho potahu po posledn\u00ed.<\/p>\n<p data-start=\"725\" data-end=\"1103\">Na rozd\u00edl od velk\u00fdch model\u016f s vysok\u00fdm po\u010dtem potah\u016f, jako je <strong data-start=\"767\" data-end=\"787\">Airmez Fox 80000<\/strong>, <strong data-start=\"793\" data-end=\"830\">Al Fakher Crown Bar Crystal 8000 V2<\/strong> je ur\u010den pro u\u017eivatele, kte\u0159\u00ed preferuj\u00ed leh\u010d\u00ed p\u0159\u00edjem a denn\u00ed spolehlivost. N\u00edzk\u00e1 <strong data-start=\"902\" data-end=\"939\">0,5% (0,5mg\/ml) koncentrace nikotinu<\/strong> vyhovuje po\u017eadavk\u016fm z\u00e1kazn\u00edk\u016f hledaj\u00edc\u00edch jemnou spokojenost bez drsnosti, zat\u00edmco <strong data-start=\"1025\" data-end=\"1051\">kapacita e-liquidu 18 ml<\/strong> podporuje del\u0161\u00ed pou\u017e\u00edv\u00e1n\u00ed bez \u010dast\u00e9 v\u00fdm\u011bny.<\/p>\n<p data-start=\"1105\" data-end=\"1509\">V\u00fdkon chuti z\u016fst\u00e1v\u00e1 konzistentn\u00ed d\u00edky vylep\u0161en\u00e9mu syst\u00e9mu m\u0159\u00ed\u017ekov\u00fdch c\u00edvek, kter\u00fd produkuje rovnom\u011brn\u00e9 zah\u0159\u00edv\u00e1n\u00ed a hladk\u00e9 ta\u017een\u00ed na obou nastaven\u00edch MTL a DTL. The <strong data-start=\"1263\" data-end=\"1283\">du\u00e1ln\u00ed re\u017eim vapingu<\/strong> umo\u017e\u0148uje u\u017eivatel\u016fm p\u0159ep\u00ednat styly ta\u017een\u00ed podle preference, \u010d\u00edm\u017e roz\u0161i\u0159uje atraktivitu nap\u0159\u00ed\u010d r\u016fzn\u00fdmi zvyklostmi u\u017eivatel\u016f. Poh\u00e1n\u011bno <strong data-start=\"1401\" data-end=\"1432\">850mAh dob\u00edjec\u00ed bateri\u00ed<\/strong> a <strong data-start=\"1437\" data-end=\"1456\">Nab\u00edjen\u00ed typu C<\/strong>, za\u0159\u00edzen\u00ed udr\u017euje stabiln\u00ed v\u00fdstup a\u017e do vy\u010derp\u00e1n\u00ed.<\/p>\n<p data-start=\"1511\" data-end=\"1833\">S <strong data-start=\"1516\" data-end=\"1538\">45 mo\u017enost\u00ed chuti<\/strong>, <strong data-start=\"1544\" data-end=\"1571\">Al Fakher CRYSTAL 8k V2<\/strong> je ide\u00e1ln\u00ed pro rotaci chut\u00ed, viditelnost na polici a opakovan\u00fd n\u00e1kup. Dod\u00e1v\u00e1no v balen\u00ed po <strong data-start=\"1666\" data-end=\"1688\">200 ks na karton<\/strong>, je vhodn\u00e9 pro <strong data-start=\"1712\" data-end=\"1750\">Velkoobchodn\u00ed e-cigarety v \u010cesku<\/strong> kupuj\u00edc\u00ed hledaj\u00edc\u00ed silnou zna\u010dku za <strong data-start=\"1790\" data-end=\"1805\">n\u00edzk\u00e1 cena<\/strong> s dlouhodobou spolehlivost\u00ed.<\/p>\n<p><strong><span style=\"color: #ff0000;\">P\u0159idejte si Amy na WhatsApp pro rychlou odpov\u011b\u010f a kup\u00f3n na vapky!<\/span><\/strong><\/p>\n<p><img fetchpriority=\"high\" decoding=\"async\" class=\"size-full wp-image-2932\" src=\"https:\/\/vapestornado.com\/wp-content\/uploads\/2024\/12\/Vape-Wholesale.jpg\" alt=\"Velkoobchod s vape\" width=\"229\" height=\"300\" \/><\/p>\n<h3><a href=\"https:\/\/wa.me\/8617776015835\" target=\"_blank\" rel=\"noopener\"><span style=\"color: #ff0000;\"><strong>WhatsApp: +86 17776015835<\/strong><\/span><\/a><\/h3>\n<p>&nbsp;<\/p>\n<h2><strong>Al Fakher CRYSTAL 8k V2 Puffs Funkce produktu<\/strong><\/h2>\n<div>\n<ul>\n<li data-start=\"0\" data-end=\"138\">\n<p data-start=\"2\" data-end=\"138\"><strong data-start=\"2\" data-end=\"31\" data-is-only-node=\"\">A\u017e 8 000\u201312 000 Puffs:<\/strong> Navr\u017eeno tak, aby poskytovalo dlouhotrvaj\u00edc\u00ed v\u00fdkon, sni\u017euj\u00edc\u00ed pot\u0159ebu \u010dast\u00e9 v\u00fdm\u011bny pro koncov\u00e9 u\u017eivatele.<\/p>\n<\/li>\n<li data-start=\"140\" data-end=\"263\">\n<p data-start=\"142\" data-end=\"263\"><strong data-start=\"142\" data-end=\"163\" data-is-only-node=\"\">Dvoj\u00ed re\u017eim vapov\u00e1n\u00ed:<\/strong> Podporuje jak MTL, tak DTL styly, umo\u017e\u0148uj\u00edc\u00ed u\u017eivatel\u016fm p\u0159izp\u016fsobit ta\u017een\u00ed podle jejich osobn\u00ed preference.<\/p>\n<\/li>\n<li data-start=\"265\" data-end=\"392\">\n<p data-start=\"267\" data-end=\"392\"><strong data-start=\"267\" data-end=\"298\" data-is-only-node=\"\">0,5% N\u00edzk\u00e1 koncentrace nikotinu:<\/strong> Poskytuje leh\u010d\u00ed, jemn\u011bj\u0161\u00ed z\u00e1\u017eitek vhodn\u00fd pro z\u00e1kazn\u00edky hledaj\u00edc\u00ed kontrolovan\u00e9 d\u00e1vkov\u00e1n\u00ed nikotinu.<\/p>\n<\/li>\n<li data-start=\"394\" data-end=\"502\">\n<p data-start=\"396\" data-end=\"502\"><strong data-start=\"396\" data-end=\"423\" data-is-only-node=\"\">Kapacita e-liquidu 18 ml:<\/strong> Zaji\u0161\u0165uje konzistentn\u00ed v\u00fdstup chuti po celou dobu \u017eivotnosti za\u0159\u00edzen\u00ed.<\/p>\n<\/li>\n<li data-start=\"504\" data-end=\"615\">\n<p data-start=\"506\" data-end=\"615\"><strong data-start=\"506\" data-end=\"535\" data-is-only-node=\"\">Syst\u00e9m oh\u0159evu m\u0159\u00ed\u017ekov\u00fdch c\u00edvek:<\/strong> Zaji\u0161\u0165uje rovnom\u011brn\u00e9 zah\u0159\u00edv\u00e1n\u00ed pro stabiln\u00ed produkci par a \u010distou, p\u0159esnou chu\u0165.<\/p>\n<\/li>\n<li data-start=\"617\" data-end=\"737\">\n<p data-start=\"619\" data-end=\"737\"><strong data-start=\"619\" data-end=\"651\" data-is-only-node=\"\">Dob\u00edjec\u00ed baterie 850mAh:<\/strong> Nab\u00edz\u00ed spolehliv\u00fd v\u00fdkon od prvn\u00edho potahu a\u017e po posledn\u00ed bez poklesu v\u00fdkonu.<\/p>\n<\/li>\n<li data-start=\"739\" data-end=\"828\">\n<p data-start=\"741\" data-end=\"828\"><strong data-start=\"741\" data-end=\"766\" data-is-only-node=\"\">Typ-C nab\u00edjec\u00ed port:<\/strong> Umo\u017e\u0148uje rychl\u00e9, pohodln\u00e9 a \u0161iroce kompatibiln\u00ed dob\u00edjen\u00ed.<\/p>\n<\/li>\n<li data-start=\"830\" data-end=\"942\">\n<p data-start=\"832\" data-end=\"942\"><strong data-start=\"832\" data-end=\"854\" data-is-only-node=\"\">45 mo\u017enost\u00ed p\u0159\u00edchut\u00ed:<\/strong> Podporuje silnou rotaci p\u0159\u00edchut\u00ed a opakovan\u00e9 n\u00e1kupy na maloobchodn\u00edch i velkoobchodn\u00edch trz\u00edch.<\/p>\n<\/li>\n<li data-start=\"944\" data-end=\"1050\">\n<p data-start=\"946\" data-end=\"1050\"><strong data-start=\"946\" data-end=\"976\" data-is-only-node=\"\">Design t\u011bla ve stylu krystalu:<\/strong> Spojuje pr\u00e9miovou estetiku s praktickou odolnost\u00ed pro ka\u017edodenn\u00ed pou\u017eit\u00ed.<\/p>\n<\/li>\n<li data-start=\"1052\" data-end=\"1160\" data-is-last-node=\"\">\n<p data-start=\"1054\" data-end=\"1160\" data-is-last-node=\"\"><strong data-start=\"1054\" data-end=\"1095\" data-is-only-node=\"\">Velkoobchodn\u00ed balen\u00ed v kartonu (200 ks):<\/strong> Optimalizov\u00e1no pro efektivn\u00ed distribuci a logistiku v \u010cR.<\/p>\n<\/li>\n<\/ul>\n<\/div>\n<div>\n<figure id=\"attachment_4766\" aria-describedby=\"caption-attachment-4766\" style=\"width: 300px\" class=\"wp-caption alignnone\"><img decoding=\"async\" class=\"size-medium wp-image-4766\" src=\"https:\/\/vapestornado.com\/wp-content\/uploads\/2026\/01\/Al-Fakher-Crown-Bar-Crystal-8000-Disposable-Wholesale-Price-300x300.webp\" alt=\"Velkoobchodn\u00ed cena Al Fakher Crown Bar Crystal 8000 Disposable\" width=\"300\" height=\"300\" srcset=\"https:\/\/vapestornado.com\/wp-content\/uploads\/2026\/01\/Al-Fakher-Crown-Bar-Crystal-8000-Disposable-Wholesale-Price-300x300.webp 300w, https:\/\/vapestornado.com\/wp-content\/uploads\/2026\/01\/Al-Fakher-Crown-Bar-Crystal-8000-Disposable-Wholesale-Price-150x150.webp 150w, https:\/\/vapestornado.com\/wp-content\/uploads\/2026\/01\/Al-Fakher-Crown-Bar-Crystal-8000-Disposable-Wholesale-Price-768x768.webp 768w, https:\/\/vapestornado.com\/wp-content\/uploads\/2026\/01\/Al-Fakher-Crown-Bar-Crystal-8000-Disposable-Wholesale-Price-12x12.webp 12w, https:\/\/vapestornado.com\/wp-content\/uploads\/2026\/01\/Al-Fakher-Crown-Bar-Crystal-8000-Disposable-Wholesale-Price-600x600.webp 600w, https:\/\/vapestornado.com\/wp-content\/uploads\/2026\/01\/Al-Fakher-Crown-Bar-Crystal-8000-Disposable-Wholesale-Price-100x100.webp 100w, https:\/\/vapestornado.com\/wp-content\/uploads\/2026\/01\/Al-Fakher-Crown-Bar-Crystal-8000-Disposable-Wholesale-Price.webp 800w\" sizes=\"(max-width: 300px) 100vw, 300px\" \/><figcaption id=\"caption-attachment-4766\" class=\"wp-caption-text\">Velkoobchodn\u00ed cena Al Fakher Crown Bar Crystal 8000 Disposable<\/figcaption><\/figure>\n<\/div>\n<div>\n<figure id=\"attachment_4771\" aria-describedby=\"caption-attachment-4771\" style=\"width: 289px\" class=\"wp-caption alignnone\"><img decoding=\"async\" class=\"size-medium wp-image-4771\" src=\"https:\/\/vapestornado.com\/wp-content\/uploads\/2026\/01\/Al-Fakher-Crystal-8k-Disposable-Vapes-289x300.jpg\" alt=\"Jednor\u00e1zov\u00e9 vaporiz\u00e9ry Al Fakher Crystal 8k V2\" width=\"289\" height=\"300\" srcset=\"https:\/\/vapestornado.com\/wp-content\/uploads\/2026\/01\/Al-Fakher-Crystal-8k-Disposable-Vapes-289x300.jpg 289w, https:\/\/vapestornado.com\/wp-content\/uploads\/2026\/01\/Al-Fakher-Crystal-8k-Disposable-Vapes-987x1024.jpg 987w, https:\/\/vapestornado.com\/wp-content\/uploads\/2026\/01\/Al-Fakher-Crystal-8k-Disposable-Vapes-768x797.jpg 768w, https:\/\/vapestornado.com\/wp-content\/uploads\/2026\/01\/Al-Fakher-Crystal-8k-Disposable-Vapes-12x12.jpg 12w, https:\/\/vapestornado.com\/wp-content\/uploads\/2026\/01\/Al-Fakher-Crystal-8k-Disposable-Vapes-600x623.jpg 600w, https:\/\/vapestornado.com\/wp-content\/uploads\/2026\/01\/Al-Fakher-Crystal-8k-Disposable-Vapes.jpg 1411w\" sizes=\"(max-width: 289px) 100vw, 289px\" \/><figcaption id=\"caption-attachment-4771\" class=\"wp-caption-text\">Jednor\u00e1zov\u00e9 vaporiz\u00e9ry Al Fakher Crystal 8k V2<\/figcaption><\/figure>\n<\/div>\n<h2 class=\"product-title\"><strong>Seznam p\u0159\u00edchut\u00ed Al Fakher CRYSTAL 8k V2Puff<\/strong><\/h2>\n<p>1 Bor\u016fvka Modr\u00e1<br \/>\n2 Bor\u016fvka Led<br \/>\n3 \u010cern\u00fd ryb\u00edz Led<br \/>\n4 \u010cern\u00fd ryb\u00edz M\u00e1ta<br \/>\n5 Modr\u00fd Razz V\u00fdbuch<br \/>\n6 Modr\u00fd Razz Limon\u00e1da<br \/>\n7 Bor\u016fvka T\u0159e\u0161e\u0148<br \/>\n8 Bor\u016fvkov\u00e1 \u017ev\u00fdka\u010dka<br \/>\n9 Bor\u016fvkov\u00e1 limon\u00e1da<br \/>\n10 Bor\u016fvkov\u00e1 m\u00e1ta<br \/>\n11 Bor\u016fvka-ryb\u00edz<br \/>\n12 Bor\u016fvka s kyselou malinou<br \/>\n13 T\u0159e\u0161\u0148ov\u00e1 fiesta<br \/>\n14 T\u0159e\u0161\u0148ov\u00fd perliv\u00fd n\u00e1poj<br \/>\n15 T\u0159e\u0161\u0148ov\u00e1 zmrzlina<br \/>\n16 Chladn\u00e9 mango<br \/>\n17 Fusion Pop<br \/>\n18 Hroznov\u00e9<br \/>\n19 Hroznov\u00e9-berry<br \/>\n20 Hroznov\u00e1 m\u00e1ta<br \/>\n21 \u017dv\u00fdka\u010dka m\u00e1ta<br \/>\n22 Hubba<br \/>\n23 Ledov\u011b modr\u00e1<br \/>\n24 Citr\u00f3n-limetka<br \/>\n25 Citr\u00f3n-limetka T\u0159e\u0161\u0148ov\u00fd perliv\u00fd n\u00e1poj<br \/>\n26 Citr\u00f3nov\u00e1 m\u00e1ta<br \/>\n27 Lush Ice<br \/>\n28 Kouzeln\u00e1 l\u00e1ska<br \/>\n29 Mango Ananas<br \/>\n30 Mentol<br \/>\n31 M\u00e1ta<br \/>\n32 Sm\u00ed\u0161en\u00e9 bobule<br \/>\n33 Pomeran\u010dov\u00e1 m\u00e1ta<br \/>\n34 Broskev Ice<br \/>\n35 Ananas Ice<br \/>\n36 Vesm\u00edrn\u00fd sen<br \/>\n37 M\u00e1ta peprn\u00e1<br \/>\n38 Jahoda T\u0159e\u0161e\u0148<br \/>\n39 Jahodov\u00e1 P\u00e1rty<br \/>\n40 Letn\u00ed sen<br \/>\n41 Dv\u011b jablka<br \/>\n42 Meloun T\u0159e\u0161e\u0148<br \/>\n43 Meloun Kiwi<br \/>\n44 Meloun Limeta<br \/>\n45 Meloun Ananas<\/p>\n<div class=\"flex-shrink-0 flex flex-col relative items-end\">\n<div class=\"pt-0\">\n<div class=\"gizmo-bot-avatar flex h-8 w-8 items-center justify-center overflow-hidden rounded-full\">\n<div class=\"relative p-1 rounded-sm flex items-center justify-center bg-token-main-surface-primary text-token-text-primary h-8 w-8\">\n<h2 data-start=\"1200\" data-end=\"1487\">Vapes Tornado \u2013 V\u00e1\u0161 velkoobchodn\u00ed online obchod s vaporiz\u00e9ry pro obl\u00edben\u00e9 vaporiz\u00e9ry<\/h2>\n<p data-start=\"72\" data-end=\"396\"><strong data-start=\"72\" data-end=\"89\">Vapes Tornado<\/strong> je velkoobchodn\u00ed online obchod s vaporiz\u00e9ry zam\u011b\u0159en\u00fd na Evropu, dod\u00e1vaj\u00edc\u00ed pe\u010dliv\u011b vybranou \u0159adu <strong data-start=\"178\" data-end=\"195\">obl\u00edben\u00fdch vaporiz\u00e9r\u016f<\/strong> pro profesion\u00e1ln\u00ed kupce. Spolupracujeme s maloobchodn\u00edky, distributory a online obchody po cel\u00e9 EU, kte\u0159\u00ed pot\u0159ebuj\u00ed stabiln\u00ed dod\u00e1vky, jasn\u00e9 informace o produktech a zna\u010dky, kter\u00e9 z\u00e1kazn\u00edci ji\u017e znaj\u00ed a d\u016fv\u011b\u0159uj\u00ed jim.<\/p>\n<p data-start=\"398\" data-end=\"687\">Spolupracujeme s d\u016fv\u011bryhodn\u00fdmi zna\u010dkami, jako jsou <strong data-start=\"307\" data-end=\"362\"><a href=\"https:\/\/vapestornado.com\/cs\/product\/randm-12000-puffs-fumot-digital-disposable-vape-wholesale-price\/\">Fumot VAPE<\/a>, <a href=\"https:\/\/vapestornado.com\/cs\/product\/original-wga-ultra-35k-35000-puff-rechargeable-crystal-disposable-nicotine-vape-best-discount-price\/\">WGA VAPE<\/a>, <\/strong><strong data-start=\"307\" data-end=\"362\"><a href=\"https:\/\/vapestornado.com\/cs\/product\/vozol-gear-shisha-25k-25000-puffs-best-dtl-disposable-vape-hookah-cheap-price\/\">VOZOL BAR VAPE<\/a>,<\/strong><strong data-start=\"247\" data-end=\"352\">\u00a0Elf Bar Vape, WASPE Vape, <a href=\"https:\/\/vapestornado.com\/cs\/product\/uzy-150k-puffs-6-in-1-flavor-switch-disposable-vape-pen-wholesale\/\">UZY Vape<\/a>, Bang Vape, Razz Bar Vape, a Stag Bar Vape<\/strong>, vybran\u00e9 pro konzistentn\u00ed kvalitu a silnou popt\u00e1vku na evropsk\u00e9m trhu.<\/p>\n<h4 data-start=\"1080\" data-end=\"1120\">Vytvo\u0159eno pro velkoobchodn\u00edky v \u010cesk\u00e9 republice<\/h4>\n<p data-start=\"1121\" data-end=\"1189\">Vapes Tornado je strukturov\u00e1no kolem skute\u010dn\u00fdch pot\u0159eb velkoobchodn\u00edk\u016f v EU:<\/p>\n<ul data-start=\"1190\" data-end=\"1400\">\n<li data-start=\"1190\" data-end=\"1239\">\n<p data-start=\"1192\" data-end=\"1239\">Konkurenceschopn\u00e9 velkoobchodn\u00ed ceny pro velk\u00e9 objedn\u00e1vky<\/p>\n<\/li>\n<li data-start=\"1240\" data-end=\"1289\">\n<p data-start=\"1242\" data-end=\"1289\">P\u0159ehledn\u00e9 popisy produkt\u016f a specifikace<\/p>\n<\/li>\n<li data-start=\"1290\" data-end=\"1330\">\n<p data-start=\"1292\" data-end=\"1330\">Rychl\u00e1, spolehliv\u00e1 logistika orientovan\u00e1 na EU<\/p>\n<\/li>\n<li data-start=\"1331\" data-end=\"1400\">\n<p data-start=\"1333\" data-end=\"1400\">Katalog zam\u011b\u0159en\u00fd na <strong data-start=\"1356\" data-end=\"1373\">obl\u00edben\u00fdch vaporiz\u00e9r\u016f<\/strong>, ne na p\u0159et\u00ed\u017een\u00e9 SKU<\/p>\n<\/li>\n<\/ul>\n<h2 data-start=\"2064\" data-end=\"2115\">\u010casto kladen\u00e9 ot\u00e1zky o Al Fakher CRYSTAL 8000 V2 Jednor\u00e1zov\u00e9m vaporiz\u00e9ru<\/h2>\n<p data-start=\"3467\" data-end=\"3658\"><strong data-start=\"3467\" data-end=\"3546\">1. \u010c\u00edm se li\u0161\u00ed Al Fakher CRYSTAL 8K V2 od jin\u00fdch jednor\u00e1zov\u00fdch vaporiz\u00e9r\u016f?<\/strong><br data-start=\"3546\" data-end=\"3549\" \/>Zam\u011b\u0159uje se na stabilitu chuti, n\u00edzkou koncentraci nikotinu a re\u017eim dvojit\u00e9ho vapov\u00e1n\u00ed nam\u00edsto extr\u00e9mn\u00edho po\u010dtu pot\u00e1hnut\u00ed.<\/p>\n<p data-start=\"3660\" data-end=\"3780\"><strong data-start=\"3660\" data-end=\"3721\">2. Je Al Fakher Crown Bar Crystal 8K V2 dob\u00edjec\u00ed?<\/strong><br data-start=\"3721\" data-end=\"3724\" \/>Ano, m\u00e1 baterii 850mAh s nab\u00edjen\u00edm p\u0159es Type-C.<\/p>\n<p data-start=\"3782\" data-end=\"3917\"><strong data-start=\"3782\" data-end=\"3825\">3. Pro koho je tento produkt nejvhodn\u011bj\u0161\u00ed?<\/strong><br data-start=\"3825\" data-end=\"3828\" \/>U\u017eivatel\u016fm, kte\u0159\u00ed cht\u011bj\u00ed jemnou chu\u0165, leh\u010d\u00ed p\u0159\u00edjem nikotinu a konzistentn\u00ed denn\u00ed v\u00fdkon.<\/p>\n<p data-start=\"3919\" data-end=\"4102\"><strong data-start=\"3919\" data-end=\"3989\">4. Jak se srovn\u00e1v\u00e1 s za\u0159\u00edzen\u00edmi s vysok\u00fdm po\u010dtem pota\u017een\u00ed, jako je Airmez Fox 80000?<\/strong><br data-start=\"3989\" data-end=\"3992\" \/>Crystal 8K V2 klade d\u016fraz na kontrolu a p\u0159esnost chuti, zat\u00edmco modely s vysok\u00fdm po\u010dtem pota\u017een\u00ed se zam\u011b\u0159uj\u00ed na del\u0161\u00ed \u017eivotnost.<\/p>\n<p data-start=\"4104\" data-end=\"4265\"><strong data-start=\"4104\" data-end=\"4166\">5. Je tento produkt vhodn\u00fd pro velkoobchodn\u00ed distribuci v EU?<\/strong><br data-start=\"4166\" data-end=\"4169\" \/>Ano, je balen ve velk\u00fdch kartonech a je obl\u00edben\u00fd pro <strong data-start=\"4219\" data-end=\"4257\">Velkoobchodn\u00ed e-cigarety v \u010cesku<\/strong> z\u00e1sobov\u00e1n\u00ed.<\/p>\n<\/div>\n<\/div>\n<\/div>\n<\/div>","protected":false},"excerpt":{"rendered":"<p data-start=\"1873\" data-end=\"1964\"><strong data-start=\"1873\" data-end=\"1964\">Al Fakher Crown Bar Crystal 8K V2 \u2013 Stabiln\u00ed v\u00fdkon Jednor\u00e1zov\u00fd vaporiz\u00e9r pro velkoobchod v EU<\/strong><\/p>\n<p data-start=\"1968\" data-end=\"2039\"><strong data-start=\"1968\" data-end=\"2039\">Al Fakher CRYSTAL 8K V2 s du\u00e1ln\u00edm re\u017eimem vapov\u00e1n\u00ed a n\u00edzk\u00fdm obsahem nikotinu<\/strong><\/p>\n<p data-start=\"2043\" data-end=\"2136\"><strong data-start=\"2043\" data-end=\"2136\">Crystal 8K V2 od Al Fakher \u2013 Spolehliv\u00fd jednor\u00e1zov\u00fd vaporiz\u00e9r s 8000 potahy za konkurenceschopnou velkoobchodn\u00ed cenu<\/strong><\/p>\n<p><strong>P\u0159idejte si Amy na Whatsapp, abyste z\u00edskali spr\u00e1vnou odpov\u011b\u010f a slevu!<\/strong><\/p>\n<p><img fetchpriority=\"high\" decoding=\"async\" class=\"size-full wp-image-2932\" src=\"https:\/\/vapestornado.com\/wp-content\/uploads\/2024\/12\/Vape-Wholesale.jpg\" alt=\"Velkoobchod s vape\" width=\"229\" height=\"300\" \/><\/p>\n<h3><a href=\"https:\/\/wa.me\/8617776015835\"><span style=\"color: #ff0000;\"><strong>WhatsApp: +86 17776015835<\/strong><\/span><\/a><\/h3>","protected":false},"featured_media":4770,"comment_status":"open","ping_status":"closed","template":"","meta":{"_acf_changed":false,"_uag_custom_page_level_css":"","_lmt_disableupdate":"no","_lmt_disable":"","_monsterinsights_skip_tracking":false,"_monsterinsights_sitenote_active":false,"_monsterinsights_sitenote_note":"","_monsterinsights_sitenote_category":0,"site-sidebar-layout":"default","site-content-layout":"","ast-site-content-layout":"default","site-content-style":"default","site-sidebar-style":"default","ast-global-header-display":"","ast-banner-title-visibility":"","ast-main-header-display":"","ast-hfb-above-header-display":"","ast-hfb-below-header-display":"","ast-hfb-mobile-header-display":"","site-post-title":"","ast-breadcrumbs-content":"","ast-featured-img":"","footer-sml-layout":"","ast-disable-related-posts":"","theme-transparent-header-meta":"default","adv-header-id-meta":"","stick-header-meta":"","header-above-stick-meta":"","header-main-stick-meta":"","header-below-stick-meta":"","astra-migrate-meta-layouts":"set","ast-page-background-enabled":"default","ast-page-background-meta":{"desktop":{"background-color":"","background-image":"","background-repeat":"repeat","background-position":"center center","background-size":"auto","background-attachment":"scroll","background-type":"","background-media":"","overlay-type":"","overlay-color":"","overlay-opacity":"","overlay-gradient":""},"tablet":{"background-color":"","background-image":"","background-repeat":"repeat","background-position":"center center","background-size":"auto","background-attachment":"scroll","background-type":"","background-media":"","overlay-type":"","overlay-color":"","overlay-opacity":"","overlay-gradient":""},"mobile":{"background-color":"","background-image":"","background-repeat":"repeat","background-position":"center center","background-size":"auto","background-attachment":"scroll","background-type":"","background-media":"","overlay-type":"","overlay-color":"","overlay-opacity":"","overlay-gradient":""}},"ast-content-background-meta":{"desktop":{"background-color":"var(--ast-global-color-5)","background-image":"","background-repeat":"repeat","background-position":"center center","background-size":"auto","background-attachment":"scroll","background-type":"","background-media":"","overlay-type":"","overlay-color":"","overlay-opacity":"","overlay-gradient":""},"tablet":{"background-color":"var(--ast-global-color-5)","background-image":"","background-repeat":"repeat","background-position":"center center","background-size":"auto","background-attachment":"scroll","background-type":"","background-media":"","overlay-type":"","overlay-color":"","overlay-opacity":"","overlay-gradient":""},"mobile":{"background-color":"var(--ast-global-color-5)","background-image":"","background-repeat":"repeat","background-position":"center center","background-size":"auto","background-attachment":"scroll","background-type":"","background-media":"","overlay-type":"","overlay-color":"","overlay-opacity":"","overlay-gradient":""}},"_joinchat":[]},"product_brand":[],"product_cat":[140,149,156,158,141,142,146,147],"product_tag":[529,530,528,355,287,513,512],"class_list":{"0":"post-4772","1":"product","2":"type-product","3":"status-publish","4":"has-post-thumbnail","6":"product_cat-big-puffs-disposable-vapes","7":"product_cat-buy-disposable-vapes-in-austria","8":"product_cat-buy-disposable-vapes-in-poland","9":"product_cat-buy-disposable-vapes-in-spain","10":"product_cat-crystal-disposable-vapes","11":"product_cat-digital-box-disposable-vapes","12":"product_cat-rechargeable-disposable-vapes","13":"product_cat-shisha-hookah-disposable-vapes","14":"product_tag-al-fakher-8k-v2","15":"product_tag-al-fakher-crystal-8000-v2","16":"product_tag-al-fakher-crystal-8k-v2","17":"product_tag-big-puff-vape","18":"product_tag-disposable-vape-pen","19":"product_tag-vape-discount-price","20":"product_tag-vape-wholesale-distributor","21":"desktop-align-left","22":"tablet-align-left","23":"mobile-align-left","25":"first","26":"instock","27":"sale","28":"shipping-taxable","29":"purchasable","30":"product-type-simple"},"acf":[],"uagb_featured_image_src":{"full":["https:\/\/vapestornado.com\/wp-content\/uploads\/2026\/01\/Al-Fakher-Disposable-Vapes-Best-Price.webp",800,800,false],"thumbnail":["https:\/\/vapestornado.com\/wp-content\/uploads\/2026\/01\/Al-Fakher-Disposable-Vapes-Best-Price-150x150.webp",150,150,true],"medium":["https:\/\/vapestornado.com\/wp-content\/uploads\/2026\/01\/Al-Fakher-Disposable-Vapes-Best-Price-300x300.webp",300,300,true],"medium_large":["https:\/\/vapestornado.com\/wp-content\/uploads\/2026\/01\/Al-Fakher-Disposable-Vapes-Best-Price-768x768.webp",768,768,true],"large":["https:\/\/vapestornado.com\/wp-content\/uploads\/2026\/01\/Al-Fakher-Disposable-Vapes-Best-Price.webp",800,800,false],"1536x1536":["https:\/\/vapestornado.com\/wp-content\/uploads\/2026\/01\/Al-Fakher-Disposable-Vapes-Best-Price.webp",800,800,false],"2048x2048":["https:\/\/vapestornado.com\/wp-content\/uploads\/2026\/01\/Al-Fakher-Disposable-Vapes-Best-Price.webp",800,800,false],"trp-custom-language-flag":["https:\/\/vapestornado.com\/wp-content\/uploads\/2026\/01\/Al-Fakher-Disposable-Vapes-Best-Price-12x12.webp",12,12,true],"woocommerce_thumbnail":["https:\/\/vapestornado.com\/wp-content\/uploads\/2026\/01\/Al-Fakher-Disposable-Vapes-Best-Price-300x300.webp",300,300,true],"woocommerce_single":["https:\/\/vapestornado.com\/wp-content\/uploads\/2026\/01\/Al-Fakher-Disposable-Vapes-Best-Price-600x600.webp",600,600,true],"woocommerce_gallery_thumbnail":["https:\/\/vapestornado.com\/wp-content\/uploads\/2026\/01\/Al-Fakher-Disposable-Vapes-Best-Price-100x100.webp",100,100,true]},"uagb_author_info":{"display_name":"ESAMY","author_link":"https:\/\/vapestornado.com\/cs\/author\/"},"uagb_comment_info":0,"uagb_excerpt":"Al Fakher Crown Bar Crystal 8K V2 \u2013 Stable Performance Disposable Vape for EU Wholesale Al Fakher CRYSTAL 8K V2 with Dual Vaping Mode &amp; Low Nicotine Output Crystal 8K V2 by Al Fakher \u2013 Reliable 8000 Puff Disposable at Competitive Wholesale Price Add Amy's whatsapp to get right reply and discount price! WhatsApp: +86&hellip;","_links":{"self":[{"href":"https:\/\/vapestornado.com\/cs\/wp-json\/wp\/v2\/product\/4772","targetHints":{"allow":["GET"]}}],"collection":[{"href":"https:\/\/vapestornado.com\/cs\/wp-json\/wp\/v2\/product"}],"about":[{"href":"https:\/\/vapestornado.com\/cs\/wp-json\/wp\/v2\/types\/product"}],"replies":[{"embeddable":true,"href":"https:\/\/vapestornado.com\/cs\/wp-json\/wp\/v2\/comments?post=4772"}],"wp:featuredmedia":[{"embeddable":true,"href":"https:\/\/vapestornado.com\/cs\/wp-json\/wp\/v2\/media\/4770"}],"wp:attachment":[{"href":"https:\/\/vapestornado.com\/cs\/wp-json\/wp\/v2\/media?parent=4772"}],"wp:term":[{"taxonomy":"product_brand","embeddable":true,"href":"https:\/\/vapestornado.com\/cs\/wp-json\/wp\/v2\/product_brand?post=4772"},{"taxonomy":"product_cat","embeddable":true,"href":"https:\/\/vapestornado.com\/cs\/wp-json\/wp\/v2\/product_cat?post=4772"},{"taxonomy":"product_tag","embeddable":true,"href":"https:\/\/vapestornado.com\/cs\/wp-json\/wp\/v2\/product_tag?post=4772"}],"curies":[{"name":"wp","href":"https:\/\/api.w.org\/{rel}","templated":true}]}}