{"id":4716,"date":"2025-12-24T03:47:14","date_gmt":"2025-12-24T03:47:14","guid":{"rendered":"https:\/\/vapestornado.com\/?post_type=product&#038;p=4716"},"modified":"2025-12-24T06:53:12","modified_gmt":"2025-12-24T06:53:12","slug":"fihp-90k-puffs-90000-3-in-1-triple-flavors-crystal-vape-shop-wholesale-disposable-e-cigarette","status":"publish","type":"product","link":"https:\/\/vapestornado.com\/cs\/product\/fihp-90k-puffs-90000-3-in-1-triple-flavors-crystal-vape-shop-wholesale-disposable-e-cigarette\/","title":{"rendered":"FIHP 90K Puffs 90000 3 v 1 Trojit\u00e9 p\u0159\u00edchut\u011b Krystalov\u00fd vaporiz\u00e9r Velkoobchod Jednor\u00e1zov\u00e1 elektronick\u00e1 cigareta"},"content":{"rendered":"<h2 data-pm-slice=\"1 1 []\">FIHP 90K Pot\u00e1hnut\u00ed 90000 3 v 1 Trojice P\u0159\u00edchut\u00ed Krystalick\u00e1 Jednor\u00e1zov\u00e1 E Cigareta Velkoobchod<\/h2>\n<p data-start=\"90\" data-end=\"562\">Ten <strong data-start=\"94\" data-end=\"112\">FIHP 90K Puffs<\/strong> je navr\u017een pro dosp\u011bl\u00e9, kte\u0159\u00ed cht\u011bj\u00ed dlouhodob\u00e9 za\u0159\u00edzen\u00ed, kter\u00e9 z\u016fst\u00e1v\u00e1 zaj\u00edmav\u00e9. Hlavn\u00ed specifikace jsou z\u0159ejm\u00e9\u2014<strong data-start=\"213\" data-end=\"229\">90 000 pot\u00e1hnut\u00ed<\/strong>\u2014ale to, co ho \u010din\u00ed pou\u017eiteln\u00fdm denn\u011b, je kombinace <strong data-start=\"293\" data-end=\"324\">3 v 1 trojice p\u0159\u00edchut\u00ed<\/strong>, s <strong data-start=\"328\" data-end=\"344\">chytrou obrazovku<\/strong>, a hardware s c\u00edvkou navr\u017een\u00fdm pro stabiln\u00ed v\u00fdstup chuti. To je typ <strong data-start=\"420\" data-end=\"446\">Jednor\u00e1zov\u00e1 E cigareta<\/strong> , kter\u00e1 vyhovuje jak osobn\u00edmu pou\u017eit\u00ed, tak velkoobchodu s vaporiz\u00e9ry, proto\u017ee je snadn\u00e9 ji vysv\u011btlit a snadno d\u016fv\u011b\u0159ovat v ruce.<\/p>\n<p data-start=\"564\" data-end=\"847\">Pr\u016fhledn\u00e9 t\u011blo \u201ekrystalov\u00e9\u201c nen\u00ed jen pro styl; tak\u00e9 d\u00e1v\u00e1 produktu modern\u00ed a p\u0159\u00edm\u00fd vzhled\u2014co vid\u00edte, to dostanete. Pro mnoho kupuj\u00edc\u00edch v Evrop\u011b je to d\u016fle\u017eit\u00e9: \u010dist\u00fd vzhled, jasn\u00e1 zp\u011btn\u00e1 vazba z obrazovky a \u017e\u00e1dn\u00e9 tajemstv\u00ed, zda je za\u0159\u00edzen\u00ed vybit\u00e1 nebo jen pot\u0159ebuje nab\u00edjet.<\/p>\n<p data-start=\"876\" data-end=\"1116\">Vysokokapacitn\u00ed jednor\u00e1zov\u00e9 za\u0159\u00edzen\u00ed \u010dasto selh\u00e1vaj\u00ed p\u0159edv\u00eddateln\u00fdmi zp\u016fsoby: chu\u0165 se st\u00e1v\u00e1 mdlou, v\u00fdstup je nekonzistentn\u00ed nebo u\u017eivatel\u00e9 nemohou ur\u010dit, zda je za\u0159\u00edzen\u00ed pr\u00e1zdn\u00e9 nebo jen pot\u0159ebuje nab\u00edjen\u00ed. FIHP 90000 pot\u00e1hnut\u00ed \u0159e\u0161\u00ed tyto probl\u00e9my praktick\u00fdmi hardwarov\u00fdmi volbami.<\/p>\n<p data-start=\"1118\" data-end=\"1588\">Ten <strong data-start=\"1122\" data-end=\"1138\">chytrou obrazovku<\/strong> zobrazuje <strong data-start=\"1145\" data-end=\"1181\">stav baterie a hladinu e-liquidu<\/strong>, tak\u017ee nemus\u00edte h\u00e1dat. To sni\u017euje frustraci a odstra\u0148uje momenty \u201ep\u0159estal fungovat\u201c, kter\u00e9 jsou ve skute\u010dnosti jen n\u00edzkou \u00farovn\u00ed nap\u00e1jen\u00ed. Tyto <strong data-start=\"1318\" data-end=\"1342\">0,9\u03a9 dvojit\u00e9 s\u00ed\u0165ov\u00e9 c\u00edvky<\/strong> jsou navr\u017eeny s v\u011bt\u0161\u00ed topnou plochou, co\u017e pom\u00e1h\u00e1 udr\u017eet stabiln\u00ed produkci p\u00e1ry a \u010dist\u0161\u00ed chu\u0165 p\u0159i dlouhodob\u00e9m pou\u017e\u00edv\u00e1n\u00ed. P\u0159idejte k tomu <strong data-start=\"1469\" data-end=\"1488\">Nab\u00edjen\u00ed typu C<\/strong> a <strong data-start=\"1493\" data-end=\"1511\">Baterie 650 mAh<\/strong>, a za\u0159\u00edzen\u00ed odpov\u00edd\u00e1 skute\u010dn\u00fdm denn\u00edm rutin\u00e1m\u2014rychl\u00e9 nab\u00edjen\u00ed, del\u0161\u00ed pou\u017e\u00edv\u00e1n\u00ed, opakov\u00e1n\u00ed.<\/p>\n<h3 data-start=\"1590\" data-end=\"1635\">Pro\u010d koupit FIHP 90K 90000 Potahovac\u00ed Vape Pen<\/h3>\n<ul data-start=\"1636\" data-end=\"2259\">\n<li data-start=\"1636\" data-end=\"1764\">\n<p data-start=\"1638\" data-end=\"1764\"><strong data-start=\"1638\" data-end=\"1665\">Dlouh\u00fd cyklus v\u00fdm\u011bny:<\/strong> to <strong data-start=\"1670\" data-end=\"1679\">90000<\/strong> Design puf sni\u017euje, jak \u010dasto pot\u0159ebujete nov\u00e9 za\u0159\u00edzen\u00ed, zejm\u00e9na pro pravideln\u00e9 u\u017eivatele.<\/p>\n<\/li>\n<li data-start=\"1765\" data-end=\"1936\">\n<p data-start=\"1767\" data-end=\"1936\"><strong data-start=\"1767\" data-end=\"1801\">Rozmanitost bez dal\u0161\u00edch za\u0159\u00edzen\u00ed:<\/strong> to <strong data-start=\"1806\" data-end=\"1824\">3 p\u0159\u00edchut\u011b v 1<\/strong> syst\u00e9m je praktick\u00fd\u2014p\u0159ep\u00edn\u00e1n\u00ed profil\u016f pom\u00e1h\u00e1 vyhnout se \u00fanav\u011b z p\u0159\u00edchut\u00ed, co\u017e je b\u011b\u017en\u00e9 u vaporiz\u00e9r\u016f s vysokou kapacitou.<\/p>\n<\/li>\n<li data-start=\"1937\" data-end=\"2094\">\n<p data-start=\"1939\" data-end=\"2094\"><strong data-start=\"1939\" data-end=\"1968\">P\u0159ehledn\u00fd stav na prvn\u00ed pohled:<\/strong> displej \u010din\u00ed za\u0159\u00edzen\u00ed p\u0159edv\u00eddateln\u011bj\u0161\u00edm, zejm\u00e9na pro lidi, kte\u0159\u00ed vapuj\u00ed b\u011bhem dne a necht\u011bj\u00ed p\u0159ekvapen\u00ed.<\/p>\n<\/li>\n<li data-start=\"2095\" data-end=\"2259\">\n<p data-start=\"2097\" data-end=\"2259\"><strong data-start=\"2097\" data-end=\"2120\">Vhodn\u00e9 pro velkoobchod:<\/strong> pro displej v stylu krystalu v obchod\u011b s vaporiz\u00e9ry vypad\u00e1 produkt pr\u00e9miov\u011b, zat\u00edmco z\u016fst\u00e1v\u00e1 jednoduch\u00fd na prezentaci: 90K + trojit\u00e9 p\u0159\u00edchut\u011b + displej + Type-C.<\/p>\n<\/li>\n<\/ul>\n<p><strong><span style=\"color: #ff0000;\">P\u0159idejte si Amy na WhatsApp pro rychlou odpov\u011b\u010f a kup\u00f3n na vapky!<\/span><\/strong><\/p>\n<p><img fetchpriority=\"high\" decoding=\"async\" class=\"size-full wp-image-2932\" src=\"https:\/\/vapestornado.com\/wp-content\/uploads\/2024\/12\/Vape-Wholesale.jpg\" alt=\"Velkoobchod s vape\" width=\"229\" height=\"300\" \/><\/p>\n<h3><a href=\"https:\/\/wa.me\/8617776015835\" target=\"_blank\" rel=\"noopener\"><span style=\"color: #ff0000;\"><strong>WhatsApp: +86 17776015835<\/strong><\/span><\/a><\/h3>\n<figure id=\"attachment_4711\" aria-describedby=\"caption-attachment-4711\" style=\"width: 300px\" class=\"wp-caption alignnone\"><img decoding=\"async\" class=\"size-medium wp-image-4711\" src=\"https:\/\/vapestornado.com\/wp-content\/uploads\/2025\/12\/FIHP-90K-90000-Puff-Bar-Disposables-Triple-Flavors-300x300.webp\" alt=\"FIHP 90K 90000 Potah\u016f Bar na Jednor\u00e1zov\u00e9 Vape Trojice P\u0159\u00edchut\u00ed\" width=\"300\" height=\"300\" srcset=\"https:\/\/vapestornado.com\/wp-content\/uploads\/2025\/12\/FIHP-90K-90000-Puff-Bar-Disposables-Triple-Flavors-300x300.webp 300w, https:\/\/vapestornado.com\/wp-content\/uploads\/2025\/12\/FIHP-90K-90000-Puff-Bar-Disposables-Triple-Flavors-150x150.webp 150w, https:\/\/vapestornado.com\/wp-content\/uploads\/2025\/12\/FIHP-90K-90000-Puff-Bar-Disposables-Triple-Flavors-768x768.webp 768w, https:\/\/vapestornado.com\/wp-content\/uploads\/2025\/12\/FIHP-90K-90000-Puff-Bar-Disposables-Triple-Flavors-12x12.webp 12w, https:\/\/vapestornado.com\/wp-content\/uploads\/2025\/12\/FIHP-90K-90000-Puff-Bar-Disposables-Triple-Flavors-600x600.webp 600w, https:\/\/vapestornado.com\/wp-content\/uploads\/2025\/12\/FIHP-90K-90000-Puff-Bar-Disposables-Triple-Flavors-100x100.webp 100w, https:\/\/vapestornado.com\/wp-content\/uploads\/2025\/12\/FIHP-90K-90000-Puff-Bar-Disposables-Triple-Flavors.webp 800w\" sizes=\"(max-width: 300px) 100vw, 300px\" \/><figcaption id=\"caption-attachment-4711\" class=\"wp-caption-text\">FIHP 90K 90000 Puf\u016f Jednor\u00e1zov\u00e9 Trojit\u00e9 P\u0159\u00edchut\u011b<\/figcaption><\/figure>\n<p>&nbsp;<\/p>\n<h2><strong>FIHP 90K Pufy Funkce produktu<\/strong><\/h2>\n<table>\n<thead>\n<tr>\n<th>Funkce<\/th>\n<th>Specifikace<\/th>\n<th>Co to znamen\u00e1 v re\u00e1ln\u00e9m pou\u017eit\u00ed<\/th>\n<\/tr>\n<\/thead>\n<tbody>\n<tr>\n<td>Kapacita pot\u00e1hnut\u00ed<\/td>\n<td>A\u017e 90 000 puf\u016f<\/td>\n<td>Navr\u017eeno pro dlouhodob\u00e9 pou\u017eit\u00ed; skute\u010dn\u00fd po\u010det puf\u016f z\u00e1vis\u00ed na d\u00e9lce n\u00e1dechu a zvyklostech u\u017eivatele.<\/td>\n<\/tr>\n<tr>\n<td>Syst\u00e9m p\u0159\u00edchut\u00ed<\/td>\n<td>3 v 1 Trojit\u00e9 p\u0159\u00edchut\u011b<\/td>\n<td>P\u0159ep\u00edn\u00e1n\u00ed mezi t\u0159emi p\u0159\u00edchut\u011bmi v jednom za\u0159\u00edzen\u00ed pro sn\u00ed\u017een\u00ed \u00fanavy z p\u0159\u00edchut\u00ed p\u0159i dlouhodob\u00e9m pou\u017e\u00edv\u00e1n\u00ed.<\/td>\n<\/tr>\n<tr>\n<td>Typ spir\u00e1lky<\/td>\n<td>0,9\u03a9 Dvojit\u00e9 s\u00ed\u0165ov\u00e9 c\u00edvky<\/td>\n<td>V\u011bt\u0161\u00ed topn\u00e1 plocha podporuje stabiln\u011bj\u0161\u00ed p\u00e1ru a \u010dist\u0161\u00ed p\u0159enos chuti b\u011bhem dlouh\u00fdch seanc\u00ed.<\/td>\n<\/tr>\n<tr>\n<td>Baterie<\/td>\n<td>650mAh dob\u00edjec\u00ed<\/td>\n<td>Vyrobeno pro ka\u017edodenn\u00ed pou\u017eit\u00ed; dob\u00edjejte podle pot\u0159eby, m\u00edsto aby se za\u0159\u00edzen\u00ed brzy vy\u0159adilo.<\/td>\n<\/tr>\n<tr>\n<td>Nab\u00edjen\u00ed<\/td>\n<td>Type-C (p\u0159ibli\u017en\u011b 30 minut uv\u00e1d\u011bno)<\/td>\n<td>Rychlej\u0161\u00ed a pohodln\u011bj\u0161\u00ed nab\u00edjen\u00ed ve srovn\u00e1n\u00ed se star\u0161\u00edmi porty; \u010das nab\u00edjen\u00ed se li\u0161\u00ed podle nab\u00edje\u010dky a podm\u00ednek.<\/td>\n<\/tr>\n<tr>\n<td>Displej<\/td>\n<td>Chytr\u00fd displej (baterie + e-liquid)<\/td>\n<td>Sni\u017euje odhadov\u00e1n\u00ed t\u00edm, \u017ee ukazuje stav za\u0159\u00edzen\u00ed na prvn\u00ed pohled.<\/td>\n<\/tr>\n<tr>\n<td>Mo\u017enosti nikotinu<\/td>\n<td>2% \/ 5%<\/td>\n<td>Dva r\u016fzn\u00e9 s\u00edly pro r\u016fzn\u00e9 preference dosp\u011bl\u00fdch (dostupnost na trhu se m\u016f\u017ee li\u0161it).<\/td>\n<\/tr>\n<tr>\n<td>Design<\/td>\n<td>Pr\u016fhledn\u00e9 t\u011blo ve stylu krystalu<\/td>\n<td>Modern\u00ed vzhled vhodn\u00fd pro maloobchodn\u00ed vystaven\u00ed a snadnou prezentaci produktu.<\/td>\n<\/tr>\n<\/tbody>\n<\/table>\n<h2 class=\"product-title\"><strong>FIHP 90K Puffs Seznam p\u0159\u00edchut\u00ed Puff Puff<\/strong><\/h2>\n<h2 data-start=\"4164\" data-end=\"4193\"><\/h2>\n<ol data-start=\"4195\" data-end=\"4730\">\n<li data-start=\"4195\" data-end=\"4239\">\n<p data-start=\"4198\" data-end=\"4239\">Perliv\u00e1 t\u0159e\u0161e\u0148 &amp; Lady Killer &amp; Gummy Bear<\/p>\n<\/li>\n<li data-start=\"4240\" data-end=\"4287\">\n<p data-start=\"4243\" data-end=\"4287\">Bor\u016fvka Malina &amp; Love 666 &amp; Peach Ice<\/p>\n<\/li>\n<li data-start=\"4288\" data-end=\"4343\">\n<p data-start=\"4291\" data-end=\"4343\">Malina Vodn\u00ed meloun &amp; Sm\u00ed\u0161en\u00e9 bobule &amp; Mango Peach<\/p>\n<\/li>\n<li data-start=\"4344\" data-end=\"4406\">\n<p data-start=\"4347\" data-end=\"4406\">Blue Razz Lemonade &amp; Jahoda Malina &amp; Duha Cukrov\u00e1<\/p>\n<\/li>\n<li data-start=\"4407\" data-end=\"4463\">\n<p data-start=\"4410\" data-end=\"4463\">Vodn\u00ed meloun \u017dv\u00fdka\u010dka &amp; Hroznov\u00e1 Ice &amp; \u010cern\u00fd drak Ice<\/p>\n<\/li>\n<li data-start=\"4464\" data-end=\"4514\">\n<p data-start=\"4467\" data-end=\"4514\">Ananas Kokos &amp; Sm\u00ed\u0161en\u00e9 ovoce &amp; Citr\u00f3n Peach<\/p>\n<\/li>\n<li data-start=\"4515\" data-end=\"4575\">\n<p data-start=\"4518\" data-end=\"4575\">Dvojit\u00e1 jablko &amp; Jahoda Ban\u00e1n &amp; Malina Vodn\u00ed meloun<\/p>\n<\/li>\n<li data-start=\"4576\" data-end=\"4624\">\n<p data-start=\"4579\" data-end=\"4624\">Vodn\u00ed meloun Ice &amp; Red Bull &amp; Jahoda Kiwi<\/p>\n<\/li>\n<li data-start=\"4625\" data-end=\"4680\">\n<p data-start=\"4628\" data-end=\"4680\">Bor\u016fvka Ice &amp; Jahoda Vodn\u00ed meloun &amp; Citr\u00f3n Limeta<\/p>\n<\/li>\n<li data-start=\"4681\" data-end=\"4730\">\n<p data-start=\"4685\" data-end=\"4730\">Peach Berry &amp; Trojit\u00fd meloun &amp; Vodn\u00ed meloun Ice<\/p>\n<\/li>\n<\/ol>\n<div class=\"flex-shrink-0 flex flex-col relative items-end\">\n<div class=\"pt-0\">\n<div class=\"gizmo-bot-avatar flex h-8 w-8 items-center justify-center overflow-hidden rounded-full\">\n<div class=\"relative p-1 rounded-sm flex items-center justify-center bg-token-main-surface-primary text-token-text-primary h-8 w-8\">\n<h2 data-start=\"1200\" data-end=\"1487\">Vapes Tornado \u2013 V\u00e1\u0161 velkoobchodn\u00ed online obchod s vaporiz\u00e9ry pro obl\u00edben\u00e9 vaporiz\u00e9ry<\/h2>\n<p data-start=\"72\" data-end=\"396\"><strong data-start=\"72\" data-end=\"89\">Vapes Tornado<\/strong> je velkoobchodn\u00ed online obchod s vaporiz\u00e9ry zam\u011b\u0159en\u00fd na Evropu, dod\u00e1vaj\u00edc\u00ed pe\u010dliv\u011b vybranou \u0159adu <strong data-start=\"178\" data-end=\"195\">obl\u00edben\u00fdch vaporiz\u00e9r\u016f<\/strong> pro profesion\u00e1ln\u00ed kupce. Spolupracujeme s maloobchodn\u00edky, distributory a online obchody po cel\u00e9 EU, kte\u0159\u00ed pot\u0159ebuj\u00ed stabiln\u00ed dod\u00e1vky, jasn\u00e9 informace o produktech a zna\u010dky, kter\u00e9 z\u00e1kazn\u00edci ji\u017e znaj\u00ed a d\u016fv\u011b\u0159uj\u00ed jim.<\/p>\n<p data-start=\"398\" data-end=\"687\">Spolupracujeme s d\u016fv\u011bryhodn\u00fdmi zna\u010dkami, jako jsou <strong data-start=\"307\" data-end=\"362\"><a href=\"https:\/\/vapestornado.com\/cs\/product\/randm-12000-puffs-fumot-digital-disposable-vape-wholesale-price\/\">Fumot VAPE<\/a>, <a href=\"https:\/\/vapestornado.com\/cs\/product\/original-wga-ultra-35k-35000-puff-rechargeable-crystal-disposable-nicotine-vape-best-discount-price\/\">WGA VAPE<\/a>, <\/strong><strong data-start=\"307\" data-end=\"362\"><a href=\"https:\/\/vapestornado.com\/cs\/product\/vozol-gear-shisha-25k-25000-puffs-best-dtl-disposable-vape-hookah-cheap-price\/\">VOZOL BAR VAPE<\/a>,<\/strong><strong data-start=\"247\" data-end=\"352\">\u00a0Elf Bar Vape, WASPE Vape, <a href=\"https:\/\/vapestornado.com\/cs\/product\/uzy-150k-puffs-6-in-1-flavor-switch-disposable-vape-pen-wholesale\/\">UZY Vape<\/a>, Bang Vape, Razz Bar Vape, a Stag Bar Vape<\/strong>, vybran\u00e9 pro konzistentn\u00ed kvalitu a silnou popt\u00e1vku na evropsk\u00e9m trhu.<\/p>\n<h4 data-start=\"1080\" data-end=\"1120\">Vytvo\u0159eno pro velkoobchodn\u00edky v \u010cesk\u00e9 republice<\/h4>\n<p data-start=\"1121\" data-end=\"1189\">Vapes Tornado je strukturov\u00e1no kolem skute\u010dn\u00fdch pot\u0159eb velkoobchodn\u00edk\u016f v EU:<\/p>\n<ul data-start=\"1190\" data-end=\"1400\">\n<li data-start=\"1190\" data-end=\"1239\">\n<p data-start=\"1192\" data-end=\"1239\">Konkurenceschopn\u00e9 velkoobchodn\u00ed ceny pro velk\u00e9 objedn\u00e1vky<\/p>\n<\/li>\n<li data-start=\"1240\" data-end=\"1289\">\n<p data-start=\"1242\" data-end=\"1289\">P\u0159ehledn\u00e9 popisy produkt\u016f a specifikace<\/p>\n<\/li>\n<li data-start=\"1290\" data-end=\"1330\">\n<p data-start=\"1292\" data-end=\"1330\">Rychl\u00e1, spolehliv\u00e1 logistika orientovan\u00e1 na EU<\/p>\n<\/li>\n<li data-start=\"1331\" data-end=\"1400\">\n<p data-start=\"1333\" data-end=\"1400\">Katalog zam\u011b\u0159en\u00fd na <strong data-start=\"1356\" data-end=\"1373\">obl\u00edben\u00fdch vaporiz\u00e9r\u016f<\/strong>, ne na p\u0159et\u00ed\u017een\u00e9 SKU<\/p>\n<\/li>\n<\/ul>\n<p data-start=\"1200\" data-end=\"1487\">\n<h2 data-start=\"2064\" data-end=\"2115\">\u010casto kladen\u00e9 ot\u00e1zky o FIHP 90K Puffs Jednor\u00e1zov\u00e9m vapingu<\/h2>\n<p data-start=\"5001\" data-end=\"5156\"><strong data-start=\"5001\" data-end=\"5050\">1) Je 90 000 pot\u00e1hnut\u00ed zaru\u010deno pro ka\u017ed\u00e9ho u\u017eivatele?<\/strong><br data-start=\"5050\" data-end=\"5053\" \/>Ne. Po\u010det pot\u00e1hnut\u00ed se li\u0161\u00ed podle d\u00e9lky n\u00e1dechu, frekvence a stylu pou\u017e\u00edv\u00e1n\u00ed; 90K je maxim\u00e1ln\u00ed n\u00e1vrhov\u00fd c\u00edl.<\/p>\n<p data-start=\"5158\" data-end=\"5316\"><strong data-start=\"5158\" data-end=\"5211\">2) Jak funguje syst\u00e9m t\u0159\u00ed p\u0159\u00edchut\u00ed 3 v 1?<\/strong><br data-start=\"5211\" data-end=\"5214\" \/>Jedno za\u0159\u00edzen\u00ed obsahuje t\u0159i p\u0159\u00edchut\u011b, umo\u017e\u0148uje p\u0159ep\u00edn\u00e1n\u00ed kdykoliv b\u011bhem pou\u017e\u00edv\u00e1n\u00ed, pokud chcete jinou chu\u0165.<\/p>\n<p data-start=\"5318\" data-end=\"5457\"><strong data-start=\"5318\" data-end=\"5357\">3) Co ukazuje chytr\u00e1 obrazovka?<\/strong><br data-start=\"5357\" data-end=\"5360\" \/>Je navr\u017eena tak, aby zobrazovala \u00farove\u0148 baterie a hladinu e-liquidu, tak\u017ee u\u017eivatel\u00e9 mohou stav zkontrolovat na prvn\u00ed pohled.<\/p>\n<p data-start=\"5459\" data-end=\"5633\"><strong data-start=\"5459\" data-end=\"5498\">4) Pro\u010d zvolit dualn\u00ed s\u00ed\u0165ov\u00e9 c\u00edvky o odporu 0,9\u03a9?<\/strong><br data-start=\"5498\" data-end=\"5501\" \/>Dualn\u00ed s\u00ed\u0165ov\u00e9 c\u00edvky poskytuj\u00ed v\u011bt\u0161\u00ed plochu topn\u00e9ho povrchu, co\u017e pom\u00e1h\u00e1 udr\u017eovat konzistentn\u011bj\u0161\u00ed v\u00fdstup p\u00e1ry a chu\u0165 po dlouhou dobu pou\u017e\u00edv\u00e1n\u00ed.<\/p>\n<p data-start=\"5635\" data-end=\"5802\" data-is-last-node=\"\" data-is-only-node=\"\"><strong data-start=\"5635\" data-end=\"5670\">5) Jak dlouho trv\u00e1 nab\u00edjen\u00ed?<\/strong><br data-start=\"5670\" data-end=\"5673\" \/>Dob\u00edjen\u00ed Type-C je uv\u00e1d\u011bno p\u0159ibli\u017en\u011b na 30 minut, i kdy\u017e skute\u010dn\u00e1 doba nab\u00edjen\u00ed se m\u016f\u017ee li\u0161it v z\u00e1vislosti na nap\u00e1jec\u00edm adapt\u00e9ru a podm\u00ednk\u00e1ch.<\/p>\n<\/div>\n<\/div>\n<\/div>\n<\/div>","protected":false},"excerpt":{"rendered":"<p data-start=\"5635\" data-end=\"5802\" data-is-last-node=\"\" data-is-only-node=\"\">Ten <strong data-start=\"37\" data-end=\"55\">FIHP 90K Puffs<\/strong> je navr\u017een pro ty, kte\u0159\u00ed o\u010dek\u00e1vaj\u00ed od jednor\u00e1zov\u00e9 vaporizace v\u00edce. S a\u017e <strong data-start=\"121\" data-end=\"137\">90 000 pot\u00e1hnut\u00ed<\/strong>, s <strong data-start=\"141\" data-end=\"172\">syst\u00e9mem 3-v-1 s trojitou p\u0159\u00edchut\u00ed<\/strong>a <strong data-start=\"180\" data-end=\"196\">chytrou obrazovku<\/strong> kter\u00e9 udr\u017euje baterii a e-liquid na p\u0159ehledn\u00e9m m\u00edst\u011b, nab\u00edz\u00ed dlouhotrvaj\u00edc\u00ed v\u00fdkon bez obvykl\u00e9ho odhadu. Poh\u00e1n\u011bn <strong data-start=\"323\" data-end=\"346\">0,9\u03a9 dvojit\u00fdm s\u00ed\u0165ov\u00fdm c\u00edvkou<\/strong> a rychl\u00e9 <strong data-start=\"356\" data-end=\"375\">Nab\u00edjen\u00ed typu C<\/strong>, tento krystalov\u00fd jednor\u00e1zov\u00fd p\u0159\u00edstroj nab\u00edz\u00ed jemnou chu\u0165, hustou p\u00e1ru a ka\u017edodenn\u00ed spolehlivost\u2014co\u017e z n\u011bj \u010din\u00ed v\u00fdjime\u010dnou volbu pro osobn\u00ed pou\u017eit\u00ed a velkoobchod s vaporiz\u00e9ry.<\/p>\n<p><strong>P\u0159idejte si Amy na Whatsapp, abyste z\u00edskali spr\u00e1vnou odpov\u011b\u010f a slevu!<\/strong><\/p>\n<p><img fetchpriority=\"high\" decoding=\"async\" class=\"size-full wp-image-2932\" src=\"https:\/\/vapestornado.com\/wp-content\/uploads\/2024\/12\/Vape-Wholesale.jpg\" alt=\"Velkoobchod s vape\" width=\"229\" height=\"300\" \/><\/p>\n<h3><a href=\"https:\/\/wa.me\/8617776015835\"><span style=\"color: #ff0000;\"><strong>WhatsApp: +86 17776015835<\/strong><\/span><\/a><\/h3>","protected":false},"featured_media":4715,"comment_status":"open","ping_status":"closed","template":"","meta":{"_acf_changed":false,"_uag_custom_page_level_css":"","_lmt_disableupdate":"no","_lmt_disable":"","_monsterinsights_skip_tracking":false,"_monsterinsights_sitenote_active":false,"_monsterinsights_sitenote_note":"","_monsterinsights_sitenote_category":0,"site-sidebar-layout":"default","site-content-layout":"","ast-site-content-layout":"default","site-content-style":"default","site-sidebar-style":"default","ast-global-header-display":"","ast-banner-title-visibility":"","ast-main-header-display":"","ast-hfb-above-header-display":"","ast-hfb-below-header-display":"","ast-hfb-mobile-header-display":"","site-post-title":"","ast-breadcrumbs-content":"","ast-featured-img":"","footer-sml-layout":"","ast-disable-related-posts":"","theme-transparent-header-meta":"default","adv-header-id-meta":"","stick-header-meta":"","header-above-stick-meta":"","header-main-stick-meta":"","header-below-stick-meta":"","astra-migrate-meta-layouts":"set","ast-page-background-enabled":"default","ast-page-background-meta":{"desktop":{"background-color":"","background-image":"","background-repeat":"repeat","background-position":"center center","background-size":"auto","background-attachment":"scroll","background-type":"","background-media":"","overlay-type":"","overlay-color":"","overlay-opacity":"","overlay-gradient":""},"tablet":{"background-color":"","background-image":"","background-repeat":"repeat","background-position":"center center","background-size":"auto","background-attachment":"scroll","background-type":"","background-media":"","overlay-type":"","overlay-color":"","overlay-opacity":"","overlay-gradient":""},"mobile":{"background-color":"","background-image":"","background-repeat":"repeat","background-position":"center center","background-size":"auto","background-attachment":"scroll","background-type":"","background-media":"","overlay-type":"","overlay-color":"","overlay-opacity":"","overlay-gradient":""}},"ast-content-background-meta":{"desktop":{"background-color":"var(--ast-global-color-5)","background-image":"","background-repeat":"repeat","background-position":"center center","background-size":"auto","background-attachment":"scroll","background-type":"","background-media":"","overlay-type":"","overlay-color":"","overlay-opacity":"","overlay-gradient":""},"tablet":{"background-color":"var(--ast-global-color-5)","background-image":"","background-repeat":"repeat","background-position":"center center","background-size":"auto","background-attachment":"scroll","background-type":"","background-media":"","overlay-type":"","overlay-color":"","overlay-opacity":"","overlay-gradient":""},"mobile":{"background-color":"var(--ast-global-color-5)","background-image":"","background-repeat":"repeat","background-position":"center center","background-size":"auto","background-attachment":"scroll","background-type":"","background-media":"","overlay-type":"","overlay-color":"","overlay-opacity":"","overlay-gradient":""}},"_joinchat":[]},"product_brand":[],"product_cat":[154,156,158,142,146,60],"product_tag":[387,120,287,505,504,503,393],"class_list":{"0":"post-4716","1":"product","2":"type-product","3":"status-publish","4":"has-post-thumbnail","6":"product_cat-buy-disposable-vapes-in-netherlands","7":"product_cat-buy-disposable-vapes-in-poland","8":"product_cat-buy-disposable-vapes-in-spain","9":"product_cat-digital-box-disposable-vapes","10":"product_cat-rechargeable-disposable-vapes","11":"product_cat-waspe-fihp-vape","12":"product_tag-cigarette-vapor","13":"product_tag-crystal-vape","14":"product_tag-disposable-vape-pen","15":"product_tag-fihp-90000-puff","16":"product_tag-fihp-90k-puffs","17":"product_tag-multi-flavor-disposable-vape","18":"product_tag-vape-cartridge","19":"desktop-align-left","20":"tablet-align-left","21":"mobile-align-left","23":"first","24":"instock","25":"sale","26":"shipping-taxable","27":"purchasable","28":"product-type-simple"},"acf":[],"uagb_featured_image_src":{"full":["https:\/\/vapestornado.com\/wp-content\/uploads\/2025\/12\/FIHP-90000-Puff-90k-Disposable-Vape-Pod.webp",800,800,false],"thumbnail":["https:\/\/vapestornado.com\/wp-content\/uploads\/2025\/12\/FIHP-90000-Puff-90k-Disposable-Vape-Pod-150x150.webp",150,150,true],"medium":["https:\/\/vapestornado.com\/wp-content\/uploads\/2025\/12\/FIHP-90000-Puff-90k-Disposable-Vape-Pod-300x300.webp",300,300,true],"medium_large":["https:\/\/vapestornado.com\/wp-content\/uploads\/2025\/12\/FIHP-90000-Puff-90k-Disposable-Vape-Pod-768x768.webp",768,768,true],"large":["https:\/\/vapestornado.com\/wp-content\/uploads\/2025\/12\/FIHP-90000-Puff-90k-Disposable-Vape-Pod.webp",800,800,false],"1536x1536":["https:\/\/vapestornado.com\/wp-content\/uploads\/2025\/12\/FIHP-90000-Puff-90k-Disposable-Vape-Pod.webp",800,800,false],"2048x2048":["https:\/\/vapestornado.com\/wp-content\/uploads\/2025\/12\/FIHP-90000-Puff-90k-Disposable-Vape-Pod.webp",800,800,false],"trp-custom-language-flag":["https:\/\/vapestornado.com\/wp-content\/uploads\/2025\/12\/FIHP-90000-Puff-90k-Disposable-Vape-Pod-12x12.webp",12,12,true],"woocommerce_thumbnail":["https:\/\/vapestornado.com\/wp-content\/uploads\/2025\/12\/FIHP-90000-Puff-90k-Disposable-Vape-Pod-300x300.webp",300,300,true],"woocommerce_single":["https:\/\/vapestornado.com\/wp-content\/uploads\/2025\/12\/FIHP-90000-Puff-90k-Disposable-Vape-Pod-600x600.webp",600,600,true],"woocommerce_gallery_thumbnail":["https:\/\/vapestornado.com\/wp-content\/uploads\/2025\/12\/FIHP-90000-Puff-90k-Disposable-Vape-Pod-100x100.webp",100,100,true]},"uagb_author_info":{"display_name":"ESAMY","author_link":"https:\/\/vapestornado.com\/cs\/author\/"},"uagb_comment_info":0,"uagb_excerpt":"The FIHP 90K Puffs is built for those who expect more from a disposable. With up to 90,000 puffs, a 3-in-1 triple flavor system, and a smart screen that keeps battery and e-liquid in clear view, it delivers long-lasting performance without the usual guesswork. Powered by a 0.9\u03a9 dual mesh coil and fast Type-C charging,&hellip;","_links":{"self":[{"href":"https:\/\/vapestornado.com\/cs\/wp-json\/wp\/v2\/product\/4716","targetHints":{"allow":["GET"]}}],"collection":[{"href":"https:\/\/vapestornado.com\/cs\/wp-json\/wp\/v2\/product"}],"about":[{"href":"https:\/\/vapestornado.com\/cs\/wp-json\/wp\/v2\/types\/product"}],"replies":[{"embeddable":true,"href":"https:\/\/vapestornado.com\/cs\/wp-json\/wp\/v2\/comments?post=4716"}],"wp:featuredmedia":[{"embeddable":true,"href":"https:\/\/vapestornado.com\/cs\/wp-json\/wp\/v2\/media\/4715"}],"wp:attachment":[{"href":"https:\/\/vapestornado.com\/cs\/wp-json\/wp\/v2\/media?parent=4716"}],"wp:term":[{"taxonomy":"product_brand","embeddable":true,"href":"https:\/\/vapestornado.com\/cs\/wp-json\/wp\/v2\/product_brand?post=4716"},{"taxonomy":"product_cat","embeddable":true,"href":"https:\/\/vapestornado.com\/cs\/wp-json\/wp\/v2\/product_cat?post=4716"},{"taxonomy":"product_tag","embeddable":true,"href":"https:\/\/vapestornado.com\/cs\/wp-json\/wp\/v2\/product_tag?post=4716"}],"curies":[{"name":"wp","href":"https:\/\/api.w.org\/{rel}","templated":true}]}}