{"id":4703,"date":"2025-12-19T06:50:39","date_gmt":"2025-12-19T06:50:39","guid":{"rendered":"https:\/\/vapestornado.com\/?post_type=product&#038;p=4703"},"modified":"2025-12-19T07:56:00","modified_gmt":"2025-12-19T07:56:00","slug":"bang-box-200k-200000-puff-disposable-vape-pen-wholesale-price-8-flavor-adjustable","status":"publish","type":"product","link":"https:\/\/vapestornado.com\/cs\/product\/bang-box-200k-200000-puff-disposable-vape-pen-wholesale-price-8-flavor-adjustable\/","title":{"rendered":"Bang Box 200k 200000 Puf\u016f Jednor\u00e1zov\u00e1 Vape Pero Velkoobchodn\u00ed Cena 8 P\u0159\u00edchut\u00ed Nastaviteln\u00e1"},"content":{"rendered":"<h2 data-pm-slice=\"1 1 []\">Bang Box 200k 200000 Puf\u016f Jednor\u00e1zov\u00e1 Vape Pero Velkoobchodn\u00ed Cena 8 P\u0159\u00edchut\u00ed Nastaviteln\u00e1<\/h2>\n<p data-start=\"88\" data-end=\"695\">Ten <strong data-start=\"92\" data-end=\"109\">Bang Box 200k<\/strong> (tak\u00e9 zn\u00e1m\u00fd jako <strong data-start=\"128\" data-end=\"152\">Bang Box 200000 pot\u00e1hnut\u00ed<\/strong>) je vysokokapacitn\u00ed <strong data-start=\"173\" data-end=\"196\">jednor\u00e1zov\u00e9 vape pero<\/strong> vyroben\u00fd pro dosp\u011bl\u00e9, kte\u0159\u00ed cht\u011bj\u00ed jedno za\u0159\u00edzen\u00ed, kter\u00e9 vydr\u017e\u00ed del\u0161\u00ed dobu bez neust\u00e1l\u00e9ho cyklu v\u00fdm\u011bn. Kombinuje velmi vysok\u00fd po\u010det pot\u00e1hnut\u00ed s <strong data-start=\"358\" data-end=\"374\">40 ml e-liquidu<\/strong> z\u00e1sobn\u00edkem, <strong data-start=\"388\" data-end=\"401\">mesh spir\u00e1lka<\/strong> j\u00e1drem pro stabiln\u00ed v\u00fdstup a <strong data-start=\"433\" data-end=\"443\">850mAh<\/strong> bateri\u00ed navr\u017eenou tak, aby za\u0159\u00edzen\u00ed z\u016fstalo pou\u017eiteln\u00e9 i p\u0159i dlouh\u00fdch sezen\u00edch. Hlavn\u00edm rozli\u0161ovac\u00edm znakem je v\u0161ak syst\u00e9m p\u0159\u00edchut\u00ed: nam\u00edsto n\u00e1kupu v\u00edce za\u0159\u00edzen\u00ed pro st\u0159\u00edd\u00e1n\u00ed chut\u00ed se tento model prod\u00e1v\u00e1 s <strong data-start=\"642\" data-end=\"665\">8 nastaviteln\u00fdmi p\u0159\u00edchut\u011bmi<\/strong> mo\u017enostmi v r\u00e1mci jedn\u00e9 jednotky.<\/p>\n<p data-start=\"697\" data-end=\"1165\">D\u016fv\u011bra v t\u00e9to kategorii vych\u00e1z\u00ed z toho, zda hardware odpov\u00edd\u00e1 slibu. Tvrzen\u00ed \u201e200k\u201c bez dostate\u010dn\u00e9ho mno\u017estv\u00ed tekutiny nebo spir\u00e1lky navr\u017een\u00e9 pro dlouh\u00e9 pou\u017e\u00edv\u00e1n\u00ed rychle p\u016fsob\u00ed jako marketing. Zde <strong data-start=\"884\" data-end=\"892\">40 ml<\/strong> kapacita je skute\u010dn\u00fdm z\u00e1kladem, a ta <strong data-start=\"934\" data-end=\"947\">mesh spir\u00e1lka<\/strong> je praktickou volbou pro rovnom\u011brn\u00e9 vyt\u00e1p\u011bn\u00ed a konzistentn\u00ed dod\u00e1v\u00e1n\u00ed chuti. Velikost baterie je tak\u00e9 d\u016fle\u017eit\u00e1: <strong data-start=\"1056\" data-end=\"1066\">850mAh<\/strong> je ur\u010dena k podpo\u0159e prodlou\u017een\u00e9ho pou\u017e\u00edv\u00e1n\u00ed, tak\u017ee zku\u0161enost se nezhor\u0161\u00ed d\u0159\u00edve pouze kv\u016fli v\u00fdkonu.<\/p>\n<p data-start=\"1167\" data-end=\"1741\">Koncept chuti je tak\u00e9 v\u00edce funk\u010dn\u00ed, ne\u017e zn\u00ed. S <strong data-start=\"1232\" data-end=\"1255\">8 nastaviteln\u00fdmi p\u0159\u00edchut\u011bmi<\/strong>, je za\u0159\u00edzen\u00ed ur\u010deno pro lidi, kte\u0159\u00ed se po jednom nebo dvou dnech nud\u00ed u jednoho profilu. M\u00edsto toho, aby cel\u00e9 za\u0159\u00edzen\u00ed spot\u0159ebovali na jednu p\u0159\u00edchu\u0165, mohou u\u017eivatel\u00e9 p\u0159ech\u00e1zet mezi profily podle denn\u00ed doby \u2014 n\u011bco \u010dist\u0161\u00edho, jako je m\u00e1ta, kdy\u017e chcete b\u00fdt sv\u011b\u017e\u00ed, nebo ovocn\u00e1\/cukrov\u00e1 sm\u011bs, kdy\u017e chcete v\u00edce sladkosti. Pro velkoobchodn\u00edky je to jednodu\u0161\u0161\u00ed na prodej, proto\u017ee to sni\u017euje riziko \u201e\u0161patn\u00e9 p\u0159\u00edchuti\u201c: z\u00e1kazn\u00edci maj\u00ed rozmanitost uvnit\u0159 jednoho za\u0159\u00edzen\u00ed, co\u017e m\u016f\u017ee zlep\u0161it spokojenost a opakovan\u00e9 objedn\u00e1vky.<\/p>\n<p data-start=\"1743\" data-end=\"2146\">Z pohledu velkoobchodu, <strong data-start=\"1777\" data-end=\"1796\">velkoobchodn\u00ed cenu<\/strong> nen\u00ed atraktivn\u00ed jen cena za kus. Jde o to, co m\u016f\u017eete s jistotou sl\u00edbit u pultu: dlouhou v\u00fddr\u017e, silnou rozmanitost chut\u00ed a syst\u00e9m c\u00edvky, kter\u00fd je navr\u017een tak, aby udr\u017eoval stabiln\u00ed v\u00fdkon. To \u010din\u00ed Bang Box 200k silnou volbou pro prodejce, kte\u0159\u00ed cht\u011bj\u00ed hlavn\u00ed produkt, kter\u00fd p\u016fsob\u00ed pr\u00e9miov\u011b p\u0159i pou\u017e\u00edv\u00e1n\u00ed, a z\u00e1rove\u0148 zapad\u00e1 do hodnotov\u00e9 koup\u011b.<\/p>\n<p><strong><span style=\"color: #ff0000;\">P\u0159idejte si Amy na WhatsApp pro rychlou odpov\u011b\u010f a kup\u00f3n na vapky!<\/span><\/strong><\/p>\n<p><img fetchpriority=\"high\" decoding=\"async\" class=\"size-full wp-image-2932\" src=\"https:\/\/vapestornado.com\/wp-content\/uploads\/2024\/12\/Vape-Wholesale.jpg\" alt=\"Velkoobchod s vape\" width=\"229\" height=\"300\" \/><\/p>\n<h3><a href=\"https:\/\/wa.me\/8617776015835\" target=\"_blank\" rel=\"noopener\"><span style=\"color: #ff0000;\"><strong>WhatsApp: +86 17776015835<\/strong><\/span><\/a><\/h3>\n<h2 class=\"product-title\"><strong>Seznam p\u0159\u00edchut\u00ed Bang Box 200000 Pufr\u016f<\/strong><\/h2>\n<ol data-start=\"2433\" data-end=\"3152\">\n<li data-start=\"2433\" data-end=\"2499\">\n<p data-start=\"2436\" data-end=\"2499\">Bor\u016fvka Ice \/ Vodn\u00ed meloun Bor\u016fvka \/ Malina \/ Citr\u00f3n Limeta<\/p>\n<\/li>\n<li data-start=\"2500\" data-end=\"2567\">\n<p data-start=\"2503\" data-end=\"2567\">Vodn\u00ed meloun Ice \/ Vodn\u00ed meloun \u017dv\u00fdka\u010dka \/ T\u0159e\u0161e\u0148 Ice \/ \u017dv\u00fdka\u010dka<\/p>\n<\/li>\n<li data-start=\"2568\" data-end=\"2632\">\n<p data-start=\"2571\" data-end=\"2632\">M\u00e1ta Ice \/ Bor\u016fvka Malina Ice \/ Hroznov\u00e9 Ice \/ Nerd Candy<\/p>\n<\/li>\n<li data-start=\"2633\" data-end=\"2703\">\n<p data-start=\"2636\" data-end=\"2703\">Trojit\u00fd Medovn\u00edk \/ Love 66 \/ Passion Fruit \/ Ananas Kokos Ice<\/p>\n<\/li>\n<li data-start=\"2704\" data-end=\"2779\">\n<p data-start=\"2707\" data-end=\"2779\">Dvojit\u00e1 jablko \/ Kysel\u00e9 jablko Malina \/ Ostru\u017eina Ice \/ Ananas Broskev<\/p>\n<\/li>\n<li data-start=\"2780\" data-end=\"2854\">\n<p data-start=\"2783\" data-end=\"2854\">Jahoda Ice \/ Jahoda Kiwi \/ Modr\u00fd malina Ice \/ R\u016f\u017eov\u00e1 limon\u00e1da<\/p>\n<\/li>\n<li data-start=\"2855\" data-end=\"2925\">\n<p data-start=\"2858\" data-end=\"2925\">T\u0159e\u0161\u0148ov\u00e1 Cola \/ Bor\u016fvka T\u0159e\u0161e\u0148 \/ Brusinka \/ Jahoda Malina<\/p>\n<\/li>\n<li data-start=\"2926\" data-end=\"3000\">\n<p data-start=\"2929\" data-end=\"3000\">Ananas Ice \/ Kysl\u00e9 Mango Ananas \/ Broskev Ice \/ Ananas Limon\u00e1da<\/p>\n<\/li>\n<li data-start=\"3001\" data-end=\"3076\">\n<p data-start=\"3004\" data-end=\"3076\">\u010cern\u00fd drak Ice \/ Jahoda Pitaya \/ Trojit\u00e1 bobule \/ T\u0159e\u0161e\u0148 Brusinka<\/p>\n<\/li>\n<li data-start=\"3077\" data-end=\"3152\">\n<p data-start=\"3081\" data-end=\"3152\">Trojit\u00e1 manga \/ Mango Passion Fruit \/ Ananas Ice \/ Jahoda Mango<\/p>\n<\/li>\n<\/ol>\n<p><strong>Tyto sady pokr\u00fdvaj\u00ed hlavn\u00ed evropsk\u00e9 preference: ledov\u00e1 m\u00e1ta, sm\u011bs ovoce, sladk\u00e9 cukrov\u00e9 t\u00f3ny a n\u011bkolik bohat\u0161\u00edch profil\u016f jako cola a sm\u011bsi s dracou.<\/strong><\/p>\n<div class=\"flex-shrink-0 flex flex-col relative items-end\">\n<div class=\"pt-0\">\n<div class=\"gizmo-bot-avatar flex h-8 w-8 items-center justify-center overflow-hidden rounded-full\">\n<div class=\"relative p-1 rounded-sm flex items-center justify-center bg-token-main-surface-primary text-token-text-primary h-8 w-8\">\n<p data-start=\"4971\" data-end=\"5180\">\n<\/div>\n<h2><strong>Hlavn\u00ed vlastnosti produktu Bang Box 200k Pufr\u016f<\/strong><\/h2>\n<div class=\"relative p-1 rounded-sm flex items-center justify-center bg-token-main-surface-primary text-token-text-primary h-8 w-8\">\n<table>\n<thead>\n<tr>\n<th>Funkce<\/th>\n<th>Specifikace<\/th>\n<th>Vysv\u011btlen\u00ed<\/th>\n<\/tr>\n<\/thead>\n<tbody>\n<tr>\n<td>Kapacita pot\u00e1hnut\u00ed<\/td>\n<td>200 000 pota\u017een\u00ed<\/td>\n<td>Navr\u017eeno pro dlouhodob\u00e9 pou\u017e\u00edv\u00e1n\u00ed; skute\u010dn\u00fd po\u010det pota\u017een\u00ed se li\u0161\u00ed v z\u00e1vislosti na d\u00e9lce tahu a frekvenci pou\u017e\u00edv\u00e1n\u00ed.<\/td>\n<\/tr>\n<tr>\n<td>Kapacita baterie<\/td>\n<td>850mAh<\/td>\n<td>Poskytuje dostate\u010dnou s\u00edlu pro podporu dlouh\u00fdch cykl\u016f pou\u017e\u00edv\u00e1n\u00ed a udr\u017een\u00ed stabiln\u00edho v\u00fdkonu b\u011bhem prodlou\u017een\u00fdch seanc\u00ed.<\/td>\n<\/tr>\n<tr>\n<td>Kapacita e-tekutiny<\/td>\n<td>40 ml<\/td>\n<td>Velk\u00fd objem e-tekutiny pom\u00e1h\u00e1 zajistit, \u017ee za\u0159\u00edzen\u00ed bude konzistentn\u011b dod\u00e1vat chu\u0165 po celou dobu sv\u00e9 \u017eivotnosti.<\/td>\n<\/tr>\n<tr>\n<td>Typ spir\u00e1lky<\/td>\n<td>S\u00ed\u0165ov\u00e1 c\u00edvka<\/td>\n<td>M\u0159\u00ed\u017ekov\u00e1 struktura umo\u017e\u0148uje rovnom\u011brn\u011bj\u0161\u00ed oh\u0159ev, podporuje hlad\u0161\u00ed tvorbu par a konzistentn\u00ed chu\u0165 p\u0159i dlouhodob\u00e9m pou\u017e\u00edv\u00e1n\u00ed.<\/td>\n<\/tr>\n<tr>\n<td>Syst\u00e9m p\u0159\u00edchut\u00ed<\/td>\n<td>8 nastaviteln\u00fdch p\u0159\u00edchut\u00ed<\/td>\n<td>Umo\u017e\u0148uje u\u017eivatel\u016fm p\u0159ep\u00ednat mezi v\u00edce profily p\u0159\u00edchut\u00ed v jednom za\u0159\u00edzen\u00ed, \u010d\u00edm\u017e se sni\u017euje \u00fanava z p\u0159\u00edchut\u00ed p\u0159i dlouhodob\u00e9m pou\u017e\u00edv\u00e1n\u00ed.<\/td>\n<\/tr>\n<tr>\n<td>Mo\u017enosti p\u0159\u00edchut\u00ed<\/td>\n<td>10 sad p\u0159\u00edchut\u00ed (4 p\u0159\u00edchut\u011b v sad\u011b)<\/td>\n<td>Ka\u017ed\u00e1 sada nab\u00edz\u00ed vyv\u00e1\u017eenou sm\u011bs ovocn\u00fdch, ledov\u00fdch a sladk\u00fdch profil\u016f, kter\u00e9 odpov\u00eddaj\u00ed b\u011b\u017en\u00fdm evropsk\u00fdm chu\u0165ov\u00fdm preferenc\u00edm.<\/td>\n<\/tr>\n<tr>\n<td>Typ za\u0159\u00edzen\u00ed<\/td>\n<td>Jednor\u00e1zov\u00e9 Vape Pero<\/td>\n<td>P\u0159ednapln\u011bno a p\u0159ipraveno k pou\u017eit\u00ed, bez nutnosti dopl\u0148ov\u00e1n\u00ed nebo v\u00fdm\u011bny spir\u00e1lky.<\/td>\n<\/tr>\n<tr>\n<td>Styl pou\u017e\u00edv\u00e1n\u00ed<\/td>\n<td>Dlouhotrvaj\u00edc\u00ed<\/td>\n<td>Vytvo\u0159eno pro u\u017eivatele, kte\u0159\u00ed preferuj\u00ed m\u00e9n\u011b v\u00fdm\u011bn a del\u0161\u00ed intervaly mezi v\u00fdm\u011bnami za\u0159\u00edzen\u00ed.<\/td>\n<\/tr>\n<tr>\n<td>C\u00edlov\u00fd trh<\/td>\n<td>Dosp\u011bl\u00ed u\u017eivatel\u00e9 a velkoobchodn\u00ed dod\u00e1vky<\/td>\n<td>Vhodn\u00e9 pro maloobchodn\u00ed prodej a velkoobchodn\u00ed n\u00e1kupy za velkoobchodn\u00ed ceny.<\/td>\n<\/tr>\n<\/tbody>\n<\/table>\n<figure id=\"attachment_4699\" aria-describedby=\"caption-attachment-4699\" style=\"width: 263px\" class=\"wp-caption alignnone\"><img decoding=\"async\" class=\"size-medium wp-image-4699\" src=\"https:\/\/vapestornado.com\/wp-content\/uploads\/2025\/12\/Bang-Box-200k-200000-Puffs-Disposable-Vape-Shop-Online-263x300.webp\" alt=\"Bang Box 200k 200000 Pot\u00e1hnut\u00ed Jednor\u00e1zov\u00e1 Vape Shop Online\" width=\"263\" height=\"300\" srcset=\"https:\/\/vapestornado.com\/wp-content\/uploads\/2025\/12\/Bang-Box-200k-200000-Puffs-Disposable-Vape-Shop-Online-263x300.webp 263w, https:\/\/vapestornado.com\/wp-content\/uploads\/2025\/12\/Bang-Box-200k-200000-Puffs-Disposable-Vape-Shop-Online-768x875.webp 768w, https:\/\/vapestornado.com\/wp-content\/uploads\/2025\/12\/Bang-Box-200k-200000-Puffs-Disposable-Vape-Shop-Online-11x12.webp 11w, https:\/\/vapestornado.com\/wp-content\/uploads\/2025\/12\/Bang-Box-200k-200000-Puffs-Disposable-Vape-Shop-Online-600x683.webp 600w, https:\/\/vapestornado.com\/wp-content\/uploads\/2025\/12\/Bang-Box-200k-200000-Puffs-Disposable-Vape-Shop-Online.webp 800w\" sizes=\"(max-width: 263px) 100vw, 263px\" \/><figcaption id=\"caption-attachment-4699\" class=\"wp-caption-text\">Bang Box 200k 200000 Pot\u00e1hnut\u00ed Jednor\u00e1zov\u00e1 Vape Shop Online<\/figcaption><\/figure>\n<figure id=\"attachment_4697\" aria-describedby=\"caption-attachment-4697\" style=\"width: 300px\" class=\"wp-caption alignnone\"><img decoding=\"async\" class=\"size-medium wp-image-4697\" src=\"https:\/\/vapestornado.com\/wp-content\/uploads\/2025\/12\/Bang-Box-200k-200000-Puffs-Disposable-Vape-Long-Lasting-300x218.webp\" alt=\"Bang Box 200k 200000 Pot\u00e1hnut\u00ed Jednor\u00e1zov\u00e1 Vape Dlouhotrvaj\u00edc\u00ed\" width=\"300\" height=\"218\" srcset=\"https:\/\/vapestornado.com\/wp-content\/uploads\/2025\/12\/Bang-Box-200k-200000-Puffs-Disposable-Vape-Long-Lasting-300x218.webp 300w, https:\/\/vapestornado.com\/wp-content\/uploads\/2025\/12\/Bang-Box-200k-200000-Puffs-Disposable-Vape-Long-Lasting-1024x744.webp 1024w, https:\/\/vapestornado.com\/wp-content\/uploads\/2025\/12\/Bang-Box-200k-200000-Puffs-Disposable-Vape-Long-Lasting-768x558.webp 768w, https:\/\/vapestornado.com\/wp-content\/uploads\/2025\/12\/Bang-Box-200k-200000-Puffs-Disposable-Vape-Long-Lasting-1536x1117.webp 1536w, https:\/\/vapestornado.com\/wp-content\/uploads\/2025\/12\/Bang-Box-200k-200000-Puffs-Disposable-Vape-Long-Lasting-2048x1489.webp 2048w, https:\/\/vapestornado.com\/wp-content\/uploads\/2025\/12\/Bang-Box-200k-200000-Puffs-Disposable-Vape-Long-Lasting-18x12.webp 18w, https:\/\/vapestornado.com\/wp-content\/uploads\/2025\/12\/Bang-Box-200k-200000-Puffs-Disposable-Vape-Long-Lasting-600x436.webp 600w\" sizes=\"(max-width: 300px) 100vw, 300px\" \/><figcaption id=\"caption-attachment-4697\" class=\"wp-caption-text\">Bang Box 200k 200000 Pot\u00e1hnut\u00ed Jednor\u00e1zov\u00e1 Vape Dlouhotrvaj\u00edc\u00ed<\/figcaption><\/figure>\n<h2 data-start=\"1200\" data-end=\"1487\">Vapes Tornado \u2013 V\u00e1\u0161 velkoobchodn\u00ed online obchod s vaporiz\u00e9ry pro p\u0159edn\u00ed zna\u010dky vaporiz\u00e9r\u016f<\/h2>\n<p data-start=\"1200\" data-end=\"1487\"><strong data-start=\"141\" data-end=\"177\">Internetov\u00fd obchod s elektronick\u00fdmi cigaretami Vapes Tornado<\/strong> je v\u00e1\u0161 d\u016fv\u011bryhodn\u00fd zdroj pro <strong data-start=\"205\" data-end=\"270\">pr\u00e9miov\u00e9 jednor\u00e1zov\u00e9 vaporiz\u00e9ry a velkoobchodn\u00ed e-cigarety v Evrop\u011b<\/strong>. Nab\u00edz\u00edme nejprod\u00e1van\u011bj\u0161\u00ed zna\u010dky jako <strong data-start=\"307\" data-end=\"362\"><a href=\"https:\/\/vapestornado.com\/cs\/product\/randm-12000-puffs-fumot-digital-disposable-vape-wholesale-price\/\">Fumot VAPE<\/a>, <a href=\"https:\/\/vapestornado.com\/cs\/product\/original-wga-ultra-35k-35000-puff-rechargeable-crystal-disposable-nicotine-vape-best-discount-price\/\">WGA VAPE<\/a>, <\/strong><strong data-start=\"307\" data-end=\"362\"><a href=\"https:\/\/vapestornado.com\/cs\/product\/vozol-gear-shisha-25k-25000-puffs-best-dtl-disposable-vape-hookah-cheap-price\/\">VOZOL BAR VAPE<\/a>, \u00a0 Bang Vape<\/strong>, a dal\u0161\u00ed, zaji\u0161\u0165uj\u00edc\u00ed kvalitu a rozmanitost pro ka\u017ed\u00e9ho z\u00e1kazn\u00edka. A\u0165 u\u017e jste individu\u00e1ln\u00ed vap\u00e9r nebo velkoobchodn\u00ed kupuj\u00edc\u00ed, dod\u00e1v\u00e1me <strong data-start=\"481\" data-end=\"550\">vysoce v\u00fdkonn\u00e9 za\u0159\u00edzen\u00ed, stylov\u00e9 designy a konkurenceschopn\u00e9 ceny<\/strong> k napln\u011bn\u00ed va\u0161ich pot\u0159eb.<\/p>\n<h2 data-start=\"2064\" data-end=\"2115\">\u010casto kladen\u00e9 ot\u00e1zky o WASPE 150K 150000 potah\u016f jednor\u00e1zov\u00e9 vape<\/h2>\n<p data-start=\"4211\" data-end=\"4399\"><strong data-start=\"4211\" data-end=\"4264\">1) Je \u201eBang Box 200000 pot\u00e1\u017een\u00ed\u201c garantovan\u00fd po\u010det?<\/strong><br data-start=\"4264\" data-end=\"4267\" \/>Ne. Po\u010det pota\u017een\u00ed z\u00e1vis\u00ed na d\u00e9lce tahu, jak \u010dasto vapujete a stylu pou\u017e\u00edv\u00e1n\u00ed. Je to maxim\u00e1ln\u00ed tvrzen\u00ed, nikoliv pevn\u00fd v\u00fdsledek pro ka\u017ed\u00e9ho u\u017eivatele.<\/p>\n<p data-start=\"4401\" data-end=\"4622\"><strong data-start=\"4401\" data-end=\"4457\">2) Co znamen\u00e1 prakticky \u201e8 nastaviteln\u00e9ho p\u0159\u00edchut\u00ed\u201c?<\/strong><br data-start=\"4457\" data-end=\"4460\" \/>To znamen\u00e1, \u017ee za\u0159\u00edzen\u00ed je navr\u017eeno tak, aby u\u017eivatel\u00e9 mohli p\u0159ep\u00ednat mezi v\u00edce profily p\u0159\u00edchut\u00ed v r\u00e1mci jednoho za\u0159\u00edzen\u00ed (prod\u00e1v\u00e1no jako sady p\u0159\u00edchut\u00ed), \u010d\u00edm\u017e se sni\u017euje \u00fanava z p\u0159\u00edchut\u00ed p\u0159i dlouhodob\u00e9m pou\u017e\u00edv\u00e1n\u00ed.<\/p>\n<p data-start=\"4624\" data-end=\"4844\"><strong data-start=\"4624\" data-end=\"4688\">3) Pro\u010d je na dlouhotrvaj\u00edc\u00edm jednor\u00e1zov\u00e9m za\u0159\u00edzen\u00ed d\u016fle\u017eit\u00e1 s\u00ed\u0165ov\u00e1 c\u00edvka?<\/strong><br data-start=\"4688\" data-end=\"4691\" \/>S\u00ed\u0165ov\u00e9 c\u00edvky se pou\u017e\u00edvaj\u00ed pro rovnom\u011brn\u011bj\u0161\u00ed oh\u0159ev, co\u017e pom\u00e1h\u00e1 udr\u017eet stabiln\u011bj\u0161\u00ed v\u00fdstup p\u0159\u00edchut\u011b a p\u00e1ry p\u0159i del\u0161\u00edm pou\u017e\u00edv\u00e1n\u00ed ve srovn\u00e1n\u00ed s jednodu\u0161\u0161\u00edmi strukturami c\u00edvek.<\/p>\n<p data-start=\"4846\" data-end=\"4969\"><strong data-start=\"4846\" data-end=\"4883\">4) Kolik e-\u0161\u0165\u00e1vy to pojme?<\/strong><br data-start=\"4883\" data-end=\"4886\" \/>Je specifikov\u00e1no jako <strong data-start=\"4904\" data-end=\"4912\">40 ml<\/strong>, co\u017e je praktick\u00e1 z\u00e1kladna, kter\u00e1 podporuje dlouhou dobu provozu.<\/p>\n<p data-start=\"4971\" data-end=\"5180\"><strong data-start=\"4971\" data-end=\"5030\">5) Je to hlavn\u011b pro maloobchodn\u00ed u\u017eivatele nebo velkoobchodn\u00ed kupce?<\/strong><br data-start=\"5030\" data-end=\"5033\" \/>Oboj\u00ed. Koncov\u00ed u\u017eivatel\u00e9 z\u00edsk\u00e1vaj\u00ed dlouhotrvaj\u00edc\u00ed pou\u017eit\u00ed a rozmanitost; velkoobchodn\u00ed kupci z\u00edsk\u00e1vaj\u00ed jasn\u00fd, snadno prodejn\u00fd hlavn\u00ed produkt za konkurenceschopnou cenu. <strong data-start=\"5160\" data-end=\"5179\">velkoobchodn\u00ed cenu<\/strong>.<\/p>\n<\/div>\n<\/div>\n<\/div>\n<\/div>","protected":false},"excerpt":{"rendered":"<p data-start=\"3411\" data-end=\"3490\">Ten <strong data-start=\"35\" data-end=\"52\">Bang Box 200k<\/strong> je dlouhotrvaj\u00edc\u00ed jednor\u00e1zov\u00e1 vape pen, navr\u017een\u00e1 pro prodlou\u017een\u00e9 pou\u017e\u00edv\u00e1n\u00ed a flexibilitu chut\u00ed. Poskytuje a\u017e <strong data-start=\"160\" data-end=\"176\">200 000 pot\u00e1hnut\u00ed<\/strong>, m\u00e1 <strong data-start=\"189\" data-end=\"214\">kapacitu 40 ml e-liquidu<\/strong>, <strong data-start=\"219\" data-end=\"237\">Baterie 850mAh<\/strong>a <strong data-start=\"245\" data-end=\"258\">mesh spir\u00e1lka<\/strong> pro stabiln\u00ed v\u00fdstup p\u00e1ry. S <strong data-start=\"290\" data-end=\"313\">8 nastaviteln\u00fdmi p\u0159\u00edchut\u011bmi<\/strong> v jednom za\u0159\u00edzen\u00ed nab\u00edz\u00ed rozmanitost bez \u010dast\u00fdch v\u00fdm\u011bn, co\u017e z n\u011bj \u010din\u00ed praktickou volbu pro dosp\u011bl\u00e9 u\u017eivatele a silnou mo\u017enost pro velkoobchodn\u00ed cenov\u00e9 pozicov\u00e1n\u00ed.<\/p>\n<p><strong>P\u0159idejte si Amy na Whatsapp, abyste z\u00edskali spr\u00e1vnou odpov\u011b\u010f a slevu!<\/strong><\/p>\n<p><img fetchpriority=\"high\" decoding=\"async\" class=\"size-full wp-image-2932\" src=\"https:\/\/vapestornado.com\/wp-content\/uploads\/2024\/12\/Vape-Wholesale.jpg\" alt=\"Velkoobchod s vape\" width=\"229\" height=\"300\" \/><\/p>\n<h3><a href=\"https:\/\/wa.me\/8617776015835\"><span style=\"color: #ff0000;\"><strong>WhatsApp: +86 17776015835<\/strong><\/span><\/a><\/h3>","protected":false},"featured_media":4696,"comment_status":"open","ping_status":"closed","template":"","meta":{"_acf_changed":false,"_uag_custom_page_level_css":"","_lmt_disableupdate":"no","_lmt_disable":"","_monsterinsights_skip_tracking":false,"_monsterinsights_sitenote_active":false,"_monsterinsights_sitenote_note":"","_monsterinsights_sitenote_category":0,"site-sidebar-layout":"default","site-content-layout":"","ast-site-content-layout":"default","site-content-style":"default","site-sidebar-style":"default","ast-global-header-display":"","ast-banner-title-visibility":"","ast-main-header-display":"","ast-hfb-above-header-display":"","ast-hfb-below-header-display":"","ast-hfb-mobile-header-display":"","site-post-title":"","ast-breadcrumbs-content":"","ast-featured-img":"","footer-sml-layout":"","ast-disable-related-posts":"","theme-transparent-header-meta":"default","adv-header-id-meta":"","stick-header-meta":"","header-above-stick-meta":"","header-main-stick-meta":"","header-below-stick-meta":"","astra-migrate-meta-layouts":"set","ast-page-background-enabled":"default","ast-page-background-meta":{"desktop":{"background-color":"","background-image":"","background-repeat":"repeat","background-position":"center center","background-size":"auto","background-attachment":"scroll","background-type":"","background-media":"","overlay-type":"","overlay-color":"","overlay-opacity":"","overlay-gradient":""},"tablet":{"background-color":"","background-image":"","background-repeat":"repeat","background-position":"center center","background-size":"auto","background-attachment":"scroll","background-type":"","background-media":"","overlay-type":"","overlay-color":"","overlay-opacity":"","overlay-gradient":""},"mobile":{"background-color":"","background-image":"","background-repeat":"repeat","background-position":"center center","background-size":"auto","background-attachment":"scroll","background-type":"","background-media":"","overlay-type":"","overlay-color":"","overlay-opacity":"","overlay-gradient":""}},"ast-content-background-meta":{"desktop":{"background-color":"var(--ast-global-color-5)","background-image":"","background-repeat":"repeat","background-position":"center center","background-size":"auto","background-attachment":"scroll","background-type":"","background-media":"","overlay-type":"","overlay-color":"","overlay-opacity":"","overlay-gradient":""},"tablet":{"background-color":"var(--ast-global-color-5)","background-image":"","background-repeat":"repeat","background-position":"center center","background-size":"auto","background-attachment":"scroll","background-type":"","background-media":"","overlay-type":"","overlay-color":"","overlay-opacity":"","overlay-gradient":""},"mobile":{"background-color":"var(--ast-global-color-5)","background-image":"","background-repeat":"repeat","background-position":"center center","background-size":"auto","background-attachment":"scroll","background-type":"","background-media":"","overlay-type":"","overlay-color":"","overlay-opacity":"","overlay-gradient":""}},"_joinchat":[]},"product_brand":[],"product_cat":[64,151,152,153,154,142,144,146],"product_tag":[500,499,387,287,498,390,393,386],"class_list":{"0":"post-4703","1":"product","2":"type-product","3":"status-publish","4":"has-post-thumbnail","6":"product_cat-bangbox-vape","7":"product_cat-buy-disposable-vapes-in-france","8":"product_cat-buy-disposable-vapes-in-cermany","9":"product_cat-buy-disposable-vapes-in-italy","10":"product_cat-buy-disposable-vapes-in-netherlands","11":"product_cat-digital-box-disposable-vapes","12":"product_cat-low-nicotine-disposable-vapes","13":"product_cat-rechargeable-disposable-vapes","14":"product_tag-200k-puff-vape","15":"product_tag-bang-box-200k","16":"product_tag-cigarette-vapor","17":"product_tag-disposable-vape-pen","18":"product_tag-long-lasting-vape","19":"product_tag-online-vape-shop","20":"product_tag-vape-cartridge","21":"product_tag-vape-pen","22":"desktop-align-left","23":"tablet-align-left","24":"mobile-align-left","26":"first","27":"instock","28":"sale","29":"shipping-taxable","30":"purchasable","31":"product-type-simple"},"acf":[],"uagb_featured_image_src":{"full":["https:\/\/vapestornado.com\/wp-content\/uploads\/2025\/12\/Bang-Box-200k-200000-Puffs-Disposable-Vape-Box-Wholesale-Price.webp",1000,1000,false],"thumbnail":["https:\/\/vapestornado.com\/wp-content\/uploads\/2025\/12\/Bang-Box-200k-200000-Puffs-Disposable-Vape-Box-Wholesale-Price-150x150.webp",150,150,true],"medium":["https:\/\/vapestornado.com\/wp-content\/uploads\/2025\/12\/Bang-Box-200k-200000-Puffs-Disposable-Vape-Box-Wholesale-Price-300x300.webp",300,300,true],"medium_large":["https:\/\/vapestornado.com\/wp-content\/uploads\/2025\/12\/Bang-Box-200k-200000-Puffs-Disposable-Vape-Box-Wholesale-Price-768x768.webp",768,768,true],"large":["https:\/\/vapestornado.com\/wp-content\/uploads\/2025\/12\/Bang-Box-200k-200000-Puffs-Disposable-Vape-Box-Wholesale-Price.webp",1000,1000,false],"1536x1536":["https:\/\/vapestornado.com\/wp-content\/uploads\/2025\/12\/Bang-Box-200k-200000-Puffs-Disposable-Vape-Box-Wholesale-Price.webp",1000,1000,false],"2048x2048":["https:\/\/vapestornado.com\/wp-content\/uploads\/2025\/12\/Bang-Box-200k-200000-Puffs-Disposable-Vape-Box-Wholesale-Price.webp",1000,1000,false],"trp-custom-language-flag":["https:\/\/vapestornado.com\/wp-content\/uploads\/2025\/12\/Bang-Box-200k-200000-Puffs-Disposable-Vape-Box-Wholesale-Price-12x12.webp",12,12,true],"woocommerce_thumbnail":["https:\/\/vapestornado.com\/wp-content\/uploads\/2025\/12\/Bang-Box-200k-200000-Puffs-Disposable-Vape-Box-Wholesale-Price-300x300.webp",300,300,true],"woocommerce_single":["https:\/\/vapestornado.com\/wp-content\/uploads\/2025\/12\/Bang-Box-200k-200000-Puffs-Disposable-Vape-Box-Wholesale-Price-600x600.webp",600,600,true],"woocommerce_gallery_thumbnail":["https:\/\/vapestornado.com\/wp-content\/uploads\/2025\/12\/Bang-Box-200k-200000-Puffs-Disposable-Vape-Box-Wholesale-Price-100x100.webp",100,100,true]},"uagb_author_info":{"display_name":"ESAMY","author_link":"https:\/\/vapestornado.com\/cs\/author\/"},"uagb_comment_info":0,"uagb_excerpt":"The Bang Box 200k is a long lasting disposable vape pen designed for extended use and flavour flexibility. It delivers up to 200000 puffs, features a 40ml e-juice capacity, an 850mAh battery, and a mesh coil for stable vapour output. With 8 adjustable flavor options in one device, it offers variety without frequent replacements, making&hellip;","_links":{"self":[{"href":"https:\/\/vapestornado.com\/cs\/wp-json\/wp\/v2\/product\/4703","targetHints":{"allow":["GET"]}}],"collection":[{"href":"https:\/\/vapestornado.com\/cs\/wp-json\/wp\/v2\/product"}],"about":[{"href":"https:\/\/vapestornado.com\/cs\/wp-json\/wp\/v2\/types\/product"}],"replies":[{"embeddable":true,"href":"https:\/\/vapestornado.com\/cs\/wp-json\/wp\/v2\/comments?post=4703"}],"wp:featuredmedia":[{"embeddable":true,"href":"https:\/\/vapestornado.com\/cs\/wp-json\/wp\/v2\/media\/4696"}],"wp:attachment":[{"href":"https:\/\/vapestornado.com\/cs\/wp-json\/wp\/v2\/media?parent=4703"}],"wp:term":[{"taxonomy":"product_brand","embeddable":true,"href":"https:\/\/vapestornado.com\/cs\/wp-json\/wp\/v2\/product_brand?post=4703"},{"taxonomy":"product_cat","embeddable":true,"href":"https:\/\/vapestornado.com\/cs\/wp-json\/wp\/v2\/product_cat?post=4703"},{"taxonomy":"product_tag","embeddable":true,"href":"https:\/\/vapestornado.com\/cs\/wp-json\/wp\/v2\/product_tag?post=4703"}],"curies":[{"name":"wp","href":"https:\/\/api.w.org\/{rel}","templated":true}]}}