{"id":4683,"date":"2025-12-13T07:01:25","date_gmt":"2025-12-13T07:01:25","guid":{"rendered":"https:\/\/vapestornado.com\/?post_type=product&#038;p=4683"},"modified":"2025-12-13T07:24:55","modified_gmt":"2025-12-13T07:24:55","slug":"hifancy-legend-20000-puff-disposable-vape-wholesale-e-cigarette-online","status":"publish","type":"product","link":"https:\/\/vapestornado.com\/cs\/product\/hifancy-legend-20000-puff-disposable-vape-wholesale-e-cigarette-online\/","title":{"rendered":"HIFANCY Legend 20000 Puf Jednor\u00e1zov\u00fd vaporiz\u00e9r Velkoobchod E-cigareta Online"},"content":{"rendered":"<h2 data-start=\"0\" data-end=\"73\">HIFANCY Legend 20000 Puf Jednor\u00e1zov\u00fd vaporiz\u00e9r Velkoobchod E-cigareta Online<\/h2>\n<p data-start=\"75\" data-end=\"474\">Ten <strong data-start=\"79\" data-end=\"108\">HIFANCY Legend 20000 Puf<\/strong> je ur\u010den pro dosp\u011bl\u00e9, kte\u0159\u00ed cht\u011bj\u00ed vysoce kapacitn\u00ed jednor\u00e1zov\u00fd p\u0159\u00edstroj s nab\u00edjec\u00ed bateri\u00ed, siln\u00fdm p\u0159enosem chuti a mo\u017enost\u00ed nastaven\u00ed stylu tahu. Pro maloobchodn\u00edky a distributory, <strong data-start=\"122\" data-end=\"144\">HIFANCY Legend 20k je<\/strong>\u00a0za\u0159azen jako jednoduch\u00e9 SKU: velk\u00fd po\u010det puf\u016f, velk\u00e1 kapacita kapaliny a syst\u00e9m c\u00edvky navr\u017een\u00fd tak, aby udr\u017eoval chu\u0165 konzistentn\u00ed p\u0159i dlouhodob\u00e9m pou\u017e\u00edv\u00e1n\u00ed.<\/p>\n<h2 data-start=\"615\" data-end=\"666\">Co vlastn\u011b kupujete<\/h2>\n<ul data-start=\"668\" data-end=\"1165\">\n<li data-start=\"668\" data-end=\"756\">\n<p data-start=\"670\" data-end=\"756\"><strong data-start=\"670\" data-end=\"692\">Vysok\u00e1 kapacita pou\u017eit\u00ed:<\/strong> a\u017e <strong data-start=\"699\" data-end=\"715\">20 000 pot\u00e1hnut\u00ed<\/strong> pro dlouhou dobu provozu mezi v\u00fdm\u011bnami<\/p>\n<\/li>\n<li data-start=\"757\" data-end=\"813\">\n<p data-start=\"759\" data-end=\"813\"><strong data-start=\"759\" data-end=\"784\">Velk\u00e1 kapacita kapaliny:<\/strong> <strong data-start=\"785\" data-end=\"811\">kapacitu e-liquidu 30 ml<\/strong><\/p>\n<\/li>\n<li data-start=\"814\" data-end=\"891\">\n<p data-start=\"816\" data-end=\"891\"><strong data-start=\"816\" data-end=\"839\">Nab\u00edjec\u00ed v\u00fdkon:<\/strong> <strong data-start=\"840\" data-end=\"858\">baterie 750mAh<\/strong> pro podporu vysok\u00e9ho po\u010dtu puf\u016f<\/p>\n<\/li>\n<li data-start=\"892\" data-end=\"990\">\n<p data-start=\"894\" data-end=\"990\"><strong data-start=\"894\" data-end=\"919\">C\u00edvka zam\u011b\u0159en\u00e1 na chu\u0165:<\/strong> <strong data-start=\"920\" data-end=\"940\">Dvojit\u00e1 Mesh C\u00edvka<\/strong> pro siln\u011bj\u0161\u00ed v\u00fdstup chuti a stabiln\u011bj\u0161\u00ed p\u00e1ru<\/p>\n<\/li>\n<li data-start=\"991\" data-end=\"1079\">\n<p data-start=\"993\" data-end=\"1079\"><strong data-start=\"993\" data-end=\"1013\">Nastaviteln\u00fd pocit:<\/strong> <strong data-start=\"1014\" data-end=\"1035\">dv\u011b re\u017eimy vyt\u00e1p\u011bn\u00ed<\/strong> tak\u017ee vaporiz\u00e9r m\u016f\u017ee b\u00fdt jemn\u011bj\u0161\u00ed nebo intenzivn\u011bj\u0161\u00ed<\/p>\n<\/li>\n<li data-start=\"1080\" data-end=\"1165\">\n<p data-start=\"1082\" data-end=\"1165\"><strong data-start=\"1082\" data-end=\"1103\">Mo\u017enosti nikotinu:<\/strong> <strong data-start=\"1104\" data-end=\"1121\">2%, 3% nebo 5%<\/strong> (dostupnost z\u00e1vis\u00ed na va\u0161\u00ed objedn\u00e1vce\/trhu)<\/p>\n<\/li>\n<\/ul>\n<h2 data-start=\"1476\" data-end=\"1518\">Pro\u010d z\u00e1kazn\u00edci d\u016fv\u011b\u0159uj\u00ed tomuto za\u0159\u00edzen\u00ed HIFANCY Legend 20k<\/h2>\n<p data-start=\"1520\" data-end=\"1616\">D\u016fv\u011bra v <strong data-start=\"1532\" data-end=\"1547\">E-cigareta<\/strong> nen\u00ed o hype \u2014 je to o p\u0159edv\u00eddateln\u00e9m v\u00fdkonu a jasn\u00fdch specifikac\u00edch.<\/p>\n<p data-start=\"1618\" data-end=\"1650\"><strong data-start=\"1618\" data-end=\"1650\">Co buduje d\u016fv\u011bru zde:<\/strong><\/p>\n<ul data-start=\"1651\" data-end=\"2107\">\n<li data-start=\"1651\" data-end=\"1794\">\n<p data-start=\"1653\" data-end=\"1794\"><strong data-start=\"1653\" data-end=\"1695\">Pr\u016fhledn\u00fd seznam kapacity a hardwaru<\/strong> (velikost baterie, objem kapaliny, typ c\u00edvky, re\u017eimy vyt\u00e1p\u011bn\u00ed) aby byla o\u010dek\u00e1v\u00e1n\u00ed nastavena p\u0159ed n\u00e1kupem.<\/p>\n<\/li>\n<li data-start=\"1795\" data-end=\"1950\">\n<p data-start=\"1797\" data-end=\"1950\"><strong data-start=\"1797\" data-end=\"1850\">Dob\u00edjec\u00ed baterie odpov\u00eddaj\u00edc\u00ed objemu kapaliny<\/strong>, co\u017e je d\u016fle\u017eit\u00e9: velmi v\u00fdkonn\u00fd p\u0159\u00edstroj bez mo\u017enosti dob\u00edjen\u00ed m\u00e1 tendenci ztratit v\u00fdkon d\u0159\u00edve, ne\u017e se kapalina vy\u010derp\u00e1.<\/p>\n<\/li>\n<li data-start=\"1951\" data-end=\"2107\">\n<p data-start=\"1953\" data-end=\"2107\"><strong data-start=\"1953\" data-end=\"1980\">Design dvojit\u00e9 s\u00ed\u0165ov\u00e9 c\u00edvky<\/strong>, vybr\u00e1no speci\u00e1ln\u011b pro udr\u017een\u00ed chuti a konzistence par, nam\u00edsto rychl\u00e9ho vrcholu a poklesu.<\/p>\n<\/li>\n<\/ul>\n<h2 data-start=\"4583\" data-end=\"4628\">Doru\u010den\u00ed z EU skladu (rychlost, kter\u00e1 z\u00e1le\u017e\u00ed)<\/h2>\n<p data-start=\"4630\" data-end=\"4837\">HIFANCY odes\u00edl\u00e1 z <strong data-start=\"4651\" data-end=\"4673\">Evropsk\u00e9ho skladu<\/strong> s typick\u00fdm dod\u00e1n\u00edm uveden\u00fdm jako <strong data-start=\"4706\" data-end=\"4726\">3\u20137 pracovn\u00edch dn\u016f<\/strong>. To je praktick\u00e9 pro dopln\u011bn\u00ed z\u00e1sob a sni\u017euje nejistotu spojenou s dlouh\u00fdmi mezin\u00e1rodn\u00edmi p\u0159epravami.<\/p>\n<p><strong><span style=\"color: #ff0000;\">P\u0159idejte si Amy na WhatsApp pro rychlou odpov\u011b\u010f a kup\u00f3n na vapky!<\/span><\/strong><\/p>\n<p><img fetchpriority=\"high\" decoding=\"async\" class=\"size-full wp-image-2932\" src=\"https:\/\/vapestornado.com\/wp-content\/uploads\/2024\/12\/Vape-Wholesale.jpg\" alt=\"Velkoobchod s vape\" width=\"229\" height=\"300\" \/><\/p>\n<h3><a href=\"https:\/\/wa.me\/8617776015835\" target=\"_blank\" rel=\"noopener\"><span style=\"color: #ff0000;\"><strong>WhatsApp: +86 17776015835<\/strong><\/span><\/a><\/h3>\n<p>&nbsp;<\/p>\n<h2><strong>Funkce produktu HIFANCY Legend 20000 Puff<\/strong><\/h2>\n<ul data-start=\"1195\" data-end=\"1469\">\n<li data-start=\"1195\" data-end=\"1242\">\n<p data-start=\"1197\" data-end=\"1242\"><strong data-start=\"1197\" data-end=\"1214\">N\u00e1zev produktu:<\/strong> HIFANCY Legend 20000 Puf<\/p>\n<\/li>\n<li data-start=\"1243\" data-end=\"1303\">\n<p data-start=\"1245\" data-end=\"1303\"><strong data-start=\"1245\" data-end=\"1255\">Potahy:<\/strong> 20 000 (pou\u017eit\u00ed se li\u0161\u00ed d\u00e9lkou potahu a re\u017eimem)<\/p>\n<\/li>\n<li data-start=\"1304\" data-end=\"1340\">\n<p data-start=\"1306\" data-end=\"1340\"><strong data-start=\"1306\" data-end=\"1318\">Baterie:<\/strong> Dob\u00edjec\u00ed 750mAh<\/p>\n<\/li>\n<li data-start=\"1341\" data-end=\"1372\">\n<p data-start=\"1343\" data-end=\"1372\"><strong data-start=\"1343\" data-end=\"1365\">Kapacita e-liquidu:<\/strong> 30ml<\/p>\n<\/li>\n<li data-start=\"1373\" data-end=\"1403\">\n<p data-start=\"1375\" data-end=\"1403\"><strong data-start=\"1375\" data-end=\"1384\">C\u00edvka:<\/strong> Dvojit\u00e1 Mesh C\u00edvka<\/p>\n<\/li>\n<li data-start=\"1404\" data-end=\"1430\">\n<p data-start=\"1406\" data-end=\"1430\"><strong data-start=\"1406\" data-end=\"1418\">Topen\u00ed:<\/strong> Dva re\u017eimy<\/p>\n<\/li>\n<li data-start=\"1431\" data-end=\"1469\">\n<p data-start=\"1433\" data-end=\"1469\"><strong data-start=\"1433\" data-end=\"1456\">S\u00edly nikotinu:<\/strong> 2% \/ 3% \/ 5%<\/p>\n<\/li>\n<\/ul>\n<figure id=\"attachment_4678\" aria-describedby=\"caption-attachment-4678\" style=\"width: 300px\" class=\"wp-caption alignnone\"><img decoding=\"async\" class=\"size-medium wp-image-4678\" src=\"https:\/\/vapestornado.com\/wp-content\/uploads\/2025\/12\/HIFANCY-Legend-20k-20000-Disposable-Vape-with-Screen-300x300.webp\" alt=\"HIFANCY Legend 20k 20000 Jednor\u00e1zov\u00fd vaporiz\u00e9r s displejem\" width=\"300\" height=\"300\" srcset=\"https:\/\/vapestornado.com\/wp-content\/uploads\/2025\/12\/HIFANCY-Legend-20k-20000-Disposable-Vape-with-Screen-300x300.webp 300w, https:\/\/vapestornado.com\/wp-content\/uploads\/2025\/12\/HIFANCY-Legend-20k-20000-Disposable-Vape-with-Screen-150x150.webp 150w, https:\/\/vapestornado.com\/wp-content\/uploads\/2025\/12\/HIFANCY-Legend-20k-20000-Disposable-Vape-with-Screen-768x768.webp 768w, https:\/\/vapestornado.com\/wp-content\/uploads\/2025\/12\/HIFANCY-Legend-20k-20000-Disposable-Vape-with-Screen-12x12.webp 12w, https:\/\/vapestornado.com\/wp-content\/uploads\/2025\/12\/HIFANCY-Legend-20k-20000-Disposable-Vape-with-Screen-600x600.webp 600w, https:\/\/vapestornado.com\/wp-content\/uploads\/2025\/12\/HIFANCY-Legend-20k-20000-Disposable-Vape-with-Screen-100x100.webp 100w, https:\/\/vapestornado.com\/wp-content\/uploads\/2025\/12\/HIFANCY-Legend-20k-20000-Disposable-Vape-with-Screen.webp 800w\" sizes=\"(max-width: 300px) 100vw, 300px\" \/><figcaption id=\"caption-attachment-4678\" class=\"wp-caption-text\">HIFANCY Legend 20k 20000 Jednor\u00e1zov\u00fd vaporiz\u00e9r s displejem<\/figcaption><\/figure>\n<h2 class=\"product-title\"><strong>Seznam p\u0159\u00edchut\u00ed vaporiz\u00e9ru HIFANCY 20000 Puff<\/strong><\/h2>\n<p>1. Jahodovo-mango<br \/>\n2. Jahodov\u00fd meloun<br \/>\n3. Energetick\u00fd n\u00e1poj<br \/>\n4. Jahodov\u00e1 \u0161\u0165\u00e1va<br \/>\n5. Bor\u016fvka, malina, hroznov\u00e9 v\u00edno<br \/>\n6. Modr\u00fd Razz, t\u0159e\u0161e\u0148<br \/>\n7. Kiwi, passion fruit, guava<br \/>\n8. Malina, vodn\u00ed meloun, led<br \/>\n9. Vodn\u00ed meloun, \u017ev\u00fdka\u010dka<br \/>\n10. Broskev, bobule, led<\/p>\n<div class=\"flex-shrink-0 flex flex-col relative items-end\">\n<div class=\"pt-0\">\n<div class=\"gizmo-bot-avatar flex h-8 w-8 items-center justify-center overflow-hidden rounded-full\">\n<h2 data-start=\"4844\" data-end=\"4888\">Pro\u010d nakupovat od Vapes Tornado \u2013 V\u00e1\u0161 velkoobchod s jednor\u00e1zov\u00fdmi vaporiz\u00e9ry<\/h2>\n<p data-start=\"4890\" data-end=\"4958\">N\u00e1kup p\u0159es <strong data-start=\"4903\" data-end=\"4933\">velkoobchod s jednor\u00e1zov\u00fdmi vaporiz\u00e9ry<\/strong> je hlavn\u011b o kontrole:<\/p>\n<ul data-start=\"4959\" data-end=\"5183\">\n<li data-start=\"4959\" data-end=\"5012\">\n<p data-start=\"4961\" data-end=\"5012\">M\u016f\u017eete pl\u00e1novat z\u00e1soby podle spolehliv\u00fdch dodac\u00edch lh\u016ft<\/p>\n<\/li>\n<li data-start=\"5013\" data-end=\"5097\">\n<p data-start=\"5015\" data-end=\"5097\">M\u016f\u017eete standardizovat nejprod\u00e1van\u011bj\u0161\u00ed varianty (s\u00edly nikotinu, obl\u00edben\u00e9 p\u0159\u00edchut\u011b)<\/p>\n<\/li>\n<li data-start=\"5098\" data-end=\"5183\">\n<p data-start=\"5100\" data-end=\"5183\">Vyh\u00fdb\u00e1te se zdroj\u016fm \u201esm\u00ed\u0161en\u00e9 \u0161ar\u017ee\u201c, kter\u00e9 \u010dasto zp\u016fsobuj\u00ed nekonzistentn\u00ed z\u00e1kaznick\u00fd z\u00e1\u017eitek<\/p>\n<\/li>\n<\/ul>\n<p data-start=\"5185\" data-end=\"5250\">Pokud va\u0161e obchod z\u00e1vis\u00ed na opakuj\u00edc\u00edch se z\u00e1kazn\u00edc\u00edch, konzistence je d\u016fle\u017eit\u011bj\u0161\u00ed ne\u017e novinky.<\/p>\n<\/div>\n<p data-start=\"5185\" data-end=\"5250\"><strong data-start=\"141\" data-end=\"177\">Internetov\u00fd obchod s elektronick\u00fdmi cigaretami Vapes Tornado<\/strong> je v\u00e1\u0161 d\u016fv\u011bryhodn\u00fd zdroj pro <strong data-start=\"205\" data-end=\"270\">pr\u00e9miov\u00e9 jednor\u00e1zov\u00e9 vaporiz\u00e9ry a velkoobchodn\u00ed e-cigarety v Evrop\u011b<\/strong>. Nab\u00edz\u00edme nejprod\u00e1van\u011bj\u0161\u00ed zna\u010dky jako <strong data-start=\"307\" data-end=\"362\"><a href=\"https:\/\/vapestornado.com\/cs\/product\/randm-12000-puffs-fumot-digital-disposable-vape-wholesale-price\/\">Fumot VAPE<\/a>, <a href=\"https:\/\/vapestornado.com\/cs\/product\/waspe-150k-150000-puff-6-in-1-disposable-vape-pen-cartridge-best-wholesale-price-in-poland\/\">WASPE VAPE<\/a>, <\/strong><strong data-start=\"307\" data-end=\"362\"><a href=\"https:\/\/vapestornado.com\/cs\/product\/vozol-gear-shisha-25k-25000-puffs-best-dtl-disposable-vape-hookah-cheap-price\/\">VOZOL BAR VAPE<\/a>, \u00a0 Bang Vape<\/strong>, a dal\u0161\u00ed, zaji\u0161\u0165uj\u00edc\u00ed kvalitu a rozmanitost pro ka\u017ed\u00e9ho z\u00e1kazn\u00edka. A\u0165 u\u017e jste individu\u00e1ln\u00ed vap\u00e9r nebo velkoobchodn\u00ed kupuj\u00edc\u00ed, dod\u00e1v\u00e1me <strong data-start=\"481\" data-end=\"550\">vysoce v\u00fdkonn\u00e9 za\u0159\u00edzen\u00ed, stylov\u00e9 designy a konkurenceschopn\u00e9 ceny<\/strong> k napln\u011bn\u00ed va\u0161ich pot\u0159eb.<\/p>\n<div class=\"gizmo-bot-avatar flex h-8 w-8 items-center justify-center overflow-hidden rounded-full\">\n<div class=\"relative p-1 rounded-sm flex items-center justify-center bg-token-main-surface-primary text-token-text-primary h-8 w-8\">\n<h2 data-start=\"2064\" data-end=\"2115\">\u010casto kladen\u00e9 ot\u00e1zky o HIFANCY Legend 20k Puff Vape<\/h2>\n<p data-start=\"5721\" data-end=\"5865\"><strong data-start=\"5721\" data-end=\"5779\">Znamen\u00e1 20 000 pota\u017een\u00ed, \u017ee vydr\u017e\u00ed stejn\u011b pro ka\u017ed\u00e9ho?<\/strong><br data-start=\"5779\" data-end=\"5782\" \/>Ne. Po\u010det pota\u017een\u00ed z\u00e1vis\u00ed na d\u00e9lce tahu, re\u017eimu oh\u0159evu a frekvenci pou\u017e\u00edv\u00e1n\u00ed.<\/p>\n<p data-start=\"5867\" data-end=\"6086\"><strong data-start=\"5867\" data-end=\"5904\">Z\u016fstane chu\u0165 konzistentn\u00ed?<\/strong><br data-start=\"5904\" data-end=\"5907\" \/>Dvojit\u00e1 s\u00ed\u0165ov\u00e1 c\u00edvka je navr\u017eena tak, aby zlep\u0161ila dod\u00e1vku chuti a stabilitu p\u0159i del\u0161\u00edm pou\u017e\u00edv\u00e1n\u00ed ve srovn\u00e1n\u00ed s jednodu\u0161\u0161\u00edmi uspo\u0159\u00e1d\u00e1n\u00edmi c\u00edvek, ale skute\u010dn\u00e9 v\u00fdsledky st\u00e1le z\u00e1vis\u00ed na stylu pou\u017e\u00edv\u00e1n\u00ed.<\/p>\n<p data-start=\"6088\" data-end=\"6253\"><strong data-start=\"6088\" data-end=\"6109\">Je to znovu plniteln\u00e9?<\/strong><br data-start=\"6109\" data-end=\"6112\" \/>Je to ozna\u010deno jako vysoce kapacitn\u00ed jednor\u00e1zov\u00e1 za\u0159\u00edzen\u00ed s <strong data-start=\"6163\" data-end=\"6171\">30ml<\/strong> p\u0159ednapln\u011bn\u00fdm e-liquidem; dob\u00edj\u00edte baterii, ale nen\u00ed ur\u010deno k dopl\u0148ov\u00e1n\u00ed.<\/p>\n<\/div>\n<\/div>\n<\/div>\n<\/div>","protected":false},"excerpt":{"rendered":"<div class=\"flex flex-col text-sm @w-xl\/main:pt-header-height pb-25\">\n<article class=\"text-token-text-primary w-full focus:outline-none [--shadow-height:45px] has-data-writing-block:pointer-events-none has-data-writing-block:-mt-(--shadow-height) has-data-writing-block:pt-(--shadow-height) [&amp;:has([data-writing-block])&gt;*]:pointer-events-auto scroll-mt-[calc(var(--header-height)+min(200px,max(70px,20svh)))]\" dir=\"auto\" tabindex=\"-1\" data-turn-id=\"a4553bcb-7aea-49d6-9fac-81ba76f7aa52\" data-testid=\"conversation-turn-52\" data-scroll-anchor=\"true\" data-turn=\"assistant\">\n<div class=\"text-base my-auto mx-auto pb-10 [--thread-content-margin:--spacing(4)] @w-sm\/main:[--thread-content-margin:--spacing(6)] @w-lg\/main:[--thread-content-margin:--spacing(16)] px-(--thread-content-margin)\">\n<div class=\"[--thread-content-max-width:40rem] @w-lg\/main:[--thread-content-max-width:48rem] mx-auto max-w-(--thread-content-max-width) flex-1 group\/turn-messages focus-visible:outline-hidden relative flex w-full min-w-0 flex-col agent-turn\" tabindex=\"-1\">\n<div class=\"flex max-w-full flex-col grow\">\n<div class=\"min-h-8 text-message relative flex w-full flex-col items-end gap-2 text-start break-words whitespace-normal [.text-message+&amp;]:mt-1\" dir=\"auto\" data-message-author-role=\"assistant\" data-message-id=\"337d04d0-1322-4696-922d-486732393dc5\" data-message-model-slug=\"gpt-5-2-thinking\">\n<div class=\"flex w-full flex-col gap-1 empty:hidden first:pt-[1px]\">\n<div class=\"markdown prose dark:prose-invert w-full break-words light markdown-new-styling\">\n<p data-start=\"4468\" data-end=\"4743\" data-is-last-node=\"\" data-is-only-node=\"\">Ten <strong data-start=\"289\" data-end=\"318\" data-is-only-node=\"\">HIFANCY Legend 20000 Puf<\/strong> je vysoce kapacitn\u00ed jednor\u00e1zov\u00e1 e-cigareta navr\u017een\u00e1 pro dlouhodob\u00e9 pou\u017e\u00edv\u00e1n\u00ed a konzistentn\u00ed chu\u0165. Nab\u00edz\u00ed a\u017e 20 000 pot\u00e1hnut\u00ed, kapacitu 30ml e-liquidu, 750mAh dob\u00edjec\u00ed baterii a dvojitou m\u0159\u00ed\u017ekovou c\u00edvku pro stabiln\u00ed v\u00fdstup p\u00e1ry. S dv\u011bma re\u017eimy vyt\u00e1p\u011bn\u00ed a r\u016fzn\u00fdmi mo\u017enostmi nikotinu je vhodn\u00e1 pro dosp\u011bl\u00e9 u\u017eivatele, kte\u0159\u00ed cht\u011bj\u00ed odoln\u00fd, spolehliv\u00fd jednor\u00e1zov\u00fd vaporiz\u00e9r za konkurenceschopnou velkoobchodn\u00ed cenu.<\/p>\n<\/div>\n<\/div>\n<\/div>\n<\/div>\n<div class=\"z-0 flex min-h-[46px] justify-start\"><\/div>\n<\/div>\n<\/div>\n<\/article>\n<\/div>\n<p><strong>P\u0159idejte si Amy na Whatsapp, abyste z\u00edskali spr\u00e1vnou odpov\u011b\u010f a slevu!<\/strong><\/p>\n<p><img fetchpriority=\"high\" decoding=\"async\" class=\"size-full wp-image-2932\" src=\"https:\/\/vapestornado.com\/wp-content\/uploads\/2024\/12\/Vape-Wholesale.jpg\" alt=\"Velkoobchod s vape\" width=\"229\" height=\"300\" \/><\/p>\n<h3><a href=\"https:\/\/wa.me\/8617776015835\"><span style=\"color: #ff0000;\"><strong>WhatsApp: +86 17776015835<\/strong><\/span><\/a><\/h3>","protected":false},"featured_media":4682,"comment_status":"open","ping_status":"closed","template":"","meta":{"_acf_changed":false,"_uag_custom_page_level_css":"","_lmt_disableupdate":"no","_lmt_disable":"","_monsterinsights_skip_tracking":false,"_monsterinsights_sitenote_active":false,"_monsterinsights_sitenote_note":"","_monsterinsights_sitenote_category":0,"site-sidebar-layout":"default","site-content-layout":"","ast-site-content-layout":"default","site-content-style":"default","site-sidebar-style":"default","ast-global-header-display":"","ast-banner-title-visibility":"","ast-main-header-display":"","ast-hfb-above-header-display":"","ast-hfb-below-header-display":"","ast-hfb-mobile-header-display":"","site-post-title":"","ast-breadcrumbs-content":"","ast-featured-img":"","footer-sml-layout":"","ast-disable-related-posts":"","theme-transparent-header-meta":"default","adv-header-id-meta":"","stick-header-meta":"","header-above-stick-meta":"","header-main-stick-meta":"","header-below-stick-meta":"","astra-migrate-meta-layouts":"set","ast-page-background-enabled":"default","ast-page-background-meta":{"desktop":{"background-color":"","background-image":"","background-repeat":"repeat","background-position":"center center","background-size":"auto","background-attachment":"scroll","background-type":"","background-media":"","overlay-type":"","overlay-color":"","overlay-opacity":"","overlay-gradient":""},"tablet":{"background-color":"","background-image":"","background-repeat":"repeat","background-position":"center center","background-size":"auto","background-attachment":"scroll","background-type":"","background-media":"","overlay-type":"","overlay-color":"","overlay-opacity":"","overlay-gradient":""},"mobile":{"background-color":"","background-image":"","background-repeat":"repeat","background-position":"center center","background-size":"auto","background-attachment":"scroll","background-type":"","background-media":"","overlay-type":"","overlay-color":"","overlay-opacity":"","overlay-gradient":""}},"ast-content-background-meta":{"desktop":{"background-color":"var(--ast-global-color-5)","background-image":"","background-repeat":"repeat","background-position":"center center","background-size":"auto","background-attachment":"scroll","background-type":"","background-media":"","overlay-type":"","overlay-color":"","overlay-opacity":"","overlay-gradient":""},"tablet":{"background-color":"var(--ast-global-color-5)","background-image":"","background-repeat":"repeat","background-position":"center center","background-size":"auto","background-attachment":"scroll","background-type":"","background-media":"","overlay-type":"","overlay-color":"","overlay-opacity":"","overlay-gradient":""},"mobile":{"background-color":"var(--ast-global-color-5)","background-image":"","background-repeat":"repeat","background-position":"center center","background-size":"auto","background-attachment":"scroll","background-type":"","background-media":"","overlay-type":"","overlay-color":"","overlay-opacity":"","overlay-gradient":""}},"_joinchat":[]},"product_brand":[],"product_cat":[69,152,156,142,492,357,146],"product_tag":[396,497,368,495,496,390,397],"class_list":{"0":"post-4683","1":"product","2":"type-product","3":"status-publish","4":"has-post-thumbnail","6":"product_cat-20000-puff","7":"product_cat-buy-disposable-vapes-in-cermany","8":"product_cat-buy-disposable-vapes-in-poland","9":"product_cat-digital-box-disposable-vapes","10":"product_cat-eu-warehouse","11":"product_cat-flavor-adjustable-vape","12":"product_cat-rechargeable-disposable-vapes","13":"product_tag-disposable-cigarette","14":"product_tag-disposable-vape-wholesaler","15":"product_tag-disposable-vapor","16":"product_tag-hifancy-legend-20000-puff","17":"product_tag-hifancy-legend-20k","18":"product_tag-online-vape-shop","19":"product_tag-vapor","20":"desktop-align-left","21":"tablet-align-left","22":"mobile-align-left","24":"first","25":"instock","26":"sale","27":"shipping-taxable","28":"purchasable","29":"product-type-simple"},"acf":[],"uagb_featured_image_src":{"full":["https:\/\/vapestornado.com\/wp-content\/uploads\/2025\/12\/HIFANCY-LEGEND-20000-Vape-Factory-Price.webp",800,800,false],"thumbnail":["https:\/\/vapestornado.com\/wp-content\/uploads\/2025\/12\/HIFANCY-LEGEND-20000-Vape-Factory-Price-150x150.webp",150,150,true],"medium":["https:\/\/vapestornado.com\/wp-content\/uploads\/2025\/12\/HIFANCY-LEGEND-20000-Vape-Factory-Price-300x300.webp",300,300,true],"medium_large":["https:\/\/vapestornado.com\/wp-content\/uploads\/2025\/12\/HIFANCY-LEGEND-20000-Vape-Factory-Price-768x768.webp",768,768,true],"large":["https:\/\/vapestornado.com\/wp-content\/uploads\/2025\/12\/HIFANCY-LEGEND-20000-Vape-Factory-Price.webp",800,800,false],"1536x1536":["https:\/\/vapestornado.com\/wp-content\/uploads\/2025\/12\/HIFANCY-LEGEND-20000-Vape-Factory-Price.webp",800,800,false],"2048x2048":["https:\/\/vapestornado.com\/wp-content\/uploads\/2025\/12\/HIFANCY-LEGEND-20000-Vape-Factory-Price.webp",800,800,false],"trp-custom-language-flag":["https:\/\/vapestornado.com\/wp-content\/uploads\/2025\/12\/HIFANCY-LEGEND-20000-Vape-Factory-Price-12x12.webp",12,12,true],"woocommerce_thumbnail":["https:\/\/vapestornado.com\/wp-content\/uploads\/2025\/12\/HIFANCY-LEGEND-20000-Vape-Factory-Price-300x300.webp",300,300,true],"woocommerce_single":["https:\/\/vapestornado.com\/wp-content\/uploads\/2025\/12\/HIFANCY-LEGEND-20000-Vape-Factory-Price-600x600.webp",600,600,true],"woocommerce_gallery_thumbnail":["https:\/\/vapestornado.com\/wp-content\/uploads\/2025\/12\/HIFANCY-LEGEND-20000-Vape-Factory-Price-100x100.webp",100,100,true]},"uagb_author_info":{"display_name":"ESAMY","author_link":"https:\/\/vapestornado.com\/cs\/author\/"},"uagb_comment_info":0,"uagb_excerpt":"The HIFANCY Legend 20000 Puff is a high-capacity disposable E-cigarette designed for long-lasting use and consistent flavour. It features up to 20,000 puffs, a 30ml e-liquid capacity, a 750mAh rechargeable battery, and a double mesh coil for stable vapour output. With two heating modes and multiple nicotine options, it suits adult users who want a&hellip;","_links":{"self":[{"href":"https:\/\/vapestornado.com\/cs\/wp-json\/wp\/v2\/product\/4683","targetHints":{"allow":["GET"]}}],"collection":[{"href":"https:\/\/vapestornado.com\/cs\/wp-json\/wp\/v2\/product"}],"about":[{"href":"https:\/\/vapestornado.com\/cs\/wp-json\/wp\/v2\/types\/product"}],"replies":[{"embeddable":true,"href":"https:\/\/vapestornado.com\/cs\/wp-json\/wp\/v2\/comments?post=4683"}],"wp:featuredmedia":[{"embeddable":true,"href":"https:\/\/vapestornado.com\/cs\/wp-json\/wp\/v2\/media\/4682"}],"wp:attachment":[{"href":"https:\/\/vapestornado.com\/cs\/wp-json\/wp\/v2\/media?parent=4683"}],"wp:term":[{"taxonomy":"product_brand","embeddable":true,"href":"https:\/\/vapestornado.com\/cs\/wp-json\/wp\/v2\/product_brand?post=4683"},{"taxonomy":"product_cat","embeddable":true,"href":"https:\/\/vapestornado.com\/cs\/wp-json\/wp\/v2\/product_cat?post=4683"},{"taxonomy":"product_tag","embeddable":true,"href":"https:\/\/vapestornado.com\/cs\/wp-json\/wp\/v2\/product_tag?post=4683"}],"curies":[{"name":"wp","href":"https:\/\/api.w.org\/{rel}","templated":true}]}}