{"id":4614,"date":"2025-11-29T06:20:23","date_gmt":"2025-11-29T06:20:23","guid":{"rendered":"https:\/\/vapestornado.com\/?post_type=product&#038;p=4614"},"modified":"2025-11-29T06:33:24","modified_gmt":"2025-11-29T06:33:24","slug":"razz-bar-40000-puff-40k-dual-flavours-disposable-vape-factory-price","status":"publish","type":"product","link":"https:\/\/vapestornado.com\/cs\/product\/razz-bar-40000-puff-40k-dual-flavours-disposable-vape-factory-price\/","title":{"rendered":"Razz Bar 40000 Puff 40K Dvojit\u00e9 P\u0159\u00edchut\u011b Jednor\u00e1zov\u00fd Vape Factory Price"},"content":{"rendered":"<h2 data-pm-slice=\"1 1 []\">Razz Bar 40000 Puff 40K Dual Flavours Jednor\u00e1zov\u00e1 vape za velkoobchodn\u00ed cenu<\/h2>\n<p data-start=\"289\" data-end=\"881\">Ten <strong data-start=\"293\" data-end=\"316\">Razz Bar 40000 Puff<\/strong> je ur\u010den pro velkoobchodn\u00edky, kte\u0159\u00ed hledaj\u00ed spolehliv\u00e9 za\u0159\u00edzen\u00ed s vysok\u00fdm objemem, s vysokou popt\u00e1vkou a rychl\u00fdm obratem. Toto <strong data-start=\"425\" data-end=\"447\">Vape s 2 p\u0159\u00edchut\u011bmi<\/strong> nab\u00edz\u00ed dv\u011b kompletn\u00ed p\u0159\u00edchut\u011b v jednom za\u0159\u00edzen\u00ed, co\u017e u\u017eivatel\u016fm poskytuje v\u00edce mo\u017enost\u00ed a hodnoty. S kapacitou a\u017e <strong data-start=\"551\" data-end=\"564\">40 000 pot\u00e1hnut\u00ed<\/strong>, jasn\u00fdm displejem a dob\u00edjec\u00ed bateri\u00ed 650mAh, <strong data-start=\"622\" data-end=\"638\">Razz Bar 40K<\/strong> vynik\u00e1 jako odoln\u00e1, dlouhotrvaj\u00edc\u00ed <strong data-start=\"677\" data-end=\"708\">jednor\u00e1zov\u00e1 vape s dvojitou p\u0159\u00edchut\u00ed<\/strong> ide\u00e1ln\u00ed pro maloobchodn\u00edky v \u010cR, kte\u0159\u00ed hledaj\u00ed stabiln\u00ed t\u00fddenn\u00ed prodeje. Sklad expedujeme rychle z na\u0161eho <strong data-start=\"794\" data-end=\"815\">Sklad Vape EU<\/strong>, co\u017e zaji\u0161\u0165uje rychl\u00e9 doru\u010den\u00ed a st\u00e1lou z\u00e1sobu pro va\u0161e z\u00e1kazn\u00edky.<\/p>\n<p data-start=\"883\" data-end=\"1342\">Pokro\u010dil\u00e9 dvojit\u00e9 s\u00ed\u0165ov\u00e9 c\u00edvky zaru\u010duj\u00ed \u010dist\u00e9 odd\u011blen\u00ed chut\u00ed \u2013 ka\u017ed\u00e1 p\u0159\u00edchu\u0165 m\u00e1 sv\u016fj vlastn\u00ed vyhrazen\u00fd tank, tak\u017ee chu\u0165 z\u016fst\u00e1v\u00e1 ostr\u00e1 a autentick\u00e1 od prvn\u00edho potahu a\u017e po 40 000. Potah jednoduch\u00fdm oto\u010den\u00edm umo\u017e\u0148uje u\u017eivatel\u016fm okam\u017eit\u011b m\u011bnit p\u0159\u00edchut\u011b, co\u017e d\u011bl\u00e1 Razz Bar obl\u00edben\u00fdm mezi vapery, kte\u0159\u00ed cht\u011bj\u00ed rozmanitost bez nutnosti nosit v\u00edce za\u0159\u00edzen\u00ed. Kombinace s rychl\u00fdm nab\u00edjen\u00edm typu C a v\u00edce ne\u017e 10 sm\u011bsmi ovocn\u00fdch p\u0159\u00edchut\u00ed \u010din\u00ed z n\u011bj spolehlivou vysokov\u00fdkonnou volbu pro ka\u017edodenn\u00ed pou\u017eit\u00ed.<\/p>\n<p data-start=\"1344\" data-end=\"1558\">Pro distributory nebo osobn\u00ed u\u017eivatele hledaj\u00edc\u00ed pr\u00e9miovou <strong data-start=\"1385\" data-end=\"1416\">jednor\u00e1zov\u00e1 vape s dvojitou p\u0159\u00edchut\u00ed<\/strong> s osv\u011bd\u010denou popt\u00e1vkou, siln\u00fdm v\u00fdkonem chuti a modern\u00edm syst\u00e9mem displeje je <strong data-start=\"1496\" data-end=\"1519\">Razz Bar 40000 Puff<\/strong> jasn\u00fdm v\u00edt\u011bzem v kategorii 40K.<\/p>\n<p data-start=\"666\" data-end=\"1235\"><strong style=\"font-size: 16px;\"><span style=\"color: #ff0000;\">P\u0159idejte si WhatsApp Amy a z\u00edskejte okam\u017eitou odpov\u011b\u010f a zv\u00fdhodn\u011bnou cenu!<\/span><\/strong><\/p>\n<p><img fetchpriority=\"high\" decoding=\"async\" class=\"size-full wp-image-2932\" src=\"https:\/\/vapestornado.com\/wp-content\/uploads\/2024\/12\/Vape-Wholesale.jpg\" alt=\"Velkoobchod s vape\" width=\"229\" height=\"300\" \/><\/p>\n<h3><a href=\"https:\/\/wa.me\/8617776015835\" target=\"_blank\" rel=\"noopener\"><span style=\"color: #ff0000;\"><strong>WhatsApp: +86 17776015835<\/strong><\/span><\/a><\/h3>\n<p>&nbsp;<\/p>\n<h2><strong>Jak\u00e9 p\u0159\u00edchut\u011b jsou k dispozici od Razz Bar 40000 Puff Disposables Vapes?<\/strong><\/h2>\n<ol data-start=\"1912\" data-end=\"2668\">\n<li data-start=\"1912\" data-end=\"1938\">\n<p data-start=\"1915\" data-end=\"1938\">Citron Limeta \/ Lush Ice<\/p>\n<\/li>\n<li data-start=\"1939\" data-end=\"1974\">\n<p data-start=\"1942\" data-end=\"1974\">Jahoda Ice \/ M\u00edchan\u00e9 bobule<\/p>\n<\/li>\n<li data-start=\"1975\" data-end=\"2028\">\n<p data-start=\"1978\" data-end=\"2028\">Modr\u00fd Razz Ice \/ Jahoda Watermelon Bubble Gum<\/p>\n<\/li>\n<li data-start=\"2029\" data-end=\"2064\">\n<p data-start=\"2032\" data-end=\"2064\">M\u00edchan\u00e9 bobule \/ Watermelon Ice<\/p>\n<\/li>\n<li data-start=\"2065\" data-end=\"2102\">\n<p data-start=\"2068\" data-end=\"2102\">Jahoda Ban\u00e1n \/ Red Bull Ice<\/p>\n<\/li>\n<li data-start=\"2103\" data-end=\"2131\">\n<p data-start=\"2106\" data-end=\"2131\">Bor\u016fvka Ice \/ Love 66<\/p>\n<\/li>\n<li data-start=\"2132\" data-end=\"2162\">\n<p data-start=\"2135\" data-end=\"2162\">Meru\u0148ka Ice \/ Bor\u016fvka Ice<\/p>\n<\/li>\n<li data-start=\"2163\" data-end=\"2210\">\n<p data-start=\"2166\" data-end=\"2210\">Jahoda Kiwi \/ Bor\u016fvka Kysel\u00e1 Malina<\/p>\n<\/li>\n<li data-start=\"2211\" data-end=\"2241\">\n<p data-start=\"2214\" data-end=\"2241\">Watermelon Ice \/ Cola Ice<\/p>\n<\/li>\n<li data-start=\"2242\" data-end=\"2281\">\n<p data-start=\"2246\" data-end=\"2281\">Jahoda Watermelon \/ Hroznov\u00e9 Ice<\/p>\n<\/li>\n<li data-start=\"2282\" data-end=\"2316\">\n<p data-start=\"2286\" data-end=\"2316\">Citron Limeta \/ Jahoda Kiwi<\/p>\n<\/li>\n<li data-start=\"2317\" data-end=\"2353\">\n<p data-start=\"2321\" data-end=\"2353\">R\u016f\u017eov\u00e1 Limon\u00e1da \/ Ostru\u017einov\u00e1 Ice<\/p>\n<\/li>\n<li data-start=\"2354\" data-end=\"2391\">\n<p data-start=\"2358\" data-end=\"2391\">\u0160\u0165avnat\u00e1 Meru\u0148ka Ice \/ Ananasov\u00e1 Ice<\/p>\n<\/li>\n<li data-start=\"2392\" data-end=\"2442\">\n<p data-start=\"2396\" data-end=\"2442\">Kiwi Passion Fruit Guava \/ Ananas Kokos<\/p>\n<\/li>\n<li data-start=\"2443\" data-end=\"2471\">\n<p data-start=\"2447\" data-end=\"2471\">Skittles \/ Hroznov\u00fd V\u00fdbuch<\/p>\n<\/li>\n<li data-start=\"2472\" data-end=\"2526\">\n<p data-start=\"2476\" data-end=\"2526\">\u010cern\u00e9 Ice Dra\u010d\u00ed Ovoce Jahoda \/ Trojit\u00e1 Meloun<\/p>\n<\/li>\n<li data-start=\"2527\" data-end=\"2565\">\n<p data-start=\"2531\" data-end=\"2565\">Letn\u00ed Sen \/ Jahoda Ban\u00e1n<\/p>\n<\/li>\n<li data-start=\"2566\" data-end=\"2611\">\n<p data-start=\"2570\" data-end=\"2611\">T\u0159e\u0161e\u0148 Citron \/ Bor\u016fvka Kysel\u00e1 Malina<\/p>\n<\/li>\n<li data-start=\"2612\" data-end=\"2638\">\n<p data-start=\"2616\" data-end=\"2638\">Love 66 \/ Kysel\u00e9 Jablko<\/p>\n<\/li>\n<li data-start=\"2639\" data-end=\"2668\">\n<p data-start=\"2643\" data-end=\"2668\">Lemon Lime \/ \u010cerstv\u00e1 m\u00e1ta<\/p>\n<\/li>\n<\/ol>\n<h2><strong>Razz Bar 40000 Puf\u016f Jednor\u00e1zov\u00e1 Vape Krabi\u010dka Kl\u00ed\u010dov\u00e9 vlastnosti produktu<\/strong><\/h2>\n<ul data-start=\"2707\" data-end=\"3053\">\n<li data-start=\"2707\" data-end=\"2765\">\n<p data-start=\"2709\" data-end=\"2765\">Dvojit\u00fd p\u0159ep\u00ednac\u00ed syst\u00e9m s dv\u011bma nez\u00e1visl\u00fdmi n\u00e1dr\u017eemi.<\/p>\n<\/li>\n<li data-start=\"2766\" data-end=\"2820\">\n<p data-start=\"2768\" data-end=\"2820\">A\u017e <strong data-start=\"2774\" data-end=\"2790\">40 000 pot\u00e1hnut\u00ed<\/strong> pro dlouhodob\u00e9 ka\u017edodenn\u00ed pou\u017eit\u00ed.<\/p>\n<\/li>\n<li data-start=\"2821\" data-end=\"2878\">\n<p data-start=\"2823\" data-end=\"2878\">Dob\u00edjec\u00ed baterie 650mAh s <strong data-start=\"2856\" data-end=\"2866\">Typ-C<\/strong> nab\u00edjen\u00edm.<\/p>\n<\/li>\n<li data-start=\"2879\" data-end=\"2927\">\n<p data-start=\"2881\" data-end=\"2927\">Dvojit\u00e1 s\u00ed\u0165ov\u00e1 c\u00edvka pro \u010dist\u00e9, odd\u011blen\u00e9 chut\u011b.<\/p>\n<\/li>\n<li data-start=\"2928\" data-end=\"2974\">\n<p data-start=\"2930\" data-end=\"2974\">LED displej pro \u00farove\u0148 baterie + hladinu e-tekutiny.<\/p>\n<\/li>\n<li data-start=\"2975\" data-end=\"3004\">\n<p data-start=\"2977\" data-end=\"3004\">2% \/ 5% mo\u017enosti nikotinov\u00fdch sol\u00ed.<\/p>\n<\/li>\n<li data-start=\"3005\" data-end=\"3053\">\n<p data-start=\"3007\" data-end=\"3053\">200 ks na karton pro optimalizaci velkoobchodu.<\/p>\n<\/li>\n<\/ul>\n<figure id=\"attachment_4609\" aria-describedby=\"caption-attachment-4609\" style=\"width: 300px\" class=\"wp-caption alignnone\"><img decoding=\"async\" class=\"size-medium wp-image-4609\" src=\"https:\/\/vapestornado.com\/wp-content\/uploads\/2025\/11\/Razz-Bar-40k-Puffs-Disposable-Vape-Wholesale-Price-300x300.webp\" alt=\"Razz Bar 40k Puf\u016f Jednor\u00e1zov\u00e1 Vape Velkoobchodn\u00ed cena\" width=\"300\" height=\"300\" srcset=\"https:\/\/vapestornado.com\/wp-content\/uploads\/2025\/11\/Razz-Bar-40k-Puffs-Disposable-Vape-Wholesale-Price-300x300.webp 300w, https:\/\/vapestornado.com\/wp-content\/uploads\/2025\/11\/Razz-Bar-40k-Puffs-Disposable-Vape-Wholesale-Price-150x150.webp 150w, https:\/\/vapestornado.com\/wp-content\/uploads\/2025\/11\/Razz-Bar-40k-Puffs-Disposable-Vape-Wholesale-Price-768x768.webp 768w, https:\/\/vapestornado.com\/wp-content\/uploads\/2025\/11\/Razz-Bar-40k-Puffs-Disposable-Vape-Wholesale-Price-12x12.webp 12w, https:\/\/vapestornado.com\/wp-content\/uploads\/2025\/11\/Razz-Bar-40k-Puffs-Disposable-Vape-Wholesale-Price-600x600.webp 600w, https:\/\/vapestornado.com\/wp-content\/uploads\/2025\/11\/Razz-Bar-40k-Puffs-Disposable-Vape-Wholesale-Price-100x100.webp 100w, https:\/\/vapestornado.com\/wp-content\/uploads\/2025\/11\/Razz-Bar-40k-Puffs-Disposable-Vape-Wholesale-Price.webp 800w\" sizes=\"(max-width: 300px) 100vw, 300px\" \/><figcaption id=\"caption-attachment-4609\" class=\"wp-caption-text\">Razz Bar 40k Puf\u016f Jednor\u00e1zov\u00e1 Vape Velkoobchodn\u00ed cena<\/figcaption><\/figure>\n<h2>Pro\u010d si vybrat Vapestornado pro n\u00e1kup jednor\u00e1zov\u00fdch vaporiz\u00e9r\u016f online?<\/h2>\n<div class=\"flex-shrink-0 flex flex-col relative items-end\">\n<div class=\"pt-0\">\n<div class=\"gizmo-bot-avatar flex h-8 w-8 items-center justify-center overflow-hidden rounded-full\">\n<div class=\"relative p-1 rounded-sm flex items-center justify-center bg-token-main-surface-primary text-token-text-primary h-8 w-8\">\n<p data-start=\"136\" data-end=\"686\">V\u00fdb\u011br <strong data-start=\"145\" data-end=\"161\">Vapestornado<\/strong> jako v\u00e1\u0161 d\u016fv\u011bryhodn\u00fd zdroj pro <strong data-start=\"193\" data-end=\"227\">Elf Bar Moon Night 40000 Ploch<\/strong> znamen\u00e1 spolupr\u00e1ci s dodavatelem, kter\u00fd skute\u010dn\u011b rozum\u00ed po\u017eadavk\u016fm velkoobchodn\u00edk\u016f a maloobchodn\u00edk\u016f v EU. Up\u0159ednost\u0148ujeme <strong data-start=\"343\" data-end=\"409\">rychl\u00e9 odesl\u00e1n\u00ed, ov\u011b\u0159en\u00e9 z\u00e1soby a stabiln\u00ed dlouhodob\u00e9 dod\u00e1vky<\/strong>, co\u017e zaji\u0161\u0165uje, \u017ee nikdy nebudete \u010delit p\u0159eru\u0161en\u00ed z\u00e1sob\u2014zejm\u00e9na u produkt\u016f s vysok\u00fdm objemem, jako je <a href=\"https:\/\/vapestornado.com\/cs\/product\/airmez-140k-puff-6-in-1-flavor-disposable-vape-wholesale-disposable-vape-pen-eu-warehouse\/\">Airmez 140k 6 v 1 ,<\/a>\u00a0<a href=\"https:\/\/vapestornado.com\/cs\/product\/bang-legend-150000-puffs-6-in-1-flavor-newest-disposable-vape\/\">HiFancy Space 50000\uff0cBang Legend 150k <\/a>V\u0161echny produkty jsou z\u00edsk\u00e1v\u00e1ny z certifikovan\u00fdch kan\u00e1l\u016f, co\u017e v\u00e1m d\u00e1v\u00e1 <strong data-start=\"582\" data-end=\"651\">autentickou kvalitu, konzistentn\u00ed v\u00fdkon chuti a spolehlivost<\/strong> kter\u00e1 spl\u0148uje o\u010dek\u00e1v\u00e1n\u00ed trhu EU.<\/p>\n<\/div>\n<h2>\u010cAST\u00c9 DOTAZY o Razz Bar 40000 Puf\u016f Bar<\/h2>\n<div class=\"relative p-1 rounded-sm flex items-center justify-center bg-token-main-surface-primary text-token-text-primary h-8 w-8\">\n<p data-start=\"3094\" data-end=\"3257\"><strong data-start=\"3094\" data-end=\"3159\">1. Jak funguje dvojit\u00fd p\u0159ep\u00edna\u010d chut\u00ed na Razz Bar 40K?<\/strong><br data-start=\"3159\" data-end=\"3162\" \/>Jednodu\u0161e zvedn\u011bte a oto\u010dte \u00fastn\u00ed n\u00e1ustek o 180 stup\u0148\u016f pro okam\u017eit\u00e9 p\u0159epnut\u00ed mezi dv\u011bma chut\u011bmi.<\/p>\n<p data-start=\"3259\" data-end=\"3371\"><strong data-start=\"3259\" data-end=\"3306\">2. Je Razz Bar 40000 Puf\u016f dob\u00edjec\u00ed?<\/strong><br data-start=\"3306\" data-end=\"3309\" \/>Ano, pou\u017e\u00edv\u00e1 dob\u00edjec\u00ed baterii 650mAh s portem Type-C.<\/p>\n<p data-start=\"3373\" data-end=\"3507\"><strong data-start=\"3373\" data-end=\"3416\">3. M\u00e1 ka\u017ed\u00e1 chu\u0165 svou vlastn\u00ed c\u00edvku?<\/strong><br data-start=\"3416\" data-end=\"3419\" \/>Ano, Razz Bar pou\u017e\u00edv\u00e1 n\u00e1dr\u017e s dvojitou s\u00ed\u0165ovou c\u00edvkou, kter\u00e1 zaji\u0161\u0165uje \u010distotu a odd\u011blen\u00ed chut\u00ed.<\/p>\n<p data-start=\"3509\" data-end=\"3638\"><strong data-start=\"3509\" data-end=\"3546\">4. Jak dlouho za\u0159\u00edzen\u00ed vydr\u017e\u00ed?<\/strong><br data-start=\"3546\" data-end=\"3549\" \/>S a\u017e 40K pufy, v\u011bt\u0161ina u\u017eivatel\u016f z\u00edsk\u00e1 n\u011bkolik t\u00fddn\u016f pou\u017e\u00edv\u00e1n\u00ed v z\u00e1vislosti na denn\u00ed spot\u0159eb\u011b.<\/p>\n<p data-start=\"3640\" data-end=\"3791\"><strong data-start=\"3640\" data-end=\"3701\">5. Mohu objednat Razz Bar 40K z skladu Vape EU?<\/strong><br data-start=\"3701\" data-end=\"3704\" \/>Ano, velkoobchodn\u00ed objedn\u00e1vky jsou odes\u00edl\u00e1ny p\u0159\u00edmo ze skladu Vape EU pro rychlej\u0161\u00ed region\u00e1ln\u00ed doru\u010den\u00ed.<\/p>\n<\/div>\n<\/div>\n<\/div>\n<\/div>","protected":false},"excerpt":{"rendered":"<article class=\"text-token-text-primary w-full focus:outline-none [--shadow-height:45px] has-data-writing-block:pointer-events-none has-data-writing-block:-mt-(--shadow-height) has-data-writing-block:pt-(--shadow-height) [&amp;:has([data-writing-block])&gt;*]:pointer-events-auto [content-visibility:auto] supports-[content-visibility:auto]:[contain-intrinsic-size:auto_100lvh] scroll-mt-[calc(var(--header-height)+min(200px,max(70px,20svh)))]\" dir=\"auto\" tabindex=\"-1\" data-turn-id=\"86ca9d92-7a10-4e6b-bda0-15f9df36adca\" data-testid=\"conversation-turn-120\" data-scroll-anchor=\"true\" data-turn=\"assistant\">\n<div class=\"text-base my-auto mx-auto pb-10 [--thread-content-margin:--spacing(4)] thread-sm:[--thread-content-margin:--spacing(6)] thread-lg:[--thread-content-margin:--spacing(16)] px-(--thread-content-margin)\">\n<div class=\"[--thread-content-max-width:40rem] thread-lg:[--thread-content-max-width:48rem] mx-auto max-w-(--thread-content-max-width) flex-1 group\/turn-messages focus-visible:outline-hidden relative flex w-full min-w-0 flex-col agent-turn\" tabindex=\"-1\">\n<div class=\"flex max-w-full flex-col grow\">\n<div class=\"min-h-8 text-message relative flex w-full flex-col items-end gap-2 text-start break-words whitespace-normal [.text-message+&amp;]:mt-1\" dir=\"auto\" data-message-author-role=\"assistant\" data-message-id=\"43b070d6-bf28-4fbe-8049-1032a61ea3ac\" data-message-model-slug=\"gpt-5\">\n<div class=\"flex w-full flex-col gap-1 empty:hidden first:pt-[1px]\">\n<div class=\"markdown prose dark:prose-invert w-full break-words light markdown-new-styling\">\n<article class=\"text-token-text-primary w-full focus:outline-none [--shadow-height:45px] has-data-writing-block:pointer-events-none has-data-writing-block:-mt-(--shadow-height) has-data-writing-block:pt-(--shadow-height) [&amp;:has([data-writing-block])&gt;*]:pointer-events-auto [content-visibility:auto] supports-[content-visibility:auto]:[contain-intrinsic-size:auto_100lvh] scroll-mt-[calc(var(--header-height)+min(200px,max(70px,20svh)))]\" dir=\"auto\" tabindex=\"-1\" data-turn-id=\"4d6f00b8-d41a-438b-8912-05a895842882\" data-testid=\"conversation-turn-130\" data-scroll-anchor=\"true\" data-turn=\"assistant\">\n<div class=\"text-base my-auto mx-auto pb-10 [--thread-content-margin:--spacing(4)] thread-sm:[--thread-content-margin:--spacing(6)] thread-lg:[--thread-content-margin:--spacing(16)] px-(--thread-content-margin)\">\n<div class=\"[--thread-content-max-width:40rem] thread-lg:[--thread-content-max-width:48rem] mx-auto max-w-(--thread-content-max-width) flex-1 group\/turn-messages focus-visible:outline-hidden relative flex w-full min-w-0 flex-col agent-turn\" tabindex=\"-1\">\n<div class=\"flex max-w-full flex-col grow\">\n<div class=\"min-h-8 text-message relative flex w-full flex-col items-end gap-2 text-start break-words whitespace-normal [.text-message+&amp;]:mt-1\" dir=\"auto\" data-message-author-role=\"assistant\" data-message-id=\"f3c520bf-c043-4392-87ea-b3bf1b3ae6d3\" data-message-model-slug=\"gpt-5-1\">\n<div class=\"flex w-full flex-col gap-1 empty:hidden first:pt-[1px]\">\n<div class=\"markdown prose dark:prose-invert w-full break-words light markdown-new-styling\">\n<p data-start=\"1595\" data-end=\"1691\"><strong data-start=\"1595\" data-end=\"1689\">Razz Bar 40K Dual Flavour Power \u2013 Nejprod\u00e1van\u011bj\u0161\u00ed 2v1 jednor\u00e1zov\u00e1 vape pro velkoobchod v \u010cR<\/strong><\/p>\n<p data-start=\"1695\" data-end=\"1780\"><strong data-start=\"1695\" data-end=\"1778\">Razz Bar 40000 Puff Dob\u00edjec\u00ed Vape \u2013 Maxim\u00e1ln\u00ed chu\u0165, dlouh\u00e1 v\u00fddr\u017e<\/strong><\/p>\n<p data-start=\"1784\" data-end=\"1867\"><strong data-start=\"1784\" data-end=\"1865\">Razz Bar 40K Velkoobchodn\u00ed Vape \u2013 Dvojit\u00e1 s\u00ed\u0165ov\u00e1 c\u00edvka, Dvojit\u00e1 chu\u0165, \u017d\u00e1dn\u00e9 kompromisy<\/strong><\/p>\n<\/div>\n<\/div>\n<\/div>\n<\/div>\n<\/div>\n<\/div>\n<\/article>\n<\/div>\n<\/div>\n<\/div>\n<\/div>\n<\/div>\n<\/div>\n<\/article>\n<p><img fetchpriority=\"high\" decoding=\"async\" class=\"size-full wp-image-2932\" src=\"https:\/\/vapestornado.com\/wp-content\/uploads\/2024\/12\/Vape-Wholesale.jpg\" alt=\"Velkoobchod s vape\" width=\"229\" height=\"300\" \/><\/p>\n<h3><a href=\"https:\/\/wa.me\/8617776015835\"><span style=\"color: #ff0000;\"><strong>WhatsApp: +86 17776015835<\/strong><\/span><\/a><\/h3>\n<p>&nbsp;<\/p>","protected":false},"featured_media":4613,"comment_status":"open","ping_status":"closed","template":"","meta":{"_acf_changed":false,"_uag_custom_page_level_css":"","_lmt_disableupdate":"no","_lmt_disable":"","_monsterinsights_skip_tracking":false,"_monsterinsights_sitenote_active":false,"_monsterinsights_sitenote_note":"","_monsterinsights_sitenote_category":0,"site-sidebar-layout":"default","site-content-layout":"","ast-site-content-layout":"default","site-content-style":"default","site-sidebar-style":"default","ast-global-header-display":"","ast-banner-title-visibility":"","ast-main-header-display":"","ast-hfb-above-header-display":"","ast-hfb-below-header-display":"","ast-hfb-mobile-header-display":"","site-post-title":"","ast-breadcrumbs-content":"","ast-featured-img":"","footer-sml-layout":"","ast-disable-related-posts":"","theme-transparent-header-meta":"default","adv-header-id-meta":"","stick-header-meta":"","header-above-stick-meta":"","header-main-stick-meta":"","header-below-stick-meta":"","astra-migrate-meta-layouts":"set","ast-page-background-enabled":"default","ast-page-background-meta":{"desktop":{"background-color":"","background-image":"","background-repeat":"repeat","background-position":"center center","background-size":"auto","background-attachment":"scroll","background-type":"","background-media":"","overlay-type":"","overlay-color":"","overlay-opacity":"","overlay-gradient":""},"tablet":{"background-color":"","background-image":"","background-repeat":"repeat","background-position":"center center","background-size":"auto","background-attachment":"scroll","background-type":"","background-media":"","overlay-type":"","overlay-color":"","overlay-opacity":"","overlay-gradient":""},"mobile":{"background-color":"","background-image":"","background-repeat":"repeat","background-position":"center center","background-size":"auto","background-attachment":"scroll","background-type":"","background-media":"","overlay-type":"","overlay-color":"","overlay-opacity":"","overlay-gradient":""}},"ast-content-background-meta":{"desktop":{"background-color":"var(--ast-global-color-5)","background-image":"","background-repeat":"repeat","background-position":"center center","background-size":"auto","background-attachment":"scroll","background-type":"","background-media":"","overlay-type":"","overlay-color":"","overlay-opacity":"","overlay-gradient":""},"tablet":{"background-color":"var(--ast-global-color-5)","background-image":"","background-repeat":"repeat","background-position":"center center","background-size":"auto","background-attachment":"scroll","background-type":"","background-media":"","overlay-type":"","overlay-color":"","overlay-opacity":"","overlay-gradient":""},"mobile":{"background-color":"var(--ast-global-color-5)","background-image":"","background-repeat":"repeat","background-position":"center center","background-size":"auto","background-attachment":"scroll","background-type":"","background-media":"","overlay-type":"","overlay-color":"","overlay-opacity":"","overlay-gradient":""}},"_joinchat":{"telephone":"17776015835"}},"product_brand":[],"product_cat":[149,150,151,152,144],"product_tag":[463,105,446,461,462,436],"class_list":{"0":"post-4614","1":"product","2":"type-product","3":"status-publish","4":"has-post-thumbnail","6":"product_cat-buy-disposable-vapes-in-austria","7":"product_cat-buy-disposable-vapes-in-belgium","8":"product_cat-buy-disposable-vapes-in-france","9":"product_cat-buy-disposable-vapes-in-cermany","10":"product_cat-low-nicotine-disposable-vapes","11":"product_tag-2-in-1-flavor-vape","12":"product_tag-digital-disposable-vape","13":"product_tag-disposable-vape-kit","14":"product_tag-razz-bar-40000","15":"product_tag-razz-bar-40k","16":"product_tag-shop-vape-online","17":"desktop-align-left","18":"tablet-align-left","19":"mobile-align-left","21":"first","22":"instock","23":"sale","24":"shipping-taxable","25":"purchasable","26":"product-type-simple"},"acf":[],"uagb_featured_image_src":{"full":["https:\/\/vapestornado.com\/wp-content\/uploads\/2025\/11\/RAZZ-BAR-40000-Puffs-Wholesale-Vape-Factory-Price.webp",800,800,false],"thumbnail":["https:\/\/vapestornado.com\/wp-content\/uploads\/2025\/11\/RAZZ-BAR-40000-Puffs-Wholesale-Vape-Factory-Price-150x150.webp",150,150,true],"medium":["https:\/\/vapestornado.com\/wp-content\/uploads\/2025\/11\/RAZZ-BAR-40000-Puffs-Wholesale-Vape-Factory-Price-300x300.webp",300,300,true],"medium_large":["https:\/\/vapestornado.com\/wp-content\/uploads\/2025\/11\/RAZZ-BAR-40000-Puffs-Wholesale-Vape-Factory-Price-768x768.webp",768,768,true],"large":["https:\/\/vapestornado.com\/wp-content\/uploads\/2025\/11\/RAZZ-BAR-40000-Puffs-Wholesale-Vape-Factory-Price.webp",800,800,false],"1536x1536":["https:\/\/vapestornado.com\/wp-content\/uploads\/2025\/11\/RAZZ-BAR-40000-Puffs-Wholesale-Vape-Factory-Price.webp",800,800,false],"2048x2048":["https:\/\/vapestornado.com\/wp-content\/uploads\/2025\/11\/RAZZ-BAR-40000-Puffs-Wholesale-Vape-Factory-Price.webp",800,800,false],"trp-custom-language-flag":["https:\/\/vapestornado.com\/wp-content\/uploads\/2025\/11\/RAZZ-BAR-40000-Puffs-Wholesale-Vape-Factory-Price-12x12.webp",12,12,true],"woocommerce_thumbnail":["https:\/\/vapestornado.com\/wp-content\/uploads\/2025\/11\/RAZZ-BAR-40000-Puffs-Wholesale-Vape-Factory-Price-300x300.webp",300,300,true],"woocommerce_single":["https:\/\/vapestornado.com\/wp-content\/uploads\/2025\/11\/RAZZ-BAR-40000-Puffs-Wholesale-Vape-Factory-Price-600x600.webp",600,600,true],"woocommerce_gallery_thumbnail":["https:\/\/vapestornado.com\/wp-content\/uploads\/2025\/11\/RAZZ-BAR-40000-Puffs-Wholesale-Vape-Factory-Price-100x100.webp",100,100,true]},"uagb_author_info":{"display_name":"ESAMY","author_link":"https:\/\/vapestornado.com\/cs\/author\/"},"uagb_comment_info":0,"uagb_excerpt":"Razz Bar 40K Dual Flavour Power \u2013 The Best-Selling 2-in-1 Disposable Vape for EU Wholesale Razz Bar 40000 Puff Rechargeable Vape \u2013 Maximum Taste, Long-Lasting Performance Razz Bar 40K Wholesale Vape \u2013 Dual Mesh Coil, Double Flavour, Zero Compromise WhatsApp: +86 17776015835 &nbsp;","_links":{"self":[{"href":"https:\/\/vapestornado.com\/cs\/wp-json\/wp\/v2\/product\/4614","targetHints":{"allow":["GET"]}}],"collection":[{"href":"https:\/\/vapestornado.com\/cs\/wp-json\/wp\/v2\/product"}],"about":[{"href":"https:\/\/vapestornado.com\/cs\/wp-json\/wp\/v2\/types\/product"}],"replies":[{"embeddable":true,"href":"https:\/\/vapestornado.com\/cs\/wp-json\/wp\/v2\/comments?post=4614"}],"wp:featuredmedia":[{"embeddable":true,"href":"https:\/\/vapestornado.com\/cs\/wp-json\/wp\/v2\/media\/4613"}],"wp:attachment":[{"href":"https:\/\/vapestornado.com\/cs\/wp-json\/wp\/v2\/media?parent=4614"}],"wp:term":[{"taxonomy":"product_brand","embeddable":true,"href":"https:\/\/vapestornado.com\/cs\/wp-json\/wp\/v2\/product_brand?post=4614"},{"taxonomy":"product_cat","embeddable":true,"href":"https:\/\/vapestornado.com\/cs\/wp-json\/wp\/v2\/product_cat?post=4614"},{"taxonomy":"product_tag","embeddable":true,"href":"https:\/\/vapestornado.com\/cs\/wp-json\/wp\/v2\/product_tag?post=4614"}],"curies":[{"name":"wp","href":"https:\/\/api.w.org\/{rel}","templated":true}]}}