{"id":4602,"date":"2025-11-26T09:30:42","date_gmt":"2025-11-26T09:30:42","guid":{"rendered":"https:\/\/vapestornado.com\/?post_type=product&#038;p=4602"},"modified":"2025-11-26T09:38:13","modified_gmt":"2025-11-26T09:38:13","slug":"airmez-140k-puff-6-in-1-flavor-disposable-vape-wholesale-disposable-vape-pen-eu-warehouse","status":"publish","type":"product","link":"https:\/\/vapestornado.com\/cs\/product\/airmez-140k-puff-6-in-1-flavor-disposable-vape-wholesale-disposable-vape-pen-eu-warehouse\/","title":{"rendered":"Airmez 140k Puff 6 v 1 P\u0159\u00edchu\u0165 Jednor\u00e1zov\u00fd Vaporiz\u00e9r Velkoobchod Jednor\u00e1zov\u00e1 Vape Pero EU Sklad"},"content":{"rendered":"<h2 data-pm-slice=\"1 1 []\">Airmez 140k Puff \u2013 6-v-1 Velk\u00fd Puff Jednor\u00e1zov\u00e9 Vape Pero EU Sklad<\/h2>\n<p data-start=\"636\" data-end=\"1125\">Ten <strong data-start=\"640\" data-end=\"660\">Airmez 140k Puff<\/strong> je ur\u010deno pro velkoobchodn\u00ed kupce, kte\u0159\u00ed cht\u011bj\u00ed pr\u00e9miovou kvalitu <strong data-start=\"711\" data-end=\"739\">Velk\u00e9 Puff Jednor\u00e1zov\u00e9 Vape<\/strong> s pravou multi-p\u0159\u00edchut\u00ed a spolehliv\u00fdm v\u00fdkonem. Toto za\u0159\u00edzen\u00ed integruje <strong data-start=\"824\" data-end=\"852\">\u0161est sm\u00ed\u0161en\u00fdch ovocn\u00fdch p\u0159\u00edchut\u00ed<\/strong> nap\u0159\u00ed\u010d <strong data-start=\"860\" data-end=\"880\">t\u0159emi 15ml n\u00e1dr\u017eemi<\/strong>, poskytuj\u00edc\u00edmi u\u017eivatel\u016fm celkovou <strong data-start=\"903\" data-end=\"920\">45ml kapacitu<\/strong> podporov\u00e1no <strong data-start=\"934\" data-end=\"953\">1,0\u03a9 mesh spir\u00e1lky<\/strong> pro \u010dist\u00e9, konzistentn\u00ed dod\u00e1n\u00ed chuti. S v\u00fdstupem navr\u017een\u00fdm pro dlouhodob\u00e9 pou\u017eit\u00ed, ten <strong data-start=\"1039\" data-end=\"1061\">Airmez 140000 Puff<\/strong> vynik\u00e1 na trz\u00edch vy\u017eaduj\u00edc\u00edch odolnost a rozmanitost chut\u00ed.<\/p>\n<p data-start=\"1127\" data-end=\"1481\">Ot\u00e1\u010dej\u00edc\u00ed se \u00fastn\u00ed n\u00e1ustek umo\u017e\u0148uje u\u017eivatel\u016fm okam\u017eit\u011b p\u0159ep\u00ednat chut\u011b, \u010d\u00edm\u017e se Airmez 140k Puff \u0159ad\u00ed mezi nejprakti\u010dt\u011bj\u0161\u00ed <strong data-start=\"1249\" data-end=\"1276\">nastaviteln\u00e9 vaporiz\u00e9ry s p\u0159\u00edchut\u00ed<\/strong> v kategorii. Velk\u00fd LED displej zobrazuje po\u010det pota\u017een\u00ed, \u00farove\u0148 baterie a aktivn\u00ed linky p\u0159\u00edchut\u00ed\u2014usnad\u0148uje spr\u00e1vu za\u0159\u00edzen\u00ed pro denn\u00ed u\u017eivatele a sni\u017euje po\u010det probl\u00e9m\u016f z\u00e1kaznick\u00e9 podpory pro prodejce.<\/p>\n<p data-start=\"1483\" data-end=\"1941\">Poh\u00e1n\u011bno <strong data-start=\"1496\" data-end=\"1534\">Dob\u00edjec\u00ed baterie 650 mAh Type-C<\/strong>, Airmez 140k Puff si udr\u017euje stabiln\u00ed v\u00fdkon b\u011bhem dlouh\u00fdch seanc\u00ed. Pro distributory a prodejce znamen\u00e1 <strong data-start=\"1659\" data-end=\"1680\">Obchod EU Sklad<\/strong> rychlej\u0161\u00ed pln\u011bn\u00ed, bezceln\u00ed pohyb v r\u00e1mci EU a spolehlivou dostupnost z\u00e1sob. Tento model se dob\u0159e prod\u00e1v\u00e1 v skupin\u00e1ch mu\u017e\u016f ve v\u011bku 25\u201335 let po cel\u00e9 Evrop\u011b d\u00edky sv\u00e9mu vysok\u00e9mu po\u010dtu pota\u017een\u00ed, v\u00fdrazn\u00fdm sm\u011bs\u00edm chut\u00ed a odoln\u00e9mu, cestovn\u00edmu designu.<\/p>\n<p data-start=\"1943\" data-end=\"2251\">Ten <strong data-start=\"1947\" data-end=\"1969\">Airmez 140000 Puff<\/strong> je vhodn\u00fd pro prodejce, kte\u0159\u00ed pot\u0159ebuj\u00ed pr\u00e9miov\u00fd jednor\u00e1zov\u00fd pero s vysokou m\u00edrou n\u00e1vratnosti z\u00e1kazn\u00edk\u016f, zejm\u00e9na ti, kte\u0159\u00ed se zam\u011b\u0159uj\u00ed na ovocn\u00e9 sm\u011bsi a za\u0159\u00edzen\u00ed s v\u00edce p\u0159\u00edchut\u011bmi. Velkoobchodn\u00ed balen\u00ed zaji\u0161\u0165uje snadn\u00e9 skladov\u00e1n\u00ed a efektivn\u00ed distribuci, co\u017e z n\u011bj \u010din\u00ed ide\u00e1ln\u00ed univerz\u00e1ln\u00ed SKU pro e-shopy s vaporiz\u00e9ry v EU.<\/p>\n<p data-start=\"666\" data-end=\"1235\"><strong style=\"font-size: 16px;\"><span style=\"color: #ff0000;\">P\u0159idejte si WhatsApp Amy a z\u00edskejte okam\u017eitou odpov\u011b\u010f a zv\u00fdhodn\u011bnou cenu!<\/span><\/strong><\/p>\n<p><img fetchpriority=\"high\" decoding=\"async\" class=\"size-full wp-image-2932\" src=\"https:\/\/vapestornado.com\/wp-content\/uploads\/2024\/12\/Vape-Wholesale.jpg\" alt=\"Velkoobchod s vape\" width=\"229\" height=\"300\" \/><\/p>\n<h3><a href=\"https:\/\/wa.me\/8617776015835\" target=\"_blank\" rel=\"noopener\"><span style=\"color: #ff0000;\"><strong>WhatsApp: +86 17776015835<\/strong><\/span><\/a><\/h3>\n<p>&nbsp;<\/p>\n<h2><strong>Seznam p\u0159\u00edchut\u00ed jednor\u00e1zov\u00fdch vaporiz\u00e9r\u016f Airmez 140k Puff<\/strong><\/h2>\n<ol data-start=\"2293\" data-end=\"2788\">\n<li data-start=\"2293\" data-end=\"2327\">\n<p data-start=\"2296\" data-end=\"2327\">T\u0159e\u0161e\u0148 \/ Cola Ice \/ Mango Ice<\/p>\n<\/li>\n<li data-start=\"2328\" data-end=\"2387\">\n<p data-start=\"2331\" data-end=\"2387\">Dragonfruit Ice \/ Ovocn\u00e1 sm\u011bs \/ Malina Watermelon<\/p>\n<\/li>\n<li data-start=\"2388\" data-end=\"2432\">\n<p data-start=\"2391\" data-end=\"2432\">Love 66 \/ Ovocn\u00e1 limon\u00e1da s bobulemi \/ Fizz t\u0159e\u0161e\u0148<\/p>\n<\/li>\n<li data-start=\"2433\" data-end=\"2487\">\n<p data-start=\"2436\" data-end=\"2487\">Sm\u00ed\u0161en\u00e9 bobule \/ Blue Razz Lemonade \/ T\u0159e\u0161e\u0148 s bobulemi<\/p>\n<\/li>\n<li data-start=\"2488\" data-end=\"2532\">\n<p data-start=\"2491\" data-end=\"2532\">Love 66 \/ Jahodov\u00e9 Kiwi \/ Broskev Mango<\/p>\n<\/li>\n<li data-start=\"2533\" data-end=\"2569\">\n<p data-start=\"2536\" data-end=\"2569\">Broskev Ice \/ Mango Ice \/ Dr Blue<\/p>\n<\/li>\n<li data-start=\"2570\" data-end=\"2629\">\n<p data-start=\"2573\" data-end=\"2629\">Jahoda Ban\u00e1n \/ Vimto \/ Bor\u016fvka T\u0159e\u0161e\u0148 Brusinka<\/p>\n<\/li>\n<li data-start=\"2630\" data-end=\"2679\">\n<p data-start=\"2633\" data-end=\"2679\">Jahodov\u00e9 Ice \/ R\u016f\u017eov\u00e1 limon\u00e1da \/ Bingo Crush<\/p>\n<\/li>\n<li data-start=\"2680\" data-end=\"2737\">\n<p data-start=\"2683\" data-end=\"2737\">Jahoda Watermelon \/ Trojit\u00e1 meloun \/ Blue Razz Ice<\/p>\n<\/li>\n<li data-start=\"2738\" data-end=\"2788\">\n<p data-start=\"2742\" data-end=\"2788\">Watermelon Ice \/ Bingo Crush \/ Sm\u00ed\u0161en\u00e9 bobule<\/p>\n<\/li>\n<\/ol>\n<figure id=\"attachment_4599\" aria-describedby=\"caption-attachment-4599\" style=\"width: 800px\" class=\"wp-caption alignnone\"><img decoding=\"async\" class=\"wp-image-4599 size-full\" src=\"https:\/\/vapestornado.com\/wp-content\/uploads\/2025\/11\/Airmez-Fox-6-in-1-140K-Puffs-Vapes-Bulk-Buy-Price.webp\" alt=\"Velkoobchodn\u00ed cena Airmez Fox 6 v 1 140K Puffs Vaporiz\u00e9ry\" width=\"800\" height=\"800\" srcset=\"https:\/\/vapestornado.com\/wp-content\/uploads\/2025\/11\/Airmez-Fox-6-in-1-140K-Puffs-Vapes-Bulk-Buy-Price.webp 800w, https:\/\/vapestornado.com\/wp-content\/uploads\/2025\/11\/Airmez-Fox-6-in-1-140K-Puffs-Vapes-Bulk-Buy-Price-300x300.webp 300w, https:\/\/vapestornado.com\/wp-content\/uploads\/2025\/11\/Airmez-Fox-6-in-1-140K-Puffs-Vapes-Bulk-Buy-Price-150x150.webp 150w, https:\/\/vapestornado.com\/wp-content\/uploads\/2025\/11\/Airmez-Fox-6-in-1-140K-Puffs-Vapes-Bulk-Buy-Price-768x768.webp 768w, https:\/\/vapestornado.com\/wp-content\/uploads\/2025\/11\/Airmez-Fox-6-in-1-140K-Puffs-Vapes-Bulk-Buy-Price-12x12.webp 12w, https:\/\/vapestornado.com\/wp-content\/uploads\/2025\/11\/Airmez-Fox-6-in-1-140K-Puffs-Vapes-Bulk-Buy-Price-600x600.webp 600w, https:\/\/vapestornado.com\/wp-content\/uploads\/2025\/11\/Airmez-Fox-6-in-1-140K-Puffs-Vapes-Bulk-Buy-Price-100x100.webp 100w\" sizes=\"(max-width: 800px) 100vw, 800px\" \/><figcaption id=\"caption-attachment-4599\" class=\"wp-caption-text\">Velkoobchodn\u00ed cena Airmez Fox 6 v 1 140K Puffs Vaporiz\u00e9ry<\/figcaption><\/figure>\n<h2><strong>Co d\u011bl\u00e1 Airmez 140k Puff Jednor\u00e1zovou Vape Pero V\u00fdjime\u010dn\u00fdm?<\/strong><\/h2>\n<ul data-start=\"2835\" data-end=\"3319\">\n<li data-start=\"2835\" data-end=\"2886\">\n<p data-start=\"2837\" data-end=\"2886\"><strong data-start=\"2837\" data-end=\"2863\">V\u00fddr\u017e 140 000 pot\u00e1hnut\u00ed<\/strong> pro dlouhodob\u00e9 pou\u017eit\u00ed.<\/p>\n<\/li>\n<li data-start=\"2887\" data-end=\"2945\">\n<p data-start=\"2889\" data-end=\"2945\"><strong data-start=\"2889\" data-end=\"2910\">\u0160est re\u017eim\u016f p\u0159\u00edchut\u00ed<\/strong> ovl\u00e1dan\u00fdch ot\u00e1\u010den\u00edm \u00fastn\u00ed \u010d\u00e1sti.<\/p>\n<\/li>\n<li data-start=\"2946\" data-end=\"2990\">\n<p data-start=\"2948\" data-end=\"2990\"><strong data-start=\"2948\" data-end=\"2965\">45ml kapacitu<\/strong> z t\u0159\u00ed 15ml n\u00e1dr\u017e\u00ed.<\/p>\n<\/li>\n<li data-start=\"2991\" data-end=\"3051\">\n<p data-start=\"2993\" data-end=\"3051\"><strong data-start=\"2993\" data-end=\"3011\">1.0\u03a9 s\u00ed\u0165ov\u00e1 c\u00edvka<\/strong> pro jemnou chu\u0165 a hustotu par.<\/p>\n<\/li>\n<li data-start=\"3052\" data-end=\"3118\">\n<p data-start=\"3054\" data-end=\"3118\"><strong data-start=\"3054\" data-end=\"3069\">LED displej<\/strong> ukazuje po\u010det pot\u00e1hnut\u00ed, z\u00f3nu p\u0159\u00edchut\u011b a baterii.<\/p>\n<\/li>\n<li data-start=\"3119\" data-end=\"3190\">\n<p data-start=\"3121\" data-end=\"3190\"><strong data-start=\"3121\" data-end=\"3159\">Dob\u00edjec\u00ed baterie 650 mAh Type-C<\/strong> vyrobeno pro konzistentn\u00ed v\u00fdkon.<\/p>\n<\/li>\n<li data-start=\"3191\" data-end=\"3248\">\n<p data-start=\"3193\" data-end=\"3248\"><strong data-start=\"3193\" data-end=\"3222\">Zam\u011b\u0159en\u00ed na sm\u011bs ovocn\u00fdch p\u0159\u00edchut\u00ed<\/strong> pro \u0161irokou tr\u017en\u00ed p\u0159ita\u017elivost.<\/p>\n<\/li>\n<li data-start=\"3249\" data-end=\"3319\">\n<p data-start=\"3251\" data-end=\"3319\"><strong data-start=\"3251\" data-end=\"3282\">Kompaktn\u00ed jednor\u00e1zov\u00e9 vape pero<\/strong> ide\u00e1ln\u00ed pro velkoobchodn\u00ed operace v \u010cR.<\/p>\n<\/li>\n<\/ul>\n<h2>Pro\u010d si vybrat Vapestornado pro n\u00e1kup jednor\u00e1zov\u00fdch vaporiz\u00e9r\u016f online?<\/h2>\n<div class=\"flex-shrink-0 flex flex-col relative items-end\">\n<div class=\"pt-0\">\n<div class=\"gizmo-bot-avatar flex h-8 w-8 items-center justify-center overflow-hidden rounded-full\">\n<div class=\"relative p-1 rounded-sm flex items-center justify-center bg-token-main-surface-primary text-token-text-primary h-8 w-8\">\n<p data-start=\"648\" data-end=\"799\">V\u00fdb\u011br <strong data-start=\"189\" data-end=\"205\">Vapestornado<\/strong> jako v\u00e1\u0161 dodavatel pro <strong data-start=\"227\" data-end=\"261\">Elf Bar Moon Night 40000 Ploch<\/strong> znamen\u00e1 zajistit partnera, kter\u00fd rozum\u00ed pot\u0159eb\u00e1m velkoobchodn\u00edk\u016f a maloobchodn\u00edk\u016f v \u010cesk\u00e9 republice. Zam\u011b\u0159ujeme se na rychl\u00e9 dod\u00e1n\u00ed, ov\u011b\u0159en\u00e9 skladov\u00e9 z\u00e1soby a stabiln\u00ed dlouhodob\u00e9 dod\u00e1vky\u2014kl\u00ed\u010dov\u00e9 faktory pro podniky prod\u00e1vaj\u00edc\u00ed produkty ve vysok\u00e9m objemu, jako je <strong data-start=\"489\" data-end=\"515\">Elf Bar Moon Night 40K<\/strong>. Ka\u017ed\u00e1 \u0161ar\u017ee je z\u00edsk\u00e1v\u00e1na p\u0159\u00edmo z certifikovan\u00fdch kan\u00e1l\u016f, co\u017e zaji\u0161\u0165uje autentick\u00e9 produkty, silnou konzistenci chuti a spolehlivou kvalitu, kter\u00e1 spl\u0148uje o\u010dek\u00e1v\u00e1n\u00ed kupuj\u00edc\u00edch v \u010cesk\u00e9 republice.<\/p>\n<p data-start=\"559\" data-end=\"933\" data-is-last-node=\"\" data-is-only-node=\"\">M\u00e1me tak\u00e9 dal\u0161\u00ed obl\u00edbenou jednor\u00e1zovou vaporiz\u00e9r s displejem, nap\u0159\u00edklad <a href=\"https:\/\/vapestornado.com\/cs\/product\/hifancy-dream-45k-45000-puffs-disposable-vape-kit-fast-shipping-from-eu-warehouse\/\">Hifancy Dream 45k vape<\/a>, <a href=\"https:\/\/vapestornado.com\/cs\/product\/elf-bar-moon-night-40000-puffs-disposable-vape-germany-wholesale\/\">ELF BAR Moon Night 40000 Vape<\/a>, <a href=\"https:\/\/vapestornado.com\/cs\/product\/uor-120000-puff-120k-4-flavors-rechargeable-disposable-vape-shop-online\/\">UOR 120000 PUFF 4 v 1<\/a>, a dal\u0161\u00ed.<\/p>\n<p data-start=\"559\" data-end=\"933\" data-is-last-node=\"\" data-is-only-node=\"\">\n<\/div>\n<h2>\u010cAST\u00c9 DOTAZY o Airmez 140k Puff<\/h2>\n<div class=\"relative p-1 rounded-sm flex items-center justify-center bg-token-main-surface-primary text-token-text-primary h-8 w-8\">\n<p data-start=\"3356\" data-end=\"3475\"><strong data-start=\"3356\" data-end=\"3412\">1. Jak p\u0159ep\u00edn\u00e1m p\u0159\u00edchut\u011b na Airmez 140k Puff?<\/strong><br data-start=\"3412\" data-end=\"3415\" \/>Oto\u010den\u00edm \u00fastn\u00ed \u010d\u00e1sti p\u0159ech\u00e1z\u00edte mezi \u0161esti re\u017eimy p\u0159\u00edchut\u00ed.<\/p>\n<p data-start=\"3477\" data-end=\"3641\"><strong data-start=\"3477\" data-end=\"3536\">2. Jak dlouho obvykle vydr\u017e\u00ed za\u0159\u00edzen\u00ed s 140000 pot\u00e1hnut\u00edmi?<\/strong><br data-start=\"3536\" data-end=\"3539\" \/>Pou\u017eit\u00ed se li\u0161\u00ed, ale v\u011bt\u0161ina u\u017eivatel\u016f t\u011b\u017e\u00ed z v\u00fdrazn\u011b prodlou\u017een\u00e9 \u017eivotnosti d\u00edky vysok\u00e9mu po\u010dtu pota\u017een\u00ed.<\/p>\n<p data-start=\"3643\" data-end=\"3754\"><strong data-start=\"3643\" data-end=\"3689\">3. Je Airmez 140000 pota\u017een\u00ed dob\u00edjec\u00ed?<\/strong><br data-start=\"3689\" data-end=\"3692\" \/>Ano, m\u00e1 port pro nab\u00edjen\u00ed Type-C s bateri\u00ed o kapacit\u011b 650mAh.<\/p>\n<p data-start=\"3756\" data-end=\"3905\"><strong data-start=\"3756\" data-end=\"3814\">4. Zobrazuje obrazovka po\u010det pota\u017een\u00ed a stav baterie?<\/strong><br data-start=\"3814\" data-end=\"3817\" \/>LED displej poskytuje sledov\u00e1n\u00ed po\u010dtu pota\u017een\u00ed v re\u00e1ln\u00e9m \u010dase, \u00farove\u0148 baterie a indikaci p\u0159\u00edchut\u011b.<\/p>\n<p data-start=\"3907\" data-end=\"4052\"><strong data-start=\"3907\" data-end=\"3963\">5. Mohu objednat jednotky Airmez 140k pota\u017een\u00ed ze skladu v EU?<\/strong><br data-start=\"3963\" data-end=\"3966\" \/>Ano, n\u00e1\u0161 <strong data-start=\"3975\" data-end=\"3996\">Obchod EU Sklad<\/strong> servis podporuje rychl\u00e9, bezceln\u00ed doru\u010den\u00ed po cel\u00e9 Evrop\u011b.<\/p>\n<\/div>\n<\/div>\n<\/div>\n<\/div>","protected":false},"excerpt":{"rendered":"<article class=\"text-token-text-primary w-full focus:outline-none [--shadow-height:45px] has-data-writing-block:pointer-events-none has-data-writing-block:-mt-(--shadow-height) has-data-writing-block:pt-(--shadow-height) [&amp;:has([data-writing-block])&gt;*]:pointer-events-auto [content-visibility:auto] supports-[content-visibility:auto]:[contain-intrinsic-size:auto_100lvh] scroll-mt-[calc(var(--header-height)+min(200px,max(70px,20svh)))]\" dir=\"auto\" tabindex=\"-1\" data-turn-id=\"86ca9d92-7a10-4e6b-bda0-15f9df36adca\" data-testid=\"conversation-turn-120\" data-scroll-anchor=\"true\" data-turn=\"assistant\">\n<div class=\"text-base my-auto mx-auto pb-10 [--thread-content-margin:--spacing(4)] thread-sm:[--thread-content-margin:--spacing(6)] thread-lg:[--thread-content-margin:--spacing(16)] px-(--thread-content-margin)\">\n<div class=\"[--thread-content-max-width:40rem] thread-lg:[--thread-content-max-width:48rem] mx-auto max-w-(--thread-content-max-width) flex-1 group\/turn-messages focus-visible:outline-hidden relative flex w-full min-w-0 flex-col agent-turn\" tabindex=\"-1\">\n<div class=\"flex max-w-full flex-col grow\">\n<div class=\"min-h-8 text-message relative flex w-full flex-col items-end gap-2 text-start break-words whitespace-normal [.text-message+&amp;]:mt-1\" dir=\"auto\" data-message-author-role=\"assistant\" data-message-id=\"43b070d6-bf28-4fbe-8049-1032a61ea3ac\" data-message-model-slug=\"gpt-5\">\n<div class=\"flex w-full flex-col gap-1 empty:hidden first:pt-[1px]\">\n<div class=\"markdown prose dark:prose-invert w-full break-words light markdown-new-styling\">\n<article class=\"text-token-text-primary w-full focus:outline-none [--shadow-height:45px] has-data-writing-block:pointer-events-none has-data-writing-block:-mt-(--shadow-height) has-data-writing-block:pt-(--shadow-height) [&amp;:has([data-writing-block])&gt;*]:pointer-events-auto [content-visibility:auto] supports-[content-visibility:auto]:[contain-intrinsic-size:auto_100lvh] scroll-mt-[calc(var(--header-height)+min(200px,max(70px,20svh)))]\" dir=\"auto\" tabindex=\"-1\" data-turn-id=\"4d6f00b8-d41a-438b-8912-05a895842882\" data-testid=\"conversation-turn-130\" data-scroll-anchor=\"true\" data-turn=\"assistant\">\n<div class=\"text-base my-auto mx-auto pb-10 [--thread-content-margin:--spacing(4)] thread-sm:[--thread-content-margin:--spacing(6)] thread-lg:[--thread-content-margin:--spacing(16)] px-(--thread-content-margin)\">\n<div class=\"[--thread-content-max-width:40rem] thread-lg:[--thread-content-max-width:48rem] mx-auto max-w-(--thread-content-max-width) flex-1 group\/turn-messages focus-visible:outline-hidden relative flex w-full min-w-0 flex-col agent-turn\" tabindex=\"-1\">\n<div class=\"flex max-w-full flex-col grow\">\n<div class=\"min-h-8 text-message relative flex w-full flex-col items-end gap-2 text-start break-words whitespace-normal [.text-message+&amp;]:mt-1\" dir=\"auto\" data-message-author-role=\"assistant\" data-message-id=\"f3c520bf-c043-4392-87ea-b3bf1b3ae6d3\" data-message-model-slug=\"gpt-5-1\">\n<div class=\"flex w-full flex-col gap-1 empty:hidden first:pt-[1px]\">\n<div class=\"markdown prose dark:prose-invert w-full break-words light markdown-new-styling\">\n<p>Airmez 140k Puff 6-v-1 Jednor\u00e1zov\u00e9 Vape Pero \u2013 Velk\u00fd Puff Za\u0159\u00edzen\u00ed s EU Skladovou Z\u00e1sobou<br \/>\nAirmez 140000 Puff Nastaviteln\u00e1 P\u0159\u00edchu\u0165 Vape \u2013 Velkoobchodn\u011b P\u0159ipraveno po cel\u00e9 Evrop\u011b<br \/>\nAirmez 140k Puff 6 P\u0159\u00edchut\u00ed Jednor\u00e1zov\u00e9 Pero \u2013 Velkoobchodn\u00ed N\u00e1kup z EU Skladu<\/p>\n<\/div>\n<\/div>\n<\/div>\n<\/div>\n<\/div>\n<\/div>\n<\/article>\n<\/div>\n<\/div>\n<\/div>\n<\/div>\n<\/div>\n<\/div>\n<\/article>\n<p><img fetchpriority=\"high\" decoding=\"async\" class=\"size-full wp-image-2932\" src=\"https:\/\/vapestornado.com\/wp-content\/uploads\/2024\/12\/Vape-Wholesale.jpg\" alt=\"Velkoobchod s vape\" width=\"229\" height=\"300\" \/><\/p>\n<h3><a href=\"https:\/\/wa.me\/8617776015835\"><span style=\"color: #ff0000;\"><strong>WhatsApp: +86 17776015835<\/strong><\/span><\/a><\/h3>\n<p>&nbsp;<\/p>","protected":false},"featured_media":4598,"comment_status":"open","ping_status":"closed","template":"","meta":{"_acf_changed":false,"_uag_custom_page_level_css":"","_lmt_disableupdate":"no","_lmt_disable":"","_monsterinsights_skip_tracking":false,"_monsterinsights_sitenote_active":false,"_monsterinsights_sitenote_note":"","_monsterinsights_sitenote_category":0,"site-sidebar-layout":"default","site-content-layout":"","ast-site-content-layout":"default","site-content-style":"default","site-sidebar-style":"default","ast-global-header-display":"","ast-banner-title-visibility":"","ast-main-header-display":"","ast-hfb-above-header-display":"","ast-hfb-below-header-display":"","ast-hfb-mobile-header-display":"","site-post-title":"","ast-breadcrumbs-content":"","ast-featured-img":"","footer-sml-layout":"","ast-disable-related-posts":"","theme-transparent-header-meta":"default","adv-header-id-meta":"","stick-header-meta":"","header-above-stick-meta":"","header-main-stick-meta":"","header-below-stick-meta":"","astra-migrate-meta-layouts":"set","ast-page-background-enabled":"default","ast-page-background-meta":{"desktop":{"background-color":"","background-image":"","background-repeat":"repeat","background-position":"center center","background-size":"auto","background-attachment":"scroll","background-type":"","background-media":"","overlay-type":"","overlay-color":"","overlay-opacity":"","overlay-gradient":""},"tablet":{"background-color":"","background-image":"","background-repeat":"repeat","background-position":"center center","background-size":"auto","background-attachment":"scroll","background-type":"","background-media":"","overlay-type":"","overlay-color":"","overlay-opacity":"","overlay-gradient":""},"mobile":{"background-color":"","background-image":"","background-repeat":"repeat","background-position":"center center","background-size":"auto","background-attachment":"scroll","background-type":"","background-media":"","overlay-type":"","overlay-color":"","overlay-opacity":"","overlay-gradient":""}},"ast-content-background-meta":{"desktop":{"background-color":"var(--ast-global-color-5)","background-image":"","background-repeat":"repeat","background-position":"center center","background-size":"auto","background-attachment":"scroll","background-type":"","background-media":"","overlay-type":"","overlay-color":"","overlay-opacity":"","overlay-gradient":""},"tablet":{"background-color":"var(--ast-global-color-5)","background-image":"","background-repeat":"repeat","background-position":"center center","background-size":"auto","background-attachment":"scroll","background-type":"","background-media":"","overlay-type":"","overlay-color":"","overlay-opacity":"","overlay-gradient":""},"mobile":{"background-color":"var(--ast-global-color-5)","background-image":"","background-repeat":"repeat","background-position":"center center","background-size":"auto","background-attachment":"scroll","background-type":"","background-media":"","overlay-type":"","overlay-color":"","overlay-opacity":"","overlay-gradient":""}},"_joinchat":{"telephone":"17776015835"}},"product_brand":[],"product_cat":[149,150,151,152,144],"product_tag":[456,454,453,105,446,436,450,451,455],"class_list":{"0":"post-4602","1":"product","2":"type-product","3":"status-publish","4":"has-post-thumbnail","6":"product_cat-buy-disposable-vapes-in-austria","7":"product_cat-buy-disposable-vapes-in-belgium","8":"product_cat-buy-disposable-vapes-in-france","9":"product_cat-buy-disposable-vapes-in-cermany","10":"product_cat-low-nicotine-disposable-vapes","11":"product_tag-6-in-1-flavor-disposable-vape","12":"product_tag-airmez-140000-puff","13":"product_tag-airmez-140k-puff","14":"product_tag-digital-disposable-vape","15":"product_tag-disposable-vape-kit","16":"product_tag-shop-vape-online","17":"product_tag-vape-fast-shipping","18":"product_tag-vape-free-shipping","19":"product_tag-vape-pen-eu-warehouse","20":"desktop-align-left","21":"tablet-align-left","22":"mobile-align-left","24":"first","25":"instock","26":"sale","27":"shipping-taxable","28":"purchasable","29":"product-type-simple"},"acf":[],"uagb_featured_image_src":{"full":["https:\/\/vapestornado.com\/wp-content\/uploads\/2025\/11\/Airmez-Brand-140k-Puff-Disposable-Vape-Wholesale-Vape-Pen.webp",800,800,false],"thumbnail":["https:\/\/vapestornado.com\/wp-content\/uploads\/2025\/11\/Airmez-Brand-140k-Puff-Disposable-Vape-Wholesale-Vape-Pen-150x150.webp",150,150,true],"medium":["https:\/\/vapestornado.com\/wp-content\/uploads\/2025\/11\/Airmez-Brand-140k-Puff-Disposable-Vape-Wholesale-Vape-Pen-300x300.webp",300,300,true],"medium_large":["https:\/\/vapestornado.com\/wp-content\/uploads\/2025\/11\/Airmez-Brand-140k-Puff-Disposable-Vape-Wholesale-Vape-Pen-768x768.webp",768,768,true],"large":["https:\/\/vapestornado.com\/wp-content\/uploads\/2025\/11\/Airmez-Brand-140k-Puff-Disposable-Vape-Wholesale-Vape-Pen.webp",800,800,false],"1536x1536":["https:\/\/vapestornado.com\/wp-content\/uploads\/2025\/11\/Airmez-Brand-140k-Puff-Disposable-Vape-Wholesale-Vape-Pen.webp",800,800,false],"2048x2048":["https:\/\/vapestornado.com\/wp-content\/uploads\/2025\/11\/Airmez-Brand-140k-Puff-Disposable-Vape-Wholesale-Vape-Pen.webp",800,800,false],"trp-custom-language-flag":["https:\/\/vapestornado.com\/wp-content\/uploads\/2025\/11\/Airmez-Brand-140k-Puff-Disposable-Vape-Wholesale-Vape-Pen-12x12.webp",12,12,true],"woocommerce_thumbnail":["https:\/\/vapestornado.com\/wp-content\/uploads\/2025\/11\/Airmez-Brand-140k-Puff-Disposable-Vape-Wholesale-Vape-Pen-300x300.webp",300,300,true],"woocommerce_single":["https:\/\/vapestornado.com\/wp-content\/uploads\/2025\/11\/Airmez-Brand-140k-Puff-Disposable-Vape-Wholesale-Vape-Pen-600x600.webp",600,600,true],"woocommerce_gallery_thumbnail":["https:\/\/vapestornado.com\/wp-content\/uploads\/2025\/11\/Airmez-Brand-140k-Puff-Disposable-Vape-Wholesale-Vape-Pen-100x100.webp",100,100,true]},"uagb_author_info":{"display_name":"ESAMY","author_link":"https:\/\/vapestornado.com\/cs\/author\/"},"uagb_comment_info":0,"uagb_excerpt":"Airmez 140k Puff 6-in-1 Disposable Vape Pen \u2013 Big Puff Device with EU Warehouse Stock Airmez 140000 Puff Adjustable Flavor Vape \u2013 Wholesale Ready Across Europe Airmez 140k Puff 6-Flavor Disposable Pen \u2013 Bulk Buy from EU Warehouse WhatsApp: +86 17776015835 &nbsp;","_links":{"self":[{"href":"https:\/\/vapestornado.com\/cs\/wp-json\/wp\/v2\/product\/4602","targetHints":{"allow":["GET"]}}],"collection":[{"href":"https:\/\/vapestornado.com\/cs\/wp-json\/wp\/v2\/product"}],"about":[{"href":"https:\/\/vapestornado.com\/cs\/wp-json\/wp\/v2\/types\/product"}],"replies":[{"embeddable":true,"href":"https:\/\/vapestornado.com\/cs\/wp-json\/wp\/v2\/comments?post=4602"}],"wp:featuredmedia":[{"embeddable":true,"href":"https:\/\/vapestornado.com\/cs\/wp-json\/wp\/v2\/media\/4598"}],"wp:attachment":[{"href":"https:\/\/vapestornado.com\/cs\/wp-json\/wp\/v2\/media?parent=4602"}],"wp:term":[{"taxonomy":"product_brand","embeddable":true,"href":"https:\/\/vapestornado.com\/cs\/wp-json\/wp\/v2\/product_brand?post=4602"},{"taxonomy":"product_cat","embeddable":true,"href":"https:\/\/vapestornado.com\/cs\/wp-json\/wp\/v2\/product_cat?post=4602"},{"taxonomy":"product_tag","embeddable":true,"href":"https:\/\/vapestornado.com\/cs\/wp-json\/wp\/v2\/product_tag?post=4602"}],"curies":[{"name":"wp","href":"https:\/\/api.w.org\/{rel}","templated":true}]}}