{"id":4596,"date":"2025-11-25T08:25:45","date_gmt":"2025-11-25T08:25:45","guid":{"rendered":"https:\/\/vapestornado.com\/?post_type=product&#038;p=4596"},"modified":"2025-11-25T08:36:27","modified_gmt":"2025-11-25T08:36:27","slug":"airmez-fox-120000-puffs-4-flavour-big-puff-disposable-vape-pen-shop-eu-warehouse","status":"publish","type":"product","link":"https:\/\/vapestornado.com\/cs\/product\/airmez-fox-120000-puffs-4-flavour-big-puff-disposable-vape-pen-shop-eu-warehouse\/","title":{"rendered":"AIRMEZ FOX 120000 Puffs 4 P\u0159\u00edchut\u011b Velk\u00fd Puff Jednor\u00e1zov\u00e1 Vape Pero Obchod EU Sklad"},"content":{"rendered":"<h2 data-pm-slice=\"1 1 []\">AIRMEZ FOX 120000 \u2013 4 P\u0159\u00edchut\u011b Velk\u00fd Puff Jednor\u00e1zov\u00e9 Vape Pero s skladov\u00fdm skladem v EU<\/h2>\n<p data-start=\"610\" data-end=\"1164\">Ten <strong data-start=\"614\" data-end=\"635\">AIRMEZ FOX 120000<\/strong> je navr\u017een pro velkoobchodn\u00edky, kte\u0159\u00ed pot\u0159ebuj\u00ed dlouhotrvaj\u00edc\u00ed, stabiln\u00ed v\u00fdkon <strong data-start=\"712\" data-end=\"740\">Velk\u00e9 Puff Jednor\u00e1zov\u00e9 Vape<\/strong> s re\u00e1ln\u00fdm p\u0159ita\u017een\u00edm u\u017eivatel\u016f. Ka\u017ed\u00e9 za\u0159\u00edzen\u00ed integruje <strong data-start=\"787\" data-end=\"818\">\u010dty\u0159i nez\u00e1visl\u00e9 15mL n\u00e1dr\u017ee<\/strong> s celkovou <strong data-start=\"832\" data-end=\"849\">60mL kapacitou<\/strong>, kter\u00fd poskytuje a\u017e <strong data-start=\"868\" data-end=\"885\">120 000 v\u00fdbuch\u016f<\/strong>\u2014 jasn\u00e1 v\u00fdhoda pro obchody zam\u011b\u0159en\u00e9 na z\u00e1kazn\u00edky s \u010dast\u00fdm pou\u017e\u00edv\u00e1n\u00edm nebo pro prodejce hledaj\u00edc\u00ed siln\u00e9 opakovan\u00e9 objedn\u00e1vky. Syst\u00e9m zvednut\u00ed a oto\u010den\u00ed horn\u00edho krytu umo\u017e\u0148uje u\u017eivatel\u016fm okam\u017eit\u011b p\u0159ep\u00ednat p\u0159\u00edchut\u011b, co\u017e \u010din\u00ed toto jedno z nejprakti\u010dt\u011bj\u0161\u00edch <strong data-start=\"1106\" data-end=\"1133\">nastaviteln\u00e9 vaporiz\u00e9ry s p\u0159\u00edchut\u00ed<\/strong> v kategorii s vysokou kapacitou.<\/p>\n<p data-start=\"1166\" data-end=\"1684\">Poh\u00e1n\u011bno <strong data-start=\"1179\" data-end=\"1210\">650mAh dob\u00edjec\u00ed baterie<\/strong> s rychl\u00fdm nab\u00edjen\u00edm Type-C, <strong data-start=\"1242\" data-end=\"1261\">AIRMEZ FOX 120k<\/strong> udr\u017euje konzistentn\u00ed v\u00fdkon b\u011bhem dlouh\u00fdch seanc\u00ed. Jeho <strong data-start=\"1316\" data-end=\"1335\">1,0\u03a9 mesh spir\u00e1lky<\/strong> dod\u00e1v\u00e1 \u010distou p\u0159\u00edchu\u0165 ve v\u0161ech \u010dty\u0159ech n\u00e1dr\u017e\u00edch, zat\u00edmco <strong data-start=\"1391\" data-end=\"1411\">LCD chytr\u00fd displej<\/strong> d\u00e1v\u00e1 u\u017eivatel\u016fm rychl\u00fd p\u0159ehled o stavu baterie a v\u00fdb\u011bru p\u0159\u00edchut\u011b \u2013 d\u016fle\u017eit\u00fd detail, kter\u00fd zvy\u0161uje d\u016fv\u011bru u\u017eivatel\u016f a sni\u017euje ot\u00e1zky po prodeji. Pro EU kupuj\u00edc\u00ed, schopnost <strong data-start=\"1584\" data-end=\"1605\">Obchod EU Sklad<\/strong> zaji\u0161\u0165uje krat\u0161\u00ed dodac\u00ed trasy, stabiln\u00ed z\u00e1soby a plynulej\u0161\u00ed pl\u00e1nov\u00e1n\u00ed podnik\u00e1n\u00ed.<\/p>\n<p data-start=\"1686\" data-end=\"2063\">AIRMEZ FOX 120000 je navr\u017een pro obchody, kter\u00e9 cht\u011bj\u00ed za\u0159\u00edzen\u00ed s vysokou hodnotou a siln\u00fdm v\u00fdkonem p\u0159\u00edchut\u00ed, n\u00edzkou \u00fadr\u017ebou a strukturou, kter\u00e1 se dob\u0159e prod\u00e1v\u00e1 jak online, tak v m\u00edstn\u00edch obchodech. Velkoobchodn\u00ed balen\u00ed (10 ks na krabici \/ 100 ks na karton) \u010din\u00ed z n\u011bj efektivn\u00ed volbu pro distributory, kte\u0159\u00ed cht\u011bj\u00ed \u010dist\u00e9, jednotn\u00e9 SKU, je\u017e se rychle pohybuj\u00ed na sou\u010dasn\u00e9m evropsk\u00e9m trhu s jednor\u00e1zov\u00fdmi vaporiz\u00e9ry.<\/p>\n<p data-start=\"666\" data-end=\"1235\"><strong style=\"font-size: 16px;\"><span style=\"color: #ff0000;\">P\u0159idejte si WhatsApp Amy a z\u00edskejte okam\u017eitou odpov\u011b\u010f a zv\u00fdhodn\u011bnou cenu!<\/span><\/strong><\/p>\n<p><img fetchpriority=\"high\" decoding=\"async\" class=\"size-full wp-image-2932\" src=\"https:\/\/vapestornado.com\/wp-content\/uploads\/2024\/12\/Vape-Wholesale.jpg\" alt=\"Velkoobchod s vape\" width=\"229\" height=\"300\" \/><\/p>\n<h3><a href=\"https:\/\/wa.me\/8617776015835\" target=\"_blank\" rel=\"noopener\"><span style=\"color: #ff0000;\"><strong>WhatsApp: +86 17776015835<\/strong><\/span><\/a><\/h3>\n<p>&nbsp;<\/p>\n<h2><strong>Co d\u011bl\u00e1 AIRMEZ FOX 120000 Puf\u016f Jednor\u00e1zovou Vape Pero v\u00fdjime\u010dn\u00fdm?<\/strong><\/h2>\n<ul>\n<li data-start=\"2855\" data-end=\"2918\">\n<p data-start=\"2857\" data-end=\"2918\"><strong data-start=\"2857\" data-end=\"2893\">4-v-1 nastaviteln\u00e9 syst\u00e9m p\u0159\u00edchut\u00ed<\/strong> pro okam\u017eitou zm\u011bnu.<\/p>\n<\/li>\n<li data-start=\"2919\" data-end=\"2981\">\n<p data-start=\"2921\" data-end=\"2981\"><strong data-start=\"2921\" data-end=\"2944\">celkov\u00e1 kapacita 60 mL<\/strong> (15 mL \u00d7 4 n\u00e1dr\u017ee) pro prodlou\u017een\u00e9 pou\u017eit\u00ed.<\/p>\n<\/li>\n<li data-start=\"2982\" data-end=\"3040\">\n<p data-start=\"2984\" data-end=\"3040\"><strong data-start=\"2984\" data-end=\"3005\">Oh\u0159ev pomoc\u00ed s\u00ed\u0165ov\u00e9 c\u00edvky<\/strong> pro stabiln\u00ed, bohat\u00fd v\u00fdstup chuti.<\/p>\n<\/li>\n<li data-start=\"3041\" data-end=\"3094\">\n<p data-start=\"3043\" data-end=\"3094\"><strong data-start=\"3043\" data-end=\"3066\">650mAh dob\u00edjec\u00ed<\/strong> baterie s portem Type-C.<\/p>\n<\/li>\n<li data-start=\"3095\" data-end=\"3150\">\n<p data-start=\"3097\" data-end=\"3150\"><strong data-start=\"3097\" data-end=\"3112\">LCD displej<\/strong> ukazuje baterii a aktivn\u00ed p\u0159\u00edchu\u0165.<\/p>\n<\/li>\n<li data-start=\"3151\" data-end=\"3214\">\n<p data-start=\"3153\" data-end=\"3214\"><strong data-start=\"3153\" data-end=\"3182\">balen\u00ed p\u0159ipraven\u00e9 k velkoobchodn\u00edmu prodeji<\/strong>, ide\u00e1ln\u00ed pro hromadnou distribuci.<\/p>\n<\/li>\n<li data-start=\"3215\" data-end=\"3294\">\n<p data-start=\"3217\" data-end=\"3294\"><strong data-start=\"3217\" data-end=\"3247\">EU Sklad Rychl\u00e9 Dod\u00e1n\u00ed<\/strong> s doru\u010den\u00edm za 3\u20137 dn\u00ed a bez dal\u0161\u00edch da\u0148ov\u00fdch poplatk\u016f.<\/p>\n<\/li>\n<\/ul>\n<figure id=\"attachment_4590\" aria-describedby=\"caption-attachment-4590\" style=\"width: 800px\" class=\"wp-caption alignnone\"><img decoding=\"async\" class=\"wp-image-4590 size-full\" src=\"https:\/\/vapestornado.com\/wp-content\/uploads\/2025\/11\/Airmez-FOX-4-IN-1-120000-Puff-Bar-EU-Warehouse.webp\" alt=\"Airmez FOX 4 IN 1 120000 Puf\u016f Bar EU Sklad\" width=\"800\" height=\"800\" srcset=\"https:\/\/vapestornado.com\/wp-content\/uploads\/2025\/11\/Airmez-FOX-4-IN-1-120000-Puff-Bar-EU-Warehouse.webp 800w, https:\/\/vapestornado.com\/wp-content\/uploads\/2025\/11\/Airmez-FOX-4-IN-1-120000-Puff-Bar-EU-Warehouse-300x300.webp 300w, https:\/\/vapestornado.com\/wp-content\/uploads\/2025\/11\/Airmez-FOX-4-IN-1-120000-Puff-Bar-EU-Warehouse-150x150.webp 150w, https:\/\/vapestornado.com\/wp-content\/uploads\/2025\/11\/Airmez-FOX-4-IN-1-120000-Puff-Bar-EU-Warehouse-768x768.webp 768w, https:\/\/vapestornado.com\/wp-content\/uploads\/2025\/11\/Airmez-FOX-4-IN-1-120000-Puff-Bar-EU-Warehouse-12x12.webp 12w, https:\/\/vapestornado.com\/wp-content\/uploads\/2025\/11\/Airmez-FOX-4-IN-1-120000-Puff-Bar-EU-Warehouse-600x600.webp 600w, https:\/\/vapestornado.com\/wp-content\/uploads\/2025\/11\/Airmez-FOX-4-IN-1-120000-Puff-Bar-EU-Warehouse-100x100.webp 100w\" sizes=\"(max-width: 800px) 100vw, 800px\" \/><figcaption id=\"caption-attachment-4590\" class=\"wp-caption-text\">Airmez FOX 4 IN 1 120000 Puf\u016f Bar EU Sklad<\/figcaption><\/figure>\n<div class=\"mceTemp\"><\/div>\n<h2><strong>Seznam p\u0159\u00edchut\u00ed AIRMEZ FOX 120000 Puf\u016f Jednor\u00e1zov\u00fdch Vape<\/strong><\/h2>\n<ol data-start=\"2106\" data-end=\"2809\">\n<li data-start=\"2106\" data-end=\"2191\">\n<p data-start=\"2109\" data-end=\"2191\">Jahoda Malina \/ Jahoda Kiwi \/ Jahoda Led \/ Broskev Mango Meloun<\/p>\n<\/li>\n<li data-start=\"2192\" data-end=\"2280\">\n<p data-start=\"2195\" data-end=\"2280\">Meloun Led \/ Jahoda Meloun \/ Malina Meloun \/ Bor\u016fvka Malina<\/p>\n<\/li>\n<li data-start=\"2281\" data-end=\"2345\">\n<p data-start=\"2284\" data-end=\"2345\">R\u016f\u017eov\u00e1 Limon\u00e1da \/ V\u00e1\u0161e\u0148 Polibek \/ M\u00edchan\u00e9 Bobule \/ T\u0159\u00edl\u00edstek Bobul\u00ed<\/p>\n<\/li>\n<li data-start=\"2346\" data-end=\"2396\">\n<p data-start=\"2349\" data-end=\"2396\">T\u0159e\u0161e\u0148 \/ Love 66 \/ Bobulov\u00e1 Limon\u00e1da \/ Hroznov\u00fd Led<\/p>\n<\/li>\n<li data-start=\"2397\" data-end=\"2465\">\n<p data-start=\"2400\" data-end=\"2465\">Mango Broskev \/ Tropick\u00e9 Ovoce \/ Broskev Led \/ Kysel\u00e1 Mango Ananas<\/p>\n<\/li>\n<li data-start=\"2466\" data-end=\"2528\">\n<p data-start=\"2469\" data-end=\"2528\">Hroznov\u00fd Led \/ Love 66 \/ Bor\u016fvka Na Led\u011b \/ Dra\u010d\u00ed Ovoce Led<\/p>\n<\/li>\n<li data-start=\"2529\" data-end=\"2596\">\n<p data-start=\"2532\" data-end=\"2596\">Love 66 \/ Cherry \/ Blueberry On Ice \/ Kiwi Passion Fruit Guava<\/p>\n<\/li>\n<li data-start=\"2597\" data-end=\"2654\">\n<p data-start=\"2600\" data-end=\"2654\">Peach Ice \/ Pink Lemonade \/ Watermelon Ice \/ Dr Blue<\/p>\n<\/li>\n<li data-start=\"2655\" data-end=\"2720\">\n<p data-start=\"2658\" data-end=\"2720\">Red Mojito \/ Love 66 \/ M\u00edchan\u00e9 bobule \/ Jahoda Watermelon<\/p>\n<\/li>\n<li data-start=\"2721\" data-end=\"2809\">\n<p data-start=\"2725\" data-end=\"2809\">Peach Mango Watermelon \/ Blueberry Cherry \/ Watermelon Dragon Fruit \/ Passion Kiss<\/p>\n<\/li>\n<\/ol>\n<h2>Pro\u010d si vybrat Vapestornado pro n\u00e1kup jednor\u00e1zov\u00fdch vaporiz\u00e9r\u016f online?<\/h2>\n<div class=\"flex-shrink-0 flex flex-col relative items-end\">\n<div class=\"pt-0\">\n<div class=\"gizmo-bot-avatar flex h-8 w-8 items-center justify-center overflow-hidden rounded-full\">\n<div class=\"relative p-1 rounded-sm flex items-center justify-center bg-token-main-surface-primary text-token-text-primary h-8 w-8\">\n<p data-start=\"648\" data-end=\"799\">V\u00fdb\u011br <strong data-start=\"189\" data-end=\"205\">Vapestornado<\/strong> jako v\u00e1\u0161 dodavatel pro <strong data-start=\"227\" data-end=\"261\">Elf Bar Moon Night 40000 Ploch<\/strong> znamen\u00e1 zajistit partnera, kter\u00fd rozum\u00ed pot\u0159eb\u00e1m velkoobchodn\u00edk\u016f a maloobchodn\u00edk\u016f v \u010cesk\u00e9 republice. Zam\u011b\u0159ujeme se na rychl\u00e9 dod\u00e1n\u00ed, ov\u011b\u0159en\u00e9 skladov\u00e9 z\u00e1soby a stabiln\u00ed dlouhodob\u00e9 dod\u00e1vky\u2014kl\u00ed\u010dov\u00e9 faktory pro podniky prod\u00e1vaj\u00edc\u00ed produkty ve vysok\u00e9m objemu, jako je <strong data-start=\"489\" data-end=\"515\">Elf Bar Moon Night 40K<\/strong>. Ka\u017ed\u00e1 \u0161ar\u017ee je z\u00edsk\u00e1v\u00e1na p\u0159\u00edmo z certifikovan\u00fdch kan\u00e1l\u016f, co\u017e zaji\u0161\u0165uje autentick\u00e9 produkty, silnou konzistenci chuti a spolehlivou kvalitu, kter\u00e1 spl\u0148uje o\u010dek\u00e1v\u00e1n\u00ed kupuj\u00edc\u00edch v \u010cesk\u00e9 republice.<\/p>\n<p data-start=\"559\" data-end=\"933\" data-is-last-node=\"\" data-is-only-node=\"\">M\u00e1me tak\u00e9 dal\u0161\u00ed obl\u00edbenou jednor\u00e1zovou vaporiz\u00e9r s displejem, nap\u0159\u00edklad <a href=\"https:\/\/vapestornado.com\/cs\/product\/hifancy-dream-45k-45000-puffs-disposable-vape-kit-fast-shipping-from-eu-warehouse\/\">Hifancy Dream 45k vape<\/a>, <a href=\"https:\/\/vapestornado.com\/cs\/product\/elf-bar-moon-night-40000-puffs-disposable-vape-germany-wholesale\/\">ELF BAR Moon Night 40000 Vape<\/a>, <a href=\"https:\/\/vapestornado.com\/cs\/product\/uor-120000-puff-120k-4-flavors-rechargeable-disposable-vape-shop-online\/\">UOR 120000 PUFF 4 v 1<\/a>, a dal\u0161\u00ed.<\/p>\n<p data-start=\"559\" data-end=\"933\" data-is-last-node=\"\" data-is-only-node=\"\">\n<\/div>\n<h2>\u010cASTO KLADEN\u00c9 DOTAZY o AIRMEZ FOX 120000 Puffs<\/h2>\n<div class=\"relative p-1 rounded-sm flex items-center justify-center bg-token-main-surface-primary text-token-text-primary h-8 w-8\">\n<p data-start=\"3330\" data-end=\"3457\"><strong data-start=\"3330\" data-end=\"3387\">1. Jak p\u0159epnu p\u0159\u00edchu\u0165 na AIRMEZ FOX 120000?<\/strong><br data-start=\"3387\" data-end=\"3390\" \/>Zvedn\u011bte a oto\u010dte horn\u00ed kap\u00e1tko pro zm\u011bnu na dal\u0161\u00ed n\u00e1dr\u017eku s p\u0159\u00edchut\u00ed.<\/p>\n<p data-start=\"3459\" data-end=\"3562\"><strong data-start=\"3459\" data-end=\"3502\">2. Je AIRMEZ FOX 120k dob\u00edjec\u00ed?<\/strong><br data-start=\"3502\" data-end=\"3505\" \/>Ano, pou\u017e\u00edv\u00e1 port Type-C a intern\u00ed baterii o kapacit\u011b 650mAh.<\/p>\n<p data-start=\"3564\" data-end=\"3691\"><strong data-start=\"3564\" data-end=\"3612\">3. Kolik pot\u00e1hnut\u00ed poskytne ka\u017ed\u00e1 p\u0159\u00edchu\u0165?<\/strong><br data-start=\"3612\" data-end=\"3615\" \/>Ka\u017ed\u00e1 n\u00e1dr\u017eka nab\u00edz\u00ed p\u0159ibli\u017en\u011b 30 000 pot\u00e1hnut\u00ed, celkem asi 120 000.<\/p>\n<p data-start=\"3693\" data-end=\"3813\"><strong data-start=\"3693\" data-end=\"3743\">4. Zobrazuje chytr\u00e1 obrazovka \u00farove\u0148 e-liquidu?<\/strong><br data-start=\"3743\" data-end=\"3746\" \/>Ano, LCD obrazovka ukazuje stav baterie a aktivn\u00ed p\u0159\u00edchu\u0165.<\/p>\n<p data-start=\"3815\" data-end=\"3944\"><strong data-start=\"3815\" data-end=\"3866\">5. Mohu objednat AIRMEZ FOX 120000 ze skladu v EU?<\/strong><br data-start=\"3866\" data-end=\"3869\" \/>Ano, n\u00e1\u0161 <strong data-start=\"3878\" data-end=\"3899\">Obchod EU Sklad<\/strong> Servis doru\u010duje do 3\u20137 dn\u016f po cel\u00e9 Evrop\u011b.<\/p>\n<\/div>\n<\/div>\n<\/div>\n<\/div>","protected":false},"excerpt":{"rendered":"<article class=\"text-token-text-primary w-full focus:outline-none [--shadow-height:45px] has-data-writing-block:pointer-events-none has-data-writing-block:-mt-(--shadow-height) has-data-writing-block:pt-(--shadow-height) [&amp;:has([data-writing-block])&gt;*]:pointer-events-auto [content-visibility:auto] supports-[content-visibility:auto]:[contain-intrinsic-size:auto_100lvh] scroll-mt-[calc(var(--header-height)+min(200px,max(70px,20svh)))]\" dir=\"auto\" tabindex=\"-1\" data-turn-id=\"86ca9d92-7a10-4e6b-bda0-15f9df36adca\" data-testid=\"conversation-turn-120\" data-scroll-anchor=\"true\" data-turn=\"assistant\">\n<div class=\"text-base my-auto mx-auto pb-10 [--thread-content-margin:--spacing(4)] thread-sm:[--thread-content-margin:--spacing(6)] thread-lg:[--thread-content-margin:--spacing(16)] px-(--thread-content-margin)\">\n<div class=\"[--thread-content-max-width:40rem] thread-lg:[--thread-content-max-width:48rem] mx-auto max-w-(--thread-content-max-width) flex-1 group\/turn-messages focus-visible:outline-hidden relative flex w-full min-w-0 flex-col agent-turn\" tabindex=\"-1\">\n<div class=\"flex max-w-full flex-col grow\">\n<div class=\"min-h-8 text-message relative flex w-full flex-col items-end gap-2 text-start break-words whitespace-normal [.text-message+&amp;]:mt-1\" dir=\"auto\" data-message-author-role=\"assistant\" data-message-id=\"43b070d6-bf28-4fbe-8049-1032a61ea3ac\" data-message-model-slug=\"gpt-5\">\n<div class=\"flex w-full flex-col gap-1 empty:hidden first:pt-[1px]\">\n<div class=\"markdown prose dark:prose-invert w-full break-words light markdown-new-styling\">\n<article class=\"text-token-text-primary w-full focus:outline-none [--shadow-height:45px] has-data-writing-block:pointer-events-none has-data-writing-block:-mt-(--shadow-height) has-data-writing-block:pt-(--shadow-height) [&amp;:has([data-writing-block])&gt;*]:pointer-events-auto [content-visibility:auto] supports-[content-visibility:auto]:[contain-intrinsic-size:auto_100lvh] scroll-mt-[calc(var(--header-height)+min(200px,max(70px,20svh)))]\" dir=\"auto\" tabindex=\"-1\" data-turn-id=\"4d6f00b8-d41a-438b-8912-05a895842882\" data-testid=\"conversation-turn-130\" data-scroll-anchor=\"true\" data-turn=\"assistant\">\n<div class=\"text-base my-auto mx-auto pb-10 [--thread-content-margin:--spacing(4)] thread-sm:[--thread-content-margin:--spacing(6)] thread-lg:[--thread-content-margin:--spacing(16)] px-(--thread-content-margin)\">\n<div class=\"[--thread-content-max-width:40rem] thread-lg:[--thread-content-max-width:48rem] mx-auto max-w-(--thread-content-max-width) flex-1 group\/turn-messages focus-visible:outline-hidden relative flex w-full min-w-0 flex-col agent-turn\" tabindex=\"-1\">\n<div class=\"flex max-w-full flex-col grow\">\n<div class=\"min-h-8 text-message relative flex w-full flex-col items-end gap-2 text-start break-words whitespace-normal [.text-message+&amp;]:mt-1\" dir=\"auto\" data-message-author-role=\"assistant\" data-message-id=\"f3c520bf-c043-4392-87ea-b3bf1b3ae6d3\" data-message-model-slug=\"gpt-5-1\">\n<div class=\"flex w-full flex-col gap-1 empty:hidden first:pt-[1px]\">\n<div class=\"markdown prose dark:prose-invert w-full break-words light markdown-new-styling\">\n<p>AIRMEZ FOX 120000 Velk\u00fd Puff Jednor\u00e1zov\u00fd Vape \u2013 4 P\u0159\u00edchut\u011b 120k Za\u0159\u00edzen\u00ed s skladov\u00fdm skladem v EU<\/p>\n<p>AIRMEZ FOX 120k Nastaviteln\u00fd P\u0159\u00edchu\u0165ov\u00fd Vape \u2013 Velkoobchodn\u00ed objedn\u00e1vky p\u0159ipraven\u00e9 z EU skladu<\/p>\n<p>AIRMEZ FOX 120000 Puffs 4-v-1 Jednor\u00e1zov\u00e1 Pero \u2013 Dlouh\u00e1 \u017eivotnost 120k Vape pro velkoobchodn\u00ed z\u00e1kazn\u00edky<\/p>\n<\/div>\n<\/div>\n<\/div>\n<\/div>\n<\/div>\n<\/div>\n<\/article>\n<\/div>\n<\/div>\n<\/div>\n<\/div>\n<\/div>\n<\/div>\n<\/article>\n<p><img fetchpriority=\"high\" decoding=\"async\" class=\"size-full wp-image-2932\" src=\"https:\/\/vapestornado.com\/wp-content\/uploads\/2024\/12\/Vape-Wholesale.jpg\" alt=\"Velkoobchod s vape\" width=\"229\" height=\"300\" \/><\/p>\n<h3><a href=\"https:\/\/wa.me\/8617776015835\"><span style=\"color: #ff0000;\"><strong>WhatsApp: +86 17776015835<\/strong><\/span><\/a><\/h3>\n<p>&nbsp;<\/p>","protected":false},"featured_media":4595,"comment_status":"open","ping_status":"closed","template":"","meta":{"_acf_changed":false,"_uag_custom_page_level_css":"","_lmt_disableupdate":"no","_lmt_disable":"","_monsterinsights_skip_tracking":false,"_monsterinsights_sitenote_active":false,"_monsterinsights_sitenote_note":"","_monsterinsights_sitenote_category":0,"site-sidebar-layout":"default","site-content-layout":"","ast-site-content-layout":"default","site-content-style":"default","site-sidebar-style":"default","ast-global-header-display":"","ast-banner-title-visibility":"","ast-main-header-display":"","ast-hfb-above-header-display":"","ast-hfb-below-header-display":"","ast-hfb-mobile-header-display":"","site-post-title":"","ast-breadcrumbs-content":"","ast-featured-img":"","footer-sml-layout":"","ast-disable-related-posts":"","theme-transparent-header-meta":"default","adv-header-id-meta":"","stick-header-meta":"","header-above-stick-meta":"","header-main-stick-meta":"","header-below-stick-meta":"","astra-migrate-meta-layouts":"set","ast-page-background-enabled":"default","ast-page-background-meta":{"desktop":{"background-color":"","background-image":"","background-repeat":"repeat","background-position":"center center","background-size":"auto","background-attachment":"scroll","background-type":"","background-media":"","overlay-type":"","overlay-color":"","overlay-opacity":"","overlay-gradient":""},"tablet":{"background-color":"","background-image":"","background-repeat":"repeat","background-position":"center center","background-size":"auto","background-attachment":"scroll","background-type":"","background-media":"","overlay-type":"","overlay-color":"","overlay-opacity":"","overlay-gradient":""},"mobile":{"background-color":"","background-image":"","background-repeat":"repeat","background-position":"center center","background-size":"auto","background-attachment":"scroll","background-type":"","background-media":"","overlay-type":"","overlay-color":"","overlay-opacity":"","overlay-gradient":""}},"ast-content-background-meta":{"desktop":{"background-color":"var(--ast-global-color-5)","background-image":"","background-repeat":"repeat","background-position":"center center","background-size":"auto","background-attachment":"scroll","background-type":"","background-media":"","overlay-type":"","overlay-color":"","overlay-opacity":"","overlay-gradient":""},"tablet":{"background-color":"var(--ast-global-color-5)","background-image":"","background-repeat":"repeat","background-position":"center center","background-size":"auto","background-attachment":"scroll","background-type":"","background-media":"","overlay-type":"","overlay-color":"","overlay-opacity":"","overlay-gradient":""},"mobile":{"background-color":"var(--ast-global-color-5)","background-image":"","background-repeat":"repeat","background-position":"center center","background-size":"auto","background-attachment":"scroll","background-type":"","background-media":"","overlay-type":"","overlay-color":"","overlay-opacity":"","overlay-gradient":""}},"_joinchat":{"telephone":"17776015835"}},"product_brand":[],"product_cat":[347,149,150,151,157,146],"product_tag":[449,452,105,446,436,450,451],"class_list":{"0":"post-4596","1":"product","2":"type-product","3":"status-publish","4":"has-post-thumbnail","6":"product_cat-120000-puff","7":"product_cat-buy-disposable-vapes-in-austria","8":"product_cat-buy-disposable-vapes-in-belgium","9":"product_cat-buy-disposable-vapes-in-france","10":"product_cat-buy-disposable-vapes-in-portugal","11":"product_cat-rechargeable-disposable-vapes","12":"product_tag-airmez-fox-120000","13":"product_tag-airmez-fox-120k","14":"product_tag-digital-disposable-vape","15":"product_tag-disposable-vape-kit","16":"product_tag-shop-vape-online","17":"product_tag-vape-fast-shipping","18":"product_tag-vape-free-shipping","19":"desktop-align-left","20":"tablet-align-left","21":"mobile-align-left","23":"first","24":"instock","25":"sale","26":"shipping-taxable","27":"purchasable","28":"product-type-simple"},"acf":[],"uagb_featured_image_src":{"full":["https:\/\/vapestornado.com\/wp-content\/uploads\/2025\/11\/Airmez-Fox-Disposable-Vape-120k-Puffs-4-in-1-Vape.webp",800,800,false],"thumbnail":["https:\/\/vapestornado.com\/wp-content\/uploads\/2025\/11\/Airmez-Fox-Disposable-Vape-120k-Puffs-4-in-1-Vape-150x150.webp",150,150,true],"medium":["https:\/\/vapestornado.com\/wp-content\/uploads\/2025\/11\/Airmez-Fox-Disposable-Vape-120k-Puffs-4-in-1-Vape-300x300.webp",300,300,true],"medium_large":["https:\/\/vapestornado.com\/wp-content\/uploads\/2025\/11\/Airmez-Fox-Disposable-Vape-120k-Puffs-4-in-1-Vape-768x768.webp",768,768,true],"large":["https:\/\/vapestornado.com\/wp-content\/uploads\/2025\/11\/Airmez-Fox-Disposable-Vape-120k-Puffs-4-in-1-Vape.webp",800,800,false],"1536x1536":["https:\/\/vapestornado.com\/wp-content\/uploads\/2025\/11\/Airmez-Fox-Disposable-Vape-120k-Puffs-4-in-1-Vape.webp",800,800,false],"2048x2048":["https:\/\/vapestornado.com\/wp-content\/uploads\/2025\/11\/Airmez-Fox-Disposable-Vape-120k-Puffs-4-in-1-Vape.webp",800,800,false],"trp-custom-language-flag":["https:\/\/vapestornado.com\/wp-content\/uploads\/2025\/11\/Airmez-Fox-Disposable-Vape-120k-Puffs-4-in-1-Vape-12x12.webp",12,12,true],"woocommerce_thumbnail":["https:\/\/vapestornado.com\/wp-content\/uploads\/2025\/11\/Airmez-Fox-Disposable-Vape-120k-Puffs-4-in-1-Vape-300x300.webp",300,300,true],"woocommerce_single":["https:\/\/vapestornado.com\/wp-content\/uploads\/2025\/11\/Airmez-Fox-Disposable-Vape-120k-Puffs-4-in-1-Vape-600x600.webp",600,600,true],"woocommerce_gallery_thumbnail":["https:\/\/vapestornado.com\/wp-content\/uploads\/2025\/11\/Airmez-Fox-Disposable-Vape-120k-Puffs-4-in-1-Vape-100x100.webp",100,100,true]},"uagb_author_info":{"display_name":"ESAMY","author_link":"https:\/\/vapestornado.com\/cs\/author\/"},"uagb_comment_info":0,"uagb_excerpt":"AIRMEZ FOX 120000 Big Puff Disposable Vape \u2013 4-Flavour 120k Device with EU Warehouse Stock AIRMEZ FOX 120k Adjustable Flavor Vape \u2013 Bulk Orders Ready from EU Warehouse AIRMEZ FOX 120000 Puffs 4-in-1 Disposable Pen \u2013 Long-Life 120k Vape for Wholesale Buyers WhatsApp: +86 17776015835 &nbsp;","_links":{"self":[{"href":"https:\/\/vapestornado.com\/cs\/wp-json\/wp\/v2\/product\/4596","targetHints":{"allow":["GET"]}}],"collection":[{"href":"https:\/\/vapestornado.com\/cs\/wp-json\/wp\/v2\/product"}],"about":[{"href":"https:\/\/vapestornado.com\/cs\/wp-json\/wp\/v2\/types\/product"}],"replies":[{"embeddable":true,"href":"https:\/\/vapestornado.com\/cs\/wp-json\/wp\/v2\/comments?post=4596"}],"wp:featuredmedia":[{"embeddable":true,"href":"https:\/\/vapestornado.com\/cs\/wp-json\/wp\/v2\/media\/4595"}],"wp:attachment":[{"href":"https:\/\/vapestornado.com\/cs\/wp-json\/wp\/v2\/media?parent=4596"}],"wp:term":[{"taxonomy":"product_brand","embeddable":true,"href":"https:\/\/vapestornado.com\/cs\/wp-json\/wp\/v2\/product_brand?post=4596"},{"taxonomy":"product_cat","embeddable":true,"href":"https:\/\/vapestornado.com\/cs\/wp-json\/wp\/v2\/product_cat?post=4596"},{"taxonomy":"product_tag","embeddable":true,"href":"https:\/\/vapestornado.com\/cs\/wp-json\/wp\/v2\/product_tag?post=4596"}],"curies":[{"name":"wp","href":"https:\/\/api.w.org\/{rel}","templated":true}]}}