{"id":4588,"date":"2025-11-24T09:07:52","date_gmt":"2025-11-24T09:07:52","guid":{"rendered":"https:\/\/vapestornado.com\/?post_type=product&#038;p=4588"},"modified":"2025-11-24T09:18:30","modified_gmt":"2025-11-24T09:18:30","slug":"hifancy-space-50000-puff-50k-disposable-screen-vape-bulk-buy-cheap-price-online","status":"publish","type":"product","link":"https:\/\/vapestornado.com\/cs\/product\/hifancy-space-50000-puff-50k-disposable-screen-vape-bulk-buy-cheap-price-online\/","title":{"rendered":"HIFANCY SPACE 50000 Puff 50k Jednor\u00e1zov\u00e1 Vape s Displejem Velkoobchod Levn\u00e1 Cena Online"},"content":{"rendered":"<h2 data-pm-slice=\"1 1 []\">HIFANCY SPACE 50000 Puffs Jednor\u00e1zov\u00e1 Screen Vape \u2013 Velkoobchod EU sklad<\/h2>\n<p data-start=\"636\" data-end=\"1141\">Ten <strong data-start=\"640\" data-end=\"663\">HIFANCY SPACE 50000<\/strong> je navr\u017een pro kupuj\u00edc\u00ed, kte\u0159\u00ed cht\u011bj\u00ed stabiln\u00ed objem, siln\u00fd v\u00fdstup chuti a rychl\u00e9 dopln\u011bn\u00ed prost\u0159ednictv\u00edm spolehliv\u00e9ho doru\u010den\u00ed z EU skladu. Toto za\u0159\u00edzen\u00ed p\u0159in\u00e1\u0161\u00ed rovnov\u00e1hu, kterou velkoobchodn\u00edci hledaj\u00ed: kompaktn\u00ed t\u011blo, jasn\u00fd displej a <strong data-start=\"891\" data-end=\"909\">t\u0159\u00edda 50k puff\u016f<\/strong> hodnocen\u00ed, kter\u00e9 vyhovuje nep\u0159etr\u017eit\u00e9mu denn\u00edmu pou\u017eit\u00ed. The <strong data-start=\"953\" data-end=\"992\">650mAh baterie s rychl\u00fdm nab\u00edjen\u00edm Type-C<\/strong>sp\u00e1rovan\u00e1 s <strong data-start=\"1008\" data-end=\"1028\">syst\u00e9m mesh c\u00edvky<\/strong>, poskytuje opakovateln\u00fd v\u00fdkon p\u0159i ka\u017ed\u00e9m potahu, co\u017e z n\u011bj \u010din\u00ed spolehlivou volbu pro maloobchodn\u00ed obchody a distributory.<\/p>\n<p data-start=\"1143\" data-end=\"1568\">S <strong data-start=\"1150\" data-end=\"1173\">30mL p\u0159edpln\u011bn\u00e1 n\u00e1dr\u017e<\/strong> a mo\u017enosti v <strong data-start=\"1189\" data-end=\"1225\">2%, 3% a 5% s nikotinovou silou<\/strong> (z\u00e1visl\u00e9 na regionu), HIFANCY SPACE 50k odpov\u00edd\u00e1 preferenc\u00edm evropsk\u00e9 mu\u017esk\u00e9 skupiny 25\u201335 let \u2014 konzistentn\u00ed, siln\u00fd a p\u0159\u00edmo\u010dar\u00fd. The <strong data-start=\"1369\" data-end=\"1389\">rozhran\u00ed na displeji<\/strong> pom\u00e1h\u00e1 u\u017eivatel\u016fm sledovat v\u00fdkon a spot\u0159ebu, sni\u017euje zmatek a zvy\u0161uje spokojenost z\u00e1kazn\u00edk\u016f, zejm\u00e9na nov\u00fdch kupuj\u00edc\u00edch, kte\u0159\u00ed preferuj\u00ed jednoduchou a odolnou jednor\u00e1zovou vape sadu.<\/p>\n<p data-start=\"1570\" data-end=\"1918\">Jak popt\u00e1vka po velkoobchodn\u00edm prodeji jednor\u00e1zov\u00fdch vape st\u00e1le roste, <strong data-start=\"1629\" data-end=\"1652\">HIFANCY SPACE 50000<\/strong> se prezentuje jako vysoce hodnotn\u00fd produkt s konkurenceschopnou cenovou kategori\u00ed a stabiln\u00ed dod\u00e1vkou. Pokud ji\u017e skladujete <strong data-start=\"1776\" data-end=\"1797\">HiFancy Dream 45k<\/strong>, tento nov\u00fd model se dokonale hod\u00ed jako siln\u011bj\u0161\u00ed, 50k-\u0165uknut\u00ed vylep\u0161en\u00ed pro z\u00e1kazn\u00edky, kte\u0159\u00ed cht\u011bj\u00ed del\u0161\u00ed pou\u017e\u00edv\u00e1n\u00ed a chyt\u0159ej\u0161\u00ed za\u0159\u00edzen\u00ed.<\/p>\n<p data-start=\"666\" data-end=\"1235\"><strong style=\"font-size: 16px;\"><span style=\"color: #ff0000;\">P\u0159idejte si WhatsApp Amy a z\u00edskejte okam\u017eitou odpov\u011b\u010f a zv\u00fdhodn\u011bnou cenu!<\/span><\/strong><\/p>\n<p><img fetchpriority=\"high\" decoding=\"async\" class=\"size-full wp-image-2932\" src=\"https:\/\/vapestornado.com\/wp-content\/uploads\/2024\/12\/Vape-Wholesale.jpg\" alt=\"Velkoobchod s vape\" width=\"229\" height=\"300\" \/><\/p>\n<h3><a href=\"https:\/\/wa.me\/8617776015835\" target=\"_blank\" rel=\"noopener\"><span style=\"color: #ff0000;\"><strong>WhatsApp: +86 17776015835<\/strong><\/span><\/a><\/h3>\n<p>&nbsp;<\/p>\n<h2><strong>Co d\u011bl\u00e1 HIFANCY SPACE 50000 Puff Disposable Vape Pen v\u00fdjime\u010dn\u00fdm?<\/strong><\/h2>\n<ul data-start=\"2287\" data-end=\"2712\">\n<li data-start=\"2287\" data-end=\"2351\">\n<p data-start=\"2289\" data-end=\"2351\"><strong data-start=\"2289\" data-end=\"2317\">V\u00fdstup t\u0159\u00eddy 50 000 \u0165uknut\u00ed<\/strong> navr\u017een pro dlouhodob\u00e9 pou\u017eit\u00ed.<\/p>\n<\/li>\n<li data-start=\"2352\" data-end=\"2426\">\n<p data-start=\"2354\" data-end=\"2426\"><strong data-start=\"2354\" data-end=\"2381\">Kapacita p\u0159edpln\u011bn\u00e9ho 30 mL<\/strong>, neplniteln\u00e9 pro bez\u00fanikov\u00fd v\u00fdkon.<\/p>\n<\/li>\n<li data-start=\"2427\" data-end=\"2497\">\n<p data-start=\"2429\" data-end=\"2497\"><strong data-start=\"2429\" data-end=\"2447\">Baterie 650 mAh<\/strong> s rychl\u00fdm nab\u00edjen\u00edm Type-C (p\u0159ibli\u017en\u011b 30 minut).<\/p>\n<\/li>\n<li data-start=\"2498\" data-end=\"2563\">\n<p data-start=\"2500\" data-end=\"2563\"><strong data-start=\"2500\" data-end=\"2521\">Oh\u0159ev pomoc\u00ed s\u00ed\u0165ov\u00e9 c\u00edvky<\/strong> pro jednotn\u00fd chu\u0165ov\u00fd z\u00e1\u017eitek a hladkou aerosoli.<\/p>\n<\/li>\n<li data-start=\"2564\" data-end=\"2633\">\n<p data-start=\"2566\" data-end=\"2633\"><strong data-start=\"2566\" data-end=\"2596\">V\u00edce nikotinov\u00fdch sil<\/strong> pro spln\u011bn\u00ed po\u017eadavk\u016f regionu EU.<\/p>\n<\/li>\n<li data-start=\"2634\" data-end=\"2712\">\n<p data-start=\"2636\" data-end=\"2712\"><strong data-start=\"2636\" data-end=\"2666\">Velkoobchodn\u00ed balen\u00ed 10 kus\u016f<\/strong>, podporovanou <strong data-start=\"2681\" data-end=\"2711\">Rychl\u00e1 doprava z EU skladu<\/strong>.<\/p>\n<\/li>\n<\/ul>\n<figure id=\"attachment_4583\" aria-describedby=\"caption-attachment-4583\" style=\"width: 300px\" class=\"wp-caption alignnone\"><img decoding=\"async\" class=\"size-medium wp-image-4583\" src=\"https:\/\/vapestornado.com\/wp-content\/uploads\/2025\/11\/HIFANCY-50k-50000-Puff-Disposable-Vape-Pod-300x300.webp\" alt=\"HIFANCY 50k 50000 Puff Disposable Vape Pod\" width=\"300\" height=\"300\" srcset=\"https:\/\/vapestornado.com\/wp-content\/uploads\/2025\/11\/HIFANCY-50k-50000-Puff-Disposable-Vape-Pod-300x300.webp 300w, https:\/\/vapestornado.com\/wp-content\/uploads\/2025\/11\/HIFANCY-50k-50000-Puff-Disposable-Vape-Pod-150x150.webp 150w, https:\/\/vapestornado.com\/wp-content\/uploads\/2025\/11\/HIFANCY-50k-50000-Puff-Disposable-Vape-Pod-768x768.webp 768w, https:\/\/vapestornado.com\/wp-content\/uploads\/2025\/11\/HIFANCY-50k-50000-Puff-Disposable-Vape-Pod-12x12.webp 12w, https:\/\/vapestornado.com\/wp-content\/uploads\/2025\/11\/HIFANCY-50k-50000-Puff-Disposable-Vape-Pod-600x600.webp 600w, https:\/\/vapestornado.com\/wp-content\/uploads\/2025\/11\/HIFANCY-50k-50000-Puff-Disposable-Vape-Pod-100x100.webp 100w, https:\/\/vapestornado.com\/wp-content\/uploads\/2025\/11\/HIFANCY-50k-50000-Puff-Disposable-Vape-Pod.webp 800w\" sizes=\"(max-width: 300px) 100vw, 300px\" \/><figcaption id=\"caption-attachment-4583\" class=\"wp-caption-text\">HIFANCY 50k 50000 Puff Disposable Vape Pod<\/figcaption><\/figure>\n<h2><strong>Seznam p\u0159\u00edchut\u00ed HIFANCY SPACE 50000 Puff Disposables Vapes<\/strong><\/h2>\n<ol data-start=\"1965\" data-end=\"2239\">\n<li data-start=\"1965\" data-end=\"2017\">\n<p data-start=\"1968\" data-end=\"2017\">Lady Killa (Bor\u016fvka + Mango + Brusinka m\u00e1ta)<\/p>\n<\/li>\n<li data-start=\"2018\" data-end=\"2034\">\n<p data-start=\"2021\" data-end=\"2034\">Mix lesn\u00edch plod\u016f<\/p>\n<\/li>\n<li data-start=\"2035\" data-end=\"2060\">\n<p data-start=\"2038\" data-end=\"2060\">Malina Vodn\u00ed meloun<\/p>\n<\/li>\n<li data-start=\"2061\" data-end=\"2081\">\n<p data-start=\"2064\" data-end=\"2081\">Jahoda a kiwi<\/p>\n<\/li>\n<li data-start=\"2082\" data-end=\"2094\">\n<p data-start=\"2085\" data-end=\"2094\">L\u00e1ska 66<\/p>\n<\/li>\n<li data-start=\"2095\" data-end=\"2121\">\n<p data-start=\"2098\" data-end=\"2121\">Broskev Mango Ananas<\/p>\n<\/li>\n<li data-start=\"2122\" data-end=\"2172\">\n<p data-start=\"2125\" data-end=\"2172\">Sex na pl\u00e1\u017ei (Pomeran\u010d + Broskev + Bobule Rum)<\/p>\n<\/li>\n<li data-start=\"2173\" data-end=\"2202\">\n<p data-start=\"2176\" data-end=\"2202\">Kiwi Marakuja Guava<\/p>\n<\/li>\n<li data-start=\"2203\" data-end=\"2219\">\n<p data-start=\"2206\" data-end=\"2219\">Hroznov\u00fd v\u00fdbuch<\/p>\n<\/li>\n<li data-start=\"2220\" data-end=\"2239\">\n<p data-start=\"2224\" data-end=\"2239\">Bor\u016fvkov\u00fd led<\/p>\n<\/li>\n<\/ol>\n<h2>Pro\u010d si vybrat Vapestornado pro n\u00e1kup jednor\u00e1zov\u00fdch vaporiz\u00e9r\u016f online?<\/h2>\n<div class=\"flex-shrink-0 flex flex-col relative items-end\">\n<div class=\"pt-0\">\n<div class=\"gizmo-bot-avatar flex h-8 w-8 items-center justify-center overflow-hidden rounded-full\">\n<div class=\"relative p-1 rounded-sm flex items-center justify-center bg-token-main-surface-primary text-token-text-primary h-8 w-8\">\n<p data-start=\"648\" data-end=\"799\">V\u00fdb\u011br <strong data-start=\"189\" data-end=\"205\">Vapestornado<\/strong> jako v\u00e1\u0161 dodavatel pro <strong data-start=\"227\" data-end=\"261\">Elf Bar Moon Night 40000 Ploch<\/strong> znamen\u00e1 zajistit partnera, kter\u00fd rozum\u00ed pot\u0159eb\u00e1m velkoobchodn\u00edk\u016f a maloobchodn\u00edk\u016f v \u010cesk\u00e9 republice. Zam\u011b\u0159ujeme se na rychl\u00e9 dod\u00e1n\u00ed, ov\u011b\u0159en\u00e9 skladov\u00e9 z\u00e1soby a stabiln\u00ed dlouhodob\u00e9 dod\u00e1vky\u2014kl\u00ed\u010dov\u00e9 faktory pro podniky prod\u00e1vaj\u00edc\u00ed produkty ve vysok\u00e9m objemu, jako je <strong data-start=\"489\" data-end=\"515\">Elf Bar Moon Night 40K<\/strong>. Ka\u017ed\u00e1 \u0161ar\u017ee je z\u00edsk\u00e1v\u00e1na p\u0159\u00edmo z certifikovan\u00fdch kan\u00e1l\u016f, co\u017e zaji\u0161\u0165uje autentick\u00e9 produkty, silnou konzistenci chuti a spolehlivou kvalitu, kter\u00e1 spl\u0148uje o\u010dek\u00e1v\u00e1n\u00ed kupuj\u00edc\u00edch v \u010cesk\u00e9 republice.<\/p>\n<p data-start=\"559\" data-end=\"933\" data-is-last-node=\"\" data-is-only-node=\"\">M\u00e1me tak\u00e9 dal\u0161\u00ed obl\u00edbenou jednor\u00e1zovou vaporiz\u00e9r s displejem, nap\u0159\u00edklad <a href=\"https:\/\/vapestornado.com\/cs\/product\/uzy-150k-puffs-6-in-1-flavor-switch-disposable-vape-pen-wholesale\/\">UZY 150K Puf p\u0159ep\u00edn\u00e1n\u00ed p\u0159\u00edchut\u00ed vaporiz\u00e9r<\/a>, <a href=\"https:\/\/vapestornado.com\/cs\/product\/vozol-rave-40k-40000-puffs-disposable-vape-smart-screen-5-nicotine\/\">VOZOL RAVE 40K Jednor\u00e1zov\u00e1 vaporiz\u00e9r<\/a>, <a href=\"https:\/\/vapestornado.com\/cs\/product\/waspe-150k-150000-puff-6-in-1-disposable-vape-pen-cartridge-best-wholesale-price-in-poland\/\">WASPE 150K Puf 6 v 1<\/a>, a dal\u0161\u00ed.<\/p>\n<p data-start=\"559\" data-end=\"933\" data-is-last-node=\"\" data-is-only-node=\"\">\n<\/div>\n<h2>\u010casto kladen\u00e9 ot\u00e1zky o HIFANCY SPACE 50000 Puff<\/h2>\n<div class=\"relative p-1 rounded-sm flex items-center justify-center bg-token-main-surface-primary text-token-text-primary h-8 w-8\">\n<p data-start=\"2756\" data-end=\"2893\"><strong data-start=\"2756\" data-end=\"2804\">1. M\u016f\u017eete si vz\u00edt jednor\u00e1zov\u00e9 vaporiz\u00e9ry na letadlo?<\/strong><br data-start=\"2804\" data-end=\"2807\" \/>Ano, ale mus\u00ed j\u00edt v p\u0159\u00edru\u010dn\u00edm zavazadle, nikoli v odbaven\u00e9m zavazadle, a pravidla se li\u0161\u00ed podle leteck\u00e9 spole\u010dnosti.<\/p>\n<p data-start=\"2895\" data-end=\"3074\"><strong data-start=\"2895\" data-end=\"2931\">2. Jak funguj\u00ed jednor\u00e1zov\u00e9 vaporiz\u00e9ry?<\/strong><br data-start=\"2931\" data-end=\"2934\" \/>Jednor\u00e1zov\u00fd vaporiz\u00e9r pou\u017e\u00edv\u00e1 p\u0159edpln\u011bnou n\u00e1dr\u017eku, baterii a syst\u00e9m s\u00ed\u0165ov\u00fdch c\u00edvek k oh\u0159evu kapaliny a tvorb\u011b par bez nutnosti \u00fadr\u017eby.<\/p>\n<p data-start=\"3076\" data-end=\"3224\"><strong data-start=\"3076\" data-end=\"3139\">3. Jak pou\u017e\u00edvat jednor\u00e1zov\u00fd vaporiz\u00e9r jako HIFANCY SPACE 50k?<\/strong><br data-start=\"3139\" data-end=\"3142\" \/>Jednodu\u0161e odstra\u0148te obal a vdechujte; chytr\u00fd \u010dip automaticky aktivuje za\u0159\u00edzen\u00ed.<\/p>\n<p data-start=\"3226\" data-end=\"3398\"><strong data-start=\"3226\" data-end=\"3272\">4. Kde koupit jednor\u00e1zov\u00e9 vaporiz\u00e9ry v \u010cesk\u00e9 republice?<\/strong><br data-start=\"3272\" data-end=\"3275\" \/>V\u011bt\u0161ina kupuj\u00edc\u00edch nakupuje od licencovan\u00fdch obchod\u016f s vaporiz\u00e9ry nebo od velkoobchodn\u00edch dodavatel\u016f, kte\u0159\u00ed nab\u00edzej\u00ed <strong data-start=\"3346\" data-end=\"3376\">Rychl\u00e1 doprava z EU skladu<\/strong> pro rychlej\u0161\u00ed doru\u010den\u00ed.<\/p>\n<p data-start=\"3400\" data-end=\"3578\"><strong data-start=\"3400\" data-end=\"3476\">5. Stoj\u00ed za to vysokokapacitn\u00ed jednor\u00e1zov\u00e9 vaporiz\u00e9ry jako HIFANCY SPACE 50000?<\/strong><br data-start=\"3476\" data-end=\"3479\" \/>Pro u\u017eivatele, kte\u0159\u00ed cht\u011bj\u00ed dlouhou \u017eivotnost a stabiln\u00ed chu\u0165ov\u00fd v\u00fdkon, nab\u00edz\u00ed za\u0159\u00edzen\u00ed s kapacitou 50k vynikaj\u00edc\u00ed hodnotu.<\/p>\n<\/div>\n<\/div>\n<\/div>\n<\/div>","protected":false},"excerpt":{"rendered":"<article class=\"text-token-text-primary w-full focus:outline-none [--shadow-height:45px] has-data-writing-block:pointer-events-none has-data-writing-block:-mt-(--shadow-height) has-data-writing-block:pt-(--shadow-height) [&amp;:has([data-writing-block])&gt;*]:pointer-events-auto [content-visibility:auto] supports-[content-visibility:auto]:[contain-intrinsic-size:auto_100lvh] scroll-mt-[calc(var(--header-height)+min(200px,max(70px,20svh)))]\" dir=\"auto\" tabindex=\"-1\" data-turn-id=\"86ca9d92-7a10-4e6b-bda0-15f9df36adca\" data-testid=\"conversation-turn-120\" data-scroll-anchor=\"true\" data-turn=\"assistant\">\n<div class=\"text-base my-auto mx-auto pb-10 [--thread-content-margin:--spacing(4)] thread-sm:[--thread-content-margin:--spacing(6)] thread-lg:[--thread-content-margin:--spacing(16)] px-(--thread-content-margin)\">\n<div class=\"[--thread-content-max-width:40rem] thread-lg:[--thread-content-max-width:48rem] mx-auto max-w-(--thread-content-max-width) flex-1 group\/turn-messages focus-visible:outline-hidden relative flex w-full min-w-0 flex-col agent-turn\" tabindex=\"-1\">\n<div class=\"flex max-w-full flex-col grow\">\n<div class=\"min-h-8 text-message relative flex w-full flex-col items-end gap-2 text-start break-words whitespace-normal [.text-message+&amp;]:mt-1\" dir=\"auto\" data-message-author-role=\"assistant\" data-message-id=\"43b070d6-bf28-4fbe-8049-1032a61ea3ac\" data-message-model-slug=\"gpt-5\">\n<div class=\"flex w-full flex-col gap-1 empty:hidden first:pt-[1px]\">\n<div class=\"markdown prose dark:prose-invert w-full break-words light markdown-new-styling\">\n<article class=\"text-token-text-primary w-full focus:outline-none [--shadow-height:45px] has-data-writing-block:pointer-events-none has-data-writing-block:-mt-(--shadow-height) has-data-writing-block:pt-(--shadow-height) [&amp;:has([data-writing-block])&gt;*]:pointer-events-auto [content-visibility:auto] supports-[content-visibility:auto]:[contain-intrinsic-size:auto_100lvh] scroll-mt-[calc(var(--header-height)+min(200px,max(70px,20svh)))]\" dir=\"auto\" tabindex=\"-1\" data-turn-id=\"4d6f00b8-d41a-438b-8912-05a895842882\" data-testid=\"conversation-turn-130\" data-scroll-anchor=\"true\" data-turn=\"assistant\">\n<div class=\"text-base my-auto mx-auto pb-10 [--thread-content-margin:--spacing(4)] thread-sm:[--thread-content-margin:--spacing(6)] thread-lg:[--thread-content-margin:--spacing(16)] px-(--thread-content-margin)\">\n<div class=\"[--thread-content-max-width:40rem] thread-lg:[--thread-content-max-width:48rem] mx-auto max-w-(--thread-content-max-width) flex-1 group\/turn-messages focus-visible:outline-hidden relative flex w-full min-w-0 flex-col agent-turn\" tabindex=\"-1\">\n<div class=\"flex max-w-full flex-col grow\">\n<div class=\"min-h-8 text-message relative flex w-full flex-col items-end gap-2 text-start break-words whitespace-normal [.text-message+&amp;]:mt-1\" dir=\"auto\" data-message-author-role=\"assistant\" data-message-id=\"f3c520bf-c043-4392-87ea-b3bf1b3ae6d3\" data-message-model-slug=\"gpt-5-1\">\n<div class=\"flex w-full flex-col gap-1 empty:hidden first:pt-[1px]\">\n<div class=\"markdown prose dark:prose-invert w-full break-words light markdown-new-styling\">\n<p data-start=\"280\" data-end=\"360\"><strong data-start=\"280\" data-end=\"358\">HIFANCY SPACE 50000 Screen Vape \u2013 Jednor\u00e1zov\u00e1 sada s 50k d\u00e1vkami s EU rychl\u00fdm doru\u010den\u00edm<\/strong><\/p>\n<p data-start=\"364\" data-end=\"456\"><strong data-start=\"364\" data-end=\"454\">HIFANCY SPACE 50k Jednor\u00e1zov\u00e1 vape sada pro velkoobchodn\u00edky \u2013 Siln\u00e1 p\u0159\u00edchu\u0165, N\u00edzk\u00e1 cena<\/strong><\/p>\n<p data-start=\"460\" data-end=\"550\"><strong data-start=\"460\" data-end=\"550\">Hromadn\u00fd n\u00e1kup HIFANCY SPACE 50000 Puffs \u2013 Rychl\u00e9 doru\u010den\u00ed z EU skladu, levn\u00fd velkoobchod<\/strong><\/p>\n<\/div>\n<\/div>\n<\/div>\n<\/div>\n<\/div>\n<\/div>\n<\/article>\n<div class=\"pointer-events-none h-px w-px\" aria-hidden=\"true\" data-edge=\"true\"><\/div>\n<\/div>\n<\/div>\n<\/div>\n<\/div>\n<\/div>\n<\/div>\n<\/article>\n<p><img fetchpriority=\"high\" decoding=\"async\" class=\"size-full wp-image-2932\" src=\"https:\/\/vapestornado.com\/wp-content\/uploads\/2024\/12\/Vape-Wholesale.jpg\" alt=\"Velkoobchod s vape\" width=\"229\" height=\"300\" \/><\/p>\n<h3><a href=\"https:\/\/wa.me\/8617776015835\"><span style=\"color: #ff0000;\"><strong>WhatsApp: +86 17776015835<\/strong><\/span><\/a><\/h3>\n<p>&nbsp;<\/p>","protected":false},"featured_media":4584,"comment_status":"open","ping_status":"closed","template":"","meta":{"_acf_changed":false,"_uag_custom_page_level_css":"","_lmt_disableupdate":"no","_lmt_disable":"","_monsterinsights_skip_tracking":false,"_monsterinsights_sitenote_active":false,"_monsterinsights_sitenote_note":"","_monsterinsights_sitenote_category":0,"site-sidebar-layout":"default","site-content-layout":"","ast-site-content-layout":"default","site-content-style":"default","site-sidebar-style":"default","ast-global-header-display":"","ast-banner-title-visibility":"","ast-main-header-display":"","ast-hfb-above-header-display":"","ast-hfb-below-header-display":"","ast-hfb-mobile-header-display":"","site-post-title":"","ast-breadcrumbs-content":"","ast-featured-img":"","footer-sml-layout":"","ast-disable-related-posts":"","theme-transparent-header-meta":"default","adv-header-id-meta":"","stick-header-meta":"","header-above-stick-meta":"","header-main-stick-meta":"","header-below-stick-meta":"","astra-migrate-meta-layouts":"set","ast-page-background-enabled":"default","ast-page-background-meta":{"desktop":{"background-color":"","background-image":"","background-repeat":"repeat","background-position":"center center","background-size":"auto","background-attachment":"scroll","background-type":"","background-media":"","overlay-type":"","overlay-color":"","overlay-opacity":"","overlay-gradient":""},"tablet":{"background-color":"","background-image":"","background-repeat":"repeat","background-position":"center center","background-size":"auto","background-attachment":"scroll","background-type":"","background-media":"","overlay-type":"","overlay-color":"","overlay-opacity":"","overlay-gradient":""},"mobile":{"background-color":"","background-image":"","background-repeat":"repeat","background-position":"center center","background-size":"auto","background-attachment":"scroll","background-type":"","background-media":"","overlay-type":"","overlay-color":"","overlay-opacity":"","overlay-gradient":""}},"ast-content-background-meta":{"desktop":{"background-color":"var(--ast-global-color-5)","background-image":"","background-repeat":"repeat","background-position":"center center","background-size":"auto","background-attachment":"scroll","background-type":"","background-media":"","overlay-type":"","overlay-color":"","overlay-opacity":"","overlay-gradient":""},"tablet":{"background-color":"var(--ast-global-color-5)","background-image":"","background-repeat":"repeat","background-position":"center center","background-size":"auto","background-attachment":"scroll","background-type":"","background-media":"","overlay-type":"","overlay-color":"","overlay-opacity":"","overlay-gradient":""},"mobile":{"background-color":"var(--ast-global-color-5)","background-image":"","background-repeat":"repeat","background-position":"center center","background-size":"auto","background-attachment":"scroll","background-type":"","background-media":"","overlay-type":"","overlay-color":"","overlay-opacity":"","overlay-gradient":""}},"_joinchat":{"telephone":"17776015835"}},"product_brand":[],"product_cat":[192,149,150,151,157,146],"product_tag":[105,446,447,448,436,268,445],"class_list":{"0":"post-4588","1":"product","2":"type-product","3":"status-publish","4":"has-post-thumbnail","6":"product_cat-50000-puff","7":"product_cat-buy-disposable-vapes-in-austria","8":"product_cat-buy-disposable-vapes-in-belgium","9":"product_cat-buy-disposable-vapes-in-france","10":"product_cat-buy-disposable-vapes-in-portugal","11":"product_cat-rechargeable-disposable-vapes","12":"product_tag-digital-disposable-vape","13":"product_tag-disposable-vape-kit","14":"product_tag-hifancy-space-50000","15":"product_tag-hifancy-space-50k","16":"product_tag-shop-vape-online","17":"product_tag-touch-screen-vape","18":"product_tag-vape-eu-warehouse-fast-shipping","19":"desktop-align-left","20":"tablet-align-left","21":"mobile-align-left","23":"first","24":"instock","25":"sale","26":"shipping-taxable","27":"purchasable","28":"product-type-simple"},"acf":[],"uagb_featured_image_src":{"full":["https:\/\/vapestornado.com\/wp-content\/uploads\/2025\/11\/HIFANCY-50000-50k-Puff-Disposable-Vape-Wholesale.webp",800,800,false],"thumbnail":["https:\/\/vapestornado.com\/wp-content\/uploads\/2025\/11\/HIFANCY-50000-50k-Puff-Disposable-Vape-Wholesale-150x150.webp",150,150,true],"medium":["https:\/\/vapestornado.com\/wp-content\/uploads\/2025\/11\/HIFANCY-50000-50k-Puff-Disposable-Vape-Wholesale-300x300.webp",300,300,true],"medium_large":["https:\/\/vapestornado.com\/wp-content\/uploads\/2025\/11\/HIFANCY-50000-50k-Puff-Disposable-Vape-Wholesale-768x768.webp",768,768,true],"large":["https:\/\/vapestornado.com\/wp-content\/uploads\/2025\/11\/HIFANCY-50000-50k-Puff-Disposable-Vape-Wholesale.webp",800,800,false],"1536x1536":["https:\/\/vapestornado.com\/wp-content\/uploads\/2025\/11\/HIFANCY-50000-50k-Puff-Disposable-Vape-Wholesale.webp",800,800,false],"2048x2048":["https:\/\/vapestornado.com\/wp-content\/uploads\/2025\/11\/HIFANCY-50000-50k-Puff-Disposable-Vape-Wholesale.webp",800,800,false],"trp-custom-language-flag":["https:\/\/vapestornado.com\/wp-content\/uploads\/2025\/11\/HIFANCY-50000-50k-Puff-Disposable-Vape-Wholesale-12x12.webp",12,12,true],"woocommerce_thumbnail":["https:\/\/vapestornado.com\/wp-content\/uploads\/2025\/11\/HIFANCY-50000-50k-Puff-Disposable-Vape-Wholesale-300x300.webp",300,300,true],"woocommerce_single":["https:\/\/vapestornado.com\/wp-content\/uploads\/2025\/11\/HIFANCY-50000-50k-Puff-Disposable-Vape-Wholesale-600x600.webp",600,600,true],"woocommerce_gallery_thumbnail":["https:\/\/vapestornado.com\/wp-content\/uploads\/2025\/11\/HIFANCY-50000-50k-Puff-Disposable-Vape-Wholesale-100x100.webp",100,100,true]},"uagb_author_info":{"display_name":"ESAMY","author_link":"https:\/\/vapestornado.com\/cs\/author\/"},"uagb_comment_info":0,"uagb_excerpt":"HIFANCY SPACE 50000 Screen Vape \u2013 50k Disposable Kit with EU Fast Shipping HIFANCY SPACE 50k Disposable Vape Kit for Wholesale Buyers \u2013 Strong Flavour, Low Price Bulk Buy HIFANCY SPACE 50000 Puffs \u2013 EU Warehouse Fast Delivery, Cheap Wholesale WhatsApp: +86 17776015835 &nbsp;","_links":{"self":[{"href":"https:\/\/vapestornado.com\/cs\/wp-json\/wp\/v2\/product\/4588","targetHints":{"allow":["GET"]}}],"collection":[{"href":"https:\/\/vapestornado.com\/cs\/wp-json\/wp\/v2\/product"}],"about":[{"href":"https:\/\/vapestornado.com\/cs\/wp-json\/wp\/v2\/types\/product"}],"replies":[{"embeddable":true,"href":"https:\/\/vapestornado.com\/cs\/wp-json\/wp\/v2\/comments?post=4588"}],"wp:featuredmedia":[{"embeddable":true,"href":"https:\/\/vapestornado.com\/cs\/wp-json\/wp\/v2\/media\/4584"}],"wp:attachment":[{"href":"https:\/\/vapestornado.com\/cs\/wp-json\/wp\/v2\/media?parent=4588"}],"wp:term":[{"taxonomy":"product_brand","embeddable":true,"href":"https:\/\/vapestornado.com\/cs\/wp-json\/wp\/v2\/product_brand?post=4588"},{"taxonomy":"product_cat","embeddable":true,"href":"https:\/\/vapestornado.com\/cs\/wp-json\/wp\/v2\/product_cat?post=4588"},{"taxonomy":"product_tag","embeddable":true,"href":"https:\/\/vapestornado.com\/cs\/wp-json\/wp\/v2\/product_tag?post=4588"}],"curies":[{"name":"wp","href":"https:\/\/api.w.org\/{rel}","templated":true}]}}