{"id":4582,"date":"2025-11-20T09:22:11","date_gmt":"2025-11-20T09:22:11","guid":{"rendered":"https:\/\/vapestornado.com\/?post_type=product&#038;p=4582"},"modified":"2025-11-20T09:36:36","modified_gmt":"2025-11-20T09:36:36","slug":"hifancy-dream-45k-45000-puffs-disposable-vape-kit-fast-shipping-from-eu-warehouse","status":"publish","type":"product","link":"https:\/\/vapestornado.com\/cs\/product\/hifancy-dream-45k-45000-puffs-disposable-vape-kit-fast-shipping-from-eu-warehouse\/","title":{"rendered":"HiFancy Dream 45k 45000 Puffs Jednor\u00e1zov\u00e1 Vape Sada Rychl\u00e9 dod\u00e1n\u00ed z EU skladu"},"content":{"rendered":"<h2 data-pm-slice=\"1 1 []\">HiFancy Dream 45k 45000 Puffs Jednor\u00e1zov\u00e1 Vape Sada \u2014 Rychl\u00e9 dod\u00e1n\u00ed z EU skladu<\/h2>\n<p data-start=\"522\" data-end=\"892\">Ten <strong data-start=\"526\" data-end=\"547\">HiFancy Dream 45k<\/strong> je ur\u010dena pro prodejce, kte\u0159\u00ed pot\u0159ebuj\u00ed spolehliv\u00e9 za\u0159\u00edzen\u00ed s vysokou kapacitou, kter\u00e9 odpov\u00edd\u00e1 popt\u00e1vce po rychle rostouc\u00edm trhu jednor\u00e1zov\u00fdch vaporiz\u00e9r\u016f v \u010cesk\u00e9 republice. P\u0159edstavuje se jako <strong data-start=\"704\" data-end=\"727\">Jednor\u00e1zov\u00e1 Vape Sada<\/strong> s p\u016fsobivou v\u00fddr\u017e\u00ed a stabiln\u00edm v\u00fdkonem, nab\u00edz\u00ed velkoobchodn\u00edk\u016fm spolehliv\u00fd produkt, kter\u00fd se rychle prod\u00e1v\u00e1 v \u010cesk\u00e9 republice, na Slovensku, v Polsku, N\u011bmecku a dal\u0161\u00edch regionech EU.<\/p>\n<p data-start=\"894\" data-end=\"1347\">Navr\u017eeno s <strong data-start=\"912\" data-end=\"925\">n\u00e1dr\u017e 39 ml<\/strong>, <strong data-start=\"927\" data-end=\"958\">650mAh dob\u00edjec\u00ed baterie<\/strong>, a <strong data-start=\"964\" data-end=\"984\">dvojit\u00e1 mesh spir\u00e1lka<\/strong>, <strong data-start=\"990\" data-end=\"1013\">HiFancy Dream 45000<\/strong> poskytuje \u010dist\u00fd chu\u0165ov\u00fd v\u00fdstup a silnou produkci par. S chytr\u00fdm <strong data-start=\"1085\" data-end=\"1118\">digit\u00e1ln\u00edm ukazatelem stavu baterie<\/strong>, u\u017eivatel\u00e9 v\u017edy v\u011bd\u00ed, kolik jim zb\u00fdv\u00e1 nabit\u00ed, co\u017e sni\u017euje st\u00ed\u017enosti a zvy\u0161uje ka\u017edodenn\u00ed spokojenost. Ultra vysok\u00fd po\u010det pot\u00e1hnut\u00ed a stabiln\u00ed syst\u00e9m proud\u011bn\u00ed vzduchu z n\u011bj \u010din\u00ed praktickou volbu pro vapery, kte\u0159\u00ed cht\u011bj\u00ed dlouhou \u017eivotnost bez komplikac\u00ed.<\/p>\n<p data-start=\"1349\" data-end=\"1737\">prodejci se s\u00eddlem v \u010cesk\u00e9 republice profituj\u00ed z <strong data-start=\"1381\" data-end=\"1421\">rychl\u00e9ho dod\u00e1n\u00ed vaporiz\u00e9r\u016f z EU skladu<\/strong>, co\u017e sni\u017euje \u010dekac\u00ed dobu a rizika spojen\u00e1 s dovozem. Design je vhodn\u00fd pro mu\u017ee ve v\u011bku 25\u201335 let, kte\u0159\u00ed hledaj\u00ed jednoduch\u00e9, v\u00fdkonn\u00e9 za\u0159\u00edzen\u00ed s konzistentn\u00edm dod\u00e1v\u00e1n\u00edm chuti. A\u0165 u\u017e va\u0161i z\u00e1kazn\u00edci preferuj\u00ed ovocn\u00e9 sm\u011bsi nebo ledov\u00e9 klasiky, <strong data-start=\"1637\" data-end=\"1658\">HiFancy Dream 45k<\/strong> z\u016fst\u00e1v\u00e1 hladk\u00fd od za\u010d\u00e1tku do konce d\u00edky sv\u00e9 struktu\u0159e odd\u011blen\u00ed j\u00e1dra oleje.<\/p>\n<p data-start=\"666\" data-end=\"1235\"><strong style=\"font-size: 16px;\"><span style=\"color: #ff0000;\">P\u0159idejte si WhatsApp Amy a z\u00edskejte okam\u017eitou odpov\u011b\u010f a zv\u00fdhodn\u011bnou cenu!<\/span><\/strong><\/p>\n<p><img fetchpriority=\"high\" decoding=\"async\" class=\"size-full wp-image-2932\" src=\"https:\/\/vapestornado.com\/wp-content\/uploads\/2024\/12\/Vape-Wholesale.jpg\" alt=\"Velkoobchod s vape\" width=\"229\" height=\"300\" \/><\/p>\n<h3><a href=\"https:\/\/wa.me\/8617776015835\" target=\"_blank\" rel=\"noopener\"><span style=\"color: #ff0000;\"><strong>WhatsApp: +86 17776015835<\/strong><\/span><\/a><\/h3>\n<p>&nbsp;<\/p>\n<h2><strong>Co d\u011bl\u00e1 HiFancy Dream 45k Puff Jednor\u00e1zovou Vape Pero V\u00fdjime\u010dn\u00fdm?<\/strong><\/h2>\n<ol data-start=\"246\" data-end=\"1434\">\n<li data-start=\"246\" data-end=\"361\">\n<p data-start=\"249\" data-end=\"361\"><strong data-start=\"249\" data-end=\"273\">Kapacita 45000 Puf\u016f<\/strong>: Poskytuje dlouhotrvaj\u00edc\u00ed v\u00fdkon bez nutnosti \u010dast\u00e9 v\u00fdm\u011bny za\u0159\u00edzen\u00ed.<\/p>\n<\/li>\n<li data-start=\"362\" data-end=\"503\">\n<p data-start=\"365\" data-end=\"503\"><strong data-start=\"365\" data-end=\"408\">Trojit\u00fd re\u017eimov\u00fd syst\u00e9m (ECO \/ Soft \/ Boost)<\/strong>: Umo\u017e\u0148uje u\u017eivatel\u016fm okam\u017eit\u011b p\u0159ep\u00ednat mezi re\u017eimy \u00faspory energie, plynul\u00e9ho nebo vysok\u00e9ho v\u00fdkonu.<\/p>\n<\/li>\n<li data-start=\"504\" data-end=\"611\">\n<p data-start=\"507\" data-end=\"611\"><strong data-start=\"507\" data-end=\"535\">Barevn\u00fd chytr\u00fd displej<\/strong>: Zobrazuje \u00farove\u0148 baterie a hladinu e-liquidu jasn\u011b pro snadn\u00e9 sledov\u00e1n\u00ed v re\u00e1ln\u00e9m \u010dase.<\/p>\n<\/li>\n<li data-start=\"612\" data-end=\"746\">\n<p data-start=\"615\" data-end=\"746\"><strong data-start=\"615\" data-end=\"637\">N\u00e1dr\u017e na e-liquid 20 mL<\/strong>: Poskytuje velk\u00fd z\u00e1sobn\u00edk pro zaji\u0161t\u011bn\u00ed konzistentn\u00ed chuti a v\u00fdstupu p\u00e1ry po celou dobu \u017eivotnosti za\u0159\u00edzen\u00ed.<\/p>\n<\/li>\n<li data-start=\"747\" data-end=\"859\">\n<p data-start=\"750\" data-end=\"859\"><strong data-start=\"750\" data-end=\"788\">Dob\u00edjec\u00ed baterie typu C 850mAh<\/strong>: Nab\u00edz\u00ed silnou v\u00fddr\u017e s rychl\u00fdm nab\u00edjen\u00edm pro celodenn\u00ed intenzivn\u00ed pou\u017e\u00edv\u00e1n\u00ed.<\/p>\n<\/li>\n<li data-start=\"860\" data-end=\"971\">\n<p data-start=\"863\" data-end=\"971\"><strong data-start=\"863\" data-end=\"891\">Dvouvrstv\u00e1 s\u00ed\u0165ov\u00e1 c\u00edvka<\/strong>: Zvy\u0161uje hustotu p\u00e1ry a zlep\u0161uje jasnost chuti pro bohat\u0161\u00ed a pln\u011bj\u0161\u00ed z\u00e1\u017eitek.<\/p>\n<\/li>\n<li data-start=\"972\" data-end=\"1099\">\n<p data-start=\"975\" data-end=\"1099\"><strong data-start=\"975\" data-end=\"1002\">V\u00edce mo\u017enost\u00ed p\u0159\u00edchut\u00ed<\/strong>: Nab\u00edz\u00ed rozmanitou \u0161k\u00e1lu ovocn\u00fdch, ledov\u00fdch a sladk\u00fdch sm\u011bs\u00ed, kter\u00e9 vyhovuj\u00ed r\u016fzn\u00fdm preferenc\u00edm.<\/p>\n<\/li>\n<li data-start=\"1100\" data-end=\"1223\">\n<p data-start=\"1103\" data-end=\"1223\"><strong data-start=\"1103\" data-end=\"1131\">Pr\u00e9miov\u00fd estetick\u00fd design<\/strong>: Vyrobeno s elegantn\u00edm, vysoce kvalitn\u00edm povrchem, kter\u00fd oslov\u00ed modern\u00ed a trendov\u00e9 u\u017eivatele.<\/p>\n<\/li>\n<li data-start=\"1224\" data-end=\"1319\">\n<p data-start=\"1227\" data-end=\"1319\"><strong data-start=\"1227\" data-end=\"1253\">Optimalizovan\u00e1 cesta proud\u011bn\u00ed vzduchu<\/strong>: Zaji\u0161\u0165uje hladk\u00e9, stabiln\u00ed tah\u00e1n\u00ed od prvn\u00edho po posledn\u00ed n\u00e1dech.<\/p>\n<\/li>\n<li data-start=\"1320\" data-end=\"1434\">\n<p data-start=\"1324\" data-end=\"1434\"><strong data-start=\"1324\" data-end=\"1348\">Chytr\u00fd v\u00fdstupn\u00ed \u010dipset<\/strong>: Udr\u017euje konzistentn\u00ed v\u00fdkon a dod\u00e1vku chuti b\u011bhem cel\u00e9ho cyklu vapov\u00e1n\u00ed.<\/p>\n<\/li>\n<\/ol>\n<h2><strong>Seznam p\u0159\u00edchut\u00ed jednor\u00e1zov\u00fdch vaporiz\u00e9r\u016f HiFancy Dream 45k Puffs<\/strong><\/h2>\n<h1 data-start=\"1744\" data-end=\"1781\"><\/h1>\n<ol data-start=\"1783\" data-end=\"2063\">\n<li data-start=\"1783\" data-end=\"1802\">\n<p data-start=\"1786\" data-end=\"1802\">Vodn\u00ed meloun s ledem<\/p>\n<\/li>\n<li data-start=\"1803\" data-end=\"1855\">\n<p data-start=\"1806\" data-end=\"1855\">Letn\u00ed sen (hroznov\u00e9 + pomeran\u010dov\u00e9 + citronov\u00e9 + Redbull)<\/p>\n<\/li>\n<li data-start=\"1856\" data-end=\"1869\">\n<p data-start=\"1859\" data-end=\"1869\">Cola Led<\/p>\n<\/li>\n<li data-start=\"1870\" data-end=\"1888\">\n<p data-start=\"1873\" data-end=\"1888\">Ledov\u00e1 modr\u00e1 malina<\/p>\n<\/li>\n<li data-start=\"1889\" data-end=\"1911\">\n<p data-start=\"1892\" data-end=\"1911\">Jahoda Ban\u00e1n<\/p>\n<\/li>\n<li data-start=\"1912\" data-end=\"1931\">\n<p data-start=\"1915\" data-end=\"1931\">Jahodov\u00fd led<\/p>\n<\/li>\n<li data-start=\"1932\" data-end=\"1959\">\n<p data-start=\"1935\" data-end=\"1959\">Peach Mango Watermelon (Broskev, mango, meloun)<\/p>\n<\/li>\n<li data-start=\"1960\" data-end=\"1980\">\n<p data-start=\"1963\" data-end=\"1980\">\u0160\u0165avnat\u00e1 broskev s ledem<\/p>\n<\/li>\n<li data-start=\"1981\" data-end=\"2046\">\n<p data-start=\"1984\" data-end=\"2046\">L\u00e1ska 66 (meloun vodn\u00ed + medov\u00fd meloun + passion fruit + m\u00e1ta)<\/p>\n<\/li>\n<li data-start=\"2047\" data-end=\"2063\">\n<p data-start=\"2051\" data-end=\"2063\">Citron Limetka<\/p>\n<\/li>\n<\/ol>\n<figure id=\"attachment_4576\" aria-describedby=\"caption-attachment-4576\" style=\"width: 300px\" class=\"wp-caption alignnone\"><img decoding=\"async\" class=\"size-medium wp-image-4576\" src=\"https:\/\/vapestornado.com\/wp-content\/uploads\/2025\/11\/Hifancy-Dream-45k-Puff-Disposable-Vape-300x300.webp\" alt=\"Hifancy Dream 45k Puff Jednor\u00e1zov\u00fd vaporiz\u00e9r\" width=\"300\" height=\"300\" srcset=\"https:\/\/vapestornado.com\/wp-content\/uploads\/2025\/11\/Hifancy-Dream-45k-Puff-Disposable-Vape-300x300.webp 300w, https:\/\/vapestornado.com\/wp-content\/uploads\/2025\/11\/Hifancy-Dream-45k-Puff-Disposable-Vape-150x150.webp 150w, https:\/\/vapestornado.com\/wp-content\/uploads\/2025\/11\/Hifancy-Dream-45k-Puff-Disposable-Vape-768x768.webp 768w, https:\/\/vapestornado.com\/wp-content\/uploads\/2025\/11\/Hifancy-Dream-45k-Puff-Disposable-Vape-12x12.webp 12w, https:\/\/vapestornado.com\/wp-content\/uploads\/2025\/11\/Hifancy-Dream-45k-Puff-Disposable-Vape-600x600.webp 600w, https:\/\/vapestornado.com\/wp-content\/uploads\/2025\/11\/Hifancy-Dream-45k-Puff-Disposable-Vape-100x100.webp 100w, https:\/\/vapestornado.com\/wp-content\/uploads\/2025\/11\/Hifancy-Dream-45k-Puff-Disposable-Vape.webp 800w\" sizes=\"(max-width: 300px) 100vw, 300px\" \/><figcaption id=\"caption-attachment-4576\" class=\"wp-caption-text\">Hifancy Dream 45k Puff Jednor\u00e1zov\u00fd vaporiz\u00e9r<\/figcaption><\/figure>\n<h2>Pro\u010d si vybrat Vapestornado pro hromadn\u00fd n\u00e1kup jednor\u00e1zov\u00fdch vaporiz\u00e9r\u016f?<\/h2>\n<div class=\"flex-shrink-0 flex flex-col relative items-end\">\n<div class=\"pt-0\">\n<div class=\"gizmo-bot-avatar flex h-8 w-8 items-center justify-center overflow-hidden rounded-full\">\n<div class=\"relative p-1 rounded-sm flex items-center justify-center bg-token-main-surface-primary text-token-text-primary h-8 w-8\">\n<p data-start=\"648\" data-end=\"799\">V\u00fdb\u011br <strong data-start=\"189\" data-end=\"205\">Vapestornado<\/strong> jako v\u00e1\u0161 dodavatel pro <strong data-start=\"227\" data-end=\"261\">Elf Bar Moon Night 40000 Ploch<\/strong> znamen\u00e1 zajistit partnera, kter\u00fd rozum\u00ed pot\u0159eb\u00e1m velkoobchodn\u00edk\u016f a maloobchodn\u00edk\u016f v \u010cesk\u00e9 republice. Zam\u011b\u0159ujeme se na rychl\u00e9 dod\u00e1n\u00ed, ov\u011b\u0159en\u00e9 skladov\u00e9 z\u00e1soby a stabiln\u00ed dlouhodob\u00e9 dod\u00e1vky\u2014kl\u00ed\u010dov\u00e9 faktory pro podniky prod\u00e1vaj\u00edc\u00ed produkty ve vysok\u00e9m objemu, jako je <strong data-start=\"489\" data-end=\"515\">Elf Bar Moon Night 40K<\/strong>. Ka\u017ed\u00e1 \u0161ar\u017ee je z\u00edsk\u00e1v\u00e1na p\u0159\u00edmo z certifikovan\u00fdch kan\u00e1l\u016f, co\u017e zaji\u0161\u0165uje autentick\u00e9 produkty, silnou konzistenci chuti a spolehlivou kvalitu, kter\u00e1 spl\u0148uje o\u010dek\u00e1v\u00e1n\u00ed kupuj\u00edc\u00edch v \u010cesk\u00e9 republice.<\/p>\n<p data-start=\"559\" data-end=\"933\" data-is-last-node=\"\" data-is-only-node=\"\">M\u00e1me tak\u00e9 dal\u0161\u00ed obl\u00edbenou jednor\u00e1zovou vaporiz\u00e9r s displejem, nap\u0159\u00edklad <a href=\"https:\/\/vapestornado.com\/cs\/product\/uzy-150k-puffs-6-in-1-flavor-switch-disposable-vape-pen-wholesale\/\">UZY 150K Puf p\u0159ep\u00edn\u00e1n\u00ed p\u0159\u00edchut\u00ed vaporiz\u00e9r<\/a>, <a href=\"https:\/\/vapestornado.com\/cs\/product\/vozol-rave-40k-40000-puffs-disposable-vape-smart-screen-5-nicotine\/\">VOZOL RAVE 40K Jednor\u00e1zov\u00e1 vaporiz\u00e9r<\/a>, <a href=\"https:\/\/vapestornado.com\/cs\/product\/waspe-150k-150000-puff-6-in-1-disposable-vape-pen-cartridge-best-wholesale-price-in-poland\/\">WASPE 150K Puf 6 v 1<\/a>, a dal\u0161\u00ed.<\/p>\n<p data-start=\"559\" data-end=\"933\" data-is-last-node=\"\" data-is-only-node=\"\">\n<\/div>\n<h2>\u010casto kladen\u00e9 ot\u00e1zky o HiFancy Dream 45k<\/h2>\n<div class=\"relative p-1 rounded-sm flex items-center justify-center bg-token-main-surface-primary text-token-text-primary h-8 w-8\">\n<h3 data-start=\"2713\" data-end=\"2767\"><strong data-start=\"2717\" data-end=\"2765\">1. Jak dlouho vydr\u017e\u00ed HiFancy Dream 45k?<\/strong><\/h3>\n<p data-start=\"2768\" data-end=\"2924\">Ten <strong data-start=\"2772\" data-end=\"2793\">HiFancy Dream 45k<\/strong> nab\u00edz\u00ed a\u017e <strong data-start=\"2807\" data-end=\"2823\">45 000 pota\u017een\u00ed<\/strong>, podporov\u00e1no 39ml n\u00e1dr\u017e\u00ed a 650mAh dob\u00edjec\u00ed bateri\u00ed, co\u017e v\u011bt\u0161in\u011b u\u017eivatel\u016f umo\u017e\u0148uje prodlou\u017een\u00e9 v\u00edcedenn\u00ed pou\u017e\u00edv\u00e1n\u00ed.<\/p>\n<h3 data-start=\"2926\" data-end=\"2984\"><strong data-start=\"2930\" data-end=\"2982\">2. Pou\u017e\u00edv\u00e1 HiFancy Dream 45000 mesh c\u00edvku?<\/strong><\/h3>\n<p data-start=\"2985\" data-end=\"3103\">Ano. M\u00e1 <strong data-start=\"3004\" data-end=\"3024\">dvojit\u00e1 mesh spir\u00e1lka<\/strong> pro siln\u011bj\u0161\u00ed jasnost chuti a hlad\u0161\u00ed p\u00e1ru po celou dobu pota\u017een\u00ed.<\/p>\n<h3 data-start=\"3105\" data-end=\"3159\"><strong data-start=\"3109\" data-end=\"3157\">3. Co urychluje doru\u010den\u00ed pro kupuj\u00edc\u00ed z EU?<\/strong><\/h3>\n<p data-start=\"3160\" data-end=\"3297\">Produkt je odes\u00edl\u00e1n p\u0159\u00edmo z <strong data-start=\"3195\" data-end=\"3211\">EU skladu<\/strong>, co\u017e zaji\u0161\u0165uje rychlej\u0161\u00ed doru\u010den\u00ed a vyh\u00fdb\u00e1 se dlouh\u00fdm celn\u00edm zpo\u017ed\u011bn\u00edm pro evropsk\u00e9 velkoobchody.<\/p>\n<h3 data-start=\"3299\" data-end=\"3364\"><strong data-start=\"3303\" data-end=\"3362\">4. M\u00e1 HiFancy Dream 45k indik\u00e1tor baterie?<\/strong><\/h3>\n<p data-start=\"3365\" data-end=\"3499\">Ano. Ukazuje <strong data-start=\"3372\" data-end=\"3405\">digit\u00e1ln\u00edm ukazatelem stavu baterie<\/strong> aktu\u00e1ln\u00ed \u00farove\u0148 nabit\u00ed baterie, co\u017e zvy\u0161uje d\u016fv\u011bru u\u017eivatel\u016f a sni\u017euje neo\u010dek\u00e1van\u00e9 v\u00fdpadky nap\u00e1jen\u00ed.<\/p>\n<h3 data-start=\"3501\" data-end=\"3571\"><strong data-start=\"3505\" data-end=\"3569\">5. Jak\u00e9 jsou nejprod\u00e1van\u011bj\u0161\u00ed p\u0159\u00edchut\u011b HiFancy Dream 45000?<\/strong><\/h3>\n<p data-start=\"3572\" data-end=\"3733\">Obl\u00edben\u00e9 volby zahrnuj\u00ed <strong data-start=\"3596\" data-end=\"3614\">Vodn\u00ed meloun s ledem<\/strong>, <strong data-start=\"3616\" data-end=\"3633\">Ledov\u00e1 modr\u00e1 malina<\/strong>, <strong data-start=\"3635\" data-end=\"3646\">L\u00e1ska 66<\/strong>, a <strong data-start=\"3652\" data-end=\"3678\">Peach Mango Watermelon (Broskev, mango, meloun)<\/strong>, obl\u00edben\u00e9 pro jejich vyv\u00e1\u017eenou sladkost a chladn\u00fd z\u00e1v\u011br.<\/p>\n<\/div>\n<\/div>\n<\/div>\n<\/div>","protected":false},"excerpt":{"rendered":"<article class=\"text-token-text-primary w-full focus:outline-none [--shadow-height:45px] has-data-writing-block:pointer-events-none has-data-writing-block:-mt-(--shadow-height) has-data-writing-block:pt-(--shadow-height) [&amp;:has([data-writing-block])&gt;*]:pointer-events-auto [content-visibility:auto] supports-[content-visibility:auto]:[contain-intrinsic-size:auto_100lvh] scroll-mt-[calc(var(--header-height)+min(200px,max(70px,20svh)))]\" dir=\"auto\" tabindex=\"-1\" data-turn-id=\"86ca9d92-7a10-4e6b-bda0-15f9df36adca\" data-testid=\"conversation-turn-120\" data-scroll-anchor=\"true\" data-turn=\"assistant\">\n<div class=\"text-base my-auto mx-auto pb-10 [--thread-content-margin:--spacing(4)] thread-sm:[--thread-content-margin:--spacing(6)] thread-lg:[--thread-content-margin:--spacing(16)] px-(--thread-content-margin)\">\n<div class=\"[--thread-content-max-width:40rem] thread-lg:[--thread-content-max-width:48rem] mx-auto max-w-(--thread-content-max-width) flex-1 group\/turn-messages focus-visible:outline-hidden relative flex w-full min-w-0 flex-col agent-turn\" tabindex=\"-1\">\n<div class=\"flex max-w-full flex-col grow\">\n<div class=\"min-h-8 text-message relative flex w-full flex-col items-end gap-2 text-start break-words whitespace-normal [.text-message+&amp;]:mt-1\" dir=\"auto\" data-message-author-role=\"assistant\" data-message-id=\"43b070d6-bf28-4fbe-8049-1032a61ea3ac\" data-message-model-slug=\"gpt-5\">\n<div class=\"flex w-full flex-col gap-1 empty:hidden first:pt-[1px]\">\n<div class=\"markdown prose dark:prose-invert w-full break-words light markdown-new-styling\">\n<article class=\"text-token-text-primary w-full focus:outline-none [--shadow-height:45px] has-data-writing-block:pointer-events-none has-data-writing-block:-mt-(--shadow-height) has-data-writing-block:pt-(--shadow-height) [&amp;:has([data-writing-block])&gt;*]:pointer-events-auto [content-visibility:auto] supports-[content-visibility:auto]:[contain-intrinsic-size:auto_100lvh] scroll-mt-[calc(var(--header-height)+min(200px,max(70px,20svh)))]\" dir=\"auto\" tabindex=\"-1\" data-turn-id=\"4d6f00b8-d41a-438b-8912-05a895842882\" data-testid=\"conversation-turn-130\" data-scroll-anchor=\"true\" data-turn=\"assistant\">\n<div class=\"text-base my-auto mx-auto pb-10 [--thread-content-margin:--spacing(4)] thread-sm:[--thread-content-margin:--spacing(6)] thread-lg:[--thread-content-margin:--spacing(16)] px-(--thread-content-margin)\">\n<div class=\"[--thread-content-max-width:40rem] thread-lg:[--thread-content-max-width:48rem] mx-auto max-w-(--thread-content-max-width) flex-1 group\/turn-messages focus-visible:outline-hidden relative flex w-full min-w-0 flex-col agent-turn\" tabindex=\"-1\">\n<div class=\"flex max-w-full flex-col grow\">\n<div class=\"min-h-8 text-message relative flex w-full flex-col items-end gap-2 text-start break-words whitespace-normal [.text-message+&amp;]:mt-1\" dir=\"auto\" data-message-author-role=\"assistant\" data-message-id=\"f3c520bf-c043-4392-87ea-b3bf1b3ae6d3\" data-message-model-slug=\"gpt-5-1\">\n<div class=\"flex w-full flex-col gap-1 empty:hidden first:pt-[1px]\">\n<div class=\"markdown prose dark:prose-invert w-full break-words light markdown-new-styling\">\n<p>HiFancy Dream 45k 45000 Puffs Vape Sada \u2014 EU Sklad Rychl\u00e9 Dod\u00e1n\u00ed Velkoobchod<br \/>\nVelkoobchod HiFancy Dream 45000 Jednor\u00e1zov\u00e1 Vape Sada s Dvojit\u00fdm Mesh C\u00edvkou EU Sklad<br \/>\nHiFancy Dream 45k Vysoce Kapacitn\u00ed Jednor\u00e1zov\u00e1 \u2014 Nejlep\u0161\u00ed 45000 Puffs Vape Rychl\u00e9 dod\u00e1n\u00ed EU<\/p>\n<\/div>\n<\/div>\n<\/div>\n<\/div>\n<\/div>\n<\/div>\n<\/article>\n<div class=\"pointer-events-none h-px w-px\" aria-hidden=\"true\" data-edge=\"true\"><\/div>\n<\/div>\n<\/div>\n<\/div>\n<\/div>\n<\/div>\n<\/div>\n<\/article>\n<p><img fetchpriority=\"high\" decoding=\"async\" class=\"size-full wp-image-2932\" src=\"https:\/\/vapestornado.com\/wp-content\/uploads\/2024\/12\/Vape-Wholesale.jpg\" alt=\"Velkoobchod s vape\" width=\"229\" height=\"300\" \/><\/p>\n<h3><a href=\"https:\/\/wa.me\/8617776015835\"><span style=\"color: #ff0000;\"><strong>WhatsApp: +86 17776015835<\/strong><\/span><\/a><\/h3>\n<p>&nbsp;<\/p>","protected":false},"featured_media":4581,"comment_status":"open","ping_status":"closed","template":"","meta":{"_acf_changed":false,"_uag_custom_page_level_css":"","_lmt_disableupdate":"no","_lmt_disable":"","_monsterinsights_skip_tracking":false,"_monsterinsights_sitenote_active":false,"_monsterinsights_sitenote_note":"","_monsterinsights_sitenote_category":0,"site-sidebar-layout":"default","site-content-layout":"","ast-site-content-layout":"default","site-content-style":"default","site-sidebar-style":"default","ast-global-header-display":"","ast-banner-title-visibility":"","ast-main-header-display":"","ast-hfb-above-header-display":"","ast-hfb-below-header-display":"","ast-hfb-mobile-header-display":"","site-post-title":"","ast-breadcrumbs-content":"","ast-featured-img":"","footer-sml-layout":"","ast-disable-related-posts":"","theme-transparent-header-meta":"default","adv-header-id-meta":"","stick-header-meta":"","header-above-stick-meta":"","header-main-stick-meta":"","header-below-stick-meta":"","astra-migrate-meta-layouts":"set","ast-page-background-enabled":"default","ast-page-background-meta":{"desktop":{"background-color":"","background-image":"","background-repeat":"repeat","background-position":"center center","background-size":"auto","background-attachment":"scroll","background-type":"","background-media":"","overlay-type":"","overlay-color":"","overlay-opacity":"","overlay-gradient":""},"tablet":{"background-color":"","background-image":"","background-repeat":"repeat","background-position":"center center","background-size":"auto","background-attachment":"scroll","background-type":"","background-media":"","overlay-type":"","overlay-color":"","overlay-opacity":"","overlay-gradient":""},"mobile":{"background-color":"","background-image":"","background-repeat":"repeat","background-position":"center center","background-size":"auto","background-attachment":"scroll","background-type":"","background-media":"","overlay-type":"","overlay-color":"","overlay-opacity":"","overlay-gradient":""}},"ast-content-background-meta":{"desktop":{"background-color":"var(--ast-global-color-5)","background-image":"","background-repeat":"repeat","background-position":"center center","background-size":"auto","background-attachment":"scroll","background-type":"","background-media":"","overlay-type":"","overlay-color":"","overlay-opacity":"","overlay-gradient":""},"tablet":{"background-color":"var(--ast-global-color-5)","background-image":"","background-repeat":"repeat","background-position":"center center","background-size":"auto","background-attachment":"scroll","background-type":"","background-media":"","overlay-type":"","overlay-color":"","overlay-opacity":"","overlay-gradient":""},"mobile":{"background-color":"var(--ast-global-color-5)","background-image":"","background-repeat":"repeat","background-position":"center center","background-size":"auto","background-attachment":"scroll","background-type":"","background-media":"","overlay-type":"","overlay-color":"","overlay-opacity":"","overlay-gradient":""}},"_joinchat":{"telephone":"17776015835"}},"product_brand":[],"product_cat":[265,149,150,151,156,357,146],"product_tag":[105,446,443,444,436,268,445],"class_list":{"0":"post-4582","1":"product","2":"type-product","3":"status-publish","4":"has-post-thumbnail","6":"product_cat-45000-puff","7":"product_cat-buy-disposable-vapes-in-austria","8":"product_cat-buy-disposable-vapes-in-belgium","9":"product_cat-buy-disposable-vapes-in-france","10":"product_cat-buy-disposable-vapes-in-poland","11":"product_cat-flavor-adjustable-vape","12":"product_cat-rechargeable-disposable-vapes","13":"product_tag-digital-disposable-vape","14":"product_tag-disposable-vape-kit","15":"product_tag-hifancy-dream-450000","16":"product_tag-hifancy-dream-45k","17":"product_tag-shop-vape-online","18":"product_tag-touch-screen-vape","19":"product_tag-vape-eu-warehouse-fast-shipping","20":"desktop-align-left","21":"tablet-align-left","22":"mobile-align-left","24":"first","25":"instock","26":"sale","27":"shipping-taxable","28":"purchasable","29":"product-type-simple"},"acf":[],"uagb_featured_image_src":{"full":["https:\/\/vapestornado.com\/wp-content\/uploads\/2025\/11\/Shop-HIFANCY-45k-Disposable-Vape-Bar.webp",800,800,false],"thumbnail":["https:\/\/vapestornado.com\/wp-content\/uploads\/2025\/11\/Shop-HIFANCY-45k-Disposable-Vape-Bar-150x150.webp",150,150,true],"medium":["https:\/\/vapestornado.com\/wp-content\/uploads\/2025\/11\/Shop-HIFANCY-45k-Disposable-Vape-Bar-300x300.webp",300,300,true],"medium_large":["https:\/\/vapestornado.com\/wp-content\/uploads\/2025\/11\/Shop-HIFANCY-45k-Disposable-Vape-Bar-768x768.webp",768,768,true],"large":["https:\/\/vapestornado.com\/wp-content\/uploads\/2025\/11\/Shop-HIFANCY-45k-Disposable-Vape-Bar.webp",800,800,false],"1536x1536":["https:\/\/vapestornado.com\/wp-content\/uploads\/2025\/11\/Shop-HIFANCY-45k-Disposable-Vape-Bar.webp",800,800,false],"2048x2048":["https:\/\/vapestornado.com\/wp-content\/uploads\/2025\/11\/Shop-HIFANCY-45k-Disposable-Vape-Bar.webp",800,800,false],"trp-custom-language-flag":["https:\/\/vapestornado.com\/wp-content\/uploads\/2025\/11\/Shop-HIFANCY-45k-Disposable-Vape-Bar-12x12.webp",12,12,true],"woocommerce_thumbnail":["https:\/\/vapestornado.com\/wp-content\/uploads\/2025\/11\/Shop-HIFANCY-45k-Disposable-Vape-Bar-300x300.webp",300,300,true],"woocommerce_single":["https:\/\/vapestornado.com\/wp-content\/uploads\/2025\/11\/Shop-HIFANCY-45k-Disposable-Vape-Bar-600x600.webp",600,600,true],"woocommerce_gallery_thumbnail":["https:\/\/vapestornado.com\/wp-content\/uploads\/2025\/11\/Shop-HIFANCY-45k-Disposable-Vape-Bar-100x100.webp",100,100,true]},"uagb_author_info":{"display_name":"ESAMY","author_link":"https:\/\/vapestornado.com\/cs\/author\/"},"uagb_comment_info":0,"uagb_excerpt":"HiFancy Dream 45k 45000 Puffs Vape Kit \u2014 EU Warehouse Fast Delivery Wholesale Wholesale HiFancy Dream 45000 Disposable Vape Kit with Double Mesh Coil EU Stock HiFancy Dream 45k High-Capacity Disposable \u2014 Best 45000 Puffs Vape Fast Shipping EU WhatsApp: +86 17776015835 &nbsp;","_links":{"self":[{"href":"https:\/\/vapestornado.com\/cs\/wp-json\/wp\/v2\/product\/4582","targetHints":{"allow":["GET"]}}],"collection":[{"href":"https:\/\/vapestornado.com\/cs\/wp-json\/wp\/v2\/product"}],"about":[{"href":"https:\/\/vapestornado.com\/cs\/wp-json\/wp\/v2\/types\/product"}],"replies":[{"embeddable":true,"href":"https:\/\/vapestornado.com\/cs\/wp-json\/wp\/v2\/comments?post=4582"}],"wp:featuredmedia":[{"embeddable":true,"href":"https:\/\/vapestornado.com\/cs\/wp-json\/wp\/v2\/media\/4581"}],"wp:attachment":[{"href":"https:\/\/vapestornado.com\/cs\/wp-json\/wp\/v2\/media?parent=4582"}],"wp:term":[{"taxonomy":"product_brand","embeddable":true,"href":"https:\/\/vapestornado.com\/cs\/wp-json\/wp\/v2\/product_brand?post=4582"},{"taxonomy":"product_cat","embeddable":true,"href":"https:\/\/vapestornado.com\/cs\/wp-json\/wp\/v2\/product_cat?post=4582"},{"taxonomy":"product_tag","embeddable":true,"href":"https:\/\/vapestornado.com\/cs\/wp-json\/wp\/v2\/product_tag?post=4582"}],"curies":[{"name":"wp","href":"https:\/\/api.w.org\/{rel}","templated":true}]}}