{"id":4543,"date":"2025-11-14T09:06:06","date_gmt":"2025-11-14T09:06:06","guid":{"rendered":"https:\/\/vapestornado.com\/?post_type=product&#038;p=4543"},"modified":"2025-11-14T09:29:50","modified_gmt":"2025-11-14T09:29:50","slug":"ainovo-aim-aipod-30000-30k-puff-replaceable-tank-disposable-vape-kit","status":"publish","type":"product","link":"https:\/\/vapestornado.com\/cs\/product\/ainovo-aim-aipod-30000-30k-puff-replaceable-tank-disposable-vape-kit\/","title":{"rendered":"AINOVO AIM AIPOD 30000 30K Puf Vym\u011bniteln\u00e1 n\u00e1dr\u017e Jednor\u00e1zov\u00e1 vaporiz\u00e9r sada"},"content":{"rendered":"<h2 data-pm-slice=\"1 1 []\">AINOVO AIM AIPOD 30000 Puf \u2013 V\u00fdkonn\u00e1 vym\u011bniteln\u00e1 n\u00e1dr\u017e pro v\u00e1\u017en\u00e9 u\u017eivatele vaporiz\u00e9r\u016f v EU<\/h2>\n<p data-start=\"86\" data-end=\"660\">Ten <strong data-start=\"90\" data-end=\"116\">AINOVO AIM AIPOD 30000<\/strong> je navr\u017een pro velkoobchodn\u00edky a spot\u0159ebitele v \u010cesku, kte\u0159\u00ed cht\u011bj\u00ed maxim\u00e1ln\u00ed \u017eivotnost s modern\u00ed technologi\u00ed vaporizace. Navr\u017een jako <strong data-start=\"242\" data-end=\"282\">Vym\u011bniteln\u00e1 n\u00e1dr\u017e Jednor\u00e1zov\u00fd vaporiz\u00e9r sada<\/strong>, nab\u00edz\u00ed a\u017e <strong data-start=\"302\" data-end=\"332\">30000 puf\u016f v norm\u00e1ln\u00edm re\u017eimu<\/strong> a <strong data-start=\"337\" data-end=\"366\">20000 puf\u016f v re\u017eimu Boost<\/strong>, d\u00e1v\u00e1 u\u017eivatel\u016fm svobodu p\u0159ep\u00ednat mezi plynulou efektivitou a siln\u00fdmi, hust\u00fdmi mraky. S <strong data-start=\"462\" data-end=\"485\">1.0\u03a9 du\u00e1ln\u00ed s\u00ed\u0165ovan\u00e1 spir\u00e1lka<\/strong>, ka\u017ed\u00fd potah je bohat\u00fd, stabiln\u00ed a p\u0159esn\u00fd v chuti \u2014 kl\u00ed\u010dov\u00e1 v\u00fdhoda pro prodejce hledaj\u00edc\u00ed spolehliv\u00e9 <strong data-start=\"588\" data-end=\"631\">velkoobchodn\u00ed a hromadn\u00e9 n\u00e1kupy jednor\u00e1zov\u00fdch vaporiz\u00e9r\u016f<\/strong> kter\u00e9 vykazuj\u00ed konzistentn\u00ed v\u00fdkon.<\/p>\n<p data-start=\"662\" data-end=\"1302\">Toto kompaktn\u00ed za\u0159\u00edzen\u00ed obsahuje <strong data-start=\"692\" data-end=\"717\">15ml vym\u011bnitelnou n\u00e1dr\u017e<\/strong>, posouv\u00e1 kategorii kup\u0159edu s del\u0161\u00ed \u017eivotnost\u00ed a ni\u017e\u0161\u00edmi provozn\u00edmi n\u00e1klady. The <strong data-start=\"798\" data-end=\"818\">AINOVO AIPOD 30K<\/strong> tak\u00e9 obsahuje nastaviteln\u00fd pr\u016ftok vzduchu pro personalizovan\u00fd odpor p\u0159i vdechov\u00e1n\u00ed, plus <strong data-start=\"893\" data-end=\"917\">chytrou obrazovkou<\/strong> ukazuje \u00farove\u0148 baterie a hladinu e-liquidu. S <strong data-start=\"960\" data-end=\"990\">850mAh rychlonab\u00edjec\u00ed v\u00fdkon<\/strong> a mo\u017enostmi nikotinu od <strong data-start=\"1016\" data-end=\"1028\">0% do 5%<\/strong>, vyhovuje pot\u0159eb\u00e1m r\u016fzn\u00fdch trh\u016f v \u010cesk\u00e9 republice. Jako <strong data-start=\"1076\" data-end=\"1110\">\u010c\u00edna dodavatel jednor\u00e1zov\u00fdch vaporiz\u00e9r\u016f<\/strong> model ur\u010den\u00fd pro velkoobjemov\u00fd prodej, je <strong data-start=\"1151\" data-end=\"1178\">AINOVO AIPOD 30000 pot\u00e1\u010den\u00ed<\/strong> optimalizov\u00e1n pro pohodl\u00ed, odolnost a ziskovou mar\u017ei \u2014 ide\u00e1ln\u00ed pro maloobchodn\u00ed \u0159et\u011bzce, kiosky a online obchody s vaporiz\u00e9ry v \u010cesk\u00e9 republice.<\/p>\n<p data-start=\"1304\" data-end=\"1649\">Kupuj\u00edc\u00ed v \u010cesk\u00e9 republice ocen\u00ed kompaktn\u00ed velikost, rychl\u00e9 nab\u00edjen\u00ed, p\u0159esnou chu\u0165 a n\u00edzkou \u00fadr\u017ebu. AIM AIPOD nab\u00edz\u00ed p\u0159esn\u011b to, zat\u00edmco nab\u00edz\u00ed 10 siln\u00fdch profil\u016f chuti, kter\u00e9 oslov\u00ed evropsk\u00e9ho vapera. Pro distributory hledaj\u00edc\u00ed stabiln\u00ed z\u00e1sobu a vysok\u00fd v\u00fdkon popt\u00e1vky je to jedna z nejspolehliv\u011bj\u0161\u00edch mo\u017enost\u00ed 30K pot\u00e1\u010den\u00ed v kategorii.<\/p>\n<p data-start=\"666\" data-end=\"1235\"><strong style=\"font-size: 16px;\"><span style=\"color: #ff0000;\">P\u0159idejte si WhatsApp Amy a z\u00edskejte okam\u017eitou odpov\u011b\u010f a zv\u00fdhodn\u011bnou cenu!<\/span><\/strong><\/p>\n<p><img fetchpriority=\"high\" decoding=\"async\" class=\"size-full wp-image-2932\" src=\"https:\/\/vapestornado.com\/wp-content\/uploads\/2024\/12\/Vape-Wholesale.jpg\" alt=\"Velkoobchod s vape\" width=\"229\" height=\"300\" \/><\/p>\n<h3><a href=\"https:\/\/wa.me\/8617776015835\" target=\"_blank\" rel=\"noopener\"><span style=\"color: #ff0000;\"><strong>WhatsApp: +86 17776015835<\/strong><\/span><\/a><\/h3>\n<p>&nbsp;<\/p>\n<h2><strong>Hlavn\u00ed vlastnosti produktu AINOVO AIM AIPOD 30000<\/strong><\/h2>\n<ul data-start=\"1707\" data-end=\"2033\">\n<li data-start=\"1707\" data-end=\"1739\">\n<p data-start=\"1709\" data-end=\"1739\"><strong data-start=\"1709\" data-end=\"1725\">Norm\u00e1ln\u00ed re\u017eim:<\/strong> 30000 tah\u016f<\/p>\n<\/li>\n<li data-start=\"1740\" data-end=\"1771\">\n<p data-start=\"1742\" data-end=\"1771\"><strong data-start=\"1742\" data-end=\"1757\">Re\u017eim zv\u00fd\u0161en\u00ed:<\/strong> 20000 pot\u00e1hnut\u00ed<\/p>\n<\/li>\n<li data-start=\"1772\" data-end=\"1816\">\n<p data-start=\"1774\" data-end=\"1816\"><strong data-start=\"1774\" data-end=\"1792\">Kapacita n\u00e1dr\u017ee:<\/strong> 15ml vym\u011bnitelnou n\u00e1dr\u017e<\/p>\n<\/li>\n<li data-start=\"1817\" data-end=\"1845\">\n<p data-start=\"1819\" data-end=\"1845\"><strong data-start=\"1819\" data-end=\"1828\">C\u00edvka:<\/strong> 1.0\u03a9 dvojit\u00e1 s\u00ed\u0165ka<\/p>\n<\/li>\n<li data-start=\"1846\" data-end=\"1882\">\n<p data-start=\"1848\" data-end=\"1882\"><strong data-start=\"1848\" data-end=\"1860\">Baterie:<\/strong> 850mAh dob\u00edjec\u00ed<\/p>\n<\/li>\n<li data-start=\"1883\" data-end=\"1923\">\n<p data-start=\"1885\" data-end=\"1923\"><strong data-start=\"1885\" data-end=\"1906\">Mo\u017enosti nikotinu:<\/strong> 0%, 2%, 3%, 5%<\/p>\n<\/li>\n<li data-start=\"1924\" data-end=\"1972\">\n<p data-start=\"1926\" data-end=\"1972\"><strong data-start=\"1926\" data-end=\"1943\">Chytr\u00e1 obrazovka:<\/strong> Indik\u00e1tory baterie a e-liquidu<\/p>\n<\/li>\n<li data-start=\"1973\" data-end=\"1999\">\n<p data-start=\"1975\" data-end=\"1999\"><strong data-start=\"1975\" data-end=\"1997\">Nastaviteln\u00fd pr\u016ftok vzduchu<\/strong><\/p>\n<\/li>\n<li data-start=\"2000\" data-end=\"2033\">\n<p data-start=\"2002\" data-end=\"2033\"><strong data-start=\"2002\" data-end=\"2011\">Velikost:<\/strong> 52,2 \u00d7 27,8 \u00d7 96 mm<\/p>\n<\/li>\n<\/ul>\n<figure id=\"attachment_4542\" aria-describedby=\"caption-attachment-4542\" style=\"width: 300px\" class=\"wp-caption alignnone\"><img decoding=\"async\" class=\"size-medium wp-image-4542\" src=\"https:\/\/vapestornado.com\/wp-content\/uploads\/2025\/11\/Aivono-Aipod-30k-30000-Puffs-Disposable-Vapes-Bulk-Buy-300x300.webp\" alt=\"Aivono Aipod 30k 30000 Pot\u00e1\u010den\u00ed Jednor\u00e1zov\u00e9 vaporiz\u00e9ry Velkoobchodn\u00ed n\u00e1kup\" width=\"300\" height=\"300\" srcset=\"https:\/\/vapestornado.com\/wp-content\/uploads\/2025\/11\/Aivono-Aipod-30k-30000-Puffs-Disposable-Vapes-Bulk-Buy-300x300.webp 300w, https:\/\/vapestornado.com\/wp-content\/uploads\/2025\/11\/Aivono-Aipod-30k-30000-Puffs-Disposable-Vapes-Bulk-Buy-150x150.webp 150w, https:\/\/vapestornado.com\/wp-content\/uploads\/2025\/11\/Aivono-Aipod-30k-30000-Puffs-Disposable-Vapes-Bulk-Buy-768x768.webp 768w, https:\/\/vapestornado.com\/wp-content\/uploads\/2025\/11\/Aivono-Aipod-30k-30000-Puffs-Disposable-Vapes-Bulk-Buy-12x12.webp 12w, https:\/\/vapestornado.com\/wp-content\/uploads\/2025\/11\/Aivono-Aipod-30k-30000-Puffs-Disposable-Vapes-Bulk-Buy-600x600.webp 600w, https:\/\/vapestornado.com\/wp-content\/uploads\/2025\/11\/Aivono-Aipod-30k-30000-Puffs-Disposable-Vapes-Bulk-Buy-100x100.webp 100w, https:\/\/vapestornado.com\/wp-content\/uploads\/2025\/11\/Aivono-Aipod-30k-30000-Puffs-Disposable-Vapes-Bulk-Buy.webp 800w\" sizes=\"(max-width: 300px) 100vw, 300px\" \/><figcaption id=\"caption-attachment-4542\" class=\"wp-caption-text\">Aivono Aipod 30k 30000 Pot\u00e1\u010den\u00ed Jednor\u00e1zov\u00e9 vaporiz\u00e9ry Velkoobchodn\u00ed n\u00e1kup<\/figcaption><\/figure>\n<h2 class=\"product-title\"><strong>Seznam p\u0159\u00edchut\u00ed pro jednor\u00e1zov\u00e9 vaporiz\u00e9ry AINOVO AIM AIPOD 30000<\/strong><\/h2>\n<h3 data-start=\"2040\" data-end=\"2076\"><\/h3>\n<ol data-start=\"2077\" data-end=\"2293\">\n<li data-start=\"2077\" data-end=\"2096\">\n<p data-start=\"2080\" data-end=\"2096\">Vodn\u00ed meloun s ledem<\/p>\n<\/li>\n<li data-start=\"2097\" data-end=\"2112\">\n<p data-start=\"2100\" data-end=\"2112\">Miami Mint<\/p>\n<\/li>\n<li data-start=\"2113\" data-end=\"2129\">\n<p data-start=\"2116\" data-end=\"2129\">Hroznov\u00fd Slush<\/p>\n<\/li>\n<li data-start=\"2130\" data-end=\"2155\">\n<p data-start=\"2133\" data-end=\"2155\">Kysel\u00e9 mango s ananasem<\/p>\n<\/li>\n<li data-start=\"2156\" data-end=\"2182\">\n<p data-start=\"2159\" data-end=\"2182\">Malina Broskev Citron<\/p>\n<\/li>\n<li data-start=\"2183\" data-end=\"2197\">\n<p data-start=\"2186\" data-end=\"2197\">Meru\u0148kov\u00e1 D\u017eem<\/p>\n<\/li>\n<li data-start=\"2198\" data-end=\"2227\">\n<p data-start=\"2201\" data-end=\"2227\">Zmrazen\u00e9 T\u0159e\u0161n\u011b Meloun<\/p>\n<\/li>\n<li data-start=\"2228\" data-end=\"2245\">\n<p data-start=\"2231\" data-end=\"2245\">Dvojit\u00e1 Jablko<\/p>\n<\/li>\n<li data-start=\"2246\" data-end=\"2265\">\n<p data-start=\"2249\" data-end=\"2265\">Bor\u016fvka Razz<\/p>\n<\/li>\n<li data-start=\"2266\" data-end=\"2293\">\n<p data-start=\"2270\" data-end=\"2293\">Jahoda Vodn\u00ed meloun<\/p>\n<\/li>\n<\/ol>\n<p>&nbsp;<\/p>\n<h2>Pro\u010d zvolit Vapestornado pro hromadn\u00fd n\u00e1kup AINOVO AIM AIPOD 30000 pot\u00e1hnut\u00ed?<\/h2>\n<div class=\"flex-shrink-0 flex flex-col relative items-end\">\n<div class=\"pt-0\">\n<div class=\"gizmo-bot-avatar flex h-8 w-8 items-center justify-center overflow-hidden rounded-full\">\n<div class=\"relative p-1 rounded-sm flex items-center justify-center bg-token-main-surface-primary text-token-text-primary h-8 w-8\">\n<p>At\u00a0<strong>Vapes Tornado<\/strong>, jsme hrd\u00ed na to, \u017ee dod\u00e1v\u00e1me\u00a0<strong>pr\u00e9miov\u00e9 vapingov\u00e9 produkty za bezkonkuren\u010dn\u00ed ceny<\/strong>\u00a0Tady je d\u016fvod, pro\u010d byste m\u011bli nakupovat od n\u00e1s:<\/p>\n<p data-start=\"235\" data-end=\"360\"><strong data-start=\"235\" data-end=\"261\">Nejlep\u0161\u00ed velkoobchodn\u00ed nab\u00eddky<\/strong> \u2013 U\u017eijte si <strong data-start=\"270\" data-end=\"297\">v\u00fdhodn\u00e9 velkoobchodn\u00ed ceny s vysokou mar\u017e\u00ed<\/strong> p\u0159izp\u016fsoben\u00e9 pro prodejce, distributory vaporiz\u00e9r\u016f a maloobchodn\u00ed obchody.<\/p>\n<p data-start=\"362\" data-end=\"513\"><strong data-start=\"362\" data-end=\"400\">\u2714 Rychl\u00e1 a bezpe\u010dn\u00e1 celosv\u011btov\u00e1 doprava<\/strong> \u2013 Zaji\u0161\u0165ujeme <strong data-start=\"413\" data-end=\"443\">rychl\u00e9, sledovateln\u00e9 doru\u010den\u00ed<\/strong> nap\u0159\u00ed\u010d Evropou a d\u00e1le, aby va\u0161e z\u00e1silka dorazila bezpe\u010dn\u011b a v\u010das.<\/p>\n<p data-start=\"515\" data-end=\"646\"><strong data-start=\"515\" data-end=\"542\">\u2714 100% Origin\u00e1ln\u00ed produkty<\/strong> \u2013 Ka\u017ed\u00fd <strong data-start=\"551\" data-end=\"578\">WASPE Triple 60000 vaporiz\u00e9r<\/strong> kter\u00fd prod\u00e1v\u00e1me, je <strong data-start=\"590\" data-end=\"625\">autentick\u00fd a certifikovan\u00fd v\u00fdrobcem<\/strong>, nikdy napodobeniny.<\/p>\n<p data-start=\"648\" data-end=\"799\"><strong data-start=\"648\" data-end=\"676\">\u2714 Vyhrazen\u00fd t\u00fdm podpory<\/strong> \u2013 Pot\u0159ebujete pomoc? Na\u0161i <strong data-start=\"694\" data-end=\"733\">specialist\u00e9 na vaporiz\u00e9ry jsou k dispozici 24\/7<\/strong>, p\u0159ipraveni odpov\u011bd\u011bt na va\u0161e ot\u00e1zky a pomoci s objedn\u00e1vkami kdykoli.<\/p>\n<p>&nbsp;<\/p>\n<p data-start=\"559\" data-end=\"933\" data-is-last-node=\"\" data-is-only-node=\"\">M\u00e1me tak\u00e9 dal\u0161\u00ed obl\u00edbenou jednor\u00e1zovou vaporiz\u00e9r s displejem, nap\u0159\u00edklad <a href=\"https:\/\/vapestornado.com\/cs\/product\/uzy-150k-puffs-6-in-1-flavor-switch-disposable-vape-pen-wholesale\/\">UZY 150K Puf p\u0159ep\u00edn\u00e1n\u00ed p\u0159\u00edchut\u00ed vaporiz\u00e9r<\/a>, <a href=\"https:\/\/vapestornado.com\/cs\/product\/vozol-rave-40k-40000-puffs-disposable-vape-smart-screen-5-nicotine\/\">VOZOL RAVE 40K Jednor\u00e1zov\u00e1 vaporiz\u00e9r<\/a>, <a href=\"https:\/\/vapestornado.com\/cs\/product\/waspe-150k-150000-puff-6-in-1-disposable-vape-pen-cartridge-best-wholesale-price-in-poland\/\">WASPE 150K Puf 6 v 1<\/a>, a dal\u0161\u00ed.<\/p>\n<\/div>\n<div class=\"relative p-1 rounded-sm flex items-center justify-center bg-token-main-surface-primary text-token-text-primary h-8 w-8\">\n<h2>\u010casto kladen\u00e9 ot\u00e1zky o AINOVO AIM AIPOD 30000 30k pot\u00e1hnut\u00ed<\/h2>\n<p data-start=\"2345\" data-end=\"2507\"><strong data-start=\"2345\" data-end=\"2397\">1. Jak dlouho vydr\u017e\u00ed AINOVO AIPOD 30K pot\u00e1hnut\u00ed?<\/strong><br data-start=\"2397\" data-end=\"2400\" \/>Norm\u00e1ln\u00ed re\u017eim nab\u00edz\u00ed a\u017e <strong data-start=\"2425\" data-end=\"2440\">30000 tah\u016f<\/strong>, zat\u00edmco re\u017eim Boost poskytuje <strong data-start=\"2468\" data-end=\"2483\">20000 pot\u00e1hnut\u00ed<\/strong> s siln\u011bj\u0161\u00edm v\u00fdkonem.<\/p>\n<p data-start=\"2509\" data-end=\"2669\"><strong data-start=\"2509\" data-end=\"2566\">2. Je AINOVO AIM AIPOD syst\u00e9m vym\u011bniteln\u00fdch n\u00e1dr\u017eek?<\/strong><br data-start=\"2566\" data-end=\"2569\" \/>Ano, pou\u017e\u00edv\u00e1 <strong data-start=\"2584\" data-end=\"2609\">15ml vym\u011bnitelnou n\u00e1dr\u017e<\/strong>, co\u017e je ide\u00e1ln\u00ed pro u\u017eivatele, kte\u0159\u00ed cht\u011bj\u00ed del\u0161\u00ed \u017eivotnost za\u0159\u00edzen\u00ed.<\/p>\n<p data-start=\"2671\" data-end=\"2783\"><strong data-start=\"2671\" data-end=\"2703\">3. Mohu upravit pr\u016ftok vzduchu?<\/strong><br data-start=\"2703\" data-end=\"2706\" \/>Ano, obsahuje <strong data-start=\"2723\" data-end=\"2745\">nastaven\u00ed pr\u016ftoku vzduchu<\/strong> pro t\u011bsn\u00e9 nebo otev\u0159en\u00e9 tahy.<\/p>\n<p data-start=\"2785\" data-end=\"2924\"><strong data-start=\"2785\" data-end=\"2828\">4. Jak\u00e9 mo\u017enosti nikotinu jsou k dispozici?<\/strong><br data-start=\"2828\" data-end=\"2831\" \/>Podporuje <strong data-start=\"2843\" data-end=\"2864\">0% \/ 2% \/ 3% \/ 5%<\/strong>, co\u017e je vhodn\u00e9 pro u\u017eivatele bez nikotinu a s vysokou silou.<\/p>\n<p data-start=\"2926\" data-end=\"3121\"><strong data-start=\"2926\" data-end=\"2974\">5. Je to vhodn\u00e9 pro velkoobchodn\u00ed a hromadn\u00e9 objedn\u00e1vky?<\/strong><br data-start=\"2974\" data-end=\"2977\" \/>Rozhodn\u011b \u2014 je navr\u017eeno pro distributory, kte\u0159\u00ed pot\u0159ebuj\u00ed stabiln\u00ed dod\u00e1vku od <strong data-start=\"3050\" data-end=\"3084\">\u010c\u00edna dodavatel jednor\u00e1zov\u00fdch vaporiz\u00e9r\u016f<\/strong>, s velkou popt\u00e1vkou po cel\u00e9 Evrop\u011b.<\/p>\n<\/div>\n<\/div>\n<\/div>\n<\/div>","protected":false},"excerpt":{"rendered":"<article class=\"text-token-text-primary w-full focus:outline-none [--shadow-height:45px] has-data-writing-block:pointer-events-none has-data-writing-block:-mt-(--shadow-height) has-data-writing-block:pt-(--shadow-height) [&amp;:has([data-writing-block])&gt;*]:pointer-events-auto [content-visibility:auto] supports-[content-visibility:auto]:[contain-intrinsic-size:auto_100lvh] scroll-mt-[calc(var(--header-height)+min(200px,max(70px,20svh)))]\" dir=\"auto\" tabindex=\"-1\" data-turn-id=\"86ca9d92-7a10-4e6b-bda0-15f9df36adca\" data-testid=\"conversation-turn-120\" data-scroll-anchor=\"true\" data-turn=\"assistant\">\n<div class=\"text-base my-auto mx-auto pb-10 [--thread-content-margin:--spacing(4)] thread-sm:[--thread-content-margin:--spacing(6)] thread-lg:[--thread-content-margin:--spacing(16)] px-(--thread-content-margin)\">\n<div class=\"[--thread-content-max-width:40rem] thread-lg:[--thread-content-max-width:48rem] mx-auto max-w-(--thread-content-max-width) flex-1 group\/turn-messages focus-visible:outline-hidden relative flex w-full min-w-0 flex-col agent-turn\" tabindex=\"-1\">\n<div class=\"flex max-w-full flex-col grow\">\n<div class=\"min-h-8 text-message relative flex w-full flex-col items-end gap-2 text-start break-words whitespace-normal [.text-message+&amp;]:mt-1\" dir=\"auto\" data-message-author-role=\"assistant\" data-message-id=\"43b070d6-bf28-4fbe-8049-1032a61ea3ac\" data-message-model-slug=\"gpt-5\">\n<div class=\"flex w-full flex-col gap-1 empty:hidden first:pt-[1px]\">\n<div class=\"markdown prose dark:prose-invert w-full break-words light markdown-new-styling\">\n<p data-start=\"3431\" data-end=\"3519\"><strong data-start=\"3431\" data-end=\"3517\">AINOVO AIPOD 30K Vym\u011bniteln\u00e1 n\u00e1dr\u017e Vaporiz\u00e9r \u2013 30000 Puf Chytr\u00fd jednor\u00e1zov\u00fd pro velkoobchod<\/strong><\/p>\n<p data-start=\"3523\" data-end=\"3604\"><strong data-start=\"3523\" data-end=\"3602\">Koupit AINOVO AIM AIPOD 30000 Puf \u2013 Dvojit\u00e1 s\u00ed\u0165 30K vaporiz\u00e9r sada pro velkoobchodn\u00ed objedn\u00e1vky v EU<\/strong><\/p>\n<p data-start=\"3608\" data-end=\"3688\" data-is-last-node=\"\"><strong data-start=\"3608\" data-end=\"3688\" data-is-last-node=\"\">AINOVO AIPOD 30000 Puf Jednor\u00e1zov\u00fd \u2013 30K Vym\u011bniteln\u00e1 n\u00e1dr\u017e Vaporiz\u00e9r Hork\u00fd prodej<\/strong><\/p>\n<\/div>\n<\/div>\n<\/div>\n<\/div>\n<\/div>\n<\/div>\n<\/article>\n<p><img fetchpriority=\"high\" decoding=\"async\" class=\"size-full wp-image-2932\" src=\"https:\/\/vapestornado.com\/wp-content\/uploads\/2024\/12\/Vape-Wholesale.jpg\" alt=\"Velkoobchod s vape\" width=\"229\" height=\"300\" \/><\/p>\n<h3><a href=\"https:\/\/wa.me\/8617776015835\"><span style=\"color: #ff0000;\"><strong>WhatsApp: +86 17776015835<\/strong><\/span><\/a><\/h3>\n<p>&nbsp;<\/p>","protected":false},"featured_media":4538,"comment_status":"open","ping_status":"closed","template":"","meta":{"_acf_changed":false,"_uag_custom_page_level_css":"","_lmt_disableupdate":"no","_lmt_disable":"","_monsterinsights_skip_tracking":false,"_monsterinsights_sitenote_active":false,"_monsterinsights_sitenote_note":"","_monsterinsights_sitenote_category":0,"site-sidebar-layout":"default","site-content-layout":"","ast-site-content-layout":"default","site-content-style":"default","site-sidebar-style":"default","ast-global-header-display":"","ast-banner-title-visibility":"","ast-main-header-display":"","ast-hfb-above-header-display":"","ast-hfb-below-header-display":"","ast-hfb-mobile-header-display":"","site-post-title":"","ast-breadcrumbs-content":"","ast-featured-img":"","footer-sml-layout":"","ast-disable-related-posts":"","theme-transparent-header-meta":"default","adv-header-id-meta":"","stick-header-meta":"","header-above-stick-meta":"","header-main-stick-meta":"","header-below-stick-meta":"","astra-migrate-meta-layouts":"set","ast-page-background-enabled":"default","ast-page-background-meta":{"desktop":{"background-color":"","background-image":"","background-repeat":"repeat","background-position":"center center","background-size":"auto","background-attachment":"scroll","background-type":"","background-media":"","overlay-type":"","overlay-color":"","overlay-opacity":"","overlay-gradient":""},"tablet":{"background-color":"","background-image":"","background-repeat":"repeat","background-position":"center center","background-size":"auto","background-attachment":"scroll","background-type":"","background-media":"","overlay-type":"","overlay-color":"","overlay-opacity":"","overlay-gradient":""},"mobile":{"background-color":"","background-image":"","background-repeat":"repeat","background-position":"center center","background-size":"auto","background-attachment":"scroll","background-type":"","background-media":"","overlay-type":"","overlay-color":"","overlay-opacity":"","overlay-gradient":""}},"ast-content-background-meta":{"desktop":{"background-color":"var(--ast-global-color-5)","background-image":"","background-repeat":"repeat","background-position":"center center","background-size":"auto","background-attachment":"scroll","background-type":"","background-media":"","overlay-type":"","overlay-color":"","overlay-opacity":"","overlay-gradient":""},"tablet":{"background-color":"var(--ast-global-color-5)","background-image":"","background-repeat":"repeat","background-position":"center center","background-size":"auto","background-attachment":"scroll","background-type":"","background-media":"","overlay-type":"","overlay-color":"","overlay-opacity":"","overlay-gradient":""},"mobile":{"background-color":"var(--ast-global-color-5)","background-image":"","background-repeat":"repeat","background-position":"center center","background-size":"auto","background-attachment":"scroll","background-type":"","background-media":"","overlay-type":"","overlay-color":"","overlay-opacity":"","overlay-gradient":""}},"_joinchat":{"telephone":"17776015835"}},"product_brand":[],"product_cat":[67,176,152,154,156,158,142,357,144],"product_tag":[432,105,430,94,431,301],"class_list":{"0":"post-4543","1":"product","2":"type-product","3":"status-publish","4":"has-post-thumbnail","6":"product_cat-30000-puff","7":"product_cat-aivono-vape","8":"product_cat-buy-disposable-vapes-in-cermany","9":"product_cat-buy-disposable-vapes-in-netherlands","10":"product_cat-buy-disposable-vapes-in-poland","11":"product_cat-buy-disposable-vapes-in-spain","12":"product_cat-digital-box-disposable-vapes","13":"product_cat-flavor-adjustable-vape","14":"product_cat-low-nicotine-disposable-vapes","15":"product_tag-china-disposable-vape-supplier","16":"product_tag-digital-disposable-vape","17":"product_tag-disposables-vaper","18":"product_tag-rechargeable-disposable-vape","19":"product_tag-replaceable-tank-disposable-vape-kit","20":"product_tag-vapor-wholesale","21":"desktop-align-left","22":"tablet-align-left","23":"mobile-align-left","25":"first","26":"instock","27":"sale","28":"shipping-taxable","29":"purchasable","30":"product-type-simple"},"acf":[],"uagb_featured_image_src":{"full":["https:\/\/vapestornado.com\/wp-content\/uploads\/2025\/11\/Aivono-30k-30000-Puffs-Disposable-Vape.webp",800,800,false],"thumbnail":["https:\/\/vapestornado.com\/wp-content\/uploads\/2025\/11\/Aivono-30k-30000-Puffs-Disposable-Vape-150x150.webp",150,150,true],"medium":["https:\/\/vapestornado.com\/wp-content\/uploads\/2025\/11\/Aivono-30k-30000-Puffs-Disposable-Vape-300x300.webp",300,300,true],"medium_large":["https:\/\/vapestornado.com\/wp-content\/uploads\/2025\/11\/Aivono-30k-30000-Puffs-Disposable-Vape-768x768.webp",768,768,true],"large":["https:\/\/vapestornado.com\/wp-content\/uploads\/2025\/11\/Aivono-30k-30000-Puffs-Disposable-Vape.webp",800,800,false],"1536x1536":["https:\/\/vapestornado.com\/wp-content\/uploads\/2025\/11\/Aivono-30k-30000-Puffs-Disposable-Vape.webp",800,800,false],"2048x2048":["https:\/\/vapestornado.com\/wp-content\/uploads\/2025\/11\/Aivono-30k-30000-Puffs-Disposable-Vape.webp",800,800,false],"trp-custom-language-flag":["https:\/\/vapestornado.com\/wp-content\/uploads\/2025\/11\/Aivono-30k-30000-Puffs-Disposable-Vape-12x12.webp",12,12,true],"woocommerce_thumbnail":["https:\/\/vapestornado.com\/wp-content\/uploads\/2025\/11\/Aivono-30k-30000-Puffs-Disposable-Vape-300x300.webp",300,300,true],"woocommerce_single":["https:\/\/vapestornado.com\/wp-content\/uploads\/2025\/11\/Aivono-30k-30000-Puffs-Disposable-Vape-600x600.webp",600,600,true],"woocommerce_gallery_thumbnail":["https:\/\/vapestornado.com\/wp-content\/uploads\/2025\/11\/Aivono-30k-30000-Puffs-Disposable-Vape-100x100.webp",100,100,true]},"uagb_author_info":{"display_name":"ESAMY","author_link":"https:\/\/vapestornado.com\/cs\/author\/"},"uagb_comment_info":0,"uagb_excerpt":"AINOVO AIPOD 30K Replaceable Tank Vape \u2013 30000 Puff Smart Disposable for Wholesale Buy AINOVO AIM AIPOD 30000 Puff \u2013 Dual Mesh 30K Vape Kit for EU Bulk Orders AINOVO AIPOD 30000 Puff Disposable \u2013 30K Replaceable Tank Vape Hot Sale WhatsApp: +86 17776015835 &nbsp;","_links":{"self":[{"href":"https:\/\/vapestornado.com\/cs\/wp-json\/wp\/v2\/product\/4543","targetHints":{"allow":["GET"]}}],"collection":[{"href":"https:\/\/vapestornado.com\/cs\/wp-json\/wp\/v2\/product"}],"about":[{"href":"https:\/\/vapestornado.com\/cs\/wp-json\/wp\/v2\/types\/product"}],"replies":[{"embeddable":true,"href":"https:\/\/vapestornado.com\/cs\/wp-json\/wp\/v2\/comments?post=4543"}],"wp:featuredmedia":[{"embeddable":true,"href":"https:\/\/vapestornado.com\/cs\/wp-json\/wp\/v2\/media\/4538"}],"wp:attachment":[{"href":"https:\/\/vapestornado.com\/cs\/wp-json\/wp\/v2\/media?parent=4543"}],"wp:term":[{"taxonomy":"product_brand","embeddable":true,"href":"https:\/\/vapestornado.com\/cs\/wp-json\/wp\/v2\/product_brand?post=4543"},{"taxonomy":"product_cat","embeddable":true,"href":"https:\/\/vapestornado.com\/cs\/wp-json\/wp\/v2\/product_cat?post=4543"},{"taxonomy":"product_tag","embeddable":true,"href":"https:\/\/vapestornado.com\/cs\/wp-json\/wp\/v2\/product_tag?post=4543"}],"curies":[{"name":"wp","href":"https:\/\/api.w.org\/{rel}","templated":true}]}}