{"id":4537,"date":"2025-11-13T08:50:19","date_gmt":"2025-11-13T08:50:19","guid":{"rendered":"https:\/\/vapestornado.com\/?post_type=product&#038;p=4537"},"modified":"2025-11-13T09:14:06","modified_gmt":"2025-11-13T09:14:06","slug":"uzy-bang-digital-15k-puff-monkey-vape-pen-eu-warehouse-fast-shipping","status":"publish","type":"product","link":"https:\/\/vapestornado.com\/cs\/product\/uzy-bang-digital-15k-puff-monkey-vape-pen-eu-warehouse-fast-shipping\/","title":{"rendered":"UZY Bang Digital 15K Puff 15000 Monkey Vape Pero Sklad EU Rychl\u00e9 Doru\u010den\u00ed"},"content":{"rendered":"<h2 data-pm-slice=\"1 1 []\">UZY Bang Digital 15K Puff \u2013 Kompaktn\u00ed v\u00fdkon, pr\u00e9miov\u00e1 chu\u0165, rychl\u00e9 doru\u010den\u00ed do EU<\/h2>\n<p data-start=\"90\" data-end=\"703\">Ten <strong data-start=\"94\" data-end=\"118\">UZY Bang Digital 15K<\/strong> p\u0159edefinuje, co m\u016f\u017ee nab\u00eddnout kompaktn\u00ed <strong data-start=\"144\" data-end=\"171\">digit\u00e1ln\u00ed jednor\u00e1zov\u00e1 vaporiz\u00e9r<\/strong> s kapacitou <strong data-start=\"190\" data-end=\"222\">15000 potah\u016f<\/strong> a <strong data-start=\"227\" data-end=\"254\">25ml p\u0159ednapln\u011bn\u00e9ho e-liquidu<\/strong>, tento model kombinuje dlouhotrvaj\u00edc\u00ed v\u00fdkon s jemnou, konzistentn\u00ed tvorbou par. Navr\u017een pro vapery, kte\u0159\u00ed po\u017eaduj\u00ed jak v\u00fddr\u017e, tak chu\u0165, <strong data-start=\"406\" data-end=\"423\">UZY 15K Puch\u00fd\u0159\u016f<\/strong> obsahuje <strong data-start=\"435\" data-end=\"453\">1.0\u03a9 s\u00ed\u0165ov\u00e1 c\u00edvka<\/strong> pro hust\u00e9 mraky a \u010distou chu\u0165 p\u0159i ka\u017ed\u00e9m potahu. Jeho <strong data-start=\"506\" data-end=\"544\">850mAh Type-C dob\u00edjec\u00ed baterie<\/strong> zaji\u0161\u0165uje celodenn\u00ed v\u00fdkon s rychl\u00fdm, efektivn\u00edm dob\u00edjen\u00edm \u2014 co\u017e z n\u011bj \u010din\u00ed ide\u00e1ln\u00ed volbu pro ka\u017edodenn\u00ed u\u017eivatele i velkoobchodn\u00edky hledaj\u00edc\u00ed spolehlivost p\u0159i hromadn\u00fdch objedn\u00e1vk\u00e1ch.<\/p>\n<p data-start=\"705\" data-end=\"1168\">Tento <strong data-start=\"710\" data-end=\"735\">chytr\u00fd jednor\u00e1zov\u00fd vaporiz\u00e9r<\/strong> vynik\u00e1 s <strong data-start=\"754\" data-end=\"777\">digit\u00e1ln\u00ed LED displej<\/strong> kter\u00fd sleduje \u017eivotnost baterie a hladinu e-liquidu v re\u00e1ln\u00e9m \u010dase \u2014 funkce, kterou najdete z\u0159\u00eddka u kompaktn\u00edch vaporiz\u00e9r\u016f. Funkce <strong data-start=\"883\" data-end=\"930\">nastaviteln\u00e9 mo\u017enosti nikotinu (0%, 2%, 3%, 5%)<\/strong> d\u011bl\u00e1 ide\u00e1ln\u00edm pro v\u0161echny preference, od u\u017eivatel\u016f bez nikotinu po ty, kte\u0159\u00ed si u\u017e\u00edvaj\u00ed siln\u011bj\u0161\u00ed pocit v krku. Kompaktn\u00ed, ale v\u00fdkonn\u00fd, tento <strong data-start=\"1057\" data-end=\"1080\">UZY Digit\u00e1ln\u00ed 15K Puch\u00fd\u0159\u016f<\/strong> se snadno vejde do kapsy a p\u0159itom nab\u00edz\u00ed v\u00fdkon srovnateln\u00fd s v\u011bt\u0161\u00edmi za\u0159\u00edzen\u00edmi.<\/p>\n<p data-start=\"1170\" data-end=\"1516\">S dostupnost\u00ed skladem v na\u0161em <strong data-start=\"1198\" data-end=\"1214\">EU skladu<\/strong> a <strong data-start=\"1219\" data-end=\"1296\">rychl\u00e9 doru\u010den\u00ed do zem\u00ed jako Francie, N\u011bmecko, \u0160pan\u011blsko, It\u00e1lie a Polsko<\/strong>, <strong data-start=\"1302\" data-end=\"1331\">UZY Bang Digit\u00e1ln\u00ed 15K Puch\u00fd\u0159\u016f<\/strong> je va\u0161e nejlep\u0161\u00ed volba pro velkoobchodn\u00ed a maloobchodn\u00ed prodeje s vysokou mar\u017e\u00ed. Je to ekologick\u00e1, dob\u00edjec\u00ed jednor\u00e1zov\u00e1 cigareta \u2014 sni\u017euje odpad a z\u00e1rove\u0148 nab\u00edz\u00ed bezkonkuren\u010dn\u00ed pohodl\u00ed a kvalitn\u00ed chu\u0165.<\/p>\n<p data-start=\"666\" data-end=\"1235\"><strong style=\"font-size: 16px;\"><span style=\"color: #ff0000;\">P\u0159idejte si WhatsApp Amy a z\u00edskejte okam\u017eitou odpov\u011b\u010f a zv\u00fdhodn\u011bnou cenu!<\/span><\/strong><\/p>\n<p><img fetchpriority=\"high\" decoding=\"async\" class=\"size-full wp-image-2932\" src=\"https:\/\/vapestornado.com\/wp-content\/uploads\/2024\/12\/Vape-Wholesale.jpg\" alt=\"Velkoobchod s vape\" width=\"229\" height=\"300\" \/><\/p>\n<h3><a href=\"https:\/\/wa.me\/8617776015835\" target=\"_blank\" rel=\"noopener\"><span style=\"color: #ff0000;\"><strong>WhatsApp: +86 17776015835<\/strong><\/span><\/a><\/h3>\n<p>&nbsp;<\/p>\n<h2><strong>UZY Bang Digital 15K Bar Kl\u00ed\u010dov\u00e9 vlastnosti produktu<\/strong><\/h2>\n<ul>\n<li data-start=\"1573\" data-end=\"1606\">\n<p data-start=\"1575\" data-end=\"1606\"><strong data-start=\"1575\" data-end=\"1585\">Potahy:<\/strong> A\u017e 15 000 pota\u017een\u00ed<\/p>\n<\/li>\n<li data-start=\"1607\" data-end=\"1655\">\n<p data-start=\"1609\" data-end=\"1655\"><strong data-start=\"1609\" data-end=\"1631\">Kapacita e-liquidu:<\/strong> 25ml pr\u00e9miov\u00e9ho soli nikotin<\/p>\n<\/li>\n<li data-start=\"1656\" data-end=\"1699\">\n<p data-start=\"1658\" data-end=\"1699\"><strong data-start=\"1658\" data-end=\"1670\">Baterie:<\/strong> 850mAh dob\u00edjec\u00ed Type-C<\/p>\n<\/li>\n<li data-start=\"1700\" data-end=\"1744\">\n<p data-start=\"1702\" data-end=\"1744\"><strong data-start=\"1702\" data-end=\"1711\">C\u00edvka:<\/strong> mesh c\u00edvka 1.0\u03a9 pro bohat\u00e9 mraky<\/p>\n<\/li>\n<li data-start=\"1745\" data-end=\"1804\">\n<p data-start=\"1747\" data-end=\"1804\"><strong data-start=\"1747\" data-end=\"1759\">Displej:<\/strong> Digit\u00e1ln\u00ed LED displej (stav baterie a hladina n\u00e1pln\u011b)<\/p>\n<\/li>\n<li data-start=\"1805\" data-end=\"1846\">\n<p data-start=\"1807\" data-end=\"1846\"><strong data-start=\"1807\" data-end=\"1829\">S\u00edla nikotinu:<\/strong> 0%, 2%, 3%, 5%<\/p>\n<\/li>\n<li data-start=\"1847\" data-end=\"1888\">\n<p data-start=\"1849\" data-end=\"1888\"><strong data-start=\"1849\" data-end=\"1867\">Nab\u00edjec\u00ed port:<\/strong> rychl\u00e9 nab\u00edjen\u00ed Type-C<\/p>\n<\/li>\n<li data-start=\"1889\" data-end=\"1945\">\n<p data-start=\"1891\" data-end=\"1945\"><strong data-start=\"1891\" data-end=\"1905\">Sklad:<\/strong> Sklad EU, rychl\u00e9 doru\u010den\u00ed po cel\u00e9 Evrop\u011b<\/p>\n<\/li>\n<\/ul>\n<figure id=\"attachment_4531\" aria-describedby=\"caption-attachment-4531\" style=\"width: 300px\" class=\"wp-caption alignnone\"><img decoding=\"async\" class=\"size-medium wp-image-4531\" src=\"https:\/\/vapestornado.com\/wp-content\/uploads\/2025\/11\/Original-Uzy-Bang-Digital-15000-Puff-15k-Disposable-E-Cigs-300x300.webp\" alt=\"Origin\u00e1ln\u00ed Uzy Bang Digital 15000 Potah\u016f Jednor\u00e1zov\u00e9 E Cigarety\" width=\"300\" height=\"300\" srcset=\"https:\/\/vapestornado.com\/wp-content\/uploads\/2025\/11\/Original-Uzy-Bang-Digital-15000-Puff-15k-Disposable-E-Cigs-300x300.webp 300w, https:\/\/vapestornado.com\/wp-content\/uploads\/2025\/11\/Original-Uzy-Bang-Digital-15000-Puff-15k-Disposable-E-Cigs-150x150.webp 150w, https:\/\/vapestornado.com\/wp-content\/uploads\/2025\/11\/Original-Uzy-Bang-Digital-15000-Puff-15k-Disposable-E-Cigs-768x768.webp 768w, https:\/\/vapestornado.com\/wp-content\/uploads\/2025\/11\/Original-Uzy-Bang-Digital-15000-Puff-15k-Disposable-E-Cigs-12x12.webp 12w, https:\/\/vapestornado.com\/wp-content\/uploads\/2025\/11\/Original-Uzy-Bang-Digital-15000-Puff-15k-Disposable-E-Cigs-600x600.webp 600w, https:\/\/vapestornado.com\/wp-content\/uploads\/2025\/11\/Original-Uzy-Bang-Digital-15000-Puff-15k-Disposable-E-Cigs-100x100.webp 100w, https:\/\/vapestornado.com\/wp-content\/uploads\/2025\/11\/Original-Uzy-Bang-Digital-15000-Puff-15k-Disposable-E-Cigs.webp 800w\" sizes=\"(max-width: 300px) 100vw, 300px\" \/><figcaption id=\"caption-attachment-4531\" class=\"wp-caption-text\">Origin\u00e1ln\u00ed Uzy Bang Digital 15000 Potah\u016f Jednor\u00e1zov\u00e9 E Cigarety<\/figcaption><\/figure>\n<h2 class=\"product-title\"><strong>UZY Bang Digital 15K Jednor\u00e1zov\u00e9 Vapery P\u0159\u00edchut\u011b seznam<\/strong><\/h2>\n<p>1. Jahoda Watermelon<br \/>\n2. Bor\u016fvka na ledu<br \/>\n3. Broskev Mango Ananas<br \/>\n4. Hroznov\u00fd led<br \/>\n5. Watermelon led<br \/>\n6. Broskev led<br \/>\n7.Jahoda kiwi<br \/>\n8.Bor\u016fvka malina<br \/>\n9. Kiwi Passion Fruit<br \/>\n10.M R Modr\u00e1<br \/>\n11.Triple M mango ice<br \/>\n12. \u010cerven\u00e1 energie led<\/p>\n<h3 data-start=\"2251\" data-end=\"2296\"><strong data-start=\"2255\" data-end=\"2296\">Pro\u010d zvolit UZY Bang Digital 15K Puf?<\/strong><\/h3>\n<ul data-start=\"2297\" data-end=\"2680\">\n<li data-start=\"2297\" data-end=\"2373\">\n<p data-start=\"2299\" data-end=\"2373\"><strong data-start=\"2299\" data-end=\"2328\">Dlouhotrvaj\u00edc\u00ed v\u00fdkon:<\/strong> 15 000 puf\u016f pro prodlou\u017een\u00e9 vapov\u00e1n\u00ed.<\/p>\n<\/li>\n<li data-start=\"2374\" data-end=\"2447\">\n<p data-start=\"2376\" data-end=\"2447\"><strong data-start=\"2376\" data-end=\"2407\">V\u0161estrann\u00e9 mo\u017enosti nikotinu:<\/strong> Vyberte mezi 0\u20135% pro \u00faplnou kontrolu.<\/p>\n<\/li>\n<li data-start=\"2448\" data-end=\"2528\">\n<p data-start=\"2450\" data-end=\"2528\"><strong data-start=\"2450\" data-end=\"2480\">Chytr\u00e9 zobrazen\u00ed pro pohodl\u00ed:<\/strong> Z\u016fsta\u0148te informov\u00e1ni o stavu baterie a n\u00e1pln\u011b.<\/p>\n<\/li>\n<li data-start=\"2529\" data-end=\"2601\">\n<p data-start=\"2531\" data-end=\"2601\"><strong data-start=\"2531\" data-end=\"2550\">Sklad v \u010cR:<\/strong> Rychl\u00e9 a spolehliv\u00e9 doru\u010den\u00ed pro evropsk\u00e9 prodejce.<\/p>\n<\/li>\n<li data-start=\"2602\" data-end=\"2680\">\n<p data-start=\"2604\" data-end=\"2680\"><strong data-start=\"2604\" data-end=\"2629\">Ekologicky uv\u011bdom\u011bl\u00fd design:<\/strong> Dob\u00edjec\u00ed syst\u00e9m sni\u017euje ekologick\u00fd odpad.<\/p>\n<\/li>\n<\/ul>\n<h3 data-start=\"2687\" data-end=\"2754\"><strong data-start=\"2691\" data-end=\"2754\">Porovn\u00e1n\u00ed: UZY Bang Digital 15K vs tradi\u010dn\u00ed jednor\u00e1zov\u00e9 v\u00fdrobky<\/strong><\/h3>\n<p data-start=\"2755\" data-end=\"3026\">Na rozd\u00edl od standardn\u00edch 5K\u20138K pufov\u00fdch ty\u010dinek, <strong data-start=\"2792\" data-end=\"2815\">UZYDigital 15K Puf<\/strong> p\u0159in\u00e1\u0161\u00ed trojn\u00e1sobnou \u017eivotnost a chyt\u0159ej\u0161\u00ed kontrolu vapov\u00e1n\u00ed. LED displej a nab\u00edjen\u00ed Type-C \u010din\u00ed z n\u011bj mnohem prakti\u010dt\u011bj\u0161\u00ed volbu pro dlouhodob\u00e9 pou\u017e\u00edv\u00e1n\u00ed, zat\u00edmco s\u00ed\u0165ov\u00e1 c\u00edvka zaji\u0161\u0165uje, \u017ee ka\u017ed\u00fd puf bude chutnat \u010derstv\u011b a\u017e do posledn\u00edho.<\/p>\n<p>&nbsp;<\/p>\n<h2>Pro\u010d zvolit Vapestornado pro hromadn\u00fd n\u00e1kup UZY Bang Digital 15K Puf\u016f?<\/h2>\n<div class=\"flex-shrink-0 flex flex-col relative items-end\">\n<div class=\"pt-0\">\n<div class=\"gizmo-bot-avatar flex h-8 w-8 items-center justify-center overflow-hidden rounded-full\">\n<div class=\"relative p-1 rounded-sm flex items-center justify-center bg-token-main-surface-primary text-token-text-primary h-8 w-8\">\n<p>At\u00a0<strong>Vapes Tornado<\/strong>, jsme hrd\u00ed na to, \u017ee dod\u00e1v\u00e1me\u00a0<strong>pr\u00e9miov\u00e9 vapingov\u00e9 produkty za bezkonkuren\u010dn\u00ed ceny<\/strong>\u00a0Tady je d\u016fvod, pro\u010d byste m\u011bli nakupovat od n\u00e1s:<\/p>\n<p data-start=\"235\" data-end=\"360\"><strong data-start=\"235\" data-end=\"261\">Nejlep\u0161\u00ed velkoobchodn\u00ed nab\u00eddky<\/strong> \u2013 U\u017eijte si <strong data-start=\"270\" data-end=\"297\">v\u00fdhodn\u00e9 velkoobchodn\u00ed ceny s vysokou mar\u017e\u00ed<\/strong> p\u0159izp\u016fsoben\u00e9 pro prodejce, distributory vaporiz\u00e9r\u016f a maloobchodn\u00ed obchody.<\/p>\n<p data-start=\"362\" data-end=\"513\"><strong data-start=\"362\" data-end=\"400\">\u2714 Rychl\u00e1 a bezpe\u010dn\u00e1 celosv\u011btov\u00e1 doprava<\/strong> \u2013 Zaji\u0161\u0165ujeme <strong data-start=\"413\" data-end=\"443\">rychl\u00e9, sledovateln\u00e9 doru\u010den\u00ed<\/strong> nap\u0159\u00ed\u010d Evropou a d\u00e1le, aby va\u0161e z\u00e1silka dorazila bezpe\u010dn\u011b a v\u010das.<\/p>\n<p data-start=\"515\" data-end=\"646\"><strong data-start=\"515\" data-end=\"542\">\u2714 100% Origin\u00e1ln\u00ed produkty<\/strong> \u2013 Ka\u017ed\u00fd <strong data-start=\"551\" data-end=\"578\">WASPE Triple 60000 vaporiz\u00e9r<\/strong> kter\u00fd prod\u00e1v\u00e1me, je <strong data-start=\"590\" data-end=\"625\">autentick\u00fd a certifikovan\u00fd v\u00fdrobcem<\/strong>, nikdy napodobeniny.<\/p>\n<p data-start=\"648\" data-end=\"799\"><strong data-start=\"648\" data-end=\"676\">\u2714 Vyhrazen\u00fd t\u00fdm podpory<\/strong> \u2013 Pot\u0159ebujete pomoc? Na\u0161i <strong data-start=\"694\" data-end=\"733\">specialist\u00e9 na vaporiz\u00e9ry jsou k dispozici 24\/7<\/strong>, p\u0159ipraveni odpov\u011bd\u011bt na va\u0161e ot\u00e1zky a pomoci s objedn\u00e1vkami kdykoli.<\/p>\n<p>&nbsp;<\/p>\n<p data-start=\"559\" data-end=\"933\" data-is-last-node=\"\" data-is-only-node=\"\">M\u00e1me tak\u00e9 dal\u0161\u00ed obl\u00edbenou jednor\u00e1zovou vaporiz\u00e9r s displejem, nap\u0159\u00edklad <a href=\"https:\/\/vapestornado.com\/cs\/product\/uzy-150k-puffs-6-in-1-flavor-switch-disposable-vape-pen-wholesale\/\">UZY 150K Puf p\u0159ep\u00edn\u00e1n\u00ed p\u0159\u00edchut\u00ed vaporiz\u00e9r<\/a>, <a href=\"https:\/\/vapestornado.com\/cs\/product\/vozol-rave-40k-40000-puffs-disposable-vape-smart-screen-5-nicotine\/\">VOZOL RAVE 40K Jednor\u00e1zov\u00e1 vaporiz\u00e9r<\/a>, <a href=\"https:\/\/vapestornado.com\/cs\/product\/waspe-150k-150000-puff-6-in-1-disposable-vape-pen-cartridge-best-wholesale-price-in-poland\/\">WASPE 150K Puf 6 v 1<\/a>, a dal\u0161\u00ed.<\/p>\n<\/div>\n<div class=\"relative p-1 rounded-sm flex items-center justify-center bg-token-main-surface-primary text-token-text-primary h-8 w-8\">\n<h2>\u010cASTO KLADEN\u00c9 DOTAZY o UZY Bang Digital 15K Puffs<\/h2>\n<p data-start=\"3074\" data-end=\"3210\"><strong data-start=\"3074\" data-end=\"3125\">1. Jak dlouho vydr\u017e\u00ed UZY Bang Digital 15K?<\/strong><br data-start=\"3125\" data-end=\"3128\" \/>Poskytuje a\u017e 15 000 pota\u017een\u00ed, v z\u00e1vislosti na frekvenci kou\u0159en\u00ed a d\u00e9lce pota\u017een\u00ed.<\/p>\n<p data-start=\"3212\" data-end=\"3329\"><strong data-start=\"3212\" data-end=\"3255\">2. Je UZY Digital 15K dob\u00edjec\u00ed?<\/strong><br data-start=\"3255\" data-end=\"3258\" \/>Ano, m\u00e1 vestav\u011bnou baterii 850mAh s rychl\u00fdm nab\u00edjen\u00edm p\u0159es Type-C.<\/p>\n<p data-start=\"3331\" data-end=\"3452\"><strong data-start=\"3331\" data-end=\"3369\">3. Kolik chut\u00ed je k dispozici?<\/strong><br data-start=\"3369\" data-end=\"3372\" \/>K dispozici je 12 unik\u00e1tn\u00edch p\u0159\u00edchut\u00ed, od ovocn\u00fdch sm\u011bs\u00ed po ledov\u011b chladn\u00e9 varianty.<\/p>\n<p data-start=\"3454\" data-end=\"3579\"><strong data-start=\"3454\" data-end=\"3499\">4. Zobrazuje \u00farove\u0148 baterie a n\u00e1pln\u011b?<\/strong><br data-start=\"3499\" data-end=\"3502\" \/>Ano, digit\u00e1ln\u00ed LED displej zobrazuje aktu\u00e1ln\u00ed stav baterie a e-liquidu.<\/p>\n<p data-start=\"3581\" data-end=\"3743\"><strong data-start=\"3581\" data-end=\"3615\">5. Kde ho mohu koupit ve velk\u00e9m mno\u017estv\u00ed?<\/strong><br data-start=\"3615\" data-end=\"3618\" \/>Velkoobchodn\u00ed objedn\u00e1vky jsou odes\u00edl\u00e1ny p\u0159\u00edmo z na\u0161eho <strong data-start=\"3658\" data-end=\"3674\">EU skladu<\/strong>, zaji\u0161\u0165uj\u00edc\u00ed <strong data-start=\"3685\" data-end=\"3726\">rychl\u00e9 doru\u010den\u00ed a konkurenceschopn\u00e9 ceny<\/strong> po cel\u00e9 Evrop\u011b.<\/p>\n<\/div>\n<\/div>\n<\/div>\n<\/div>","protected":false},"excerpt":{"rendered":"<article class=\"text-token-text-primary w-full focus:outline-none [--shadow-height:45px] has-data-writing-block:pointer-events-none has-data-writing-block:-mt-(--shadow-height) has-data-writing-block:pt-(--shadow-height) [&amp;:has([data-writing-block])&gt;*]:pointer-events-auto [content-visibility:auto] supports-[content-visibility:auto]:[contain-intrinsic-size:auto_100lvh] scroll-mt-[calc(var(--header-height)+min(200px,max(70px,20svh)))]\" dir=\"auto\" tabindex=\"-1\" data-turn-id=\"86ca9d92-7a10-4e6b-bda0-15f9df36adca\" data-testid=\"conversation-turn-120\" data-scroll-anchor=\"true\" data-turn=\"assistant\">\n<div class=\"text-base my-auto mx-auto pb-10 [--thread-content-margin:--spacing(4)] thread-sm:[--thread-content-margin:--spacing(6)] thread-lg:[--thread-content-margin:--spacing(16)] px-(--thread-content-margin)\">\n<div class=\"[--thread-content-max-width:40rem] thread-lg:[--thread-content-max-width:48rem] mx-auto max-w-(--thread-content-max-width) flex-1 group\/turn-messages focus-visible:outline-hidden relative flex w-full min-w-0 flex-col agent-turn\" tabindex=\"-1\">\n<div class=\"flex max-w-full flex-col grow\">\n<div class=\"min-h-8 text-message relative flex w-full flex-col items-end gap-2 text-start break-words whitespace-normal [.text-message+&amp;]:mt-1\" dir=\"auto\" data-message-author-role=\"assistant\" data-message-id=\"43b070d6-bf28-4fbe-8049-1032a61ea3ac\" data-message-model-slug=\"gpt-5\">\n<div class=\"flex w-full flex-col gap-1 empty:hidden first:pt-[1px]\">\n<div class=\"markdown prose dark:prose-invert w-full break-words light markdown-new-styling\">\n<p data-start=\"4043\" data-end=\"4133\"><strong data-start=\"4043\" data-end=\"4131\">UZY Bang Digital 15K Puff \u2013 Chytr\u00e1 jednor\u00e1zov\u00e1 vaporizace s LED obrazovkou a rychl\u00fdm doru\u010den\u00edm v EU<\/strong><\/p>\n<p data-start=\"4137\" data-end=\"4227\"><strong data-start=\"4137\" data-end=\"4225\">Kupte UZY Digital 15K Vape Pen \u2013 15000 pot\u00e1hnut\u00ed dob\u00edjec\u00ed jednor\u00e1zov\u00e1 vaporizace za velkoobchodn\u00ed cenu<\/strong><\/p>\n<p data-start=\"4231\" data-end=\"4308\" data-is-last-node=\"\"><strong data-start=\"4231\" data-end=\"4308\" data-is-last-node=\"\">Sklad v EU: UZY 15K Puffs Vape s chytr\u00fdm displejem a rychl\u00fdm doru\u010den\u00edm<\/strong><\/p>\n<\/div>\n<\/div>\n<\/div>\n<\/div>\n<\/div>\n<\/div>\n<\/article>\n<p><img fetchpriority=\"high\" decoding=\"async\" class=\"size-full wp-image-2932\" src=\"https:\/\/vapestornado.com\/wp-content\/uploads\/2024\/12\/Vape-Wholesale.jpg\" alt=\"Velkoobchod s vape\" width=\"229\" height=\"300\" \/><\/p>\n<h3><a href=\"https:\/\/wa.me\/8617776015835\"><span style=\"color: #ff0000;\"><strong>WhatsApp: +86 17776015835<\/strong><\/span><\/a><\/h3>\n<p>&nbsp;<\/p>","protected":false},"featured_media":4532,"comment_status":"open","ping_status":"closed","template":"","meta":{"_acf_changed":false,"_uag_custom_page_level_css":"","_lmt_disableupdate":"no","_lmt_disable":"","_monsterinsights_skip_tracking":false,"_monsterinsights_sitenote_active":false,"_monsterinsights_sitenote_note":"","_monsterinsights_sitenote_category":0,"site-sidebar-layout":"default","site-content-layout":"","ast-site-content-layout":"default","site-content-style":"default","site-sidebar-style":"default","ast-global-header-display":"","ast-banner-title-visibility":"","ast-main-header-display":"","ast-hfb-above-header-display":"","ast-hfb-below-header-display":"","ast-hfb-mobile-header-display":"","site-post-title":"","ast-breadcrumbs-content":"","ast-featured-img":"","footer-sml-layout":"","ast-disable-related-posts":"","theme-transparent-header-meta":"default","adv-header-id-meta":"","stick-header-meta":"","header-above-stick-meta":"","header-main-stick-meta":"","header-below-stick-meta":"","astra-migrate-meta-layouts":"set","ast-page-background-enabled":"default","ast-page-background-meta":{"desktop":{"background-color":"","background-image":"","background-repeat":"repeat","background-position":"center center","background-size":"auto","background-attachment":"scroll","background-type":"","background-media":"","overlay-type":"","overlay-color":"","overlay-opacity":"","overlay-gradient":""},"tablet":{"background-color":"","background-image":"","background-repeat":"repeat","background-position":"center center","background-size":"auto","background-attachment":"scroll","background-type":"","background-media":"","overlay-type":"","overlay-color":"","overlay-opacity":"","overlay-gradient":""},"mobile":{"background-color":"","background-image":"","background-repeat":"repeat","background-position":"center center","background-size":"auto","background-attachment":"scroll","background-type":"","background-media":"","overlay-type":"","overlay-color":"","overlay-opacity":"","overlay-gradient":""}},"ast-content-background-meta":{"desktop":{"background-color":"var(--ast-global-color-5)","background-image":"","background-repeat":"repeat","background-position":"center center","background-size":"auto","background-attachment":"scroll","background-type":"","background-media":"","overlay-type":"","overlay-color":"","overlay-opacity":"","overlay-gradient":""},"tablet":{"background-color":"var(--ast-global-color-5)","background-image":"","background-repeat":"repeat","background-position":"center center","background-size":"auto","background-attachment":"scroll","background-type":"","background-media":"","overlay-type":"","overlay-color":"","overlay-opacity":"","overlay-gradient":""},"mobile":{"background-color":"var(--ast-global-color-5)","background-image":"","background-repeat":"repeat","background-position":"center center","background-size":"auto","background-attachment":"scroll","background-type":"","background-media":"","overlay-type":"","overlay-color":"","overlay-opacity":"","overlay-gradient":""}},"_joinchat":{"telephone":"17776015835"}},"product_brand":[],"product_cat":[71,152,154,156,158,142,357,144,356],"product_tag":[105,406,427,94,428,429,301],"class_list":{"0":"post-4537","1":"product","2":"type-product","3":"status-publish","4":"has-post-thumbnail","6":"product_cat-15000-puff","7":"product_cat-buy-disposable-vapes-in-cermany","8":"product_cat-buy-disposable-vapes-in-netherlands","9":"product_cat-buy-disposable-vapes-in-poland","10":"product_cat-buy-disposable-vapes-in-spain","11":"product_cat-digital-box-disposable-vapes","12":"product_cat-flavor-adjustable-vape","13":"product_cat-low-nicotine-disposable-vapes","14":"product_cat-uzy-vape","15":"product_tag-digital-disposable-vape","16":"product_tag-disposable-vape-fast-shipping","17":"product_tag-multi-flaovr-vape","18":"product_tag-rechargeable-disposable-vape","19":"product_tag-uzy-bang-digital-15k","20":"product_tag-vape-eu-warehouse","21":"product_tag-vapor-wholesale","22":"desktop-align-left","23":"tablet-align-left","24":"mobile-align-left","26":"first","27":"instock","28":"sale","29":"shipping-taxable","30":"purchasable","31":"product-type-simple"},"acf":[],"uagb_featured_image_src":{"full":["https:\/\/vapestornado.com\/wp-content\/uploads\/2025\/11\/UZY-Bang-Digital-15K-Puff-Monkey-Vape-Pen.webp",800,800,false],"thumbnail":["https:\/\/vapestornado.com\/wp-content\/uploads\/2025\/11\/UZY-Bang-Digital-15K-Puff-Monkey-Vape-Pen-150x150.webp",150,150,true],"medium":["https:\/\/vapestornado.com\/wp-content\/uploads\/2025\/11\/UZY-Bang-Digital-15K-Puff-Monkey-Vape-Pen-300x300.webp",300,300,true],"medium_large":["https:\/\/vapestornado.com\/wp-content\/uploads\/2025\/11\/UZY-Bang-Digital-15K-Puff-Monkey-Vape-Pen-768x768.webp",768,768,true],"large":["https:\/\/vapestornado.com\/wp-content\/uploads\/2025\/11\/UZY-Bang-Digital-15K-Puff-Monkey-Vape-Pen.webp",800,800,false],"1536x1536":["https:\/\/vapestornado.com\/wp-content\/uploads\/2025\/11\/UZY-Bang-Digital-15K-Puff-Monkey-Vape-Pen.webp",800,800,false],"2048x2048":["https:\/\/vapestornado.com\/wp-content\/uploads\/2025\/11\/UZY-Bang-Digital-15K-Puff-Monkey-Vape-Pen.webp",800,800,false],"trp-custom-language-flag":["https:\/\/vapestornado.com\/wp-content\/uploads\/2025\/11\/UZY-Bang-Digital-15K-Puff-Monkey-Vape-Pen-12x12.webp",12,12,true],"woocommerce_thumbnail":["https:\/\/vapestornado.com\/wp-content\/uploads\/2025\/11\/UZY-Bang-Digital-15K-Puff-Monkey-Vape-Pen-300x300.webp",300,300,true],"woocommerce_single":["https:\/\/vapestornado.com\/wp-content\/uploads\/2025\/11\/UZY-Bang-Digital-15K-Puff-Monkey-Vape-Pen-600x600.webp",600,600,true],"woocommerce_gallery_thumbnail":["https:\/\/vapestornado.com\/wp-content\/uploads\/2025\/11\/UZY-Bang-Digital-15K-Puff-Monkey-Vape-Pen-100x100.webp",100,100,true]},"uagb_author_info":{"display_name":"ESAMY","author_link":"https:\/\/vapestornado.com\/cs\/author\/"},"uagb_comment_info":1,"uagb_excerpt":"UZY Bang Digital 15K Puff \u2013 Smart Disposable Vape with LED Screen &amp; EU Fast Shipping Buy UZY Digital 15K Vape Pen \u2013 15000 Puffs Rechargeable Disposable at Wholesale Price EU Warehouse Stock: UZY 15K Puffs Vape with Smart Display &amp; Fast Delivery WhatsApp: +86 17776015835 &nbsp;","_links":{"self":[{"href":"https:\/\/vapestornado.com\/cs\/wp-json\/wp\/v2\/product\/4537","targetHints":{"allow":["GET"]}}],"collection":[{"href":"https:\/\/vapestornado.com\/cs\/wp-json\/wp\/v2\/product"}],"about":[{"href":"https:\/\/vapestornado.com\/cs\/wp-json\/wp\/v2\/types\/product"}],"replies":[{"embeddable":true,"href":"https:\/\/vapestornado.com\/cs\/wp-json\/wp\/v2\/comments?post=4537"}],"wp:featuredmedia":[{"embeddable":true,"href":"https:\/\/vapestornado.com\/cs\/wp-json\/wp\/v2\/media\/4532"}],"wp:attachment":[{"href":"https:\/\/vapestornado.com\/cs\/wp-json\/wp\/v2\/media?parent=4537"}],"wp:term":[{"taxonomy":"product_brand","embeddable":true,"href":"https:\/\/vapestornado.com\/cs\/wp-json\/wp\/v2\/product_brand?post=4537"},{"taxonomy":"product_cat","embeddable":true,"href":"https:\/\/vapestornado.com\/cs\/wp-json\/wp\/v2\/product_cat?post=4537"},{"taxonomy":"product_tag","embeddable":true,"href":"https:\/\/vapestornado.com\/cs\/wp-json\/wp\/v2\/product_tag?post=4537"}],"curies":[{"name":"wp","href":"https:\/\/api.w.org\/{rel}","templated":true}]}}