{"id":4507,"date":"2025-11-01T09:04:49","date_gmt":"2025-11-01T09:04:49","guid":{"rendered":"https:\/\/vapestornado.com\/?post_type=product&#038;p=4507"},"modified":"2025-11-06T08:20:36","modified_gmt":"2025-11-06T08:20:36","slug":"aivono-avn-150k-puff-150000-8-in-1-0-nicotine-free-disposable-vape-pen-kit-wholesale","status":"publish","type":"product","link":"https:\/\/vapestornado.com\/cs\/product\/aivono-avn-150k-puff-150000-8-in-1-0-nicotine-free-disposable-vape-pen-kit-wholesale\/","title":{"rendered":"AIVONO AVN 150K Puff 150000 8 v 1 Beznikotinov\u00e1 Jednor\u00e1zov\u00e1 vaporiz\u00e9r sada Velkoobchod"},"content":{"rendered":"<h1 data-pm-slice=\"1 1 []\">AIVONO AVN 150K Puff Jednor\u00e1zov\u00e1 vape pero sada bez nikotinu Velkoobchod \u2013 Nejlep\u0161\u00ed 8-v-1 v\u00fdkon vaporiz\u00e9ru<\/h1>\n<p data-start=\"110\" data-end=\"659\">Ten <strong data-start=\"114\" data-end=\"162\">AIVONO AVN 150K Puff Jednor\u00e1zov\u00e1 vape pero sada<\/strong> je nov\u00e1 hv\u011bzda na trhu s jednor\u00e1zov\u00fdmi vaporiz\u00e9ry, kter\u00e1 kombinuje v\u00fdkon, chu\u0165 a svobodu \u2014 v\u0161e v jednom za\u0159\u00edzen\u00ed. S <strong data-start=\"250\" data-end=\"273\">a\u017e 150 000 potahy<\/strong>, toto p\u0159\u00ed\u0161t\u00ed generace <strong data-start=\"296\" data-end=\"329\">jednor\u00e1zov\u00fd vape bez nikotinu<\/strong> p\u0159edefinuje dlouhotrvaj\u00edc\u00ed pot\u011b\u0161en\u00ed. Poh\u00e1n\u011bno syst\u00e9mem <strong data-start=\"378\" data-end=\"409\">850mAh dob\u00edjec\u00ed bateri\u00ed<\/strong> a <strong data-start=\"416\" data-end=\"445\">4 \u00d7 1,2\u03a9 s\u00ed\u0165ov\u00e9 c\u00edvky<\/strong>, poskytuje \u010distou, jemnou p\u00e1ru s stabiln\u00edm v\u00fdkonem. Jeho <strong data-start=\"502\" data-end=\"522\">LED chytr\u00e1 obrazovka<\/strong> d\u00e1v\u00e1 aktu\u00e1ln\u00ed informace o v\u00fdkonu a re\u017eimu chuti, zat\u00edmco <strong data-start=\"583\" data-end=\"605\">rychl\u00e9 nab\u00edjen\u00ed Type-C<\/strong> zaru\u010duje, \u017ee nebudete dlouho \u010dekat mezi sezen\u00edmi.<\/p>\n<p data-start=\"661\" data-end=\"1153\">Ide\u00e1ln\u00ed pro velkoobchodn\u00ed distribuci, <strong data-start=\"701\" data-end=\"720\">AIVONO AVN 150K<\/strong> nab\u00edz\u00ed <strong data-start=\"728\" data-end=\"746\">8 re\u017eim\u016f chuti<\/strong> \u2014 \u010dty\u0159i s jednou chut\u00ed a \u010dty\u0159i fusion sm\u011bsi \u2014 v\u0161e zabalen\u00e9 uvnit\u0159 <strong data-start=\"811\" data-end=\"839\">58 ml pr\u00e9miov\u00e9 e-liquid<\/strong>. To znamen\u00e1, \u017ee ka\u017ed\u00fd potah z\u016fst\u00e1v\u00e1 bohat\u00fd a konzistentn\u00ed, co\u017e je ide\u00e1ln\u00ed pro vapery hledaj\u00edc\u00ed <strong data-start=\"977\" data-end=\"1017\">\u010distou, nikotin-free jednor\u00e1zovou vape mo\u017enost<\/strong> Navr\u017eeno pro velkoobchodn\u00ed kupce, je to <strong data-start=\"1059\" data-end=\"1082\">produkt s vysokou mar\u017e\u00ed<\/strong> s osv\u011bd\u010denou popt\u00e1vkou v <strong data-start=\"1105\" data-end=\"1150\">\u010cesk\u00e9 republice, \u0160pan\u011blsku, Francii, Polsku, It\u00e1lii a v\u011bt\u0161in\u011b zem\u00ed EU.<\/strong><\/p>\n<p data-start=\"666\" data-end=\"1235\"><strong style=\"font-size: 16px;\"><span style=\"color: #ff0000;\">P\u0159idejte si WhatsApp Amy a z\u00edskejte okam\u017eitou odpov\u011b\u010f a zv\u00fdhodn\u011bnou cenu!<\/span><\/strong><\/p>\n<p><img fetchpriority=\"high\" decoding=\"async\" class=\"size-full wp-image-2932\" src=\"https:\/\/vapestornado.com\/wp-content\/uploads\/2024\/12\/Vape-Wholesale.jpg\" alt=\"Velkoobchod s vape\" width=\"229\" height=\"300\" \/><\/p>\n<h3><a href=\"https:\/\/wa.me\/8617776015835\" target=\"_blank\" rel=\"noopener\"><span style=\"color: #ff0000;\"><strong>WhatsApp: +86 17776015835<\/strong><\/span><\/a><\/h3>\n<p>&nbsp;<\/p>\n<h2><strong>AIVONO AVN 150K Puf Funkce hlavn\u00edho produktu<\/strong><\/h2>\n<ul>\n<li data-start=\"1177\" data-end=\"1213\">\n<p data-start=\"1179\" data-end=\"1213\">Kapacita potah\u016f: <strong data-start=\"1194\" data-end=\"1211\">150 000 Puf\u016f<\/strong><\/p>\n<\/li>\n<li data-start=\"1214\" data-end=\"1243\">\n<p data-start=\"1216\" data-end=\"1243\">Objem e-liquidu: <strong data-start=\"1233\" data-end=\"1241\">58ml<\/strong><\/p>\n<\/li>\n<li data-start=\"1244\" data-end=\"1295\">\n<p data-start=\"1246\" data-end=\"1295\">Nikot\u00edn: <strong data-start=\"1255\" data-end=\"1293\">0% 2% 5% (Beznikotinov\u00e1 jednor\u00e1zov\u00e1 vape)<\/strong><\/p>\n<\/li>\n<li data-start=\"1296\" data-end=\"1339\">\n<p data-start=\"1298\" data-end=\"1339\">Baterie: <strong data-start=\"1307\" data-end=\"1337\">Dob\u00edjec\u00ed typ-C 850mAh<\/strong><\/p>\n<\/li>\n<li data-start=\"1340\" data-end=\"1387\">\n<p data-start=\"1342\" data-end=\"1387\">C\u00edvka: <strong data-start=\"1348\" data-end=\"1385\">4 \u00d7 1,2\u03a9 Mesh c\u00edvka pro bohatou p\u00e1ru<\/strong><\/p>\n<\/li>\n<li data-start=\"1388\" data-end=\"1446\">\n<p data-start=\"1390\" data-end=\"1446\">Displej: <strong data-start=\"1399\" data-end=\"1444\">Chytr\u00e1 LED obrazovka pro re\u017eimy v\u00fdkonu a chuti<\/strong><\/p>\n<\/li>\n<li data-start=\"1447\" data-end=\"1493\">\n<p data-start=\"1449\" data-end=\"1493\">Design: <strong data-start=\"1457\" data-end=\"1491\">Syst\u00e9m kazet s p\u0159\u00edchut\u00ed 8 v 1<\/strong><\/p>\n<\/li>\n<li data-start=\"1494\" data-end=\"1552\">\n<p data-start=\"1496\" data-end=\"1552\">Ide\u00e1ln\u00ed pro: <strong data-start=\"1507\" data-end=\"1550\">Velkoobchodn\u00ed kupuj\u00edc\u00ed a distributory vapingu v \u010cR<\/strong><\/p>\n<\/li>\n<\/ul>\n<h2 class=\"product-title\"><strong>Seznam p\u0159\u00edchut\u00ed jednor\u00e1zov\u00fdch za\u0159\u00edzen\u00ed AIVONO AVN 150K Puffs<\/strong><\/h2>\n<article class=\"w-full text-token-text-primary focus-visible:outline-2 focus-visible:outline-offset-[-4px]\" dir=\"auto\" data-testid=\"conversation-turn-32\" data-scroll-anchor=\"false\">\n<div class=\"m-auto text-base py-[18px] px-6\">\n<div class=\"mx-auto flex flex-1 text-base gap-4 md:gap-5 lg:gap-6 md:max-w-3xl lg:max-w-[40rem] xl:max-w-[48rem]\">\n<div class=\"group\/conversation-turn relative flex w-full min-w-0 flex-col @xs\/thread:px-0 @sm\/thread:px-1.5 @md\/thread:px-4\">\n<div class=\"flex-col gap-1 md:gap-3\">\n<div class=\"flex max-w-full flex-col flex-grow\">\n<div class=\"min-h-8 text-message flex w-full flex-col items-end gap-2 whitespace-normal break-words text-start [.text-message+&amp;]:mt-5\" dir=\"auto\" data-message-author-role=\"user\" data-message-id=\"ffac41ca-1db4-431b-873a-32c4052956f1\">\n<div class=\"flex w-full flex-col gap-1 empty:hidden items-end rtl:items-start\">\n<div class=\"relative max-w-[var(--user-chat-width,70%)] rounded-3xl bg-token-message-surface px-5 py-2.5\">\n<div class=\"absolute bottom-0 right-full top-0 -mr-3.5 hidden pr-5 pt-2 [.group\/conversation-turn:hover_&amp;]:flex\">\n<div class=\"flex\">\n<article class=\"w-full text-token-text-primary focus-visible:outline-2 focus-visible:outline-offset-[-4px]\" dir=\"auto\" data-testid=\"conversation-turn-39\" data-scroll-anchor=\"true\">\n<div class=\"m-auto text-base py-[18px] px-6\">\n<div class=\"mx-auto flex flex-1 text-base gap-4 md:gap-5 lg:gap-6 md:max-w-3xl lg:max-w-[40rem] xl:max-w-[48rem]\">\n<div class=\"group\/conversation-turn relative flex w-full min-w-0 flex-col agent-turn @xs\/thread:px-0 @sm\/thread:px-1.5 @md\/thread:px-4\">\n<div class=\"flex-col gap-1 md:gap-3\">\n<div class=\"flex max-w-full flex-col flex-grow\">\n<div class=\"min-h-8 text-message flex w-full flex-col items-end gap-2 whitespace-normal break-words text-start [.text-message+&amp;]:mt-5\" dir=\"auto\" data-message-author-role=\"assistant\" data-message-id=\"55a23854-ec57-48dd-bd4f-6118f43d6241\" data-message-model-slug=\"gpt-4o\">\n<div class=\"flex w-full flex-col gap-1 empty:hidden first:pt-[3px]\">\n<div class=\"markdown prose w-full break-words dark:prose-invert light\">\n<ol data-start=\"1596\" data-end=\"2226\">\n<li data-start=\"1596\" data-end=\"1664\">\n<p data-start=\"1599\" data-end=\"1664\">Jahoda Ice + Meloun Ice + Broskev Ice + Passion Fruit Ice<\/p>\n<\/li>\n<li data-start=\"1665\" data-end=\"1730\">\n<p data-start=\"1668\" data-end=\"1730\">Jahoda Ice + Bor\u016fvka Ice + Hroznov\u00e9 Ice + Zelen\u00e9 jablko Ice<\/p>\n<\/li>\n<li data-start=\"1731\" data-end=\"1782\">\n<p data-start=\"1734\" data-end=\"1782\">Jahoda Ice + Mango + Ananas + Zmrzlina<\/p>\n<\/li>\n<li data-start=\"1783\" data-end=\"1853\">\n<p data-start=\"1786\" data-end=\"1853\">Bor\u016fvka Ice + Malina Citron Ice + Melounov\u00e1 \u017ev\u00fdka\u010dka + M\u00e1ta<\/p>\n<\/li>\n<li data-start=\"1854\" data-end=\"1897\">\n<p data-start=\"1857\" data-end=\"1897\">Vodn\u00ed meloun + Malina + T\u0159e\u0161e\u0148 + Cola<\/p>\n<\/li>\n<li data-start=\"1898\" data-end=\"1959\">\n<p data-start=\"1901\" data-end=\"1959\">Hroznov\u00e1 led + Mango Broskev + Vodn\u00ed melounov\u00e1 led + Bor\u016fvkov\u00e1 led<\/p>\n<\/li>\n<li data-start=\"1960\" data-end=\"2021\">\n<p data-start=\"1963\" data-end=\"2021\">Jahoda Kiwi + Kokos Bor\u016fvka + Sm\u00ed\u0161en\u00e9 \u0161vestky + Mango<\/p>\n<\/li>\n<li data-start=\"2022\" data-end=\"2083\">\n<p data-start=\"2025\" data-end=\"2083\">Ban\u00e1nov\u00e1 led + Jahodov\u00e1 led + Vodn\u00ed melounov\u00e1 led + Citronov\u00e1 led<\/p>\n<\/li>\n<li data-start=\"2084\" data-end=\"2159\">\n<p data-start=\"2087\" data-end=\"2159\">Jahoda led + Ananas Kokos led + Mango led + Passion Fruit led<\/p>\n<\/li>\n<li data-start=\"2160\" data-end=\"2226\">\n<p data-start=\"2164\" data-end=\"2226\">Ananas Kokos + Citronov\u00e1 led + Bor\u016fvkov\u00e1 led + Energetick\u00fd n\u00e1poj<\/p>\n<\/li>\n<\/ol>\n<p>Ten <strong data-start=\"2232\" data-end=\"2245\">Puff 150K<\/strong> p\u0159edefinuje jednor\u00e1zov\u00fd v\u00fdkon \u2014 \u017e\u00e1dn\u00e9 dopl\u0148ky, \u017e\u00e1dn\u00fd nikotin, \u017e\u00e1dn\u00e9 kompromisy. Ide\u00e1ln\u00ed pro <strong data-start=\"2331\" data-end=\"2344\">velkoobchod<\/strong> a <strong data-start=\"2349\" data-end=\"2367\">prodejci vaporiz\u00e9r\u016f<\/strong> po cel\u00e9 Evrop\u011b hledaj\u00edc\u00ed <strong data-start=\"2392\" data-end=\"2421\">levn\u00fd jednor\u00e1zov\u00fd vape kit<\/strong> kter\u00fd kombinuje styl, chu\u0165 a udr\u017eitelnost.<\/p>\n<figure id=\"attachment_4518\" aria-describedby=\"caption-attachment-4518\" style=\"width: 800px\" class=\"wp-caption alignnone\"><img decoding=\"async\" class=\"wp-image-4518 size-full\" src=\"https:\/\/vapestornado.com\/wp-content\/uploads\/2025\/11\/AIVONO-AVN-150k-150000-Puffs-Disposable-Vape-Pod-Rechargeable.webp\" alt=\"AIVONO AVN 150k 150000 Puffs Jednor\u00e1zov\u00fd vape s n\u00e1dr\u017e\u00ed Dob\u00edjec\u00ed\" width=\"800\" height=\"800\" srcset=\"https:\/\/vapestornado.com\/wp-content\/uploads\/2025\/11\/AIVONO-AVN-150k-150000-Puffs-Disposable-Vape-Pod-Rechargeable.webp 800w, https:\/\/vapestornado.com\/wp-content\/uploads\/2025\/11\/AIVONO-AVN-150k-150000-Puffs-Disposable-Vape-Pod-Rechargeable-300x300.webp 300w, https:\/\/vapestornado.com\/wp-content\/uploads\/2025\/11\/AIVONO-AVN-150k-150000-Puffs-Disposable-Vape-Pod-Rechargeable-150x150.webp 150w, https:\/\/vapestornado.com\/wp-content\/uploads\/2025\/11\/AIVONO-AVN-150k-150000-Puffs-Disposable-Vape-Pod-Rechargeable-768x768.webp 768w, https:\/\/vapestornado.com\/wp-content\/uploads\/2025\/11\/AIVONO-AVN-150k-150000-Puffs-Disposable-Vape-Pod-Rechargeable-12x12.webp 12w, https:\/\/vapestornado.com\/wp-content\/uploads\/2025\/11\/AIVONO-AVN-150k-150000-Puffs-Disposable-Vape-Pod-Rechargeable-600x600.webp 600w, https:\/\/vapestornado.com\/wp-content\/uploads\/2025\/11\/AIVONO-AVN-150k-150000-Puffs-Disposable-Vape-Pod-Rechargeable-100x100.webp 100w\" sizes=\"(max-width: 800px) 100vw, 800px\" \/><figcaption id=\"caption-attachment-4518\" class=\"wp-caption-text\">AIVONO AVN 150k 150000 Puffs Jednor\u00e1zov\u00fd vape s n\u00e1dr\u017e\u00ed Dob\u00edjec\u00ed<\/figcaption><\/figure>\n<\/div>\n<\/div>\n<\/div>\n<\/div>\n<\/div>\n<\/div>\n<\/div>\n<\/div>\n<\/article>\n<\/div>\n<\/div>\n<\/div>\n<\/div>\n<\/div>\n<\/div>\n<\/div>\n<\/div>\n<\/div>\n<\/div>\n<\/article>\n<h2>Pro\u010d zvolit Vapestornado pro hromadn\u00fd n\u00e1kup AIVONO AVN 150K Puff?<\/h2>\n<div class=\"flex-shrink-0 flex flex-col relative items-end\">\n<div class=\"pt-0\">\n<div class=\"gizmo-bot-avatar flex h-8 w-8 items-center justify-center overflow-hidden rounded-full\">\n<div class=\"relative p-1 rounded-sm flex items-center justify-center bg-token-main-surface-primary text-token-text-primary h-8 w-8\">\n<p>At\u00a0<strong>VapeTornado<\/strong>, jsme hrd\u00ed na to, \u017ee dod\u00e1v\u00e1me\u00a0<strong>pr\u00e9miov\u00e9 vapingov\u00e9 produkty za bezkonkuren\u010dn\u00ed ceny<\/strong>\u2014a Waspe Aiviou 3 v 1 60000 pot\u00e1hnut\u00ed nen\u00ed v\u00fdjimkou! Zde je d\u016fvod, pro\u010d byste m\u011bli nakupovat u n\u00e1s:<\/p>\n<p><strong>Nejlep\u0161\u00ed velkoobchodn\u00ed ceny<\/strong>\u00a0\u2013 Nab\u00edz\u00edme\u00a0<strong>konkuren\u010dn\u00ed velkoobchodn\u00ed cena<\/strong><span style=\"font-size: 16px;\">, d\u00edky \u010demu\u017e jsme nejlep\u0161\u00ed volbou pro prodejce a vape shopy.<\/span><\/p>\n<p><strong>Rychl\u00e9<\/strong>\u00a0\u2013 Nechte si doru\u010dit objedn\u00e1vku\u00a0<strong>rychle a bezpe\u010dn\u011b<\/strong>, s mo\u017enostmi celosv\u011btov\u00e9 p\u0159epravy.<br \/>\n<strong>100% Autentick\u00e9 produkty<\/strong>\u00a0\u2013 \u017d\u00e1dn\u00e9 napodobeniny \u2013 pouze\u00a0<strong>origin\u00e1ln\u00ed jednor\u00e1zov\u00e9 e-cigarety WASPE Triple<\/strong>\u00a0s ov\u011b\u0159enou kvalitou.<br \/>\n<strong>Vynikaj\u00edc\u00ed z\u00e1kaznick\u00e1 podpora<\/strong>\u00a0\u2013 M\u00e1te ot\u00e1zky? Na\u0161i\u00a0<strong>vape experti<\/strong> jsou p\u0159ipraveni v\u00e1m pomoci 24\/7.<\/p>\n<p><strong>Ne\u010dekejte\u2014objednejte si sv\u016fj Waspe Aiviou 3 v 1 60000 pot\u00e1hnut\u00ed od VapeTornado je\u0161t\u011b dnes a za\u017eijte dokonalou spokojenost s vapingem!<\/strong><\/p>\n<p data-start=\"559\" data-end=\"933\" data-is-last-node=\"\" data-is-only-node=\"\">M\u00e1me tak\u00e9 dal\u0161\u00ed popul\u00e1rn\u00ed vapy s displejem, jako nap\u0159\u00edklad <a href=\"https:\/\/vapestornado.com\/cs\/product\/mesii-couple-50k-disposable-shisha-hookah-50000-puffs-vape-with-digital-display\/\">Mesii p\u00e1r 50000<\/a>, <a href=\"https:\/\/vapestornado.com\/cs\/product\/vopk-cool-9000-puffs-disposable-vapes-bar-puff-9k\/\">Jednor\u00e1zov\u00e1 vape VOPK 9000 Puff<\/a>, <a href=\"https:\/\/vapestornado.com\/cs\/product\/bang-beach-22000-20k-puff-disposable-vape-pen-with-screen-reddit-hot\/\">Bang Beach 22000<\/a>, a dal\u0161\u00ed.<\/p>\n<\/div>\n<div class=\"relative p-1 rounded-sm flex items-center justify-center bg-token-main-surface-primary text-token-text-primary h-8 w-8\">\n<h2>\u010casto kladen\u00e9 ot\u00e1zky o AIM 150K Puff<\/h2>\n<p data-start=\"2521\" data-end=\"2673\"><strong data-start=\"2521\" data-end=\"2572\">1. Jak dlouho vydr\u017e\u00ed AIVONO AVN 150K Puff?<\/strong><br data-start=\"2572\" data-end=\"2575\" \/>Ka\u017ed\u00e1 sada poskytuje a\u017e <strong data-start=\"2599\" data-end=\"2616\">150 000 pota\u017een\u00ed<\/strong>, podporov\u00e1no dob\u00edjec\u00ed bateri\u00ed pro del\u0161\u00ed pou\u017eit\u00ed.<\/p>\n<p data-start=\"2675\" data-end=\"2823\"><strong data-start=\"2675\" data-end=\"2719\">2. Je AIVONO AVN 150K bez nikotinu?<\/strong><br data-start=\"2719\" data-end=\"2722\" \/>Ano, je to <strong data-start=\"2734\" data-end=\"2767\">jednor\u00e1zov\u00e1 vaporizace bez nikotinu<\/strong>, ide\u00e1ln\u00ed pro ty, kte\u0159\u00ed cht\u011bj\u00ed chu\u0165 bez z\u00e1vislosti.<\/p>\n<p data-start=\"2825\" data-end=\"2945\"><strong data-start=\"2825\" data-end=\"2867\">3. Mohu dob\u00edt AIVONO AVN 150K?<\/strong><br data-start=\"2867\" data-end=\"2870\" \/>Ur\u010dit\u011b. M\u00e1 <strong data-start=\"2896\" data-end=\"2911\">portem typu C<\/strong> pro rychl\u00e9, spolehliv\u00e9 dob\u00edjen\u00ed.<\/p>\n<p data-start=\"2947\" data-end=\"3176\"><strong data-start=\"2947\" data-end=\"3011\">4. \u010c\u00edm je AIVONO AVN 150K vhodn\u00fd pro velkoobchodn\u00ed kupce?<\/strong><br data-start=\"3011\" data-end=\"3014\" \/>Jeho <strong data-start=\"3018\" data-end=\"3042\">Syst\u00e9m p\u0159\u00edchut\u00ed 8 v 1<\/strong>, <strong data-start=\"3044\" data-end=\"3063\">po\u010det pota\u017een\u00ed 150K<\/strong>, a <strong data-start=\"3069\" data-end=\"3089\">dostupn\u00e1 cena<\/strong> d\u011bl\u00e1 ho ide\u00e1ln\u00edm pro <strong data-start=\"3108\" data-end=\"3127\">distributory v \u010cR<\/strong> hledaj\u00edc\u00ed produkty s vysokou popt\u00e1vkou a n\u00edzkou \u00fadr\u017ebou.<\/p>\n<p data-start=\"3178\" data-end=\"3404\"><strong data-start=\"3178\" data-end=\"3238\">5. Jak se srovn\u00e1v\u00e1 s b\u011b\u017en\u00fdmi vaporiz\u00e9ry na 20K nebo 40K pota\u017een\u00ed?<\/strong><br data-start=\"3238\" data-end=\"3241\" \/>AIVONO AVN 150K nab\u00edz\u00ed <strong data-start=\"3268\" data-end=\"3291\">trojn\u00e1sobnou kapacitu<\/strong>, <strong data-start=\"3293\" data-end=\"3320\">v\u00edce mo\u017enost\u00ed p\u0159\u00edchut\u00ed<\/strong>, a <strong data-start=\"3326\" data-end=\"3342\">bez nikotinu<\/strong>, co\u017e ho \u010din\u00ed \u010dist\u0161\u00edm a ekonomi\u010dt\u011bj\u0161\u00edm z dlouhodob\u00e9ho hlediska.<\/p>\n<\/div>\n<\/div>\n<\/div>\n<\/div>","protected":false},"excerpt":{"rendered":"<article class=\"text-token-text-primary w-full focus:outline-none [--shadow-height:45px] has-data-writing-block:pointer-events-none has-data-writing-block:-mt-(--shadow-height) has-data-writing-block:pt-(--shadow-height) [&amp;:has([data-writing-block])&gt;*]:pointer-events-auto [content-visibility:auto] supports-[content-visibility:auto]:[contain-intrinsic-size:auto_100lvh] scroll-mt-[calc(var(--header-height)+min(200px,max(70px,20svh)))]\" dir=\"auto\" tabindex=\"-1\" data-turn-id=\"86ca9d92-7a10-4e6b-bda0-15f9df36adca\" data-testid=\"conversation-turn-120\" data-scroll-anchor=\"true\" data-turn=\"assistant\">\n<div class=\"text-base my-auto mx-auto pb-10 [--thread-content-margin:--spacing(4)] thread-sm:[--thread-content-margin:--spacing(6)] thread-lg:[--thread-content-margin:--spacing(16)] px-(--thread-content-margin)\">\n<div class=\"[--thread-content-max-width:40rem] thread-lg:[--thread-content-max-width:48rem] mx-auto max-w-(--thread-content-max-width) flex-1 group\/turn-messages focus-visible:outline-hidden relative flex w-full min-w-0 flex-col agent-turn\" tabindex=\"-1\">\n<div class=\"flex max-w-full flex-col grow\">\n<div class=\"min-h-8 text-message relative flex w-full flex-col items-end gap-2 text-start break-words whitespace-normal [.text-message+&amp;]:mt-1\" dir=\"auto\" data-message-author-role=\"assistant\" data-message-id=\"43b070d6-bf28-4fbe-8049-1032a61ea3ac\" data-message-model-slug=\"gpt-5\">\n<div class=\"flex w-full flex-col gap-1 empty:hidden first:pt-[1px]\">\n<div class=\"markdown prose dark:prose-invert w-full break-words light markdown-new-styling\">\n<p data-start=\"3706\" data-end=\"3787\"><strong data-start=\"3706\" data-end=\"3785\">AIVONO AVN 150K Puff Beznikotinov\u00e1 Vape Sada \u2013 8-v-1 V\u00fdkon pro Velkoobchod v \u010cR<\/strong><\/p>\n<p data-start=\"3791\" data-end=\"3865\"><strong data-start=\"3791\" data-end=\"3863\">Puff 150K od AIVONO \u2013 Dlouhotrvaj\u00edc\u00ed Beznikotinov\u00e1 Jednor\u00e1zov\u00e1 Vape Pero<\/strong><\/p>\n<p data-start=\"3869\" data-end=\"3952\" data-is-last-node=\"\"><strong data-start=\"3869\" data-end=\"3952\" data-is-last-node=\"\">AIVONO AVN 150K Vape Velkoobchod: 8-v-1 Beznikotinov\u00e1 Jednor\u00e1zov\u00e1 Vape pro trh v \u010cR<\/strong><\/p>\n<\/div>\n<\/div>\n<\/div>\n<\/div>\n<\/div>\n<\/div>\n<\/article>\n<p><img fetchpriority=\"high\" decoding=\"async\" class=\"size-full wp-image-2932\" src=\"https:\/\/vapestornado.com\/wp-content\/uploads\/2024\/12\/Vape-Wholesale.jpg\" alt=\"Velkoobchod s vape\" width=\"229\" height=\"300\" \/><\/p>\n<h3><a href=\"https:\/\/wa.me\/8617776015835\"><span style=\"color: #ff0000;\"><strong>WhatsApp: +86 17776015835<\/strong><\/span><\/a><\/h3>\n<p>&nbsp;<\/p>","protected":false},"featured_media":4514,"comment_status":"open","ping_status":"closed","template":"","meta":{"_acf_changed":false,"_uag_custom_page_level_css":"","_lmt_disableupdate":"no","_lmt_disable":"","_monsterinsights_skip_tracking":false,"_monsterinsights_sitenote_active":false,"_monsterinsights_sitenote_note":"","_monsterinsights_sitenote_category":0,"site-sidebar-layout":"default","site-content-layout":"","ast-site-content-layout":"default","site-content-style":"default","site-sidebar-style":"default","ast-global-header-display":"","ast-banner-title-visibility":"","ast-main-header-display":"","ast-hfb-above-header-display":"","ast-hfb-below-header-display":"","ast-hfb-mobile-header-display":"","site-post-title":"","ast-breadcrumbs-content":"","ast-featured-img":"","footer-sml-layout":"","ast-disable-related-posts":"","theme-transparent-header-meta":"default","adv-header-id-meta":"","stick-header-meta":"","header-above-stick-meta":"","header-main-stick-meta":"","header-below-stick-meta":"","astra-migrate-meta-layouts":"set","ast-page-background-enabled":"default","ast-page-background-meta":{"desktop":{"background-color":"","background-image":"","background-repeat":"repeat","background-position":"center center","background-size":"auto","background-attachment":"scroll","background-type":"","background-media":"","overlay-type":"","overlay-color":"","overlay-opacity":"","overlay-gradient":""},"tablet":{"background-color":"","background-image":"","background-repeat":"repeat","background-position":"center center","background-size":"auto","background-attachment":"scroll","background-type":"","background-media":"","overlay-type":"","overlay-color":"","overlay-opacity":"","overlay-gradient":""},"mobile":{"background-color":"","background-image":"","background-repeat":"repeat","background-position":"center center","background-size":"auto","background-attachment":"scroll","background-type":"","background-media":"","overlay-type":"","overlay-color":"","overlay-opacity":"","overlay-gradient":""}},"ast-content-background-meta":{"desktop":{"background-color":"var(--ast-global-color-5)","background-image":"","background-repeat":"repeat","background-position":"center center","background-size":"auto","background-attachment":"scroll","background-type":"","background-media":"","overlay-type":"","overlay-color":"","overlay-opacity":"","overlay-gradient":""},"tablet":{"background-color":"var(--ast-global-color-5)","background-image":"","background-repeat":"repeat","background-position":"center center","background-size":"auto","background-attachment":"scroll","background-type":"","background-media":"","overlay-type":"","overlay-color":"","overlay-opacity":"","overlay-gradient":""},"mobile":{"background-color":"var(--ast-global-color-5)","background-image":"","background-repeat":"repeat","background-position":"center center","background-size":"auto","background-attachment":"scroll","background-type":"","background-media":"","overlay-type":"","overlay-color":"","overlay-opacity":"","overlay-gradient":""}},"_joinchat":{"telephone":"17776015835"}},"product_brand":[],"product_cat":[176,152,153,156,142,357,144],"product_tag":[245,423,422,105,424,94,301],"class_list":{"0":"post-4507","1":"product","2":"type-product","3":"status-publish","4":"has-post-thumbnail","6":"product_cat-aivono-vape","7":"product_cat-buy-disposable-vapes-in-cermany","8":"product_cat-buy-disposable-vapes-in-italy","9":"product_cat-buy-disposable-vapes-in-poland","10":"product_cat-digital-box-disposable-vapes","11":"product_cat-flavor-adjustable-vape","12":"product_cat-low-nicotine-disposable-vapes","13":"product_tag-0-nicotine-disposable-vape","14":"product_tag-aivono-150000-puffs","15":"product_tag-aivono-avn-150k","16":"product_tag-digital-disposable-vape","17":"product_tag-nicotine-free-disposable-vape","18":"product_tag-rechargeable-disposable-vape","19":"product_tag-vapor-wholesale","20":"desktop-align-left","21":"tablet-align-left","22":"mobile-align-left","24":"first","25":"instock","26":"sale","27":"shipping-taxable","28":"purchasable","29":"product-type-simple"},"acf":[],"uagb_featured_image_src":{"full":["https:\/\/vapestornado.com\/wp-content\/uploads\/2025\/11\/AIM-AVN-150k-150000-Puffs-Disposable-Vape-Wholesale.webp",800,800,false],"thumbnail":["https:\/\/vapestornado.com\/wp-content\/uploads\/2025\/11\/AIM-AVN-150k-150000-Puffs-Disposable-Vape-Wholesale-150x150.webp",150,150,true],"medium":["https:\/\/vapestornado.com\/wp-content\/uploads\/2025\/11\/AIM-AVN-150k-150000-Puffs-Disposable-Vape-Wholesale-300x300.webp",300,300,true],"medium_large":["https:\/\/vapestornado.com\/wp-content\/uploads\/2025\/11\/AIM-AVN-150k-150000-Puffs-Disposable-Vape-Wholesale-768x768.webp",768,768,true],"large":["https:\/\/vapestornado.com\/wp-content\/uploads\/2025\/11\/AIM-AVN-150k-150000-Puffs-Disposable-Vape-Wholesale.webp",800,800,false],"1536x1536":["https:\/\/vapestornado.com\/wp-content\/uploads\/2025\/11\/AIM-AVN-150k-150000-Puffs-Disposable-Vape-Wholesale.webp",800,800,false],"2048x2048":["https:\/\/vapestornado.com\/wp-content\/uploads\/2025\/11\/AIM-AVN-150k-150000-Puffs-Disposable-Vape-Wholesale.webp",800,800,false],"trp-custom-language-flag":["https:\/\/vapestornado.com\/wp-content\/uploads\/2025\/11\/AIM-AVN-150k-150000-Puffs-Disposable-Vape-Wholesale-12x12.webp",12,12,true],"woocommerce_thumbnail":["https:\/\/vapestornado.com\/wp-content\/uploads\/2025\/11\/AIM-AVN-150k-150000-Puffs-Disposable-Vape-Wholesale-300x300.webp",300,300,true],"woocommerce_single":["https:\/\/vapestornado.com\/wp-content\/uploads\/2025\/11\/AIM-AVN-150k-150000-Puffs-Disposable-Vape-Wholesale-600x600.webp",600,600,true],"woocommerce_gallery_thumbnail":["https:\/\/vapestornado.com\/wp-content\/uploads\/2025\/11\/AIM-AVN-150k-150000-Puffs-Disposable-Vape-Wholesale-100x100.webp",100,100,true]},"uagb_author_info":{"display_name":"ESAMY","author_link":"https:\/\/vapestornado.com\/cs\/author\/"},"uagb_comment_info":1,"uagb_excerpt":"AIVONO AVN 150K Puff Nicotine Free Vape Kit \u2013 8-in-1 Power for EU Wholesale Puff 150K by AIVONO \u2013 Long-Lasting Nicotine Free Disposable Vape Pen AIVONO AVN 150K Vape Wholesale: 8-in-1 0 Nicotine Disposable Vape for EU Market WhatsApp: +86 17776015835 &nbsp;","_links":{"self":[{"href":"https:\/\/vapestornado.com\/cs\/wp-json\/wp\/v2\/product\/4507","targetHints":{"allow":["GET"]}}],"collection":[{"href":"https:\/\/vapestornado.com\/cs\/wp-json\/wp\/v2\/product"}],"about":[{"href":"https:\/\/vapestornado.com\/cs\/wp-json\/wp\/v2\/types\/product"}],"replies":[{"embeddable":true,"href":"https:\/\/vapestornado.com\/cs\/wp-json\/wp\/v2\/comments?post=4507"}],"wp:featuredmedia":[{"embeddable":true,"href":"https:\/\/vapestornado.com\/cs\/wp-json\/wp\/v2\/media\/4514"}],"wp:attachment":[{"href":"https:\/\/vapestornado.com\/cs\/wp-json\/wp\/v2\/media?parent=4507"}],"wp:term":[{"taxonomy":"product_brand","embeddable":true,"href":"https:\/\/vapestornado.com\/cs\/wp-json\/wp\/v2\/product_brand?post=4507"},{"taxonomy":"product_cat","embeddable":true,"href":"https:\/\/vapestornado.com\/cs\/wp-json\/wp\/v2\/product_cat?post=4507"},{"taxonomy":"product_tag","embeddable":true,"href":"https:\/\/vapestornado.com\/cs\/wp-json\/wp\/v2\/product_tag?post=4507"}],"curies":[{"name":"wp","href":"https:\/\/api.w.org\/{rel}","templated":true}]}}