{"id":4493,"date":"2025-10-31T07:01:50","date_gmt":"2025-10-31T07:01:50","guid":{"rendered":"https:\/\/vapestornado.com\/?post_type=product&#038;p=4493"},"modified":"2025-10-31T07:43:27","modified_gmt":"2025-10-31T07:43:27","slug":"jnr-ragegorilla-55000-puffs-55k-vape-disposables-42ml-2-nicotine-wholesale-price","status":"publish","type":"product","link":"https:\/\/vapestornado.com\/cs\/product\/jnr-ragegorilla-55000-puffs-55k-vape-disposables-42ml-2-nicotine-wholesale-price\/","title":{"rendered":"JNR RageGorilla 55000 Puffs 55k Vaporiz\u00e1tory na jedno pou\u017eit\u00ed 42ml Velkoobchodn\u00ed cena nikotinu"},"content":{"rendered":"<h2 data-pm-slice=\"1 1 []\">JNR 55000 Puffs RageGorilla Jednor\u00e1zov\u00fd vaporiz\u00e9r \u2013 42ml velk\u00e1 n\u00e1dr\u017eka, nejlep\u0161\u00ed prodejce v \u010cR<\/h2>\n<p data-start=\"454\" data-end=\"886\">Ten <strong data-start=\"458\" data-end=\"505\">JNR RageGorilla 55000 Puffs Jednor\u00e1zov\u00fd vaporiz\u00e9r<\/strong> je ur\u010den pro v\u00e1\u017en\u00e9 vapery, kte\u0159\u00ed cht\u011bj\u00ed v\u00fdkon, s\u00edlu a pr\u00e9miovou chu\u0165. Navr\u017een s <strong data-start=\"598\" data-end=\"624\">42ml kapacitou e-liquidu<\/strong>, <strong data-start=\"626\" data-end=\"640\">nikotinem 2%<\/strong>a <strong data-start=\"648\" data-end=\"666\">du\u00e1ln\u00ed mesh c\u00edvka<\/strong>, poskytuje hutn\u00fd, chutn\u00fd z\u00e1\u017eitek poka\u017ed\u00e9. S <strong data-start=\"720\" data-end=\"758\">950mAh dob\u00edjec\u00ed bateri\u00ed typu-C<\/strong> a <strong data-start=\"765\" data-end=\"785\">chytr\u00e1 LED obrazovka<\/strong>, u\u017eivatel\u00e9 mohou snadno sledovat \u00farove\u0148 baterie a e-liquidu\u2014ide\u00e1ln\u00ed pro dlouhodob\u00e9 pou\u017e\u00edv\u00e1n\u00ed bez odhadov\u00e1n\u00ed.<\/p>\n<p data-start=\"888\" data-end=\"1283\">Jako jedna z <strong data-start=\"902\" data-end=\"947\">nejpopul\u00e1rn\u011bj\u0161\u00ed n\u00edzko nikotinov\u00e9 jednor\u00e1zov\u00e9 vaporiz\u00e9ry<\/strong> na trhu EU, the <strong data-start=\"970\" data-end=\"981\">JNR 55K<\/strong> kombinuje inovaci a kvalitu, co\u017e oslovuje p\u0159edev\u0161\u00edm mlad\u00e9 u\u017eivatele v \u010cesk\u00e9 republice, kte\u0159\u00ed po\u017eaduj\u00ed jak funk\u010dnost, tak styl. Odoln\u00e9 t\u011blo a plynul\u00fd pr\u016ftok vzduchu z n\u011bj \u010din\u00ed skv\u011blou volbu pro maloobchodn\u00edky i velkoobchodn\u00edky hledaj\u00edc\u00ed <strong data-start=\"1202\" data-end=\"1243\">nejprod\u00e1van\u011bj\u0161\u00ed alternativy Crystal Vape<\/strong> za cenu <strong data-start=\"1249\" data-end=\"1280\">konkurenceschopnou velkoobchodn\u00ed cenu<\/strong>.<\/p>\n<p data-start=\"1285\" data-end=\"1643\">Dostupn\u00e9 v <strong data-start=\"1298\" data-end=\"1317\">20 bohat\u00fdch p\u0159\u00edchut\u00ed<\/strong>, od ovocn\u00fdch sm\u011bs\u00ed jako <strong data-start=\"1343\" data-end=\"1365\">(1) Jahodov\u00e1 zmrzlina<\/strong>, <strong data-start=\"1367\" data-end=\"1386\">(2) \u010cern\u00e1 t\u0159e\u0161e\u0148 Cola<\/strong>, k <strong data-start=\"1391\" data-end=\"1412\">(20) T\u0159e\u0161\u0148ovo-ryb\u00edzov\u00e1<\/strong>, ka\u017ed\u00fd n\u00e1dech z <strong data-start=\"1432\" data-end=\"1455\">JNR RageGorilla 55K<\/strong> je navr\u017een tak, aby poskytoval spokojenost a jemnou chu\u0165. Je to <strong data-start=\"1509\" data-end=\"1531\">vape s vysokou kapacitou<\/strong> kter\u00e9 spl\u0148uje modern\u00ed po\u017eadavky \u2014 spolehliv\u00e9, dob\u00edjec\u00ed a p\u0159ipraven\u00e9 k v\u00fdkonu p\u0159i tis\u00edc\u00edch pot\u00e1hnut\u00ed.<\/p>\n<p data-start=\"1645\" data-end=\"1888\">Velkoobchodn\u00ed kupuj\u00edc\u00ed po cel\u00e9 Evrop\u011b mohou d\u016fv\u011b\u0159ovat konzistenci a hodnot\u011b tohoto modelu. Pro maloobchodn\u00edky v \u010cesku je <strong data-start=\"1744\" data-end=\"1775\">JNR RageGorilla 55000 Puffs<\/strong> v\u00fdjime\u010dn\u00fd jako <strong data-start=\"1792\" data-end=\"1826\">n\u00edzko nikotinov\u00e1, dlouhotrvaj\u00edc\u00ed vaporizace<\/strong> ide\u00e1ln\u00ed pro ka\u017edodenn\u00ed z\u00e1kazn\u00edky a trendov\u00e9 vapery.<\/p>\n<p><strong><span style=\"color: #ff0000;\">P\u0159idejte si Amy na WhatsApp pro rychlou odpov\u011b\u010f a kup\u00f3n na vapky!<\/span><\/strong><\/p>\n<p><img fetchpriority=\"high\" decoding=\"async\" class=\"size-full wp-image-2932\" src=\"https:\/\/vapestornado.com\/wp-content\/uploads\/2024\/12\/Vape-Wholesale.jpg\" alt=\"Velkoobchod s vape\" width=\"229\" height=\"300\" \/><\/p>\n<h3><a href=\"https:\/\/wa.me\/8617776015835\" target=\"_blank\" rel=\"noopener\"><span style=\"color: #ff0000;\"><strong>WhatsApp: +86 17776015835<\/strong><\/span><\/a><\/h3>\n<p>&nbsp;<\/p>\n<h2><strong>Funkce produktu JNR RageGorilla 55000 pot\u00e1hnut\u00ed<\/strong><\/h2>\n<ul>\n<li data-start=\"1944\" data-end=\"1964\">\n<p data-start=\"1946\" data-end=\"1964\"><strong data-start=\"1946\" data-end=\"1956\">Potahy:<\/strong> 55000<\/p>\n<\/li>\n<li data-start=\"1965\" data-end=\"1993\">\n<p data-start=\"1967\" data-end=\"1993\"><strong data-start=\"1967\" data-end=\"1988\">S\u00edla nikotinu:<\/strong> 2%<\/p>\n<\/li>\n<li data-start=\"1994\" data-end=\"2025\">\n<p data-start=\"1996\" data-end=\"2025\"><strong data-start=\"1996\" data-end=\"2018\">Kapacita e-liquidu:<\/strong> 42ml<\/p>\n<\/li>\n<li data-start=\"2026\" data-end=\"2069\">\n<p data-start=\"2028\" data-end=\"2069\"><strong data-start=\"2028\" data-end=\"2040\">Baterie:<\/strong> 950mAh Dob\u00edjec\u00ed Type-C<\/p>\n<\/li>\n<li data-start=\"2070\" data-end=\"2124\">\n<p data-start=\"2072\" data-end=\"2124\"><strong data-start=\"2072\" data-end=\"2084\">Displej:<\/strong> Chytr\u00e1 LED obrazovka (Baterie + E-liquid)<\/p>\n<\/li>\n<li data-start=\"2125\" data-end=\"2168\">\n<p data-start=\"2127\" data-end=\"2168\"><strong data-start=\"2127\" data-end=\"2136\">C\u00edvka:<\/strong> Dvojit\u00e1 s\u00ed\u0165ov\u00e1 c\u00edvka pro bohat\u00fd vapor<\/p>\n<\/li>\n<li data-start=\"2169\" data-end=\"2203\">\n<p data-start=\"2171\" data-end=\"2203\"><strong data-start=\"2171\" data-end=\"2183\">P\u0159\u00edchut\u011b:<\/strong> 20 unik\u00e1tn\u00edch mo\u017enost\u00ed<\/p>\n<p><figure id=\"attachment_4489\" aria-describedby=\"caption-attachment-4489\" style=\"width: 800px\" class=\"wp-caption alignnone\"><img decoding=\"async\" class=\"wp-image-4489 size-full\" src=\"https:\/\/vapestornado.com\/wp-content\/uploads\/2025\/10\/JNR-RageGorilla-55000Puffs-42ml-E-liquid.webp\" alt=\"JNR RageGorilla 55000 Puffs 42ml E-liquid\" width=\"800\" height=\"449\" srcset=\"https:\/\/vapestornado.com\/wp-content\/uploads\/2025\/10\/JNR-RageGorilla-55000Puffs-42ml-E-liquid.webp 800w, https:\/\/vapestornado.com\/wp-content\/uploads\/2025\/10\/JNR-RageGorilla-55000Puffs-42ml-E-liquid-300x168.webp 300w, https:\/\/vapestornado.com\/wp-content\/uploads\/2025\/10\/JNR-RageGorilla-55000Puffs-42ml-E-liquid-768x431.webp 768w, https:\/\/vapestornado.com\/wp-content\/uploads\/2025\/10\/JNR-RageGorilla-55000Puffs-42ml-E-liquid-18x10.webp 18w, https:\/\/vapestornado.com\/wp-content\/uploads\/2025\/10\/JNR-RageGorilla-55000Puffs-42ml-E-liquid-600x337.webp 600w\" sizes=\"(max-width: 800px) 100vw, 800px\" \/><figcaption id=\"caption-attachment-4489\" class=\"wp-caption-text\">JNR RageGorilla 55000 Puffs 42ml E-liquid<\/figcaption><\/figure><\/li>\n<\/ul>\n<div class=\"mceTemp\"><\/div>\n<h2 class=\"product-title\"><strong>JNR RageGorilla 55000 Puffs Jednor\u00e1zov\u00e1 Vape P\u0159\u00edchut\u011b Seznam<\/strong><\/h2>\n<p>1. Jahodov\u00e1 Zima<br \/>\n2. T\u0159e\u0161\u0148ov\u00e1 Cola<br \/>\n3. Melounov\u00fd led<br \/>\n4. Modr\u00fd Razz T\u0159e\u0161e\u0148<br \/>\n5.Jahoda Kiwi<br \/>\n6. Bor\u016fvka Malina T\u0159e\u0161e\u0148<br \/>\n7.Jahodov\u00fd meloun led<br \/>\n8. Kiwi Melounov\u00e1 Zima<br \/>\n9. Sm\u00ed\u0161en\u00e9 Bobule<br \/>\n10. \u0160\u0165avnat\u00e9 Broskve<br \/>\n11. Bor\u016fvka s ledem<br \/>\n12. Bor\u016fvka Kysel\u00e1 Malina<br \/>\n13. B\u00edl\u00e1 broskev Razz<br \/>\n14. Mango Passion Fruit<br \/>\n15. Broskev Mango Watermelon<br \/>\n16.Melounov\u00e1 \u017dv\u00fdka\u010dka<br \/>\n17.Jahoda Ban\u00e1n<br \/>\n18. Dvojit\u00e9 jablko<br \/>\n19. Kiwi Pssion Guava<br \/>\n20. T\u0159e\u0161e\u0148 Berry<\/p>\n<figure id=\"attachment_4491\" aria-describedby=\"caption-attachment-4491\" style=\"width: 800px\" class=\"wp-caption alignnone\"><img decoding=\"async\" class=\"wp-image-4491 size-full\" src=\"https:\/\/vapestornado.com\/wp-content\/uploads\/2025\/10\/Puff-JNR-RageGorilla-55K-55000-Puffs.webp\" alt=\"Puff JNR RageGorilla 55K 55000 pot\u00e1\u010den\u00ed\" width=\"800\" height=\"450\" srcset=\"https:\/\/vapestornado.com\/wp-content\/uploads\/2025\/10\/Puff-JNR-RageGorilla-55K-55000-Puffs.webp 800w, https:\/\/vapestornado.com\/wp-content\/uploads\/2025\/10\/Puff-JNR-RageGorilla-55K-55000-Puffs-300x169.webp 300w, https:\/\/vapestornado.com\/wp-content\/uploads\/2025\/10\/Puff-JNR-RageGorilla-55K-55000-Puffs-768x432.webp 768w, https:\/\/vapestornado.com\/wp-content\/uploads\/2025\/10\/Puff-JNR-RageGorilla-55K-55000-Puffs-18x10.webp 18w, https:\/\/vapestornado.com\/wp-content\/uploads\/2025\/10\/Puff-JNR-RageGorilla-55K-55000-Puffs-600x338.webp 600w\" sizes=\"(max-width: 800px) 100vw, 800px\" \/><figcaption id=\"caption-attachment-4491\" class=\"wp-caption-text\">Puff JNR RageGorilla 55K 55000 pot\u00e1\u010den\u00ed<\/figcaption><\/figure>\n<div class=\"flex-shrink-0 flex flex-col relative items-end\">\n<div class=\"pt-0\">\n<div class=\"gizmo-bot-avatar flex h-8 w-8 items-center justify-center overflow-hidden rounded-full\">\n<div class=\"relative p-1 rounded-sm flex items-center justify-center bg-token-main-surface-primary text-token-text-primary h-8 w-8\">\n<h2 data-start=\"1200\" data-end=\"1487\">Vapes Tornado \u2013 V\u00e1\u0161 velkoobchodn\u00ed online obchod s vaporiz\u00e9ry pro p\u0159edn\u00ed zna\u010dky vaporiz\u00e9r\u016f<\/h2>\n<p data-start=\"1200\" data-end=\"1487\">Vapes Tornado Online Smoke Store je va\u0161e spolehliv\u00e9 m\u00edsto pro <strong data-start=\"66\" data-end=\"94\">pr\u00e9miov\u00fdch jednor\u00e1zov\u00fdch vap\u016f<\/strong> a <strong data-start=\"99\" data-end=\"125\">velkoobchod s e-cigaretami<\/strong> po cel\u00e9 Evrop\u011b. Nab\u00edz\u00edme obl\u00edben\u00e9 zna\u010dky vaporiz\u00e9r\u016f, jako jsou <a href=\"https:\/\/vapestornado.com\/cs\/product\/elf-bar-raya-d3-25000-puffs-best-disposable-vape-wholesale-in-uk\/\">Elf Bar Vape<\/a>, <strong data-start=\"175\" data-end=\"228\"><a href=\"https:\/\/vapestornado.com\/cs\/product\/fumot-randm-tornado-15000-puffs-rechargeable-disposable-vape-wholesale\/\">Fumot Vape<\/a>, <a href=\"https:\/\/vapestornado.com\/cs\/product\/waspe-150k-150000-puff-6-in-1-disposable-vape-pen-cartridge-best-wholesale-price-in-poland\/\">Waspe Vape<\/a>, Vozol Bar Vape, <a href=\"https:\/\/vapestornado.com\/cs\/product-category\/bang-vape\/\">Bang Vape<\/a><\/strong>, a mnoho dal\u0161\u00edch\u2014nab\u00edz\u00edme v\u00fdjime\u010dnou kvalitu, rozmanit\u00e9 mo\u017enosti p\u0159\u00edchut\u00ed a inovativn\u00ed designy. A\u0165 jste osobn\u00ed u\u017eivatel nebo velkoobchodn\u00ed kupuj\u00edc\u00ed, <strong data-start=\"372\" data-end=\"389\">Vapes Tornado<\/strong> poskytuje vysoce v\u00fdkonn\u00e9 za\u0159\u00edzen\u00ed, elegantn\u00ed styly a neporaziteln\u00e9 velkoobchodn\u00ed ceny, kter\u00e9 odpov\u00eddaj\u00ed va\u0161im pot\u0159eb\u00e1m vapov\u00e1n\u00ed.<\/p>\n<h2 data-start=\"2064\" data-end=\"2115\">\u010casto kladen\u00e9 ot\u00e1zky o JNR RageGorilla 55000 pot\u00e1\u010den\u00ed Vape Box<\/h2>\n<p data-start=\"2223\" data-end=\"2360\"><strong data-start=\"2223\" data-end=\"2273\">1. Jak dlouho vydr\u017e\u00ed JNR RageGorilla 55K?<\/strong><br data-start=\"2273\" data-end=\"2276\" \/>Poskytuje a\u017e <strong data-start=\"2294\" data-end=\"2309\">55000 pot\u00e1\u010den\u00ed<\/strong>, v z\u00e1vislosti na va\u0161ich zvyklostech p\u0159i pou\u017e\u00edv\u00e1n\u00ed a d\u00e9lce pot\u00e1\u010den\u00ed.<\/p>\n<p data-start=\"2362\" data-end=\"2489\"><strong data-start=\"2362\" data-end=\"2405\">2. Je JNR 55000 pot\u00e1\u010den\u00ed dob\u00edjec\u00ed?<\/strong><br data-start=\"2405\" data-end=\"2408\" \/>Ano, m\u00e1 <strong data-start=\"2427\" data-end=\"2451\">nab\u00edjec\u00edm portem typu C<\/strong> pro rychl\u00e9 a efektivn\u00ed dob\u00edjen\u00ed.<\/p>\n<p data-start=\"2491\" data-end=\"2700\"><strong data-start=\"2491\" data-end=\"2571\">3. \u010c\u00edm se li\u0161\u00ed JNR RageGorilla 55K od jin\u00fdch jednor\u00e1zov\u00fdch vaporiz\u00e9r\u016f?<\/strong><br data-start=\"2571\" data-end=\"2574\" \/>Jeho <strong data-start=\"2578\" data-end=\"2596\">du\u00e1ln\u00ed mesh c\u00edvka<\/strong>, <strong data-start=\"2598\" data-end=\"2619\">chytr\u00fd LED displej<\/strong>, a <strong data-start=\"2625\" data-end=\"2648\">velk\u00e1 kapacita 42 ml<\/strong> d\u011bl\u00e1 jej v\u00fdjime\u010dn\u00fdm jak v chuti, tak v odolnosti.<\/p>\n<p data-start=\"2702\" data-end=\"2828\"><strong data-start=\"2702\" data-end=\"2736\">4. Je tento vaporiz\u00e9r s n\u00edzk\u00fdm obsahem nikotinu?<\/strong><br data-start=\"2736\" data-end=\"2739\" \/>Ano, <strong data-start=\"2748\" data-end=\"2768\">\u00farove\u0148 nikotinu 2%<\/strong> nab\u00edz\u00ed jemn\u011bj\u0161\u00ed z\u00e1\u017eitek vhodn\u00fd pro preference EU.<\/p>\n<p data-start=\"2830\" data-end=\"3015\"><strong data-start=\"2830\" data-end=\"2891\">5. Jak\u00e9 jsou nejobl\u00edben\u011bj\u0161\u00ed p\u0159\u00edchut\u011b JNR RageGorilla 55K?<\/strong><br data-start=\"2891\" data-end=\"2894\" \/>Nejprod\u00e1van\u011bj\u0161\u00ed p\u0159\u00edchut\u011b zahrnuj\u00ed <strong data-start=\"2922\" data-end=\"2941\">Jahoda a kiwi<\/strong>, <strong data-start=\"2943\" data-end=\"2958\">T\u0159e\u0161\u0148ov\u00e1 Cola<\/strong>, <strong data-start=\"2960\" data-end=\"2980\">Modr\u00fd Razz t\u0159e\u0161e\u0148<\/strong>, a <strong data-start=\"2986\" data-end=\"3012\">Peach Mango Watermelon (Broskev, mango, meloun)<\/strong>.<\/p>\n<\/div>\n<\/div>\n<\/div>\n<\/div>","protected":false},"excerpt":{"rendered":"<p>Navr\u017eeno pro trh EU, the <strong data-start=\"613\" data-end=\"629\">JNR 55K Vape<\/strong> je ide\u00e1ln\u00ed pro velkoobchodn\u00edky a maloobchodn\u00edky hledaj\u00edc\u00ed <strong data-start=\"677\" data-end=\"717\">obl\u00edben\u00e9 n\u00edzko nikotinov\u00e9 jednor\u00e1zov\u00e9 vaporiz\u00e9ry<\/strong> s elegantn\u00edm, odoln\u00fdm t\u011blem a konzistentn\u00edm dod\u00e1v\u00e1n\u00edm chuti. Perfektn\u00ed pro vapery hledaj\u00edc\u00ed pr\u00e9miovou chu\u0165 a modern\u00ed v\u00fdkon za <strong data-start=\"858\" data-end=\"889\">konkurenceschopnou velkoobchodn\u00ed cenu<\/strong>.<\/p>\n<p><strong>P\u0159idejte si Amy na Whatsapp, abyste z\u00edskali spr\u00e1vnou odpov\u011b\u010f a slevu!<\/strong><\/p>\n<p><img fetchpriority=\"high\" decoding=\"async\" class=\"size-full wp-image-2932\" src=\"https:\/\/vapestornado.com\/wp-content\/uploads\/2024\/12\/Vape-Wholesale.jpg\" alt=\"Velkoobchod s vape\" width=\"229\" height=\"300\" \/><\/p>\n<h3><a href=\"https:\/\/wa.me\/8617776015835\"><span style=\"color: #ff0000;\"><strong>WhatsApp: +86 17776015835<\/strong><\/span><\/a><\/h3>","protected":false},"featured_media":4484,"comment_status":"open","ping_status":"closed","template":"","meta":{"_acf_changed":false,"_uag_custom_page_level_css":"","_lmt_disableupdate":"no","_lmt_disable":"","_monsterinsights_skip_tracking":false,"_monsterinsights_sitenote_active":false,"_monsterinsights_sitenote_note":"","_monsterinsights_sitenote_category":0,"site-sidebar-layout":"default","site-content-layout":"","ast-site-content-layout":"default","site-content-style":"default","site-sidebar-style":"default","ast-global-header-display":"","ast-banner-title-visibility":"","ast-main-header-display":"","ast-hfb-above-header-display":"","ast-hfb-below-header-display":"","ast-hfb-mobile-header-display":"","site-post-title":"","ast-breadcrumbs-content":"","ast-featured-img":"","footer-sml-layout":"","ast-disable-related-posts":"","theme-transparent-header-meta":"default","adv-header-id-meta":"","stick-header-meta":"","header-above-stick-meta":"","header-main-stick-meta":"","header-below-stick-meta":"","astra-migrate-meta-layouts":"set","ast-page-background-enabled":"default","ast-page-background-meta":{"desktop":{"background-color":"","background-image":"","background-repeat":"repeat","background-position":"center center","background-size":"auto","background-attachment":"scroll","background-type":"","background-media":"","overlay-type":"","overlay-color":"","overlay-opacity":"","overlay-gradient":""},"tablet":{"background-color":"","background-image":"","background-repeat":"repeat","background-position":"center center","background-size":"auto","background-attachment":"scroll","background-type":"","background-media":"","overlay-type":"","overlay-color":"","overlay-opacity":"","overlay-gradient":""},"mobile":{"background-color":"","background-image":"","background-repeat":"repeat","background-position":"center center","background-size":"auto","background-attachment":"scroll","background-type":"","background-media":"","overlay-type":"","overlay-color":"","overlay-opacity":"","overlay-gradient":""}},"ast-content-background-meta":{"desktop":{"background-color":"var(--ast-global-color-5)","background-image":"","background-repeat":"repeat","background-position":"center center","background-size":"auto","background-attachment":"scroll","background-type":"","background-media":"","overlay-type":"","overlay-color":"","overlay-opacity":"","overlay-gradient":""},"tablet":{"background-color":"var(--ast-global-color-5)","background-image":"","background-repeat":"repeat","background-position":"center center","background-size":"auto","background-attachment":"scroll","background-type":"","background-media":"","overlay-type":"","overlay-color":"","overlay-opacity":"","overlay-gradient":""},"mobile":{"background-color":"var(--ast-global-color-5)","background-image":"","background-repeat":"repeat","background-position":"center center","background-size":"auto","background-attachment":"scroll","background-type":"","background-media":"","overlay-type":"","overlay-color":"","overlay-opacity":"","overlay-gradient":""}},"_joinchat":[]},"product_brand":[],"product_cat":[149,150,151,154,141,142,76,144],"product_tag":[120,403,406,413,135,246,390,397],"class_list":{"0":"post-4493","1":"product","2":"type-product","3":"status-publish","4":"has-post-thumbnail","6":"product_cat-buy-disposable-vapes-in-austria","7":"product_cat-buy-disposable-vapes-in-belgium","8":"product_cat-buy-disposable-vapes-in-france","9":"product_cat-buy-disposable-vapes-in-netherlands","10":"product_cat-crystal-disposable-vapes","11":"product_cat-digital-box-disposable-vapes","12":"product_cat-jnr-vape","13":"product_cat-low-nicotine-disposable-vapes","14":"product_tag-crystal-vape","15":"product_tag-disposable-vape-box","16":"product_tag-disposable-vape-fast-shipping","17":"product_tag-jnr-ragegorilla-55000-puffs","18":"product_tag-jnr-vape","19":"product_tag-low-nicotine-disposable-vape","20":"product_tag-online-vape-shop","21":"product_tag-vapor","22":"desktop-align-left","23":"tablet-align-left","24":"mobile-align-left","26":"first","27":"instock","28":"sale","29":"shipping-taxable","30":"purchasable","31":"product-type-simple"},"acf":[],"uagb_featured_image_src":{"full":["https:\/\/vapestornado.com\/wp-content\/uploads\/2025\/10\/JNR-Rage-Gorilla-55000-Puffs-55k-Vape-42ml-Smart-Screen.webp",800,800,false],"thumbnail":["https:\/\/vapestornado.com\/wp-content\/uploads\/2025\/10\/JNR-Rage-Gorilla-55000-Puffs-55k-Vape-42ml-Smart-Screen-150x150.webp",150,150,true],"medium":["https:\/\/vapestornado.com\/wp-content\/uploads\/2025\/10\/JNR-Rage-Gorilla-55000-Puffs-55k-Vape-42ml-Smart-Screen-300x300.webp",300,300,true],"medium_large":["https:\/\/vapestornado.com\/wp-content\/uploads\/2025\/10\/JNR-Rage-Gorilla-55000-Puffs-55k-Vape-42ml-Smart-Screen-768x768.webp",768,768,true],"large":["https:\/\/vapestornado.com\/wp-content\/uploads\/2025\/10\/JNR-Rage-Gorilla-55000-Puffs-55k-Vape-42ml-Smart-Screen.webp",800,800,false],"1536x1536":["https:\/\/vapestornado.com\/wp-content\/uploads\/2025\/10\/JNR-Rage-Gorilla-55000-Puffs-55k-Vape-42ml-Smart-Screen.webp",800,800,false],"2048x2048":["https:\/\/vapestornado.com\/wp-content\/uploads\/2025\/10\/JNR-Rage-Gorilla-55000-Puffs-55k-Vape-42ml-Smart-Screen.webp",800,800,false],"trp-custom-language-flag":["https:\/\/vapestornado.com\/wp-content\/uploads\/2025\/10\/JNR-Rage-Gorilla-55000-Puffs-55k-Vape-42ml-Smart-Screen-12x12.webp",12,12,true],"woocommerce_thumbnail":["https:\/\/vapestornado.com\/wp-content\/uploads\/2025\/10\/JNR-Rage-Gorilla-55000-Puffs-55k-Vape-42ml-Smart-Screen-300x300.webp",300,300,true],"woocommerce_single":["https:\/\/vapestornado.com\/wp-content\/uploads\/2025\/10\/JNR-Rage-Gorilla-55000-Puffs-55k-Vape-42ml-Smart-Screen-600x600.webp",600,600,true],"woocommerce_gallery_thumbnail":["https:\/\/vapestornado.com\/wp-content\/uploads\/2025\/10\/JNR-Rage-Gorilla-55000-Puffs-55k-Vape-42ml-Smart-Screen-100x100.webp",100,100,true]},"uagb_author_info":{"display_name":"ESAMY","author_link":"https:\/\/vapestornado.com\/cs\/author\/"},"uagb_comment_info":2,"uagb_excerpt":"Designed for the EU market, the JNR 55K Vape is ideal for wholesalers and retailers seeking popular low nicotine disposable vapes with a stylish, durable body and consistent flavor delivery. Perfect for vapers looking for premium taste and modern performance at a competitive wholesale price. Add Amy's whatsapp to get right reply and discount price!&hellip;","_links":{"self":[{"href":"https:\/\/vapestornado.com\/cs\/wp-json\/wp\/v2\/product\/4493","targetHints":{"allow":["GET"]}}],"collection":[{"href":"https:\/\/vapestornado.com\/cs\/wp-json\/wp\/v2\/product"}],"about":[{"href":"https:\/\/vapestornado.com\/cs\/wp-json\/wp\/v2\/types\/product"}],"replies":[{"embeddable":true,"href":"https:\/\/vapestornado.com\/cs\/wp-json\/wp\/v2\/comments?post=4493"}],"wp:featuredmedia":[{"embeddable":true,"href":"https:\/\/vapestornado.com\/cs\/wp-json\/wp\/v2\/media\/4484"}],"wp:attachment":[{"href":"https:\/\/vapestornado.com\/cs\/wp-json\/wp\/v2\/media?parent=4493"}],"wp:term":[{"taxonomy":"product_brand","embeddable":true,"href":"https:\/\/vapestornado.com\/cs\/wp-json\/wp\/v2\/product_brand?post=4493"},{"taxonomy":"product_cat","embeddable":true,"href":"https:\/\/vapestornado.com\/cs\/wp-json\/wp\/v2\/product_cat?post=4493"},{"taxonomy":"product_tag","embeddable":true,"href":"https:\/\/vapestornado.com\/cs\/wp-json\/wp\/v2\/product_tag?post=4493"}],"curies":[{"name":"wp","href":"https:\/\/api.w.org\/{rel}","templated":true}]}}