{"id":4483,"date":"2025-10-30T06:42:12","date_gmt":"2025-10-30T06:42:12","guid":{"rendered":"https:\/\/vapestornado.com\/?post_type=product&#038;p=4483"},"modified":"2025-12-12T08:55:22","modified_gmt":"2025-12-12T08:55:22","slug":"jnr-falcon-pro-28k-28000-disposable-vape-puff-bar-rechargeable","status":"publish","type":"product","link":"https:\/\/vapestornado.com\/cs\/product\/jnr-falcon-pro-28k-28000-disposable-vape-puff-bar-rechargeable\/","title":{"rendered":"JNR Falcon Pro 28k 28000 Jednor\u00e1zov\u00e1 Vape Puf Bar Dob\u00edjec\u00ed"},"content":{"rendered":"<h2 data-pm-slice=\"1 1 []\">JNR Falcon Pro 28K dob\u00edjec\u00ed Puff Bar \u2013 28000 Puff jednor\u00e1zov\u00fd vaporiz\u00e9r velkoobchod<\/h2>\n<p data-start=\"73\" data-end=\"688\">Ten <strong data-start=\"97\" data-end=\"119\">JNR Falcon Pro 28K<\/strong> je dob\u00edjec\u00ed jednor\u00e1zov\u00e1 za\u0159\u00edzen\u00ed navr\u017een\u00e9 pro vapery, kte\u0159\u00ed o\u010dek\u00e1vaj\u00ed v\u00edc ne\u017e jen kr\u00e1tkodobou pohodlnost. S <strong data-start=\"216\" data-end=\"238\">a\u017e 28 000 potahy<\/strong>, s <strong data-start=\"242\" data-end=\"268\">kapacitu e-liquidu 30 ml<\/strong>a <strong data-start=\"276\" data-end=\"294\">du\u00e1ln\u00ed mesh c\u00edvka<\/strong>, je navr\u017eeno tak, aby poskytovalo stabiln\u00ed chu\u0165 a p\u00e1ru p\u0159i dlouhodob\u00e9m pou\u017e\u00edv\u00e1n\u00ed. P\u0159idejte k tomu <strong data-start=\"372\" data-end=\"410\">950mAh dob\u00edjec\u00ed bateri\u00ed typu-C<\/strong> a <strong data-start=\"418\" data-end=\"446\">chytrou inteligentn\u00ed obrazovku<\/strong>, a dostanete za\u0159\u00edzen\u00ed, kter\u00e9 se chov\u00e1 sp\u00ed\u0161e jako kompaktn\u00ed <strong data-start=\"500\" data-end=\"520\">E-cigarety modifikace<\/strong> ne\u017e jako z\u00e1kladn\u00ed jednor\u00e1zov\u00e9 \u2014 bez nastavov\u00e1n\u00ed nebo \u00fadr\u017eby.<\/p>\n<h3 data-start=\"791\" data-end=\"864\">Pro\u010d JNR Falcon Pro 28k nab\u00edz\u00ed lep\u0161\u00ed hodnotu ne\u017e b\u011b\u017en\u00e9 jednor\u00e1zov\u00e9 vaporiz\u00e9ry?<\/h3>\n<ul data-start=\"866\" data-end=\"2179\">\n<li data-start=\"866\" data-end=\"1161\">\n<p data-start=\"868\" data-end=\"1161\"><strong data-start=\"868\" data-end=\"906\">V\u00fddr\u017e, kter\u00e1 odpov\u00edd\u00e1 skute\u010dn\u00fdm rutin\u00e1m.<\/strong> Ten <strong data-start=\"911\" data-end=\"949\">Jednor\u00e1zov\u00e1 vaporiz\u00e9r JNR Falcon Pro 28K<\/strong> kombinuje vysok\u00e9 <strong data-start=\"963\" data-end=\"982\">hodnocen\u00ed potah\u016f 28K<\/strong> s <strong data-start=\"990\" data-end=\"1003\">30ml n\u00e1dr\u017eky<\/strong>, co\u017e ho \u010din\u00ed vhodn\u00fdm pro pravideln\u00e9 u\u017eivatele v <strong data-start=\"1045\" data-end=\"1090\">\u010cesk\u00e9 republice, Francii, It\u00e1lii, \u0160pan\u011blsku a Polsku<\/strong> , kte\u0159\u00ed cht\u011bj\u00ed m\u00e9n\u011b v\u00fdm\u011bn a p\u0159edv\u00eddateln\u00e9 denn\u00ed pou\u017eit\u00ed z jednoho za\u0159\u00edzen\u00ed.<\/p>\n<\/li>\n<li data-start=\"1163\" data-end=\"1428\">\n<p data-start=\"1165\" data-end=\"1428\"><strong data-start=\"1165\" data-end=\"1202\">Dvojit\u00e1 s\u00ed\u0165ov\u00e1 c\u00edvka pro stabiln\u00ed v\u00fdkon.<\/strong> Uvnit\u0159 <strong data-start=\"1214\" data-end=\"1243\">Dob\u00edjec\u00fd vaporiz\u00e9r JNR 28K<\/strong> m\u00e1 design, kter\u00fd <strong data-start=\"1256\" data-end=\"1274\">du\u00e1ln\u00ed mesh c\u00edvka<\/strong> rovnom\u011brn\u011b rozv\u00e1d\u00ed teplo po cel\u00e9 vati\u010dce. To pom\u00e1h\u00e1 p\u00e1\u0159e z\u016fstat jemn\u00e9 a chu\u0165 z\u016fst\u00e1v\u00e1 pln\u00e1 hloub\u011bji v n\u00e1dr\u017ei, m\u00edsto aby se z\u0159edila po intenzivn\u00edm pou\u017e\u00edv\u00e1n\u00ed.<\/p>\n<\/li>\n<li data-start=\"1430\" data-end=\"1649\">\n<p data-start=\"1432\" data-end=\"1649\"><strong data-start=\"1432\" data-end=\"1480\">Dob\u00edjec\u00ed v\u00fdkon, kter\u00fd chr\u00e1n\u00ed kapalinu.<\/strong> A <strong data-start=\"1483\" data-end=\"1521\">950mAh dob\u00edjec\u00ed bateri\u00ed typu-C<\/strong> znamen\u00e1, \u017ee m\u016f\u017eete doplnit energii podle pot\u0159eby a pokra\u010dovat v vapov\u00e1n\u00ed, dokud nen\u00ed kapalina vy\u010derp\u00e1na \u2014 \u017e\u00e1dn\u00e9 p\u0159ed\u010dasn\u00e9 vyhozen\u00ed, \u017e\u00e1dn\u00e9 pl\u00fdtv\u00e1n\u00ed e-\u0161\u0165\u00e1vou.<\/p>\n<\/li>\n<li data-start=\"1651\" data-end=\"1884\">\n<p data-start=\"1653\" data-end=\"1884\"><strong data-start=\"1653\" data-end=\"1689\">Chytr\u00e1 obrazovka v\u00e1s informuje.<\/strong> Ten <strong data-start=\"1694\" data-end=\"1747\">inteligentn\u00ed LED displej na JNR Falcon Pro 28K<\/strong> ukazuje \u00farove\u0148 baterie a e-tekutiny v re\u00e1ln\u00e9m \u010dase, tak\u017ee v\u00edte, zda za\u0159\u00edzen\u00ed zvl\u00e1dne dlouh\u00fd pracovn\u00ed den nebo ve\u010d\u00edrek bez h\u00e1d\u00e1n\u00ed.<\/p>\n<\/li>\n<li data-start=\"1886\" data-end=\"2179\">\n<p data-start=\"1888\" data-end=\"2179\"><strong data-start=\"1888\" data-end=\"1939\">Siln\u00e1 hodnota pro maloobchodn\u00ed a velkoobchodn\u00ed kan\u00e1ly.<\/strong> S funkcemi, kter\u00e9 jsou obvykle vid\u011bt u slo\u017eit\u011bj\u0161\u00edch za\u0159\u00edzen\u00ed, <strong data-start=\"1996\" data-end=\"2018\">JNR Falcon Pro 28000<\/strong>\u00a0si vede dob\u0159e v jak\u00e9mkoli <strong data-start=\"2040\" data-end=\"2053\">vapovac\u00edm obchod\u011b<\/strong> a vyhovuje kupuj\u00edc\u00edm, kte\u0159\u00ed porovn\u00e1vaj\u00ed pr\u00e9miov\u00e9 jednor\u00e1zov\u00e9 produkty s <strong data-start=\"2108\" data-end=\"2138\">Levn\u00e9 cigarety velkoobchod<\/strong> alternativami pro lep\u0161\u00ed dlouhodobou hodnotu.<\/p>\n<\/li>\n<\/ul>\n<p><strong><span style=\"color: #ff0000;\">P\u0159idejte si Amy na WhatsApp pro rychlou odpov\u011b\u010f a kup\u00f3n na vapky!<\/span><\/strong><\/p>\n<p><img fetchpriority=\"high\" decoding=\"async\" class=\"size-full wp-image-2932\" src=\"https:\/\/vapestornado.com\/wp-content\/uploads\/2024\/12\/Vape-Wholesale.jpg\" alt=\"Velkoobchod s vape\" width=\"229\" height=\"300\" \/><\/p>\n<h3><a href=\"https:\/\/wa.me\/8617776015835\" target=\"_blank\" rel=\"noopener\"><span style=\"color: #ff0000;\"><strong>WhatsApp: +86 17776015835<\/strong><\/span><\/a><\/h3>\n<p>&nbsp;<\/p>\n<h2><strong>JNR Falcon Pro 28k Funkce produktu<\/strong><\/h2>\n<table>\n<thead>\n<tr>\n<th>Funkce<\/th>\n<th>specifikace<\/th>\n<th>detaily<\/th>\n<\/tr>\n<\/thead>\n<tbody>\n<tr>\n<td>N\u00e1zev produktu<\/td>\n<td>JNR Falcon Pro 28K<\/td>\n<td>Vysokokapacitn\u00ed dob\u00edjec\u00ed jednor\u00e1zov\u00fd vaporiz\u00e9r<\/td>\n<\/tr>\n<tr>\n<td>Kapacita pot\u00e1hnut\u00ed<\/td>\n<td>A\u017e 28 000 pota\u017een\u00ed<\/td>\n<td>Navr\u017eeno pro dlouhodob\u00e9, v\u00edcedenn\u00ed pou\u017eit\u00ed<\/td>\n<\/tr>\n<tr>\n<td>Objem e-liquidu<\/td>\n<td>30ml p\u0159ednapln\u011bn\u00e9<\/td>\n<td>Velk\u00e1 n\u00e1dr\u017e podporuje dlouh\u00e9 sezen\u00ed<\/td>\n<\/tr>\n<tr>\n<td>Technologie c\u00edvky<\/td>\n<td>Du\u00e1ln\u00ed mesh c\u00edvka<\/td>\n<td>Rovnom\u011brn\u00e9 vyt\u00e1p\u011bn\u00ed pro hladk\u00fd par a bohatou chu\u0165<\/td>\n<\/tr>\n<tr>\n<td>Baterie<\/td>\n<td>950mAh dob\u00edjec\u00ed<\/td>\n<td>Podporuje opakovan\u00e9 nab\u00edjen\u00ed po celou dobu \u017eivotnosti za\u0159\u00edzen\u00ed<\/td>\n<\/tr>\n<tr>\n<td>Nab\u00edjen\u00ed<\/td>\n<td>rychl\u00e9 nab\u00edjen\u00ed Type-C<\/td>\n<td>Rychl\u00e9, modern\u00ed nab\u00edjen\u00ed s kabely podle evropsk\u00e9ho standardu<\/td>\n<\/tr>\n<tr>\n<td>Displej<\/td>\n<td>Inteligentn\u00ed chytr\u00e1 obrazovka<\/td>\n<td>Stav baterie a e-liquid\u016f v re\u00e1ln\u00e9m \u010dase<\/td>\n<\/tr>\n<tr>\n<td>Design<\/td>\n<td>T\u011blo ve stylu krystalu s logem Falcon<\/td>\n<td>Modern\u00ed vzhled s pevn\u00fd pocitem v ruce<\/td>\n<\/tr>\n<tr>\n<td>Mo\u017enosti p\u0159\u00edchut\u00ed<\/td>\n<td>A\u017e 20 p\u0159\u00edchut\u00ed<\/td>\n<td>K dispozici ovocn\u00e9, ledov\u00e9 a sm\u011bsov\u00e9 profily<\/td>\n<\/tr>\n<tr>\n<td>Um\u00edst\u011bn\u00ed<\/td>\n<td>Maloobchod &amp; velkoobchod<\/td>\n<td>Vhodn\u00e9 pro vape shop a velkoobchodn\u00ed distribuci<\/td>\n<\/tr>\n<\/tbody>\n<\/table>\n<figure id=\"attachment_4478\" aria-describedby=\"caption-attachment-4478\" style=\"width: 800px\" class=\"wp-caption alignnone\"><img decoding=\"async\" class=\"wp-image-4478 size-full\" src=\"https:\/\/vapestornado.com\/wp-content\/uploads\/2025\/10\/JNR-Falcon-Pro-28000-2-Nicotine-Disposable-Vapes.webp\" alt=\"JNR Falcon Pro 28000 2% Nikotinov\u00e9 jednor\u00e1zov\u00e9 vaporiz\u00e9ry\" width=\"800\" height=\"800\" srcset=\"https:\/\/vapestornado.com\/wp-content\/uploads\/2025\/10\/JNR-Falcon-Pro-28000-2-Nicotine-Disposable-Vapes.webp 800w, https:\/\/vapestornado.com\/wp-content\/uploads\/2025\/10\/JNR-Falcon-Pro-28000-2-Nicotine-Disposable-Vapes-300x300.webp 300w, https:\/\/vapestornado.com\/wp-content\/uploads\/2025\/10\/JNR-Falcon-Pro-28000-2-Nicotine-Disposable-Vapes-150x150.webp 150w, https:\/\/vapestornado.com\/wp-content\/uploads\/2025\/10\/JNR-Falcon-Pro-28000-2-Nicotine-Disposable-Vapes-768x768.webp 768w, https:\/\/vapestornado.com\/wp-content\/uploads\/2025\/10\/JNR-Falcon-Pro-28000-2-Nicotine-Disposable-Vapes-12x12.webp 12w, https:\/\/vapestornado.com\/wp-content\/uploads\/2025\/10\/JNR-Falcon-Pro-28000-2-Nicotine-Disposable-Vapes-600x600.webp 600w, https:\/\/vapestornado.com\/wp-content\/uploads\/2025\/10\/JNR-Falcon-Pro-28000-2-Nicotine-Disposable-Vapes-100x100.webp 100w\" sizes=\"(max-width: 800px) 100vw, 800px\" \/><figcaption id=\"caption-attachment-4478\" class=\"wp-caption-text\">JNR Falcon Pro 28000 2% Nikotinov\u00e9 jednor\u00e1zov\u00e9 vaporiz\u00e9ry<\/figcaption><\/figure>\n<h2 class=\"product-title\"><strong>Seznam p\u0159\u00edchut\u00ed JNR Falcon Pro 28k Jednor\u00e1zov\u00e9 vaporiz\u00e9ry<\/strong><\/h2>\n<p>1 Jahodov\u00e1 zmrzlina<br \/>\n2 T\u0159e\u0161\u0148ov\u00e1 kola<br \/>\n3 Melounov\u00e1 zmrzlina<br \/>\n4 Modr\u00fd Razz T\u0159e\u0161e\u0148<br \/>\n5 Jahoda kiwi<br \/>\n6 Bor\u016fvka Ryb\u00edz T\u0159e\u0161e\u0148<br \/>\n7 Jahoda Meloun Zmrzlina<br \/>\n8 Kiwi Meloun Zmrzlina<br \/>\n9 Sm\u00ed\u0161en\u00e9 bobule<br \/>\n10 \u0160\u0165avnat\u00e9 broskve<br \/>\n11 Bor\u016fvkov\u00e1 ledov\u00e1<br \/>\n12 Bor\u016fvka s kyselou malinou<br \/>\n13 B\u00edl\u00e1 broskev Razz<br \/>\n14 Mango s passion fruit<br \/>\n15 Broskev mango vodn\u00ed meloun<br \/>\n16 Vodn\u00ed meloun \u017ev\u00fdka\u010dka<br \/>\n17 Jahoda ban\u00e1n<br \/>\n18 Dvojit\u00e1 jablko<br \/>\n19 Kiwi Passion Guava<br \/>\n20 T\u0159e\u0161e\u0148 Berry<\/p>\n<div class=\"flex-shrink-0 flex flex-col relative items-end\">\n<div class=\"pt-0\">\n<div class=\"gizmo-bot-avatar flex h-8 w-8 items-center justify-center overflow-hidden rounded-full\">\n<div class=\"relative p-1 rounded-sm flex items-center justify-center bg-token-main-surface-primary text-token-text-primary h-8 w-8\">\n<h2 data-start=\"1200\" data-end=\"1487\">Vapes Tornado \u2013 V\u00e1\u0161 velkoobchodn\u00ed online obchod s vaporiz\u00e9ry pro p\u0159edn\u00ed zna\u010dky vaporiz\u00e9r\u016f<\/h2>\n<p data-start=\"1200\" data-end=\"1487\">Vapes Tornado Online Smoke Store je va\u0161e spolehliv\u00e9 m\u00edsto pro <strong data-start=\"66\" data-end=\"94\">pr\u00e9miov\u00fdch jednor\u00e1zov\u00fdch vap\u016f<\/strong> a <strong data-start=\"99\" data-end=\"125\">velkoobchod s e-cigaretami<\/strong> po cel\u00e9 Evrop\u011b. Nab\u00edz\u00edme obl\u00edben\u00e9 zna\u010dky vaporiz\u00e9r\u016f, jako jsou <a href=\"https:\/\/vapestornado.com\/cs\/product\/elf-bar-raya-d3-25000-puffs-best-disposable-vape-wholesale-in-uk\/\">Elf Bar Vape<\/a>, <strong data-start=\"175\" data-end=\"228\"><a href=\"https:\/\/vapestornado.com\/cs\/product\/fumot-randm-tornado-15000-puffs-rechargeable-disposable-vape-wholesale\/\">Fumot Vape<\/a>, <a href=\"https:\/\/vapestornado.com\/cs\/product\/waspe-150k-150000-puff-6-in-1-disposable-vape-pen-cartridge-best-wholesale-price-in-poland\/\">Waspe Vape<\/a>, Vozol Bar Vape, <a href=\"https:\/\/vapestornado.com\/cs\/product-category\/bang-vape\/\">Bang Vape<\/a><\/strong>, a mnoho dal\u0161\u00edch\u2014nab\u00edz\u00edme v\u00fdjime\u010dnou kvalitu, rozmanit\u00e9 mo\u017enosti p\u0159\u00edchut\u00ed a inovativn\u00ed designy. A\u0165 jste osobn\u00ed u\u017eivatel nebo velkoobchodn\u00ed kupuj\u00edc\u00ed, <strong data-start=\"372\" data-end=\"389\">Vapes Tornado<\/strong> poskytuje vysoce v\u00fdkonn\u00e9 za\u0159\u00edzen\u00ed, elegantn\u00ed styly a neporaziteln\u00e9 velkoobchodn\u00ed ceny, kter\u00e9 odpov\u00eddaj\u00ed va\u0161im pot\u0159eb\u00e1m vapov\u00e1n\u00ed.<\/p>\n<h2 data-start=\"2064\" data-end=\"2115\"><\/h2>\n<h2 data-start=\"2064\" data-end=\"2115\">\u010casto kladen\u00e9 ot\u00e1zky o JNR Falcon Pro 28k Vape Box<\/h2>\n<h3 data-start=\"3123\" data-end=\"3203\">1. Jak dlouho vydr\u017e\u00ed jednor\u00e1zov\u00fd vaporiz\u00e9r JNR Falcon Pro 28K p\u0159i denn\u00edm pou\u017e\u00edv\u00e1n\u00ed?<\/h3>\n<p data-start=\"3204\" data-end=\"3362\">S <strong data-start=\"3209\" data-end=\"3225\">28 000 potah\u016f<\/strong> a <strong data-start=\"3232\" data-end=\"3245\">30ml n\u00e1dr\u017eky<\/strong>, mnoho pravideln\u00fdch u\u017eivatel\u016f to zjist\u00ed <strong data-start=\"3275\" data-end=\"3297\">JNR Falcon Pro 28K<\/strong> vydr\u017e\u00ed <strong data-start=\"3304\" data-end=\"3321\">n\u011bkolik t\u00fddn\u016f<\/strong>, v z\u00e1vislosti na d\u00e9lce a frekvenci potahu.<\/p>\n<h3 data-start=\"3369\" data-end=\"3461\">2. Jakou v\u00fdhodu p\u0159in\u00e1\u0161\u00ed dvojit\u00e1 s\u00ed\u0165ov\u00e1 c\u00edvka v nab\u00edjec\u00edm jednor\u00e1zov\u00e9m vaporiz\u00e9ru JNR 28K?<\/h3>\n<p data-start=\"3462\" data-end=\"3614\">Ten <strong data-start=\"3466\" data-end=\"3484\">du\u00e1ln\u00ed mesh c\u00edvka<\/strong> oh\u0159\u00edv\u00e1 se rovnom\u011brn\u011bji ne\u017e jednop\u00e1rov\u00e9 c\u00edvky, co\u017e pom\u00e1h\u00e1 udr\u017eet hustotu p\u00e1ry a konzistenci chuti po celou dobu \u017eivotnosti za\u0159\u00edzen\u00ed.<\/p>\n<h3 data-start=\"3621\" data-end=\"3722\">3. Je JNR Falcon Pro 28K v\u00fdkonov\u011b bl\u00ed\u017ee e-cigaretov\u00fdm mod\u016fm nebo standardn\u00edm jednor\u00e1zov\u00fdm vaporiz\u00e9r\u016fm?<\/h3>\n<p data-start=\"3723\" data-end=\"3861\">Z hlediska stability v\u00fdstupu a ovl\u00e1d\u00e1n\u00ed se bl\u00ed\u017e\u00ed sp\u00ed\u0161e kompaktn\u00edm <strong data-start=\"3792\" data-end=\"3812\">E-cigarety modifikace<\/strong>, ale bez v\u00fdm\u011bnn\u00fdch c\u00edvek nebo n\u00e1dr\u017e\u00ed k dopl\u0148ov\u00e1n\u00ed.<\/p>\n<h3 data-start=\"3868\" data-end=\"3943\">4. Jak u\u017eite\u010dn\u00fd je chytr\u00fd displej na JNR Falcon Pro 28K Puff Bar?<\/h3>\n<p data-start=\"3944\" data-end=\"4092\">Ten <strong data-start=\"3948\" data-end=\"3964\">chytrou obrazovku<\/strong> jasn\u011b ukazuje \u00farove\u0148 baterie a kapaliny, co\u017e umo\u017e\u0148uje lep\u0161\u00ed pl\u00e1nov\u00e1n\u00ed nab\u00edjen\u00ed a sni\u017euje neo\u010dek\u00e1van\u00e9 p\u0159eru\u0161en\u00ed b\u011bhem dne.<\/p>\n<h3 data-start=\"4099\" data-end=\"4232\">5. Je JNR Falcon Pro 28K dobr\u00e1 volba pro vape shop nebo velkoobchodn\u00ed kupce porovn\u00e1vaj\u00edc\u00ed levn\u00e9 cigarety velkoobchodn\u00ed alternativy?<\/h3>\n<p data-start=\"4233\" data-end=\"4467\">Ano. Pro <strong data-start=\"4242\" data-end=\"4255\">vapovac\u00edm obchod\u011b<\/strong> majitel\u00e9 a velkoobchodn\u00ed kupci, <strong data-start=\"4284\" data-end=\"4306\">JNR Falcon Pro 28K<\/strong> nab\u00edz\u00ed vysok\u00fd po\u010det potah\u016f, nab\u00edjec\u00ed design a pr\u00e9miov\u00e9 funkce, kter\u00e9 oslov\u00ed u\u017eivatele hledaj\u00edc\u00ed dlouhodobou hodnotu nad r\u00e1mec <strong data-start=\"4427\" data-end=\"4457\">Levn\u00e9 cigarety velkoobchod<\/strong> produkty.<\/p>\n<\/div>\n<\/div>\n<\/div>\n<\/div>","protected":false},"excerpt":{"rendered":"<ul>\n<li data-start=\"2055\" data-end=\"2134\">\n<p data-start=\"2058\" data-end=\"2134\">Koupit JNR 28K Puff Bar online \u2013 dlouhotrvaj\u00edc\u00ed dob\u00edjec\u00ed jednor\u00e1zov\u00fd vaporiz\u00e9r EU<\/p>\n<\/li>\n<li data-start=\"2055\" data-end=\"2134\">\n<p data-start=\"2058\" data-end=\"2134\">JNR Falcon 28000 Puffs Vape \u2013 Dual Mesh Coil Puff Bar za velkoobchodn\u00ed cenu<\/p>\n<\/li>\n<\/ul>\n<p><strong>P\u0159idejte si Amy na Whatsapp, abyste z\u00edskali spr\u00e1vnou odpov\u011b\u010f a slevu!<\/strong><\/p>\n<p><img fetchpriority=\"high\" decoding=\"async\" class=\"size-full wp-image-2932\" src=\"https:\/\/vapestornado.com\/wp-content\/uploads\/2024\/12\/Vape-Wholesale.jpg\" alt=\"Velkoobchod s vape\" width=\"229\" height=\"300\" \/><\/p>\n<h3><a href=\"https:\/\/wa.me\/8617776015835\"><span style=\"color: #ff0000;\"><strong>WhatsApp: +86 17776015835<\/strong><\/span><\/a><\/h3>","protected":false},"featured_media":4477,"comment_status":"open","ping_status":"closed","template":"","meta":{"_acf_changed":false,"_uag_custom_page_level_css":"","_lmt_disableupdate":"no","_lmt_disable":"","_monsterinsights_skip_tracking":false,"_monsterinsights_sitenote_active":false,"_monsterinsights_sitenote_note":"","_monsterinsights_sitenote_category":0,"site-sidebar-layout":"default","site-content-layout":"","ast-site-content-layout":"default","site-content-style":"default","site-sidebar-style":"default","ast-global-header-display":"","ast-banner-title-visibility":"","ast-main-header-display":"","ast-hfb-above-header-display":"","ast-hfb-below-header-display":"","ast-hfb-mobile-header-display":"","site-post-title":"","ast-breadcrumbs-content":"","ast-featured-img":"","footer-sml-layout":"","ast-disable-related-posts":"","theme-transparent-header-meta":"default","adv-header-id-meta":"","stick-header-meta":"","header-above-stick-meta":"","header-main-stick-meta":"","header-below-stick-meta":"","astra-migrate-meta-layouts":"set","ast-page-background-enabled":"default","ast-page-background-meta":{"desktop":{"background-color":"","background-image":"","background-repeat":"repeat","background-position":"center center","background-size":"auto","background-attachment":"scroll","background-type":"","background-media":"","overlay-type":"","overlay-color":"","overlay-opacity":"","overlay-gradient":""},"tablet":{"background-color":"","background-image":"","background-repeat":"repeat","background-position":"center center","background-size":"auto","background-attachment":"scroll","background-type":"","background-media":"","overlay-type":"","overlay-color":"","overlay-opacity":"","overlay-gradient":""},"mobile":{"background-color":"","background-image":"","background-repeat":"repeat","background-position":"center center","background-size":"auto","background-attachment":"scroll","background-type":"","background-media":"","overlay-type":"","overlay-color":"","overlay-opacity":"","overlay-gradient":""}},"ast-content-background-meta":{"desktop":{"background-color":"var(--ast-global-color-5)","background-image":"","background-repeat":"repeat","background-position":"center center","background-size":"auto","background-attachment":"scroll","background-type":"","background-media":"","overlay-type":"","overlay-color":"","overlay-opacity":"","overlay-gradient":""},"tablet":{"background-color":"var(--ast-global-color-5)","background-image":"","background-repeat":"repeat","background-position":"center center","background-size":"auto","background-attachment":"scroll","background-type":"","background-media":"","overlay-type":"","overlay-color":"","overlay-opacity":"","overlay-gradient":""},"mobile":{"background-color":"var(--ast-global-color-5)","background-image":"","background-repeat":"repeat","background-position":"center center","background-size":"auto","background-attachment":"scroll","background-type":"","background-media":"","overlay-type":"","overlay-color":"","overlay-opacity":"","overlay-gradient":""}},"_joinchat":[]},"product_brand":[],"product_cat":[235,149,150,151,154,141,142,76,144],"product_tag":[403,406,411,412,410,390,397],"class_list":{"0":"post-4483","1":"product","2":"type-product","3":"status-publish","4":"has-post-thumbnail","6":"product_cat-28000-puff","7":"product_cat-buy-disposable-vapes-in-austria","8":"product_cat-buy-disposable-vapes-in-belgium","9":"product_cat-buy-disposable-vapes-in-france","10":"product_cat-buy-disposable-vapes-in-netherlands","11":"product_cat-crystal-disposable-vapes","12":"product_cat-digital-box-disposable-vapes","13":"product_cat-jnr-vape","14":"product_cat-low-nicotine-disposable-vapes","15":"product_tag-disposable-vape-box","16":"product_tag-disposable-vape-fast-shipping","17":"product_tag-jnr-28k","18":"product_tag-jnr-falcon-pro-280000","19":"product_tag-jnr-falcon-pro-28k","20":"product_tag-online-vape-shop","21":"product_tag-vapor","22":"desktop-align-left","23":"tablet-align-left","24":"mobile-align-left","26":"first","27":"instock","28":"sale","29":"shipping-taxable","30":"purchasable","31":"product-type-simple"},"acf":[],"uagb_featured_image_src":{"full":["https:\/\/vapestornado.com\/wp-content\/uploads\/2025\/10\/JNR-Falcon-Pro-28K-Puff-Dispsoable-Vape-Wholesale-Price.webp",800,800,false],"thumbnail":["https:\/\/vapestornado.com\/wp-content\/uploads\/2025\/10\/JNR-Falcon-Pro-28K-Puff-Dispsoable-Vape-Wholesale-Price-150x150.webp",150,150,true],"medium":["https:\/\/vapestornado.com\/wp-content\/uploads\/2025\/10\/JNR-Falcon-Pro-28K-Puff-Dispsoable-Vape-Wholesale-Price-300x300.webp",300,300,true],"medium_large":["https:\/\/vapestornado.com\/wp-content\/uploads\/2025\/10\/JNR-Falcon-Pro-28K-Puff-Dispsoable-Vape-Wholesale-Price-768x768.webp",768,768,true],"large":["https:\/\/vapestornado.com\/wp-content\/uploads\/2025\/10\/JNR-Falcon-Pro-28K-Puff-Dispsoable-Vape-Wholesale-Price.webp",800,800,false],"1536x1536":["https:\/\/vapestornado.com\/wp-content\/uploads\/2025\/10\/JNR-Falcon-Pro-28K-Puff-Dispsoable-Vape-Wholesale-Price.webp",800,800,false],"2048x2048":["https:\/\/vapestornado.com\/wp-content\/uploads\/2025\/10\/JNR-Falcon-Pro-28K-Puff-Dispsoable-Vape-Wholesale-Price.webp",800,800,false],"trp-custom-language-flag":["https:\/\/vapestornado.com\/wp-content\/uploads\/2025\/10\/JNR-Falcon-Pro-28K-Puff-Dispsoable-Vape-Wholesale-Price-12x12.webp",12,12,true],"woocommerce_thumbnail":["https:\/\/vapestornado.com\/wp-content\/uploads\/2025\/10\/JNR-Falcon-Pro-28K-Puff-Dispsoable-Vape-Wholesale-Price-300x300.webp",300,300,true],"woocommerce_single":["https:\/\/vapestornado.com\/wp-content\/uploads\/2025\/10\/JNR-Falcon-Pro-28K-Puff-Dispsoable-Vape-Wholesale-Price-600x600.webp",600,600,true],"woocommerce_gallery_thumbnail":["https:\/\/vapestornado.com\/wp-content\/uploads\/2025\/10\/JNR-Falcon-Pro-28K-Puff-Dispsoable-Vape-Wholesale-Price-100x100.webp",100,100,true]},"uagb_author_info":{"display_name":"ESAMY","author_link":"https:\/\/vapestornado.com\/cs\/author\/"},"uagb_comment_info":1,"uagb_excerpt":"Buy JNR 28K Puff Bar Online \u2013 Long-Lasting Rechargeable Disposable Vape EU JNR Falcon 28000 Puffs Vape \u2013 Dual Mesh Coil Puff Bar at Wholesale Price Add Amy's whatsapp to get right reply and discount price! WhatsApp: +86 17776015835","_links":{"self":[{"href":"https:\/\/vapestornado.com\/cs\/wp-json\/wp\/v2\/product\/4483","targetHints":{"allow":["GET"]}}],"collection":[{"href":"https:\/\/vapestornado.com\/cs\/wp-json\/wp\/v2\/product"}],"about":[{"href":"https:\/\/vapestornado.com\/cs\/wp-json\/wp\/v2\/types\/product"}],"replies":[{"embeddable":true,"href":"https:\/\/vapestornado.com\/cs\/wp-json\/wp\/v2\/comments?post=4483"}],"wp:featuredmedia":[{"embeddable":true,"href":"https:\/\/vapestornado.com\/cs\/wp-json\/wp\/v2\/media\/4477"}],"wp:attachment":[{"href":"https:\/\/vapestornado.com\/cs\/wp-json\/wp\/v2\/media?parent=4483"}],"wp:term":[{"taxonomy":"product_brand","embeddable":true,"href":"https:\/\/vapestornado.com\/cs\/wp-json\/wp\/v2\/product_brand?post=4483"},{"taxonomy":"product_cat","embeddable":true,"href":"https:\/\/vapestornado.com\/cs\/wp-json\/wp\/v2\/product_cat?post=4483"},{"taxonomy":"product_tag","embeddable":true,"href":"https:\/\/vapestornado.com\/cs\/wp-json\/wp\/v2\/product_tag?post=4483"}],"curies":[{"name":"wp","href":"https:\/\/api.w.org\/{rel}","templated":true}]}}