{"id":4475,"date":"2025-10-29T06:41:52","date_gmt":"2025-10-29T06:41:52","guid":{"rendered":"https:\/\/vapestornado.com\/?post_type=product&#038;p=4475"},"modified":"2025-12-12T09:08:28","modified_gmt":"2025-12-12T09:08:28","slug":"uzy-50000-puff-50k-disposable-vape-2-in-1-double-flaovr-best-wholesale-online","status":"publish","type":"product","link":"https:\/\/vapestornado.com\/cs\/product\/uzy-50000-puff-50k-disposable-vape-2-in-1-double-flaovr-best-wholesale-online\/","title":{"rendered":"UZY 50000 Puf\u016f 50k Jednor\u00e1zov\u00fd Vaporiz\u00e9r 2 v 1 Dvojit\u00e1 P\u0159\u00edchu\u0165 Nejlep\u0161\u00ed Velkoobchod Online"},"content":{"rendered":"<h2 data-pm-slice=\"1 1 []\">UZY 50000 Pot\u00e1hnut\u00ed Jednor\u00e1zov\u00e1 Vape 2-v-1 Dvojit\u00e1 P\u0159\u00edchu\u0165, Du\u00e1ln\u00ed Mesh Spir\u00e1lky a Chytr\u00fd LED Displej<\/h2>\n<p data-start=\"103\" data-end=\"597\"><strong data-start=\"103\" data-end=\"121\">UZY 50000 Puf<\/strong> je velkokapacitn\u00ed <strong data-start=\"141\" data-end=\"162\">Jednor\u00e1zov\u00e9 za\u0159\u00edzen\u00ed 2-v-1<\/strong> vyrobeno pro dlouh\u00e9 pou\u017e\u00edv\u00e1n\u00ed a nulov\u00e9 starosti. Poskytuje <strong data-start=\"209\" data-end=\"231\">a\u017e 50 000 puf\u016f<\/strong> pou\u017eit\u00edm <strong data-start=\"238\" data-end=\"265\">du\u00e1ln\u00edch 20ml n\u00e1dr\u017eek na p\u0159\u00edchu\u0165<\/strong> (celkem 40 ml) a <strong data-start=\"283\" data-end=\"307\">du\u00e1ln\u00edmi 0,9\u03a9 mesh spir\u00e1lkami<\/strong> pro hladkou p\u00e1ru s v\u00fdraznou chut\u00ed. T\u011blo ve stylu <strong data-start=\"348\" data-end=\"363\">Crytal vape<\/strong>zaji\u0161\u0165uje elegantn\u00ed vzhled, zat\u00edmco <strong data-start=\"401\" data-end=\"422\">LED chytr\u00fd displej<\/strong> jasn\u011b zobrazuje stav baterie a e-liquidu. A <strong data-start=\"469\" data-end=\"507\">850mAh Type-C dob\u00edjec\u00ed baterie<\/strong> udr\u017euje za\u0159\u00edzen\u00ed v chodu, dokud nejsou n\u00e1dr\u017eky pr\u00e1zdn\u00e9, ne dokud se baterie nevybije p\u0159ed\u010dasn\u011b.<\/p>\n<h3 data-start=\"844\" data-end=\"895\">Pro\u010d si vybrat UZY 50000 Pot\u00e1hnut\u00ed, pokud chcete spolehlivost a siln\u00fd v\u00fdkon?<\/h3>\n<ul data-start=\"897\" data-end=\"2254\">\n<li data-start=\"897\" data-end=\"1225\">\n<p data-start=\"899\" data-end=\"1225\"><strong data-start=\"899\" data-end=\"946\">V\u00fddr\u017e 50K podpo\u0159en\u00e1 designem se dv\u011bma n\u00e1dr\u017ekami.<\/strong> Ten <strong data-start=\"951\" data-end=\"989\">UZY 50000 Pot\u00e1hnut\u00ed 50k jednor\u00e1zov\u00e1 vape<\/strong> pou\u017e\u00edv\u00e1 <strong data-start=\"995\" data-end=\"1013\">2 \u00d7 20ml n\u00e1dr\u017eky<\/strong> pro podporu jeho dlouh\u00e9 \u017eivotnosti. Pro <strong data-start=\"1048\" data-end=\"1062\">vaper\u016f 50k<\/strong> u\u017eivatel\u016f v <strong data-start=\"1072\" data-end=\"1127\">\u010cesk\u00e9 republice, \u0160pan\u011blsku, Polsku, Francii a Nizozemsku<\/strong>, to obvykle znamen\u00e1 m\u00e9n\u011b v\u00fdm\u011bn a m\u00e9n\u011b b\u011bh\u016f na posledn\u00ed chv\u00edli do obchodu s <strong data-start=\"1202\" data-end=\"1224\">e cigaretami<\/strong>.<\/p>\n<\/li>\n<li data-start=\"1227\" data-end=\"1496\">\n<p data-start=\"1229\" data-end=\"1496\"><strong data-start=\"1229\" data-end=\"1280\">Dva p\u0159\u00edchut\u011b v jednom za\u0159\u00edzen\u00ed, okam\u017eit\u011b p\u0159ep\u00ednateln\u00e9.<\/strong> Ten <strong data-start=\"1285\" data-end=\"1323\">UZY 50K 2 v 1 dvojit\u00e1 p\u0159\u00edchu\u0165 vaporiz\u00e9ru<\/strong> umo\u017e\u0148uje m\u011bnit chu\u0165ov\u00e9 profily kdykoliv se va\u0161e chu\u0165ov\u00e9 bu\u0148ky zm\u011bn\u00ed. To je d\u016fle\u017eit\u00e9 u za\u0159\u00edzen\u00ed s dlouhou \u017eivotnost\u00ed\u2014\u00fanava z chuti je hlavn\u00edm d\u016fvodem, pro\u010d lid\u00e9 brzy opou\u0161t\u011bj\u00ed jednor\u00e1zov\u00e9 vaporiz\u00e9ry s vysok\u00fdm po\u010dtem pota\u017een\u00ed.<\/p>\n<\/li>\n<li data-start=\"1498\" data-end=\"1749\">\n<p data-start=\"1500\" data-end=\"1749\"><strong data-start=\"1500\" data-end=\"1554\">V\u00fdstup s dvojitou s\u00ed\u0165ovou c\u00edvkou z\u016fst\u00e1v\u00e1 hladk\u00fd a konzistentn\u00ed.<\/strong> S <strong data-start=\"1560\" data-end=\"1591\">0,9\u03a9 + 0,9\u03a9 dvojit\u00e9 s\u00ed\u0165ov\u00e9 c\u00edvky<\/strong>, <strong data-start=\"1597\" data-end=\"1615\">UZY 50000 Puf<\/strong> udr\u017euje hust\u00fd par a stabiln\u00ed chu\u0165 po dlouh\u00fdch sezen\u00edch, sni\u017euje tvrd\u00fd pokles chuti, kter\u00fd ukazuj\u00ed mnoh\u00e9 velk\u00e9 jednor\u00e1zov\u00e9 vaporiz\u00e9ry pozd\u011b v n\u00e1dr\u017ei.<\/p>\n<\/li>\n<li data-start=\"1751\" data-end=\"1968\">\n<p data-start=\"1753\" data-end=\"1968\"><strong data-start=\"1753\" data-end=\"1793\">Chytr\u00e9 LED displeje odstra\u0148uj\u00ed nejistotu.<\/strong> Obrazovka na tomto <strong data-start=\"1813\" data-end=\"1828\">Crytal vape<\/strong> ukazuje \u00farove\u0148 baterie a hladinu e-liquidu, tak\u017ee si m\u016f\u017eete napl\u00e1novat nab\u00edjen\u00ed p\u0159ed ve\u010d\u00edrkem nebo dlouhou sm\u011bnou, m\u00edsto aby v\u00e1s p\u0159ekvapilo vybit\u00e9 za\u0159\u00edzen\u00ed.<\/p>\n<\/li>\n<li data-start=\"1970\" data-end=\"2254\">\n<p data-start=\"1972\" data-end=\"2254\"><strong data-start=\"1972\" data-end=\"2020\">Hodnota, kter\u00e1 funguje pro maloobchodn\u00ed i velkoobchodn\u00ed kupce.<\/strong> S n\u011bkolika \u00farovn\u011bmi nikotinu a silnou sadou funkc\u00ed, <strong data-start=\"2084\" data-end=\"2123\">UZY 50K jednor\u00e1zov\u00fd vaporiz\u00e9r za levnou cenu<\/strong> m\u00e1 smysl jak pro osobn\u00ed kupce, tak pro obchody, kter\u00e9 sout\u011b\u017e\u00ed na <strong data-start=\"2196\" data-end=\"2216\">levn\u00e9 ceny vaporiz\u00e9r\u016f<\/strong> nab\u00edz\u00ed bez ob\u011btov\u00e1n\u00ed pou\u017eitelnosti.<\/p>\n<\/li>\n<\/ul>\n<p><strong><span style=\"color: #ff0000;\">P\u0159idejte si Amy na WhatsApp pro rychlou odpov\u011b\u010f a kup\u00f3n na vapky!<\/span><\/strong><\/p>\n<p><img fetchpriority=\"high\" decoding=\"async\" class=\"size-full wp-image-2932\" src=\"https:\/\/vapestornado.com\/wp-content\/uploads\/2024\/12\/Vape-Wholesale.jpg\" alt=\"Velkoobchod s vape\" width=\"229\" height=\"300\" \/><\/p>\n<h3><a href=\"https:\/\/wa.me\/8617776015835\" target=\"_blank\" rel=\"noopener\"><span style=\"color: #ff0000;\"><strong>WhatsApp: +86 17776015835<\/strong><\/span><\/a><\/h3>\n<p>&nbsp;<\/p>\n<h2><strong>UZY 50000 Puff 50k Funkce produktu<\/strong><\/h2>\n<table>\n<thead>\n<tr>\n<th>Funkce<\/th>\n<th>specifikace<\/th>\n<th>detaily<\/th>\n<\/tr>\n<\/thead>\n<tbody>\n<tr>\n<td>N\u00e1zev produktu<\/td>\n<td>UZY 50000 pota\u017een\u00ed \/ UZY 50K<\/td>\n<td>2 v 1 dvojit\u00e1 p\u0159\u00edchu\u0165 jednor\u00e1zov\u00e9ho vaporiz\u00e9ru<\/td>\n<\/tr>\n<tr>\n<td>Kapacita pot\u00e1hnut\u00ed<\/td>\n<td>A\u017e 50 000 pota\u017een\u00ed<\/td>\n<td>Za\u0159\u00edzen\u00ed s dlouhou \u017eivotnost\u00ed navr\u017een\u00e9 pro dlouhodob\u00e9 denn\u00ed pou\u017eit\u00ed<\/td>\n<\/tr>\n<tr>\n<td>Syst\u00e9m e-liquidu<\/td>\n<td>Dvojit\u00e1 n\u00e1dr\u017e: 2 \u00d7 20 ml (celkem 40 ml)<\/td>\n<td>Podporuje vysok\u00fd po\u010det pota\u017een\u00ed a dlouh\u00e9 sezen\u00ed<\/td>\n<\/tr>\n<tr>\n<td>Typ spir\u00e1lky<\/td>\n<td>Dvojit\u00e9 s\u00ed\u0165ov\u00e9 c\u00edvky 0,9\u03a9 + 0,9\u03a9<\/td>\n<td>Rovnom\u011brn\u00e9 vyt\u00e1p\u011bn\u00ed pro plynul\u00e9 p\u00e1\u0159en\u00ed a siln\u00fd chu\u0165ov\u00fd z\u00e1\u017eitek<\/td>\n<\/tr>\n<tr>\n<td>Baterie<\/td>\n<td>850mAh dob\u00edjec\u00ed<\/td>\n<td>Dob\u00edjejte, abyste dokon\u010dili oba tanky, m\u00edsto abyste je d\u0159\u00edve vyhazovali<\/td>\n<\/tr>\n<tr>\n<td>Nab\u00edjen\u00ed<\/td>\n<td>Typ-C<\/td>\n<td>Rychl\u00e9 nab\u00edjen\u00ed s modern\u00edmi EU kabely<\/td>\n<\/tr>\n<tr>\n<td>Displej<\/td>\n<td>LED chytr\u00e1 obrazovka<\/td>\n<td>Zobrazuje \u00farove\u0148 baterie a e-liquidu v re\u00e1ln\u00e9m \u010dase<\/td>\n<\/tr>\n<tr>\n<td>Mo\u017enosti nikotinu<\/td>\n<td>0% \/ 2% \/ 3% \/ 5%<\/td>\n<td>Vhodn\u00e9 pro u\u017eivatele bez nikotinu, st\u0159edn\u00ed i siln\u00e9 u\u017eivatele<\/td>\n<\/tr>\n<tr>\n<td>Design t\u011bla<\/td>\n<td>Pr\u00e9miov\u00e9 krystalov\u00e9 t\u011blo<\/td>\n<td>Elegantn\u00ed vzhled \u201eCrytal vape\u201c s kompaktn\u00edm designem vhodn\u00fdm do kapsy<\/td>\n<\/tr>\n<\/tbody>\n<\/table>\n<figure id=\"attachment_4473\" aria-describedby=\"caption-attachment-4473\" style=\"width: 300px\" class=\"wp-caption alignnone\"><img decoding=\"async\" class=\"size-medium wp-image-4473\" src=\"https:\/\/vapestornado.com\/wp-content\/uploads\/2025\/10\/UZY-50000-Puffs-2-in-1-Disposable-Vapor-300x300.webp\" alt=\"UZY 50000 Pot\u00e1hnut\u00ed 2 v 1 Jednor\u00e1zov\u00fd vaporiz\u00e9r\" width=\"300\" height=\"300\" srcset=\"https:\/\/vapestornado.com\/wp-content\/uploads\/2025\/10\/UZY-50000-Puffs-2-in-1-Disposable-Vapor-300x300.webp 300w, https:\/\/vapestornado.com\/wp-content\/uploads\/2025\/10\/UZY-50000-Puffs-2-in-1-Disposable-Vapor-150x150.webp 150w, https:\/\/vapestornado.com\/wp-content\/uploads\/2025\/10\/UZY-50000-Puffs-2-in-1-Disposable-Vapor-768x768.webp 768w, https:\/\/vapestornado.com\/wp-content\/uploads\/2025\/10\/UZY-50000-Puffs-2-in-1-Disposable-Vapor-12x12.webp 12w, https:\/\/vapestornado.com\/wp-content\/uploads\/2025\/10\/UZY-50000-Puffs-2-in-1-Disposable-Vapor-600x600.webp 600w, https:\/\/vapestornado.com\/wp-content\/uploads\/2025\/10\/UZY-50000-Puffs-2-in-1-Disposable-Vapor-100x100.webp 100w, https:\/\/vapestornado.com\/wp-content\/uploads\/2025\/10\/UZY-50000-Puffs-2-in-1-Disposable-Vapor.webp 800w\" sizes=\"(max-width: 300px) 100vw, 300px\" \/><figcaption id=\"caption-attachment-4473\" class=\"wp-caption-text\">UZY 50000 Pot\u00e1hnut\u00ed 2 v 1 Jednor\u00e1zov\u00fd vaporiz\u00e9r<\/figcaption><\/figure>\n<h2 class=\"product-title\"><strong>UZY 50000 Pot\u00e1hnut\u00ed 50k seznam p\u0159\u00edchut\u00ed jednor\u00e1zov\u00e9ho vaporiz\u00e9ru<\/strong><\/h2>\n<p>1. Bor\u016fvka na ledu &amp; Letn\u00ed broskev na ledu<br \/>\n2. Kiwi Passion Fruit Guava &amp; Bor\u016fvka Ryb\u00edz<br \/>\n3. Jahoda Kiwi &amp; Hroznov\u00fd led<br \/>\n4. Kiwi Marakuja Guava<br \/>\n5. Jahoda Meloun &amp; Citron Limeta<br \/>\n6. Bor\u016fvka Ryb\u00edz &amp; T\u0159e\u0161\u0148ov\u00fd led<br \/>\n7. Jahoda Ryb\u00edz T\u0159e\u0161e\u0148 &amp; Mr Blue<br \/>\n8. Broskev Mango Ananas &amp; Red Bull<br \/>\n9. Meloun led &amp; Sm\u00ed\u0161en\u00e9 bobule<br \/>\n10. Jahoda Ban\u00e1n &amp; Love 66<\/p>\n<div class=\"flex-shrink-0 flex flex-col relative items-end\">\n<div class=\"pt-0\">\n<div class=\"gizmo-bot-avatar flex h-8 w-8 items-center justify-center overflow-hidden rounded-full\">\n<div class=\"relative p-1 rounded-sm flex items-center justify-center bg-token-main-surface-primary text-token-text-primary h-8 w-8\">\n<h2 data-start=\"1200\" data-end=\"1487\">Vapes Tornado \u2013 V\u00e1\u0161 velkoobchodn\u00ed online obchod s vaporiz\u00e9ry pro p\u0159edn\u00ed zna\u010dky vaporiz\u00e9r\u016f<\/h2>\n<p data-start=\"1200\" data-end=\"1487\">Vapes Tornado Online Smoke Store je va\u0161e spolehliv\u00e9 m\u00edsto pro <strong data-start=\"66\" data-end=\"94\">pr\u00e9miov\u00fdch jednor\u00e1zov\u00fdch vap\u016f<\/strong> a <strong data-start=\"99\" data-end=\"125\">velkoobchod s e-cigaretami<\/strong> po cel\u00e9 Evrop\u011b. Nab\u00edz\u00edme obl\u00edben\u00e9 zna\u010dky vaporiz\u00e9r\u016f, jako jsou <a href=\"https:\/\/vapestornado.com\/cs\/product\/elf-bar-raya-d3-25000-puffs-best-disposable-vape-wholesale-in-uk\/\">Elf Bar Vape<\/a>, <strong data-start=\"175\" data-end=\"228\"><a href=\"https:\/\/vapestornado.com\/cs\/product\/fumot-randm-tornado-15000-puffs-rechargeable-disposable-vape-wholesale\/\">Fumot Vape<\/a>, <a href=\"https:\/\/vapestornado.com\/cs\/product\/waspe-150k-150000-puff-6-in-1-disposable-vape-pen-cartridge-best-wholesale-price-in-poland\/\">Waspe Vape<\/a>, Vozol Bar Vape, <a href=\"https:\/\/vapestornado.com\/cs\/product-category\/bang-vape\/\">Bang Vape<\/a><\/strong>, a mnoho dal\u0161\u00edch\u2014nab\u00edz\u00edme v\u00fdjime\u010dnou kvalitu, rozmanit\u00e9 mo\u017enosti p\u0159\u00edchut\u00ed a inovativn\u00ed designy. A\u0165 jste osobn\u00ed u\u017eivatel nebo velkoobchodn\u00ed kupuj\u00edc\u00ed, <strong data-start=\"372\" data-end=\"389\">Vapes Tornado<\/strong> poskytuje vysoce v\u00fdkonn\u00e9 za\u0159\u00edzen\u00ed, elegantn\u00ed styly a neporaziteln\u00e9 velkoobchodn\u00ed ceny, kter\u00e9 odpov\u00eddaj\u00ed va\u0161im pot\u0159eb\u00e1m vapov\u00e1n\u00ed.<\/p>\n<h2 data-start=\"2064\" data-end=\"2115\">\u010casto kladen\u00e9 ot\u00e1zky o UZY 50000 Pot\u00e1hnut\u00ed 50k Vape Box<\/h2>\n<ol data-start=\"3177\" data-end=\"4488\">\n<li data-start=\"3177\" data-end=\"3447\">\n<p data-start=\"3180\" data-end=\"3447\"><strong data-start=\"3180\" data-end=\"3271\">Jak pom\u00e1h\u00e1 design UZY 50000 Puff 2\u00d720ml tank\u016f dos\u00e1hnout 50 000 pot\u00e1hnut\u00ed v re\u00e1ln\u00e9m pou\u017eit\u00ed?<\/strong><br data-start=\"3271\" data-end=\"3274\" \/>Dva samostatn\u00e9 <strong data-start=\"3287\" data-end=\"3301\">20ml tanky<\/strong> poskytuj\u00ed v\u011bt\u0161\u00ed celkovou z\u00e1sobu a udr\u017euj\u00ed v\u00fdkon stabiln\u011bj\u0161\u00ed p\u0159i dlouhodob\u00e9m pou\u017e\u00edv\u00e1n\u00ed, l\u00e9pe podporuj\u00ed \u017eivotnost t\u0159\u00eddy 50K ne\u017e jednotliv\u00e9 mal\u00e9 z\u00e1sobn\u00edky<\/p>\n<\/li>\n<li data-start=\"3449\" data-end=\"3695\">\n<p data-start=\"3452\" data-end=\"3695\"><strong data-start=\"3452\" data-end=\"3542\">Zlep\u0161uje setup UZY 50K s dvojit\u00fdmi s\u00ed\u0165ov\u00fdmi c\u00edvkami 0,9\u03a9+0,9\u03a9 konzistenci chuti v \u010dase?<\/strong><br data-start=\"3542\" data-end=\"3545\" \/>Ano. Dvojit\u00e9 s\u00ed\u0165ov\u00e9 c\u00edvky se rovnom\u011brn\u011b zah\u0159\u00edvaj\u00ed, pom\u00e1haj\u00ed udr\u017eet chu\u0165 pln\u011bj\u0161\u00ed a p\u00e1ra hlad\u0161\u00ed i hloub\u011bji v tanku ve srovn\u00e1n\u00ed se z\u00e1kladn\u00edmi jednor\u00e1zov\u00fdmi s jednou c\u00edvkou<\/p>\n<\/li>\n<li data-start=\"3697\" data-end=\"3927\">\n<p data-start=\"3700\" data-end=\"3927\"><strong data-start=\"3700\" data-end=\"3780\">Je funkce dob\u00edjen\u00ed Type-C na UZY 50000 Puff nutn\u00e1 u za\u0159\u00edzen\u00ed s kapacitou 50K?<\/strong><br data-start=\"3780\" data-end=\"3783\" \/>Ur\u010dit\u011b. Vysoce kapacitn\u00ed jednor\u00e1zov\u00e9 za\u0159\u00edzen\u00ed m\u016f\u017ee vydr\u017eet d\u00e9le ne\u017e baterie; dob\u00edjen\u00ed p\u0159es Type-C zabr\u00e1n\u00ed p\u0159ed\u010dasn\u00e9mu vyhozen\u00ed a pom\u016f\u017ee v\u00e1m dokon\u010dit oba tanky<\/p>\n<\/li>\n<li data-start=\"3929\" data-end=\"4194\">\n<p data-start=\"3932\" data-end=\"4194\"><strong data-start=\"3932\" data-end=\"4034\">Jak\u00fd praktick\u00fd p\u0159\u00ednos m\u00e1 UZY 50000 Puff LED chytr\u00e1 obrazovka oproti ne-displejov\u00fdm jednor\u00e1zov\u00fdm za\u0159\u00edzen\u00edm?<\/strong><br data-start=\"4034\" data-end=\"4037\" \/>Ukazuje \u00farove\u0148 baterie a hladinu e-liquidu, pom\u00e1h\u00e1 pl\u00e1novat nab\u00edjen\u00ed a vyhnout se neo\u010dek\u00e1van\u00e9mu vypnut\u00ed\u2014obzvl\u00e1\u0161\u0165 u\u017eite\u010dn\u00e9 p\u0159i cestov\u00e1n\u00ed nebo p\u0159i denn\u00edm pou\u017e\u00edv\u00e1n\u00ed jednoho za\u0159\u00edzen\u00ed<\/p>\n<\/li>\n<li data-start=\"4196\" data-end=\"4488\">\n<p data-start=\"4199\" data-end=\"4488\"><strong data-start=\"4199\" data-end=\"4315\">Je UZY 50K krystalov\u00e9 vape vhodn\u00e9 pro nakupuj\u00edc\u00ed porovn\u00e1vaj\u00edc\u00ed levn\u00e9 mo\u017enosti vape v obchod\u011b s elektronick\u00fdmi cigaretami?<\/strong><br data-start=\"4315\" data-end=\"4318\" \/>Ano. Kombinuje dlouhou \u017eivotnost, du\u00e1ln\u00ed chut\u011b a dob\u00edjec\u00ed pou\u017eitelnost\u2014funkce, kter\u00e9 \u010dasto ospravedl\u0148uj\u00ed hodnotu i p\u0159i zam\u011b\u0159en\u00ed na <strong data-start=\"4461\" data-end=\"4481\">levn\u00e9 ceny vaporiz\u00e9r\u016f<\/strong> v\u00fdhodn\u00e9 nab\u00eddky.<\/p>\n<\/li>\n<\/ol>\n<\/div>\n<\/div>\n<\/div>\n<\/div>","protected":false},"excerpt":{"rendered":"<p>UZY 50000 Puf (UZY 50K) 2v1 dvouchutn\u00e1 jednor\u00e1zov\u00e1 vaporiz\u00e9r s du\u00e1ln\u00edmi 20ml n\u00e1dr\u017eemi, du\u00e1ln\u00edmi 0,9\u03a9 s\u00ed\u0165ov\u00fdmi c\u00edvkami, 850mAh dob\u00edjec\u00ed bateri\u00ed Type-C a LED chytrou obrazovkou. Krystalov\u00e9 t\u011blo \u201eCrytal vape\u201c pro vapery s 50k hledaj\u00edc\u00ed dlouhou v\u00fddr\u017e a silnou hodnotu za levnou cenu vapov\u00e1n\u00ed.<\/p>\n<p><strong>P\u0159idejte si Amy na Whatsapp, abyste z\u00edskali spr\u00e1vnou odpov\u011b\u010f a slevu!<\/strong><\/p>\n<p><img fetchpriority=\"high\" decoding=\"async\" class=\"size-full wp-image-2932\" src=\"https:\/\/vapestornado.com\/wp-content\/uploads\/2024\/12\/Vape-Wholesale.jpg\" alt=\"Velkoobchod s vape\" width=\"229\" height=\"300\" \/><\/p>\n<h3><a href=\"https:\/\/wa.me\/8617776015835\"><span style=\"color: #ff0000;\"><strong>WhatsApp: +86 17776015835<\/strong><\/span><\/a><\/h3>","protected":false},"featured_media":4474,"comment_status":"open","ping_status":"closed","template":"","meta":{"_acf_changed":false,"_uag_custom_page_level_css":"","_lmt_disableupdate":"no","_lmt_disable":"","_monsterinsights_skip_tracking":false,"_monsterinsights_sitenote_active":false,"_monsterinsights_sitenote_note":"","_monsterinsights_sitenote_category":0,"site-sidebar-layout":"default","site-content-layout":"","ast-site-content-layout":"default","site-content-style":"default","site-sidebar-style":"default","ast-global-header-display":"","ast-banner-title-visibility":"","ast-main-header-display":"","ast-hfb-above-header-display":"","ast-hfb-below-header-display":"","ast-hfb-mobile-header-display":"","site-post-title":"","ast-breadcrumbs-content":"","ast-featured-img":"","footer-sml-layout":"","ast-disable-related-posts":"","theme-transparent-header-meta":"default","adv-header-id-meta":"","stick-header-meta":"","header-above-stick-meta":"","header-main-stick-meta":"","header-below-stick-meta":"","astra-migrate-meta-layouts":"set","ast-page-background-enabled":"default","ast-page-background-meta":{"desktop":{"background-color":"","background-image":"","background-repeat":"repeat","background-position":"center center","background-size":"auto","background-attachment":"scroll","background-type":"","background-media":"","overlay-type":"","overlay-color":"","overlay-opacity":"","overlay-gradient":""},"tablet":{"background-color":"","background-image":"","background-repeat":"repeat","background-position":"center center","background-size":"auto","background-attachment":"scroll","background-type":"","background-media":"","overlay-type":"","overlay-color":"","overlay-opacity":"","overlay-gradient":""},"mobile":{"background-color":"","background-image":"","background-repeat":"repeat","background-position":"center center","background-size":"auto","background-attachment":"scroll","background-type":"","background-media":"","overlay-type":"","overlay-color":"","overlay-opacity":"","overlay-gradient":""}},"ast-content-background-meta":{"desktop":{"background-color":"var(--ast-global-color-5)","background-image":"","background-repeat":"repeat","background-position":"center center","background-size":"auto","background-attachment":"scroll","background-type":"","background-media":"","overlay-type":"","overlay-color":"","overlay-opacity":"","overlay-gradient":""},"tablet":{"background-color":"var(--ast-global-color-5)","background-image":"","background-repeat":"repeat","background-position":"center center","background-size":"auto","background-attachment":"scroll","background-type":"","background-media":"","overlay-type":"","overlay-color":"","overlay-opacity":"","overlay-gradient":""},"mobile":{"background-color":"var(--ast-global-color-5)","background-image":"","background-repeat":"repeat","background-position":"center center","background-size":"auto","background-attachment":"scroll","background-type":"","background-media":"","overlay-type":"","overlay-color":"","overlay-opacity":"","overlay-gradient":""}},"_joinchat":[]},"product_brand":[],"product_cat":[192,156,157,158,141,142,143,357,356],"product_tag":[403,406,390,408,397],"class_list":{"0":"post-4475","1":"product","2":"type-product","3":"status-publish","4":"has-post-thumbnail","6":"product_cat-50000-puff","7":"product_cat-buy-disposable-vapes-in-poland","8":"product_cat-buy-disposable-vapes-in-portugal","9":"product_cat-buy-disposable-vapes-in-spain","10":"product_cat-crystal-disposable-vapes","11":"product_cat-digital-box-disposable-vapes","12":"product_cat-dual-mesh-disposable-vapes","13":"product_cat-flavor-adjustable-vape","14":"product_cat-uzy-vape","15":"product_tag-disposable-vape-box","16":"product_tag-disposable-vape-fast-shipping","17":"product_tag-online-vape-shop","18":"product_tag-uzy-50000-puff","19":"product_tag-vapor","20":"desktop-align-left","21":"tablet-align-left","22":"mobile-align-left","24":"first","25":"instock","26":"sale","27":"shipping-taxable","28":"purchasable","29":"product-type-simple"},"acf":[],"uagb_featured_image_src":{"full":["https:\/\/vapestornado.com\/wp-content\/uploads\/2025\/10\/UZY-Crystal-Twin-50000-Puffs-Wholesale-Disposable-Vape.webp",800,800,false],"thumbnail":["https:\/\/vapestornado.com\/wp-content\/uploads\/2025\/10\/UZY-Crystal-Twin-50000-Puffs-Wholesale-Disposable-Vape-150x150.webp",150,150,true],"medium":["https:\/\/vapestornado.com\/wp-content\/uploads\/2025\/10\/UZY-Crystal-Twin-50000-Puffs-Wholesale-Disposable-Vape-300x300.webp",300,300,true],"medium_large":["https:\/\/vapestornado.com\/wp-content\/uploads\/2025\/10\/UZY-Crystal-Twin-50000-Puffs-Wholesale-Disposable-Vape-768x768.webp",768,768,true],"large":["https:\/\/vapestornado.com\/wp-content\/uploads\/2025\/10\/UZY-Crystal-Twin-50000-Puffs-Wholesale-Disposable-Vape.webp",800,800,false],"1536x1536":["https:\/\/vapestornado.com\/wp-content\/uploads\/2025\/10\/UZY-Crystal-Twin-50000-Puffs-Wholesale-Disposable-Vape.webp",800,800,false],"2048x2048":["https:\/\/vapestornado.com\/wp-content\/uploads\/2025\/10\/UZY-Crystal-Twin-50000-Puffs-Wholesale-Disposable-Vape.webp",800,800,false],"trp-custom-language-flag":["https:\/\/vapestornado.com\/wp-content\/uploads\/2025\/10\/UZY-Crystal-Twin-50000-Puffs-Wholesale-Disposable-Vape-12x12.webp",12,12,true],"woocommerce_thumbnail":["https:\/\/vapestornado.com\/wp-content\/uploads\/2025\/10\/UZY-Crystal-Twin-50000-Puffs-Wholesale-Disposable-Vape-300x300.webp",300,300,true],"woocommerce_single":["https:\/\/vapestornado.com\/wp-content\/uploads\/2025\/10\/UZY-Crystal-Twin-50000-Puffs-Wholesale-Disposable-Vape-600x600.webp",600,600,true],"woocommerce_gallery_thumbnail":["https:\/\/vapestornado.com\/wp-content\/uploads\/2025\/10\/UZY-Crystal-Twin-50000-Puffs-Wholesale-Disposable-Vape-100x100.webp",100,100,true]},"uagb_author_info":{"display_name":"ESAMY","author_link":"https:\/\/vapestornado.com\/cs\/author\/"},"uagb_comment_info":1,"uagb_excerpt":"UZY 50000 Puff (UZY 50K) 2-in-1 double flavour disposable vape with dual 20ml tanks, dual 0.9\u03a9 mesh coils, 850mAh Type-C rechargeable battery and LED smart screen. Crystal-body \u201cCrytal vape\u201d for vapers 50k seeking long runtime and strong value at vape cheap price. Add Amy's whatsapp to get right reply and discount price! WhatsApp: +86 17776015835","_links":{"self":[{"href":"https:\/\/vapestornado.com\/cs\/wp-json\/wp\/v2\/product\/4475","targetHints":{"allow":["GET"]}}],"collection":[{"href":"https:\/\/vapestornado.com\/cs\/wp-json\/wp\/v2\/product"}],"about":[{"href":"https:\/\/vapestornado.com\/cs\/wp-json\/wp\/v2\/types\/product"}],"replies":[{"embeddable":true,"href":"https:\/\/vapestornado.com\/cs\/wp-json\/wp\/v2\/comments?post=4475"}],"wp:featuredmedia":[{"embeddable":true,"href":"https:\/\/vapestornado.com\/cs\/wp-json\/wp\/v2\/media\/4474"}],"wp:attachment":[{"href":"https:\/\/vapestornado.com\/cs\/wp-json\/wp\/v2\/media?parent=4475"}],"wp:term":[{"taxonomy":"product_brand","embeddable":true,"href":"https:\/\/vapestornado.com\/cs\/wp-json\/wp\/v2\/product_brand?post=4475"},{"taxonomy":"product_cat","embeddable":true,"href":"https:\/\/vapestornado.com\/cs\/wp-json\/wp\/v2\/product_cat?post=4475"},{"taxonomy":"product_tag","embeddable":true,"href":"https:\/\/vapestornado.com\/cs\/wp-json\/wp\/v2\/product_tag?post=4475"}],"curies":[{"name":"wp","href":"https:\/\/api.w.org\/{rel}","templated":true}]}}