{"id":4468,"date":"2025-10-29T07:16:35","date_gmt":"2025-10-29T07:16:35","guid":{"rendered":"https:\/\/vapestornado.com\/?post_type=product&#038;p=4468"},"modified":"2025-12-12T09:30:35","modified_gmt":"2025-12-12T09:30:35","slug":"okso-60k-60000-puffs-dual-flavor-disposable-vape-digital-display","status":"publish","type":"product","link":"https:\/\/vapestornado.com\/cs\/product\/okso-60k-60000-puffs-dual-flavor-disposable-vape-digital-display\/","title":{"rendered":"OKSO 60k 60000 Pot\u00e1cek Dvouchutov\u00fd Jednor\u00e1zov\u00fd Vaporiz\u00e9r s Digit\u00e1ln\u00edm Displejem"},"content":{"rendered":"<h2 data-pm-slice=\"1 1 []\">OKSO 60k Pot\u00e1hnut\u00ed Jednor\u00e1zov\u00e1 Vape s du\u00e1ln\u00ed p\u0159\u00edchut\u00ed \u2014 60000 Pot\u00e1hnut\u00ed Vaper LED Chytr\u00fd Displej<\/h2>\n<p data-start=\"936\" data-end=\"1368\"><strong data-start=\"102\" data-end=\"120\">OKSO 60k 60000 Pot\u00e1hnut\u00ed<\/strong> je jednor\u00e1zov\u00e9 za\u0159\u00edzen\u00ed s du\u00e1ln\u00ed p\u0159\u00edchut\u00ed, navr\u017een\u00e9 pro dlouh\u00e9 pou\u017e\u00edv\u00e1n\u00ed a rychl\u00e9 p\u0159ep\u00edn\u00e1n\u00ed p\u0159\u00edchut\u00ed, ani\u017e by se z n\u011bj stala cihla ve va\u0161\u00ed kapse. Poskytuje <strong data-start=\"254\" data-end=\"276\">a\u017e 60 000 pot\u00e1hnut\u00ed<\/strong>, poh\u00e1n\u011bn\u00fd <strong data-start=\"289\" data-end=\"318\">dv\u011b komory s 25 ml p\u0159\u00edchut\u011b<\/strong> (celkem 50 ml). A <strong data-start=\"335\" data-end=\"348\">mesh spir\u00e1lka<\/strong> udr\u017euje p\u00e1ru hladkou a chu\u0165 \u010distou i p\u0159i del\u0161\u00edch sezen\u00edch, zat\u00edmco <strong data-start=\"421\" data-end=\"442\">LED chytr\u00fd displej<\/strong> zobrazuje stav baterie a hladinu e-liquidu v re\u00e1ln\u00e9m \u010dase. The <strong data-start=\"495\" data-end=\"526\">650mAh dob\u00edjec\u00ed baterie<\/strong> v\u00e1m pom\u016f\u017ee spot\u0159ebovat liquid a\u017e do konce, m\u00edsto abyste za\u0159\u00edzen\u00ed p\u0159ed\u010dasn\u011b vyhodili.<\/p>\n<h3 data-start=\"997\" data-end=\"1048\">Hlavn\u00ed vlastnosti v\u00fdkonu (SEO bohat\u00e9, u\u017eivatelsky zam\u011b\u0159en\u00e9)<\/h3>\n<ul data-start=\"1050\" data-end=\"2596\">\n<li data-start=\"1050\" data-end=\"1416\">\n<p data-start=\"1052\" data-end=\"1416\"><strong data-start=\"1052\" data-end=\"1099\">Skute\u010dn\u00e9 za\u0159\u00edzen\u00ed pro dlouhodob\u00e9 a seri\u00f3zn\u00ed ka\u017edodenn\u00ed pou\u017e\u00edv\u00e1n\u00ed.<\/strong> Ten <strong data-start=\"1104\" data-end=\"1123\">OKSO 60000 Pot\u00e1hnut\u00ed<\/strong> je postavena na <strong data-start=\"1140\" data-end=\"1174\">50 ml e-liquidu celkem (25 ml \u00d7 2)<\/strong>, co\u017e podporuje jeho hodnocen\u00ed 60K. Pro pravideln\u00e9 u\u017eivatele v \u010cesk\u00e9 republice <strong data-start=\"1234\" data-end=\"1279\">\u010cesk\u00e9 republice, N\u011bmecku, \u0160pan\u011blsku, Polsku, Francii a It\u00e1lii<\/strong>to m\u016f\u017ee znamenat m\u00e9n\u011b v\u00fdm\u011bn a m\u00e9n\u011b impulzivn\u00edch n\u00e1kup\u016f, i kdy\u017e m\u00edstn\u00ed trh tla\u010d\u00ed \u201e<strong data-start=\"1373\" data-end=\"1398\">Nejlevn\u011bj\u0161\u00ed e-cigarety<\/strong>\u201d, kter\u00e9 nevydr\u017e\u00ed.<\/p>\n<\/li>\n<li data-start=\"1418\" data-end=\"1776\">\n<p data-start=\"1420\" data-end=\"1776\"><strong data-start=\"1420\" data-end=\"1477\">P\u0159ep\u00edn\u00e1n\u00ed du\u00e1ln\u00ed p\u0159\u00edchut\u011b, kter\u00e9 z\u016fst\u00e1v\u00e1 u\u017eite\u010dn\u00e9 i o t\u00fddny pozd\u011bji.<\/strong> Jednor\u00e1zov\u00e9 za\u0159\u00edzen\u00ed s dlouhou \u017eivotnost\u00ed pot\u0159ebuje rozmanitost, jinak se ho u\u017eivatel\u00e9 vzdaj\u00ed. <strong data-start=\"1537\" data-end=\"1555\">OKSO 60k Pot\u00e1hnut\u00ed<\/strong> v\u00e1m umo\u017en\u00ed p\u0159ep\u00ednat komory s p\u0159\u00edchut\u00ed b\u011bhem n\u011bkolika sekund, co\u017e udr\u017euje z\u00e1\u017eitek sv\u011b\u017e\u00ed, ani\u017e byste museli nosit dv\u011b za\u0159\u00edzen\u00ed. T\u00edm se dosahuje ide\u00e1ln\u00edho kompromisu mezi jednoduch\u00fdm jednor\u00e1zov\u00fdm za\u0159\u00edzen\u00edm a <strong data-start=\"1721\" data-end=\"1734\">Smok pods<\/strong> \/ pod syst\u00e9my, kter\u00e9 vy\u017eaduj\u00ed pr\u016fb\u011b\u017en\u00e9 n\u00e1hradn\u00ed d\u00edly.<\/p>\n<\/li>\n<li data-start=\"1778\" data-end=\"2069\">\n<p data-start=\"1780\" data-end=\"2069\"><strong data-start=\"1780\" data-end=\"1837\">Pocit p\u0159i vdechov\u00e1n\u00ed mesh c\u00edvky z\u016fst\u00e1v\u00e1 hladk\u00fd a s v\u00fdraznou chut\u00ed.<\/strong> Mesh c\u00edvka rovnom\u011brn\u011b rozv\u00e1d\u00ed teplo, tak\u017ee p\u00e1ra z\u016fst\u00e1v\u00e1 konzistentn\u00ed a chu\u0165 je v\u00fdrazn\u011bj\u0161\u00ed i hluboko v z\u00e1sob\u011b kapaliny. U velk\u00fdch za\u0159\u00edzen\u00ed s potahem je \u010dasto slab\u00fdm m\u00edstem pr\u00e1v\u011b ta \u201epozdn\u00ed tvrdost\u201c \u2014 toto \u0159e\u0161en\u00ed je navr\u017eeno tak, aby se tomu p\u0159ede\u0161lo.<\/p>\n<\/li>\n<li data-start=\"2071\" data-end=\"2350\">\n<p data-start=\"2073\" data-end=\"2350\"><strong data-start=\"2073\" data-end=\"2117\">Inteligentn\u00ed LED displej odstra\u0148uje nejistotu.<\/strong> \u00darove\u0148 baterie a hladina e-liquidu jsou viditeln\u00e9 na prvn\u00ed pohled. To je d\u016fle\u017eit\u00e9, kdy\u017e jste cel\u00fd den venku, na cest\u00e1ch nebo spol\u00e9h\u00e1te na jedno za\u0159\u00edzen\u00ed. Proto <strong data-start=\"2265\" data-end=\"2285\">e-kou\u0159ov\u00fd obchod online<\/strong> kupuj\u00edc\u00ed \u010dasto d\u016fv\u011b\u0159uj\u00ed za\u0159\u00edzen\u00edm s pr\u016fhledn\u00fdmi indik\u00e1tory stavu.<\/p>\n<\/li>\n<li data-start=\"2352\" data-end=\"2596\">\n<p data-start=\"2354\" data-end=\"2596\"><strong data-start=\"2354\" data-end=\"2432\">Dob\u00edjec\u00ed baterie udr\u017euje za\u0159\u00edzen\u00ed funk\u010dn\u00ed, dokud nedojde kapalina.<\/strong> Ten <strong data-start=\"2437\" data-end=\"2481\">650mAh dob\u00edjec\u00ed vaporiz\u00e9r OKSO 60000 potah\u016f<\/strong> je navr\u017een tak, aby se dopl\u0148oval podle pot\u0159eby, \u010d\u00edm\u017e se p\u0159edch\u00e1z\u00ed klasick\u00e9mu probl\u00e9mu, kdy baterie dojde d\u0159\u00edve ne\u017e z\u00e1soba kapaliny.<\/p>\n<\/li>\n<\/ul>\n<p>Tento produkt je vhodn\u00fd jak pro koncov\u00e9 u\u017eivatele, tak pro <strong data-start=\"657\" data-end=\"677\">e-kou\u0159ov\u00fd obchod online<\/strong> katalog: s vysokou kapacitou, snadno vysv\u011btliteln\u00fd a postaven\u00fd kolem funkc\u00ed, kter\u00e9 lid\u00e9 skute\u010dn\u011b pou\u017e\u00edvaj\u00ed.<\/p>\n<p><strong><span style=\"color: #ff0000;\">P\u0159idejte si Amy na WhatsApp pro rychlou odpov\u011b\u010f a kup\u00f3n na vapky!<\/span><\/strong><\/p>\n<p><img fetchpriority=\"high\" decoding=\"async\" class=\"size-full wp-image-2932\" src=\"https:\/\/vapestornado.com\/wp-content\/uploads\/2024\/12\/Vape-Wholesale.jpg\" alt=\"Velkoobchod s vape\" width=\"229\" height=\"300\" \/><\/p>\n<h3><a href=\"https:\/\/wa.me\/8617776015835\" target=\"_blank\" rel=\"noopener\"><span style=\"color: #ff0000;\"><strong>WhatsApp: +86 17776015835<\/strong><\/span><\/a><\/h3>\n<p>&nbsp;<\/p>\n<h2><strong>OKSO 60k 60000 potah\u016f \u2013 vlastnosti produktu<\/strong><\/h2>\n<table>\n<thead>\n<tr>\n<th>Funkce<\/th>\n<th>specifikace<\/th>\n<th>detaily<\/th>\n<\/tr>\n<\/thead>\n<tbody>\n<tr>\n<td>N\u00e1zev produktu<\/td>\n<td>OKSO 60k potah\u016f \/ OKSO 60000 potah\u016f<\/td>\n<td>Dvouchutn\u00fd jednor\u00e1zov\u00fd vaporiz\u00e9r s displejem<\/td>\n<\/tr>\n<tr>\n<td>Kapacita pot\u00e1hnut\u00ed<\/td>\n<td>A\u017e 60 000 potah\u016f<\/td>\n<td>Vysoce kapacitn\u00ed za\u0159\u00edzen\u00ed ur\u010den\u00e9 pro dlouhodob\u00e9 pou\u017e\u00edv\u00e1n\u00ed<\/td>\n<\/tr>\n<tr>\n<td>Syst\u00e9m e-liquidu<\/td>\n<td>25ml \u00d7 2 komory na p\u0159\u00edchu\u0165 (celkem 50ml)<\/td>\n<td>Podporuje dlouhou dobu provozu a p\u0159ep\u00edn\u00e1n\u00ed chut\u00ed<\/td>\n<\/tr>\n<tr>\n<td>Typ spir\u00e1lky<\/td>\n<td>Mesh spir\u00e1lka<\/td>\n<td>Rovnom\u011brn\u00e9 zah\u0159\u00edv\u00e1n\u00ed pro hladk\u00fd par a stabiln\u00ed chu\u0165<\/td>\n<\/tr>\n<tr>\n<td>Baterie<\/td>\n<td>650mAh dob\u00edjec\u00ed<\/td>\n<td>Dob\u00edjen\u00edm lze vyu\u017e\u00edt plnou kapacitu kapaliny<\/td>\n<\/tr>\n<tr>\n<td>Displej<\/td>\n<td>LED chytr\u00e1 obrazovka<\/td>\n<td>Zobrazuje \u00farove\u0148 baterie a e-liquidu v re\u00e1ln\u00e9m \u010dase<\/td>\n<\/tr>\n<tr>\n<td>Mo\u017enosti nikotinu<\/td>\n<td>0% \/ 2% \/ 3% \/ 5%<\/td>\n<td>Vyhovuje preferenc\u00edm od beznikotinov\u00fdch po siln\u011bj\u0161\u00ed<\/td>\n<\/tr>\n<tr>\n<td>Mo\u017enosti p\u0159\u00edchut\u00ed<\/td>\n<td>V\u00edce ne\u017e 20 kombinac\u00ed dvojit\u00fdch p\u0159\u00edchut\u00ed<\/td>\n<td>\u0160irok\u00e1 rotace pro dlouhodob\u00e9 pou\u017eit\u00ed<\/td>\n<\/tr>\n<tr>\n<td>Um\u00edst\u011bn\u00ed<\/td>\n<td>Maloobchod + velkoobchod<\/td>\n<td>Siln\u011b vhodn\u00e9 pro online nab\u00eddky vape shop\u016f<\/td>\n<\/tr>\n<\/tbody>\n<\/table>\n<p>&nbsp;<\/p>\n<figure id=\"attachment_4464\" aria-describedby=\"caption-attachment-4464\" style=\"width: 800px\" class=\"wp-caption alignnone\"><img decoding=\"async\" class=\"wp-image-4464 size-full\" src=\"https:\/\/vapestornado.com\/wp-content\/uploads\/2025\/10\/OKSO-60000-Puff-Disposable-Vape-Bulk-Buy.webp\" alt=\"OKSO 60000 potah\u016f \u2013 jednor\u00e1zov\u00e1 vape \u2013 velkoobchodn\u00ed n\u00e1kup\" width=\"800\" height=\"800\" srcset=\"https:\/\/vapestornado.com\/wp-content\/uploads\/2025\/10\/OKSO-60000-Puff-Disposable-Vape-Bulk-Buy.webp 800w, https:\/\/vapestornado.com\/wp-content\/uploads\/2025\/10\/OKSO-60000-Puff-Disposable-Vape-Bulk-Buy-300x300.webp 300w, https:\/\/vapestornado.com\/wp-content\/uploads\/2025\/10\/OKSO-60000-Puff-Disposable-Vape-Bulk-Buy-150x150.webp 150w, https:\/\/vapestornado.com\/wp-content\/uploads\/2025\/10\/OKSO-60000-Puff-Disposable-Vape-Bulk-Buy-768x768.webp 768w, https:\/\/vapestornado.com\/wp-content\/uploads\/2025\/10\/OKSO-60000-Puff-Disposable-Vape-Bulk-Buy-12x12.webp 12w, https:\/\/vapestornado.com\/wp-content\/uploads\/2025\/10\/OKSO-60000-Puff-Disposable-Vape-Bulk-Buy-600x600.webp 600w, https:\/\/vapestornado.com\/wp-content\/uploads\/2025\/10\/OKSO-60000-Puff-Disposable-Vape-Bulk-Buy-100x100.webp 100w\" sizes=\"(max-width: 800px) 100vw, 800px\" \/><figcaption id=\"caption-attachment-4464\" class=\"wp-caption-text\">OKSO 60000 potah\u016f \u2013 jednor\u00e1zov\u00e1 vape \u2013 velkoobchodn\u00ed n\u00e1kup<\/figcaption><\/figure>\n<h2 class=\"product-title\"><strong>OKSO 60k 60000 potah\u016f \u2013 seznam p\u0159\u00edchut\u00ed<\/strong><\/h2>\n<p>1. Blue Razz &amp; Love 66<br \/>\n2. Jahoda T\u0159e\u0161e\u0148 &amp; Kiwi Mu\u010denka Guava<br \/>\n3. Meloun \u017dv\u00fdka\u010dka &amp; M\u00edchan\u00e9 ovoce<br \/>\n4. Jahoda Ban\u00e1n &amp; T\u0159e\u0161\u0148ov\u00e1 Fiesta<br \/>\n5. Melounov\u00fd led &amp; Broskev Mango<br \/>\n6. Blue Razz Limon\u00e1da &amp; Jablko Broskev<br \/>\n7. Red Energy led &amp; Hroznov\u00fd led<br \/>\n8. Jahoda Meloun &amp; Dv\u011b Jablka<br \/>\n9. Modr\u00e1 Razz T\u0159e\u0161e\u0148 Brusinka &amp; M\u00e1ta<br \/>\n10. Bor\u016fvkov\u00e1 led &amp; \u010cern\u00e1 ryb\u00edz<br \/>\n11. Ananasov\u00e1 led &amp; Dra\u010d\u00ed ovoce led<br \/>\n12. Trojit\u00fd mango &amp; Jahodov\u00fd Big Bang<br \/>\n13. Ban\u00e1n Ananas &amp; Bor\u016fvka Broskev led<br \/>\n14. Hroznov\u00fd d\u017eem &amp; Bor\u016fvka T\u0159e\u0161e\u0148 Ostru\u017eina<br \/>\n15. Ban\u00e1nov\u00e1 led &amp; Mango Passion Fruit<br \/>\n16. \u0160\u0165avnat\u00e9 broskve &amp; D\u017eus z d\u017eungle<br \/>\n17. T\u0159e\u0161\u0148ov\u00e9 m\u011bkk\u00e9 bonb\u00f3ny &amp; Melounov\u00fd Mojito<br \/>\n18. T\u0159e\u0161\u0148ov\u00e1 Cola &amp; Hroznov\u00e1 Citron<br \/>\n19. Cool Mint Mojito &amp; Citron Limeta<br \/>\n20. Jahodovo Gran\u00e1tov\u00e9 Jablko &amp; Jablko Hru\u0161ka<\/p>\n<div class=\"flex-shrink-0 flex flex-col relative items-end\">\n<div class=\"pt-0\">\n<div class=\"gizmo-bot-avatar flex h-8 w-8 items-center justify-center overflow-hidden rounded-full\">\n<div class=\"relative p-1 rounded-sm flex items-center justify-center bg-token-main-surface-primary text-token-text-primary h-8 w-8\">\n<h2 data-start=\"1200\" data-end=\"1487\">Vapes Tornado \u2013 V\u00e1\u0161 velkoobchodn\u00ed online obchod s vaporiz\u00e9ry pro p\u0159edn\u00ed zna\u010dky vaporiz\u00e9r\u016f<\/h2>\n<p data-start=\"1200\" data-end=\"1487\">Vapes Tornado Online Smoke Store je va\u0161e spolehliv\u00e9 m\u00edsto pro <strong data-start=\"66\" data-end=\"94\">pr\u00e9miov\u00fdch jednor\u00e1zov\u00fdch vap\u016f<\/strong> a <strong data-start=\"99\" data-end=\"125\">velkoobchod s e-cigaretami<\/strong> po cel\u00e9 Evrop\u011b. Nab\u00edz\u00edme obl\u00edben\u00e9 zna\u010dky vaporiz\u00e9r\u016f, jako jsou <a href=\"https:\/\/vapestornado.com\/cs\/product\/elf-bar-raya-d3-25000-puffs-best-disposable-vape-wholesale-in-uk\/\">Elf Bar Vape<\/a>, <strong data-start=\"175\" data-end=\"228\"><a href=\"https:\/\/vapestornado.com\/cs\/product\/fumot-randm-tornado-15000-puffs-rechargeable-disposable-vape-wholesale\/\">Fumot Vape<\/a>, <a href=\"https:\/\/vapestornado.com\/cs\/product\/waspe-150k-150000-puff-6-in-1-disposable-vape-pen-cartridge-best-wholesale-price-in-poland\/\">Waspe Vape<\/a>, Vozol Bar Vape, <a href=\"https:\/\/vapestornado.com\/cs\/product-category\/bang-vape\/\">Bang Vape<\/a><\/strong>, a mnoho dal\u0161\u00edch\u2014nab\u00edz\u00edme v\u00fdjime\u010dnou kvalitu, rozmanit\u00e9 mo\u017enosti p\u0159\u00edchut\u00ed a inovativn\u00ed designy. A\u0165 jste osobn\u00ed u\u017eivatel nebo velkoobchodn\u00ed kupuj\u00edc\u00ed, <strong data-start=\"372\" data-end=\"389\">Vapes Tornado<\/strong> poskytuje vysoce v\u00fdkonn\u00e9 za\u0159\u00edzen\u00ed, elegantn\u00ed styly a neporaziteln\u00e9 velkoobchodn\u00ed ceny, kter\u00e9 odpov\u00eddaj\u00ed va\u0161im pot\u0159eb\u00e1m vapov\u00e1n\u00ed.<\/p>\n<h2 data-start=\"2064\" data-end=\"2115\">\u010casto kladen\u00e9 ot\u00e1zky ohledn\u011b OKSO 60k 60000 Puf\u016f Dob\u00edjec\u00ed Vaporiz\u00e9r<\/h2>\n<h2 data-start=\"3458\" data-end=\"3494\"><\/h2>\n<ol data-start=\"3496\" data-end=\"4856\">\n<li data-start=\"3496\" data-end=\"3764\">\n<p data-start=\"3499\" data-end=\"3764\"><strong data-start=\"3499\" data-end=\"3609\">Jak OKSO 60000 Puffs dvojit\u00fd p\u0159\u00edstroj na jedno pou\u017eit\u00ed s 25ml \u00d7 2 komorami podporuje tak vysok\u00fd po\u010det pot\u00e1hnut\u00ed?<\/strong><br data-start=\"3609\" data-end=\"3612\" \/>Dva samostatn\u00e9 <strong data-start=\"3625\" data-end=\"3642\">25ml komory<\/strong> poskytuj\u00ed <strong data-start=\"3651\" data-end=\"3674\">celkovou kapacitu 50ml<\/strong>, kter\u00e1 je navr\u017eena pro dlouhou \u017eivotnost a pom\u00e1h\u00e1 za\u0159\u00edzen\u00ed z\u016fstat konzistentn\u00ed p\u0159i dlouhodob\u00e9m pou\u017e\u00edv\u00e1n\u00ed.<\/p>\n<\/li>\n<li data-start=\"3766\" data-end=\"4000\">\n<p data-start=\"3769\" data-end=\"4000\"><strong data-start=\"3769\" data-end=\"3865\">Pom\u00e1h\u00e1 mesh c\u00edvka v jednor\u00e1zov\u00e9m vaporiz\u00e9ru OKSO 60k Puffs vyhnout se drsn\u00fdm tah\u016fm bl\u00edzko konce?<\/strong><br data-start=\"3865\" data-end=\"3868\" \/>Mesh c\u00edvky se oh\u0159\u00edvaj\u00ed rovnom\u011brn\u011bji ne\u017e z\u00e1kladn\u00ed dr\u00e1tov\u00e9 c\u00edvky, co\u017e pom\u00e1h\u00e1 udr\u017eet plyn a chu\u0165 jasn\u011bj\u0161\u00ed i p\u0159i hlub\u0161\u00edm dopl\u0148ov\u00e1n\u00ed tekutiny.<\/p>\n<\/li>\n<li data-start=\"4002\" data-end=\"4260\">\n<p data-start=\"4005\" data-end=\"4260\"><strong data-start=\"4005\" data-end=\"4096\">Je baterie s dob\u00edjen\u00edm OKSO 60000 Puffs dostate\u010dn\u00e1 pro dokon\u010den\u00ed obou komor s p\u0159\u00edchut\u00ed?<\/strong><br data-start=\"4096\" data-end=\"4099\" \/>To je \u00fa\u010del dob\u00edjen\u00ed. The <strong data-start=\"4142\" data-end=\"4160\">Baterie 650 mAh<\/strong> lze dopl\u0148ovat pomoc\u00ed nab\u00edjen\u00ed podle pot\u0159eby, tak\u017ee m\u016f\u017eete dokon\u010dit pln\u00fdch 50ml nam\u00edsto p\u0159ed\u010dasn\u00e9ho ukon\u010den\u00ed.<\/p>\n<\/li>\n<li data-start=\"4262\" data-end=\"4508\">\n<p data-start=\"4265\" data-end=\"4508\"><strong data-start=\"4265\" data-end=\"4356\">Co p\u0159id\u00e1v\u00e1 LED chytr\u00fd displej na jednor\u00e1zov\u00e9m vaporiz\u00e9ru OKSO 60k Puffs s dvojit\u00fdmi p\u0159\u00edchut\u011bmi?<\/strong><br data-start=\"4356\" data-end=\"4359\" \/>Ukazuje stav baterie a e-liquidu, co\u017e usnad\u0148uje pl\u00e1nov\u00e1n\u00ed nab\u00edjen\u00ed a vyh\u00fdb\u00e1 se neo\u010dek\u00e1van\u00fdm vypnut\u00edm\u2014obzvl\u00e1\u0161\u0165 u\u017eite\u010dn\u00e9 p\u0159i cestov\u00e1n\u00ed nebo dlouh\u00fdch pracovn\u00edch dnech.<\/p>\n<\/li>\n<li data-start=\"4510\" data-end=\"4856\">\n<p data-start=\"4513\" data-end=\"4856\"><strong data-start=\"4513\" data-end=\"4614\">Pro\u010d by online vape shop uv\u00e1d\u011bl OKSO 60k Puffs m\u00edsto pouze propagace nejlevn\u011bj\u0161\u00edch e-cigaret?<\/strong><br data-start=\"4614\" data-end=\"4617\" \/>\u201eNejlevn\u011bj\u0161\u00ed e-cigarety\u201c \u010dasto v\u00edt\u011bz\u00ed na cen\u011b, ale ztr\u00e1cej\u00ed na dlouhov\u011bkosti a spokojenosti u\u017eivatel\u016f. OKSO 60k Puffs se prod\u00e1v\u00e1 na z\u00e1klad\u011b trval\u00e9 hodnoty: vysok\u00e9 kapacity, dvojit\u00fdch p\u0159\u00edchut\u00ed, sledov\u00e1n\u00ed displejem a dob\u00edjec\u00ed pou\u017eitelnosti\u2014funkc\u00ed, kter\u00e9 p\u0159itahuj\u00ed opakovan\u00e9 z\u00e1kazn\u00edky.<\/p>\n<\/li>\n<\/ol>\n<\/div>\n<\/div>\n<\/div>\n<\/div>","protected":false},"excerpt":{"rendered":"<p>OKSO 60K Puff Vape \u2013 Dual Flavor LED Jednor\u00e1zov\u00fd vaporiz\u00e9r pro trh EU<br \/>\nOKSO 60000 Puffs Multy Flavor Dob\u00edjec\u00ed vaporiz\u00e9r Velkoobchod Evropa<br \/>\nKupte si OKSO 60K Dual Flavor Jednor\u00e1zov\u00fd vaporiz\u00e9r \u2013 Edice s LED displejem 650mAh<\/p>\n<p><strong>P\u0159idejte si Amy na Whatsapp, abyste z\u00edskali spr\u00e1vnou odpov\u011b\u010f a slevu!<\/strong><\/p>\n<p><img fetchpriority=\"high\" decoding=\"async\" class=\"size-full wp-image-2932\" src=\"https:\/\/vapestornado.com\/wp-content\/uploads\/2024\/12\/Vape-Wholesale.jpg\" alt=\"Velkoobchod s vape\" width=\"229\" height=\"300\" \/><\/p>\n<h3><a href=\"https:\/\/wa.me\/8617776015835\"><span style=\"color: #ff0000;\"><strong>WhatsApp: +86 17776015835<\/strong><\/span><\/a><\/h3>","protected":false},"featured_media":4463,"comment_status":"open","ping_status":"closed","template":"","meta":{"_acf_changed":false,"_uag_custom_page_level_css":"","_lmt_disableupdate":"no","_lmt_disable":"","_monsterinsights_skip_tracking":false,"_monsterinsights_sitenote_active":false,"_monsterinsights_sitenote_note":"","_monsterinsights_sitenote_category":0,"site-sidebar-layout":"default","site-content-layout":"","ast-site-content-layout":"default","site-content-style":"default","site-sidebar-style":"default","ast-global-header-display":"","ast-banner-title-visibility":"","ast-main-header-display":"","ast-hfb-above-header-display":"","ast-hfb-below-header-display":"","ast-hfb-mobile-header-display":"","site-post-title":"","ast-breadcrumbs-content":"","ast-featured-img":"","footer-sml-layout":"","ast-disable-related-posts":"","theme-transparent-header-meta":"default","adv-header-id-meta":"","stick-header-meta":"","header-above-stick-meta":"","header-main-stick-meta":"","header-below-stick-meta":"","astra-migrate-meta-layouts":"set","ast-page-background-enabled":"default","ast-page-background-meta":{"desktop":{"background-color":"","background-image":"","background-repeat":"repeat","background-position":"center center","background-size":"auto","background-attachment":"scroll","background-type":"","background-media":"","overlay-type":"","overlay-color":"","overlay-opacity":"","overlay-gradient":""},"tablet":{"background-color":"","background-image":"","background-repeat":"repeat","background-position":"center center","background-size":"auto","background-attachment":"scroll","background-type":"","background-media":"","overlay-type":"","overlay-color":"","overlay-opacity":"","overlay-gradient":""},"mobile":{"background-color":"","background-image":"","background-repeat":"repeat","background-position":"center center","background-size":"auto","background-attachment":"scroll","background-type":"","background-media":"","overlay-type":"","overlay-color":"","overlay-opacity":"","overlay-gradient":""}},"ast-content-background-meta":{"desktop":{"background-color":"var(--ast-global-color-5)","background-image":"","background-repeat":"repeat","background-position":"center center","background-size":"auto","background-attachment":"scroll","background-type":"","background-media":"","overlay-type":"","overlay-color":"","overlay-opacity":"","overlay-gradient":""},"tablet":{"background-color":"var(--ast-global-color-5)","background-image":"","background-repeat":"repeat","background-position":"center center","background-size":"auto","background-attachment":"scroll","background-type":"","background-media":"","overlay-type":"","overlay-color":"","overlay-opacity":"","overlay-gradient":""},"mobile":{"background-color":"var(--ast-global-color-5)","background-image":"","background-repeat":"repeat","background-position":"center center","background-size":"auto","background-attachment":"scroll","background-type":"","background-media":"","overlay-type":"","overlay-color":"","overlay-opacity":"","overlay-gradient":""}},"_joinchat":[]},"product_brand":[],"product_cat":[343,149,151,157,143,357],"product_tag":[493,403,406,407,390,494,397],"class_list":{"0":"post-4468","1":"product","2":"type-product","3":"status-publish","4":"has-post-thumbnail","6":"product_cat-60000-puff","7":"product_cat-buy-disposable-vapes-in-austria","8":"product_cat-buy-disposable-vapes-in-france","9":"product_cat-buy-disposable-vapes-in-portugal","10":"product_cat-dual-mesh-disposable-vapes","11":"product_cat-flavor-adjustable-vape","12":"product_tag-cheapest-e-cigarettes","13":"product_tag-disposable-vape-box","14":"product_tag-disposable-vape-fast-shipping","15":"product_tag-okso-60k-60000-puff","16":"product_tag-online-vape-shop","17":"product_tag-smok-pods","18":"product_tag-vapor","19":"desktop-align-left","20":"tablet-align-left","21":"mobile-align-left","23":"first","24":"instock","25":"sale","26":"shipping-taxable","27":"purchasable","28":"product-type-simple"},"acf":[],"uagb_featured_image_src":{"full":["https:\/\/vapestornado.com\/wp-content\/uploads\/2025\/10\/OKSO-60k-Puffs-Dual-Flavor-Disposable-Vape-LED-Display.webp",800,800,false],"thumbnail":["https:\/\/vapestornado.com\/wp-content\/uploads\/2025\/10\/OKSO-60k-Puffs-Dual-Flavor-Disposable-Vape-LED-Display-150x150.webp",150,150,true],"medium":["https:\/\/vapestornado.com\/wp-content\/uploads\/2025\/10\/OKSO-60k-Puffs-Dual-Flavor-Disposable-Vape-LED-Display-300x300.webp",300,300,true],"medium_large":["https:\/\/vapestornado.com\/wp-content\/uploads\/2025\/10\/OKSO-60k-Puffs-Dual-Flavor-Disposable-Vape-LED-Display-768x768.webp",768,768,true],"large":["https:\/\/vapestornado.com\/wp-content\/uploads\/2025\/10\/OKSO-60k-Puffs-Dual-Flavor-Disposable-Vape-LED-Display.webp",800,800,false],"1536x1536":["https:\/\/vapestornado.com\/wp-content\/uploads\/2025\/10\/OKSO-60k-Puffs-Dual-Flavor-Disposable-Vape-LED-Display.webp",800,800,false],"2048x2048":["https:\/\/vapestornado.com\/wp-content\/uploads\/2025\/10\/OKSO-60k-Puffs-Dual-Flavor-Disposable-Vape-LED-Display.webp",800,800,false],"trp-custom-language-flag":["https:\/\/vapestornado.com\/wp-content\/uploads\/2025\/10\/OKSO-60k-Puffs-Dual-Flavor-Disposable-Vape-LED-Display-12x12.webp",12,12,true],"woocommerce_thumbnail":["https:\/\/vapestornado.com\/wp-content\/uploads\/2025\/10\/OKSO-60k-Puffs-Dual-Flavor-Disposable-Vape-LED-Display-300x300.webp",300,300,true],"woocommerce_single":["https:\/\/vapestornado.com\/wp-content\/uploads\/2025\/10\/OKSO-60k-Puffs-Dual-Flavor-Disposable-Vape-LED-Display-600x600.webp",600,600,true],"woocommerce_gallery_thumbnail":["https:\/\/vapestornado.com\/wp-content\/uploads\/2025\/10\/OKSO-60k-Puffs-Dual-Flavor-Disposable-Vape-LED-Display-100x100.webp",100,100,true]},"uagb_author_info":{"display_name":"ESAMY","author_link":"https:\/\/vapestornado.com\/cs\/author\/"},"uagb_comment_info":1,"uagb_excerpt":"OKSO 60K Puff Vape \u2013 Dual Flavor LED Disposable vape for EU Market OKSO 60000 Puffs Multy Flavor Rechargeable Vape Wholesale Europe Buy OKSO 60K Dual Flavor Disposable Vape \u2013 650mAh LED Screen Edition Add Amy's whatsapp to get right reply and discount price! WhatsApp: +86 17776015835","_links":{"self":[{"href":"https:\/\/vapestornado.com\/cs\/wp-json\/wp\/v2\/product\/4468","targetHints":{"allow":["GET"]}}],"collection":[{"href":"https:\/\/vapestornado.com\/cs\/wp-json\/wp\/v2\/product"}],"about":[{"href":"https:\/\/vapestornado.com\/cs\/wp-json\/wp\/v2\/types\/product"}],"replies":[{"embeddable":true,"href":"https:\/\/vapestornado.com\/cs\/wp-json\/wp\/v2\/comments?post=4468"}],"wp:featuredmedia":[{"embeddable":true,"href":"https:\/\/vapestornado.com\/cs\/wp-json\/wp\/v2\/media\/4463"}],"wp:attachment":[{"href":"https:\/\/vapestornado.com\/cs\/wp-json\/wp\/v2\/media?parent=4468"}],"wp:term":[{"taxonomy":"product_brand","embeddable":true,"href":"https:\/\/vapestornado.com\/cs\/wp-json\/wp\/v2\/product_brand?post=4468"},{"taxonomy":"product_cat","embeddable":true,"href":"https:\/\/vapestornado.com\/cs\/wp-json\/wp\/v2\/product_cat?post=4468"},{"taxonomy":"product_tag","embeddable":true,"href":"https:\/\/vapestornado.com\/cs\/wp-json\/wp\/v2\/product_tag?post=4468"}],"curies":[{"name":"wp","href":"https:\/\/api.w.org\/{rel}","templated":true}]}}