{"id":4462,"date":"2025-10-28T06:37:23","date_gmt":"2025-10-28T06:37:23","guid":{"rendered":"https:\/\/vapestornado.com\/?post_type=product&#038;p=4462"},"modified":"2025-10-28T07:04:10","modified_gmt":"2025-10-28T07:04:10","slug":"stagbar-nexus-60k-puffs-buy-disposable-vapes-online-wholesale-price","status":"publish","type":"product","link":"https:\/\/vapestornado.com\/cs\/product\/stagbar-nexus-60k-puffs-buy-disposable-vapes-online-wholesale-price\/","title":{"rendered":"STAGBAR NEXUS 60K Pot\u0159eb Jednor\u00e1zov\u00e9 Vaporiz\u00e9ry Online Velkoobchodn\u00ed Cena"},"content":{"rendered":"<h2 data-pm-slice=\"1 1 []\">STAGBAR NEXUS 60K Pot\u0159eb Jednor\u00e1zov\u00e9 Vaporiz\u00e9ry Online Velkoobchodn\u00ed Cena<\/h2>\n<p data-start=\"329\" data-end=\"654\"><strong data-start=\"329\" data-end=\"350\">STAGBAR NEXUS 60K<\/strong> je nov\u00e1 hv\u011bzda <strong data-start=\"369\" data-end=\"389\">Jednor\u00e1zov\u00fd vaporiz\u00e9r<\/strong> stvo\u0159en\u00fd pro vapery, kte\u0159\u00ed po\u017eaduj\u00ed dlouhotrvaj\u00edc\u00ed v\u00fdkon a modern\u00ed design. S velkou <strong data-start=\"469\" data-end=\"493\">kapacitou 60000 pot\u00e1hnut\u00ed<\/strong>, toto za\u0159\u00edzen\u00ed nov\u011b definuje hodnotu na <strong data-start=\"530\" data-end=\"559\">velkoobchod s jednor\u00e1zov\u00fdmi vaporiz\u00e9ry<\/strong> trhu \u2013 nab\u00edz\u00ed dlouhodob\u00e9 pou\u017e\u00edv\u00e1n\u00ed, stabiln\u00ed v\u00fdkon a prvot\u0159\u00eddn\u00ed kvalitu chuti p\u0159i ka\u017ed\u00e9m pot\u00e1hnut\u00ed.<\/p>\n<p data-start=\"656\" data-end=\"1059\">Navr\u017eeno pro pohodl\u00ed a komfort, <strong data-start=\"698\" data-end=\"721\">STAGBAR NEXUS 60000<\/strong> obsahuje <strong data-start=\"733\" data-end=\"751\">du\u00e1ln\u00ed mesh c\u00edvka<\/strong> kter\u00fd zaji\u0161\u0165uje bohatou chu\u0165 a hustou p\u00e1ru, zat\u00edmco <strong data-start=\"803\" data-end=\"832\">nastaviteln\u00fd syst\u00e9m proud\u011bn\u00ed vzduchu<\/strong> v\u00e1m umo\u017en\u00ed p\u0159izp\u016fsobit si ka\u017ed\u00fd potah od t\u011bsn\u00e9ho MTL po otev\u0159en\u00e9 DTL. A <strong data-start=\"892\" data-end=\"913\">chytr\u00fd LED displej<\/strong> v\u00e1s informuje o hladin\u00e1ch e-liquidu a baterie a <strong data-start=\"973\" data-end=\"1011\">850mAh Type-C dob\u00edjec\u00ed baterie<\/strong> poskytuje konzistentn\u00ed v\u00fdkon s rychl\u00fdm nab\u00edjen\u00edm.<\/p>\n<p data-start=\"1061\" data-end=\"1301\">Vapy Stagbar nyn\u00ed ovl\u00e1daj\u00ed trh EU, zejm\u00e9na \u0161pan\u011blsk\u00fd trh, a st\u00e1vaj\u00ed se nejprod\u00e1van\u011bj\u0161\u00edmi modely a nejobl\u00edben\u011bj\u0161\u00edmi zna\u010dkami mezi vapery. Pro vapery a distributory, kte\u0159\u00ed cht\u011bj\u00ed <strong data-start=\"1100\" data-end=\"1131\">koupit jednor\u00e1zov\u00e9 vapy online<\/strong> se spolehlivou kvalitou, elegantn\u00edm stylem a <strong data-start=\"1172\" data-end=\"1189\">rychl\u00e9 dod\u00e1n\u00ed<\/strong> po cel\u00e9 Evrop\u011b, <strong data-start=\"1205\" data-end=\"1226\">STAGBAR NEXUS 60K<\/strong> je ide\u00e1ln\u00edm v\u0161estrann\u00fdm \u0159e\u0161en\u00edm pro maloobchodn\u00ed i velkoobchodn\u00ed kupuj\u00edc\u00ed.<\/p>\n<p data-start=\"1061\" data-end=\"1301\">Nyn\u00ed jsou jednor\u00e1zov\u00e9 vaporiz\u00e9ry STAGBAR NEXUS 60K Puffs dostupn\u00e9 na sklad\u011b v EU, co\u017e znamen\u00e1 rychl\u00e9 doru\u010den\u00ed za pouh\u00e9 3-7 pracovn\u00edch dn\u00ed!<\/p>\n<p><strong><span style=\"color: #ff0000;\">P\u0159idejte si Amy na WhatsApp pro rychlou odpov\u011b\u010f a kup\u00f3n na vapky!<\/span><\/strong><\/p>\n<p><img fetchpriority=\"high\" decoding=\"async\" class=\"size-full wp-image-2932\" src=\"https:\/\/vapestornado.com\/wp-content\/uploads\/2024\/12\/Vape-Wholesale.jpg\" alt=\"Velkoobchod s vape\" width=\"229\" height=\"300\" \/><\/p>\n<h3><a href=\"https:\/\/wa.me\/8617776015835\" target=\"_blank\" rel=\"noopener\"><span style=\"color: #ff0000;\"><strong>WhatsApp: +86 17776015835<\/strong><\/span><\/a><\/h3>\n<p>&nbsp;<\/p>\n<h2><strong>Funkce produktu STAGBAR NEXUS 60K Puff<\/strong><\/h2>\n<ul>\n<li data-start=\"1329\" data-end=\"1383\">\n<p data-start=\"1331\" data-end=\"1383\"><strong data-start=\"1331\" data-end=\"1353\">a\u017e 60 000 pot\u00e1hnut\u00ed<\/strong> pro extr\u00e9mn\u011b dlouh\u00e9 pou\u017e\u00edv\u00e1n\u00ed.<\/p>\n<\/li>\n<li data-start=\"1384\" data-end=\"1452\">\n<p data-start=\"1386\" data-end=\"1452\"><strong data-start=\"1386\" data-end=\"1411\">Dvojit\u00e1 s\u00ed\u0165ov\u00e1 c\u00edvka (0,9\u03a9)<\/strong> pro zv\u00fd\u0161enou chu\u0165 a hustotu par.<\/p>\n<\/li>\n<li data-start=\"1453\" data-end=\"1514\">\n<p data-start=\"1455\" data-end=\"1514\"><strong data-start=\"1455\" data-end=\"1481\">Kapacita e-liquidu 50 ml<\/strong> p\u0159edpln\u011bn\u00e1 pr\u00e9miov\u00fdmi sm\u011bsmi.<\/p>\n<\/li>\n<li data-start=\"1515\" data-end=\"1577\">\n<p data-start=\"1517\" data-end=\"1577\"><strong data-start=\"1517\" data-end=\"1548\">850mAh Dob\u00edjec\u00ed baterie<\/strong> s rychl\u00fdm nab\u00edjen\u00edm Type-C.<\/p>\n<\/li>\n<li data-start=\"1578\" data-end=\"1643\">\n<p data-start=\"1580\" data-end=\"1643\"><strong data-start=\"1580\" data-end=\"1610\">Nastaviteln\u00e1 kontrola pr\u016ftoku vzduchu<\/strong> pro personalizovan\u00fd styl vapov\u00e1n\u00ed.<\/p>\n<\/li>\n<li data-start=\"1644\" data-end=\"1716\">\n<p data-start=\"1646\" data-end=\"1716\"><strong data-start=\"1646\" data-end=\"1668\">LED Displej<\/strong> ukazuje \u00farove\u0148 v\u00fdkonu a e-liquidu v re\u00e1ln\u00e9m \u010dase.<\/p>\n<\/li>\n<li data-start=\"1717\" data-end=\"1777\">\n<p data-start=\"1719\" data-end=\"1777\"><strong data-start=\"1719\" data-end=\"1742\">Mo\u017enosti nikotinu 2% &amp; 5%<\/strong> pro flexibiln\u00ed preference trhu.<\/p>\n<\/li>\n<\/ul>\n<figure id=\"attachment_4456\" aria-describedby=\"caption-attachment-4456\" style=\"width: 800px\" class=\"wp-caption alignnone\"><img decoding=\"async\" class=\"wp-image-4456 size-full\" src=\"https:\/\/vapestornado.com\/wp-content\/uploads\/2025\/10\/Stagbar-Nexus-60000-60K-Puffs-Disposable-Vape-Box.webp\" alt=\"Krabice jednor\u00e1zov\u00e9ho vaporiz\u00e9ru Stagbar Nexus 60000 60K Puffs\" width=\"800\" height=\"800\" srcset=\"https:\/\/vapestornado.com\/wp-content\/uploads\/2025\/10\/Stagbar-Nexus-60000-60K-Puffs-Disposable-Vape-Box.webp 800w, https:\/\/vapestornado.com\/wp-content\/uploads\/2025\/10\/Stagbar-Nexus-60000-60K-Puffs-Disposable-Vape-Box-300x300.webp 300w, https:\/\/vapestornado.com\/wp-content\/uploads\/2025\/10\/Stagbar-Nexus-60000-60K-Puffs-Disposable-Vape-Box-150x150.webp 150w, https:\/\/vapestornado.com\/wp-content\/uploads\/2025\/10\/Stagbar-Nexus-60000-60K-Puffs-Disposable-Vape-Box-768x768.webp 768w, https:\/\/vapestornado.com\/wp-content\/uploads\/2025\/10\/Stagbar-Nexus-60000-60K-Puffs-Disposable-Vape-Box-12x12.webp 12w, https:\/\/vapestornado.com\/wp-content\/uploads\/2025\/10\/Stagbar-Nexus-60000-60K-Puffs-Disposable-Vape-Box-600x600.webp 600w, https:\/\/vapestornado.com\/wp-content\/uploads\/2025\/10\/Stagbar-Nexus-60000-60K-Puffs-Disposable-Vape-Box-100x100.webp 100w\" sizes=\"(max-width: 800px) 100vw, 800px\" \/><figcaption id=\"caption-attachment-4456\" class=\"wp-caption-text\">Krabice jednor\u00e1zov\u00e9ho vaporiz\u00e9ru Stagbar Nexus 60000 60K Puffs<\/figcaption><\/figure>\n<h2 class=\"product-title\"><strong>Seznam p\u0159\u00edchut\u00ed vaporiz\u00e9ru STAGBAR NEXUS 60K Puff<\/strong><\/h2>\n<ol data-start=\"1828\" data-end=\"2025\">\n<li data-start=\"1828\" data-end=\"1847\">\n<p data-start=\"1831\" data-end=\"1847\">Vodn\u00ed meloun s ledem<\/p>\n<\/li>\n<li data-start=\"1848\" data-end=\"1876\">\n<p data-start=\"1851\" data-end=\"1876\">Bor\u016fvka Malina Ice<\/p>\n<\/li>\n<li data-start=\"1877\" data-end=\"1895\">\n<p data-start=\"1880\" data-end=\"1895\">Mix bobul\u00ed<\/p>\n<\/li>\n<li data-start=\"1896\" data-end=\"1917\">\n<p data-start=\"1899\" data-end=\"1917\">Jahoda Hroznov\u00e9 v\u00edno<\/p>\n<\/li>\n<li data-start=\"1918\" data-end=\"1938\">\n<p data-start=\"1921\" data-end=\"1938\">Jahoda a kiwi<\/p>\n<\/li>\n<li data-start=\"1939\" data-end=\"1951\">\n<p data-start=\"1942\" data-end=\"1951\">L\u00e1ska 66<\/p>\n<\/li>\n<li data-start=\"1952\" data-end=\"1977\">\n<p data-start=\"1955\" data-end=\"1977\">Malina Vodn\u00ed meloun<\/p>\n<\/li>\n<li data-start=\"1978\" data-end=\"1993\">\n<p data-start=\"1981\" data-end=\"1993\">Citron Limetka<\/p>\n<\/li>\n<li data-start=\"1994\" data-end=\"2010\">\n<p data-start=\"1997\" data-end=\"2010\">Broskev Mango<\/p>\n<\/li>\n<li data-start=\"2011\" data-end=\"2025\">\n<p data-start=\"2015\" data-end=\"2025\">Red Bull<\/p>\n<\/li>\n<\/ol>\n<div class=\"flex-shrink-0 flex flex-col relative items-end\">\n<div class=\"pt-0\">\n<div class=\"gizmo-bot-avatar flex h-8 w-8 items-center justify-center overflow-hidden rounded-full\">\n<div class=\"relative p-1 rounded-sm flex items-center justify-center bg-token-main-surface-primary text-token-text-primary h-8 w-8\">\n<h2 data-start=\"1200\" data-end=\"1487\">Vapes Tornado \u2013 V\u00e1\u0161 velkoobchodn\u00ed online obchod s vaporiz\u00e9ry pro p\u0159edn\u00ed zna\u010dky vaporiz\u00e9r\u016f<\/h2>\n<p data-start=\"1200\" data-end=\"1487\">Vapes Tornado Online Smoke Store je va\u0161e spolehliv\u00e9 m\u00edsto pro <strong data-start=\"66\" data-end=\"94\">pr\u00e9miov\u00fdch jednor\u00e1zov\u00fdch vap\u016f<\/strong> a <strong data-start=\"99\" data-end=\"125\">velkoobchod s e-cigaretami<\/strong> po cel\u00e9 Evrop\u011b. Nab\u00edz\u00edme obl\u00edben\u00e9 zna\u010dky vaporiz\u00e9r\u016f, jako jsou <a href=\"https:\/\/vapestornado.com\/cs\/product\/elf-bar-raya-d3-25000-puffs-best-disposable-vape-wholesale-in-uk\/\">Elf Bar Vape<\/a>, <strong data-start=\"175\" data-end=\"228\"><a href=\"https:\/\/vapestornado.com\/cs\/product\/fumot-randm-tornado-15000-puffs-rechargeable-disposable-vape-wholesale\/\">Fumot Vape<\/a>, <a href=\"https:\/\/vapestornado.com\/cs\/product\/waspe-150k-150000-puff-6-in-1-disposable-vape-pen-cartridge-best-wholesale-price-in-poland\/\">Waspe Vape<\/a>, Vozol Bar Vape, <a href=\"https:\/\/vapestornado.com\/cs\/product-category\/bang-vape\/\">Bang Vape<\/a><\/strong>, a mnoho dal\u0161\u00edch\u2014nab\u00edz\u00edme v\u00fdjime\u010dnou kvalitu, rozmanit\u00e9 mo\u017enosti p\u0159\u00edchut\u00ed a inovativn\u00ed designy. A\u0165 jste osobn\u00ed u\u017eivatel nebo velkoobchodn\u00ed kupuj\u00edc\u00ed, <strong data-start=\"372\" data-end=\"389\">Vapes Tornado<\/strong> poskytuje vysoce v\u00fdkonn\u00e9 za\u0159\u00edzen\u00ed, elegantn\u00ed styly a neporaziteln\u00e9 velkoobchodn\u00ed ceny, kter\u00e9 odpov\u00eddaj\u00ed va\u0161im pot\u0159eb\u00e1m vapov\u00e1n\u00ed.<\/p>\n<h2 data-start=\"2064\" data-end=\"2115\">\u010casto kladen\u00e9 ot\u00e1zky o STAGBAR NEXUS 60K Puffs dob\u00edjec\u00edm vaporiz\u00e9ru<\/h2>\n<p data-start=\"2043\" data-end=\"2212\"><strong data-start=\"2043\" data-end=\"2094\">Q1: Jak dlouho vydr\u017e\u00ed STAGBAR NEXUS 60000?<\/strong><br data-start=\"2094\" data-end=\"2097\" \/>A1: Dod\u00e1v\u00e1 a\u017e <strong data-start=\"2119\" data-end=\"2135\">60 000 puf\u016f<\/strong>, navr\u017eeno pro dlouhodob\u00e9 pou\u017eit\u00ed\u2014mnohem d\u00e9le ne\u017e tradi\u010dn\u00ed jednor\u00e1zov\u00e9 vaporiz\u00e9ry.<\/p>\n<p data-start=\"2214\" data-end=\"2395\"><strong data-start=\"2214\" data-end=\"2275\">Q2: Mohu dob\u00edjet jednor\u00e1zov\u00fd vaporiz\u00e9r STAGBAR NEXUS 60K?<\/strong><br data-start=\"2275\" data-end=\"2278\" \/>A2: Ano. P\u0159ich\u00e1z\u00ed s <strong data-start=\"2304\" data-end=\"2342\">850mAh Type-C dob\u00edjec\u00ed baterie<\/strong>, co\u017e zaji\u0161\u0165uje nep\u0159eru\u0161ovan\u00e9 vapov\u00e1n\u00ed bez p\u0159eru\u0161en\u00ed.<\/p>\n<p data-start=\"2397\" data-end=\"2579\"><strong data-start=\"2397\" data-end=\"2456\">Q3: M\u00e1 STAGBAR 60K nastaviteln\u00fd pr\u016ftok vzduchu?<\/strong><br data-start=\"2456\" data-end=\"2459\" \/>A3: Rozhodn\u011b. M\u016f\u017eete upravit pr\u016ftok vzduchu podle sv\u00e9ho preferovan\u00e9ho stylu vdechu\u2014od jemn\u00fdch MTL tah\u016f po v\u011bt\u0161\u00ed mraky.<\/p>\n<p data-start=\"2581\" data-end=\"2765\"><strong data-start=\"2581\" data-end=\"2644\">Q4: Jak pozn\u00e1m, kdy je vape t\u00e9m\u011b\u0159 pr\u00e1zdn\u00fd na e-liquid?<\/strong><br data-start=\"2644\" data-end=\"2647\" \/>A4: <strong data-start=\"2655\" data-end=\"2670\">LED displej<\/strong> jasn\u011b ukazuje jak <strong data-start=\"2694\" data-end=\"2725\">\u00farovn\u011b baterie a e-liquidu<\/strong>, tak<\/p>\n<p data-start=\"2767\" data-end=\"2979\"><strong data-start=\"2767\" data-end=\"2848\">, tak\u017ee v\u00e1s nikdy nep\u0159ekvap\u00ed.<\/strong><br data-start=\"2848\" data-end=\"2851\" \/>Q5: Kde mohu koupit velkoobchodn\u011b jednor\u00e1zov\u00e9 vaporiz\u00e9ry STAGBAR NEXUS 60000 v Evrop\u011b? <strong data-start=\"2863\" data-end=\"2894\">koupit jednor\u00e1zov\u00e9 vapy online<\/strong> A5: M\u016f\u017eete <strong data-start=\"2937\" data-end=\"2976\">u d\u016fv\u011bryhodn\u00fdch distributor\u016f v \u010cesk\u00e9 republice, kte\u0159\u00ed nab\u00edzej\u00ed<\/strong>.<\/p>\n<\/div>\n<\/div>\n<\/div>\n<\/div>","protected":false},"excerpt":{"rendered":"<p>STAGBAR NEXUS 60K Jednor\u00e1zov\u00e1 Vape Velkoobchod \u2013 Nakupujte online s rychl\u00fdm doru\u010den\u00edm po EU<\/p>\n<p>STAGBAR NEXUS 60000 Pot\u00e1hnut\u00ed Vape \u2013 Dob\u00edjec\u00ed jednor\u00e1zov\u00fd vaporiz\u00e9r pro Evropu<\/p>\n<p>Kupte si STAGBAR NEXUS 60K Pot\u00e1hnut\u00ed Jednor\u00e1zov\u00e9 Vape Online \u2013 Velkoobchodn\u00ed cena a rychl\u00e9 doru\u010den\u00ed<\/p>\n<p><strong>P\u0159idejte si Amy na Whatsapp, abyste z\u00edskali spr\u00e1vnou odpov\u011b\u010f a slevu!<\/strong><\/p>\n<p><img fetchpriority=\"high\" decoding=\"async\" class=\"size-full wp-image-2932\" src=\"https:\/\/vapestornado.com\/wp-content\/uploads\/2024\/12\/Vape-Wholesale.jpg\" alt=\"Velkoobchod s vape\" width=\"229\" height=\"300\" \/><\/p>\n<h3><a href=\"https:\/\/wa.me\/8617776015835\"><span style=\"color: #ff0000;\"><strong>WhatsApp: +86 17776015835<\/strong><\/span><\/a><\/h3>","protected":false},"featured_media":4460,"comment_status":"open","ping_status":"closed","template":"","meta":{"_acf_changed":false,"_uag_custom_page_level_css":"","_lmt_disableupdate":"no","_lmt_disable":"","_monsterinsights_skip_tracking":false,"_monsterinsights_sitenote_active":false,"_monsterinsights_sitenote_note":"","_monsterinsights_sitenote_category":0,"site-sidebar-layout":"default","site-content-layout":"","ast-site-content-layout":"default","site-content-style":"default","site-sidebar-style":"default","ast-global-header-display":"","ast-banner-title-visibility":"","ast-main-header-display":"","ast-hfb-above-header-display":"","ast-hfb-below-header-display":"","ast-hfb-mobile-header-display":"","site-post-title":"","ast-breadcrumbs-content":"","ast-featured-img":"","footer-sml-layout":"","ast-disable-related-posts":"","theme-transparent-header-meta":"default","adv-header-id-meta":"","stick-header-meta":"","header-above-stick-meta":"","header-main-stick-meta":"","header-below-stick-meta":"","astra-migrate-meta-layouts":"set","ast-page-background-enabled":"default","ast-page-background-meta":{"desktop":{"background-color":"","background-image":"","background-repeat":"repeat","background-position":"center center","background-size":"auto","background-attachment":"scroll","background-type":"","background-media":"","overlay-type":"","overlay-color":"","overlay-opacity":"","overlay-gradient":""},"tablet":{"background-color":"","background-image":"","background-repeat":"repeat","background-position":"center center","background-size":"auto","background-attachment":"scroll","background-type":"","background-media":"","overlay-type":"","overlay-color":"","overlay-opacity":"","overlay-gradient":""},"mobile":{"background-color":"","background-image":"","background-repeat":"repeat","background-position":"center center","background-size":"auto","background-attachment":"scroll","background-type":"","background-media":"","overlay-type":"","overlay-color":"","overlay-opacity":"","overlay-gradient":""}},"ast-content-background-meta":{"desktop":{"background-color":"var(--ast-global-color-5)","background-image":"","background-repeat":"repeat","background-position":"center center","background-size":"auto","background-attachment":"scroll","background-type":"","background-media":"","overlay-type":"","overlay-color":"","overlay-opacity":"","overlay-gradient":""},"tablet":{"background-color":"var(--ast-global-color-5)","background-image":"","background-repeat":"repeat","background-position":"center center","background-size":"auto","background-attachment":"scroll","background-type":"","background-media":"","overlay-type":"","overlay-color":"","overlay-opacity":"","overlay-gradient":""},"mobile":{"background-color":"var(--ast-global-color-5)","background-image":"","background-repeat":"repeat","background-position":"center center","background-size":"auto","background-attachment":"scroll","background-type":"","background-media":"","overlay-type":"","overlay-color":"","overlay-opacity":"","overlay-gradient":""}},"_joinchat":[]},"product_brand":[],"product_cat":[343,152,156,158,143,357,146],"product_tag":[403,406,390,405,397,404],"class_list":{"0":"post-4462","1":"product","2":"type-product","3":"status-publish","4":"has-post-thumbnail","6":"product_cat-60000-puff","7":"product_cat-buy-disposable-vapes-in-cermany","8":"product_cat-buy-disposable-vapes-in-poland","9":"product_cat-buy-disposable-vapes-in-spain","10":"product_cat-dual-mesh-disposable-vapes","11":"product_cat-flavor-adjustable-vape","12":"product_cat-rechargeable-disposable-vapes","13":"product_tag-disposable-vape-box","14":"product_tag-disposable-vape-fast-shipping","15":"product_tag-online-vape-shop","16":"product_tag-stagbar-nexus-60k","17":"product_tag-vapor","18":"product_tag-wholesale-online-vape-store","19":"desktop-align-left","20":"tablet-align-left","21":"mobile-align-left","23":"first","24":"instock","25":"sale","26":"shipping-taxable","27":"purchasable","28":"product-type-simple"},"acf":[],"uagb_featured_image_src":{"full":["https:\/\/vapestornado.com\/wp-content\/uploads\/2025\/10\/Stagbar-Nexus-60000-60K-Puffs-Disposable-Vape-1.webp",800,800,false],"thumbnail":["https:\/\/vapestornado.com\/wp-content\/uploads\/2025\/10\/Stagbar-Nexus-60000-60K-Puffs-Disposable-Vape-1-150x150.webp",150,150,true],"medium":["https:\/\/vapestornado.com\/wp-content\/uploads\/2025\/10\/Stagbar-Nexus-60000-60K-Puffs-Disposable-Vape-1-300x300.webp",300,300,true],"medium_large":["https:\/\/vapestornado.com\/wp-content\/uploads\/2025\/10\/Stagbar-Nexus-60000-60K-Puffs-Disposable-Vape-1-768x768.webp",768,768,true],"large":["https:\/\/vapestornado.com\/wp-content\/uploads\/2025\/10\/Stagbar-Nexus-60000-60K-Puffs-Disposable-Vape-1.webp",800,800,false],"1536x1536":["https:\/\/vapestornado.com\/wp-content\/uploads\/2025\/10\/Stagbar-Nexus-60000-60K-Puffs-Disposable-Vape-1.webp",800,800,false],"2048x2048":["https:\/\/vapestornado.com\/wp-content\/uploads\/2025\/10\/Stagbar-Nexus-60000-60K-Puffs-Disposable-Vape-1.webp",800,800,false],"trp-custom-language-flag":["https:\/\/vapestornado.com\/wp-content\/uploads\/2025\/10\/Stagbar-Nexus-60000-60K-Puffs-Disposable-Vape-1-12x12.webp",12,12,true],"woocommerce_thumbnail":["https:\/\/vapestornado.com\/wp-content\/uploads\/2025\/10\/Stagbar-Nexus-60000-60K-Puffs-Disposable-Vape-1-300x300.webp",300,300,true],"woocommerce_single":["https:\/\/vapestornado.com\/wp-content\/uploads\/2025\/10\/Stagbar-Nexus-60000-60K-Puffs-Disposable-Vape-1-600x600.webp",600,600,true],"woocommerce_gallery_thumbnail":["https:\/\/vapestornado.com\/wp-content\/uploads\/2025\/10\/Stagbar-Nexus-60000-60K-Puffs-Disposable-Vape-1-100x100.webp",100,100,true]},"uagb_author_info":{"display_name":"ESAMY","author_link":"https:\/\/vapestornado.com\/cs\/author\/"},"uagb_comment_info":1,"uagb_excerpt":"STAGBAR NEXUS 60K Disposable Vape Wholesale \u2013 Buy Online with Fast EU Shipping STAGBAR NEXUS 60000 Puffs Vape \u2013 Rechargeable Disposable Vapor for Europe Buy STAGBAR NEXUS 60K Puffs Disposable Vape Online \u2013 Wholesale Price &amp; Fast Delivery Add Amy's whatsapp to get right reply and discount price! WhatsApp: +86 17776015835","_links":{"self":[{"href":"https:\/\/vapestornado.com\/cs\/wp-json\/wp\/v2\/product\/4462","targetHints":{"allow":["GET"]}}],"collection":[{"href":"https:\/\/vapestornado.com\/cs\/wp-json\/wp\/v2\/product"}],"about":[{"href":"https:\/\/vapestornado.com\/cs\/wp-json\/wp\/v2\/types\/product"}],"replies":[{"embeddable":true,"href":"https:\/\/vapestornado.com\/cs\/wp-json\/wp\/v2\/comments?post=4462"}],"wp:featuredmedia":[{"embeddable":true,"href":"https:\/\/vapestornado.com\/cs\/wp-json\/wp\/v2\/media\/4460"}],"wp:attachment":[{"href":"https:\/\/vapestornado.com\/cs\/wp-json\/wp\/v2\/media?parent=4462"}],"wp:term":[{"taxonomy":"product_brand","embeddable":true,"href":"https:\/\/vapestornado.com\/cs\/wp-json\/wp\/v2\/product_brand?post=4462"},{"taxonomy":"product_cat","embeddable":true,"href":"https:\/\/vapestornado.com\/cs\/wp-json\/wp\/v2\/product_cat?post=4462"},{"taxonomy":"product_tag","embeddable":true,"href":"https:\/\/vapestornado.com\/cs\/wp-json\/wp\/v2\/product_tag?post=4462"}],"curies":[{"name":"wp","href":"https:\/\/api.w.org\/{rel}","templated":true}]}}