{"id":4455,"date":"2025-10-23T09:32:05","date_gmt":"2025-10-23T09:32:05","guid":{"rendered":"https:\/\/vapestornado.com\/?post_type=product&#038;p=4455"},"modified":"2025-12-12T09:43:21","modified_gmt":"2025-12-12T09:43:21","slug":"vopk-btc-35000-puff-35k-disposable-vape-box-visible-oil-cup-wholesale","status":"publish","type":"product","link":"https:\/\/vapestornado.com\/cs\/product\/vopk-btc-35000-puff-35k-disposable-vape-box-visible-oil-cup-wholesale\/","title":{"rendered":"VOPK BTC 35000 Puff 35K Jednor\u00e1zov\u00e1 vaporiz\u00e9rsk\u00e1 krabi\u010dka s viditelnou olejovou miskou Velkoobchod"},"content":{"rendered":"<h2 data-pm-slice=\"1 1 []\">VOPK BTC 35000 Puff Jednor\u00e1zov\u00e1 vape krabi\u010dka \u2014 Dvojit\u00fd re\u017eim vapov\u00e1n\u00ed Bitcoin 3D displej<\/h2>\n<p data-start=\"946\" data-end=\"1145\"><strong data-start=\"97\" data-end=\"120\">VOPK BTC 35000 Puff<\/strong> je dlouhotrvaj\u00edc\u00ed jednor\u00e1zov\u00e1 vape krabi\u010dka ur\u010den\u00e1 pro u\u017eivatele, kte\u0159\u00ed dbaj\u00ed na dv\u011b v\u011bci: konzistentn\u00ed v\u00fdkon a jasn\u00fd stav za\u0159\u00edzen\u00ed. Nab\u00edz\u00ed <strong data-start=\"254\" data-end=\"289\">a\u017e 35 000 pota\u017een\u00ed v re\u017eimu Norm<\/strong> (nebo <strong data-start=\"294\" data-end=\"325\">p\u0159ibli\u017en\u011b 25 000 v re\u017eimu Boost<\/strong> pro siln\u011bj\u0161\u00ed z\u00e1\u017eitek), b\u011b\u017e\u00ed na <strong data-start=\"357\" data-end=\"388\">20ml p\u0159edpln\u011bn\u00e9m viditeln\u00e9m tanku<\/strong>, a pou\u017e\u00edv\u00e1 <strong data-start=\"399\" data-end=\"423\">0,9\u03a9 dvojit\u00e9 s\u00ed\u0165ov\u00e9 c\u00edvky<\/strong> pro hladk\u00fd vapour a v\u00fdraznou chu\u0165. The <strong data-start=\"464\" data-end=\"499\">Bitcoin-style 3D zak\u0159iven\u00fd displej<\/strong> ukazuje \u00farove\u0148 e-liquidu a baterie, a <strong data-start=\"543\" data-end=\"581\">850mAh Type-C dob\u00edjec\u00ed baterie<\/strong> udr\u017e\u00ed za\u0159\u00edzen\u00ed v chodu, dokud nen\u00ed tank vypr\u00e1zdn\u011bn.<\/p>\n<h3 data-start=\"871\" data-end=\"922\">Pro\u010d si vybrat VOPK BTC 35000 Puff pro sv\u016fj dal\u0161\u00ed celodenn\u00ed vapov\u00e1n\u00ed?<\/h3>\n<ul data-start=\"924\" data-end=\"2546\">\n<li data-start=\"924\" data-end=\"1316\">\n<p data-start=\"926\" data-end=\"1316\"><strong data-start=\"926\" data-end=\"977\">Dlouh\u00e1 \u017eivotnost s jasnou volbou re\u017eimu.<\/strong> Ten <strong data-start=\"982\" data-end=\"1005\">VOPK BTC 35000 Puff<\/strong> nab\u00edz\u00ed dva odli\u0161n\u00e9 z\u00e1\u017eitky: <strong data-start=\"1038\" data-end=\"1071\">Norm\u00e1ln\u00ed re\u017eim pro a\u017e 35K pota\u017een\u00ed<\/strong> kdy\u017e chcete st\u00e1l\u00e9 celodenn\u00ed pou\u017eit\u00ed, a <strong data-start=\"1110\" data-end=\"1137\">Re\u017eim Boost (~25K pota\u017een\u00ed)<\/strong> kdy\u017e je d\u016fle\u017eit\u011bj\u0161\u00ed chu\u0165 a s\u00edla. Je to praktick\u00e9 nastaven\u00ed pro mu\u017ee, kte\u0159\u00ed pou\u017e\u00edvaj\u00ed jedno za\u0159\u00edzen\u00ed jak na pracovn\u00ed dny, tak na ve\u010dern\u00ed vy\u017eit\u00ed v <strong data-start=\"1260\" data-end=\"1315\">\u010cesk\u00e9 republice, \u0160pan\u011blsku, Polsku, Francii a Nizozemsku<\/strong>.<\/p>\n<\/li>\n<li data-start=\"1318\" data-end=\"1658\">\n<p data-start=\"1320\" data-end=\"1658\"><strong data-start=\"1320\" data-end=\"1390\">Pr\u016fhledn\u00e1 n\u00e1dr\u017e na olej odstra\u0148uje nejistotu, kter\u00e1 zab\u00edj\u00ed v\u011bt\u0161inu jednor\u00e1zov\u00fdch za\u0159\u00edzen\u00ed.<\/strong> Pr\u016fhledn\u00fd <strong data-start=\"1405\" data-end=\"1426\">20ml viditeln\u00e1 n\u00e1dr\u017e<\/strong> usnad\u0148uje kontrolu zb\u00fdvaj\u00edc\u00edho mno\u017estv\u00ed, co\u017e je p\u0159esn\u011b to, co lid\u00e9 cht\u011bj\u00ed p\u0159i porovn\u00e1v\u00e1n\u00ed <strong data-start=\"1512\" data-end=\"1543\">Levn\u00e9 e-cigarety na prodej<\/strong> za cenu <strong data-start=\"1549\" data-end=\"1563\">Vape obchod<\/strong>. Vid\u00edte hladinu kapaliny okam\u017eit\u011b, m\u00edsto aby jste se spol\u00e9hali pouze na to, \u017ee \u201eto chutn\u00e1 slab\u011b\u201c jako jedin\u00fd ukazatel.<\/p>\n<\/li>\n<li data-start=\"1660\" data-end=\"1938\">\n<p data-start=\"1662\" data-end=\"1938\"><strong data-start=\"1662\" data-end=\"1718\">Dvojit\u00e9 s\u00ed\u0165ov\u00e9 c\u00edvky udr\u017euj\u00ed chu\u0165 stabiln\u00ed p\u0159i intenzivn\u00edm pou\u017e\u00edv\u00e1n\u00ed.<\/strong> Ten <strong data-start=\"1723\" data-end=\"1747\">0,9\u03a9 dvojit\u00e9 s\u00ed\u0165ov\u00e9 c\u00edvky<\/strong> rovnom\u011brn\u011b rozv\u00e1d\u00ed teplo, co\u017e poskytuje hlad\u0161\u00ed tahy a pomalej\u0161\u00ed \u00fabytek chuti. To je d\u016fle\u017eit\u00e9, kdy\u017e tla\u010d\u00edte na vysok\u00fd po\u010det pota\u017een\u00ed \u2014 z\u00e1kladn\u00ed c\u00edvky se mohou za\u010d\u00edt c\u00edtit drsn\u011b dlouho p\u0159ed t\u00edm, ne\u017e je n\u00e1dr\u017e vy\u010derp\u00e1na.<\/p>\n<\/li>\n<li data-start=\"1940\" data-end=\"2219\">\n<p data-start=\"1942\" data-end=\"2219\"><strong data-start=\"1942\" data-end=\"1995\">Nastaviteln\u00fd pr\u016ftok vzduchu umo\u017e\u0148uje p\u0159izp\u016fsobit tah va\u0161emu stylu.<\/strong> Ut\u00e1hn\u011bte pro omezen\u011bj\u0161\u00ed tah nebo otev\u0159ete pro v\u011bt\u0161\u00ed mraky. Tato flexibilita pom\u00e1h\u00e1 u\u017eivatel\u016fm, kte\u0159\u00ed obvykle p\u0159ech\u00e1zej\u00ed mezi <strong data-start=\"2124\" data-end=\"2144\">zna\u010dkami cigaret<\/strong> a vapov\u00e1n\u00edm naj\u00edt tah, kter\u00fd jim vyhovuje, bez pot\u0159eby slo\u017eit\u00fdch nastaven\u00ed.<\/p>\n<\/li>\n<li data-start=\"2221\" data-end=\"2546\">\n<p data-start=\"2223\" data-end=\"2546\"><strong data-start=\"2223\" data-end=\"2269\">Dob\u00edjec\u00ed nap\u00e1jen\u00ed zachov\u00e1v\u00e1 hodnotu.<\/strong> Ten <strong data-start=\"2274\" data-end=\"2299\">Baterie 850mAh Type-C<\/strong> je navr\u017eena tak, aby se mohla opakovan\u011b dob\u00edjet, tak\u017ee za\u0159\u00edzen\u00ed nevypne d\u0159\u00edve, ne\u017e je pot\u0159eba. To je kl\u00ed\u010dov\u00fd rozd\u00edl oproti levn\u00fdm jednor\u00e1zov\u00fdm, a d\u016fvod, pro\u010d n\u011bkte\u0159\u00ed u\u017eivatel\u00e9 p\u0159ech\u00e1zej\u00ed z \u201evapera 50k\u201c na kontrolovan\u011bj\u0161\u00ed dlouhodobou krabi\u010dku s jasn\u00fdm sledov\u00e1n\u00edm stavu.<\/p>\n<\/li>\n<\/ul>\n<p><strong><span style=\"color: #ff0000;\">P\u0159idejte si Amy na WhatsApp pro rychlou odpov\u011b\u010f a kup\u00f3n na vapky!<\/span><\/strong><\/p>\n<p><img fetchpriority=\"high\" decoding=\"async\" class=\"size-full wp-image-2932\" src=\"https:\/\/vapestornado.com\/wp-content\/uploads\/2024\/12\/Vape-Wholesale.jpg\" alt=\"Velkoobchod s vape\" width=\"229\" height=\"300\" \/><\/p>\n<h3><a href=\"https:\/\/wa.me\/8617776015835\" target=\"_blank\" rel=\"noopener\"><span style=\"color: #ff0000;\"><strong>WhatsApp: +86 17776015835<\/strong><\/span><\/a><\/h3>\n<p>&nbsp;<\/p>\n<h2><strong>VOPK BTC 35000 Puff Funkce produktu<\/strong><\/h2>\n<table>\n<thead>\n<tr>\n<th>Funkce<\/th>\n<th>specifikace<\/th>\n<th>detaily<\/th>\n<\/tr>\n<\/thead>\n<tbody>\n<tr>\n<td>N\u00e1zev produktu<\/td>\n<td>VOPK BTC 35000 Puff<\/td>\n<td>Jednor\u00e1zov\u00e1 vape krabi\u010dka s viditelnou n\u00e1dr\u017e\u00ed a 3D displejem<\/td>\n<\/tr>\n<tr>\n<td>Kapacita pot\u00e1hnut\u00ed<\/td>\n<td>A\u017e 35 000 (Norm) \/ ~25 000 (Boost)<\/td>\n<td>Norma klade d\u016fraz na \u017eivotnost; Boost zvy\u0161uje intenzitu<\/td>\n<\/tr>\n<tr>\n<td>N\u00e1dr\u017e na e-liquid<\/td>\n<td>20ml p\u0159edpln\u011bn\u00e1 viditeln\u00e1 n\u00e1dr\u017e na olej<\/td>\n<td>Pr\u016fhledn\u00e1 n\u00e1dr\u017e umo\u017e\u0148uje p\u0159\u00edm\u00e9 sledov\u00e1n\u00ed kapaliny<\/td>\n<\/tr>\n<tr>\n<td>Typ spir\u00e1lky<\/td>\n<td>0,9\u03a9 dvojit\u00e9 s\u00ed\u0165ov\u00e9 c\u00edvky<\/td>\n<td>Rovnom\u011brn\u00e9 zah\u0159\u00edv\u00e1n\u00ed pro hladk\u00fd par a silnou chu\u0165<\/td>\n<\/tr>\n<tr>\n<td>Baterie<\/td>\n<td>850mAh dob\u00edjec\u00ed<\/td>\n<td>Dob\u00edjec\u00ed design podporuje celou \u017eivotnost za\u0159\u00edzen\u00ed<\/td>\n<\/tr>\n<tr>\n<td>Nab\u00edjen\u00ed<\/td>\n<td>Typ-C<\/td>\n<td>Rychl\u00fd, b\u011b\u017en\u00fd standard kabelu po cel\u00e9 Evrop\u011b<\/td>\n<\/tr>\n<tr>\n<td>Pr\u016ftok vzduchu<\/td>\n<td>Nastaviteln\u00fd pr\u016ftok vzduchu<\/td>\n<td>Lad\u011bn\u00ed odporu tahu a objemu cloud\u016f<\/td>\n<\/tr>\n<tr>\n<td>Displej<\/td>\n<td>3D zak\u0159iven\u00e1 obrazovka ve stylu Bitcoin<\/td>\n<td>Jasn\u011b ukazuje \u00farove\u0148 baterie a e-liquidu<\/td>\n<\/tr>\n<tr>\n<td>Aktivace<\/td>\n<td>Aktivace potahem<\/td>\n<td>\u017d\u00e1dn\u00e9 tla\u010d\u00edtka\u2014vdechujte pro vapov\u00e1n\u00ed<\/td>\n<\/tr>\n<tr>\n<td>\u00darove\u0148 nikotinu<\/td>\n<td>5%<\/td>\n<td>Siln\u00e1 volba nikotinu pro zku\u0161en\u00e9 u\u017eivatele<\/td>\n<\/tr>\n<\/tbody>\n<\/table>\n<h2 class=\"product-title\"><strong>VOPK BTC seznam p\u0159\u00edchut\u00ed vapingu s 35000 pota\u017een\u00ed<\/strong><\/h2>\n<ol data-start=\"1504\" data-end=\"1726\">\n<li data-start=\"1504\" data-end=\"1523\">\n<p data-start=\"1507\" data-end=\"1523\">Vodn\u00ed meloun s ledem<\/p>\n<\/li>\n<li data-start=\"1524\" data-end=\"1542\">\n<p data-start=\"1527\" data-end=\"1542\">Ledov\u00e1 modr\u00e1 malina<\/p>\n<\/li>\n<li data-start=\"1543\" data-end=\"1564\">\n<p data-start=\"1546\" data-end=\"1564\">Jahodov\u00fd v\u00fdbuch<\/p>\n<\/li>\n<li data-start=\"1565\" data-end=\"1583\">\n<p data-start=\"1568\" data-end=\"1583\">Georgia Peach<\/p>\n<\/li>\n<li data-start=\"1584\" data-end=\"1601\">\n<p data-start=\"1587\" data-end=\"1601\">Passion Kiwi<\/p>\n<\/li>\n<li data-start=\"1602\" data-end=\"1632\">\n<p data-start=\"1605\" data-end=\"1632\">Oran\u017eovo-\u010derven\u00fd brusinkovo-limetkov\u00fd led<\/p>\n<\/li>\n<li data-start=\"1633\" data-end=\"1647\">\n<p data-start=\"1636\" data-end=\"1647\">Chladiv\u00e1 m\u00e1ta<\/p>\n<\/li>\n<li data-start=\"1648\" data-end=\"1673\">\n<p data-start=\"1651\" data-end=\"1673\">Kysel\u00e9 mango s ananasem<\/p>\n<\/li>\n<li data-start=\"1674\" data-end=\"1700\">\n<p data-start=\"1677\" data-end=\"1700\">B\u00edl\u00e1 broskev s malinami<\/p>\n<\/li>\n<li data-start=\"1701\" data-end=\"1726\">\n<p data-start=\"1705\" data-end=\"1726\">Ban\u00e1nov\u00e1 taffy s mrazem<\/p>\n<\/li>\n<\/ol>\n<figure id=\"attachment_4451\" aria-describedby=\"caption-attachment-4451\" style=\"width: 800px\" class=\"wp-caption alignnone\"><img decoding=\"async\" class=\"wp-image-4451 size-full\" src=\"https:\/\/vapestornado.com\/wp-content\/uploads\/2025\/10\/VOPK-BTC-35K-35000-Puff-Disposable-Vape-Popular-Flavor.webp\" alt=\"VOPK BTC 35K jednor\u00e1zov\u00fd vaporiz\u00e9r s 35000 pota\u017een\u00ed obl\u00edben\u00e1 p\u0159\u00edchu\u0165\" width=\"800\" height=\"748\" srcset=\"https:\/\/vapestornado.com\/wp-content\/uploads\/2025\/10\/VOPK-BTC-35K-35000-Puff-Disposable-Vape-Popular-Flavor.webp 800w, https:\/\/vapestornado.com\/wp-content\/uploads\/2025\/10\/VOPK-BTC-35K-35000-Puff-Disposable-Vape-Popular-Flavor-300x281.webp 300w, https:\/\/vapestornado.com\/wp-content\/uploads\/2025\/10\/VOPK-BTC-35K-35000-Puff-Disposable-Vape-Popular-Flavor-768x718.webp 768w, https:\/\/vapestornado.com\/wp-content\/uploads\/2025\/10\/VOPK-BTC-35K-35000-Puff-Disposable-Vape-Popular-Flavor-13x12.webp 13w, https:\/\/vapestornado.com\/wp-content\/uploads\/2025\/10\/VOPK-BTC-35K-35000-Puff-Disposable-Vape-Popular-Flavor-600x561.webp 600w\" sizes=\"(max-width: 800px) 100vw, 800px\" \/><figcaption id=\"caption-attachment-4451\" class=\"wp-caption-text\">VOPK BTC 35K jednor\u00e1zov\u00fd vaporiz\u00e9r s 35000 pota\u017een\u00ed obl\u00edben\u00e1 p\u0159\u00edchu\u0165<\/figcaption><\/figure>\n<div class=\"flex-shrink-0 flex flex-col relative items-end\">\n<div class=\"pt-0\">\n<div class=\"gizmo-bot-avatar flex h-8 w-8 items-center justify-center overflow-hidden rounded-full\">\n<div class=\"relative p-1 rounded-sm flex items-center justify-center bg-token-main-surface-primary text-token-text-primary h-8 w-8\">\n<h2 data-start=\"1200\" data-end=\"1487\">Vapes Tornado \u2013 V\u00e1\u0161 velkoobchodn\u00ed online obchod s vaporiz\u00e9ry pro p\u0159edn\u00ed zna\u010dky vaporiz\u00e9r\u016f<\/h2>\n<p data-start=\"1200\" data-end=\"1487\"><strong data-start=\"141\" data-end=\"177\">Internetov\u00fd obchod s elektronick\u00fdmi cigaretami Vapes Tornado<\/strong> je v\u00e1\u0161 d\u016fv\u011bryhodn\u00fd zdroj pro <strong data-start=\"205\" data-end=\"270\">pr\u00e9miov\u00e9 jednor\u00e1zov\u00e9 vaporiz\u00e9ry a velkoobchodn\u00ed e-cigarety v Evrop\u011b<\/strong>. Nab\u00edz\u00edme nejprod\u00e1van\u011bj\u0161\u00ed zna\u010dky jako <strong data-start=\"307\" data-end=\"362\"><a href=\"https:\/\/vapestornado.com\/cs\/product\/randm-12000-puffs-fumot-digital-disposable-vape-wholesale-price\/\">Fumot VAPE<\/a>, <a href=\"https:\/\/vapestornado.com\/cs\/product\/waspe-150k-150000-puff-6-in-1-disposable-vape-pen-cartridge-best-wholesale-price-in-poland\/\">WASPE VAPE<\/a>, <\/strong><strong data-start=\"307\" data-end=\"362\"><a href=\"https:\/\/vapestornado.com\/cs\/product\/vozol-gear-shisha-25k-25000-puffs-best-dtl-disposable-vape-hookah-cheap-price\/\">VOZOL BAR VAPE<\/a>, \u00a0 Bang Vape<\/strong>, a dal\u0161\u00ed, zaji\u0161\u0165uj\u00edc\u00ed kvalitu a rozmanitost pro ka\u017ed\u00e9ho z\u00e1kazn\u00edka. A\u0165 u\u017e jste individu\u00e1ln\u00ed vap\u00e9r nebo velkoobchodn\u00ed kupuj\u00edc\u00ed, dod\u00e1v\u00e1me <strong data-start=\"481\" data-end=\"550\">vysoce v\u00fdkonn\u00e9 za\u0159\u00edzen\u00ed, stylov\u00e9 designy a konkurenceschopn\u00e9 ceny<\/strong> k napln\u011bn\u00ed va\u0161ich pot\u0159eb.<\/p>\n<h2 data-start=\"2064\" data-end=\"2115\">\u010casto kladen\u00e9 ot\u00e1zky o VOPK BTC 35000 pota\u017een\u00ed vapingu<\/h2>\n<ol data-start=\"3516\" data-end=\"4878\">\n<li data-start=\"3516\" data-end=\"3792\">\n<p data-start=\"3519\" data-end=\"3792\"><strong data-start=\"3519\" data-end=\"3623\">Jak se li\u0161\u00ed Norm\u00e1ln\u00ed re\u017eim a Boost re\u017eim na VOPK BTC 35000 Puf 35K jednor\u00e1zov\u00e9 vapovac\u00ed krabi\u010dce?<\/strong><br data-start=\"3623\" data-end=\"3626\" \/>Norm\u00e1ln\u00ed re\u017eim se zam\u011b\u0159uje na dlouhou \u017eivotnost a stabiln\u011bj\u0161\u00ed tah a\u017e do 35K puf\u016f, zat\u00edmco Boost re\u017eim zvy\u0161uje intenzitu pro siln\u011bj\u0161\u00ed z\u00e1\u017eitek a bohat\u0161\u00ed chu\u0165 s men\u0161\u00edm po\u010dtem celkov\u00fdch puf\u016f.<\/p>\n<\/li>\n<li data-start=\"3794\" data-end=\"4067\">\n<p data-start=\"3797\" data-end=\"4067\"><strong data-start=\"3797\" data-end=\"3906\">Pro\u010d je d\u016fle\u017eit\u00e9 viditeln\u00e9 pln\u011bn\u00ed olejov\u00e9 n\u00e1dr\u017ee na VOPK BTC 35000 Puf ve srovn\u00e1n\u00ed s levn\u00fdmi e-cigaretami na prodej?<\/strong><br data-start=\"3906\" data-end=\"3909\" \/>Proto\u017ee skute\u010dn\u011b vid\u00edte, kolik zbylo kapaliny. Sni\u017euje to odhadov\u00e1n\u00ed a pom\u00e1h\u00e1 p\u0159edej\u00edt zku\u0161enosti s \u201en\u00e1hle pr\u00e1zdn\u00fdm\u201c z\u00e1sobn\u00edkem, b\u011b\u017enou u levn\u011bj\u0161\u00edch uzav\u0159en\u00fdch za\u0159\u00edzen\u00ed.<\/p>\n<\/li>\n<li data-start=\"4069\" data-end=\"4286\">\n<p data-start=\"4072\" data-end=\"4286\"><strong data-start=\"4072\" data-end=\"4162\">Zlep\u0161uj\u00ed dvojit\u00e9 s\u00ed\u0165ov\u00e9 c\u00edvky 0.9\u03a9 chu\u0165ovou konzistenci v pr\u016fb\u011bhu \u010dasu?<\/strong><br data-start=\"4162\" data-end=\"4165\" \/>Ano. Dvojit\u00e9 s\u00ed\u0165ov\u00e9 c\u00edvky rovnom\u011brn\u011bji rozd\u011bluj\u00ed teplo, co\u017e udr\u017euje plyn\u00e1n\u00ed hlad\u0161\u00ed a chu\u0165 stabiln\u011bj\u0161\u00ed i hluboko v n\u00e1dr\u017ei.<\/p>\n<\/li>\n<li data-start=\"4288\" data-end=\"4575\">\n<p data-start=\"4291\" data-end=\"4575\"><strong data-start=\"4291\" data-end=\"4387\">Je nastaviteln\u00fd pr\u016ftok vzduchu u\u017eite\u010dn\u00fd pro u\u017eivatele p\u0159ech\u00e1zej\u00edc\u00ed od zna\u010dek cigaret k za\u0159\u00edzen\u00ed typu vape box?<\/strong><br data-start=\"4387\" data-end=\"4390\" \/>Velmi pom\u00e1h\u00e1. Nastaviteln\u00fd pr\u016ftok vzduchu umo\u017e\u0148uje ut\u00e1hnout tah pro omezen\u011bj\u0161\u00ed p\u0159\u00edvod nebo ho otev\u0159\u00edt pro v\u011bt\u0161\u00ed mraky, tak\u017ee za\u0159\u00edzen\u00ed m\u016f\u017ee odpov\u00eddat r\u016fzn\u00fdm zvyklostem bez slo\u017eit\u00e9ho nastaven\u00ed.<\/p>\n<\/li>\n<li data-start=\"4577\" data-end=\"4878\">\n<p data-start=\"4580\" data-end=\"4878\"><strong data-start=\"4580\" data-end=\"4681\">Co \u010din\u00ed VOPK BTC 35000 Puf siln\u011bj\u0161\u00ed volbou pro obchod s vaporiz\u00e9ry ne\u017e z\u00e1kladn\u00ed jednor\u00e1zov\u00e9 ty\u010dinky?<\/strong><br data-start=\"4681\" data-end=\"4684\" \/>Spojuje dlouhou kapacitu puf\u016f, dob\u00edjec\u00ed schopnost, viditelnou n\u00e1dr\u017e a informace v re\u00e1ln\u00e9m \u010dase na obrazovce\u2014funkce, kter\u00e9 sni\u017euj\u00ed po\u010det vr\u00e1cen\u00ed zbo\u017e\u00ed a zvy\u0161uj\u00ed spokojenost u\u017eivatel\u016f ve srovn\u00e1n\u00ed se standardn\u00edmi levn\u00fdmi jednor\u00e1zov\u00fdmi za\u0159\u00edzen\u00edmi.<\/p>\n<\/li>\n<\/ol>\n<\/div>\n<\/div>\n<\/div>\n<\/div>","protected":false},"excerpt":{"rendered":"<p data-start=\"3023\" data-end=\"3092\">VOPK BTC 35000 Puff disposable vape box with visible 20ml oil cup, Bitcoin 3D curved display, 0.9\u03a9 dual mesh coils, adjustable airflow and 850mAh Type-C rechargeable battery. Up to 35K puffs (Norm) or ~25K (Boost) with 5% nicotine\u2014built for vape store sales and long, controlled use.<\/p>\n<p><strong>P\u0159idejte si Amy na Whatsapp, abyste z\u00edskali spr\u00e1vnou odpov\u011b\u010f a slevu!<\/strong><\/p>\n<p><img fetchpriority=\"high\" decoding=\"async\" class=\"size-full wp-image-2932\" src=\"https:\/\/vapestornado.com\/wp-content\/uploads\/2024\/12\/Vape-Wholesale.jpg\" alt=\"Velkoobchod s vape\" width=\"229\" height=\"300\" \/><\/p>\n<h3><a href=\"https:\/\/wa.me\/8617776015835\"><span style=\"color: #ff0000;\"><strong>WhatsApp: +86 17776015835<\/strong><\/span><\/a><\/h3>","protected":false},"featured_media":4454,"comment_status":"open","ping_status":"closed","template":"","meta":{"_acf_changed":false,"_uag_custom_page_level_css":"","_lmt_disableupdate":"no","_lmt_disable":"","_monsterinsights_skip_tracking":false,"_monsterinsights_sitenote_active":false,"_monsterinsights_sitenote_note":"","_monsterinsights_sitenote_category":0,"site-sidebar-layout":"default","site-content-layout":"","ast-site-content-layout":"default","site-content-style":"default","site-sidebar-style":"default","ast-global-header-display":"","ast-banner-title-visibility":"","ast-main-header-display":"","ast-hfb-above-header-display":"","ast-hfb-below-header-display":"","ast-hfb-mobile-header-display":"","site-post-title":"","ast-breadcrumbs-content":"","ast-featured-img":"","footer-sml-layout":"","ast-disable-related-posts":"","theme-transparent-header-meta":"default","adv-header-id-meta":"","stick-header-meta":"","header-above-stick-meta":"","header-main-stick-meta":"","header-below-stick-meta":"","astra-migrate-meta-layouts":"set","ast-page-background-enabled":"default","ast-page-background-meta":{"desktop":{"background-color":"","background-image":"","background-repeat":"repeat","background-position":"center center","background-size":"auto","background-attachment":"scroll","background-type":"","background-media":"","overlay-type":"","overlay-color":"","overlay-opacity":"","overlay-gradient":""},"tablet":{"background-color":"","background-image":"","background-repeat":"repeat","background-position":"center center","background-size":"auto","background-attachment":"scroll","background-type":"","background-media":"","overlay-type":"","overlay-color":"","overlay-opacity":"","overlay-gradient":""},"mobile":{"background-color":"","background-image":"","background-repeat":"repeat","background-position":"center center","background-size":"auto","background-attachment":"scroll","background-type":"","background-media":"","overlay-type":"","overlay-color":"","overlay-opacity":"","overlay-gradient":""}},"ast-content-background-meta":{"desktop":{"background-color":"var(--ast-global-color-5)","background-image":"","background-repeat":"repeat","background-position":"center center","background-size":"auto","background-attachment":"scroll","background-type":"","background-media":"","overlay-type":"","overlay-color":"","overlay-opacity":"","overlay-gradient":""},"tablet":{"background-color":"var(--ast-global-color-5)","background-image":"","background-repeat":"repeat","background-position":"center center","background-size":"auto","background-attachment":"scroll","background-type":"","background-media":"","overlay-type":"","overlay-color":"","overlay-opacity":"","overlay-gradient":""},"mobile":{"background-color":"var(--ast-global-color-5)","background-image":"","background-repeat":"repeat","background-position":"center center","background-size":"auto","background-attachment":"scroll","background-type":"","background-media":"","overlay-type":"","overlay-color":"","overlay-opacity":"","overlay-gradient":""}},"_joinchat":[]},"product_brand":[],"product_cat":[175,152,156,142,357,146,290],"product_tag":[403,390,397,402,404],"class_list":{"0":"post-4455","1":"product","2":"type-product","3":"status-publish","4":"has-post-thumbnail","6":"product_cat-35000-puff","7":"product_cat-buy-disposable-vapes-in-cermany","8":"product_cat-buy-disposable-vapes-in-poland","9":"product_cat-digital-box-disposable-vapes","10":"product_cat-flavor-adjustable-vape","11":"product_cat-rechargeable-disposable-vapes","12":"product_cat-vopk-vape","13":"product_tag-disposable-vape-box","14":"product_tag-online-vape-shop","15":"product_tag-vapor","16":"product_tag-vopk-btc-35000","17":"product_tag-wholesale-online-vape-store","18":"desktop-align-left","19":"tablet-align-left","20":"mobile-align-left","22":"first","23":"instock","24":"sale","25":"shipping-taxable","26":"purchasable","27":"product-type-simple"},"acf":[],"uagb_featured_image_src":{"full":["https:\/\/vapestornado.com\/wp-content\/uploads\/2025\/10\/VOPK-BTC-35K-35000-Puff-Disposable-Vape.webp",800,800,false],"thumbnail":["https:\/\/vapestornado.com\/wp-content\/uploads\/2025\/10\/VOPK-BTC-35K-35000-Puff-Disposable-Vape-150x150.webp",150,150,true],"medium":["https:\/\/vapestornado.com\/wp-content\/uploads\/2025\/10\/VOPK-BTC-35K-35000-Puff-Disposable-Vape-300x300.webp",300,300,true],"medium_large":["https:\/\/vapestornado.com\/wp-content\/uploads\/2025\/10\/VOPK-BTC-35K-35000-Puff-Disposable-Vape-768x768.webp",768,768,true],"large":["https:\/\/vapestornado.com\/wp-content\/uploads\/2025\/10\/VOPK-BTC-35K-35000-Puff-Disposable-Vape.webp",800,800,false],"1536x1536":["https:\/\/vapestornado.com\/wp-content\/uploads\/2025\/10\/VOPK-BTC-35K-35000-Puff-Disposable-Vape.webp",800,800,false],"2048x2048":["https:\/\/vapestornado.com\/wp-content\/uploads\/2025\/10\/VOPK-BTC-35K-35000-Puff-Disposable-Vape.webp",800,800,false],"trp-custom-language-flag":["https:\/\/vapestornado.com\/wp-content\/uploads\/2025\/10\/VOPK-BTC-35K-35000-Puff-Disposable-Vape-12x12.webp",12,12,true],"woocommerce_thumbnail":["https:\/\/vapestornado.com\/wp-content\/uploads\/2025\/10\/VOPK-BTC-35K-35000-Puff-Disposable-Vape-300x300.webp",300,300,true],"woocommerce_single":["https:\/\/vapestornado.com\/wp-content\/uploads\/2025\/10\/VOPK-BTC-35K-35000-Puff-Disposable-Vape-600x600.webp",600,600,true],"woocommerce_gallery_thumbnail":["https:\/\/vapestornado.com\/wp-content\/uploads\/2025\/10\/VOPK-BTC-35K-35000-Puff-Disposable-Vape-100x100.webp",100,100,true]},"uagb_author_info":{"display_name":"ESAMY","author_link":"https:\/\/vapestornado.com\/cs\/author\/"},"uagb_comment_info":0,"uagb_excerpt":"VOPK BTC 35000 Puff disposable vape box with visible 20ml oil cup, Bitcoin 3D curved display, 0.9\u03a9 dual mesh coils, adjustable airflow and 850mAh Type-C rechargeable battery. Up to 35K puffs (Norm) or ~25K (Boost) with 5% nicotine\u2014built for vape store sales and long, controlled use. Add Amy's whatsapp to get right reply and discount&hellip;","_links":{"self":[{"href":"https:\/\/vapestornado.com\/cs\/wp-json\/wp\/v2\/product\/4455","targetHints":{"allow":["GET"]}}],"collection":[{"href":"https:\/\/vapestornado.com\/cs\/wp-json\/wp\/v2\/product"}],"about":[{"href":"https:\/\/vapestornado.com\/cs\/wp-json\/wp\/v2\/types\/product"}],"replies":[{"embeddable":true,"href":"https:\/\/vapestornado.com\/cs\/wp-json\/wp\/v2\/comments?post=4455"}],"wp:featuredmedia":[{"embeddable":true,"href":"https:\/\/vapestornado.com\/cs\/wp-json\/wp\/v2\/media\/4454"}],"wp:attachment":[{"href":"https:\/\/vapestornado.com\/cs\/wp-json\/wp\/v2\/media?parent=4455"}],"wp:term":[{"taxonomy":"product_brand","embeddable":true,"href":"https:\/\/vapestornado.com\/cs\/wp-json\/wp\/v2\/product_brand?post=4455"},{"taxonomy":"product_cat","embeddable":true,"href":"https:\/\/vapestornado.com\/cs\/wp-json\/wp\/v2\/product_cat?post=4455"},{"taxonomy":"product_tag","embeddable":true,"href":"https:\/\/vapestornado.com\/cs\/wp-json\/wp\/v2\/product_tag?post=4455"}],"curies":[{"name":"wp","href":"https:\/\/api.w.org\/{rel}","templated":true}]}}