{"id":4446,"date":"2025-10-22T08:01:53","date_gmt":"2025-10-22T08:01:53","guid":{"rendered":"https:\/\/vapestornado.com\/?post_type=product&#038;p=4446"},"modified":"2025-12-12T09:47:39","modified_gmt":"2025-12-12T09:47:39","slug":"stagbar-king-40000-40k-puff-rechargeable-disposable-vape-shop-online","status":"publish","type":"product","link":"https:\/\/vapestornado.com\/cs\/product\/stagbar-king-40000-40k-puff-rechargeable-disposable-vape-shop-online\/","title":{"rendered":"Stagbar King 40000 40K Puf\u016f Dob\u00edjec\u00ed Jednor\u00e1zov\u00fd Vaporiz\u00e9r Obchod Online"},"content":{"rendered":"<h2 data-pm-slice=\"1 1 []\">Stagbar King 40000 Puf Dob\u00edjec\u00ed Jednor\u00e1zov\u00e1 Vape \u2013 Vyrobena pro Dlouhotrvaj\u00edc\u00ed V\u00fdkon &amp; Rychl\u00e9 Doru\u010den\u00ed z EU Sklad<\/h2>\n<p data-start=\"1208\" data-end=\"1450\"><strong data-start=\"119\" data-end=\"141\">Stagbar King 40000<\/strong> je navr\u017een pro dlouhodob\u00e9 denn\u00ed pou\u017e\u00edv\u00e1n\u00ed s tahem, kter\u00fd si m\u016f\u017eete skute\u010dn\u011b ladit. Dod\u00e1v\u00e1 <strong data-start=\"217\" data-end=\"239\">a\u017e 40 000 pota\u017een\u00ed<\/strong>, b\u011b\u017e\u00ed na <strong data-start=\"248\" data-end=\"266\">1.0\u03a9 s\u00ed\u0165ov\u00e1 c\u00edvka<\/strong> pro hladkou chu\u0165 a stabiln\u00ed p\u00e1ru, a p\u0159id\u00e1v\u00e1 <strong data-start=\"314\" data-end=\"336\">Nastaviteln\u00fd pr\u016ftok vzduchu<\/strong> tak\u017ee stejn\u00fd p\u0159\u00edstroj m\u016f\u017ee b\u00fdt t\u011bsn\u00fd jako MTL nebo otev\u0159en\u00fd a vzdu\u0161n\u00fd pro v\u011bt\u0161\u00ed oblaky. <strong data-start=\"416\" data-end=\"435\">Nab\u00edjen\u00ed typu C<\/strong> udr\u017euje dobu odst\u00e1vky kr\u00e1tkou, co\u017e je rozd\u00edl mezi dokon\u010den\u00edm za\u0159\u00edzen\u00ed a jeho p\u0159ed\u010dasn\u00fdm vyhozen\u00edm. Pro kupuj\u00edc\u00ed, kte\u0159\u00ed porovn\u00e1vaj\u00ed <strong data-start=\"560\" data-end=\"586\">cena recargable vaporiz\u00e9ru<\/strong> nap\u0159\u00ed\u010d Evropou, Stagbar King 40K se pohybuje v hodnotov\u00e9 z\u00f3n\u011b, ani\u017e by p\u016fsobil levn\u011b v ruce.<\/p>\n<h3 data-start=\"905\" data-end=\"956\">Pro\u010d je jednor\u00e1zov\u00fd Stagbar King 40k chyt\u0159ej\u0161\u00ed volbou pro dlouhodob\u00e9 pou\u017e\u00edv\u00e1n\u00ed?<\/h3>\n<ul data-start=\"958\" data-end=\"2345\">\n<li data-start=\"958\" data-end=\"1255\">\n<p data-start=\"960\" data-end=\"1255\"><strong data-start=\"960\" data-end=\"1010\">40K \u017eivotnost, kter\u00e1 d\u00e1v\u00e1 smysl pro pravideln\u00e9 pou\u017eit\u00ed.<\/strong> Ten <strong data-start=\"1015\" data-end=\"1037\">Stagbar King 40000<\/strong> je navr\u017een pro n\u00e1ro\u010dn\u00e9 rutiny a dlouh\u00e9 t\u00fddny. Na trz\u00edch jako <strong data-start=\"1101\" data-end=\"1156\">\u010cesk\u00e9 republice, \u0160pan\u011blsku, Polsku, Francii a Nizozemsku<\/strong>, tento typ vysokokapacitn\u00ed jednotky sni\u017euje opakovan\u00e9 n\u00e1kupy a odstra\u0148uje probl\u00e9m \u201evape je v\u017edy vyprodan\u00e9\u201c.<\/p>\n<\/li>\n<li data-start=\"1257\" data-end=\"1554\">\n<p data-start=\"1259\" data-end=\"1554\"><strong data-start=\"1259\" data-end=\"1316\">Nastaviteln\u00e9 proud\u011bn\u00ed vzduchu, kter\u00e9 m\u011bn\u00ed pocit za\u0159\u00edzen\u00ed.<\/strong> Ten <strong data-start=\"1321\" data-end=\"1371\">Stagbar King 40K nastaviteln\u00e9 proud\u011bn\u00ed vzduchu jednor\u00e1zov\u00e9<\/strong> m\u016f\u017ee b\u00fdt t\u011bsn\u00e9 pro tah ve stylu cigarety nebo otev\u0159en\u00e9 pro voln\u011bj\u0161\u00ed tahy a v\u011bt\u0161\u00ed oblaky. Je to praktick\u00e1 funkce, nikoli trik \u2013 jedno za\u0159\u00edzen\u00ed pokryje r\u016fzn\u00e9 situace b\u011bhem dne.<\/p>\n<\/li>\n<li data-start=\"1556\" data-end=\"1776\">\n<p data-start=\"1558\" data-end=\"1776\"><strong data-start=\"1558\" data-end=\"1597\">V\u00fdkon mesh c\u00edvky z\u016fst\u00e1v\u00e1 plynul\u00fd.<\/strong> Ten <strong data-start=\"1602\" data-end=\"1620\">1.0\u03a9 s\u00ed\u0165ov\u00e1 c\u00edvka<\/strong> je navr\u017een pro rovnom\u011brn\u00e9 zah\u0159\u00edv\u00e1n\u00ed, co\u017e pom\u00e1h\u00e1 udr\u017eet chu\u0165 konzistentn\u00ed po dlouh\u00e9m pou\u017e\u00edv\u00e1n\u00ed a vyh\u00fdb\u00e1 se ostr\u00e9, such\u00e9 chuti na konci, kterou mnoho za\u0159\u00edzen\u00ed s vysok\u00fdm po\u010dtem potah\u016f vyv\u00edj\u00ed.<\/p>\n<\/li>\n<li data-start=\"1778\" data-end=\"2075\">\n<p data-start=\"1780\" data-end=\"2075\"><strong data-start=\"1780\" data-end=\"1829\">Dob\u00edjec\u00ed pohodl\u00ed, kter\u00e9 chr\u00e1n\u00ed hodnotu.<\/strong> S <strong data-start=\"1835\" data-end=\"1854\">Nab\u00edjen\u00ed typu C<\/strong>, <strong data-start=\"1860\" data-end=\"1906\">Stagbar King 40000 dob\u00edjec\u00ed jednor\u00e1zov\u00fd<\/strong> lze rychle doplnit. To je d\u016fle\u017eit\u00e9, kdy\u017e v\u00e1m z\u00e1le\u017e\u00ed na <strong data-start=\"1978\" data-end=\"2004\">cena recargable vaporiz\u00e9ru<\/strong>\u2014za\u0159\u00edzen\u00ed by m\u011blo vydr\u017eet, dokud nen\u00ed hotovo, ne dokud se nevybije baterie.<\/p>\n<\/li>\n<li data-start=\"2077\" data-end=\"2345\">\n<p data-start=\"2079\" data-end=\"2345\"><strong data-start=\"2079\" data-end=\"2126\">\u010cist\u00e1 alternativa k pr\u016fb\u011b\u017en\u00fdm syst\u00e9m\u016fm s n\u00e1dr\u017ekami.<\/strong> N\u011bkte\u0159\u00ed u\u017eivatel\u00e9 d\u00e1vaj\u00ed p\u0159ednost <strong data-start=\"2145\" data-end=\"2161\">stagbar n\u00e1dr\u017ek\u00e1m<\/strong> nebo jin\u00fdm platform\u00e1m s n\u00e1dr\u017ekami pro pohodln\u00e9 nab\u00edjen\u00ed, ale necht\u011bj\u00ed spravovat n\u00e1pln\u011b a d\u00edly. Stagbar King 40K zachov\u00e1v\u00e1 jednoduch\u00fd pracovn\u00ed postup \u201eotev\u0159\u00edt a vapovat\u201c, p\u0159esto je dob\u00edjec\u00ed.<\/p>\n<\/li>\n<\/ul>\n<p><strong><span style=\"color: #ff0000;\">P\u0159idejte si Amy na WhatsApp pro rychlou odpov\u011b\u010f a kup\u00f3n na vapky!<\/span><\/strong><\/p>\n<p><img fetchpriority=\"high\" decoding=\"async\" class=\"size-full wp-image-2932\" src=\"https:\/\/vapestornado.com\/wp-content\/uploads\/2024\/12\/Vape-Wholesale.jpg\" alt=\"Velkoobchod s vape\" width=\"229\" height=\"300\" \/><\/p>\n<h3><a href=\"https:\/\/wa.me\/8617776015835\" target=\"_blank\" rel=\"noopener\"><span style=\"color: #ff0000;\"><strong>WhatsApp: +86 17776015835<\/strong><\/span><\/a><\/h3>\n<p>&nbsp;<\/p>\n<h2><strong>Funkce produktu Stagbar King 40000 Puff<\/strong><\/h2>\n<table>\n<thead>\n<tr>\n<th>Funkce<\/th>\n<th>specifikace<\/th>\n<th>detaily<\/th>\n<\/tr>\n<\/thead>\n<tbody>\n<tr>\n<td>N\u00e1zev produktu<\/td>\n<td>Stagbar King 40000 \/ Stagbar King 40K<\/td>\n<td>Vysokokapacitn\u00ed dob\u00edjec\u00ed jednor\u00e1zov\u00fd vaporiz\u00e9r<\/td>\n<\/tr>\n<tr>\n<td>Kapacita pot\u00e1hnut\u00ed<\/td>\n<td>A\u017e 40 000 pota\u017een\u00ed<\/td>\n<td>Vyroben pro dlouhodob\u00e9 denn\u00ed pou\u017eit\u00ed a m\u00e9n\u011b v\u00fdm\u011bn<\/td>\n<\/tr>\n<tr>\n<td>Typ spir\u00e1lky<\/td>\n<td>1.0\u03a9 s\u00ed\u0165ov\u00e1 c\u00edvka<\/td>\n<td>Rovnom\u011brn\u00e9 zah\u0159\u00edv\u00e1n\u00ed pro hladk\u00fd par a stabiln\u00ed chu\u0165<\/td>\n<\/tr>\n<tr>\n<td>Pr\u016ftok vzduchu<\/td>\n<td>Nastaviteln\u00fd syst\u00e9m proud\u011bn\u00ed vzduchu<\/td>\n<td>P\u0159ep\u00edn\u00e1n\u00ed mezi t\u011bsn\u011bj\u0161\u00edmi MTL a vzdu\u0161n\u011bj\u0161\u00edmi DTL n\u00e1dechy<\/td>\n<\/tr>\n<tr>\n<td>Nab\u00edjen\u00ed<\/td>\n<td>dob\u00edjec\u00ed p\u0159es Type-C<\/td>\n<td>Rychl\u00e9 dopl\u0148ov\u00e1n\u00ed nab\u00edjen\u00edm ke sn\u00ed\u017een\u00ed prostoj\u016f<\/td>\n<\/tr>\n<tr>\n<td>Rozsah p\u0159\u00edchut\u00ed<\/td>\n<td>V\u00edce ne\u017e 10 p\u0159\u00edchut\u00ed<\/td>\n<td>Obsahuje profily jako Red Bull, M\u00edchan\u00e9 bobule, Sex na pl\u00e1\u017ei, Bor\u016fvka malina<\/td>\n<\/tr>\n<tr>\n<td>Um\u00edst\u011bn\u00ed<\/td>\n<td>Maloobchod + velkoobchod<\/td>\n<td>Vhodn\u00e9 pro obchod s elektronick\u00fdmi cigaretami a online velkoobchodn\u00ed objedn\u00e1vky<\/td>\n<\/tr>\n<tr>\n<td>U\u017eivatelsk\u00fd profil<\/td>\n<td>Dosp\u011bl\u00ed u\u017eivatel\u00e9<\/td>\n<td>Navr\u017eeno pro dosp\u011bl\u00e9 vapery, kte\u0159\u00ed cht\u011bj\u00ed dlouhou \u017eivotnost a kontrolu<\/td>\n<\/tr>\n<\/tbody>\n<\/table>\n<h2 class=\"product-title\"><strong>Seznam p\u0159\u00edchut\u00ed Stagbar King 40000 Puff Vape<\/strong><\/h2>\n<p>1. Coco loco<br \/>\n2. Sex on the beach<br \/>\n3. Lemon Lime<br \/>\n4. Red Bull<br \/>\n5. Ledov\u00fd vodn\u00ed meloun<br \/>\n6. M\u00edchan\u00e9 bobule<br \/>\n7.Jahoda kiwi<br \/>\n8. Ban\u00e1nov\u00e1 ledov\u00e1<br \/>\n9.Bor\u016fvka Malina<br \/>\n10. Jahodovo-hroznov\u00e9<\/p>\n<p>&nbsp;<\/p>\n<figure id=\"attachment_4442\" aria-describedby=\"caption-attachment-4442\" style=\"width: 300px\" class=\"wp-caption alignnone\"><img decoding=\"async\" class=\"size-medium wp-image-4442\" src=\"https:\/\/vapestornado.com\/wp-content\/uploads\/2025\/10\/Stagbar-King-40000-40K-Puff-Disposable-E-Vape-300x300.webp\" alt=\"Stagbar King 40000 40K Puff Jednor\u00e1zov\u00fd E Vape\" width=\"300\" height=\"300\" srcset=\"https:\/\/vapestornado.com\/wp-content\/uploads\/2025\/10\/Stagbar-King-40000-40K-Puff-Disposable-E-Vape-300x300.webp 300w, https:\/\/vapestornado.com\/wp-content\/uploads\/2025\/10\/Stagbar-King-40000-40K-Puff-Disposable-E-Vape-150x150.webp 150w, https:\/\/vapestornado.com\/wp-content\/uploads\/2025\/10\/Stagbar-King-40000-40K-Puff-Disposable-E-Vape-768x768.webp 768w, https:\/\/vapestornado.com\/wp-content\/uploads\/2025\/10\/Stagbar-King-40000-40K-Puff-Disposable-E-Vape-12x12.webp 12w, https:\/\/vapestornado.com\/wp-content\/uploads\/2025\/10\/Stagbar-King-40000-40K-Puff-Disposable-E-Vape-600x600.webp 600w, https:\/\/vapestornado.com\/wp-content\/uploads\/2025\/10\/Stagbar-King-40000-40K-Puff-Disposable-E-Vape-100x100.webp 100w, https:\/\/vapestornado.com\/wp-content\/uploads\/2025\/10\/Stagbar-King-40000-40K-Puff-Disposable-E-Vape.webp 800w\" sizes=\"(max-width: 300px) 100vw, 300px\" \/><figcaption id=\"caption-attachment-4442\" class=\"wp-caption-text\">Stagbar King 40000 40K Puff Jednor\u00e1zov\u00fd E Vape<\/figcaption><\/figure>\n<figure id=\"attachment_4441\" aria-describedby=\"caption-attachment-4441\" style=\"width: 300px\" class=\"wp-caption alignnone\"><img decoding=\"async\" class=\"size-medium wp-image-4441\" src=\"https:\/\/vapestornado.com\/wp-content\/uploads\/2025\/10\/Stagbar-King-40K-Puff-Disposable-Vape-Bulk-Buy-300x300.webp\" alt=\"Stagbar King 40K Puff Jednor\u00e1zov\u00fd Vape Velkoobchodn\u00ed n\u00e1kup\" width=\"300\" height=\"300\" srcset=\"https:\/\/vapestornado.com\/wp-content\/uploads\/2025\/10\/Stagbar-King-40K-Puff-Disposable-Vape-Bulk-Buy-300x300.webp 300w, https:\/\/vapestornado.com\/wp-content\/uploads\/2025\/10\/Stagbar-King-40K-Puff-Disposable-Vape-Bulk-Buy-150x150.webp 150w, https:\/\/vapestornado.com\/wp-content\/uploads\/2025\/10\/Stagbar-King-40K-Puff-Disposable-Vape-Bulk-Buy-768x768.webp 768w, https:\/\/vapestornado.com\/wp-content\/uploads\/2025\/10\/Stagbar-King-40K-Puff-Disposable-Vape-Bulk-Buy-12x12.webp 12w, https:\/\/vapestornado.com\/wp-content\/uploads\/2025\/10\/Stagbar-King-40K-Puff-Disposable-Vape-Bulk-Buy-600x600.webp 600w, https:\/\/vapestornado.com\/wp-content\/uploads\/2025\/10\/Stagbar-King-40K-Puff-Disposable-Vape-Bulk-Buy-100x100.webp 100w, https:\/\/vapestornado.com\/wp-content\/uploads\/2025\/10\/Stagbar-King-40K-Puff-Disposable-Vape-Bulk-Buy.webp 800w\" sizes=\"(max-width: 300px) 100vw, 300px\" \/><figcaption id=\"caption-attachment-4441\" class=\"wp-caption-text\">Stagbar King 40K Puff Jednor\u00e1zov\u00fd Vape Velkoobchodn\u00ed n\u00e1kup<\/figcaption><\/figure>\n<div class=\"flex-shrink-0 flex flex-col relative items-end\">\n<div class=\"pt-0\">\n<div class=\"gizmo-bot-avatar flex h-8 w-8 items-center justify-center overflow-hidden rounded-full\">\n<div class=\"relative p-1 rounded-sm flex items-center justify-center bg-token-main-surface-primary text-token-text-primary h-8 w-8\">\n<h2 data-start=\"1200\" data-end=\"1487\">Vapes Tornado \u2013 V\u00e1\u0161 velkoobchodn\u00ed online obchod s vaporiz\u00e9ry pro p\u0159edn\u00ed zna\u010dky vaporiz\u00e9r\u016f<\/h2>\n<p data-start=\"1200\" data-end=\"1487\"><strong data-start=\"141\" data-end=\"177\">Internetov\u00fd obchod s elektronick\u00fdmi cigaretami Vapes Tornado<\/strong> je v\u00e1\u0161 d\u016fv\u011bryhodn\u00fd zdroj pro <strong data-start=\"205\" data-end=\"270\">pr\u00e9miov\u00e9 jednor\u00e1zov\u00e9 vaporiz\u00e9ry a velkoobchodn\u00ed e-cigarety v Evrop\u011b<\/strong>. Nab\u00edz\u00edme nejprod\u00e1van\u011bj\u0161\u00ed zna\u010dky jako <strong data-start=\"307\" data-end=\"362\"><a href=\"https:\/\/vapestornado.com\/cs\/product\/randm-12000-puffs-fumot-digital-disposable-vape-wholesale-price\/\">Fumot VAPE<\/a>, <a href=\"https:\/\/vapestornado.com\/cs\/product\/waspe-150k-150000-puff-6-in-1-disposable-vape-pen-cartridge-best-wholesale-price-in-poland\/\">WASPE VAPE<\/a>, <\/strong><strong data-start=\"307\" data-end=\"362\"><a href=\"https:\/\/vapestornado.com\/cs\/product\/vozol-gear-shisha-25k-25000-puffs-best-dtl-disposable-vape-hookah-cheap-price\/\">VOZOL BAR VAPE<\/a>, \u00a0 Bang Vape<\/strong>, a dal\u0161\u00ed, zaji\u0161\u0165uj\u00edc\u00ed kvalitu a rozmanitost pro ka\u017ed\u00e9ho z\u00e1kazn\u00edka. A\u0165 u\u017e jste individu\u00e1ln\u00ed vap\u00e9r nebo velkoobchodn\u00ed kupuj\u00edc\u00ed, dod\u00e1v\u00e1me <strong data-start=\"481\" data-end=\"550\">vysoce v\u00fdkonn\u00e9 za\u0159\u00edzen\u00ed, stylov\u00e9 designy a konkurenceschopn\u00e9 ceny<\/strong> k napln\u011bn\u00ed va\u0161ich pot\u0159eb.<\/p>\n<h2 data-start=\"2064\" data-end=\"2115\">\u010casto kladen\u00e9 ot\u00e1zky o Stagbar King 40k Puff Nastaviteln\u00e9m pr\u016ftoku vzduchu Vape<\/h2>\n<ol data-start=\"3233\" data-end=\"4438\">\n<li data-start=\"3233\" data-end=\"3479\">\n<p data-start=\"3236\" data-end=\"3479\"><strong data-start=\"3236\" data-end=\"3335\">Jak si vede Stagbar King 40000 40K Puf dob\u00edjec\u00ed jednor\u00e1zov\u00e1 vaporizace pro t\u011b\u017ek\u00e9 denn\u00ed u\u017eivatele?<\/strong><br data-start=\"3335\" data-end=\"3338\" \/>Jeho vysok\u00e1 kapacita puf\u016f je ur\u010dena pro dlouh\u00e9 rutiny a nab\u00edjen\u00ed p\u0159es Type-C udr\u017euje za\u0159\u00edzen\u00ed pou\u017eiteln\u00e9 po celou dobu \u017eivotnosti, nikoli p\u0159ed\u010dasn\u011b ukon\u010den\u00e9.<\/p>\n<\/li>\n<li data-start=\"3481\" data-end=\"3705\">\n<p data-start=\"3484\" data-end=\"3705\"><strong data-start=\"3484\" data-end=\"3573\">Jak\u00fd rozd\u00edl d\u011bl\u00e1 nastaviteln\u00fd pr\u016ftok vzduchu u jednor\u00e1zov\u00e9ho vaporiz\u00e9ru Stagbar King 40K?<\/strong><br data-start=\"3573\" data-end=\"3576\" \/>Umo\u017e\u0148uje v\u00e1m ut\u00e1hnout tah pro MTL styl nebo ho otev\u0159\u00edt pro voln\u011bj\u0161\u00ed DTL pocit s v\u011bt\u0161\u00edmi mraky, podle momentu.<\/p>\n<\/li>\n<li data-start=\"3707\" data-end=\"3924\">\n<p data-start=\"3710\" data-end=\"3924\"><strong data-start=\"3710\" data-end=\"3793\">Pom\u00e1h\u00e1 mesh c\u00edvka 1.0\u03a9 v Stagbar King 40000 udr\u017eet chu\u0165 konzistentn\u00ed?<\/strong><br data-start=\"3793\" data-end=\"3796\" \/>Ano. Mesh c\u00edvky se oh\u0159\u00edvaj\u00ed rovnom\u011brn\u011bji ne\u017e z\u00e1kladn\u00ed dr\u00e1tov\u00e9 c\u00edvky, co\u017e pom\u00e1h\u00e1 vaporizaci z\u016fstat jemn\u011bj\u0161\u00ed a chu\u0165 stabiln\u011bj\u0161\u00ed p\u0159i del\u0161\u00edm pou\u017e\u00edv\u00e1n\u00ed.<\/p>\n<\/li>\n<li data-start=\"3926\" data-end=\"4147\">\n<p data-start=\"3929\" data-end=\"4147\"><strong data-start=\"3929\" data-end=\"4008\">Jak se Stagbar King 40000 srovn\u00e1v\u00e1 s stagbar kapslemi v ka\u017edodenn\u00ed pohodlnosti?<\/strong><br data-start=\"4008\" data-end=\"4011\" \/>Stagbar King 40000 zachov\u00e1v\u00e1 pohodl\u00ed, kter\u00e9 lid\u00e9 maj\u00ed r\u00e1di v <strong data-start=\"4067\" data-end=\"4083\">stagbar n\u00e1dr\u017ek\u00e1m<\/strong>\u2014dob\u00edjecnosti\u2014bez nutnosti spravovat kapsle, n\u00e1pln\u011b nebo dal\u0161\u00ed d\u00edly.<\/p>\n<\/li>\n<li data-start=\"4149\" data-end=\"4438\">\n<p data-start=\"4152\" data-end=\"4438\"><strong data-start=\"4152\" data-end=\"4267\">Je Stagbar King 40000 rozumnou volbou pro obchod s elektronick\u00fdmi cigaretami zam\u011b\u0159en\u00fd na cenu recargable vaporiz\u00e9ru?<\/strong><br data-start=\"4267\" data-end=\"4270\" \/>Ano. Nab\u00edz\u00ed vysok\u00fd po\u010det puf\u016f, kontrolu pr\u016ftoku vzduchu, v\u00fdkon mesh c\u00edvky a dob\u00edjen\u00ed p\u0159es Type-C\u2014funkce, kter\u00e9 podporuj\u00ed kupuj\u00edc\u00ed s d\u016frazem na hodnotu, ani\u017e by se spol\u00e9haly na trikov\u00e9 funkce.<\/p>\n<\/li>\n<\/ol>\n<\/div>\n<\/div>\n<\/div>\n<\/div>","protected":false},"excerpt":{"rendered":"<div class=\"flex flex-col text-sm @w-xl\/main:pt-header-height pb-25\">\n<article class=\"text-token-text-primary w-full focus:outline-none [--shadow-height:45px] has-data-writing-block:pointer-events-none has-data-writing-block:-mt-(--shadow-height) has-data-writing-block:pt-(--shadow-height) [&amp;:has([data-writing-block])&gt;*]:pointer-events-auto scroll-mt-[calc(var(--header-height)+min(200px,max(70px,20svh)))]\" dir=\"auto\" tabindex=\"-1\" data-turn-id=\"a4553bcb-7aea-49d6-9fac-81ba76f7aa52\" data-testid=\"conversation-turn-52\" data-scroll-anchor=\"true\" data-turn=\"assistant\">\n<div class=\"text-base my-auto mx-auto pb-10 [--thread-content-margin:--spacing(4)] @w-sm\/main:[--thread-content-margin:--spacing(6)] @w-lg\/main:[--thread-content-margin:--spacing(16)] px-(--thread-content-margin)\">\n<div class=\"[--thread-content-max-width:40rem] @w-lg\/main:[--thread-content-max-width:48rem] mx-auto max-w-(--thread-content-max-width) flex-1 group\/turn-messages focus-visible:outline-hidden relative flex w-full min-w-0 flex-col agent-turn\" tabindex=\"-1\">\n<div class=\"flex max-w-full flex-col grow\">\n<div class=\"min-h-8 text-message relative flex w-full flex-col items-end gap-2 text-start break-words whitespace-normal [.text-message+&amp;]:mt-1\" dir=\"auto\" data-message-author-role=\"assistant\" data-message-id=\"337d04d0-1322-4696-922d-486732393dc5\" data-message-model-slug=\"gpt-5-2-thinking\">\n<div class=\"flex w-full flex-col gap-1 empty:hidden first:pt-[1px]\">\n<div class=\"markdown prose dark:prose-invert w-full break-words light markdown-new-styling\">\n<p data-start=\"4468\" data-end=\"4743\" data-is-last-node=\"\" data-is-only-node=\"\">Stagbar King 40000 (Stagbar King 40K) dob\u00edjec\u00ed jednor\u00e1zov\u00e1 vape s 40 000 potahy, mesh c\u00edvkou 1.0\u03a9, nastaviteln\u00e9 proud\u011bn\u00ed vzduchu a nab\u00edjen\u00edm Type-C. Siln\u00e1 konzistence chuti, velk\u00e1 kontrola oblaku a konkurenceschopn\u00e1 cena pro elektronick\u00e9 cigarety a online prodej v \u010cesk\u00e9 republice.<\/p>\n<\/div>\n<\/div>\n<\/div>\n<\/div>\n<div class=\"z-0 flex min-h-[46px] justify-start\"><\/div>\n<\/div>\n<\/div>\n<\/article>\n<\/div>\n<p><strong>P\u0159idejte si Amy na Whatsapp, abyste z\u00edskali spr\u00e1vnou odpov\u011b\u010f a slevu!<\/strong><\/p>\n<p><img fetchpriority=\"high\" decoding=\"async\" class=\"size-full wp-image-2932\" src=\"https:\/\/vapestornado.com\/wp-content\/uploads\/2024\/12\/Vape-Wholesale.jpg\" alt=\"Velkoobchod s vape\" width=\"229\" height=\"300\" \/><\/p>\n<h3><a href=\"https:\/\/wa.me\/8617776015835\"><span style=\"color: #ff0000;\"><strong>WhatsApp: +86 17776015835<\/strong><\/span><\/a><\/h3>","protected":false},"featured_media":4440,"comment_status":"open","ping_status":"closed","template":"","meta":{"_acf_changed":false,"_uag_custom_page_level_css":"","_lmt_disableupdate":"no","_lmt_disable":"","_monsterinsights_skip_tracking":false,"_monsterinsights_sitenote_active":false,"_monsterinsights_sitenote_note":"","_monsterinsights_sitenote_category":0,"site-sidebar-layout":"default","site-content-layout":"","ast-site-content-layout":"default","site-content-style":"default","site-sidebar-style":"default","ast-global-header-display":"","ast-banner-title-visibility":"","ast-main-header-display":"","ast-hfb-above-header-display":"","ast-hfb-below-header-display":"","ast-hfb-mobile-header-display":"","site-post-title":"","ast-breadcrumbs-content":"","ast-featured-img":"","footer-sml-layout":"","ast-disable-related-posts":"","theme-transparent-header-meta":"default","adv-header-id-meta":"","stick-header-meta":"","header-above-stick-meta":"","header-main-stick-meta":"","header-below-stick-meta":"","astra-migrate-meta-layouts":"set","ast-page-background-enabled":"default","ast-page-background-meta":{"desktop":{"background-color":"","background-image":"","background-repeat":"repeat","background-position":"center center","background-size":"auto","background-attachment":"scroll","background-type":"","background-media":"","overlay-type":"","overlay-color":"","overlay-opacity":"","overlay-gradient":""},"tablet":{"background-color":"","background-image":"","background-repeat":"repeat","background-position":"center center","background-size":"auto","background-attachment":"scroll","background-type":"","background-media":"","overlay-type":"","overlay-color":"","overlay-opacity":"","overlay-gradient":""},"mobile":{"background-color":"","background-image":"","background-repeat":"repeat","background-position":"center center","background-size":"auto","background-attachment":"scroll","background-type":"","background-media":"","overlay-type":"","overlay-color":"","overlay-opacity":"","overlay-gradient":""}},"ast-content-background-meta":{"desktop":{"background-color":"var(--ast-global-color-5)","background-image":"","background-repeat":"repeat","background-position":"center center","background-size":"auto","background-attachment":"scroll","background-type":"","background-media":"","overlay-type":"","overlay-color":"","overlay-opacity":"","overlay-gradient":""},"tablet":{"background-color":"var(--ast-global-color-5)","background-image":"","background-repeat":"repeat","background-position":"center center","background-size":"auto","background-attachment":"scroll","background-type":"","background-media":"","overlay-type":"","overlay-color":"","overlay-opacity":"","overlay-gradient":""},"mobile":{"background-color":"var(--ast-global-color-5)","background-image":"","background-repeat":"repeat","background-position":"center center","background-size":"auto","background-attachment":"scroll","background-type":"","background-media":"","overlay-type":"","overlay-color":"","overlay-opacity":"","overlay-gradient":""}},"_joinchat":[]},"product_brand":[],"product_cat":[65,152,156,142,492,357,146],"product_tag":[396,368,390,401,400,393,397],"class_list":{"0":"post-4446","1":"product","2":"type-product","3":"status-publish","4":"has-post-thumbnail","6":"product_cat-40000-puff","7":"product_cat-buy-disposable-vapes-in-cermany","8":"product_cat-buy-disposable-vapes-in-poland","9":"product_cat-digital-box-disposable-vapes","10":"product_cat-eu-warehouse","11":"product_cat-flavor-adjustable-vape","12":"product_cat-rechargeable-disposable-vapes","13":"product_tag-disposable-cigarette","14":"product_tag-disposable-vapor","15":"product_tag-online-vape-shop","16":"product_tag-stag-bar-king-40k","17":"product_tag-stagbar-king-40000","18":"product_tag-vape-cartridge","19":"product_tag-vapor","20":"desktop-align-left","21":"tablet-align-left","22":"mobile-align-left","24":"first","25":"instock","26":"sale","27":"shipping-taxable","28":"purchasable","29":"product-type-simple"},"acf":[],"uagb_featured_image_src":{"full":["https:\/\/vapestornado.com\/wp-content\/uploads\/2025\/10\/Stag-bar-King-40000-40K-Puffs-Disposable-Vape-Pod.webp",800,800,false],"thumbnail":["https:\/\/vapestornado.com\/wp-content\/uploads\/2025\/10\/Stag-bar-King-40000-40K-Puffs-Disposable-Vape-Pod-150x150.webp",150,150,true],"medium":["https:\/\/vapestornado.com\/wp-content\/uploads\/2025\/10\/Stag-bar-King-40000-40K-Puffs-Disposable-Vape-Pod-300x300.webp",300,300,true],"medium_large":["https:\/\/vapestornado.com\/wp-content\/uploads\/2025\/10\/Stag-bar-King-40000-40K-Puffs-Disposable-Vape-Pod-768x768.webp",768,768,true],"large":["https:\/\/vapestornado.com\/wp-content\/uploads\/2025\/10\/Stag-bar-King-40000-40K-Puffs-Disposable-Vape-Pod.webp",800,800,false],"1536x1536":["https:\/\/vapestornado.com\/wp-content\/uploads\/2025\/10\/Stag-bar-King-40000-40K-Puffs-Disposable-Vape-Pod.webp",800,800,false],"2048x2048":["https:\/\/vapestornado.com\/wp-content\/uploads\/2025\/10\/Stag-bar-King-40000-40K-Puffs-Disposable-Vape-Pod.webp",800,800,false],"trp-custom-language-flag":["https:\/\/vapestornado.com\/wp-content\/uploads\/2025\/10\/Stag-bar-King-40000-40K-Puffs-Disposable-Vape-Pod-12x12.webp",12,12,true],"woocommerce_thumbnail":["https:\/\/vapestornado.com\/wp-content\/uploads\/2025\/10\/Stag-bar-King-40000-40K-Puffs-Disposable-Vape-Pod-300x300.webp",300,300,true],"woocommerce_single":["https:\/\/vapestornado.com\/wp-content\/uploads\/2025\/10\/Stag-bar-King-40000-40K-Puffs-Disposable-Vape-Pod-600x600.webp",600,600,true],"woocommerce_gallery_thumbnail":["https:\/\/vapestornado.com\/wp-content\/uploads\/2025\/10\/Stag-bar-King-40000-40K-Puffs-Disposable-Vape-Pod-100x100.webp",100,100,true]},"uagb_author_info":{"display_name":"ESAMY","author_link":"https:\/\/vapestornado.com\/cs\/author\/"},"uagb_comment_info":1,"uagb_excerpt":"Stagbar King 40000 (Stagbar King 40K) rechargeable disposable vape with 40,000 puffs, 1.0\u03a9 mesh coil, adjustable airflow and Type-C charging. Strong flavour consistency, big cloud control, and competitive vaper recargable price for electronic cigarette shop and online sales. Add Amy's whatsapp to get right reply and discount price! WhatsApp: +86 17776015835","_links":{"self":[{"href":"https:\/\/vapestornado.com\/cs\/wp-json\/wp\/v2\/product\/4446","targetHints":{"allow":["GET"]}}],"collection":[{"href":"https:\/\/vapestornado.com\/cs\/wp-json\/wp\/v2\/product"}],"about":[{"href":"https:\/\/vapestornado.com\/cs\/wp-json\/wp\/v2\/types\/product"}],"replies":[{"embeddable":true,"href":"https:\/\/vapestornado.com\/cs\/wp-json\/wp\/v2\/comments?post=4446"}],"wp:featuredmedia":[{"embeddable":true,"href":"https:\/\/vapestornado.com\/cs\/wp-json\/wp\/v2\/media\/4440"}],"wp:attachment":[{"href":"https:\/\/vapestornado.com\/cs\/wp-json\/wp\/v2\/media?parent=4446"}],"wp:term":[{"taxonomy":"product_brand","embeddable":true,"href":"https:\/\/vapestornado.com\/cs\/wp-json\/wp\/v2\/product_brand?post=4446"},{"taxonomy":"product_cat","embeddable":true,"href":"https:\/\/vapestornado.com\/cs\/wp-json\/wp\/v2\/product_cat?post=4446"},{"taxonomy":"product_tag","embeddable":true,"href":"https:\/\/vapestornado.com\/cs\/wp-json\/wp\/v2\/product_tag?post=4446"}],"curies":[{"name":"wp","href":"https:\/\/api.w.org\/{rel}","templated":true}]}}