{"id":4430,"date":"2025-10-15T09:50:23","date_gmt":"2025-10-15T09:50:23","guid":{"rendered":"https:\/\/vapestornado.com\/?post_type=product&#038;p=4430"},"modified":"2025-10-31T09:51:16","modified_gmt":"2025-10-31T09:51:16","slug":"fihp-120k-6-in1-multi-flavors-120000-puff-disposable-vape-pen-cheap-price","status":"publish","type":"product","link":"https:\/\/vapestornado.com\/cs\/product\/fihp-120k-6-in1-multi-flavors-120000-puff-disposable-vape-pen-cheap-price\/","title":{"rendered":"FIHP 120K 6 v 1 Multi p\u0159\u00edchut\u00ed 120000 potah\u016f jednor\u00e1zov\u00e9 vape pero za n\u00edzkou cenu"},"content":{"rendered":"<h2 data-pm-slice=\"1 1 []\">FIHP 120K 6-v-1 V\u00edce P\u0159\u00edchut\u00ed 120000 Puf\u016f Jednor\u00e1zov\u00e9 Vape Pero \u2014 Nejlevn\u011bj\u0161\u00ed Vapy v Evrop\u011b<\/h2>\n<p data-start=\"104\" data-end=\"592\">Ten <strong data-start=\"108\" data-end=\"146\">FIHP 120K Puf\u016f Jednor\u00e1zov\u00e9 Vape Pero<\/strong> je navr\u017eeno pro ty, kte\u0159\u00ed cht\u011bj\u00ed obrovskou s\u00edlu, bohatou chu\u0165 a skute\u010dnou rozmanitost v jednom elegantn\u00edm designu. Poskytuje neuv\u011b\u0159iteln\u00e9 <strong data-start=\"272\" data-end=\"288\">120000 puf\u016f<\/strong>, tento <strong data-start=\"295\" data-end=\"315\">FIHP 120000 Puf\u016f<\/strong> za\u0159\u00edzen\u00ed je p\u0159ednapln\u011bno <strong data-start=\"344\" data-end=\"372\">64 ml pr\u00e9miov\u00e9 e-liquidu<\/strong> a <strong data-start=\"379\" data-end=\"416\">6-v-1 syst\u00e9m p\u0159ep\u00edn\u00e1n\u00ed p\u0159\u00edchut\u00ed<\/strong>, co\u017e u\u017eivatel\u016fm nab\u00edz\u00ed \u0161est \u017eiv\u00fdch mo\u017enost\u00ed p\u0159\u00edchut\u00ed v jednom vapingu. Je to ide\u00e1ln\u00ed volba pro evropsk\u00e9 velkoobchody a mlad\u00e9 vapery hledaj\u00edc\u00ed <strong data-start=\"543\" data-end=\"558\">levn\u00fdmi vape<\/strong> kter\u00e9 nikdy neslevuj\u00ed z kvality.<\/p>\n<p data-start=\"594\" data-end=\"1161\">Poh\u00e1n\u011bno <strong data-start=\"607\" data-end=\"638\">650mAh dob\u00edjec\u00ed baterie<\/strong> a je vybavena <strong data-start=\"657\" data-end=\"681\">Rychl\u00e9 nab\u00edjen\u00ed Type-C<\/strong>, <strong data-start=\"687\" data-end=\"714\">FIHP 120k Puf\u016f vape pero<\/strong> zaru\u010duje nep\u0159eru\u0161ovan\u00e9 vapov\u00e1n\u00ed po cel\u00fd den. Tento <strong data-start=\"757\" data-end=\"775\">du\u00e1ln\u00ed mesh c\u00edvka<\/strong> poskytuje hutn\u00fd plyn a silnou chu\u0165 od prvn\u00edho n\u00e1dechu a\u017e po posledn\u00ed, zat\u00edmco <strong data-start=\"860\" data-end=\"881\">chytr\u00fd LED displej<\/strong> ukazuje aktu\u00e1ln\u00ed \u00farove\u0148 baterie a e-liquidu. S <strong data-start=\"932\" data-end=\"970\">2% a 5% mo\u017enostmi s\u00edly nikotinu<\/strong>, toto za\u0159\u00edzen\u00ed dokonale vyva\u017euje v\u00fdkon, spokojenost a dostupnost \u2014 co\u017e z n\u011bj \u010din\u00ed jedno z <strong data-start=\"1071\" data-end=\"1084\">nejlep\u0161\u00edch vapovac\u00edch za\u0159\u00edzen\u00ed<\/strong> mo\u017enosti jak pro b\u011b\u017en\u00e9 u\u017eivatele, tak pro prodejce, kte\u0159\u00ed cht\u011bj\u00ed zv\u00fd\u0161it ziskov\u00e9 mar\u017ee.<\/p>\n<p data-start=\"1163\" data-end=\"1524\">Stylov\u00fd, odoln\u00fd a pln\u00fd funkc\u00ed, <strong data-start=\"1211\" data-end=\"1251\">FIHP 120K 6v1 Jednor\u00e1zov\u00e1 vape pero<\/strong> p\u0159edefinuje, co znamen\u00e1 vysokokapacitn\u00ed jednor\u00e1zov\u00e1 za\u0159\u00edzen\u00ed. A\u0165 u\u017e pro osobn\u00ed pot\u011b\u0161en\u00ed nebo velkoobchodn\u00ed dod\u00e1vky, tento vaporiz\u00e9r nab\u00edz\u00ed v\u00fdkon, chu\u0165 a hodnotu, kterou evropsk\u00e1 komunita vaporiz\u00e9r\u016f po\u017eaduje. K dispozici nyn\u00ed za nejlep\u0161\u00ed velkoobchodn\u00ed cenu p\u0159es Vapestornado<strong data-start=\"1493\" data-end=\"1523\">\u00a0online obchod s vapkami<\/strong>.<\/p>\n<p><strong><span style=\"color: #ff0000;\">P\u0159idejte si Amy na WhatsApp pro rychlou odpov\u011b\u010f a kup\u00f3n na vapky!<\/span><\/strong><\/p>\n<p><img fetchpriority=\"high\" decoding=\"async\" class=\"size-full wp-image-2932\" src=\"https:\/\/vapestornado.com\/wp-content\/uploads\/2024\/12\/Vape-Wholesale.jpg\" alt=\"Velkoobchod s vape\" width=\"229\" height=\"300\" \/><\/p>\n<h3><a href=\"https:\/\/wa.me\/8617776015835\" target=\"_blank\" rel=\"noopener\"><span style=\"color: #ff0000;\"><strong>WhatsApp: +86 17776015835<\/strong><\/span><\/a><\/h3>\n<p>&nbsp;<\/p>\n<h2><strong>FIHP 120K Puff 6 v 1 Funkce produktu<\/strong><\/h2>\n<ul>\n<li data-start=\"1555\" data-end=\"1630\">\n<p data-start=\"1557\" data-end=\"1630\"><strong data-start=\"1557\" data-end=\"1574\">120000 Potah\u016f:<\/strong> Dlouhotrvaj\u00edc\u00ed v\u00fdkon pro konzistentn\u00ed spokojenost.<\/p>\n<\/li>\n<li data-start=\"1631\" data-end=\"1728\">\n<p data-start=\"1633\" data-end=\"1728\"><strong data-start=\"1633\" data-end=\"1658\">6v1 Syst\u00e9m p\u0159\u00edchut\u00ed:<\/strong> Okam\u017eit\u011b p\u0159ep\u00ednejte mezi \u0161esti p\u0159edpln\u011bn\u00fdmi p\u0159\u00edchut\u011bmi pro nep\u0159etr\u017eitou rozmanitost.<\/p>\n<\/li>\n<li data-start=\"1729\" data-end=\"1799\">\n<p data-start=\"1731\" data-end=\"1799\"><strong data-start=\"1731\" data-end=\"1758\">Kapacita e-liquidu 64 mL:<\/strong> Extra velk\u00e1 n\u00e1dr\u017e zaji\u0161\u0165uje t\u00fddny pou\u017e\u00edv\u00e1n\u00ed.<\/p>\n<\/li>\n<li data-start=\"1800\" data-end=\"1885\">\n<p data-start=\"1802\" data-end=\"1885\"><strong data-start=\"1802\" data-end=\"1834\">650mAh Dob\u00edjec\u00ed Baterie:<\/strong> Kompaktn\u00ed a efektivn\u00ed s rychl\u00fdm nab\u00edjen\u00edm Type-C.<\/p>\n<\/li>\n<li data-start=\"1886\" data-end=\"1974\">\n<p data-start=\"1888\" data-end=\"1974\"><strong data-start=\"1888\" data-end=\"1914\">Dvouvrstv\u00e1 m\u0159\u00ed\u017ekov\u00e1 c\u00edvka:<\/strong> Zv\u00fd\u0161en\u00e1 hustota par a v\u011brn\u00e9 p\u0159enosy chuti.<\/p>\n<\/li>\n<li data-start=\"1975\" data-end=\"2050\">\n<p data-start=\"1977\" data-end=\"2050\"><strong data-start=\"1977\" data-end=\"1999\">Chytr\u00e9 LED displeje:<\/strong> Sledov\u00e1n\u00ed v\u00fdkonu a hladiny kapaliny v re\u00e1ln\u00e9m \u010dase.<\/p>\n<\/li>\n<li data-start=\"2051\" data-end=\"2125\">\n<p data-start=\"2053\" data-end=\"2125\"><strong data-start=\"2053\" data-end=\"2073\">Mo\u017enosti nikotinu:<\/strong> K dispozici v 2% a 5% pro flexibiln\u00ed pot\u0159eby vapov\u00e1n\u00ed.<\/p>\n<\/li>\n<\/ul>\n<figure id=\"attachment_4429\" aria-describedby=\"caption-attachment-4429\" style=\"width: 300px\" class=\"wp-caption alignnone\"><img decoding=\"async\" class=\"size-medium wp-image-4429\" src=\"https:\/\/vapestornado.com\/wp-content\/uploads\/2025\/10\/Newest-FIHP-120000-120k-Puffs-Dispsable-Vape-Kit-300x300.webp\" alt=\"Nejnov\u011bj\u0161\u00ed FIHP 120000 120k Puffs Jednor\u00e1zov\u00e1 vape sada\" width=\"300\" height=\"300\" srcset=\"https:\/\/vapestornado.com\/wp-content\/uploads\/2025\/10\/Newest-FIHP-120000-120k-Puffs-Dispsable-Vape-Kit-300x300.webp 300w, https:\/\/vapestornado.com\/wp-content\/uploads\/2025\/10\/Newest-FIHP-120000-120k-Puffs-Dispsable-Vape-Kit-150x150.webp 150w, https:\/\/vapestornado.com\/wp-content\/uploads\/2025\/10\/Newest-FIHP-120000-120k-Puffs-Dispsable-Vape-Kit-768x768.webp 768w, https:\/\/vapestornado.com\/wp-content\/uploads\/2025\/10\/Newest-FIHP-120000-120k-Puffs-Dispsable-Vape-Kit-12x12.webp 12w, https:\/\/vapestornado.com\/wp-content\/uploads\/2025\/10\/Newest-FIHP-120000-120k-Puffs-Dispsable-Vape-Kit-600x600.webp 600w, https:\/\/vapestornado.com\/wp-content\/uploads\/2025\/10\/Newest-FIHP-120000-120k-Puffs-Dispsable-Vape-Kit-100x100.webp 100w, https:\/\/vapestornado.com\/wp-content\/uploads\/2025\/10\/Newest-FIHP-120000-120k-Puffs-Dispsable-Vape-Kit.webp 800w\" sizes=\"(max-width: 300px) 100vw, 300px\" \/><figcaption id=\"caption-attachment-4429\" class=\"wp-caption-text\">Nejnov\u011bj\u0161\u00ed FIHP 120000 120k Puffs Jednor\u00e1zov\u00e1 vape sada<\/figcaption><\/figure>\n<h2 class=\"product-title\"><strong>FIHP 120K 120000 Puffs Seznam p\u0159\u00edchut\u00ed 6v1<\/strong><\/h2>\n<p data-start=\"2550\" data-end=\"2736\">1. Vodn\u00ed meloun Ice &amp; Red Bull &amp; Jahodovo-Kiwi &amp; Bor\u016fvkov\u00fd Ice &amp; Citron-limetka &amp; Jahodov\u00fd vodn\u00ed meloun<br \/>\n2. Jahodovo-ban\u00e1nov\u00e9 &amp; Dvojit\u00e9 jablko &amp; Malina vodn\u00ed meloun &amp; Kysl\u00e9 mango ananas &amp; Tropick\u00e9 ovoce &amp; Citron broskev<br \/>\n3. Ananas kokos &amp; Modr\u00fd Razz &amp; Sm\u00ed\u0161en\u00e9 bobule &amp; Mango broskev &amp; Bor\u016fvka malina &amp; Jahodov\u00e1 vanilkov\u00e1 kola<br \/>\n4. Broskevovo-ryb\u00edzov\u00e9 &amp; Trojit\u00fd meloun &amp; Hroznov\u00fd Ice &amp; \u010cern\u00fd drak Ice &amp; Perliv\u00e1 t\u0159e\u0161\u0148ov\u00e1 Ice &amp; Gumi\u010dka medv\u00eddek<br \/>\n5. Duha cukrovinka &amp; T\u0159e\u0161\u0148ov\u00e1 kola Ice &amp; Love 666 &amp; Mango Ice &amp; Bor\u016fvkov\u00e1 cukrov\u00e1 vata &amp; Broskvov\u00e9 Ice<br \/>\n6. Aloe lychee Ice &amp; R\u016f\u017eov\u00e9 citrony &amp; Glaci\u00e1ln\u00ed Ice &amp; M\u00e1ta s jehli\u010d\u00edm &amp; \u010cern\u00fd ryb\u00edz Ice &amp; Vodn\u00ed meloun citron<\/p>\n<div class=\"flex-shrink-0 flex flex-col relative items-end\">\n<div class=\"pt-0\">\n<div class=\"gizmo-bot-avatar flex h-8 w-8 items-center justify-center overflow-hidden rounded-full\">\n<div class=\"relative p-1 rounded-sm flex items-center justify-center bg-token-main-surface-primary text-token-text-primary h-8 w-8\">\n<h2 data-start=\"1200\" data-end=\"1487\">Vapes Tornado \u2013 V\u00e1\u0161 velkoobchodn\u00ed online obchod s vaporiz\u00e9ry pro p\u0159edn\u00ed zna\u010dky vaporiz\u00e9r\u016f<\/h2>\n<p data-start=\"1200\" data-end=\"1487\"><strong data-start=\"141\" data-end=\"177\">Internetov\u00fd obchod s elektronick\u00fdmi cigaretami Vapes Tornado<\/strong> je v\u00e1\u0161 d\u016fv\u011bryhodn\u00fd zdroj pro <strong data-start=\"205\" data-end=\"270\">pr\u00e9miov\u00e9 jednor\u00e1zov\u00e9 vaporiz\u00e9ry a velkoobchodn\u00ed e-cigarety v Evrop\u011b<\/strong>. Nab\u00edz\u00edme nejprod\u00e1van\u011bj\u0161\u00ed zna\u010dky jako <strong data-start=\"307\" data-end=\"362\"><a href=\"https:\/\/vapestornado.com\/cs\/product\/randm-12000-puffs-fumot-digital-disposable-vape-wholesale-price\/\">Fumot VAPE<\/a>, <a href=\"https:\/\/vapestornado.com\/cs\/product\/waspe-150k-150000-puff-6-in-1-disposable-vape-pen-cartridge-best-wholesale-price-in-poland\/\">WASPE VAPE<\/a>, <\/strong><strong data-start=\"307\" data-end=\"362\"><a href=\"https:\/\/vapestornado.com\/cs\/product\/vozol-gear-shisha-25k-25000-puffs-best-dtl-disposable-vape-hookah-cheap-price\/\">VOZOL BAR VAPE<\/a>, \u00a0 Bang Vape<\/strong>, a dal\u0161\u00ed, zaji\u0161\u0165uj\u00edc\u00ed kvalitu a rozmanitost pro ka\u017ed\u00e9ho z\u00e1kazn\u00edka. A\u0165 u\u017e jste individu\u00e1ln\u00ed vap\u00e9r nebo velkoobchodn\u00ed kupuj\u00edc\u00ed, dod\u00e1v\u00e1me <strong data-start=\"481\" data-end=\"550\">vysoce v\u00fdkonn\u00e9 za\u0159\u00edzen\u00ed, stylov\u00e9 designy a konkurenceschopn\u00e9 ceny<\/strong> k napln\u011bn\u00ed va\u0161ich pot\u0159eb.<\/p>\n<h2 data-start=\"2064\" data-end=\"2115\">\u010casto kladen\u00e9 ot\u00e1zky o FIHP 120K Puff Disposable Vape<\/h2>\n<p data-start=\"2159\" data-end=\"2318\"><strong data-start=\"2159\" data-end=\"2233\">1. Kolik p\u0159\u00edchut\u00ed nab\u00edz\u00ed jednor\u00e1zov\u00fd vaporiz\u00e9r FIHP 120K Puff?<\/strong><br data-start=\"2233\" data-end=\"2236\" \/>M\u00e1 syst\u00e9m 6 v 1, kter\u00fd umo\u017e\u0148uje u\u017eivatel\u016fm vychutnat si \u0161est jedine\u010dn\u00fdch p\u0159\u00edchut\u00ed v jednom za\u0159\u00edzen\u00ed.<\/p>\n<p data-start=\"2320\" data-end=\"2445\"><strong data-start=\"2320\" data-end=\"2369\">2. Je jednor\u00e1zov\u00fd vaporiz\u00e9r FIHP 120000 Puff dob\u00edjec\u00ed?<\/strong><br data-start=\"2369\" data-end=\"2372\" \/>Ano, obsahuje dob\u00edjec\u00ed baterii 650mAh s rychl\u00fdm nab\u00edjen\u00edm Type-C.<\/p>\n<p data-start=\"2447\" data-end=\"2577\"><strong data-start=\"2447\" data-end=\"2511\">3. Jak\u00e9 \u00farovn\u011b nikotinu jsou k dispozici pro FIHP 120k Puff?<\/strong><br data-start=\"2511\" data-end=\"2514\" \/>M\u016f\u017eete si vybrat mezi 2% a 5%, podle va\u0161\u00ed preference.<\/p>\n<p data-start=\"2579\" data-end=\"2743\"><strong data-start=\"2579\" data-end=\"2646\">4. Pro\u010d je FIHP 120K pova\u017eov\u00e1n za jeden z nejlep\u0161\u00edch levn\u00fdch vaporiz\u00e9r\u016f?<\/strong><br data-start=\"2646\" data-end=\"2649\" \/>Nab\u00edz\u00ed \u0161est p\u0159\u00edchut\u00ed, 120000 pot\u00e1hnut\u00ed a kvalitu dvojit\u00e9ho s\u00ed\u0165ov\u00e9ho odporu za velmi konkurenceschopnou cenu.<\/p>\n<p data-start=\"2745\" data-end=\"2917\"><strong data-start=\"2745\" data-end=\"2813\">5. Kde mohu koupit FIHP 120000 Puff Jednor\u00e1zov\u00fd vaporiz\u00e9r ve velk\u00e9m mno\u017estv\u00ed?<\/strong><br data-start=\"2813\" data-end=\"2816\" \/>Nejlep\u0161\u00ed velkoobchodn\u00ed nab\u00eddky jsou k dispozici na <strong data-start=\"2858\" data-end=\"2888\">Vapes Tornado online obchod s vaporiz\u00e9ry<\/strong>, d\u016fv\u011bryhodn\u00fd distributory v \u010cesk\u00e9 republice.<\/p>\n<\/div>\n<\/div>\n<\/div>\n<\/div>","protected":false},"excerpt":{"rendered":"<p data-start=\"3204\" data-end=\"3282\">FIHP 120K 6-v-1 120000 Puf\u016f Jednor\u00e1zov\u00e1 Vape Pero | Levn\u00e9 Vapy pro Velkoobchod<\/p>\n<p data-start=\"3286\" data-end=\"3358\">Kupte FIHP 120000 Puf\u016f Vape Pero | Nejlep\u0161\u00ed 6-v-1 Jednor\u00e1zov\u00e9 Vapy v Evrop\u011b<\/p>\n<p data-start=\"3362\" data-end=\"3446\">FIHP 120K Puf\u016f Jednor\u00e1zov\u00e1 Vape \u2013 Velk\u00e1 Kapacita, V\u00edce P\u0159\u00edchut\u00ed, Nejlep\u0161\u00ed Velkoobchodn\u00ed Cena<\/p>\n<p><strong>P\u0159idejte si Amy na Whatsapp, abyste z\u00edskali spr\u00e1vnou odpov\u011b\u010f a slevu!<\/strong><\/p>\n<p><img fetchpriority=\"high\" decoding=\"async\" class=\"size-full wp-image-2932\" src=\"https:\/\/vapestornado.com\/wp-content\/uploads\/2024\/12\/Vape-Wholesale.jpg\" alt=\"Velkoobchod s vape\" width=\"229\" height=\"300\" \/><\/p>\n<h3><a href=\"https:\/\/wa.me\/8617776015835\"><span style=\"color: #ff0000;\"><strong>WhatsApp: +86 17776015835<\/strong><\/span><\/a><\/h3>","protected":false},"featured_media":4428,"comment_status":"open","ping_status":"closed","template":"","meta":{"_acf_changed":false,"_uag_custom_page_level_css":"","_lmt_disableupdate":"no","_lmt_disable":"","_monsterinsights_skip_tracking":false,"_monsterinsights_sitenote_active":false,"_monsterinsights_sitenote_note":"","_monsterinsights_sitenote_category":0,"site-sidebar-layout":"default","site-content-layout":"","ast-site-content-layout":"default","site-content-style":"default","site-sidebar-style":"default","ast-global-header-display":"","ast-banner-title-visibility":"","ast-main-header-display":"","ast-hfb-above-header-display":"","ast-hfb-below-header-display":"","ast-hfb-mobile-header-display":"","site-post-title":"","ast-breadcrumbs-content":"","ast-featured-img":"","footer-sml-layout":"","ast-disable-related-posts":"","theme-transparent-header-meta":"default","adv-header-id-meta":"","stick-header-meta":"","header-above-stick-meta":"","header-main-stick-meta":"","header-below-stick-meta":"","astra-migrate-meta-layouts":"set","ast-page-background-enabled":"default","ast-page-background-meta":{"desktop":{"background-color":"","background-image":"","background-repeat":"repeat","background-position":"center center","background-size":"auto","background-attachment":"scroll","background-type":"","background-media":"","overlay-type":"","overlay-color":"","overlay-opacity":"","overlay-gradient":""},"tablet":{"background-color":"","background-image":"","background-repeat":"repeat","background-position":"center center","background-size":"auto","background-attachment":"scroll","background-type":"","background-media":"","overlay-type":"","overlay-color":"","overlay-opacity":"","overlay-gradient":""},"mobile":{"background-color":"","background-image":"","background-repeat":"repeat","background-position":"center center","background-size":"auto","background-attachment":"scroll","background-type":"","background-media":"","overlay-type":"","overlay-color":"","overlay-opacity":"","overlay-gradient":""}},"ast-content-background-meta":{"desktop":{"background-color":"var(--ast-global-color-5)","background-image":"","background-repeat":"repeat","background-position":"center center","background-size":"auto","background-attachment":"scroll","background-type":"","background-media":"","overlay-type":"","overlay-color":"","overlay-opacity":"","overlay-gradient":""},"tablet":{"background-color":"var(--ast-global-color-5)","background-image":"","background-repeat":"repeat","background-position":"center center","background-size":"auto","background-attachment":"scroll","background-type":"","background-media":"","overlay-type":"","overlay-color":"","overlay-opacity":"","overlay-gradient":""},"mobile":{"background-color":"var(--ast-global-color-5)","background-image":"","background-repeat":"repeat","background-position":"center center","background-size":"auto","background-attachment":"scroll","background-type":"","background-media":"","overlay-type":"","overlay-color":"","overlay-opacity":"","overlay-gradient":""}},"_joinchat":[]},"product_brand":[],"product_cat":[347,154,142,144,146,60],"product_tag":[387,287,368,388,395,390,393,386],"class_list":{"0":"post-4430","1":"product","2":"type-product","3":"status-publish","4":"has-post-thumbnail","6":"product_cat-120000-puff","7":"product_cat-buy-disposable-vapes-in-netherlands","8":"product_cat-digital-box-disposable-vapes","9":"product_cat-low-nicotine-disposable-vapes","10":"product_cat-rechargeable-disposable-vapes","11":"product_cat-waspe-fihp-vape","12":"product_tag-cigarette-vapor","13":"product_tag-disposable-vape-pen","14":"product_tag-disposable-vapor","15":"product_tag-e-vape","16":"product_tag-fihp-120k","17":"product_tag-online-vape-shop","18":"product_tag-vape-cartridge","19":"product_tag-vape-pen","20":"desktop-align-left","21":"tablet-align-left","22":"mobile-align-left","24":"first","25":"instock","26":"sale","27":"shipping-taxable","28":"purchasable","29":"product-type-simple"},"acf":[],"uagb_featured_image_src":{"full":["https:\/\/vapestornado.com\/wp-content\/uploads\/2025\/10\/FIHP-Multi-120000-puffs-Original-Disposable-Vape.webp",800,800,false],"thumbnail":["https:\/\/vapestornado.com\/wp-content\/uploads\/2025\/10\/FIHP-Multi-120000-puffs-Original-Disposable-Vape-150x150.webp",150,150,true],"medium":["https:\/\/vapestornado.com\/wp-content\/uploads\/2025\/10\/FIHP-Multi-120000-puffs-Original-Disposable-Vape-300x300.webp",300,300,true],"medium_large":["https:\/\/vapestornado.com\/wp-content\/uploads\/2025\/10\/FIHP-Multi-120000-puffs-Original-Disposable-Vape-768x768.webp",768,768,true],"large":["https:\/\/vapestornado.com\/wp-content\/uploads\/2025\/10\/FIHP-Multi-120000-puffs-Original-Disposable-Vape.webp",800,800,false],"1536x1536":["https:\/\/vapestornado.com\/wp-content\/uploads\/2025\/10\/FIHP-Multi-120000-puffs-Original-Disposable-Vape.webp",800,800,false],"2048x2048":["https:\/\/vapestornado.com\/wp-content\/uploads\/2025\/10\/FIHP-Multi-120000-puffs-Original-Disposable-Vape.webp",800,800,false],"trp-custom-language-flag":["https:\/\/vapestornado.com\/wp-content\/uploads\/2025\/10\/FIHP-Multi-120000-puffs-Original-Disposable-Vape-12x12.webp",12,12,true],"woocommerce_thumbnail":["https:\/\/vapestornado.com\/wp-content\/uploads\/2025\/10\/FIHP-Multi-120000-puffs-Original-Disposable-Vape-300x300.webp",300,300,true],"woocommerce_single":["https:\/\/vapestornado.com\/wp-content\/uploads\/2025\/10\/FIHP-Multi-120000-puffs-Original-Disposable-Vape-600x600.webp",600,600,true],"woocommerce_gallery_thumbnail":["https:\/\/vapestornado.com\/wp-content\/uploads\/2025\/10\/FIHP-Multi-120000-puffs-Original-Disposable-Vape-100x100.webp",100,100,true]},"uagb_author_info":{"display_name":"ESAMY","author_link":"https:\/\/vapestornado.com\/cs\/author\/"},"uagb_comment_info":1,"uagb_excerpt":"FIHP 120K 6-in-1 120000 Puff Disposable Vape Pen | Cheap Vapes for Wholesale Buy FIHP 120000 Puff Vape Pen | Best 6-in-1 Disposable Vapes in Europe FIHP 120K Puff Disposable Vape \u2013 Big Capacity, Multi Flavors, Best Wholesale Price Add Amy's whatsapp to get right reply and discount price! WhatsApp: +86 17776015835","_links":{"self":[{"href":"https:\/\/vapestornado.com\/cs\/wp-json\/wp\/v2\/product\/4430","targetHints":{"allow":["GET"]}}],"collection":[{"href":"https:\/\/vapestornado.com\/cs\/wp-json\/wp\/v2\/product"}],"about":[{"href":"https:\/\/vapestornado.com\/cs\/wp-json\/wp\/v2\/types\/product"}],"replies":[{"embeddable":true,"href":"https:\/\/vapestornado.com\/cs\/wp-json\/wp\/v2\/comments?post=4430"}],"wp:featuredmedia":[{"embeddable":true,"href":"https:\/\/vapestornado.com\/cs\/wp-json\/wp\/v2\/media\/4428"}],"wp:attachment":[{"href":"https:\/\/vapestornado.com\/cs\/wp-json\/wp\/v2\/media?parent=4430"}],"wp:term":[{"taxonomy":"product_brand","embeddable":true,"href":"https:\/\/vapestornado.com\/cs\/wp-json\/wp\/v2\/product_brand?post=4430"},{"taxonomy":"product_cat","embeddable":true,"href":"https:\/\/vapestornado.com\/cs\/wp-json\/wp\/v2\/product_cat?post=4430"},{"taxonomy":"product_tag","embeddable":true,"href":"https:\/\/vapestornado.com\/cs\/wp-json\/wp\/v2\/product_tag?post=4430"}],"curies":[{"name":"wp","href":"https:\/\/api.w.org\/{rel}","templated":true}]}}