{"id":4422,"date":"2025-10-14T09:29:02","date_gmt":"2025-10-14T09:29:02","guid":{"rendered":"https:\/\/vapestornado.com\/?post_type=product&#038;p=4422"},"modified":"2025-12-16T09:53:51","modified_gmt":"2025-12-16T09:53:51","slug":"waspe-150k-150000-puff-6-in-1-disposable-vape-pen-cartridge-best-wholesale-price-in-poland","status":"publish","type":"product","link":"https:\/\/vapestornado.com\/cs\/product\/waspe-150k-150000-puff-6-in-1-disposable-vape-pen-cartridge-best-wholesale-price-in-poland\/","title":{"rendered":"WASPE 150K 150000 Puch\u016f 6 v 1 Jednor\u00e1zov\u00e1 vape pero n\u00e1pl\u0148 Nejlep\u0161\u00ed velkoobchodn\u00ed cena v \u010cesk\u00e9 republice"},"content":{"rendered":"<h2 data-pm-slice=\"1 1 []\">WASPE 150K 150000 Puch\u016f 6 v 1 Jednor\u00e1zov\u00e1 vape pero n\u00e1pl\u0148 Nejlep\u0161\u00ed velkoobchodn\u00ed cena v \u010cesk\u00e9 republice<\/h2>\n<p data-start=\"112\" data-end=\"657\"><strong data-start=\"108\" data-end=\"134\">WASPE 150K 150000 Puf\u016f<\/strong> je postaven pro jedno jedin\u00e9: <strong data-start=\"159\" data-end=\"204\">maxim\u00e1ln\u00ed dobu provozu s re\u00e1lnou rozmanitost\u00ed chut\u00ed<\/strong> v jedn\u00e9 jednotce. Dod\u00e1v\u00e1 a\u017e <strong data-start=\"236\" data-end=\"253\">150 000 pota\u017een\u00ed<\/strong>, pou\u017e\u00edv\u00e1 <strong data-start=\"262\" data-end=\"300\">6-v-1 p\u0159ep\u00ednac\u00ed syst\u00e9m cartridge<\/strong>, a nese <strong data-start=\"316\" data-end=\"350\">64ml p\u0159ednapln\u011bnou z\u00e1sobu e-liquidu<\/strong>\u2014 tak\u017ee nebudete m\u011bnit za\u0159\u00edzen\u00ed ka\u017ed\u00fd t\u00fdden. A <strong data-start=\"397\" data-end=\"422\">1.0\u03a9 trojit\u00e1 s\u00ed\u0165ov\u00e1 c\u00edvka<\/strong> udr\u017euje hustotu p\u00e1ry a \u010distotu chuti p\u0159i zm\u011bn\u00e1ch chut\u00ed, zat\u00edmco <strong data-start=\"494\" data-end=\"515\">LED chytr\u00fd displej<\/strong> ukazuje jasn\u011b stav baterie a e-liquidu. S mo\u017enostmi <strong data-start=\"566\" data-end=\"604\">Dob\u00edjec\u00ed baterie 650 mAh Type-C<\/strong> a nikotinov\u00fdch variant <strong data-start=\"626\" data-end=\"640\">0%, 2%, 5%<\/strong>, je vhodn\u00fd jak pro osobn\u00ed u\u017eivatele, tak pro velkoobchodn\u00edky, kte\u0159\u00ed cht\u011bj\u00ed produkt s vysokou popt\u00e1vkou pro <strong data-start=\"726\" data-end=\"737\">Vape PL<\/strong> a \u0161ir\u0161\u00ed trhy EU.<\/p>\n<h3 data-start=\"996\" data-end=\"1043\">Pro\u010d nab\u00edz\u00ed WASPE 150K 150000 Puf\u016f lep\u0161\u00ed hodnotu za puf?<\/h3>\n<ul data-start=\"1045\" data-end=\"2676\">\n<li data-start=\"1045\" data-end=\"1422\">\n<p data-start=\"1047\" data-end=\"1422\"><strong data-start=\"1047\" data-end=\"1096\">150K v\u00fddr\u017ee podpo\u0159eno velkou z\u00e1sobou 64ml.<\/strong> Ten <strong data-start=\"1101\" data-end=\"1123\">WASPE 150000 Puf\u016f<\/strong> form\u00e1t je navr\u017een tak, aby sn\u00ed\u017eil \u010dast\u00e9 v\u00fdm\u011bny, a proto z\u00edsk\u00e1v\u00e1 pozornost v \u010cesk\u00e9 republice i mimo ni. Pro mnoho u\u017eivatel\u016f, kte\u0159\u00ed srovn\u00e1vaj\u00ed <strong data-start=\"1254\" data-end=\"1269\">cenu vaporiz\u00e9ru<\/strong> ve srovn\u00e1n\u00ed s dlouhov\u011bkost\u00ed v <strong data-start=\"1290\" data-end=\"1301\">Vape PL<\/strong>, za\u0159\u00edzen\u00ed s touto kapacitou m\u016f\u017ee dod\u00e1vat mnohem ni\u017e\u0161\u00ed n\u00e1klady na den ne\u017e men\u0161\u00ed \u201enejlep\u0161\u00ed jednor\u00e1zov\u00e9\u201c za\u0159\u00edzen\u00ed, kter\u00e1 rychle dojdou.<\/p>\n<\/li>\n<li data-start=\"1424\" data-end=\"1739\">\n<p data-start=\"1426\" data-end=\"1739\"><strong data-start=\"1426\" data-end=\"1482\">P\u0159ep\u00edn\u00e1n\u00ed kazet 6-v-1 zabra\u0148uje vyho\u0159en\u00ed chuti.<\/strong> Za\u0159\u00edzen\u00ed s dlouhou \u017eivotnost\u00ed funguje pouze tehdy, pokud si ho st\u00e1le u\u017e\u00edv\u00e1te po dva t\u00fddny. The <strong data-start=\"1556\" data-end=\"1598\">syst\u00e9m kazet ecig 6-v-1<\/strong> umo\u017e\u0148uje okam\u017eit\u011b m\u011bnit p\u0159\u00edchut\u011b, co\u017e usnad\u0148uje setrv\u00e1n\u00ed u jednoho za\u0159\u00edzen\u00ed m\u00edsto n\u00e1kupu v\u00edce vaporiz\u00e9r\u016f za \u00fa\u010delem hled\u00e1n\u00ed nov\u00e9 <strong data-start=\"1722\" data-end=\"1738\">vapingov\u00e9 p\u0159\u00edchut\u011b<\/strong>.<\/p>\n<\/li>\n<li data-start=\"1741\" data-end=\"2061\">\n<p data-start=\"1743\" data-end=\"2061\"><strong data-start=\"1743\" data-end=\"1807\">V\u00fdstup t\u0159\u00edvrstv\u00e9 s\u00ed\u0165ov\u00e9 c\u00edvky z\u016fst\u00e1v\u00e1 hladk\u00fd p\u0159i zm\u011bn\u00e1ch p\u0159\u00edchut\u00ed.<\/strong> Ten <strong data-start=\"1812\" data-end=\"1837\">1.0\u03a9 trojit\u00e1 s\u00ed\u0165ov\u00e1 c\u00edvka<\/strong> rovnom\u011brn\u011b rozv\u00e1d\u00ed teplo a pom\u00e1h\u00e1 udr\u017eovat konzistentn\u00ed p\u00e1ru a chu\u0165. To je d\u016fle\u017eit\u00e9 p\u0159i p\u0159echodu mezi p\u0159\u00edchut\u011bmi\u2014levn\u00e9 c\u00edvky mohou rozmazat chu\u0165 nebo p\u016fsobit drsn\u011b. Syst\u00e9m c\u00edvek WASPE usiluje o \u010dist\u00e9 p\u0159echody a m\u00e9n\u011b such\u00fdch, drsn\u00fdch tah\u016f.<\/p>\n<\/li>\n<li data-start=\"2063\" data-end=\"2363\">\n<p data-start=\"2065\" data-end=\"2363\"><strong data-start=\"2065\" data-end=\"2111\">Dob\u00edjec\u00ed nap\u00e1jen\u00ed zachov\u00e1v\u00e1 hodnotu.<\/strong> S <strong data-start=\"2117\" data-end=\"2143\">Nab\u00edjen\u00ed typu C 650mAh<\/strong>, za\u0159\u00edzen\u00ed lze rychle doplnit a pou\u017e\u00edvat po dlouhou dobu. To sni\u017euje odpad zp\u016fsoben\u00fd \u201evybitou bateri\u00ed\u201c\u2014jeden z hlavn\u00edch probl\u00e9m\u016f, kter\u00fdm \u010del\u00ed lid\u00e9 p\u0159i koupi <strong data-start=\"2306\" data-end=\"2328\">Levn\u00e9 e-cigarety<\/strong> kter\u00e9 nejsou navr\u017eeny pro dlouhodob\u00e9 pou\u017e\u00edv\u00e1n\u00ed.<\/p>\n<\/li>\n<li data-start=\"2365\" data-end=\"2676\">\n<p data-start=\"2367\" data-end=\"2676\"><strong data-start=\"2367\" data-end=\"2422\">Vyrobeno pro osobn\u00ed pou\u017eit\u00ed i velkoobchodn\u00ed obrat.<\/strong> Hlavn\u00ed specifikace (150 tis\u00edc pota\u017een\u00ed, 6 p\u0159\u00edchut\u00ed, 64 ml, LED displej) jsou snadno prodejn\u00e9 v maloobchod\u011b. Pro distributory je to jednoduch\u00fd p\u0159\u00edb\u011bh, kter\u00fd dob\u0159e funguje v \u010cesk\u00e9 republice, na Slovensku, v Polsku a Ma\u010farsku\u2014trhy, kde se vysokokapacitn\u00ed za\u0159\u00edzen\u00ed mohou rychle pohybovat.<\/p>\n<\/li>\n<\/ul>\n<p><strong><span style=\"color: #ff0000;\">P\u0159idejte si Amy na WhatsApp pro rychlou odpov\u011b\u010f a kup\u00f3n na vapky!<\/span><\/strong><\/p>\n<p><img fetchpriority=\"high\" decoding=\"async\" class=\"size-full wp-image-2932\" src=\"https:\/\/vapestornado.com\/wp-content\/uploads\/2024\/12\/Vape-Wholesale.jpg\" alt=\"Velkoobchod s vape\" width=\"229\" height=\"300\" \/><\/p>\n<h3><a href=\"https:\/\/wa.me\/8617776015835\" target=\"_blank\" rel=\"noopener\"><span style=\"color: #ff0000;\"><strong>WhatsApp: +86 17776015835<\/strong><\/span><\/a><\/h3>\n<p>&nbsp;<\/p>\n<h2><strong>WASPE 150K 150000 Pot\u0159eb Features<\/strong><\/h2>\n<table>\n<thead>\n<tr>\n<th>Funkce<\/th>\n<th>specifikace<\/th>\n<th>jak to funguje<\/th>\n<\/tr>\n<\/thead>\n<tbody>\n<tr>\n<td>N\u00e1zev produktu<\/td>\n<td>WASPE 150K 150000 Puf\u016f<\/td>\n<td>Ultra vysokokapacitn\u00ed jednor\u00e1zov\u00e1 vaporiz\u00e9r s mo\u017enost\u00ed p\u0159ep\u00edn\u00e1n\u00ed p\u0159\u00edchut\u00ed<\/td>\n<\/tr>\n<tr>\n<td>Po\u010det pot\u00e1hnut\u00ed<\/td>\n<td>A\u017e 150 000 pota\u017een\u00ed<\/td>\n<td>Navr\u017eeno tak, aby sn\u00ed\u017eilo frekvenci v\u00fdm\u011bny p\u0159i n\u00e1ro\u010dn\u00fdch rutin\u00e1ch<\/td>\n<\/tr>\n<tr>\n<td>Syst\u00e9m p\u0159\u00edchut\u00ed<\/td>\n<td>6-v-1 p\u0159ep\u00ednac\u00ed syst\u00e9m cartridge<\/td>\n<td>Okam\u017eit\u011b m\u011bnit p\u0159\u00edchut\u011b uvnit\u0159 jednoho za\u0159\u00edzen\u00ed<\/td>\n<\/tr>\n<tr>\n<td>Kapacita e-liquidu<\/td>\n<td>64 ml p\u0159ednapln\u011bno<\/td>\n<td>Velk\u00e1 z\u00e1soba podporuje dlouh\u00e9 sezen\u00ed a vysok\u00fd po\u010det pota\u017een\u00ed<\/td>\n<\/tr>\n<tr>\n<td>Spir\u00e1la<\/td>\n<td>1.0\u03a9 trojit\u00e1 s\u00ed\u0165ov\u00e1 c\u00edvka<\/td>\n<td>Rovnom\u011brn\u00e9 zah\u0159\u00edv\u00e1n\u00ed pro hust\u00fd par a konzistentn\u00ed jasnost chuti<\/td>\n<\/tr>\n<tr>\n<td>Baterie<\/td>\n<td>650mAh dob\u00edjec\u00ed<\/td>\n<td>Pod\u00e1vejte podle pot\u0159eby, abyste mohli pokra\u010dovat v pou\u017e\u00edv\u00e1n\u00ed pln\u00e9ho z\u00e1sobn\u00edku tekutiny<\/td>\n<\/tr>\n<tr>\n<td>Nab\u00edjen\u00ed<\/td>\n<td>Rychl\u00e9 nab\u00edjen\u00ed Type-C<\/td>\n<td>Rychl\u00e9 dopl\u0148ky s b\u011b\u017en\u00fdmi EU kabely<\/td>\n<\/tr>\n<tr>\n<td>Displej<\/td>\n<td>LED chytr\u00fd displej<\/td>\n<td>Zobrazuje \u00farove\u0148 baterie a tekutiny pro p\u0159edv\u00eddateln\u00e9 denn\u00ed pou\u017eit\u00ed<\/td>\n<\/tr>\n<tr>\n<td>Mo\u017enosti nikotinu<\/td>\n<td>0% \/ 2% \/ 5%<\/td>\n<td>Podporuje beznikotinov\u00e9, n\u00edzk\u00e9 a siln\u011bj\u0161\u00ed preference<\/td>\n<\/tr>\n<\/tbody>\n<\/table>\n<figure id=\"attachment_4416\" aria-describedby=\"caption-attachment-4416\" style=\"width: 300px\" class=\"wp-caption alignnone\"><img decoding=\"async\" class=\"size-medium wp-image-4416\" src=\"https:\/\/vapestornado.com\/wp-content\/uploads\/2025\/10\/WASPE-150K-150000-Puff-Disposable-Vape-Wholesale-Factory-Price-300x300.webp\" alt=\"WASPE 150K 150000 Puff Jednor\u00e1zov\u00fd Vaporiz\u00e9r Velkoobchodn\u00ed Cena V\u00fdroby\" width=\"300\" height=\"300\" srcset=\"https:\/\/vapestornado.com\/wp-content\/uploads\/2025\/10\/WASPE-150K-150000-Puff-Disposable-Vape-Wholesale-Factory-Price-300x300.webp 300w, https:\/\/vapestornado.com\/wp-content\/uploads\/2025\/10\/WASPE-150K-150000-Puff-Disposable-Vape-Wholesale-Factory-Price-150x150.webp 150w, https:\/\/vapestornado.com\/wp-content\/uploads\/2025\/10\/WASPE-150K-150000-Puff-Disposable-Vape-Wholesale-Factory-Price-768x768.webp 768w, https:\/\/vapestornado.com\/wp-content\/uploads\/2025\/10\/WASPE-150K-150000-Puff-Disposable-Vape-Wholesale-Factory-Price-12x12.webp 12w, https:\/\/vapestornado.com\/wp-content\/uploads\/2025\/10\/WASPE-150K-150000-Puff-Disposable-Vape-Wholesale-Factory-Price-600x600.webp 600w, https:\/\/vapestornado.com\/wp-content\/uploads\/2025\/10\/WASPE-150K-150000-Puff-Disposable-Vape-Wholesale-Factory-Price-100x100.webp 100w, https:\/\/vapestornado.com\/wp-content\/uploads\/2025\/10\/WASPE-150K-150000-Puff-Disposable-Vape-Wholesale-Factory-Price.webp 800w\" sizes=\"(max-width: 300px) 100vw, 300px\" \/><figcaption id=\"caption-attachment-4416\" class=\"wp-caption-text\">WASPE 150K 150000 Puff Jednor\u00e1zov\u00fd Vaporiz\u00e9r Velkoobchodn\u00ed Cena V\u00fdroby<\/figcaption><\/figure>\n<h2 class=\"product-title\"><strong>WASPE 150K 150000 Puff Seznam P\u0159\u00edchut\u00ed<\/strong><\/h2>\n<p data-start=\"2550\" data-end=\"2736\">1. Melounov\u00e1 Ice &amp; Citr\u00f3nov\u00e1 Lime &amp; Citr\u00f3novo Broskvov\u00e1<br \/>\n2. Bor\u016fvkov\u00e1 Ice &amp; Jahodovo Kiwi &amp; T\u0159e\u0161\u0148ovo Jahodov\u00e1 Ice<br \/>\n3. Red Bull Ice &amp; Malinov\u00e1 Pomp &amp; Kysel\u00e1 Mango Jahoda<br \/>\n4. Jahodov\u00e1 Melounov\u00e1 &amp; \u0160\u0165avnat\u00e1 Broskev Ice &amp; T\u0159\u00edl\u00edstkov\u00e1 Berry Ice<br \/>\n5. T\u0159e\u0161\u0148ov\u00e1 Cola Ice &amp; Jahodov\u00fd Red Bull Ice &amp; Melounov\u00e1 Malina<br \/>\n6. Hroznov\u00e1 Ice &amp; Blue Razz T\u0159e\u0161e\u0148 &amp; Jahodov\u00e1 Ice<br \/>\n7. Sm\u00ed\u0161en\u00e9 Bobule &amp; \u010cern\u00fd Drak Ice &amp; Jahodov\u00e1 T\u0159e\u0161\u0148ov\u00e1 Cola<br \/>\n8. Perliv\u00e1 Cola Ice &amp; Energetick\u00fd N\u00e1poj &amp; T\u0159e\u0161\u0148ov\u00e1 Ice<br \/>\n9. Jahoda Ban\u00e1n &amp; Kiwi Meloun &amp; Kokos Jahoda<br \/>\n10. Red Bull Cola Led &amp; Jahoda Malina T\u0159e\u0161e\u0148 &amp; Ostru\u017eina Dra\u010d\u00ed Ovoce<br \/>\n11. Jahoda Meloun \u017dv\u00fdka\u010dka &amp; Kysel\u00e9 Mango Led &amp; Jahoda Hroznov\u00e9 Led<br \/>\n12. Meloun Marakuja &amp; Ostru\u017eina Led &amp; Jablko Kiwi<\/p>\n<div class=\"flex-shrink-0 flex flex-col relative items-end\">\n<div class=\"pt-0\">\n<div class=\"gizmo-bot-avatar flex h-8 w-8 items-center justify-center overflow-hidden rounded-full\">\n<div class=\"relative p-1 rounded-sm flex items-center justify-center bg-token-main-surface-primary text-token-text-primary h-8 w-8\">\n<h2 data-start=\"1200\" data-end=\"1487\">Vapes Tornado \u2013 V\u00e1\u0161 velkoobchodn\u00ed online obchod s vaporiz\u00e9ry pro p\u0159edn\u00ed zna\u010dky vaporiz\u00e9r\u016f<\/h2>\n<p data-start=\"1200\" data-end=\"1487\"><strong data-start=\"141\" data-end=\"177\">Internetov\u00fd obchod s elektronick\u00fdmi cigaretami Vapes Tornado<\/strong> je v\u00e1\u0161 d\u016fv\u011bryhodn\u00fd zdroj pro <strong data-start=\"205\" data-end=\"270\">pr\u00e9miov\u00e9 jednor\u00e1zov\u00e9 vaporiz\u00e9ry a velkoobchodn\u00ed e-cigarety v Evrop\u011b<\/strong>. Nab\u00edz\u00edme nejprod\u00e1van\u011bj\u0161\u00ed zna\u010dky jako <strong data-start=\"307\" data-end=\"362\"><a href=\"https:\/\/vapestornado.com\/cs\/product\/randm-12000-puffs-fumot-digital-disposable-vape-wholesale-price\/\">Fumot VAPE<\/a>, <a href=\"https:\/\/vapestornado.com\/cs\/product\/original-wga-ultra-35k-35000-puff-rechargeable-crystal-disposable-nicotine-vape-best-discount-price\/\">WGA VAPE<\/a>, <\/strong><strong data-start=\"307\" data-end=\"362\"><a href=\"https:\/\/vapestornado.com\/cs\/product\/vozol-gear-shisha-25k-25000-puffs-best-dtl-disposable-vape-hookah-cheap-price\/\">VOZOL BAR VAPE<\/a>, \u00a0 Bang Vape<\/strong>, a dal\u0161\u00ed, zaji\u0161\u0165uj\u00edc\u00ed kvalitu a rozmanitost pro ka\u017ed\u00e9ho z\u00e1kazn\u00edka. A\u0165 u\u017e jste individu\u00e1ln\u00ed vap\u00e9r nebo velkoobchodn\u00ed kupuj\u00edc\u00ed, dod\u00e1v\u00e1me <strong data-start=\"481\" data-end=\"550\">vysoce v\u00fdkonn\u00e9 za\u0159\u00edzen\u00ed, stylov\u00e9 designy a konkurenceschopn\u00e9 ceny<\/strong> k napln\u011bn\u00ed va\u0161ich pot\u0159eb.<\/p>\n<h2 data-start=\"2064\" data-end=\"2115\">\u010casto kladen\u00e9 ot\u00e1zky o WASPE 150K 150000 potah\u016f jednor\u00e1zov\u00e9 vape<\/h2>\n<ol data-start=\"3648\" data-end=\"4929\">\n<li data-start=\"3648\" data-end=\"3906\">\n<p data-start=\"3651\" data-end=\"3906\"><strong data-start=\"3651\" data-end=\"3759\">Jak si WASPE 150K 150000 pot\u00e1hnut\u00ed 64ml jednor\u00e1zov\u00fd vaporiz\u00e9r porad\u00ed s dlouhodob\u00fdm denn\u00edm pou\u017e\u00edv\u00e1n\u00edm bez rychl\u00e9ho vyblednut\u00ed?<\/strong><br data-start=\"3759\" data-end=\"3762\" \/>Kapacita 64ml podporuje prodlou\u017een\u00e9 pou\u017e\u00edv\u00e1n\u00ed a nab\u00edjen\u00ed p\u0159es Type-C udr\u017euje za\u0159\u00edzen\u00ed v chodu, tak\u017ee skute\u010dn\u011b dos\u00e1hnete dlouh\u00e9 \u017eivotnosti za\u0159\u00edzen\u00ed.<\/p>\n<\/li>\n<li data-start=\"3908\" data-end=\"4121\">\n<p data-start=\"3911\" data-end=\"4121\"><strong data-start=\"3911\" data-end=\"3997\">Udr\u017e\u00ed syst\u00e9m cartridge WASPE 150000 pot\u00e1hnut\u00ed 6-v-1 chu\u0165 \u010derstvou po t\u00fddny?<\/strong><br data-start=\"3997\" data-end=\"4000\" \/>Ano. P\u0159ep\u00edn\u00e1n\u00ed chut\u00ed sni\u017euje \u201e\u00fanavu z chuti\u201c, co\u017e je hlavn\u00ed d\u016fvod, pro\u010d mnoho u\u017eivatel\u016f brzy opou\u0161t\u00ed za\u0159\u00edzen\u00ed s vysokou kapacitou.<\/p>\n<\/li>\n<li data-start=\"4123\" data-end=\"4389\">\n<p data-start=\"4126\" data-end=\"4389\"><strong data-start=\"4126\" data-end=\"4227\">Jak\u00fd rozd\u00edl d\u011bl\u00e1 trojit\u00e1 m\u0159\u00ed\u017ekov\u00e1 c\u00edvka 1.0\u03a9 v jednor\u00e1zov\u00e9m podu typu ecig jako WASPE 150K?<\/strong><br data-start=\"4227\" data-end=\"4230\" \/>Trojit\u00e9 m\u0159\u00ed\u017ekov\u00e9 vyt\u00e1p\u011bn\u00ed rozkl\u00e1d\u00e1 teplo rovnom\u011brn\u011bji, zlep\u0161uje hladkost p\u00e1ry a pom\u00e1h\u00e1 udr\u017eet chu\u0165 jasnou \u2013 co\u017e je zvl\u00e1\u0161t\u011b d\u016fle\u017eit\u00e9 p\u0159i st\u0159\u00edd\u00e1n\u00ed v\u00edce chut\u00ed.<\/p>\n<\/li>\n<li data-start=\"4391\" data-end=\"4632\">\n<p data-start=\"4394\" data-end=\"4632\"><strong data-start=\"4394\" data-end=\"4493\">Je WASPE 150K lep\u0161\u00ed hodnota ne\u017e levn\u00e9 e-cigarety p\u0159i srovn\u00e1n\u00ed ceny vaporiz\u00e9ru v Vape CZ?<\/strong><br data-start=\"4493\" data-end=\"4496\" \/>\u010casto ano. I kdy\u017e je po\u010d\u00e1te\u010dn\u00ed cena vy\u0161\u0161\u00ed, n\u00e1klady na den mohou b\u00fdt ni\u017e\u0161\u00ed d\u00edky mnohem men\u0161\u00edm po\u010dtu v\u00fdm\u011bn a mo\u017enosti dob\u00edjen\u00ed.<\/p>\n<\/li>\n<li data-start=\"4634\" data-end=\"4929\">\n<p data-start=\"4637\" data-end=\"4929\"><strong data-start=\"4637\" data-end=\"4746\">Pro koho je nejvhodn\u011bj\u0161\u00ed WASPE 150K 150000 pot\u00e1hnut\u00ed \u2013 pro lehk\u00e9 u\u017eivatele nebo t\u011b\u017ek\u00e9 u\u017eivatele hledaj\u00edc\u00ed siln\u00fd vaperov\u00fd z\u00e1\u017eitek?<\/strong><br data-start=\"4746\" data-end=\"4749\" \/>Je navr\u017een p\u0159edev\u0161\u00edm pro t\u011b\u017e\u0161\u00ed rutiny a u\u017eivatele, kte\u0159\u00ed cht\u011bj\u00ed rozmanitost bez no\u0161en\u00ed v\u00edce za\u0159\u00edzen\u00ed. Mo\u017enosti nikotinu (0%, 2%, 5%) umo\u017e\u0148uj\u00ed p\u0159izp\u016fsoben\u00ed jak leh\u010d\u00edm, tak siln\u011bj\u0161\u00edm preferenc\u00edm.<\/p>\n<\/li>\n<\/ol>\n<\/div>\n<\/div>\n<\/div>\n<\/div>","protected":false},"excerpt":{"rendered":"<p data-start=\"3411\" data-end=\"3490\">WASPE 150K 150000 pot\u00e1pek jednor\u00e1zov\u00fd vaporiz\u00e9r s syst\u00e9mem kazet s 6 v 1 p\u0159\u00edchut\u00ed, 64 ml p\u0159edpln\u011bn\u00e9ho e-liquidu, 1.0\u03a9 trojit\u00e1 s\u00ed\u0165ov\u00e1 c\u00edvka, chytr\u00e9 LED zobrazen\u00ed a nab\u00edjen\u00ed Type-C 650mAh. Siln\u00e1 dlouhotrvaj\u00edc\u00ed hodnota pro kupuj\u00edc\u00ed Vape v \u010cesk\u00e9 republice ve srovn\u00e1n\u00ed s cenou vaporiz\u00e9r\u016f, nejlep\u0161\u00ed jednor\u00e1zov\u00e9 a levn\u00e9 e-cigarety, s mo\u017enost\u00ed p\u0159ep\u00edn\u00e1n\u00ed p\u0159\u00edchut\u00ed ve stylu pod.<\/p>\n<p><strong>P\u0159idejte si Amy na Whatsapp, abyste z\u00edskali spr\u00e1vnou odpov\u011b\u010f a slevu!<\/strong><\/p>\n<p><img fetchpriority=\"high\" decoding=\"async\" class=\"size-full wp-image-2932\" src=\"https:\/\/vapestornado.com\/wp-content\/uploads\/2024\/12\/Vape-Wholesale.jpg\" alt=\"Velkoobchod s vape\" width=\"229\" height=\"300\" \/><\/p>\n<h3><a href=\"https:\/\/wa.me\/8617776015835\"><span style=\"color: #ff0000;\"><strong>WhatsApp: +86 17776015835<\/strong><\/span><\/a><\/h3>","protected":false},"featured_media":4421,"comment_status":"open","ping_status":"closed","template":"","meta":{"_acf_changed":false,"_uag_custom_page_level_css":"","_lmt_disableupdate":"no","_lmt_disable":"","_monsterinsights_skip_tracking":false,"_monsterinsights_sitenote_active":false,"_monsterinsights_sitenote_note":"","_monsterinsights_sitenote_category":0,"site-sidebar-layout":"default","site-content-layout":"","ast-site-content-layout":"default","site-content-style":"default","site-sidebar-style":"default","ast-global-header-display":"","ast-banner-title-visibility":"","ast-main-header-display":"","ast-hfb-above-header-display":"","ast-hfb-below-header-display":"","ast-hfb-mobile-header-display":"","site-post-title":"","ast-breadcrumbs-content":"","ast-featured-img":"","footer-sml-layout":"","ast-disable-related-posts":"","theme-transparent-header-meta":"default","adv-header-id-meta":"","stick-header-meta":"","header-above-stick-meta":"","header-main-stick-meta":"","header-below-stick-meta":"","astra-migrate-meta-layouts":"set","ast-page-background-enabled":"default","ast-page-background-meta":{"desktop":{"background-color":"","background-image":"","background-repeat":"repeat","background-position":"center center","background-size":"auto","background-attachment":"scroll","background-type":"","background-media":"","overlay-type":"","overlay-color":"","overlay-opacity":"","overlay-gradient":""},"tablet":{"background-color":"","background-image":"","background-repeat":"repeat","background-position":"center center","background-size":"auto","background-attachment":"scroll","background-type":"","background-media":"","overlay-type":"","overlay-color":"","overlay-opacity":"","overlay-gradient":""},"mobile":{"background-color":"","background-image":"","background-repeat":"repeat","background-position":"center center","background-size":"auto","background-attachment":"scroll","background-type":"","background-media":"","overlay-type":"","overlay-color":"","overlay-opacity":"","overlay-gradient":""}},"ast-content-background-meta":{"desktop":{"background-color":"var(--ast-global-color-5)","background-image":"","background-repeat":"repeat","background-position":"center center","background-size":"auto","background-attachment":"scroll","background-type":"","background-media":"","overlay-type":"","overlay-color":"","overlay-opacity":"","overlay-gradient":""},"tablet":{"background-color":"var(--ast-global-color-5)","background-image":"","background-repeat":"repeat","background-position":"center center","background-size":"auto","background-attachment":"scroll","background-type":"","background-media":"","overlay-type":"","overlay-color":"","overlay-opacity":"","overlay-gradient":""},"mobile":{"background-color":"var(--ast-global-color-5)","background-image":"","background-repeat":"repeat","background-position":"center center","background-size":"auto","background-attachment":"scroll","background-type":"","background-media":"","overlay-type":"","overlay-color":"","overlay-opacity":"","overlay-gradient":""}},"_joinchat":[]},"product_brand":[],"product_cat":[394,154,142,144,146,60],"product_tag":[387,287,388,390,393,386,392,391],"class_list":{"0":"post-4422","1":"product","2":"type-product","3":"status-publish","4":"has-post-thumbnail","6":"product_cat-150000-puff","7":"product_cat-buy-disposable-vapes-in-netherlands","8":"product_cat-digital-box-disposable-vapes","9":"product_cat-low-nicotine-disposable-vapes","10":"product_cat-rechargeable-disposable-vapes","11":"product_cat-waspe-fihp-vape","12":"product_tag-cigarette-vapor","13":"product_tag-disposable-vape-pen","14":"product_tag-e-vape","15":"product_tag-online-vape-shop","16":"product_tag-vape-cartridge","17":"product_tag-vape-pen","18":"product_tag-waspe-150000-puff","19":"product_tag-waspe-150k","20":"desktop-align-left","21":"tablet-align-left","22":"mobile-align-left","24":"first","25":"instock","26":"sale","27":"shipping-taxable","28":"purchasable","29":"product-type-simple"},"acf":[],"uagb_featured_image_src":{"full":["https:\/\/vapestornado.com\/wp-content\/uploads\/2025\/10\/WASPE-AIVIOU-150K-Disposable-Vape-Wholesale-Price.webp",800,800,false],"thumbnail":["https:\/\/vapestornado.com\/wp-content\/uploads\/2025\/10\/WASPE-AIVIOU-150K-Disposable-Vape-Wholesale-Price-150x150.webp",150,150,true],"medium":["https:\/\/vapestornado.com\/wp-content\/uploads\/2025\/10\/WASPE-AIVIOU-150K-Disposable-Vape-Wholesale-Price-300x300.webp",300,300,true],"medium_large":["https:\/\/vapestornado.com\/wp-content\/uploads\/2025\/10\/WASPE-AIVIOU-150K-Disposable-Vape-Wholesale-Price-768x768.webp",768,768,true],"large":["https:\/\/vapestornado.com\/wp-content\/uploads\/2025\/10\/WASPE-AIVIOU-150K-Disposable-Vape-Wholesale-Price.webp",800,800,false],"1536x1536":["https:\/\/vapestornado.com\/wp-content\/uploads\/2025\/10\/WASPE-AIVIOU-150K-Disposable-Vape-Wholesale-Price.webp",800,800,false],"2048x2048":["https:\/\/vapestornado.com\/wp-content\/uploads\/2025\/10\/WASPE-AIVIOU-150K-Disposable-Vape-Wholesale-Price.webp",800,800,false],"trp-custom-language-flag":["https:\/\/vapestornado.com\/wp-content\/uploads\/2025\/10\/WASPE-AIVIOU-150K-Disposable-Vape-Wholesale-Price-12x12.webp",12,12,true],"woocommerce_thumbnail":["https:\/\/vapestornado.com\/wp-content\/uploads\/2025\/10\/WASPE-AIVIOU-150K-Disposable-Vape-Wholesale-Price-300x300.webp",300,300,true],"woocommerce_single":["https:\/\/vapestornado.com\/wp-content\/uploads\/2025\/10\/WASPE-AIVIOU-150K-Disposable-Vape-Wholesale-Price-600x600.webp",600,600,true],"woocommerce_gallery_thumbnail":["https:\/\/vapestornado.com\/wp-content\/uploads\/2025\/10\/WASPE-AIVIOU-150K-Disposable-Vape-Wholesale-Price-100x100.webp",100,100,true]},"uagb_author_info":{"display_name":"ESAMY","author_link":"https:\/\/vapestornado.com\/cs\/author\/"},"uagb_comment_info":1,"uagb_excerpt":"WASPE 150K 150000 Puff disposable vape with 6-in-1 flavour cartridge system, 64ml prefilled e-liquid, 1.0\u03a9 triple mesh coil, LED smart display and 650mAh Type-C recharge. Strong long-life value for Vape PL buyers comparing Vapor price, Best disposables and Cheap e-cigarettes, with pod ecig style flavour switching. Add Amy's whatsapp to get right reply and discount&hellip;","_links":{"self":[{"href":"https:\/\/vapestornado.com\/cs\/wp-json\/wp\/v2\/product\/4422","targetHints":{"allow":["GET"]}}],"collection":[{"href":"https:\/\/vapestornado.com\/cs\/wp-json\/wp\/v2\/product"}],"about":[{"href":"https:\/\/vapestornado.com\/cs\/wp-json\/wp\/v2\/types\/product"}],"replies":[{"embeddable":true,"href":"https:\/\/vapestornado.com\/cs\/wp-json\/wp\/v2\/comments?post=4422"}],"wp:featuredmedia":[{"embeddable":true,"href":"https:\/\/vapestornado.com\/cs\/wp-json\/wp\/v2\/media\/4421"}],"wp:attachment":[{"href":"https:\/\/vapestornado.com\/cs\/wp-json\/wp\/v2\/media?parent=4422"}],"wp:term":[{"taxonomy":"product_brand","embeddable":true,"href":"https:\/\/vapestornado.com\/cs\/wp-json\/wp\/v2\/product_brand?post=4422"},{"taxonomy":"product_cat","embeddable":true,"href":"https:\/\/vapestornado.com\/cs\/wp-json\/wp\/v2\/product_cat?post=4422"},{"taxonomy":"product_tag","embeddable":true,"href":"https:\/\/vapestornado.com\/cs\/wp-json\/wp\/v2\/product_tag?post=4422"}],"curies":[{"name":"wp","href":"https:\/\/api.w.org\/{rel}","templated":true}]}}