{"id":4411,"date":"2025-10-05T07:54:46","date_gmt":"2025-10-05T07:54:46","guid":{"rendered":"https:\/\/vapestornado.com\/?post_type=product&#038;p=4411"},"modified":"2025-09-30T09:13:19","modified_gmt":"2025-09-30T09:13:19","slug":"aivono-flame-30000-puffs-disposable-e-vapor-wholesale-at-low-price","status":"publish","type":"product","link":"https:\/\/vapestornado.com\/cs\/product\/aivono-flame-30000-puffs-disposable-e-vapor-wholesale-at-low-price\/","title":{"rendered":"AIVONO FLAME 30000 Z\u00e1blesk\u016f Jednor\u00e1zov\u00fd E Vaporiz\u00e9r Velkoobchod za n\u00edzkou cenu"},"content":{"rendered":"<h2 data-pm-slice=\"1 1 []\">AIVONO FLAME 30000 Jednor\u00e1zov\u00e9 Vape \u2013 Velkoobchodn\u00ed E Vapor Pero<\/h2>\n<p data-start=\"232\" data-end=\"653\">Ten <strong data-start=\"236\" data-end=\"278\">AIVONO FLAME 30000 Jednor\u00e1zov\u00e9 Vape Pero<\/strong> je navr\u017eeno pro velkoobchodn\u00ed trh v Evrop\u011b, s kapacitou a\u017e <strong data-start=\"340\" data-end=\"356\">30 000 potah\u016f<\/strong> z <strong data-start=\"364\" data-end=\"386\">25mL n\u00e1dr\u017e na e-liquid<\/strong>. Navr\u017eeno jako pr\u00e9miov\u00e1 <strong data-start=\"410\" data-end=\"420\">e vaporiz\u00e9r<\/strong> volba, poskytuje u\u017eivatel\u016fm plnou spokojenost s <strong data-start=\"471\" data-end=\"490\">cigareta parn\u00edk<\/strong> alternativou s bohatou chut\u00ed a hladk\u00fdm tahem. Maloobchodn\u00edci t\u011b\u017e\u00ed z jeho dlouh\u00e9 \u017eivotnosti, co\u017e sni\u017euje frekvenci v\u00fdm\u011bny a zvy\u0161uje prodejn\u00ed potenci\u00e1l.<\/p>\n<p data-start=\"655\" data-end=\"1065\">Poh\u00e1n\u011bno <strong data-start=\"668\" data-end=\"720\">Dob\u00edjec\u00ed baterie 650mAh s nab\u00edjen\u00edm Type-C<\/strong>, <strong data-start=\"726\" data-end=\"746\">AIVONO PLAMEN 30k<\/strong> je vyrobeno pro spolehliv\u00fd v\u00fdkon. <strong data-start=\"787\" data-end=\"810\">1.2\u03a9 dvojit\u00e1 s\u00ed\u0165ov\u00e1 c\u00edvka<\/strong> produkuje hust\u00e9 mraky a \u010distou chu\u0165ovou jasnost, zat\u00edmco <strong data-start=\"868\" data-end=\"898\">nastaviteln\u00fd 2rychlostn\u00ed pr\u016ftok vzduchu<\/strong> umo\u017e\u0148uje u\u017eivatel\u016fm zvolit mezi t\u011bsn\u011bj\u0161\u00edm MTL n\u00e1dechem nebo voln\u011bj\u0161\u00edm RDL pocitem. Jeho <strong data-start=\"972\" data-end=\"992\">LED dvojit\u00fd displej<\/strong> udr\u017euje u\u017eivatele v kontrole, zobrazuj\u00edc\u00ed aktu\u00e1ln\u00ed \u00farove\u0148 baterie a e-liquidu.<\/p>\n<p data-start=\"1067\" data-end=\"1483\">K dispozici za velkoobchodn\u00ed ceny prost\u0159ednictv\u00edm d\u016fv\u011bryhodn\u00fdch <strong data-start=\"1114\" data-end=\"1134\">online obchod s vapkami<\/strong> partne\u0159i, ti <strong data-start=\"1149\" data-end=\"1171\">AIVONO PLAMEN 30000<\/strong> p\u0159ich\u00e1z\u00ed v nejlep\u0161\u00edch p\u0159\u00edchut\u00edch jako Mango Ice, Grape Ice, Blueberry Ice, Blueberry Raspberry Pomegranate a Strawberry Watermelon. S <strong data-start=\"1300\" data-end=\"1325\">d\u00edt\u011btem-z\u00e1mek ochrana<\/strong> a odoln\u00e1 konstrukce, tento jednor\u00e1zov\u00fd<strong data-start=\"1368\" data-end=\"1393\">\u00a0elektronick\u00e1 cigareta<\/strong> je chytrou volbou pro distributory a koncov\u00e9 u\u017eivatele v \u010cesk\u00e9 republice.<\/p>\n<p><strong><span style=\"color: #ff0000;\">P\u0159idejte si Amy na WhatsApp pro rychlou odpov\u011b\u010f a kup\u00f3n na vapky!<\/span><\/strong><\/p>\n<p><img fetchpriority=\"high\" decoding=\"async\" class=\"size-full wp-image-2932\" src=\"https:\/\/vapestornado.com\/wp-content\/uploads\/2024\/12\/Vape-Wholesale.jpg\" alt=\"Velkoobchod s vape\" width=\"229\" height=\"300\" \/><\/p>\n<h3><a href=\"https:\/\/wa.me\/8617776015835\" target=\"_blank\" rel=\"noopener\"><span style=\"color: #ff0000;\"><strong>WhatsApp: +86 17776015835<\/strong><\/span><\/a><\/h3>\n<p>&nbsp;<\/p>\n<h2><strong>AIVONO AIM FLAME 30000 Puf Produktov\u00e9 vlastnosti<\/strong><\/h2>\n<ul>\n<li data-start=\"1288\" data-end=\"1365\">\n<p data-start=\"1290\" data-end=\"1365\"><strong data-start=\"1290\" data-end=\"1312\">A\u017e 30 000 pot\u00e1hnut\u00ed<\/strong> \u2013 Vyrobeno pro dlouhodob\u00e9 pou\u017eit\u00ed a velkoobchodn\u00ed efektivitu.<\/p>\n<\/li>\n<li data-start=\"1366\" data-end=\"1439\">\n<p data-start=\"1368\" data-end=\"1439\"><strong data-start=\"1368\" data-end=\"1390\">25mL n\u00e1dr\u017e na e-liquid<\/strong> \u2013 Del\u0161\u00ed vapov\u00e1n\u00ed bez v\u00fdm\u011bn.<\/p>\n<\/li>\n<li data-start=\"1440\" data-end=\"1518\">\n<p data-start=\"1442\" data-end=\"1518\"><strong data-start=\"1442\" data-end=\"1473\">650mAh dob\u00edjec\u00ed baterie<\/strong> \u2013 Rychl\u00e9 <strong data-start=\"1481\" data-end=\"1500\">Nab\u00edjen\u00ed typu C<\/strong> udr\u017euje ho p\u0159ipraven\u00e9.<\/p>\n<\/li>\n<li data-start=\"1519\" data-end=\"1596\">\n<p data-start=\"1521\" data-end=\"1596\"><strong data-start=\"1521\" data-end=\"1546\">Dvojit\u00e1 s\u00ed\u0165ov\u00e1 c\u00edvka (1.2\u03a9)<\/strong> \u2013 Bohat\u0161\u00ed chu\u0165 a hlad\u0161\u00ed konzistence par.<\/p>\n<\/li>\n<li data-start=\"1597\" data-end=\"1672\">\n<p data-start=\"1599\" data-end=\"1672\"><strong data-start=\"1599\" data-end=\"1629\">Nastaviteln\u00fd pr\u016ftok vzduchu ve dvou rychlostech<\/strong> \u2013 P\u0159ep\u00edn\u00e1n\u00ed mezi <strong data-start=\"1647\" data-end=\"1669\">MTL a DTL vapov\u00e1n\u00edm<\/strong>.<\/p>\n<\/li>\n<li data-start=\"1673\" data-end=\"1736\">\n<p data-start=\"1675\" data-end=\"1736\"><strong data-start=\"1675\" data-end=\"1696\">D\u00edt\u011btem-z\u00e1mek bezpe\u010dnost<\/strong> \u2013 P\u0159idan\u00e1 ochrana pro klid mysli.<\/p>\n<\/li>\n<li data-start=\"1737\" data-end=\"1804\">\n<p data-start=\"1739\" data-end=\"1804\"><strong data-start=\"1739\" data-end=\"1759\">LED dvojit\u00fd displej<\/strong> \u2013 Sledov\u00e1n\u00ed e-liquidu a baterie v re\u00e1ln\u00e9m \u010dase.<\/p>\n<\/li>\n<\/ul>\n<p>&nbsp;<\/p>\n<figure id=\"attachment_4409\" aria-describedby=\"caption-attachment-4409\" style=\"width: 300px\" class=\"wp-caption alignnone\"><img decoding=\"async\" class=\"size-medium wp-image-4409\" src=\"https:\/\/vapestornado.com\/wp-content\/uploads\/2025\/09\/Aivono-Flame-30k-30000-Puffs-Disposable-Vape-Box-300x300.webp\" alt=\"Aivono Flame 30k 30000 Puffs Jednor\u00e1zov\u00e1 vaporiz\u00e9rsk\u00e1 krabice\" width=\"300\" height=\"300\" srcset=\"https:\/\/vapestornado.com\/wp-content\/uploads\/2025\/09\/Aivono-Flame-30k-30000-Puffs-Disposable-Vape-Box-300x300.webp 300w, https:\/\/vapestornado.com\/wp-content\/uploads\/2025\/09\/Aivono-Flame-30k-30000-Puffs-Disposable-Vape-Box-150x150.webp 150w, https:\/\/vapestornado.com\/wp-content\/uploads\/2025\/09\/Aivono-Flame-30k-30000-Puffs-Disposable-Vape-Box-768x768.webp 768w, https:\/\/vapestornado.com\/wp-content\/uploads\/2025\/09\/Aivono-Flame-30k-30000-Puffs-Disposable-Vape-Box-12x12.webp 12w, https:\/\/vapestornado.com\/wp-content\/uploads\/2025\/09\/Aivono-Flame-30k-30000-Puffs-Disposable-Vape-Box-600x600.webp 600w, https:\/\/vapestornado.com\/wp-content\/uploads\/2025\/09\/Aivono-Flame-30k-30000-Puffs-Disposable-Vape-Box-100x100.webp 100w, https:\/\/vapestornado.com\/wp-content\/uploads\/2025\/09\/Aivono-Flame-30k-30000-Puffs-Disposable-Vape-Box.webp 800w\" sizes=\"(max-width: 300px) 100vw, 300px\" \/><figcaption id=\"caption-attachment-4409\" class=\"wp-caption-text\">Aivono Flame 30k 30000 Puffs Jednor\u00e1zov\u00e1 vaporiz\u00e9rsk\u00e1 krabice<\/figcaption><\/figure>\n<p>&nbsp;<\/p>\n<h2 class=\"product-title\"><strong>Seznam p\u0159\u00edchut\u00ed AIVONOFLAME 30000 Puff<\/strong><\/h2>\n<p data-start=\"2550\" data-end=\"2736\">1. Mango Ice<br \/>\n2. Rape Ice<br \/>\n3. Bor\u016fvka led<br \/>\n4. Bor\u016fvka Malina Gran\u00e1tov\u00e9 Jablko<br \/>\n5.Jahoda Meloun<\/p>\n<div class=\"flex-shrink-0 flex flex-col relative items-end\">\n<div class=\"pt-0\">\n<div class=\"gizmo-bot-avatar flex h-8 w-8 items-center justify-center overflow-hidden rounded-full\">\n<div class=\"relative p-1 rounded-sm flex items-center justify-center bg-token-main-surface-primary text-token-text-primary h-8 w-8\">\n<h2 data-start=\"1200\" data-end=\"1487\">Vapes Tornado \u2013 V\u00e1\u0161 velkoobchodn\u00ed online obchod s vaporiz\u00e9ry pro p\u0159edn\u00ed zna\u010dky vaporiz\u00e9r\u016f<\/h2>\n<p data-start=\"1200\" data-end=\"1487\"><strong data-start=\"141\" data-end=\"177\">Internetov\u00fd obchod s elektronick\u00fdmi cigaretami Vapes Tornado<\/strong> je v\u00e1\u0161 d\u016fv\u011bryhodn\u00fd zdroj pro <strong data-start=\"205\" data-end=\"270\">pr\u00e9miov\u00e9 jednor\u00e1zov\u00e9 vaporiz\u00e9ry a velkoobchodn\u00ed e-cigarety v Evrop\u011b<\/strong>. Nab\u00edz\u00edme nejprod\u00e1van\u011bj\u0161\u00ed zna\u010dky jako <strong data-start=\"307\" data-end=\"362\"><a href=\"https:\/\/vapestornado.com\/cs\/product\/randm-12000-puffs-fumot-digital-disposable-vape-wholesale-price\/\">Fumot VAPE<\/a>, <a href=\"https:\/\/vapestornado.com\/cs\/product\/original-wga-ultra-35k-35000-puff-rechargeable-crystal-disposable-nicotine-vape-best-discount-price\/\">WGA VAPE<\/a>, <\/strong><strong data-start=\"307\" data-end=\"362\"><a href=\"https:\/\/vapestornado.com\/cs\/product\/vozol-gear-shisha-25k-25000-puffs-best-dtl-disposable-vape-hookah-cheap-price\/\">VOZOL BAR VAPE<\/a>, \u00a0 Bang Vape<\/strong>, a dal\u0161\u00ed, zaji\u0161\u0165uj\u00edc\u00ed kvalitu a rozmanitost pro ka\u017ed\u00e9ho z\u00e1kazn\u00edka. A\u0165 u\u017e jste individu\u00e1ln\u00ed vap\u00e9r nebo velkoobchodn\u00ed kupuj\u00edc\u00ed, dod\u00e1v\u00e1me <strong data-start=\"481\" data-end=\"550\">vysoce v\u00fdkonn\u00e9 za\u0159\u00edzen\u00ed, stylov\u00e9 designy a konkurenceschopn\u00e9 ceny<\/strong> k napln\u011bn\u00ed va\u0161ich pot\u0159eb.<\/p>\n<h2 data-start=\"2064\" data-end=\"2115\">\u010casto kladen\u00e9 ot\u00e1zky o AIVONO 30000 Puff Jednor\u00e1zov\u00e9m vaporiz\u00e9ru<\/h2>\n<p data-start=\"1856\" data-end=\"2020\"><strong data-start=\"1856\" data-end=\"1903\">1. Jak dlouho vydr\u017e\u00ed AIVONO FLAME 30K?<\/strong><br data-start=\"1903\" data-end=\"1906\" \/>Ka\u017ed\u00e9 za\u0159\u00edzen\u00ed poskytuje a\u017e <strong data-start=\"1933\" data-end=\"1949\">30 000 potah\u016f<\/strong>, co\u017e z n\u011bj \u010din\u00ed jeden z nejd\u00e9le vydr\u017e\u00edc\u00edch jednor\u00e1zov\u00fdch vaporiz\u00e9r\u016f ve sv\u00e9 t\u0159\u00edd\u011b.<\/p>\n<p data-start=\"2022\" data-end=\"2154\"><strong data-start=\"2022\" data-end=\"2057\">2. Je baterie dob\u00edjec\u00ed?<\/strong><br data-start=\"2057\" data-end=\"2060\" \/>Ano. Dod\u00e1v\u00e1 se s <strong data-start=\"2081\" data-end=\"2112\">650mAh dob\u00edjec\u00ed baterie<\/strong> a <strong data-start=\"2117\" data-end=\"2132\">portem typu C<\/strong> pro rychl\u00e9 nab\u00edjen\u00ed.<\/p>\n<p data-start=\"2156\" data-end=\"2307\"><strong data-start=\"2156\" data-end=\"2198\">3. Podporuje nastaviteln\u00e9 proud\u011bn\u00ed vzduchu?<\/strong><br data-start=\"2198\" data-end=\"2201\" \/>Ano. <strong data-start=\"2210\" data-end=\"2234\">dvoj\u00ed ovl\u00e1d\u00e1n\u00ed proud\u011bn\u00ed vzduchu<\/strong> umo\u017e\u0148uje u\u017eivatel\u016fm p\u0159ep\u00ednat mezi <strong data-start=\"2261\" data-end=\"2280\">t\u011bsn\u00fdmi MTL n\u00e1dechy<\/strong> a <strong data-start=\"2285\" data-end=\"2304\">voln\u011bj\u0161\u00edmi DTL z\u00e1sahy<\/strong>.<\/p>\n<p data-start=\"2309\" data-end=\"2532\"><strong data-start=\"2309\" data-end=\"2358\">4. \u010c\u00edm je vhodn\u011bj\u0161\u00ed pro velkoobchodn\u00ed kupce?<\/strong><br data-start=\"2358\" data-end=\"2361\" \/>Ten <strong data-start=\"2365\" data-end=\"2426\">velk\u00e1 kapacita na potah, dob\u00edjec\u00ed design a LED displej<\/strong> zvy\u0161uje spokojenost z\u00e1kazn\u00edk\u016f a opakovan\u00e9 n\u00e1kupy, co\u017e z n\u011bj \u010din\u00ed ide\u00e1ln\u00ed volbu pro <strong data-start=\"2496\" data-end=\"2529\">distributory online obchod\u016f s vaporiz\u00e9ry<\/strong>.<\/p>\n<p data-start=\"2534\" data-end=\"2693\"><strong data-start=\"2534\" data-end=\"2568\">5. Jak\u00e9 p\u0159\u00edchut\u011b jsou k dispozici?<\/strong><br data-start=\"2568\" data-end=\"2571\" \/>Nejlep\u0161\u00ed p\u0159\u00edchut\u011b zahrnuj\u00ed <strong data-start=\"2591\" data-end=\"2690\">Mango Ice, Hroznov\u00e9 Ice, Bor\u016fvkov\u00e9 Ice, Bor\u016fvka Ryb\u00edz Gran\u00e1tov\u00e9 Jablko a Jahoda Meloun<\/strong>.<\/p>\n<\/div>\n<\/div>\n<\/div>\n<\/div>","protected":false},"excerpt":{"rendered":"<p data-start=\"2637\" data-end=\"2714\">AIVONO FLAME 30000 Jednor\u00e1zov\u00e1 vape pero \u2013 30K Puf\u016f E Vapory Velkoobchod Evropa<br \/>\nKupte AIVONO FLAME 30K Puf\u016f LED Displej E Shisha Pero \u2013 Online Vape Obchod EU<br \/>\nAIVONO FLAME 30000 Puf\u016f Elektronick\u00e1 cigareta Vapor \u2013 Nejlep\u0161\u00ed velkoobchodn\u00ed jednor\u00e1zov\u00e9 vape<\/p>\n<p><strong>P\u0159idejte si Amy na Whatsapp, abyste z\u00edskali spr\u00e1vnou odpov\u011b\u010f a slevu!<\/strong><\/p>\n<p><img fetchpriority=\"high\" decoding=\"async\" class=\"size-full wp-image-2932\" src=\"https:\/\/vapestornado.com\/wp-content\/uploads\/2024\/12\/Vape-Wholesale.jpg\" alt=\"Velkoobchod s vape\" width=\"229\" height=\"300\" \/><\/p>\n<h3><a href=\"https:\/\/wa.me\/8617776015835\"><span style=\"color: #ff0000;\"><strong>WhatsApp: +86 17776015835<\/strong><\/span><\/a><\/h3>","protected":false},"featured_media":4405,"comment_status":"open","ping_status":"closed","template":"","meta":{"_acf_changed":false,"_uag_custom_page_level_css":"","_lmt_disableupdate":"no","_lmt_disable":"","_monsterinsights_skip_tracking":false,"_monsterinsights_sitenote_active":false,"_monsterinsights_sitenote_note":"","_monsterinsights_sitenote_category":0,"site-sidebar-layout":"default","site-content-layout":"","ast-site-content-layout":"default","site-content-style":"default","site-sidebar-style":"default","ast-global-header-display":"","ast-banner-title-visibility":"","ast-main-header-display":"","ast-hfb-above-header-display":"","ast-hfb-below-header-display":"","ast-hfb-mobile-header-display":"","site-post-title":"","ast-breadcrumbs-content":"","ast-featured-img":"","footer-sml-layout":"","ast-disable-related-posts":"","theme-transparent-header-meta":"default","adv-header-id-meta":"","stick-header-meta":"","header-above-stick-meta":"","header-main-stick-meta":"","header-below-stick-meta":"","astra-migrate-meta-layouts":"set","ast-page-background-enabled":"default","ast-page-background-meta":{"desktop":{"background-color":"","background-image":"","background-repeat":"repeat","background-position":"center center","background-size":"auto","background-attachment":"scroll","background-type":"","background-media":"","overlay-type":"","overlay-color":"","overlay-opacity":"","overlay-gradient":""},"tablet":{"background-color":"","background-image":"","background-repeat":"repeat","background-position":"center center","background-size":"auto","background-attachment":"scroll","background-type":"","background-media":"","overlay-type":"","overlay-color":"","overlay-opacity":"","overlay-gradient":""},"mobile":{"background-color":"","background-image":"","background-repeat":"repeat","background-position":"center center","background-size":"auto","background-attachment":"scroll","background-type":"","background-media":"","overlay-type":"","overlay-color":"","overlay-opacity":"","overlay-gradient":""}},"ast-content-background-meta":{"desktop":{"background-color":"var(--ast-global-color-5)","background-image":"","background-repeat":"repeat","background-position":"center center","background-size":"auto","background-attachment":"scroll","background-type":"","background-media":"","overlay-type":"","overlay-color":"","overlay-opacity":"","overlay-gradient":""},"tablet":{"background-color":"var(--ast-global-color-5)","background-image":"","background-repeat":"repeat","background-position":"center center","background-size":"auto","background-attachment":"scroll","background-type":"","background-media":"","overlay-type":"","overlay-color":"","overlay-opacity":"","overlay-gradient":""},"mobile":{"background-color":"var(--ast-global-color-5)","background-image":"","background-repeat":"repeat","background-position":"center center","background-size":"auto","background-attachment":"scroll","background-type":"","background-media":"","overlay-type":"","overlay-color":"","overlay-opacity":"","overlay-gradient":""}},"_joinchat":[]},"product_brand":[],"product_cat":[67,176,150,151,142,146],"product_tag":[389,387,388,390,386],"class_list":{"0":"post-4411","1":"product","2":"type-product","3":"status-publish","4":"has-post-thumbnail","6":"product_cat-30000-puff","7":"product_cat-aivono-vape","8":"product_cat-buy-disposable-vapes-in-belgium","9":"product_cat-buy-disposable-vapes-in-france","10":"product_cat-digital-box-disposable-vapes","11":"product_cat-rechargeable-disposable-vapes","12":"product_tag-aivono-flame-30000","13":"product_tag-cigarette-vapor","14":"product_tag-e-vape","15":"product_tag-online-vape-shop","16":"product_tag-vape-pen","17":"desktop-align-left","18":"tablet-align-left","19":"mobile-align-left","21":"first","22":"instock","23":"sale","24":"shipping-taxable","25":"purchasable","26":"product-type-simple"},"acf":[],"uagb_featured_image_src":{"full":["https:\/\/vapestornado.com\/wp-content\/uploads\/2025\/09\/Aivono-30k-30000-Puffs-Disposable-Vape-Vaper.webp",800,800,false],"thumbnail":["https:\/\/vapestornado.com\/wp-content\/uploads\/2025\/09\/Aivono-30k-30000-Puffs-Disposable-Vape-Vaper-150x150.webp",150,150,true],"medium":["https:\/\/vapestornado.com\/wp-content\/uploads\/2025\/09\/Aivono-30k-30000-Puffs-Disposable-Vape-Vaper-300x300.webp",300,300,true],"medium_large":["https:\/\/vapestornado.com\/wp-content\/uploads\/2025\/09\/Aivono-30k-30000-Puffs-Disposable-Vape-Vaper-768x768.webp",768,768,true],"large":["https:\/\/vapestornado.com\/wp-content\/uploads\/2025\/09\/Aivono-30k-30000-Puffs-Disposable-Vape-Vaper.webp",800,800,false],"1536x1536":["https:\/\/vapestornado.com\/wp-content\/uploads\/2025\/09\/Aivono-30k-30000-Puffs-Disposable-Vape-Vaper.webp",800,800,false],"2048x2048":["https:\/\/vapestornado.com\/wp-content\/uploads\/2025\/09\/Aivono-30k-30000-Puffs-Disposable-Vape-Vaper.webp",800,800,false],"trp-custom-language-flag":["https:\/\/vapestornado.com\/wp-content\/uploads\/2025\/09\/Aivono-30k-30000-Puffs-Disposable-Vape-Vaper-12x12.webp",12,12,true],"woocommerce_thumbnail":["https:\/\/vapestornado.com\/wp-content\/uploads\/2025\/09\/Aivono-30k-30000-Puffs-Disposable-Vape-Vaper-300x300.webp",300,300,true],"woocommerce_single":["https:\/\/vapestornado.com\/wp-content\/uploads\/2025\/09\/Aivono-30k-30000-Puffs-Disposable-Vape-Vaper-600x600.webp",600,600,true],"woocommerce_gallery_thumbnail":["https:\/\/vapestornado.com\/wp-content\/uploads\/2025\/09\/Aivono-30k-30000-Puffs-Disposable-Vape-Vaper-100x100.webp",100,100,true]},"uagb_author_info":{"display_name":"ESAMY","author_link":"https:\/\/vapestornado.com\/cs\/author\/"},"uagb_comment_info":0,"uagb_excerpt":"AIVONO FLAME 30000 Disposable Vape Pen \u2013 30K Puff E Vapor Wholesale Europe Buy AIVONO FLAME 30K Puff LED Display E Shisha Pen \u2013 Online Vape Shop EU AIVONO FLAME 30000 Puffs Electronic Cigarette Vapor \u2013 Best Wholesale Disposable Vape Add Amy's whatsapp to get right reply and discount price! WhatsApp: +86 17776015835","_links":{"self":[{"href":"https:\/\/vapestornado.com\/cs\/wp-json\/wp\/v2\/product\/4411","targetHints":{"allow":["GET"]}}],"collection":[{"href":"https:\/\/vapestornado.com\/cs\/wp-json\/wp\/v2\/product"}],"about":[{"href":"https:\/\/vapestornado.com\/cs\/wp-json\/wp\/v2\/types\/product"}],"replies":[{"embeddable":true,"href":"https:\/\/vapestornado.com\/cs\/wp-json\/wp\/v2\/comments?post=4411"}],"wp:featuredmedia":[{"embeddable":true,"href":"https:\/\/vapestornado.com\/cs\/wp-json\/wp\/v2\/media\/4405"}],"wp:attachment":[{"href":"https:\/\/vapestornado.com\/cs\/wp-json\/wp\/v2\/media?parent=4411"}],"wp:term":[{"taxonomy":"product_brand","embeddable":true,"href":"https:\/\/vapestornado.com\/cs\/wp-json\/wp\/v2\/product_brand?post=4411"},{"taxonomy":"product_cat","embeddable":true,"href":"https:\/\/vapestornado.com\/cs\/wp-json\/wp\/v2\/product_cat?post=4411"},{"taxonomy":"product_tag","embeddable":true,"href":"https:\/\/vapestornado.com\/cs\/wp-json\/wp\/v2\/product_tag?post=4411"}],"curies":[{"name":"wp","href":"https:\/\/api.w.org\/{rel}","templated":true}]}}