{"id":4410,"date":"2025-10-02T03:56:17","date_gmt":"2025-10-02T03:56:17","guid":{"rendered":"https:\/\/vapestornado.com\/?post_type=product&#038;p=4410"},"modified":"2025-09-30T08:04:32","modified_gmt":"2025-09-30T08:04:32","slug":"aivono-fatmax-50k-puff-smart-screen-disposable-e-shisha-hookah-bar","status":"publish","type":"product","link":"https:\/\/vapestornado.com\/cs\/product\/aivono-fatmax-50k-puff-smart-screen-disposable-e-shisha-hookah-bar\/","title":{"rendered":"AIVONO FATMAX 50K Puff Chytr\u00e1 obrazovka Jednor\u00e1zov\u00e1 E Shisha Hookah Bar"},"content":{"rendered":"<h2 data-pm-slice=\"1 1 []\">AIVONO FATMAX 50K Puff E Shisha \u2013 Smart Screen Disposable Shisha Hookah Bar<\/h2>\n<p data-start=\"242\" data-end=\"546\">Ten <strong data-start=\"246\" data-end=\"267\">AIVONO FATMAX 50K<\/strong> je na dal\u0161\u00ed \u00farovni <strong data-start=\"284\" data-end=\"309\">elektronick\u00e1 shisha bar<\/strong> navr\u017eena pro dlouhotrvaj\u00edc\u00ed v\u00fdkon a v\u00fdraznou chu\u0165. Ka\u017ed\u00e9 za\u0159\u00edzen\u00ed je p\u0159ednapln\u011bno <strong data-start=\"679\" data-end=\"707\">30 ml pr\u00e9miov\u00e9ho e-liquidu<\/strong>, kter\u00fd poskytuje a\u017e <strong data-start=\"726\" data-end=\"749\">50 000 jemn\u00fdch potah\u016f<\/strong>\u2014 ide\u00e1ln\u00ed pro dlouhodob\u00e9 pou\u017eit\u00ed bez \u010dast\u00e9 v\u00fdm\u011bny. D\u00edky precizn\u00ed technologii m\u0159\u00ed\u017ekov\u00e9ho c\u00edvky,, \u00a0tato <strong data-start=\"452\" data-end=\"480\">jednor\u00e1zov\u00e1 shisha hookah<\/strong> produkuje jemn\u00fd p\u00e1ra, bohatou chu\u0165 a konzistentn\u00ed spokojenost.<\/p>\n<p data-start=\"548\" data-end=\"851\">Jeho <strong data-start=\"552\" data-end=\"609\">800mAh dob\u00edjec\u00ed baterie s rychl\u00fdm nab\u00edjen\u00edm p\u0159es Type-C<\/strong> zaji\u0161\u0165uje spolehliv\u00e9 sezen\u00ed. Na rozd\u00edl od b\u011b\u017en\u00fdch jednor\u00e1zov\u00fdch vaporiz\u00e9r\u016f, FATMAX 50K m\u00e1 <strong data-start=\"1144\" data-end=\"1169\">p\u0159ehledn\u00fd digit\u00e1ln\u00ed displej<\/strong> kter\u00fd ukazuje <strong data-start=\"1181\" data-end=\"1233\">re\u00e1ln\u00e9 \u00farovn\u011b e-liquidu a procento baterie<\/strong>, \u010d\u00edm\u017e zabra\u0148uje such\u00fdm potah\u016fm a odhadu. \u00a0K dispozici v <strong data-start=\"744\" data-end=\"785\">0%, 2%, 3% a 5%<\/strong>, FATMAX 50K vyhovuje \u0161irok\u00e9 \u0161k\u00e1le u\u017eivatel\u016f\u2014from t\u011bch, kte\u0159\u00ed preferuj\u00ed <strong data-start=\"1673\" data-end=\"1703\">beznikotinov\u00fd z\u00e1\u017eitek s shishou<\/strong> pro vapery, kte\u0159\u00ed cht\u011bj\u00ed <strong data-start=\"1725\" data-end=\"1746\">siln\u00fd pocit v krku<\/strong>.<\/p>\n<p data-start=\"853\" data-end=\"1034\">Kompaktn\u00ed, ale v\u00fdkonn\u00fd, <strong data-start=\"879\" data-end=\"909\">AIVONO FATMAX 50K e shisha<\/strong> je <strong data-start=\"917\" data-end=\"947\">nejlep\u0161\u00ed jednor\u00e1zov\u00e1 vodn\u00ed d\u00fdmka<\/strong> pro velkoobchodn\u00edky a mlad\u00e9 dosp\u011bl\u00e9 z\u00e1kazn\u00edky hledaj\u00edc\u00ed styl, v\u00fddr\u017e a pohodl\u00ed.<\/p>\n<p><strong><span style=\"color: #ff0000;\">P\u0159idejte si Amy na WhatsApp pro rychlou odpov\u011b\u010f a kup\u00f3n na vapky!<\/span><\/strong><\/p>\n<p><img fetchpriority=\"high\" decoding=\"async\" class=\"size-full wp-image-2932\" src=\"https:\/\/vapestornado.com\/wp-content\/uploads\/2024\/12\/Vape-Wholesale.jpg\" alt=\"Velkoobchod s vape\" width=\"229\" height=\"300\" \/><\/p>\n<h3><a href=\"https:\/\/wa.me\/8617776015835\" target=\"_blank\" rel=\"noopener\"><span style=\"color: #ff0000;\"><strong>WhatsApp: +86 17776015835<\/strong><\/span><\/a><\/h3>\n<p>&nbsp;<\/p>\n<h2><strong>Funkce produktu AIVONO FATMAX 50K Puff<\/strong><\/h2>\n<ul>\n<li data-start=\"1069\" data-end=\"1112\">\n<p data-start=\"1071\" data-end=\"1112\">A\u017e <strong data-start=\"1077\" data-end=\"1093\">50 000 pot\u00e1hnut\u00ed<\/strong> s 30ml n\u00e1dr\u017e\u00ed<\/p>\n<\/li>\n<li data-start=\"1113\" data-end=\"1169\">\n<p data-start=\"1115\" data-end=\"1169\"><strong data-start=\"1115\" data-end=\"1133\">0,6\u03a9 mesh coil<\/strong> pro jemn\u00e9 mraky a plnou chu\u0165<\/p>\n<\/li>\n<li data-start=\"1170\" data-end=\"1229\">\n<p data-start=\"1172\" data-end=\"1229\"><strong data-start=\"1172\" data-end=\"1193\">Chytr\u00e9 LED displeje<\/strong> pro sledov\u00e1n\u00ed baterie a e-liquidu<\/p>\n<\/li>\n<li data-start=\"1230\" data-end=\"1287\">\n<p data-start=\"1232\" data-end=\"1287\"><strong data-start=\"1232\" data-end=\"1270\">800mAh dob\u00edjec\u00ed baterie typu C<\/strong> pro del\u0161\u00ed pou\u017eit\u00ed<\/p>\n<\/li>\n<li data-start=\"1288\" data-end=\"1340\">\n<p data-start=\"1290\" data-end=\"1340\">Flexibilita nikotinu: <strong data-start=\"1312\" data-end=\"1330\">0%, 2%, 3%, 5%<\/strong> mo\u017enosti<\/p>\n<\/li>\n<li data-start=\"1341\" data-end=\"1405\">\n<p data-start=\"1343\" data-end=\"1405\">P\u0159\u00edm\u00e9 vdechov\u00e1n\u00ed do plic (DTL) pro z\u00e1\u017eitek podobn\u00fd shishe<\/p>\n<\/li>\n<\/ul>\n<figure id=\"attachment_4400\" aria-describedby=\"caption-attachment-4400\" style=\"width: 800px\" class=\"wp-caption alignnone\"><img decoding=\"async\" class=\"wp-image-4400 size-full\" src=\"https:\/\/vapestornado.com\/wp-content\/uploads\/2025\/09\/Aivono-50000-Puff-50k-Disposable-E-Shisha-Hookah.webp\" alt=\"Aivono 50000 Puff 50k Jednor\u00e1zov\u00e1 e shisha vodn\u00ed d\u00fdmka\" width=\"800\" height=\"800\" srcset=\"https:\/\/vapestornado.com\/wp-content\/uploads\/2025\/09\/Aivono-50000-Puff-50k-Disposable-E-Shisha-Hookah.webp 800w, https:\/\/vapestornado.com\/wp-content\/uploads\/2025\/09\/Aivono-50000-Puff-50k-Disposable-E-Shisha-Hookah-300x300.webp 300w, https:\/\/vapestornado.com\/wp-content\/uploads\/2025\/09\/Aivono-50000-Puff-50k-Disposable-E-Shisha-Hookah-150x150.webp 150w, https:\/\/vapestornado.com\/wp-content\/uploads\/2025\/09\/Aivono-50000-Puff-50k-Disposable-E-Shisha-Hookah-768x768.webp 768w, https:\/\/vapestornado.com\/wp-content\/uploads\/2025\/09\/Aivono-50000-Puff-50k-Disposable-E-Shisha-Hookah-12x12.webp 12w, https:\/\/vapestornado.com\/wp-content\/uploads\/2025\/09\/Aivono-50000-Puff-50k-Disposable-E-Shisha-Hookah-600x600.webp 600w, https:\/\/vapestornado.com\/wp-content\/uploads\/2025\/09\/Aivono-50000-Puff-50k-Disposable-E-Shisha-Hookah-100x100.webp 100w\" sizes=\"(max-width: 800px) 100vw, 800px\" \/><figcaption id=\"caption-attachment-4400\" class=\"wp-caption-text\">Aivono 50000 Puff 50k Jednor\u00e1zov\u00e1 e shisha vodn\u00ed d\u00fdmka<\/figcaption><\/figure>\n<h2 class=\"product-title\"><strong>Seznam p\u0159\u00edchut\u00ed AIVONO FATMAX 50000 Puff<\/strong><\/h2>\n<p data-start=\"2550\" data-end=\"2736\">1. \u010cere\u0161n\u011b Malina<\/p>\n<p data-start=\"2550\" data-end=\"2736\">2. Dv\u011b jablko<\/p>\n<p data-start=\"2550\" data-end=\"2736\">3. Grape Mint (Hroznov\u00e1 m\u00e1ta)<\/p>\n<p data-start=\"2550\" data-end=\"2736\">4. Bor\u016fvkov\u00e1 guma<\/p>\n<p data-start=\"2550\" data-end=\"2736\">5. L\u00e1ska 66<\/p>\n<p data-start=\"2550\" data-end=\"2736\">6. Jasn\u00fd sen<\/p>\n<p data-start=\"2550\" data-end=\"2736\">7. Bohat\u00e1 ledov\u00e1<\/p>\n<p data-start=\"2550\" data-end=\"2736\">8. Broskvov\u00e1 ledov\u00e1<\/p>\n<p data-start=\"2550\" data-end=\"2736\">9. Bobulov\u00e1 ledov\u00e1<\/p>\n<p data-start=\"2550\" data-end=\"2736\">10. Jahodov\u00e1 \u0161\u0165\u00e1va<\/p>\n<div class=\"flex-shrink-0 flex flex-col relative items-end\">\n<div class=\"pt-0\">\n<div class=\"gizmo-bot-avatar flex h-8 w-8 items-center justify-center overflow-hidden rounded-full\">\n<div class=\"relative p-1 rounded-sm flex items-center justify-center bg-token-main-surface-primary text-token-text-primary h-8 w-8\">\n<h2 data-start=\"1200\" data-end=\"1487\">Vapes Tornado \u2013 V\u00e1\u0161 velkoobchodn\u00ed online obchod s vaporiz\u00e9ry pro p\u0159edn\u00ed zna\u010dky vapovac\u00edch za\u0159\u00edzen\u00ed<\/h2>\n<p data-start=\"1200\" data-end=\"1487\"><strong data-start=\"141\" data-end=\"177\">Internetov\u00fd obchod s elektronick\u00fdmi cigaretami Vapes Tornado<\/strong> je v\u00e1\u0161 d\u016fv\u011bryhodn\u00fd zdroj pro <strong data-start=\"205\" data-end=\"270\">pr\u00e9miov\u00e9 jednor\u00e1zov\u00e9 vaporiz\u00e9ry a velkoobchodn\u00ed e-cigarety v Evrop\u011b<\/strong>. Nab\u00edz\u00edme nejprod\u00e1van\u011bj\u0161\u00ed zna\u010dky jako <strong data-start=\"307\" data-end=\"362\"><a href=\"https:\/\/vapestornado.com\/cs\/product\/vozol-gear-shisha-25k-25000-puffs-best-dtl-disposable-vape-hookah-cheap-price\/\">VOZOL BAR VAPE<\/a>, <a href=\"https:\/\/vapestornado.com\/cs\/product\/randm-12000-puffs-fumot-digital-disposable-vape-wholesale-price\/\">Fumot VAPE<\/a>, <a href=\"https:\/\/vapestornado.com\/cs\/product\/original-wga-ultra-35k-35000-puff-rechargeable-crystal-disposable-nicotine-vape-best-discount-price\/\">WGA VAPE<\/a>, Bang Vape<\/strong>, a dal\u0161\u00ed, zaji\u0161\u0165uj\u00edc\u00ed kvalitu a rozmanitost pro ka\u017ed\u00e9ho z\u00e1kazn\u00edka. A\u0165 u\u017e jste individu\u00e1ln\u00ed vap\u00e9r nebo velkoobchodn\u00ed kupuj\u00edc\u00ed, dod\u00e1v\u00e1me <strong data-start=\"481\" data-end=\"550\">vysoce v\u00fdkonn\u00e9 za\u0159\u00edzen\u00ed, stylov\u00e9 designy a konkurenceschopn\u00e9 ceny<\/strong> k napln\u011bn\u00ed va\u0161ich pot\u0159eb.<\/p>\n<h2 data-start=\"2064\" data-end=\"2115\">\u010casto kladen\u00e9 ot\u00e1zky o AIVONO FATMAX 50K Puff Disposable Vape<\/h2>\n<p data-start=\"1456\" data-end=\"1582\"><strong data-start=\"1456\" data-end=\"1504\">1. Jak dlouho vydr\u017e\u00ed AIVONO 50K?<\/strong><br data-start=\"1504\" data-end=\"1507\" \/>Poskytuje a\u017e <strong data-start=\"1525\" data-end=\"1541\">50 000 pot\u00e1hnut\u00ed<\/strong>, co\u017e je ide\u00e1ln\u00ed pro dlouhodob\u00e9 vapov\u00e1n\u00ed.<\/p>\n<p data-start=\"1584\" data-end=\"1703\"><strong data-start=\"1584\" data-end=\"1622\">2. Je FATMAX 50000 pot\u00e1pek dob\u00edjec\u00ed?<\/strong><br data-start=\"1622\" data-end=\"1625\" \/>Ano, obsahuje <strong data-start=\"1645\" data-end=\"1683\">800mAh dob\u00edjec\u00ed baterie typu C<\/strong> pro del\u0161\u00ed pou\u017e\u00edv\u00e1n\u00ed.<\/p>\n<p data-start=\"1705\" data-end=\"1837\"><strong data-start=\"1705\" data-end=\"1750\">3. Jak\u00e9 jsou dostupn\u00e9 s\u00edly nikotinu?<\/strong><br data-start=\"1750\" data-end=\"1753\" \/>Za\u0159\u00edzen\u00ed podporuje <strong data-start=\"1773\" data-end=\"1803\">0%, 2%, 3% a 5% nikotin<\/strong> aby vyhov\u011bl r\u016fzn\u00fdm preferenc\u00edm.<\/p>\n<p data-start=\"1839\" data-end=\"1956\"><strong data-start=\"1839\" data-end=\"1868\">4. M\u00e1 displej?<\/strong><br data-start=\"1868\" data-end=\"1871\" \/>Ano, <strong data-start=\"1880\" data-end=\"1901\">chytr\u00fd LED displej<\/strong> ukazuje jak \u00farove\u0148 baterie, tak hladinu e-liquidu v re\u00e1ln\u00e9m \u010dase.<\/p>\n<p data-start=\"1958\" data-end=\"2195\"><strong data-start=\"1958\" data-end=\"2017\">5. Je tento shisha bar vhodn\u00fd pro velkoobchod v Evrop\u011b?<\/strong><br data-start=\"2017\" data-end=\"2020\" \/>Absolutn\u011b. Ten <strong data-start=\"2036\" data-end=\"2057\">AIVONO FATMAX 50K<\/strong> kombinuje vysok\u00fd po\u010det pot\u00e1pek, modern\u00ed design a flexibiln\u00ed mo\u017enosti nikotinu, co\u017e z n\u011bj \u010din\u00ed ide\u00e1ln\u00ed pro <strong data-start=\"2151\" data-end=\"2192\">velkoobchodn\u00ed trh jednor\u00e1zov\u00fdch shisha v Evropsk\u00e9 unii<\/strong>.<\/p>\n<\/div>\n<\/div>\n<\/div>\n<\/div>","protected":false},"excerpt":{"rendered":"<p data-start=\"2473\" data-end=\"2550\">AIVONO FATMAX 50K Puff E Shisha \u2013 Jednor\u00e1zov\u00e1 Shisha Hookah s chytr\u00fdm displejem<\/p>\n<p data-start=\"2554\" data-end=\"2633\">Nejlep\u0161\u00ed velkoobchodn\u00ed jednor\u00e1zov\u00e1 Shisha Hookah \u2013 AIVONO FATMAX 50K Elektronick\u00e1 Shisha<\/p>\n<p data-start=\"2637\" data-end=\"2714\">AIVONO FATMAX 50K Smart Screen E Shisha Bar \u2013 50 000 potah\u016f na jedno pou\u017eit\u00ed<\/p>\n<p><strong>P\u0159idejte si Amy na Whatsapp, abyste z\u00edskali spr\u00e1vnou odpov\u011b\u010f a slevu!<\/strong><\/p>\n<p><img fetchpriority=\"high\" decoding=\"async\" class=\"size-full wp-image-2932\" src=\"https:\/\/vapestornado.com\/wp-content\/uploads\/2024\/12\/Vape-Wholesale.jpg\" alt=\"Velkoobchod s vape\" width=\"229\" height=\"300\" \/><\/p>\n<h3><a href=\"https:\/\/wa.me\/8617776015835\"><span style=\"color: #ff0000;\"><strong>WhatsApp: +86 17776015835<\/strong><\/span><\/a><\/h3>","protected":false},"featured_media":4404,"comment_status":"open","ping_status":"closed","template":"","meta":{"_acf_changed":false,"_uag_custom_page_level_css":"","_lmt_disableupdate":"no","_lmt_disable":"","_monsterinsights_skip_tracking":false,"_monsterinsights_sitenote_active":false,"_monsterinsights_sitenote_note":"","_monsterinsights_sitenote_category":0,"site-sidebar-layout":"default","site-content-layout":"","ast-site-content-layout":"default","site-content-style":"default","site-sidebar-style":"default","ast-global-header-display":"","ast-banner-title-visibility":"","ast-main-header-display":"","ast-hfb-above-header-display":"","ast-hfb-below-header-display":"","ast-hfb-mobile-header-display":"","site-post-title":"","ast-breadcrumbs-content":"","ast-featured-img":"","footer-sml-layout":"","ast-disable-related-posts":"","theme-transparent-header-meta":"default","adv-header-id-meta":"","stick-header-meta":"","header-above-stick-meta":"","header-main-stick-meta":"","header-below-stick-meta":"","astra-migrate-meta-layouts":"set","ast-page-background-enabled":"default","ast-page-background-meta":{"desktop":{"background-color":"","background-image":"","background-repeat":"repeat","background-position":"center center","background-size":"auto","background-attachment":"scroll","background-type":"","background-media":"","overlay-type":"","overlay-color":"","overlay-opacity":"","overlay-gradient":""},"tablet":{"background-color":"","background-image":"","background-repeat":"repeat","background-position":"center center","background-size":"auto","background-attachment":"scroll","background-type":"","background-media":"","overlay-type":"","overlay-color":"","overlay-opacity":"","overlay-gradient":""},"mobile":{"background-color":"","background-image":"","background-repeat":"repeat","background-position":"center center","background-size":"auto","background-attachment":"scroll","background-type":"","background-media":"","overlay-type":"","overlay-color":"","overlay-opacity":"","overlay-gradient":""}},"ast-content-background-meta":{"desktop":{"background-color":"var(--ast-global-color-5)","background-image":"","background-repeat":"repeat","background-position":"center center","background-size":"auto","background-attachment":"scroll","background-type":"","background-media":"","overlay-type":"","overlay-color":"","overlay-opacity":"","overlay-gradient":""},"tablet":{"background-color":"var(--ast-global-color-5)","background-image":"","background-repeat":"repeat","background-position":"center center","background-size":"auto","background-attachment":"scroll","background-type":"","background-media":"","overlay-type":"","overlay-color":"","overlay-opacity":"","overlay-gradient":""},"mobile":{"background-color":"var(--ast-global-color-5)","background-image":"","background-repeat":"repeat","background-position":"center center","background-size":"auto","background-attachment":"scroll","background-type":"","background-media":"","overlay-type":"","overlay-color":"","overlay-opacity":"","overlay-gradient":""}},"_joinchat":[]},"product_brand":[],"product_cat":[344,176,149,153,156,158,142,143,144,146],"product_tag":[385,355,380,368,381],"class_list":{"0":"post-4410","1":"product","2":"type-product","3":"status-publish","4":"has-post-thumbnail","6":"product_cat-80000-puff","7":"product_cat-aivono-vape","8":"product_cat-buy-disposable-vapes-in-austria","9":"product_cat-buy-disposable-vapes-in-italy","10":"product_cat-buy-disposable-vapes-in-poland","11":"product_cat-buy-disposable-vapes-in-spain","12":"product_cat-digital-box-disposable-vapes","13":"product_cat-dual-mesh-disposable-vapes","14":"product_cat-low-nicotine-disposable-vapes","15":"product_cat-rechargeable-disposable-vapes","16":"product_tag-aivono-fatbear-80k","17":"product_tag-big-puff-vape","18":"product_tag-disposable-vapes-online","19":"product_tag-disposable-vapor","20":"product_tag-vapes-online-wholesale","21":"desktop-align-left","22":"tablet-align-left","23":"mobile-align-left","25":"first","26":"instock","27":"sale","28":"shipping-taxable","29":"purchasable","30":"product-type-simple"},"acf":[],"uagb_featured_image_src":{"full":["https:\/\/vapestornado.com\/wp-content\/uploads\/2025\/09\/Big-Puff-50k-Disposable-E-Shisha-Hookah-Wholesale.webp",800,800,false],"thumbnail":["https:\/\/vapestornado.com\/wp-content\/uploads\/2025\/09\/Big-Puff-50k-Disposable-E-Shisha-Hookah-Wholesale-150x150.webp",150,150,true],"medium":["https:\/\/vapestornado.com\/wp-content\/uploads\/2025\/09\/Big-Puff-50k-Disposable-E-Shisha-Hookah-Wholesale-300x300.webp",300,300,true],"medium_large":["https:\/\/vapestornado.com\/wp-content\/uploads\/2025\/09\/Big-Puff-50k-Disposable-E-Shisha-Hookah-Wholesale-768x768.webp",768,768,true],"large":["https:\/\/vapestornado.com\/wp-content\/uploads\/2025\/09\/Big-Puff-50k-Disposable-E-Shisha-Hookah-Wholesale.webp",800,800,false],"1536x1536":["https:\/\/vapestornado.com\/wp-content\/uploads\/2025\/09\/Big-Puff-50k-Disposable-E-Shisha-Hookah-Wholesale.webp",800,800,false],"2048x2048":["https:\/\/vapestornado.com\/wp-content\/uploads\/2025\/09\/Big-Puff-50k-Disposable-E-Shisha-Hookah-Wholesale.webp",800,800,false],"trp-custom-language-flag":["https:\/\/vapestornado.com\/wp-content\/uploads\/2025\/09\/Big-Puff-50k-Disposable-E-Shisha-Hookah-Wholesale-12x12.webp",12,12,true],"woocommerce_thumbnail":["https:\/\/vapestornado.com\/wp-content\/uploads\/2025\/09\/Big-Puff-50k-Disposable-E-Shisha-Hookah-Wholesale-300x300.webp",300,300,true],"woocommerce_single":["https:\/\/vapestornado.com\/wp-content\/uploads\/2025\/09\/Big-Puff-50k-Disposable-E-Shisha-Hookah-Wholesale-600x600.webp",600,600,true],"woocommerce_gallery_thumbnail":["https:\/\/vapestornado.com\/wp-content\/uploads\/2025\/09\/Big-Puff-50k-Disposable-E-Shisha-Hookah-Wholesale-100x100.webp",100,100,true]},"uagb_author_info":{"display_name":"ESAMY","author_link":"https:\/\/vapestornado.com\/cs\/author\/"},"uagb_comment_info":0,"uagb_excerpt":"AIVONO FATMAX 50K Puff E Shisha \u2013 Smart Screen Disposable Shisha Hookah Bar Best Wholesale Disposable Shisha Hookah \u2013 AIVONO FATMAX 50K Electronic Shisha AIVONO FATMAX 50K Smart Screen E Shisha Bar \u2013 50,000 Puff Disposable Hookah Add Amy's whatsapp to get right reply and discount price! WhatsApp: +86 17776015835","_links":{"self":[{"href":"https:\/\/vapestornado.com\/cs\/wp-json\/wp\/v2\/product\/4410","targetHints":{"allow":["GET"]}}],"collection":[{"href":"https:\/\/vapestornado.com\/cs\/wp-json\/wp\/v2\/product"}],"about":[{"href":"https:\/\/vapestornado.com\/cs\/wp-json\/wp\/v2\/types\/product"}],"replies":[{"embeddable":true,"href":"https:\/\/vapestornado.com\/cs\/wp-json\/wp\/v2\/comments?post=4410"}],"wp:featuredmedia":[{"embeddable":true,"href":"https:\/\/vapestornado.com\/cs\/wp-json\/wp\/v2\/media\/4404"}],"wp:attachment":[{"href":"https:\/\/vapestornado.com\/cs\/wp-json\/wp\/v2\/media?parent=4410"}],"wp:term":[{"taxonomy":"product_brand","embeddable":true,"href":"https:\/\/vapestornado.com\/cs\/wp-json\/wp\/v2\/product_brand?post=4410"},{"taxonomy":"product_cat","embeddable":true,"href":"https:\/\/vapestornado.com\/cs\/wp-json\/wp\/v2\/product_cat?post=4410"},{"taxonomy":"product_tag","embeddable":true,"href":"https:\/\/vapestornado.com\/cs\/wp-json\/wp\/v2\/product_tag?post=4410"}],"curies":[{"name":"wp","href":"https:\/\/api.w.org\/{rel}","templated":true}]}}