{"id":4387,"date":"2025-09-26T07:55:26","date_gmt":"2025-09-26T07:55:26","guid":{"rendered":"https:\/\/vapestornado.com\/?post_type=product&#038;p=4387"},"modified":"2025-11-29T08:57:46","modified_gmt":"2025-11-29T08:57:46","slug":"vopk-triple-60k-60000-puffs-3-in-1-flavor-best-vape-to-buy","status":"publish","type":"product","link":"https:\/\/vapestornado.com\/cs\/product\/vopk-triple-60k-60000-puffs-3-in-1-flavor-best-vape-to-buy\/","title":{"rendered":"Vopk Triple 60K 60000 potah\u016f 3 v 1 p\u0159\u00edchu\u0165 Nejlep\u0161\u00ed vape k zakoupen\u00ed"},"content":{"rendered":"<h2 data-pm-slice=\"1 1 []\">Vopk Triple 60K 60000 potah\u016f 3 v 1 p\u0159\u00edchu\u0165 Nejlep\u0161\u00ed vape k zakoupen\u00ed<\/h2>\n<p data-start=\"192\" data-end=\"640\">Ten <strong data-start=\"196\" data-end=\"215\">Vopk Triple 60K<\/strong> je navr\u017een pro mlad\u00e9 evropsk\u00e9 vapery, kte\u0159\u00ed po\u017eaduj\u00ed dlouhotrvaj\u00edc\u00ed v\u00fdkon, v\u00fdrazn\u00e9 p\u0159\u00edchut\u011b a modern\u00ed funkce. Nab\u00edz\u00ed <strong data-start=\"338\" data-end=\"354\">60 000 puf\u016f<\/strong>, s <strong data-start=\"358\" data-end=\"380\">n\u00e1dr\u017e na e-liquid o objemu 54 ml<\/strong>, a <strong data-start=\"386\" data-end=\"412\">trojit\u00e9 mesh c\u00edvky 0,9\u03a9<\/strong>, poskytuje jemn\u00fd vaporiz\u00e9r a konzistentn\u00ed chu\u0165 p\u0159i ka\u017ed\u00e9m potahu. Jeho <strong data-start=\"479\" data-end=\"512\">3-v-1 syst\u00e9m rotace p\u0159\u00edchut\u00ed<\/strong> zaru\u010duje rozmanitost bez nutnosti m\u011bnit za\u0159\u00edzen\u00ed, co\u017e \u010din\u00ed z n\u011bj <strong data-start=\"570\" data-end=\"590\">nejlep\u0161\u00ed vaporiz\u00e9r k zakoupen\u00ed<\/strong> pro ty, kte\u0159\u00ed ocen\u00ed jak v\u00fdkon, tak pohodl\u00ed.<\/p>\n<p data-start=\"642\" data-end=\"1022\">Vybaveno <strong data-start=\"658\" data-end=\"689\">650mAh dob\u00edjec\u00ed baterie<\/strong>, <strong data-start=\"691\" data-end=\"715\">Rychl\u00e9 nab\u00edjen\u00ed Type-C<\/strong>a <strong data-start=\"723\" data-end=\"744\">chytr\u00fd LED displej<\/strong>, <strong data-start=\"750\" data-end=\"771\">Vopk Triple 60000<\/strong> nab\u00edz\u00ed nep\u0159etr\u017eit\u00fd v\u00fdkon s mo\u017enost\u00ed sledov\u00e1n\u00ed stavu baterie a hladiny e-liquidu v re\u00e1ln\u00e9m \u010dase. A\u0165 u\u017e hled\u00e1te silnou satisfakci s <strong data-start=\"907\" data-end=\"921\">5% nikotinov\u00fd<\/strong> nebo n\u00edzk\u00fdm obsahem nikotinu <strong data-start=\"935\" data-end=\"948\">mo\u017enost 2%<\/strong>, tento <strong data-start=\"955\" data-end=\"987\">Dob\u00edjec\u00ed jednor\u00e1zov\u00e1 vapka<\/strong> je p\u0159izp\u016fsobena va\u0161im preferenc\u00edm.<\/p>\n<p><strong><span style=\"color: #ff0000;\">P\u0159idejte si Amy na WhatsApp pro rychlou odpov\u011b\u010f a kup\u00f3n na vapky!<\/span><\/strong><\/p>\n<p><img fetchpriority=\"high\" decoding=\"async\" class=\"size-full wp-image-2932\" src=\"https:\/\/vapestornado.com\/wp-content\/uploads\/2024\/12\/Vape-Wholesale.jpg\" alt=\"Velkoobchod s vape\" width=\"229\" height=\"300\" \/><\/p>\n<h3><a href=\"https:\/\/wa.me\/8617776015835\" target=\"_blank\" rel=\"noopener\"><span style=\"color: #ff0000;\"><strong>WhatsApp: +86 17776015835<\/strong><\/span><\/a><\/h3>\n<p>&nbsp;<\/p>\n<h2><strong>Vopk Triple 60K Puf Produktov\u00e9 vlastnosti<\/strong><\/h2>\n<ul>\n<li data-start=\"1069\" data-end=\"1137\">\n<p data-start=\"1071\" data-end=\"1137\">Obrovsk\u00fd <strong data-start=\"1079\" data-end=\"1095\">60 000 puf\u016f<\/strong> \u2013 dlouhodob\u00e9 vapov\u00e1n\u00ed bez v\u00fdm\u011bn<\/p>\n<\/li>\n<li data-start=\"1138\" data-end=\"1176\">\n<p data-start=\"1140\" data-end=\"1176\"><strong data-start=\"1140\" data-end=\"1157\">54mL e-liquid<\/strong> pro prodlou\u017een\u00e9 pou\u017eit\u00ed<\/p>\n<\/li>\n<li data-start=\"1177\" data-end=\"1247\">\n<p data-start=\"1179\" data-end=\"1247\"><strong data-start=\"1179\" data-end=\"1203\">3-v-1 p\u0159ep\u00edna\u010d p\u0159\u00edchut\u00ed<\/strong> \u2013 p\u0159ep\u00edn\u00e1n\u00ed mezi 3 profily v jednom za\u0159\u00edzen\u00ed<\/p>\n<\/li>\n<li data-start=\"1248\" data-end=\"1301\">\n<p data-start=\"1250\" data-end=\"1301\"><strong data-start=\"1250\" data-end=\"1277\">Trojit\u00e1 s\u00ed\u0165ov\u00e1 c\u00edvka (0,9\u03a9)<\/strong> pro bohat\u00fd, hust\u00fd vapor<\/p>\n<\/li>\n<li data-start=\"1302\" data-end=\"1367\">\n<p data-start=\"1304\" data-end=\"1367\"><strong data-start=\"1304\" data-end=\"1335\">650mAh dob\u00edjec\u00ed baterie<\/strong> s <strong data-start=\"1341\" data-end=\"1365\">Rychl\u00e9 nab\u00edjen\u00ed Type-C<\/strong><\/p>\n<\/li>\n<li data-start=\"1368\" data-end=\"1428\">\n<p data-start=\"1370\" data-end=\"1428\"><strong data-start=\"1370\" data-end=\"1390\">Chytr\u00e1 LED obrazovka<\/strong> ukazuj\u00edc\u00ed \u00farove\u0148 e-liquidu a baterie<\/p>\n<\/li>\n<li data-start=\"1429\" data-end=\"1470\">\n<p data-start=\"1431\" data-end=\"1470\">Flexibiln\u00ed <strong data-start=\"1440\" data-end=\"1468\">mo\u017enosti nikotinu: 2% &amp; 5%<\/strong><\/p>\n<\/li>\n<li data-start=\"1471\" data-end=\"1533\">\n<p data-start=\"1473\" data-end=\"1533\">10 unik\u00e1tn\u00edch <strong data-start=\"1483\" data-end=\"1506\">trojit\u00fdch sm\u011bs\u00ed p\u0159\u00edchut\u00ed<\/strong> pro celodenn\u00ed spokojenost<\/p>\n<\/li>\n<\/ul>\n<figure id=\"attachment_4380\" aria-describedby=\"caption-attachment-4380\" style=\"width: 300px\" class=\"wp-caption alignnone\"><img decoding=\"async\" class=\"size-medium wp-image-4380\" src=\"https:\/\/vapestornado.com\/wp-content\/uploads\/2025\/09\/VOPK-Tripe-60k-Puffs-Vape-Cartridge-300x300.webp\" alt=\"VOPK Tripe 60k Puf Vape Kazeta\" width=\"300\" height=\"300\" srcset=\"https:\/\/vapestornado.com\/wp-content\/uploads\/2025\/09\/VOPK-Tripe-60k-Puffs-Vape-Cartridge-300x300.webp 300w, https:\/\/vapestornado.com\/wp-content\/uploads\/2025\/09\/VOPK-Tripe-60k-Puffs-Vape-Cartridge-150x150.webp 150w, https:\/\/vapestornado.com\/wp-content\/uploads\/2025\/09\/VOPK-Tripe-60k-Puffs-Vape-Cartridge-768x768.webp 768w, https:\/\/vapestornado.com\/wp-content\/uploads\/2025\/09\/VOPK-Tripe-60k-Puffs-Vape-Cartridge-12x12.webp 12w, https:\/\/vapestornado.com\/wp-content\/uploads\/2025\/09\/VOPK-Tripe-60k-Puffs-Vape-Cartridge-600x600.webp 600w, https:\/\/vapestornado.com\/wp-content\/uploads\/2025\/09\/VOPK-Tripe-60k-Puffs-Vape-Cartridge-100x100.webp 100w, https:\/\/vapestornado.com\/wp-content\/uploads\/2025\/09\/VOPK-Tripe-60k-Puffs-Vape-Cartridge.webp 800w\" sizes=\"(max-width: 300px) 100vw, 300px\" \/><figcaption id=\"caption-attachment-4380\" class=\"wp-caption-text\">VOPK Tripe 60k Puf Vape Kazeta<\/figcaption><\/figure>\n<h2 class=\"product-title\"><strong>Vopk Triple 60K Puf 3 v 1 seznam p\u0159\u00edchut\u00ed<\/strong><\/h2>\n<p data-start=\"2550\" data-end=\"2736\">1. Melounov\u00e1 led \/ Trojit\u00fd melounov\u00e1 led \/ Jahodov\u00e1 zmrzlina<br \/>\n2. Jahodov\u00e1 ban\u00e1n \/ Malinov\u00e1 meloun \/ Ananas kokos<br \/>\n3. broskev bobule \/Modr\u00e1 razz led\/ Meloun broskev mango<br \/>\n4.Kysel\u00e9 mango ananas \/Red bull jahoda \/\u010cern\u00fd ryb\u00edz ice<br \/>\n5.Kivi passion fruit \/Jahoda t\u0159e\u0161e\u0148 \/Love 66<br \/>\n6.Dvojit\u00e1 jablko ice \/Tropick\u00e9 ovoce\/Jahoda vodn\u00ed meloun \u017ev\u00fdka\u010dka<br \/>\n7.Hroznov\u00e9 ice \/Jahoda kivi \/Vodn\u00ed meloun red bull<br \/>\n8.Jahoda vodn\u00ed meloun \/Bor\u016fvka malina \/Citron limetka<br \/>\n9.Ban\u00e1n ananas \/Red bull ice \/Jahoda mango<br \/>\n10.Gumi\u010dka medv\u00eddek \/Jahoda Vanilkov\u00e1 Coca-Cola \/Bor\u016fvka cukrov\u00e1 vata<\/p>\n<div class=\"flex-shrink-0 flex flex-col relative items-end\">\n<div class=\"pt-0\">\n<div class=\"gizmo-bot-avatar flex h-8 w-8 items-center justify-center overflow-hidden rounded-full\">\n<div class=\"relative p-1 rounded-sm flex items-center justify-center bg-token-main-surface-primary text-token-text-primary h-8 w-8\">\n<h2 data-start=\"1200\" data-end=\"1487\">Vapes Tornado \u2013 V\u00e1\u0161 velkoobchodn\u00ed online obchod s vaporiz\u00e9ry pro p\u0159edn\u00ed zna\u010dky vapovac\u00edch za\u0159\u00edzen\u00ed<\/h2>\n<p data-start=\"1200\" data-end=\"1487\"><strong data-start=\"141\" data-end=\"177\">Internetov\u00fd obchod s elektronick\u00fdmi cigaretami Vapes Tornado<\/strong> je v\u00e1\u0161 d\u016fv\u011bryhodn\u00fd zdroj pro <strong data-start=\"205\" data-end=\"270\">pr\u00e9miov\u00e9 jednor\u00e1zov\u00e9 vaporiz\u00e9ry a velkoobchodn\u00ed e-cigarety v Evrop\u011b<\/strong>. Nab\u00edz\u00edme nejprod\u00e1van\u011bj\u0161\u00ed zna\u010dky jako <strong data-start=\"307\" data-end=\"362\"><a href=\"https:\/\/vapestornado.com\/cs\/product\/elf-bar-raya-d3-25000-puffs-best-disposable-vape-wholesale-in-uk\/\">ELF BAR VAPE<\/a>, <a href=\"https:\/\/vapestornado.com\/cs\/product\/randm-tornado-15000-disposable-vape-wholesale-price\/\">Fumot VAPE<\/a>, <a href=\"https:\/\/vapestornado.com\/cs\/product\/original-vozol-star-40000-puff-40k-best-disposable-vape-2025-wholesale-cheap-price\/\">VOZOL VAPE<\/a>, Bang Vape<\/strong>, a dal\u0161\u00ed, zaji\u0161\u0165uj\u00edc\u00ed kvalitu a rozmanitost pro ka\u017ed\u00e9ho z\u00e1kazn\u00edka. A\u0165 u\u017e jste individu\u00e1ln\u00ed vap\u00e9r nebo velkoobchodn\u00ed kupuj\u00edc\u00ed, dod\u00e1v\u00e1me <strong data-start=\"481\" data-end=\"550\">vysoce v\u00fdkonn\u00e9 za\u0159\u00edzen\u00ed, stylov\u00e9 designy a konkurenceschopn\u00e9 ceny<\/strong> k napln\u011bn\u00ed va\u0161ich pot\u0159eb.<\/p>\n<h2 data-start=\"2064\" data-end=\"2115\">\u010casto kladen\u00e9 ot\u00e1zky o Vopk Triple 60K Jednor\u00e1zov\u00e9m vaporiz\u00e9ru<\/h2>\n<p data-start=\"1587\" data-end=\"1707\"><strong data-start=\"1587\" data-end=\"1642\">1. Kolik potah\u016f poskytuje Vopk Triple 60K?<\/strong><br data-start=\"1642\" data-end=\"1645\" \/>Poskytuje a\u017e <strong data-start=\"1663\" data-end=\"1679\">60 000 puf\u016f<\/strong>, ide\u00e1ln\u00ed pro dlouhodob\u00e9 pou\u017eit\u00ed.<\/p>\n<p data-start=\"1709\" data-end=\"1840\"><strong data-start=\"1709\" data-end=\"1754\">2. Je Vopk Triple 60000 dob\u00edjec\u00ed?<\/strong><br data-start=\"1754\" data-end=\"1757\" \/>Ano, m\u00e1 <strong data-start=\"1776\" data-end=\"1807\">650mAh dob\u00edjec\u00ed baterie<\/strong> s <strong data-start=\"1813\" data-end=\"1837\">Rychl\u00e9 nab\u00edjen\u00ed Type-C<\/strong>.<\/p>\n<p data-start=\"1842\" data-end=\"2021\"><strong data-start=\"1842\" data-end=\"1901\">3. Co d\u011bl\u00e1 Vopk Triple 60K nejlep\u0161\u00edm vapem k zakoupen\u00ed?<\/strong><br data-start=\"1901\" data-end=\"1904\" \/>Jeho <strong data-start=\"1908\" data-end=\"1977\">3v1 syst\u00e9m p\u0159\u00edchut\u00ed, obrovsk\u00fd po\u010det pot\u00e1hnut\u00ed a dob\u00edjec\u00ed design<\/strong> vynik\u00e1 na evropsk\u00e9m trhu.<\/p>\n<p data-start=\"2023\" data-end=\"2142\"><strong data-start=\"2023\" data-end=\"2068\">4. Jak\u00e9 jsou dostupn\u00e9 s\u00edly nikotinu?<\/strong><br data-start=\"2068\" data-end=\"2071\" \/>M\u016f\u017eete si vybrat mezi <strong data-start=\"2094\" data-end=\"2114\">2% nebo 5% nikotin<\/strong> pro slad\u011bn\u00ed s va\u0161\u00ed preferenc\u00ed.<\/p>\n<p data-start=\"2144\" data-end=\"2282\"><strong data-start=\"2144\" data-end=\"2193\">5. M\u00e1 Vopk Triple 60000 displej?<\/strong><br data-start=\"2193\" data-end=\"2196\" \/>Ano, <strong data-start=\"2205\" data-end=\"2226\">chytr\u00fd LED displej<\/strong> zobrazuje \u00farove\u0148 baterie i e-liquidu v re\u00e1ln\u00e9m \u010dase.<\/p>\n<\/div>\n<\/div>\n<\/div>\n<\/div>","protected":false},"excerpt":{"rendered":"<p data-start=\"2563\" data-end=\"2634\">Vopk Triple 60K 60000 Puffs Jednor\u00e1zov\u00fd vaporiz\u00e9r \u2013 Nejlep\u0161\u00ed vaporiz\u00e9r k zakoupen\u00ed v Evrop\u011b<\/p>\n<p data-start=\"2638\" data-end=\"2711\">Vopk Triple 60000 Puffs Dob\u00edjec\u00ed jednor\u00e1zov\u00fd vaporiz\u00e9r s 3-v-1 p\u0159\u00edchut\u00ed<\/p>\n<p data-start=\"2715\" data-end=\"2788\">Nejlep\u0161\u00ed vaporiz\u00e9r k zakoupen\u00ed \u2013 Vopk Triple 60K 60000 Puffs s LED displejem a Type-C<\/p>\n<p><strong>P\u0159idejte si Amy na Whatsapp, abyste z\u00edskali spr\u00e1vnou odpov\u011b\u010f a slevu!<\/strong><\/p>\n<p><img fetchpriority=\"high\" decoding=\"async\" class=\"size-full wp-image-2932\" src=\"https:\/\/vapestornado.com\/wp-content\/uploads\/2024\/12\/Vape-Wholesale.jpg\" alt=\"Velkoobchod s vape\" width=\"229\" height=\"300\" \/><\/p>\n<h3><a href=\"https:\/\/wa.me\/8617776015835\"><span style=\"color: #ff0000;\"><strong>WhatsApp: +86 17776015835<\/strong><\/span><\/a><\/h3>","protected":false},"featured_media":4385,"comment_status":"open","ping_status":"closed","template":"","meta":{"_acf_changed":false,"_uag_custom_page_level_css":"","_lmt_disableupdate":"no","_lmt_disable":"","_monsterinsights_skip_tracking":false,"_monsterinsights_sitenote_active":false,"_monsterinsights_sitenote_note":"","_monsterinsights_sitenote_category":0,"site-sidebar-layout":"default","site-content-layout":"","ast-site-content-layout":"default","site-content-style":"default","site-sidebar-style":"default","ast-global-header-display":"","ast-banner-title-visibility":"","ast-main-header-display":"","ast-hfb-above-header-display":"","ast-hfb-below-header-display":"","ast-hfb-mobile-header-display":"","site-post-title":"","ast-breadcrumbs-content":"","ast-featured-img":"","footer-sml-layout":"","ast-disable-related-posts":"","theme-transparent-header-meta":"default","adv-header-id-meta":"","stick-header-meta":"","header-above-stick-meta":"","header-main-stick-meta":"","header-below-stick-meta":"","astra-migrate-meta-layouts":"set","ast-page-background-enabled":"default","ast-page-background-meta":{"desktop":{"background-color":"","background-image":"","background-repeat":"repeat","background-position":"center center","background-size":"auto","background-attachment":"scroll","background-type":"","background-media":"","overlay-type":"","overlay-color":"","overlay-opacity":"","overlay-gradient":""},"tablet":{"background-color":"","background-image":"","background-repeat":"repeat","background-position":"center center","background-size":"auto","background-attachment":"scroll","background-type":"","background-media":"","overlay-type":"","overlay-color":"","overlay-opacity":"","overlay-gradient":""},"mobile":{"background-color":"","background-image":"","background-repeat":"repeat","background-position":"center center","background-size":"auto","background-attachment":"scroll","background-type":"","background-media":"","overlay-type":"","overlay-color":"","overlay-opacity":"","overlay-gradient":""}},"ast-content-background-meta":{"desktop":{"background-color":"var(--ast-global-color-5)","background-image":"","background-repeat":"repeat","background-position":"center center","background-size":"auto","background-attachment":"scroll","background-type":"","background-media":"","overlay-type":"","overlay-color":"","overlay-opacity":"","overlay-gradient":""},"tablet":{"background-color":"var(--ast-global-color-5)","background-image":"","background-repeat":"repeat","background-position":"center center","background-size":"auto","background-attachment":"scroll","background-type":"","background-media":"","overlay-type":"","overlay-color":"","overlay-opacity":"","overlay-gradient":""},"mobile":{"background-color":"var(--ast-global-color-5)","background-image":"","background-repeat":"repeat","background-position":"center center","background-size":"auto","background-attachment":"scroll","background-type":"","background-media":"","overlay-type":"","overlay-color":"","overlay-opacity":"","overlay-gradient":""}},"_joinchat":[]},"product_brand":[],"product_cat":[343,149,153,156,157,159,142,146,290],"product_tag":[384,380,368,381,383,382],"class_list":{"0":"post-4387","1":"product","2":"type-product","3":"status-publish","4":"has-post-thumbnail","6":"product_cat-60000-puff","7":"product_cat-buy-disposable-vapes-in-austria","8":"product_cat-buy-disposable-vapes-in-italy","9":"product_cat-buy-disposable-vapes-in-poland","10":"product_cat-buy-disposable-vapes-in-portugal","11":"product_cat-buy-disposable-vapes-in-sweden","12":"product_cat-digital-box-disposable-vapes","13":"product_cat-rechargeable-disposable-vapes","14":"product_cat-vopk-vape","15":"product_tag-3-in-1-disposable-vape","16":"product_tag-disposable-vapes-online","17":"product_tag-disposable-vapor","18":"product_tag-vapes-online-wholesale","19":"product_tag-vopk-60000-puff","20":"product_tag-vopk-triple-60k","21":"desktop-align-left","22":"tablet-align-left","23":"mobile-align-left","25":"first","26":"instock","27":"sale","28":"shipping-taxable","29":"purchasable","30":"product-type-simple"},"acf":[],"uagb_featured_image_src":{"full":["https:\/\/vapestornado.com\/wp-content\/uploads\/2025\/09\/VOPK-Tripe-60000-Puffs-Pen-Cartridge-Wholesale.webp",800,800,false],"thumbnail":["https:\/\/vapestornado.com\/wp-content\/uploads\/2025\/09\/VOPK-Tripe-60000-Puffs-Pen-Cartridge-Wholesale-150x150.webp",150,150,true],"medium":["https:\/\/vapestornado.com\/wp-content\/uploads\/2025\/09\/VOPK-Tripe-60000-Puffs-Pen-Cartridge-Wholesale-300x300.webp",300,300,true],"medium_large":["https:\/\/vapestornado.com\/wp-content\/uploads\/2025\/09\/VOPK-Tripe-60000-Puffs-Pen-Cartridge-Wholesale-768x768.webp",768,768,true],"large":["https:\/\/vapestornado.com\/wp-content\/uploads\/2025\/09\/VOPK-Tripe-60000-Puffs-Pen-Cartridge-Wholesale.webp",800,800,false],"1536x1536":["https:\/\/vapestornado.com\/wp-content\/uploads\/2025\/09\/VOPK-Tripe-60000-Puffs-Pen-Cartridge-Wholesale.webp",800,800,false],"2048x2048":["https:\/\/vapestornado.com\/wp-content\/uploads\/2025\/09\/VOPK-Tripe-60000-Puffs-Pen-Cartridge-Wholesale.webp",800,800,false],"trp-custom-language-flag":["https:\/\/vapestornado.com\/wp-content\/uploads\/2025\/09\/VOPK-Tripe-60000-Puffs-Pen-Cartridge-Wholesale-12x12.webp",12,12,true],"woocommerce_thumbnail":["https:\/\/vapestornado.com\/wp-content\/uploads\/2025\/09\/VOPK-Tripe-60000-Puffs-Pen-Cartridge-Wholesale-300x300.webp",300,300,true],"woocommerce_single":["https:\/\/vapestornado.com\/wp-content\/uploads\/2025\/09\/VOPK-Tripe-60000-Puffs-Pen-Cartridge-Wholesale-600x600.webp",600,600,true],"woocommerce_gallery_thumbnail":["https:\/\/vapestornado.com\/wp-content\/uploads\/2025\/09\/VOPK-Tripe-60000-Puffs-Pen-Cartridge-Wholesale-100x100.webp",100,100,true]},"uagb_author_info":{"display_name":"ESAMY","author_link":"https:\/\/vapestornado.com\/cs\/author\/"},"uagb_comment_info":1,"uagb_excerpt":"Vopk Triple 60K 60000 Puffs Disposable Vape \u2013 Best Vape to Buy Europe Vopk Triple 60000 Puffs Rechargeable Disposable Vape with 3-in-1 Flavor Best Vape to Buy \u2013 Vopk Triple 60K 60000 Puffs with LED Screen &amp; Type-C Add Amy's whatsapp to get right reply and discount price! WhatsApp: +86 17776015835","_links":{"self":[{"href":"https:\/\/vapestornado.com\/cs\/wp-json\/wp\/v2\/product\/4387","targetHints":{"allow":["GET"]}}],"collection":[{"href":"https:\/\/vapestornado.com\/cs\/wp-json\/wp\/v2\/product"}],"about":[{"href":"https:\/\/vapestornado.com\/cs\/wp-json\/wp\/v2\/types\/product"}],"replies":[{"embeddable":true,"href":"https:\/\/vapestornado.com\/cs\/wp-json\/wp\/v2\/comments?post=4387"}],"wp:featuredmedia":[{"embeddable":true,"href":"https:\/\/vapestornado.com\/cs\/wp-json\/wp\/v2\/media\/4385"}],"wp:attachment":[{"href":"https:\/\/vapestornado.com\/cs\/wp-json\/wp\/v2\/media?parent=4387"}],"wp:term":[{"taxonomy":"product_brand","embeddable":true,"href":"https:\/\/vapestornado.com\/cs\/wp-json\/wp\/v2\/product_brand?post=4387"},{"taxonomy":"product_cat","embeddable":true,"href":"https:\/\/vapestornado.com\/cs\/wp-json\/wp\/v2\/product_cat?post=4387"},{"taxonomy":"product_tag","embeddable":true,"href":"https:\/\/vapestornado.com\/cs\/wp-json\/wp\/v2\/product_tag?post=4387"}],"curies":[{"name":"wp","href":"https:\/\/api.w.org\/{rel}","templated":true}]}}