{"id":4386,"date":"2025-09-25T07:52:37","date_gmt":"2025-09-25T07:52:37","guid":{"rendered":"https:\/\/vapestornado.com\/?post_type=product&#038;p=4386"},"modified":"2025-09-29T09:40:45","modified_gmt":"2025-09-29T09:40:45","slug":"aivono-fatbear-80k-best-3-in-1-vape-led-display-disposable-vape-pen","status":"publish","type":"product","link":"https:\/\/vapestornado.com\/cs\/product\/aivono-fatbear-80k-best-3-in-1-vape-led-display-disposable-vape-pen\/","title":{"rendered":"AIVONO FATBEAR 80K Nejlep\u0161\u00ed 3 v 1 Vape LED displej Jednor\u00e1zov\u00e1 Vape Pero"},"content":{"rendered":"<h2 data-pm-slice=\"1 1 []\">AIVONO FATBEAR 80K 3-v-1 LED displej na jedno pou\u017eit\u00ed Vape pero \u2013 Nejlep\u0161\u00ed velkoobchodn\u00ed Vape na jedno pou\u017eit\u00ed<\/h2>\n<p data-start=\"305\" data-end=\"593\">Ten <strong data-start=\"309\" data-end=\"331\">AIVONO FATBEAR 80K<\/strong> je to ultim\u00e1tn\u00ed <strong data-start=\"348\" data-end=\"365\">velk\u00fd puf vape<\/strong> navr\u017een pro v\u00fdkon, chu\u0165 a pohodl\u00ed. Nab\u00edz\u00ed a\u017e <strong data-start=\"423\" data-end=\"439\">80000 puf\u016f<\/strong> s obrovskou <strong data-start=\"455\" data-end=\"481\">58ml kapacitou e-liquidu<\/strong>, tento <strong data-start=\"488\" data-end=\"523\">LED displej na jedno pou\u017eit\u00ed Vape pero<\/strong> je navr\u017een pro dlouhotrvaj\u00edc\u00ed v\u00fdkon a hladkou spokojenost.<\/p>\n<p data-start=\"595\" data-end=\"945\">D\u00edky <strong data-start=\"607\" data-end=\"638\">3-v-1 syst\u00e9m p\u0159ep\u00edn\u00e1n\u00ed p\u0159\u00edchut\u00ed<\/strong>, <strong data-start=\"644\" data-end=\"668\">AIVONO FATBEAR 80000<\/strong> umo\u017e\u0148uje okam\u017eit\u011b p\u0159ep\u00ednat mezi t\u0159emi p\u0159\u00edchut\u011bmi v jednom za\u0159\u00edzen\u00ed, poskytuj\u00edc\u00ed nep\u0159etr\u017eitou rozmanitost bez v\u00fdm\u011bny cartridg\u00ed. Ten <strong data-start=\"786\" data-end=\"804\">1.0\u03a9 s\u00ed\u0165ov\u00e1 c\u00edvka<\/strong> produkuje hust\u00fd vapor a bohatou chu\u0165, zat\u00edmco ten <strong data-start=\"852\" data-end=\"883\">650mAh dob\u00edjec\u00ed baterie<\/strong> s <strong data-start=\"889\" data-end=\"913\">Rychl\u00e9 nab\u00edjen\u00ed Type-C<\/strong> zaru\u010duje spolehliv\u00e9 celodenn\u00ed pou\u017eit\u00ed.<\/p>\n<p data-start=\"947\" data-end=\"1325\">M\u011bjte kontrolu s <strong data-start=\"972\" data-end=\"993\">chytr\u00fd LED displej<\/strong>ukazuje aktu\u00e1ln\u00ed \u00farove\u0148 e-liquidu a baterie v re\u00e1ln\u00e9m \u010dase. S flexibiln\u00edmi mo\u017enostmi nikotinu (0%, 2%, 3%, 5%), je toto za\u0159\u00edzen\u00ed ide\u00e1ln\u00ed jak pro p\u0159\u00edle\u017eitostn\u00e9, tak i pro intenzivn\u00ed vaperky. Stylov\u00e9, v\u00fdkonn\u00e9 a navr\u017een\u00e9 pro odolnost, <strong data-start=\"1191\" data-end=\"1213\">AIVONO 80K<\/strong> je <strong data-start=\"1221\" data-end=\"1255\">nejlep\u0161\u00ed velkoobchodn\u00ed jednor\u00e1zov\u00e9 vaporiz\u00e9ry<\/strong> pro evropsk\u00e9 prodejce a obl\u00edben\u00e1 volba pro vapery.<\/p>\n<p><strong><span style=\"color: #ff0000;\">P\u0159idejte si Amy na WhatsApp pro rychlou odpov\u011b\u010f a kup\u00f3n na vapky!<\/span><\/strong><\/p>\n<p><img fetchpriority=\"high\" decoding=\"async\" class=\"size-full wp-image-2932\" src=\"https:\/\/vapestornado.com\/wp-content\/uploads\/2024\/12\/Vape-Wholesale.jpg\" alt=\"Velkoobchod s vape\" width=\"229\" height=\"300\" \/><\/p>\n<h3><a href=\"https:\/\/wa.me\/8617776015835\" target=\"_blank\" rel=\"noopener\"><span style=\"color: #ff0000;\"><strong>WhatsApp: +86 17776015835<\/strong><\/span><\/a><\/h3>\n<p>&nbsp;<\/p>\n<h2><strong>AIVONO AIM FATBEAR 80K Funkce produktu<\/strong><\/h2>\n<ul>\n<li data-start=\"1357\" data-end=\"1402\">\n<p data-start=\"1359\" data-end=\"1402\">A\u017e <strong data-start=\"1365\" data-end=\"1381\">80 000 puf\u016f<\/strong> s kapacitou 58 ml<\/p>\n<\/li>\n<li data-start=\"1403\" data-end=\"1453\">\n<p data-start=\"1405\" data-end=\"1453\"><strong data-start=\"1405\" data-end=\"1431\">3-v-1 rotace p\u0159\u00edchut\u00ed<\/strong> pro nep\u0159etr\u017eitou rozmanitost<\/p>\n<\/li>\n<li data-start=\"1454\" data-end=\"1515\">\n<p data-start=\"1456\" data-end=\"1515\"><strong data-start=\"1456\" data-end=\"1487\">650mAh dob\u00edjec\u00ed baterie<\/strong> s rychl\u00fdm nab\u00edjen\u00edm Type-C<\/p>\n<\/li>\n<li data-start=\"1516\" data-end=\"1568\">\n<p data-start=\"1518\" data-end=\"1568\"><strong data-start=\"1518\" data-end=\"1533\">LED displej<\/strong> sleduje hladiny e-liquidu a baterie<\/p>\n<\/li>\n<li data-start=\"1569\" data-end=\"1629\">\n<p data-start=\"1571\" data-end=\"1629\"><strong data-start=\"1571\" data-end=\"1589\">1.0\u03a9 s\u00ed\u0165ov\u00e1 c\u00edvka<\/strong> pro konzistentn\u00ed mraky a bohatou chu\u0165<\/p>\n<\/li>\n<li data-start=\"1630\" data-end=\"1665\">\n<p data-start=\"1632\" data-end=\"1665\">Mo\u017enosti nikotinu: 0%, 2%, 3%, 5%<\/p>\n<\/li>\n<\/ul>\n<h2 class=\"product-title\"><strong>Seznam p\u0159\u00edchut\u00ed AIVONO AIM FATBEAR 80K 3 v 1<\/strong><\/h2>\n<p data-start=\"2550\" data-end=\"2736\">1. Bor\u016fvka Malina \/ Citron Ice \/ Ananas Ice<br \/>\n2. Jahoda Ice \/ Meloun Ice \/ \u017dv\u00fdka\u010dka<br \/>\n3. Mango Ice \/ Ananas Kokos \/ Broskev Ice<br \/>\n4. T\u0159e\u0161\u0148ov\u00e1 Soda Ice \/ Cola Ice \/ Medov\u00fd Meloun<br \/>\n5. Hroznov\u00e9 \/ M\u00e1ta \/ Brusinkov\u00e9 zmrzliny<br \/>\n6. Kysel\u00e9 jablko \/ Jahoda Ban\u00e1n \/ Kysel\u00e9 mango ananas<br \/>\n7. Sm\u00ed\u0161en\u00e9 bobule \/ Jahoda Kiwi \/ Jahoda Meloun<br \/>\n8. Kiwi Passion Fruit \/ Love66 \/ Mango Ice<br \/>\n9. Meloun Ice \/ Broskev Bobule \/ T\u0159e\u0161\u0148ov\u00e1 Cola<br \/>\n10. Red Bull \/ Jahoda Meloun \/ Malinov\u00e1 cukrov\u00e1<\/p>\n<figure id=\"attachment_4397\" aria-describedby=\"caption-attachment-4397\" style=\"width: 300px\" class=\"wp-caption alignnone\"><img decoding=\"async\" class=\"size-medium wp-image-4397\" src=\"https:\/\/vapestornado.com\/wp-content\/uploads\/2025\/09\/Aivono-Aim-Fatbear-Triple-3-in-1-Disposable-Vape-Wholesale-Cheap-Price-300x300.webp\" alt=\"Aivono Aim Fatbear Triple 3 v 1 Jednor\u00e1zov\u00fd vaporiz\u00e9r Velkoobchod Levn\u00e1 Cena\" width=\"300\" height=\"300\" srcset=\"https:\/\/vapestornado.com\/wp-content\/uploads\/2025\/09\/Aivono-Aim-Fatbear-Triple-3-in-1-Disposable-Vape-Wholesale-Cheap-Price-300x300.webp 300w, https:\/\/vapestornado.com\/wp-content\/uploads\/2025\/09\/Aivono-Aim-Fatbear-Triple-3-in-1-Disposable-Vape-Wholesale-Cheap-Price-150x150.webp 150w, https:\/\/vapestornado.com\/wp-content\/uploads\/2025\/09\/Aivono-Aim-Fatbear-Triple-3-in-1-Disposable-Vape-Wholesale-Cheap-Price-768x768.webp 768w, https:\/\/vapestornado.com\/wp-content\/uploads\/2025\/09\/Aivono-Aim-Fatbear-Triple-3-in-1-Disposable-Vape-Wholesale-Cheap-Price-12x12.webp 12w, https:\/\/vapestornado.com\/wp-content\/uploads\/2025\/09\/Aivono-Aim-Fatbear-Triple-3-in-1-Disposable-Vape-Wholesale-Cheap-Price-600x600.webp 600w, https:\/\/vapestornado.com\/wp-content\/uploads\/2025\/09\/Aivono-Aim-Fatbear-Triple-3-in-1-Disposable-Vape-Wholesale-Cheap-Price-100x100.webp 100w, https:\/\/vapestornado.com\/wp-content\/uploads\/2025\/09\/Aivono-Aim-Fatbear-Triple-3-in-1-Disposable-Vape-Wholesale-Cheap-Price.webp 800w\" sizes=\"(max-width: 300px) 100vw, 300px\" \/><figcaption id=\"caption-attachment-4397\" class=\"wp-caption-text\">Aivono Aim Fatbear Triple 3 v 1 Jednor\u00e1zov\u00fd vaporiz\u00e9r Velkoobchod Levn\u00e1 Cena<\/figcaption><\/figure>\n<div class=\"flex-shrink-0 flex flex-col relative items-end\">\n<div class=\"pt-0\">\n<div class=\"gizmo-bot-avatar flex h-8 w-8 items-center justify-center overflow-hidden rounded-full\">\n<div class=\"relative p-1 rounded-sm flex items-center justify-center bg-token-main-surface-primary text-token-text-primary h-8 w-8\">\n<h2 data-start=\"1200\" data-end=\"1487\">Vapes Tornado \u2013 V\u00e1\u0161 velkoobchodn\u00ed online obchod s vaporiz\u00e9ry pro p\u0159edn\u00ed zna\u010dky vapovac\u00edch za\u0159\u00edzen\u00ed<\/h2>\n<p data-start=\"1200\" data-end=\"1487\"><strong data-start=\"141\" data-end=\"177\">Internetov\u00fd obchod s elektronick\u00fdmi cigaretami Vapes Tornado<\/strong> je v\u00e1\u0161 d\u016fv\u011bryhodn\u00fd zdroj pro <strong data-start=\"205\" data-end=\"270\">pr\u00e9miov\u00e9 jednor\u00e1zov\u00e9 vaporiz\u00e9ry a velkoobchodn\u00ed e-cigarety v Evrop\u011b<\/strong>. Nab\u00edz\u00edme nejprod\u00e1van\u011bj\u0161\u00ed zna\u010dky jako <strong data-start=\"307\" data-end=\"362\"><a href=\"https:\/\/vapestornado.com\/cs\/product\/vozol-gear-shisha-25k-25000-puffs-best-dtl-disposable-vape-hookah-cheap-price\/\">VOZOL BAR VAPE<\/a>, <a href=\"https:\/\/vapestornado.com\/cs\/product\/randm-12000-puffs-fumot-digital-disposable-vape-wholesale-price\/\">Fumot VAPE<\/a>, <a href=\"https:\/\/vapestornado.com\/cs\/product\/original-wga-ultra-35k-35000-puff-rechargeable-crystal-disposable-nicotine-vape-best-discount-price\/\">WGA VAPE<\/a>, Bang Vape<\/strong>, a dal\u0161\u00ed, zaji\u0161\u0165uj\u00edc\u00ed kvalitu a rozmanitost pro ka\u017ed\u00e9ho z\u00e1kazn\u00edka. A\u0165 u\u017e jste individu\u00e1ln\u00ed vap\u00e9r nebo velkoobchodn\u00ed kupuj\u00edc\u00ed, dod\u00e1v\u00e1me <strong data-start=\"481\" data-end=\"550\">vysoce v\u00fdkonn\u00e9 za\u0159\u00edzen\u00ed, stylov\u00e9 designy a konkurenceschopn\u00e9 ceny<\/strong> k napln\u011bn\u00ed va\u0161ich pot\u0159eb.<\/p>\n<h2 data-start=\"2064\" data-end=\"2115\">\u010casto kladen\u00e9 ot\u00e1zky o AIVONO AIM FATBEAR 80K Jednor\u00e1zov\u00fd vaporiz\u00e9r<\/h2>\n<p data-start=\"1722\" data-end=\"1875\"><strong data-start=\"1722\" data-end=\"1782\">1. Kolik pot\u00e1hnut\u00ed poskytuje AIVONO FATBEAR 80000?<\/strong><br data-start=\"1782\" data-end=\"1785\" \/>Poskytuje a\u017e <strong data-start=\"1803\" data-end=\"1819\">80 000 puf\u016f<\/strong>, co\u017e z n\u011bj \u010din\u00ed jeden z nejd\u00e9le vydr\u017e\u00edc\u00edch velk\u00fdch potahovac\u00edch vaporiz\u00e9r\u016f.<\/p>\n<p data-start=\"1877\" data-end=\"2004\"><strong data-start=\"1877\" data-end=\"1922\">2. Mohu dob\u00edjet AIVONO FATBEAR 80K?<\/strong><br data-start=\"1922\" data-end=\"1925\" \/>Ano, je dod\u00e1v\u00e1no s <strong data-start=\"1946\" data-end=\"1984\">Dob\u00edjec\u00ed baterie 650 mAh Type-C<\/strong> pro del\u0161\u00ed pou\u017e\u00edv\u00e1n\u00ed.<\/p>\n<p data-start=\"2006\" data-end=\"2196\"><strong data-start=\"2006\" data-end=\"2064\">3. Co d\u011bl\u00e1 tento nejlep\u0161\u00edm velkoobchodn\u00edm jednor\u00e1zov\u00fdm vaporiz\u00e9rem?<\/strong><br data-start=\"2064\" data-end=\"2067\" \/>Jeho <strong data-start=\"2071\" data-end=\"2129\">Syst\u00e9m p\u0159\u00edchut\u00ed 3 v 1, obrovsk\u00fd po\u010det pot\u00e1hnut\u00ed a LED displej<\/strong> u\u010dinit jej vysoce atraktivn\u00edm jak pro spot\u0159ebitele, tak pro velkoobchodn\u00edky z EU.<\/p>\n<p data-start=\"2198\" data-end=\"2331\"><strong data-start=\"2198\" data-end=\"2243\">4. Jak\u00e9 s\u00edly nikotinu jsou k dispozici?<\/strong><br data-start=\"2243\" data-end=\"2246\" \/>M\u016f\u017eete si vybrat mezi <strong data-start=\"2269\" data-end=\"2298\">0%, 2%, 3% nebo 5% nikotinu<\/strong>, v z\u00e1vislosti na va\u0161\u00ed preferenci.<\/p>\n<p data-start=\"2333\" data-end=\"2487\"><strong data-start=\"2333\" data-end=\"2388\">5. M\u00e1 AIVONO FATBEAR 80K mo\u017enosti p\u0159\u00edchut\u00ed?<\/strong><br data-start=\"2388\" data-end=\"2391\" \/>Ano, je dostupn\u00fd v <strong data-start=\"2408\" data-end=\"2448\">10 unik\u00e1tn\u00edch troj\u00edch p\u0159\u00edchut\u00ed kombinac\u00ed<\/strong>, nab\u00edzej\u00edc\u00ed n\u011bco pro ka\u017ed\u00fd vkus.<\/p>\n<\/div>\n<\/div>\n<\/div>\n<\/div>","protected":false},"excerpt":{"rendered":"<p data-start=\"2774\" data-end=\"2854\">AIVONO FATBEAR 80K Velk\u00fd puf Vape \u2013 Nejlep\u0161\u00ed 3-v-1 LED displej na jedno pou\u017eit\u00ed Vape pero<\/p>\n<p data-start=\"2858\" data-end=\"2937\">AIVONO FATBEAR 80000 Puf\u016f Dob\u00edjec\u00ed na jedno pou\u017eit\u00ed Vape \u2013 Velkoobchod v Evrop\u011b<\/p>\n<p data-start=\"2941\" data-end=\"3026\">Nejlep\u0161\u00ed velkoobchodn\u00ed Vape na jedno pou\u017eit\u00ed \u2013 AIVONO FATBEAR 80K s LED displejem a 3-v-1 p\u0159\u00edchut\u00ed<\/p>\n<p data-start=\"2159\" data-end=\"2246\">\n<p><strong>P\u0159idejte si Amy na Whatsapp, abyste z\u00edskali spr\u00e1vnou odpov\u011b\u010f a slevu!<\/strong><\/p>\n<p><img fetchpriority=\"high\" decoding=\"async\" class=\"size-full wp-image-2932\" src=\"https:\/\/vapestornado.com\/wp-content\/uploads\/2024\/12\/Vape-Wholesale.jpg\" alt=\"Velkoobchod s vape\" width=\"229\" height=\"300\" \/><\/p>\n<h3><a href=\"https:\/\/wa.me\/8617776015835\"><span style=\"color: #ff0000;\"><strong>WhatsApp: +86 17776015835<\/strong><\/span><\/a><\/h3>","protected":false},"featured_media":4396,"comment_status":"open","ping_status":"closed","template":"","meta":{"_acf_changed":false,"_uag_custom_page_level_css":"","_lmt_disableupdate":"no","_lmt_disable":"","_monsterinsights_skip_tracking":false,"_monsterinsights_sitenote_active":false,"_monsterinsights_sitenote_note":"","_monsterinsights_sitenote_category":0,"site-sidebar-layout":"default","site-content-layout":"","ast-site-content-layout":"default","site-content-style":"default","site-sidebar-style":"default","ast-global-header-display":"","ast-banner-title-visibility":"","ast-main-header-display":"","ast-hfb-above-header-display":"","ast-hfb-below-header-display":"","ast-hfb-mobile-header-display":"","site-post-title":"","ast-breadcrumbs-content":"","ast-featured-img":"","footer-sml-layout":"","ast-disable-related-posts":"","theme-transparent-header-meta":"default","adv-header-id-meta":"","stick-header-meta":"","header-above-stick-meta":"","header-main-stick-meta":"","header-below-stick-meta":"","astra-migrate-meta-layouts":"set","ast-page-background-enabled":"default","ast-page-background-meta":{"desktop":{"background-color":"","background-image":"","background-repeat":"repeat","background-position":"center center","background-size":"auto","background-attachment":"scroll","background-type":"","background-media":"","overlay-type":"","overlay-color":"","overlay-opacity":"","overlay-gradient":""},"tablet":{"background-color":"","background-image":"","background-repeat":"repeat","background-position":"center center","background-size":"auto","background-attachment":"scroll","background-type":"","background-media":"","overlay-type":"","overlay-color":"","overlay-opacity":"","overlay-gradient":""},"mobile":{"background-color":"","background-image":"","background-repeat":"repeat","background-position":"center center","background-size":"auto","background-attachment":"scroll","background-type":"","background-media":"","overlay-type":"","overlay-color":"","overlay-opacity":"","overlay-gradient":""}},"ast-content-background-meta":{"desktop":{"background-color":"var(--ast-global-color-5)","background-image":"","background-repeat":"repeat","background-position":"center center","background-size":"auto","background-attachment":"scroll","background-type":"","background-media":"","overlay-type":"","overlay-color":"","overlay-opacity":"","overlay-gradient":""},"tablet":{"background-color":"var(--ast-global-color-5)","background-image":"","background-repeat":"repeat","background-position":"center center","background-size":"auto","background-attachment":"scroll","background-type":"","background-media":"","overlay-type":"","overlay-color":"","overlay-opacity":"","overlay-gradient":""},"mobile":{"background-color":"var(--ast-global-color-5)","background-image":"","background-repeat":"repeat","background-position":"center center","background-size":"auto","background-attachment":"scroll","background-type":"","background-media":"","overlay-type":"","overlay-color":"","overlay-opacity":"","overlay-gradient":""}},"_joinchat":[]},"product_brand":[],"product_cat":[344,176,149,153,156,158,142,143,144,146],"product_tag":[385,355,380,368,381],"class_list":{"0":"post-4386","1":"product","2":"type-product","3":"status-publish","4":"has-post-thumbnail","6":"product_cat-80000-puff","7":"product_cat-aivono-vape","8":"product_cat-buy-disposable-vapes-in-austria","9":"product_cat-buy-disposable-vapes-in-italy","10":"product_cat-buy-disposable-vapes-in-poland","11":"product_cat-buy-disposable-vapes-in-spain","12":"product_cat-digital-box-disposable-vapes","13":"product_cat-dual-mesh-disposable-vapes","14":"product_cat-low-nicotine-disposable-vapes","15":"product_cat-rechargeable-disposable-vapes","16":"product_tag-aivono-fatbear-80k","17":"product_tag-big-puff-vape","18":"product_tag-disposable-vapes-online","19":"product_tag-disposable-vapor","20":"product_tag-vapes-online-wholesale","21":"desktop-align-left","22":"tablet-align-left","23":"mobile-align-left","25":"first","26":"instock","27":"sale","28":"shipping-taxable","29":"purchasable","30":"product-type-simple"},"acf":[],"uagb_featured_image_src":{"full":["https:\/\/vapestornado.com\/wp-content\/uploads\/2025\/09\/Aivono-Aim-Fatbear-80000-Puffs-Disposable-Vape-Flavor-Adjustable.webp",800,800,false],"thumbnail":["https:\/\/vapestornado.com\/wp-content\/uploads\/2025\/09\/Aivono-Aim-Fatbear-80000-Puffs-Disposable-Vape-Flavor-Adjustable-150x150.webp",150,150,true],"medium":["https:\/\/vapestornado.com\/wp-content\/uploads\/2025\/09\/Aivono-Aim-Fatbear-80000-Puffs-Disposable-Vape-Flavor-Adjustable-300x300.webp",300,300,true],"medium_large":["https:\/\/vapestornado.com\/wp-content\/uploads\/2025\/09\/Aivono-Aim-Fatbear-80000-Puffs-Disposable-Vape-Flavor-Adjustable-768x768.webp",768,768,true],"large":["https:\/\/vapestornado.com\/wp-content\/uploads\/2025\/09\/Aivono-Aim-Fatbear-80000-Puffs-Disposable-Vape-Flavor-Adjustable.webp",800,800,false],"1536x1536":["https:\/\/vapestornado.com\/wp-content\/uploads\/2025\/09\/Aivono-Aim-Fatbear-80000-Puffs-Disposable-Vape-Flavor-Adjustable.webp",800,800,false],"2048x2048":["https:\/\/vapestornado.com\/wp-content\/uploads\/2025\/09\/Aivono-Aim-Fatbear-80000-Puffs-Disposable-Vape-Flavor-Adjustable.webp",800,800,false],"trp-custom-language-flag":["https:\/\/vapestornado.com\/wp-content\/uploads\/2025\/09\/Aivono-Aim-Fatbear-80000-Puffs-Disposable-Vape-Flavor-Adjustable-12x12.webp",12,12,true],"woocommerce_thumbnail":["https:\/\/vapestornado.com\/wp-content\/uploads\/2025\/09\/Aivono-Aim-Fatbear-80000-Puffs-Disposable-Vape-Flavor-Adjustable-300x300.webp",300,300,true],"woocommerce_single":["https:\/\/vapestornado.com\/wp-content\/uploads\/2025\/09\/Aivono-Aim-Fatbear-80000-Puffs-Disposable-Vape-Flavor-Adjustable-600x600.webp",600,600,true],"woocommerce_gallery_thumbnail":["https:\/\/vapestornado.com\/wp-content\/uploads\/2025\/09\/Aivono-Aim-Fatbear-80000-Puffs-Disposable-Vape-Flavor-Adjustable-100x100.webp",100,100,true]},"uagb_author_info":{"display_name":"ESAMY","author_link":"https:\/\/vapestornado.com\/cs\/author\/"},"uagb_comment_info":1,"uagb_excerpt":"AIVONO FATBEAR 80K Big Puff Vape \u2013 Best 3-in-1 LED Display Disposable Vape Pen AIVONO FATBEAR 80000 Puffs Rechargeable Disposable Vape \u2013 Wholesale in Europe Best Wholesale Disposable Vape \u2013 AIVONO FATBEAR 80K with LED Screen &amp; 3-in-1 Flavor Add Amy's whatsapp to get right reply and discount price! WhatsApp: +86 17776015835","_links":{"self":[{"href":"https:\/\/vapestornado.com\/cs\/wp-json\/wp\/v2\/product\/4386","targetHints":{"allow":["GET"]}}],"collection":[{"href":"https:\/\/vapestornado.com\/cs\/wp-json\/wp\/v2\/product"}],"about":[{"href":"https:\/\/vapestornado.com\/cs\/wp-json\/wp\/v2\/types\/product"}],"replies":[{"embeddable":true,"href":"https:\/\/vapestornado.com\/cs\/wp-json\/wp\/v2\/comments?post=4386"}],"wp:featuredmedia":[{"embeddable":true,"href":"https:\/\/vapestornado.com\/cs\/wp-json\/wp\/v2\/media\/4396"}],"wp:attachment":[{"href":"https:\/\/vapestornado.com\/cs\/wp-json\/wp\/v2\/media?parent=4386"}],"wp:term":[{"taxonomy":"product_brand","embeddable":true,"href":"https:\/\/vapestornado.com\/cs\/wp-json\/wp\/v2\/product_brand?post=4386"},{"taxonomy":"product_cat","embeddable":true,"href":"https:\/\/vapestornado.com\/cs\/wp-json\/wp\/v2\/product_cat?post=4386"},{"taxonomy":"product_tag","embeddable":true,"href":"https:\/\/vapestornado.com\/cs\/wp-json\/wp\/v2\/product_tag?post=4386"}],"curies":[{"name":"wp","href":"https:\/\/api.w.org\/{rel}","templated":true}]}}