{"id":4379,"date":"2025-09-25T02:51:29","date_gmt":"2025-09-25T02:51:29","guid":{"rendered":"https:\/\/vapestornado.com\/?post_type=product&#038;p=4379"},"modified":"2025-09-25T03:40:09","modified_gmt":"2025-09-25T03:40:09","slug":"vopk-80000-puff-80k-4-in-1-four-flavors-disposable-vapes-online-wholesale","status":"publish","type":"product","link":"https:\/\/vapestornado.com\/cs\/product\/vopk-80000-puff-80k-4-in-1-four-flavors-disposable-vapes-online-wholesale\/","title":{"rendered":"VOPK 80000 Puff 80k 4 v 1 \u010cty\u0159i p\u0159\u00edchut\u011b Jednor\u00e1zov\u00e9 vaporiz\u00e9ry online velkoobchod"},"content":{"rendered":"<h2 data-pm-slice=\"1 1 []\">VOPK 80000 Puff 80k 4 v 1 \u010cty\u0159i p\u0159\u00edchut\u011b Jednor\u00e1zov\u00e9 vaporiz\u00e9ry online velkoobchod<\/h2>\n<p data-start=\"175\" data-end=\"532\">Ten <strong data-start=\"179\" data-end=\"214\">VOPK Jednor\u00e1zov\u00fd vaporiz\u00e9r 80000 Puf\u016f<\/strong> je ur\u010dena pro vapery, kte\u0159\u00ed cht\u011bj\u00ed <strong data-start=\"244\" data-end=\"293\">s\u00edla, rozmanitost a pohodl\u00ed v jednom za\u0159\u00edzen\u00ed<\/strong>. S <strong data-start=\"300\" data-end=\"328\">Technologie p\u0159\u00edchut\u00ed 4-v-1<\/strong>, u\u017eivatel\u00e9 mohou okam\u017eit\u011b p\u0159ep\u00ednat mezi \u010dty\u0159mi pr\u00e9miov\u00fdmi p\u0159\u00edchut\u011bmi bez no\u0161en\u00ed v\u00edce n\u00e1pln\u00ed. Nab\u00edz\u00ed a\u017e <strong data-start=\"433\" data-end=\"457\">80k puf\u016f na za\u0159\u00edzen\u00ed<\/strong>, tento model je <strong data-start=\"475\" data-end=\"515\">nejlep\u0161\u00ed volbou v online velkoobchodu s vaporiz\u00e9ry<\/strong> po cel\u00e9 Evrop\u011b.<\/p>\n<p data-start=\"534\" data-end=\"1007\">Vybaveno <strong data-start=\"550\" data-end=\"568\">0.9\u03a9 s\u00ed\u0165ov\u00e1 c\u00edvka<\/strong>, <strong data-start=\"570\" data-end=\"608\">Dob\u00edjec\u00ed baterie 650 mAh Type-C<\/strong>a <strong data-start=\"616\" data-end=\"642\">digit\u00e1ln\u00ed displej<\/strong>, <strong data-start=\"648\" data-end=\"660\">VOPK 80k<\/strong> zaji\u0161\u0165uje bohatou chu\u0165, hust\u00fd kou\u0159 a plnou kontrolu nad \u00farovn\u00ed oleje a baterie. S mo\u017enostmi nikotinu na \u00farovni <strong data-start=\"764\" data-end=\"782\">0 %, 2 % a 5 %<\/strong>, vyhovuje jak p\u0159\u00edle\u017eitostn\u00fdm u\u017eivatel\u016fm, tak zku\u0161en\u00fdm vap\u00e9r\u016fm. Kompaktn\u00ed, ale v\u00fdkonn\u00fd, je to ide\u00e1ln\u00ed <strong data-start=\"878\" data-end=\"905\">jednor\u00e1zov\u00e1 sada mod\u016f vaporiz\u00e9r\u016f<\/strong> pro <b>u\u017eivatele<\/b>, p\u0159in\u00e1\u0161\u00ed modern\u00ed design a spolehliv\u00fd v\u00fdkon.<\/p>\n<p><strong><span style=\"color: #ff0000;\">P\u0159idejte si Amy na WhatsApp pro rychlou odpov\u011b\u010f a kup\u00f3n na vapky!<\/span><\/strong><\/p>\n<p><img fetchpriority=\"high\" decoding=\"async\" class=\"size-full wp-image-2932\" src=\"https:\/\/vapestornado.com\/wp-content\/uploads\/2024\/12\/Vape-Wholesale.jpg\" alt=\"Velkoobchod s vape\" width=\"229\" height=\"300\" \/><\/p>\n<h3><a href=\"https:\/\/wa.me\/8617776015835\" target=\"_blank\" rel=\"noopener\"><span style=\"color: #ff0000;\"><strong>WhatsApp: +86 17776015835<\/strong><\/span><\/a><\/h3>\n<p>&nbsp;<\/p>\n<h2><strong>VOPK 80000 Puff Funkce produktu<\/strong><\/h2>\n<h2 data-start=\"201\" data-end=\"249\"><\/h2>\n<ul data-start=\"251\" data-end=\"944\">\n<li data-start=\"251\" data-end=\"343\">\n<p data-start=\"253\" data-end=\"343\"><strong data-start=\"253\" data-end=\"277\">Obrovsk\u00fdch 80 000 Puf\u016f<\/strong> \u2013 navr\u017eeno pro dlouhodob\u00e9 pou\u017eit\u00ed, ide\u00e1ln\u00ed pro velkoobjemov\u00e9 a velkoobchodn\u00ed po\u017eadavky.<\/p>\n<\/li>\n<li data-start=\"344\" data-end=\"438\">\n<p data-start=\"346\" data-end=\"438\"><strong data-start=\"346\" data-end=\"370\">Syst\u00e9m p\u0159\u00edchut\u00ed 4 v 1<\/strong> \u2013 u\u017eijte si \u010dty\u0159i p\u0159\u00edchut\u011b v jednom za\u0159\u00edzen\u00ed, nen\u00ed t\u0159eba m\u011bnit cartridge.<\/p>\n<\/li>\n<li data-start=\"439\" data-end=\"518\">\n<p data-start=\"441\" data-end=\"518\"><strong data-start=\"441\" data-end=\"459\">0,9\u03a9 Mesh C\u00edvka<\/strong> \u2013 poskytuje konzistentn\u00ed hustotu par a zv\u00fd\u0161enou chu\u0165.<\/p>\n<\/li>\n<li data-start=\"519\" data-end=\"606\">\n<p data-start=\"521\" data-end=\"606\"><strong data-start=\"521\" data-end=\"552\">Dob\u00edjec\u00ed baterie 650 mAh<\/strong> \u2013 Rychl\u00e9 nab\u00edjen\u00ed p\u0159es Type-C v\u00e1s udr\u017e\u00ed v chodu.<\/p>\n<\/li>\n<li data-start=\"607\" data-end=\"693\">\n<p data-start=\"609\" data-end=\"693\"><strong data-start=\"609\" data-end=\"634\">Chytr\u00fd digit\u00e1ln\u00ed displej<\/strong> \u2013 sledujte \u017eivotnost baterie a hladinu e-liquidu v re\u00e1ln\u00e9m \u010dase.<\/p>\n<\/li>\n<li data-start=\"694\" data-end=\"776\">\n<p data-start=\"696\" data-end=\"776\"><strong data-start=\"696\" data-end=\"727\">Mo\u017enosti nikotinu: 0%, 2%, 5%<\/strong> \u2013 flexibilita pro r\u016fzn\u00e9 pot\u0159eby vapingu.<\/p>\n<\/li>\n<li data-start=\"777\" data-end=\"862\">\n<p data-start=\"779\" data-end=\"862\"><strong data-start=\"779\" data-end=\"807\">P\u0159enosn\u00fd a u\u017eivatelsky p\u0159\u00edv\u011btiv\u00fd<\/strong> \u2013 ergonomick\u00fd velk\u00fd \u00fastn\u00edk a lehk\u00fd design.<\/p>\n<\/li>\n<li data-start=\"863\" data-end=\"944\">\n<p data-start=\"865\" data-end=\"944\"><strong data-start=\"865\" data-end=\"885\">10 kombinac\u00ed p\u0159\u00edchut\u00ed<\/strong> \u2013 \u0161irok\u00e1 \u0161k\u00e1la pro uspokojen\u00ed r\u016fzn\u00fdch chu\u0165ov\u00fdch preferenc\u00ed.<\/p>\n<\/li>\n<\/ul>\n<figure id=\"attachment_4374\" aria-describedby=\"caption-attachment-4374\" style=\"width: 300px\" class=\"wp-caption alignnone\"><img decoding=\"async\" class=\"size-medium wp-image-4374\" src=\"https:\/\/vapestornado.com\/wp-content\/uploads\/2025\/09\/VOPK-80000-Puffs-Nicotine-Free-Disposable-Vape-300x300.webp\" alt=\"VOPK 80000 Puf\u016f Beznikotinov\u00e1 Jednor\u00e1zov\u00e1 Vape\" width=\"300\" height=\"300\" srcset=\"https:\/\/vapestornado.com\/wp-content\/uploads\/2025\/09\/VOPK-80000-Puffs-Nicotine-Free-Disposable-Vape-300x300.webp 300w, https:\/\/vapestornado.com\/wp-content\/uploads\/2025\/09\/VOPK-80000-Puffs-Nicotine-Free-Disposable-Vape-150x150.webp 150w, https:\/\/vapestornado.com\/wp-content\/uploads\/2025\/09\/VOPK-80000-Puffs-Nicotine-Free-Disposable-Vape-768x768.webp 768w, https:\/\/vapestornado.com\/wp-content\/uploads\/2025\/09\/VOPK-80000-Puffs-Nicotine-Free-Disposable-Vape-12x12.webp 12w, https:\/\/vapestornado.com\/wp-content\/uploads\/2025\/09\/VOPK-80000-Puffs-Nicotine-Free-Disposable-Vape-600x600.webp 600w, https:\/\/vapestornado.com\/wp-content\/uploads\/2025\/09\/VOPK-80000-Puffs-Nicotine-Free-Disposable-Vape-100x100.webp 100w, https:\/\/vapestornado.com\/wp-content\/uploads\/2025\/09\/VOPK-80000-Puffs-Nicotine-Free-Disposable-Vape.webp 800w\" sizes=\"(max-width: 300px) 100vw, 300px\" \/><figcaption id=\"caption-attachment-4374\" class=\"wp-caption-text\">VOPK 80000 Puf\u016f Beznikotinov\u00e1 Jednor\u00e1zov\u00e1 Vape<\/figcaption><\/figure>\n<h2 class=\"product-title\"><strong>VOPK 80000 Puff 80k Seznam p\u0159\u00edchut\u00ed 4 v 1<\/strong><\/h2>\n<p data-start=\"2550\" data-end=\"2736\">1. vodn\u00ed meloun led\/Triple meloun led\/Modr\u00fd razz led\/Jahodov\u00e9 zmrzliny<br \/>\n2. Bor\u016fvka malina\/ Fuji led\/ Sm\u00ed\u0161en\u00e9 bobule\/ Bor\u016fvka kokosov\u00e1 cukrovinka<br \/>\n3. Jahodovo vodn\u00ed meloun \/ \u010cernoryb\u00edzov\u00e9 hrozny \/ Mango led \/ Jahodovo malinov\u00e1 cukrovinka<br \/>\n4. Red Bull led \/ Maracuja kiwi limetka \/ Kysel\u00e9 jablko malinov\u00e1 Jahoda \/ Vodn\u00ed meloun \u017ev\u00fdka\u010dka<br \/>\n5. Bor\u016fvkov\u00e1 led \/ Broskev mango vodn\u00ed meloun \/ Meloun jablko \/ Perliv\u00e1 t\u0159e\u0161\u0148ov\u00e1 led<br \/>\n6. Jahodovo mango \/ Jahoda kiwi \/ Vodn\u00ed meloun Dra\u010d\u00ed ovoce \/ \u017dv\u00fdka\u010dka medv\u00eddek<br \/>\n7. Love 66 \/ Malinov\u00e1 vodn\u00ed meloun \/ Jahoda Malina t\u0159e\u0161e\u0148 \/ T\u0159e\u0161\u0148ov\u00e1 cukrovinka led<br \/>\n8. Jahoda ban\u00e1n \/ Ananas kokosov\u00e1 led \/ Mango broskev meru\u0148ka \/ Aloe mango meloun<br \/>\n9. Duha cukrovinka \/ Broskvov\u00e1 led \/ Citr\u00f3n kysl\u00e1 pomeran\u010d \/ \u010cernoryb\u00edz Citr\u00f3n<br \/>\n10. Kiwi maracuja guava \/ Jahoda t\u0159e\u0161e\u0148 \/ Hroznov\u00e1 led \/ Jahodov\u00e1 cukrovinka<\/p>\n<div class=\"flex-shrink-0 flex flex-col relative items-end\">\n<div class=\"pt-0\">\n<div class=\"gizmo-bot-avatar flex h-8 w-8 items-center justify-center overflow-hidden rounded-full\">\n<div class=\"relative p-1 rounded-sm flex items-center justify-center bg-token-main-surface-primary text-token-text-primary h-8 w-8\">\n<h2 data-start=\"1200\" data-end=\"1487\">Vapes Tornado \u2013 V\u00e1\u0161 velkoobchodn\u00ed online obchod s vaporiz\u00e9ry pro p\u0159edn\u00ed zna\u010dky vapovac\u00edch za\u0159\u00edzen\u00ed<\/h2>\n<p data-start=\"1200\" data-end=\"1487\"><strong data-start=\"141\" data-end=\"177\">Internetov\u00fd obchod s elektronick\u00fdmi cigaretami Vapes Tornado<\/strong> je v\u00e1\u0161 d\u016fv\u011bryhodn\u00fd zdroj pro <strong data-start=\"205\" data-end=\"270\">pr\u00e9miov\u00e9 jednor\u00e1zov\u00e9 vaporiz\u00e9ry a velkoobchodn\u00ed e-cigarety v Evrop\u011b<\/strong>. Nab\u00edz\u00edme nejprod\u00e1van\u011bj\u0161\u00ed zna\u010dky jako <strong data-start=\"307\" data-end=\"362\"><a href=\"https:\/\/vapestornado.com\/cs\/product\/elf-bar-raya-d3-25000-puffs-best-disposable-vape-wholesale-in-uk\/\">ELF BAR VAPE<\/a>, <a href=\"https:\/\/vapestornado.com\/cs\/product\/randm-tornado-15000-disposable-vape-wholesale-price\/\">Fumot VAPE<\/a>, <a href=\"https:\/\/vapestornado.com\/cs\/product\/original-vozol-star-40000-puff-40k-best-disposable-vape-2025-wholesale-cheap-price\/\">VOZOL VAPE<\/a>, Bang Vape<\/strong>, a dal\u0161\u00ed, zaji\u0161\u0165uj\u00edc\u00ed kvalitu a rozmanitost pro ka\u017ed\u00e9ho z\u00e1kazn\u00edka. A\u0165 u\u017e jste individu\u00e1ln\u00ed vap\u00e9r nebo velkoobchodn\u00ed kupuj\u00edc\u00ed, dod\u00e1v\u00e1me <strong data-start=\"481\" data-end=\"550\">vysoce v\u00fdkonn\u00e9 za\u0159\u00edzen\u00ed, stylov\u00e9 designy a konkurenceschopn\u00e9 ceny<\/strong> k napln\u011bn\u00ed va\u0161ich pot\u0159eb.<\/p>\n<h2 data-start=\"2064\" data-end=\"2115\">\u010casto kladen\u00e9 ot\u00e1zky o VOPK 80000 Puf 80k 4 v 1 Jednor\u00e1zov\u00e9m vaporiz\u00e9ru<\/h2>\n<p data-start=\"1035\" data-end=\"1198\"><strong data-start=\"1035\" data-end=\"1107\">Q1: Kolik puf\u016f poskytuje VOPK 80000 Puf Jednor\u00e1zov\u00fd vaporiz\u00e9r?<\/strong><br data-start=\"1107\" data-end=\"1110\" \/>A1: Ka\u017ed\u00e9 za\u0159\u00edzen\u00ed vydr\u017e\u00ed a\u017e <strong data-start=\"1141\" data-end=\"1157\">80 000 puf\u016f<\/strong>, co\u017e ho \u010din\u00ed ide\u00e1ln\u00edm pro dlouhodob\u00e9 pou\u017e\u00edv\u00e1n\u00ed.<\/p>\n<p data-start=\"1200\" data-end=\"1379\"><strong data-start=\"1200\" data-end=\"1281\">Q2: \u010c\u00edm je VOPK 80k jedine\u010dn\u00fd ve srovn\u00e1n\u00ed s jin\u00fdmi jednor\u00e1zov\u00fdmi vaporiz\u00e9ry online?<\/strong><br data-start=\"1281\" data-end=\"1284\" \/>A2: M\u00e1 funkci <strong data-start=\"1302\" data-end=\"1326\">4-v-1 syst\u00e9m p\u0159\u00edchut\u00ed<\/strong>, kter\u00fd v\u00e1m umo\u017en\u00ed u\u017e\u00edvat si \u010dty\u0159i p\u0159\u00edchut\u011b v jednom za\u0159\u00edzen\u00ed.<\/p>\n<p data-start=\"1381\" data-end=\"1530\"><strong data-start=\"1381\" data-end=\"1433\">Q3: Podporuje VOPK 80000 Puf nab\u00edjen\u00ed?<\/strong><br data-start=\"1433\" data-end=\"1436\" \/>A3: Ano, je vybaven <strong data-start=\"1461\" data-end=\"1499\">Dob\u00edjec\u00ed baterie 650 mAh Type-C<\/strong> pro efektivn\u00ed rychl\u00e9 nab\u00edjen\u00ed.<\/p>\n<p data-start=\"1532\" data-end=\"1693\"><strong data-start=\"1532\" data-end=\"1610\">Q4: Jak\u00e9 nikotinov\u00e9 s\u00edly jsou dostupn\u00e9 pro jednor\u00e1zovou vape VOPK 80k?<\/strong><br data-start=\"1610\" data-end=\"1613\" \/>A4: Mo\u017enosti zahrnuj\u00ed <strong data-start=\"1633\" data-end=\"1651\">0 %, 2 % a 5 %<\/strong>, kter\u00e9 vyhovuj\u00ed pot\u0159eb\u00e1m r\u016fzn\u00fdch vaper\u016f.<\/p>\n<p data-start=\"1695\" data-end=\"1910\"><strong data-start=\"1695\" data-end=\"1762\">Q5: Pro\u010d je VOPK 80k popul\u00e1rn\u00ed na velkoobchodn\u00edch trz\u00edch v Evrop\u011b?<\/strong><br data-start=\"1762\" data-end=\"1765\" \/>A5: Jeho <strong data-start=\"1773\" data-end=\"1840\">vysok\u00e1 kapacita na potah, displej na obrazovce a r\u016fzn\u00e9 volby p\u0159\u00edchut\u00ed<\/strong> ho \u010din\u00ed velmi atraktivn\u00edm pro velkoobchodn\u00ed kupce a mlad\u00e9 spot\u0159ebitele.<\/p>\n<\/div>\n<\/div>\n<\/div>\n<\/div>","protected":false},"excerpt":{"rendered":"<p data-start=\"2159\" data-end=\"2246\"><strong data-start=\"2159\" data-end=\"2244\">VOPK Jednor\u00e1zov\u00e9 vaporiz\u00e9ry 80000 Puf\u016f \u2013 P\u0159\u00edchu\u0165 4-v-1, 80 tis\u00edc puf\u016f, nejlep\u0161\u00ed velkoobchodn\u00ed cena<\/strong><\/p>\n<p data-start=\"2250\" data-end=\"2331\"><strong data-start=\"2250\" data-end=\"2329\">Velkoobchod VOPK Jednor\u00e1zov\u00e9 vaporiz\u00e9ry 80k \u2013 Displej na obrazovce &amp; Dob\u00edjec\u00ed<\/strong><\/p>\n<p data-start=\"2335\" data-end=\"2416\"><strong data-start=\"2335\" data-end=\"2414\">VOPK Jednor\u00e1zov\u00fd vaporiz\u00e9r 80000 Puf\u016f 4-v-1 \u2013 Pr\u00e9miov\u00e9 vaporiz\u00e9ry online pro trh v \u010cR<\/strong><\/p>\n<p><strong>P\u0159idejte si Amy na Whatsapp, abyste z\u00edskali spr\u00e1vnou odpov\u011b\u010f a slevu!<\/strong><\/p>\n<p><img fetchpriority=\"high\" decoding=\"async\" class=\"size-full wp-image-2932\" src=\"https:\/\/vapestornado.com\/wp-content\/uploads\/2024\/12\/Vape-Wholesale.jpg\" alt=\"Velkoobchod s vape\" width=\"229\" height=\"300\" \/><\/p>\n<h3><a href=\"https:\/\/wa.me\/8617776015835\"><span style=\"color: #ff0000;\"><strong>WhatsApp: +86 17776015835<\/strong><\/span><\/a><\/h3>","protected":false},"featured_media":4373,"comment_status":"open","ping_status":"closed","template":"","meta":{"_acf_changed":false,"_uag_custom_page_level_css":"","_lmt_disableupdate":"no","_lmt_disable":"","_monsterinsights_skip_tracking":false,"_monsterinsights_sitenote_active":false,"_monsterinsights_sitenote_note":"","_monsterinsights_sitenote_category":0,"site-sidebar-layout":"default","site-content-layout":"","ast-site-content-layout":"default","site-content-style":"default","site-sidebar-style":"default","ast-global-header-display":"","ast-banner-title-visibility":"","ast-main-header-display":"","ast-hfb-above-header-display":"","ast-hfb-below-header-display":"","ast-hfb-mobile-header-display":"","site-post-title":"","ast-breadcrumbs-content":"","ast-featured-img":"","footer-sml-layout":"","ast-disable-related-posts":"","theme-transparent-header-meta":"default","adv-header-id-meta":"","stick-header-meta":"","header-above-stick-meta":"","header-main-stick-meta":"","header-below-stick-meta":"","astra-migrate-meta-layouts":"set","ast-page-background-enabled":"default","ast-page-background-meta":{"desktop":{"background-color":"","background-image":"","background-repeat":"repeat","background-position":"center center","background-size":"auto","background-attachment":"scroll","background-type":"","background-media":"","overlay-type":"","overlay-color":"","overlay-opacity":"","overlay-gradient":""},"tablet":{"background-color":"","background-image":"","background-repeat":"repeat","background-position":"center center","background-size":"auto","background-attachment":"scroll","background-type":"","background-media":"","overlay-type":"","overlay-color":"","overlay-opacity":"","overlay-gradient":""},"mobile":{"background-color":"","background-image":"","background-repeat":"repeat","background-position":"center center","background-size":"auto","background-attachment":"scroll","background-type":"","background-media":"","overlay-type":"","overlay-color":"","overlay-opacity":"","overlay-gradient":""}},"ast-content-background-meta":{"desktop":{"background-color":"var(--ast-global-color-5)","background-image":"","background-repeat":"repeat","background-position":"center center","background-size":"auto","background-attachment":"scroll","background-type":"","background-media":"","overlay-type":"","overlay-color":"","overlay-opacity":"","overlay-gradient":""},"tablet":{"background-color":"var(--ast-global-color-5)","background-image":"","background-repeat":"repeat","background-position":"center center","background-size":"auto","background-attachment":"scroll","background-type":"","background-media":"","overlay-type":"","overlay-color":"","overlay-opacity":"","overlay-gradient":""},"mobile":{"background-color":"var(--ast-global-color-5)","background-image":"","background-repeat":"repeat","background-position":"center center","background-size":"auto","background-attachment":"scroll","background-type":"","background-media":"","overlay-type":"","overlay-color":"","overlay-opacity":"","overlay-gradient":""}},"_joinchat":[]},"product_brand":[],"product_cat":[344,149,153,156,158,142,143,144,146,290],"product_tag":[378,380,368,381,377,379],"class_list":{"0":"post-4379","1":"product","2":"type-product","3":"status-publish","4":"has-post-thumbnail","6":"product_cat-80000-puff","7":"product_cat-buy-disposable-vapes-in-austria","8":"product_cat-buy-disposable-vapes-in-italy","9":"product_cat-buy-disposable-vapes-in-poland","10":"product_cat-buy-disposable-vapes-in-spain","11":"product_cat-digital-box-disposable-vapes","12":"product_cat-dual-mesh-disposable-vapes","13":"product_cat-low-nicotine-disposable-vapes","14":"product_cat-rechargeable-disposable-vapes","15":"product_cat-vopk-vape","16":"product_tag-4-in-1-vape","17":"product_tag-disposable-vapes-online","18":"product_tag-disposable-vapor","19":"product_tag-vapes-online-wholesale","20":"product_tag-vopk-80000-puff","21":"product_tag-vopk-80k","22":"desktop-align-left","23":"tablet-align-left","24":"mobile-align-left","26":"first","27":"instock","28":"sale","29":"shipping-taxable","30":"purchasable","31":"product-type-simple"},"acf":[],"uagb_featured_image_src":{"full":["https:\/\/vapestornado.com\/wp-content\/uploads\/2025\/09\/VOPK-80k-80000-Puffs-Disposable-Vape-Mod-Kits.webp",800,800,false],"thumbnail":["https:\/\/vapestornado.com\/wp-content\/uploads\/2025\/09\/VOPK-80k-80000-Puffs-Disposable-Vape-Mod-Kits-150x150.webp",150,150,true],"medium":["https:\/\/vapestornado.com\/wp-content\/uploads\/2025\/09\/VOPK-80k-80000-Puffs-Disposable-Vape-Mod-Kits-300x300.webp",300,300,true],"medium_large":["https:\/\/vapestornado.com\/wp-content\/uploads\/2025\/09\/VOPK-80k-80000-Puffs-Disposable-Vape-Mod-Kits-768x768.webp",768,768,true],"large":["https:\/\/vapestornado.com\/wp-content\/uploads\/2025\/09\/VOPK-80k-80000-Puffs-Disposable-Vape-Mod-Kits.webp",800,800,false],"1536x1536":["https:\/\/vapestornado.com\/wp-content\/uploads\/2025\/09\/VOPK-80k-80000-Puffs-Disposable-Vape-Mod-Kits.webp",800,800,false],"2048x2048":["https:\/\/vapestornado.com\/wp-content\/uploads\/2025\/09\/VOPK-80k-80000-Puffs-Disposable-Vape-Mod-Kits.webp",800,800,false],"trp-custom-language-flag":["https:\/\/vapestornado.com\/wp-content\/uploads\/2025\/09\/VOPK-80k-80000-Puffs-Disposable-Vape-Mod-Kits-12x12.webp",12,12,true],"woocommerce_thumbnail":["https:\/\/vapestornado.com\/wp-content\/uploads\/2025\/09\/VOPK-80k-80000-Puffs-Disposable-Vape-Mod-Kits-300x300.webp",300,300,true],"woocommerce_single":["https:\/\/vapestornado.com\/wp-content\/uploads\/2025\/09\/VOPK-80k-80000-Puffs-Disposable-Vape-Mod-Kits-600x600.webp",600,600,true],"woocommerce_gallery_thumbnail":["https:\/\/vapestornado.com\/wp-content\/uploads\/2025\/09\/VOPK-80k-80000-Puffs-Disposable-Vape-Mod-Kits-100x100.webp",100,100,true]},"uagb_author_info":{"display_name":"ESAMY","author_link":"https:\/\/vapestornado.com\/cs\/author\/"},"uagb_comment_info":1,"uagb_excerpt":"VOPK 80000 Puff Disposable Vapes \u2013 4-in-1 Flavor, 80k Puffs, Best Wholesale Price Wholesale VOPK 80k Disposable Vape Mod Kits \u2013 Screen Display &amp; Rechargeable VOPK 80000 Puff 4-in-1 Disposable Vape Kit\u2013 Premium Vapes Online for EU Market Add Amy's whatsapp to get right reply and discount price! WhatsApp: +86 17776015835","_links":{"self":[{"href":"https:\/\/vapestornado.com\/cs\/wp-json\/wp\/v2\/product\/4379","targetHints":{"allow":["GET"]}}],"collection":[{"href":"https:\/\/vapestornado.com\/cs\/wp-json\/wp\/v2\/product"}],"about":[{"href":"https:\/\/vapestornado.com\/cs\/wp-json\/wp\/v2\/types\/product"}],"replies":[{"embeddable":true,"href":"https:\/\/vapestornado.com\/cs\/wp-json\/wp\/v2\/comments?post=4379"}],"wp:featuredmedia":[{"embeddable":true,"href":"https:\/\/vapestornado.com\/cs\/wp-json\/wp\/v2\/media\/4373"}],"wp:attachment":[{"href":"https:\/\/vapestornado.com\/cs\/wp-json\/wp\/v2\/media?parent=4379"}],"wp:term":[{"taxonomy":"product_brand","embeddable":true,"href":"https:\/\/vapestornado.com\/cs\/wp-json\/wp\/v2\/product_brand?post=4379"},{"taxonomy":"product_cat","embeddable":true,"href":"https:\/\/vapestornado.com\/cs\/wp-json\/wp\/v2\/product_cat?post=4379"},{"taxonomy":"product_tag","embeddable":true,"href":"https:\/\/vapestornado.com\/cs\/wp-json\/wp\/v2\/product_tag?post=4379"}],"curies":[{"name":"wp","href":"https:\/\/api.w.org\/{rel}","templated":true}]}}