{"id":4369,"date":"2025-09-20T09:23:19","date_gmt":"2025-09-20T09:23:19","guid":{"rendered":"https:\/\/vapestornado.com\/?post_type=product&#038;p=4369"},"modified":"2025-09-23T08:18:09","modified_gmt":"2025-09-23T08:18:09","slug":"okso-70000-puff-3-in-1-flavor-adjustable-disposable-vape-pod","status":"publish","type":"product","link":"https:\/\/vapestornado.com\/cs\/product\/okso-70000-puff-3-in-1-flavor-adjustable-disposable-vape-pod\/","title":{"rendered":"OKSO 70000 Puf 3 v 1 P\u0159izp\u016fsobiteln\u00e1 jednor\u00e1zov\u00e1 vape pod s p\u0159\u00edchut\u00ed"},"content":{"rendered":"<h2 data-pm-slice=\"1 1 []\">OKSO 70000 Puf 3 v 1 P\u0159izp\u016fsobiteln\u00e1 jednor\u00e1zov\u00e1 vape pod s p\u0159\u00edchut\u00ed<\/h2>\n<p data-start=\"204\" data-end=\"627\">Ten <strong data-start=\"208\" data-end=\"247\">OKSO 70000 Puff Jednor\u00e1zov\u00fd vape pod<\/strong> je navr\u017een pro vapery, kte\u0159\u00ed cht\u011bj\u00ed maxim\u00e1ln\u00ed v\u00fdkon a rozmanitost v jednom elegantn\u00edm za\u0159\u00edzen\u00ed. S <strong data-start=\"338\" data-end=\"367\">p\u016fsobiv\u00fdm po\u010dtem pot\u00e1hnut\u00ed 70k<\/strong>, s <strong data-start=\"371\" data-end=\"395\">syst\u00e9mem t\u0159\u00ed chut\u00ed<\/strong>, a <strong data-start=\"401\" data-end=\"423\">Nastaviteln\u00fd pr\u016ftok vzduchu<\/strong>, nastavuje nov\u00fd standard pro dlouhotrvaj\u00edc\u00ed jednor\u00e1zov\u00e9 vaporiz\u00e9ry. Ka\u017ed\u00fd pod obsahuje <strong data-start=\"498\" data-end=\"526\">48 ml e-tekutiny (16 ml \u00d7 3)<\/strong>, co\u017e v\u00e1m d\u00e1v\u00e1 t\u0159i odv\u00e1\u017en\u00e9 volby chuti v jednom za\u0159\u00edzen\u00ed \u2014 voln\u011b p\u0159ep\u00ednejte a u\u017e\u00edvejte si \u010derstvou chu\u0165 kdykoliv.<\/p>\n<p data-start=\"629\" data-end=\"1100\">Ten <strong data-start=\"633\" data-end=\"650\">OKSO 70 000 potah\u016f<\/strong> je vybaveno <strong data-start=\"671\" data-end=\"702\">technologie trojit\u00e9 s\u00ed\u0165ov\u00e9 spir\u00e1ly<\/strong> pro hladk\u00fd, hust\u00fd vapor a konzistentn\u00ed chu\u0165 od za\u010d\u00e1tku do konce. Jeho <strong data-start=\"774\" data-end=\"812\">Dob\u00edjec\u00ed baterie 650 mAh Type-C<\/strong> a <strong data-start=\"817\" data-end=\"839\">LED displej<\/strong> v\u00e1s informuje o \u00farovni oleje a nap\u00e1jen\u00ed, co\u017e zaji\u0161\u0165uje \u017e\u00e1dn\u00e1 p\u0159ekvapen\u00ed. Navr\u017eeno s ohledem na vapery z \u010cR, tento pod vyva\u017euje <strong data-start=\"959\" data-end=\"976\">obrovskou kapacitu<\/strong>, <strong data-start=\"978\" data-end=\"1000\">flexibilitu chuti<\/strong>, a <strong data-start=\"1006\" data-end=\"1023\">modern\u00ed design<\/strong>, co\u017e z n\u011bj \u010din\u00ed jedno z <strong data-start=\"1046\" data-end=\"1097\">nejlep\u0161\u00ed nastaviteln\u00e9 jednor\u00e1zov\u00e9 vaporiz\u00e9ry s chut\u00ed roku 2025<\/strong>.<\/p>\n<p data-start=\"1102\" data-end=\"1247\">A\u0165 u\u017e pro <strong data-start=\"1114\" data-end=\"1134\">velkoobchodn\u00ed kupce<\/strong> or <strong data-start=\"1138\" data-end=\"1158\">individu\u00e1ln\u00ed u\u017eivatel\u00e9<\/strong>, <strong data-start=\"1164\" data-end=\"1183\">OKSO 70000 Puf<\/strong> je \u0161pi\u010dkou na trhu jednor\u00e1zov\u00fdch vaporiz\u00e9r\u016f.<\/p>\n<p><strong><span style=\"color: #ff0000;\">P\u0159idejte si Amy na WhatsApp pro rychlou odpov\u011b\u010f a kup\u00f3n na vapky!<\/span><\/strong><\/p>\n<p><img fetchpriority=\"high\" decoding=\"async\" class=\"size-full wp-image-2932\" src=\"https:\/\/vapestornado.com\/wp-content\/uploads\/2024\/12\/Vape-Wholesale.jpg\" alt=\"Velkoobchod s vape\" width=\"229\" height=\"300\" \/><\/p>\n<h3><a href=\"https:\/\/wa.me\/8617776015835\" target=\"_blank\" rel=\"noopener\"><span style=\"color: #ff0000;\"><strong>WhatsApp: +86 17776015835<\/strong><\/span><\/a><\/h3>\n<p>&nbsp;<\/p>\n<h2><strong>Funkce produktu OKSO 70000 Puf\u016f<\/strong><\/h2>\n<p>Pufy: 70000 puf\u016f<br \/>\nJ\u00e1dro: Mesh c\u00edvka *3<br \/>\nE-liquid: 48ml (16ml*3)<br \/>\nNikotin: 0%\/2%\/3%\/5%<br \/>\nBaterie: 650mAh, dob\u00edjen\u00ed Type C<br \/>\nDisplej LED obrazovky pro olej a baterii<br \/>\nHmotnost produktu: 134,5g\/ks<br \/>\nVelikost produktu: 45*44*127mm<\/p>\n<figure id=\"attachment_4365\" aria-describedby=\"caption-attachment-4365\" style=\"width: 300px\" class=\"wp-caption alignnone\"><img decoding=\"async\" class=\"size-medium wp-image-4365\" src=\"https:\/\/vapestornado.com\/wp-content\/uploads\/2025\/09\/OKSO-3in1-70000-Puffs-Disposable-Vape-300x300.webp\" alt=\"OKSO 3 v 1 Jednor\u00e1zov\u00fd vaporiz\u00e9r 70000 Puf\u016f\" width=\"300\" height=\"300\" srcset=\"https:\/\/vapestornado.com\/wp-content\/uploads\/2025\/09\/OKSO-3in1-70000-Puffs-Disposable-Vape-300x300.webp 300w, https:\/\/vapestornado.com\/wp-content\/uploads\/2025\/09\/OKSO-3in1-70000-Puffs-Disposable-Vape-150x150.webp 150w, https:\/\/vapestornado.com\/wp-content\/uploads\/2025\/09\/OKSO-3in1-70000-Puffs-Disposable-Vape-768x768.webp 768w, https:\/\/vapestornado.com\/wp-content\/uploads\/2025\/09\/OKSO-3in1-70000-Puffs-Disposable-Vape-12x12.webp 12w, https:\/\/vapestornado.com\/wp-content\/uploads\/2025\/09\/OKSO-3in1-70000-Puffs-Disposable-Vape-600x600.webp 600w, https:\/\/vapestornado.com\/wp-content\/uploads\/2025\/09\/OKSO-3in1-70000-Puffs-Disposable-Vape-100x100.webp 100w, https:\/\/vapestornado.com\/wp-content\/uploads\/2025\/09\/OKSO-3in1-70000-Puffs-Disposable-Vape.webp 800w\" sizes=\"(max-width: 300px) 100vw, 300px\" \/><figcaption id=\"caption-attachment-4365\" class=\"wp-caption-text\">OKSO 3 v 1 Jednor\u00e1zov\u00fd vaporiz\u00e9r 70000 Puf\u016f<\/figcaption><\/figure>\n<h2 class=\"product-title\"><strong>Seznam p\u0159\u00edchut\u00ed OKSO 70000 Puf\u016f<\/strong><\/h2>\n<p data-start=\"2550\" data-end=\"2736\">1. Bor\u016fvka Malina\\Sm\u00ed\u0161en\u00e9 bobule\\Jablko Broskev<br \/>\n2. Meloun s ledem\\Pan Modr\u00fd\\Zelen\u00e9 hrozny s melounem<br \/>\n3. Jahoda s ledem\\D\u017eungle \u0161\u0165\u00e1va\\Drakovo meloun<br \/>\n4. Hroznov\u00fd led\\\u010cern\u00fd ryb\u00edz s ledem\\Bobulov\u00fd d\u017eem<br \/>\n5. T\u0159e\u0161\u0148ov\u00fd led\\Dv\u011b jablka\\Jahoda malina t\u0159e\u0161e\u0148 s ledem<br \/>\n6. \u0160\u0165avnat\u00e1 broskev\\T\u0159e\u0161\u0148ov\u00e1 cola\\M\u011bkk\u00e9 t\u0159e\u0161\u0148ov\u00e9 bonbony<br \/>\n7. Jahoda Kiwi\\Melounov\u00e1 bublinkov\u00e1 \u017ev\u00fdka\u010dka\\Trojit\u00e1 mango s ledem<br \/>\n8.Kiwi Passion Fruit Guava\\Cola led\\Passion Fruit Mango led<br \/>\n9.Ananas led\\Jahoda Meloun\\Jahoda Hroznov\u00e9 v\u00edno<br \/>\n10.Sv\u011b\u017e\u00ed m\u00e1ta\\Citron Limeta\\Melounov\u00fd Mojito<\/p>\n<div class=\"flex-shrink-0 flex flex-col relative items-end\">\n<div class=\"pt-0\">\n<div class=\"gizmo-bot-avatar flex h-8 w-8 items-center justify-center overflow-hidden rounded-full\">\n<div class=\"relative p-1 rounded-sm flex items-center justify-center bg-token-main-surface-primary text-token-text-primary h-8 w-8\">\n<h2 data-start=\"1200\" data-end=\"1487\">Vapes Tornado \u2013 V\u00e1\u0161 velkoobchodn\u00ed online vape shop pro \u0161pi\u010dkov\u00e9 zna\u010dky vape v Evrop\u011b<\/h2>\n<p data-start=\"1200\" data-end=\"1487\"><strong data-start=\"213\" data-end=\"248\">Internetov\u00fd obchod s elektronick\u00fdmi cigaretami Vapes Tornado<\/strong> je va\u0161e d\u016fv\u011bryhodn\u00e1 destinace pro vysoce kvalitn\u00ed jednor\u00e1zov\u00e9 vapy a velkoobchodn\u00ed e-cigarety po cel\u00e9 Evrop\u011b. Specializujeme se na nab\u00eddku \u0161irok\u00e9ho v\u00fdb\u011bru<strong data-start=\"403\" data-end=\"431\">\u00a0obl\u00edben\u00e9 zna\u010dky vape<\/strong>, v\u010detn\u011b <strong data-start=\"443\" data-end=\"502\"><a href=\"https:\/\/vapestornado.com\/cs\/product-category\/elf-bar-vape\/\">ELF BAR VAPE<\/a>, Vapme VAPE, <a href=\"https:\/\/vapestornado.com\/cs\/product\/vozol-gear-power-20k-20000-puffs-vape-rechargeable-disposable-box-bulk-buy-cheap-price\/\">VOZOL VAPE<\/a><\/strong><strong data-start=\"443\" data-end=\"502\">, a <a href=\"https:\/\/vapestornado.com\/cs\/product-category\/bang-vape\/\">Bang Vape<\/a><\/strong>. N\u00e1\u0161 obchod je postaven tak, aby slou\u017eil jak individu\u00e1ln\u00edm z\u00e1kazn\u00edk\u016fm, tak velkoobchodn\u00edm odb\u011bratel\u016fm, a poskytuje spolehliv\u00e9 produkty, kter\u00e9 kombinuj\u00ed siln\u00fd v\u00fdkon, stylov\u00fd design a konkurenceschopn\u00e9 ceny.<\/p>\n<h2 data-start=\"2064\" data-end=\"2115\">\u010casto kladen\u00e9 ot\u00e1zky o jednor\u00e1zov\u00e9m vaporiz\u00e9ru OKSO 70000 Puf<\/h2>\n<p data-start=\"1275\" data-end=\"1451\"><strong data-start=\"1275\" data-end=\"1351\">Q1: Kolik puf\u016f poskytne jednor\u00e1zov\u00fd vaporiz\u00e9r OKSO 70000 Puf?<\/strong><br data-start=\"1351\" data-end=\"1354\" \/>A1: A\u017e <strong data-start=\"1364\" data-end=\"1380\">70 000 puf\u016f<\/strong> d\u00edky sv\u00e9 velk\u00e9 kapacit\u011b e-liquidu 48 ml a efektivn\u00edm meshov\u00fdm c\u00edvk\u00e1m.<\/p>\n<p data-start=\"1453\" data-end=\"1655\"><strong data-start=\"1453\" data-end=\"1528\">Q2: \u010c\u00edm se OKSO 70k Puff li\u0161\u00ed od jin\u00fdch jednor\u00e1zov\u00fdch vaporiz\u00e9r\u016f?<\/strong><br data-start=\"1528\" data-end=\"1531\" \/>A2: M\u00e1 funkci <strong data-start=\"1549\" data-end=\"1573\">syst\u00e9mem t\u0159\u00ed chut\u00ed<\/strong> s nastavovateln\u00fdm pr\u016ftokem vzduchu, kter\u00fd v\u00e1m umo\u017en\u00ed u\u017e\u00edvat si t\u0159i pr\u00e9miov\u00e9 p\u0159\u00edchut\u011b v jednom za\u0159\u00edzen\u00ed.<\/p>\n<p data-start=\"1657\" data-end=\"1813\"><strong data-start=\"1657\" data-end=\"1701\">Q3: Je OKSO 70000 Puff dob\u00edjec\u00ed?<\/strong><br data-start=\"1701\" data-end=\"1704\" \/>A3: Ano, m\u00e1 <strong data-start=\"1722\" data-end=\"1760\">Dob\u00edjec\u00ed baterie 650 mAh Type-C<\/strong> s LED displejem zobrazuj\u00edc\u00edm stav oleje a baterie.<\/p>\n<p data-start=\"1815\" data-end=\"1979\"><strong data-start=\"1815\" data-end=\"1893\">Q4: Jak\u00e9 s\u00edly nikotinu jsou k dispozici pro jednor\u00e1zov\u00fd vaporiz\u00e9r OKSO 70k Puff?<\/strong><br data-start=\"1893\" data-end=\"1896\" \/>A4: Mo\u017enosti zahrnuj\u00ed <strong data-start=\"1916\" data-end=\"1946\">0%, 2%, 3% a 5% nikotin<\/strong> pro r\u016fzn\u00e9 preference.<\/p>\n<p data-start=\"1981\" data-end=\"2177\"><strong data-start=\"1981\" data-end=\"2047\">Q5: Pro koho je ur\u010dena jednor\u00e1zov\u00e1 vaporiz\u00e9rov\u00e1 kazeta OKSO 70k Puff?<\/strong><br data-start=\"2047\" data-end=\"2050\" \/>A5: Je ide\u00e1ln\u00ed pro <strong data-start=\"2069\" data-end=\"2119\">mu\u017esk\u00e9 spot\u0159ebitele ve v\u011bku 25\u201335 let na trhu v \u010cR<\/strong> kte\u0159\u00ed cht\u011bj\u00ed dlouhotrvaj\u00edc\u00ed, plnou chuti z\u00e1\u017eitek z vapov\u00e1n\u00ed.<\/p>\n<\/div>\n<\/div>\n<\/div>\n<\/div>","protected":false},"excerpt":{"rendered":"<p data-start=\"2514\" data-end=\"2583\"><strong data-start=\"2514\" data-end=\"2581\">OKSO 70K Puff 3-in-1 Jednor\u00e1zov\u00fd vaporiz\u00e9r \u2013 Velk\u00e9 pot\u00e1hnut\u00ed, je\u0161t\u011b v\u011bt\u0161\u00ed chu\u0165<\/strong><\/p>\n<p data-start=\"2587\" data-end=\"2663\"><strong data-start=\"2587\" data-end=\"2661\">Velkoobchod OKSO 70000 Puff Vape Pod \u2013 Trojit\u00e1 chu\u0165, nastaviteln\u00e9 proud\u011bn\u00ed vzduchu<\/strong><\/p>\n<p data-start=\"2667\" data-end=\"2739\"><strong data-start=\"2667\" data-end=\"2737\">OKSO 70000 Jednor\u00e1zov\u00fd vape pod \u2013 Nejlep\u0161\u00ed 70K pot\u00e1hnut\u00ed vape 2025 na trhu EU<\/strong><\/p>\n<p><strong>P\u0159idejte si Amy na Whatsapp, abyste z\u00edskali spr\u00e1vnou odpov\u011b\u010f a slevu!<\/strong><\/p>\n<p><img fetchpriority=\"high\" decoding=\"async\" class=\"size-full wp-image-2932\" src=\"https:\/\/vapestornado.com\/wp-content\/uploads\/2024\/12\/Vape-Wholesale.jpg\" alt=\"Velkoobchod s vape\" width=\"229\" height=\"300\" \/><\/p>\n<h3><a href=\"https:\/\/wa.me\/8617776015835\"><span style=\"color: #ff0000;\"><strong>WhatsApp: +86 17776015835<\/strong><\/span><\/a><\/h3>","protected":false},"featured_media":4364,"comment_status":"open","ping_status":"closed","template":"","meta":{"_acf_changed":false,"_uag_custom_page_level_css":"","_lmt_disableupdate":"no","_lmt_disable":"","_monsterinsights_skip_tracking":false,"_monsterinsights_sitenote_active":false,"_monsterinsights_sitenote_note":"","_monsterinsights_sitenote_category":0,"site-sidebar-layout":"default","site-content-layout":"","ast-site-content-layout":"default","site-content-style":"default","site-sidebar-style":"default","ast-global-header-display":"","ast-banner-title-visibility":"","ast-main-header-display":"","ast-hfb-above-header-display":"","ast-hfb-below-header-display":"","ast-hfb-mobile-header-display":"","site-post-title":"","ast-breadcrumbs-content":"","ast-featured-img":"","footer-sml-layout":"","ast-disable-related-posts":"","theme-transparent-header-meta":"default","adv-header-id-meta":"","stick-header-meta":"","header-above-stick-meta":"","header-main-stick-meta":"","header-below-stick-meta":"","astra-migrate-meta-layouts":"set","ast-page-background-enabled":"default","ast-page-background-meta":{"desktop":{"background-color":"","background-image":"","background-repeat":"repeat","background-position":"center center","background-size":"auto","background-attachment":"scroll","background-type":"","background-media":"","overlay-type":"","overlay-color":"","overlay-opacity":"","overlay-gradient":""},"tablet":{"background-color":"","background-image":"","background-repeat":"repeat","background-position":"center center","background-size":"auto","background-attachment":"scroll","background-type":"","background-media":"","overlay-type":"","overlay-color":"","overlay-opacity":"","overlay-gradient":""},"mobile":{"background-color":"","background-image":"","background-repeat":"repeat","background-position":"center center","background-size":"auto","background-attachment":"scroll","background-type":"","background-media":"","overlay-type":"","overlay-color":"","overlay-opacity":"","overlay-gradient":""}},"ast-content-background-meta":{"desktop":{"background-color":"var(--ast-global-color-5)","background-image":"","background-repeat":"repeat","background-position":"center center","background-size":"auto","background-attachment":"scroll","background-type":"","background-media":"","overlay-type":"","overlay-color":"","overlay-opacity":"","overlay-gradient":""},"tablet":{"background-color":"var(--ast-global-color-5)","background-image":"","background-repeat":"repeat","background-position":"center center","background-size":"auto","background-attachment":"scroll","background-type":"","background-media":"","overlay-type":"","overlay-color":"","overlay-opacity":"","overlay-gradient":""},"mobile":{"background-color":"var(--ast-global-color-5)","background-image":"","background-repeat":"repeat","background-position":"center center","background-size":"auto","background-attachment":"scroll","background-type":"","background-media":"","overlay-type":"","overlay-color":"","overlay-opacity":"","overlay-gradient":""}},"_joinchat":[]},"product_brand":[],"product_cat":[149,153,156,158,142,143,144,146],"product_tag":[368,374,375,376],"class_list":{"0":"post-4369","1":"product","2":"type-product","3":"status-publish","4":"has-post-thumbnail","6":"product_cat-buy-disposable-vapes-in-austria","7":"product_cat-buy-disposable-vapes-in-italy","8":"product_cat-buy-disposable-vapes-in-poland","9":"product_cat-buy-disposable-vapes-in-spain","10":"product_cat-digital-box-disposable-vapes","11":"product_cat-dual-mesh-disposable-vapes","12":"product_cat-low-nicotine-disposable-vapes","13":"product_cat-rechargeable-disposable-vapes","14":"product_tag-disposable-vapor","15":"product_tag-okso-70000-puff","16":"product_tag-okso-70k-puff","17":"product_tag-okso-vape","18":"desktop-align-left","19":"tablet-align-left","20":"mobile-align-left","22":"first","23":"instock","24":"sale","25":"shipping-taxable","26":"purchasable","27":"product-type-simple"},"acf":[],"uagb_featured_image_src":{"full":["https:\/\/vapestornado.com\/wp-content\/uploads\/2025\/09\/OKSO-3-IN-1-70000-PUFF-Disposable-Vape-Wholesale-Price.webp",800,800,false],"thumbnail":["https:\/\/vapestornado.com\/wp-content\/uploads\/2025\/09\/OKSO-3-IN-1-70000-PUFF-Disposable-Vape-Wholesale-Price-150x150.webp",150,150,true],"medium":["https:\/\/vapestornado.com\/wp-content\/uploads\/2025\/09\/OKSO-3-IN-1-70000-PUFF-Disposable-Vape-Wholesale-Price-300x300.webp",300,300,true],"medium_large":["https:\/\/vapestornado.com\/wp-content\/uploads\/2025\/09\/OKSO-3-IN-1-70000-PUFF-Disposable-Vape-Wholesale-Price-768x768.webp",768,768,true],"large":["https:\/\/vapestornado.com\/wp-content\/uploads\/2025\/09\/OKSO-3-IN-1-70000-PUFF-Disposable-Vape-Wholesale-Price.webp",800,800,false],"1536x1536":["https:\/\/vapestornado.com\/wp-content\/uploads\/2025\/09\/OKSO-3-IN-1-70000-PUFF-Disposable-Vape-Wholesale-Price.webp",800,800,false],"2048x2048":["https:\/\/vapestornado.com\/wp-content\/uploads\/2025\/09\/OKSO-3-IN-1-70000-PUFF-Disposable-Vape-Wholesale-Price.webp",800,800,false],"trp-custom-language-flag":["https:\/\/vapestornado.com\/wp-content\/uploads\/2025\/09\/OKSO-3-IN-1-70000-PUFF-Disposable-Vape-Wholesale-Price-12x12.webp",12,12,true],"woocommerce_thumbnail":["https:\/\/vapestornado.com\/wp-content\/uploads\/2025\/09\/OKSO-3-IN-1-70000-PUFF-Disposable-Vape-Wholesale-Price-300x300.webp",300,300,true],"woocommerce_single":["https:\/\/vapestornado.com\/wp-content\/uploads\/2025\/09\/OKSO-3-IN-1-70000-PUFF-Disposable-Vape-Wholesale-Price-600x600.webp",600,600,true],"woocommerce_gallery_thumbnail":["https:\/\/vapestornado.com\/wp-content\/uploads\/2025\/09\/OKSO-3-IN-1-70000-PUFF-Disposable-Vape-Wholesale-Price-100x100.webp",100,100,true]},"uagb_author_info":{"display_name":"ESAMY","author_link":"https:\/\/vapestornado.com\/cs\/author\/"},"uagb_comment_info":1,"uagb_excerpt":"OKSO 70K Puff 3-in-1 Disposable Vape \u2013 Big Puffs, Bigger Flavor Wholesale OKSO 70000 Puff Vape Pod \u2013 Triple Flavor, Adjustable Airflow OKSO 70000 Disposable Vape Pod \u2013 Best 70K Puff Vape 2025 EU Market Add Amy's whatsapp to get right reply and discount price! WhatsApp: +86 17776015835","_links":{"self":[{"href":"https:\/\/vapestornado.com\/cs\/wp-json\/wp\/v2\/product\/4369","targetHints":{"allow":["GET"]}}],"collection":[{"href":"https:\/\/vapestornado.com\/cs\/wp-json\/wp\/v2\/product"}],"about":[{"href":"https:\/\/vapestornado.com\/cs\/wp-json\/wp\/v2\/types\/product"}],"replies":[{"embeddable":true,"href":"https:\/\/vapestornado.com\/cs\/wp-json\/wp\/v2\/comments?post=4369"}],"wp:featuredmedia":[{"embeddable":true,"href":"https:\/\/vapestornado.com\/cs\/wp-json\/wp\/v2\/media\/4364"}],"wp:attachment":[{"href":"https:\/\/vapestornado.com\/cs\/wp-json\/wp\/v2\/media?parent=4369"}],"wp:term":[{"taxonomy":"product_brand","embeddable":true,"href":"https:\/\/vapestornado.com\/cs\/wp-json\/wp\/v2\/product_brand?post=4369"},{"taxonomy":"product_cat","embeddable":true,"href":"https:\/\/vapestornado.com\/cs\/wp-json\/wp\/v2\/product_cat?post=4369"},{"taxonomy":"product_tag","embeddable":true,"href":"https:\/\/vapestornado.com\/cs\/wp-json\/wp\/v2\/product_tag?post=4369"}],"curies":[{"name":"wp","href":"https:\/\/api.w.org\/{rel}","templated":true}]}}