{"id":4363,"date":"2025-09-20T03:33:56","date_gmt":"2025-09-20T03:33:56","guid":{"rendered":"https:\/\/vapestornado.com\/?post_type=product&#038;p=4363"},"modified":"2025-09-20T06:28:53","modified_gmt":"2025-09-20T06:28:53","slug":"bang-box-turbo-42000-puff-dual-vaping-mode-touch-screen-disposable-vape","status":"publish","type":"product","link":"https:\/\/vapestornado.com\/cs\/product\/bang-box-turbo-42000-puff-dual-vaping-mode-touch-screen-disposable-vape\/","title":{"rendered":"Bang Box Turbo 42000 Puff Jednor\u00e1zov\u00e1 vape s dotykovou obrazovkou a du\u00e1ln\u00edm re\u017eimem vapingu"},"content":{"rendered":"<h2 data-pm-slice=\"1 1 []\">Bang Box Turbo 42000 Puff \u2013 Jednor\u00e1zov\u00e1 vapka s dotykovou obrazovkou a du\u00e1ln\u00edm re\u017eimem vapov\u00e1n\u00ed<\/h2>\n<p data-start=\"272\" data-end=\"659\">Ten <strong data-start=\"276\" data-end=\"300\">Bang Box Turbo 42000<\/strong> je ur\u010den pro vapery, kte\u0159\u00ed cht\u011bj\u00ed v\u00fdkon, styl a kontrolu v jednom za\u0159\u00edzen\u00ed. S jeho <strong data-start=\"380\" data-end=\"400\">du\u00e1ln\u00ed re\u017eim vapingu<\/strong>, m\u016f\u017eete p\u0159ep\u00ednat mezi <strong data-start=\"425\" data-end=\"462\">b\u011b\u017en\u00fdm re\u017eimem (a\u017e 42 000 pot\u00e1hnut\u00ed)<\/strong> or <strong data-start=\"466\" data-end=\"495\">pulzn\u00edm re\u017eimem (30 000 pot\u00e1hnut\u00ed)<\/strong> pro siln\u011bj\u0161\u00ed z\u00e1sah. Tato flexibilita z n\u011bj \u010din\u00ed ide\u00e1ln\u00ed volbu pro <b>r\u016fzn\u00e9 vapery<\/b> hledaj\u00edc\u00ed jednor\u00e1zovou vapku, kter\u00e1 se p\u0159izp\u016fsob\u00ed jejich \u017eivotn\u00edmu stylu.<\/p>\n<p data-start=\"661\" data-end=\"989\">Vybaveno <strong data-start=\"677\" data-end=\"703\">3D zak\u0159iven\u00e1 dotykov\u00e1 obrazovka<\/strong>, <strong data-start=\"709\" data-end=\"741\">Bang Box 42k Jednor\u00e1zov\u00fd Vape Pod<\/strong>\u00a0v\u00e1s neust\u00e1le informuje o stavu baterie i hladin\u011b e-liquidu v re\u00e1ln\u00e9m \u010dase. \u017d\u00e1dn\u00e9 dohady \u2013 jen jasn\u00e9 a spolehliv\u00e9 informace na prvn\u00ed pohled. Ten <strong data-start=\"878\" data-end=\"902\">28ml p\u0159edpln\u011bn\u00fd tank<\/strong> sp\u00e1rovan\u00fd s <strong data-start=\"917\" data-end=\"935\">mesh spir\u00e1lka<\/strong> poskytuje v\u00fdrazn\u00e9 a jemn\u00e9 chut\u011b od za\u010d\u00e1tku do konce.<\/p>\n<p data-start=\"991\" data-end=\"1263\">Poh\u00e1n\u011bno <strong data-start=\"1004\" data-end=\"1042\">750mAh Type-C dob\u00edjec\u00ed baterie<\/strong>, Bang Box Turbo 42000 zaru\u010duje dlouhotrvaj\u00edc\u00ed sezen\u00ed bez p\u0159eru\u0161en\u00ed. Vyberte si preferovanou s\u00edlu s <strong data-start=\"1161\" data-end=\"1201\">mo\u017enostmi nikotinu 0%, 2%, 3% nebo 5%<\/strong>, d\u00edky \u010demu\u017e je vhodn\u00fd pro p\u0159\u00edle\u017eitostn\u00e9 i zku\u0161en\u00e9 vapery.<\/p>\n<p data-start=\"1265\" data-end=\"1583\">V\u00fdb\u011br p\u0159\u00edchut\u00ed zahrnuje <strong data-start=\"1288\" data-end=\"1362\">Strawberry Watermelon, Mexico Mango, Miami Mint, Grape B Pop a dal\u0161\u00ed<\/strong>, co\u017e v\u00e1m d\u00e1v\u00e1 \u0161irokou \u0161k\u00e1lu ovocn\u00fdch, ledov\u00fdch a sladk\u00fdch sm\u011bs\u00ed, aby ka\u017ed\u00e9 pot\u00e1hnut\u00ed bylo vzru\u0161uj\u00edc\u00ed. D\u00edky sv\u00e9mu kompaktn\u00edmu, ale pr\u00e9miov\u00e9mu designu je tento <strong data-start=\"1493\" data-end=\"1525\">Jednor\u00e1zov\u00e1 e-cigareta s dotykovou obrazovkou<\/strong> nen\u00ed jen za\u0159\u00edzen\u00ed \u2013 je to vyj\u00e1d\u0159en\u00ed modern\u00edho vapingu.<\/p>\n<h3 data-start=\"1585\" data-end=\"1624\">Pro\u010d koupit Bang Box Turbo 42000?<\/h3>\n<ul data-start=\"1625\" data-end=\"1935\">\n<li data-start=\"1625\" data-end=\"1693\">\n<p data-start=\"1627\" data-end=\"1693\"><strong data-start=\"1627\" data-end=\"1647\">Du\u00e1ln\u00ed re\u017eim vapingu<\/strong>: B\u011b\u017en\u00fd nebo pulzn\u00ed pro uspokojen\u00ed na m\u00edru<\/p>\n<\/li>\n<li data-start=\"1694\" data-end=\"1760\">\n<p data-start=\"1696\" data-end=\"1760\"><strong data-start=\"1696\" data-end=\"1720\">Displej s dotykovou obrazovkou<\/strong>: Monitorov\u00e1n\u00ed oleje a baterie v re\u00e1ln\u00e9m \u010dase<\/p>\n<\/li>\n<li data-start=\"1761\" data-end=\"1815\">\n<p data-start=\"1763\" data-end=\"1815\"><strong data-start=\"1763\" data-end=\"1780\">Obrovsk\u00e1 kapacita<\/strong>: 42 000 pot\u00e1hnut\u00ed s 28 ml e-liquidu<\/p>\n<\/li>\n<li data-start=\"1816\" data-end=\"1875\">\n<p data-start=\"1818\" data-end=\"1875\"><strong data-start=\"1818\" data-end=\"1831\">S\u00ed\u0165ov\u00e1 c\u00edvka<\/strong>: Hladk\u00e9 mraky a pln\u00e1 chu\u0165 poka\u017ed\u00e9<\/p>\n<\/li>\n<li data-start=\"1876\" data-end=\"1935\">\n<p data-start=\"1878\" data-end=\"1935\"><strong data-start=\"1878\" data-end=\"1894\">Dob\u00edjec\u00ed<\/strong>: 750mAh baterie typu C pro pohodl\u00ed<\/p>\n<\/li>\n<\/ul>\n<p><strong><span style=\"color: #ff0000;\">P\u0159idejte si Amy na WhatsApp pro rychlou odpov\u011b\u010f a kup\u00f3n na vapky!<\/span><\/strong><\/p>\n<p><img fetchpriority=\"high\" decoding=\"async\" class=\"size-full wp-image-2932\" src=\"https:\/\/vapestornado.com\/wp-content\/uploads\/2024\/12\/Vape-Wholesale.jpg\" alt=\"Velkoobchod s vape\" width=\"229\" height=\"300\" \/><\/p>\n<h3><a href=\"https:\/\/wa.me\/8617776015835\" target=\"_blank\" rel=\"noopener\"><span style=\"color: #ff0000;\"><strong>WhatsApp: +86 17776015835<\/strong><\/span><\/a><\/h3>\n<p>&nbsp;<\/p>\n<h2><strong>Vlastnosti produktu Bang Box Turbo 42000 Puff<\/strong><\/h2>\n<p>Pot\u00e1hnut\u00ed: 42 000 pot\u00e1hnut\u00ed (b\u011b\u017en\u00fd re\u017eim)<br \/>\n30 000 pot\u00e1hnut\u00ed (pulzn\u00ed re\u017eim)<br \/>\nDu\u00e1ln\u00ed re\u017eim vapingu<br \/>\nLiquid: 28 ml p\u0159edpln\u011bn\u00fd<br \/>\nNikotin: 0% 2% 3% 5%<br \/>\nJ\u00e1dro: Mesh spir\u00e1lka 1,0 \u03a9<br \/>\nBaterie: 750 mAh s dob\u00edjen\u00edm typu C<br \/>\n3D zak\u0159iven\u00fd displej pro olej a baterii<\/p>\n<figure id=\"attachment_4359\" aria-describedby=\"caption-attachment-4359\" style=\"width: 300px\" class=\"wp-caption alignnone\"><img decoding=\"async\" class=\"size-medium wp-image-4359\" src=\"https:\/\/vapestornado.com\/wp-content\/uploads\/2025\/09\/Bang-Box-Turbo-42000-Puff-Dispsoable-Vape-Mod-Kits-300x300.webp\" alt=\"Bang Box Turbo 42000 Puff Jednor\u00e1zov\u00e9 Vape Mod Sady\" width=\"300\" height=\"300\" srcset=\"https:\/\/vapestornado.com\/wp-content\/uploads\/2025\/09\/Bang-Box-Turbo-42000-Puff-Dispsoable-Vape-Mod-Kits-300x300.webp 300w, https:\/\/vapestornado.com\/wp-content\/uploads\/2025\/09\/Bang-Box-Turbo-42000-Puff-Dispsoable-Vape-Mod-Kits-1024x1024.webp 1024w, https:\/\/vapestornado.com\/wp-content\/uploads\/2025\/09\/Bang-Box-Turbo-42000-Puff-Dispsoable-Vape-Mod-Kits-150x150.webp 150w, https:\/\/vapestornado.com\/wp-content\/uploads\/2025\/09\/Bang-Box-Turbo-42000-Puff-Dispsoable-Vape-Mod-Kits-768x768.webp 768w, https:\/\/vapestornado.com\/wp-content\/uploads\/2025\/09\/Bang-Box-Turbo-42000-Puff-Dispsoable-Vape-Mod-Kits-12x12.webp 12w, https:\/\/vapestornado.com\/wp-content\/uploads\/2025\/09\/Bang-Box-Turbo-42000-Puff-Dispsoable-Vape-Mod-Kits-600x600.webp 600w, https:\/\/vapestornado.com\/wp-content\/uploads\/2025\/09\/Bang-Box-Turbo-42000-Puff-Dispsoable-Vape-Mod-Kits-100x100.webp 100w, https:\/\/vapestornado.com\/wp-content\/uploads\/2025\/09\/Bang-Box-Turbo-42000-Puff-Dispsoable-Vape-Mod-Kits.webp 1500w\" sizes=\"(max-width: 300px) 100vw, 300px\" \/><figcaption id=\"caption-attachment-4359\" class=\"wp-caption-text\">Bang Box Turbo 42000 Puff Jednor\u00e1zov\u00e9 Vape Mod Sady<\/figcaption><\/figure>\n<h2 class=\"product-title\"><strong>Bang Box Turbo 42000 Puff Seznam p\u0159\u00edchut\u00ed<\/strong><\/h2>\n<p data-start=\"2550\" data-end=\"2736\">1.Jahoda Vodn\u00ed meloun<br \/>\n2. Divok\u00e9 bobule<br \/>\n3. Modr\u00e1 malina led<br \/>\n4.Bor\u016fvkov\u00fd meloun<br \/>\n5. Kysel\u00e9 jablko s ledem<br \/>\n6. Limetka, bobule a pomeran\u010d<br \/>\n7. Mexick\u00e9 mango<br \/>\n8. Miami Mint<br \/>\n9.Meloun ledov\u00fd<br \/>\n10. Sladk\u00e1 t\u0159e\u0161e\u0148<br \/>\n11. Hroznov\u00e1 B Pop<br \/>\n12. Ostru\u017einov\u00e1 B Pop<\/p>\n<div class=\"flex-shrink-0 flex flex-col relative items-end\">\n<div class=\"pt-0\">\n<div class=\"gizmo-bot-avatar flex h-8 w-8 items-center justify-center overflow-hidden rounded-full\">\n<div class=\"relative p-1 rounded-sm flex items-center justify-center bg-token-main-surface-primary text-token-text-primary h-8 w-8\">\n<h2 data-start=\"1200\" data-end=\"1487\">Vapes Tornado \u2013 V\u00e1\u0161 velkoobchodn\u00ed online vape shop pro \u0161pi\u010dkov\u00e9 zna\u010dky vape v Evrop\u011b<\/h2>\n<p data-start=\"1200\" data-end=\"1487\"><strong data-start=\"213\" data-end=\"248\">Internetov\u00fd obchod s elektronick\u00fdmi cigaretami Vapes Tornado<\/strong> je va\u0161e d\u016fv\u011bryhodn\u00e1 destinace pro vysoce kvalitn\u00ed jednor\u00e1zov\u00e9 vapy a velkoobchodn\u00ed e-cigarety po cel\u00e9 Evrop\u011b. Specializujeme se na nab\u00eddku \u0161irok\u00e9ho v\u00fdb\u011bru<strong data-start=\"403\" data-end=\"431\">\u00a0obl\u00edben\u00e9 zna\u010dky vape<\/strong>, v\u010detn\u011b <strong data-start=\"443\" data-end=\"502\"><a href=\"https:\/\/vapestornado.com\/cs\/product-category\/elf-bar-vape\/\">ELF BAR VAPE<\/a>, Vapme VAPE, <a href=\"https:\/\/vapestornado.com\/cs\/product\/vozol-gear-power-20k-20000-puffs-vape-rechargeable-disposable-box-bulk-buy-cheap-price\/\">VOZOL VAPE<\/a><\/strong><strong data-start=\"443\" data-end=\"502\">, a <a href=\"https:\/\/vapestornado.com\/cs\/product-category\/bang-vape\/\">Bang Vape<\/a><\/strong>. N\u00e1\u0161 obchod je postaven tak, aby slou\u017eil jak individu\u00e1ln\u00edm z\u00e1kazn\u00edk\u016fm, tak velkoobchodn\u00edm odb\u011bratel\u016fm, a poskytuje spolehliv\u00e9 produkty, kter\u00e9 kombinuj\u00ed siln\u00fd v\u00fdkon, stylov\u00fd design a konkurenceschopn\u00e9 ceny.<\/p>\n<h2 data-start=\"2064\" data-end=\"2115\">\u010casto kladen\u00e9 ot\u00e1zky o jednor\u00e1zov\u00e9 elektronick\u00e9 cigaret\u011b Bang Box 42k Puff<\/h2>\n<p data-start=\"1990\" data-end=\"2128\"><strong data-start=\"1990\" data-end=\"2049\">1. Kolik pot\u00e1hnut\u00ed nab\u00edz\u00ed Bang Box Turbo 42000?<\/strong><br data-start=\"2049\" data-end=\"2052\" \/>A\u017e <strong data-start=\"2058\" data-end=\"2090\">42 000 pot\u00e1hnut\u00ed v b\u011b\u017en\u00e9m re\u017eimu<\/strong> a <strong data-start=\"2095\" data-end=\"2125\">30 000 pot\u00e1hnut\u00ed v pulzn\u00edm re\u017eimu<\/strong>.<\/p>\n<p data-start=\"2130\" data-end=\"2311\"><strong data-start=\"2130\" data-end=\"2202\">2. \u010c\u00edm je Bang Box 42k jedine\u010dn\u00fd v porovn\u00e1n\u00ed s jin\u00fdmi jednor\u00e1zov\u00fdmi za\u0159\u00edzen\u00edmi?<\/strong><br data-start=\"2202\" data-end=\"2205\" \/>Nab\u00edz\u00ed <strong data-start=\"2217\" data-end=\"2237\">du\u00e1ln\u00ed re\u017eim vapingu<\/strong> a <strong data-start=\"2244\" data-end=\"2263\">3D dotykovou obrazovku<\/strong>, kter\u00e1 u\u017eivatel\u016fm poskytuje kontrolu i mo\u017enosti p\u0159izp\u016fsoben\u00ed.<\/p>\n<p data-start=\"2313\" data-end=\"2441\"><strong data-start=\"2313\" data-end=\"2361\">3. Je Bang Box Turbo 42000 dob\u00edjec\u00ed?<\/strong><br data-start=\"2361\" data-end=\"2364\" \/>Ano, obsahuje <strong data-start=\"2383\" data-end=\"2421\">750mAh Type-C dob\u00edjec\u00ed baterie<\/strong> pro del\u0161\u00ed pou\u017e\u00edv\u00e1n\u00ed.<\/p>\n<p data-start=\"2443\" data-end=\"2548\"><strong data-start=\"2443\" data-end=\"2484\">4. Jak\u00e9 jsou dostupn\u00e9 \u00farovn\u011b nikotinu?<\/strong><br data-start=\"2484\" data-end=\"2487\" \/>M\u016f\u017eete si vybrat z <strong data-start=\"2507\" data-end=\"2545\">0%, 2%, 3% nebo 5% s\u00edla nikotinu<\/strong>.<\/p>\n<p data-start=\"2550\" data-end=\"2736\"><strong data-start=\"2550\" data-end=\"2611\">5. Jak\u00e9 jsou obl\u00edben\u00e9 p\u0159\u00edchut\u011b Bang Box Turbo 42000?<\/strong><br data-start=\"2611\" data-end=\"2614\" \/>Mo\u017enosti zahrnuj\u00ed <strong data-start=\"2630\" data-end=\"2723\">Jahodov\u00fd meloun, Blue Razz Ice, Mexico Mango, Miami Mint, Sladk\u00e1 t\u0159e\u0161e\u0148, Grape B Pop<\/strong>, a dal\u0161\u00ed.<\/p>\n<\/div>\n<\/div>\n<\/div>\n<\/div>","protected":false},"excerpt":{"rendered":"<p>Ten <strong data-start=\"2783\" data-end=\"2812\">Bang Box Turbo 42000 Poutk\u016f<\/strong> kombinuje <strong data-start=\"2822\" data-end=\"2842\">du\u00e1ln\u00ed re\u017eim vapingu<\/strong>, s <strong data-start=\"2846\" data-end=\"2870\">dotykov\u00fd displej<\/strong>, a <strong data-start=\"2876\" data-end=\"2892\">42000 pot\u00e1hnut\u00ed<\/strong> v\u00fdrazn\u00e9 chuti. S <strong data-start=\"2916\" data-end=\"2947\">750mAh dob\u00edjec\u00ed bateri\u00ed<\/strong> a <strong data-start=\"2952\" data-end=\"2969\">kapacita 28 ml<\/strong>, je to chytr\u00e1 volba pro velkoobchodn\u00ed odb\u011bratele po cel\u00e9 Evrop\u011b.<\/p>\n<p><strong>P\u0159idejte si Amy na Whatsapp, abyste z\u00edskali spr\u00e1vnou odpov\u011b\u010f a slevu!<\/strong><\/p>\n<p><img fetchpriority=\"high\" decoding=\"async\" class=\"size-full wp-image-2932\" src=\"https:\/\/vapestornado.com\/wp-content\/uploads\/2024\/12\/Vape-Wholesale.jpg\" alt=\"Velkoobchod s vape\" width=\"229\" height=\"300\" \/><\/p>\n<h3><a href=\"https:\/\/wa.me\/8617776015835\"><span style=\"color: #ff0000;\"><strong>WhatsApp: +86 17776015835<\/strong><\/span><\/a><\/h3>","protected":false},"featured_media":4360,"comment_status":"open","ping_status":"closed","template":"","meta":{"_acf_changed":false,"_uag_custom_page_level_css":"","_lmt_disableupdate":"no","_lmt_disable":"","_monsterinsights_skip_tracking":false,"_monsterinsights_sitenote_active":false,"_monsterinsights_sitenote_note":"","_monsterinsights_sitenote_category":0,"site-sidebar-layout":"default","site-content-layout":"","ast-site-content-layout":"default","site-content-style":"default","site-sidebar-style":"default","ast-global-header-display":"","ast-banner-title-visibility":"","ast-main-header-display":"","ast-hfb-above-header-display":"","ast-hfb-below-header-display":"","ast-hfb-mobile-header-display":"","site-post-title":"","ast-breadcrumbs-content":"","ast-featured-img":"","footer-sml-layout":"","ast-disable-related-posts":"","theme-transparent-header-meta":"default","adv-header-id-meta":"","stick-header-meta":"","header-above-stick-meta":"","header-main-stick-meta":"","header-below-stick-meta":"","astra-migrate-meta-layouts":"set","ast-page-background-enabled":"default","ast-page-background-meta":{"desktop":{"background-color":"","background-image":"","background-repeat":"repeat","background-position":"center center","background-size":"auto","background-attachment":"scroll","background-type":"","background-media":"","overlay-type":"","overlay-color":"","overlay-opacity":"","overlay-gradient":""},"tablet":{"background-color":"","background-image":"","background-repeat":"repeat","background-position":"center center","background-size":"auto","background-attachment":"scroll","background-type":"","background-media":"","overlay-type":"","overlay-color":"","overlay-opacity":"","overlay-gradient":""},"mobile":{"background-color":"","background-image":"","background-repeat":"repeat","background-position":"center center","background-size":"auto","background-attachment":"scroll","background-type":"","background-media":"","overlay-type":"","overlay-color":"","overlay-opacity":"","overlay-gradient":""}},"ast-content-background-meta":{"desktop":{"background-color":"var(--ast-global-color-5)","background-image":"","background-repeat":"repeat","background-position":"center center","background-size":"auto","background-attachment":"scroll","background-type":"","background-media":"","overlay-type":"","overlay-color":"","overlay-opacity":"","overlay-gradient":""},"tablet":{"background-color":"var(--ast-global-color-5)","background-image":"","background-repeat":"repeat","background-position":"center center","background-size":"auto","background-attachment":"scroll","background-type":"","background-media":"","overlay-type":"","overlay-color":"","overlay-opacity":"","overlay-gradient":""},"mobile":{"background-color":"var(--ast-global-color-5)","background-image":"","background-repeat":"repeat","background-position":"center center","background-size":"auto","background-attachment":"scroll","background-type":"","background-media":"","overlay-type":"","overlay-color":"","overlay-opacity":"","overlay-gradient":""}},"_joinchat":{"telephone":"17776015835"}},"product_brand":[],"product_cat":[62,64,151,153,156,158,142,143,144,146],"product_tag":[372,371,369,370,368,373],"class_list":{"0":"post-4363","1":"product","2":"type-product","3":"status-publish","4":"has-post-thumbnail","6":"product_cat-bang-vape","7":"product_cat-bangbox-vape","8":"product_cat-buy-disposable-vapes-in-france","9":"product_cat-buy-disposable-vapes-in-italy","10":"product_cat-buy-disposable-vapes-in-poland","11":"product_cat-buy-disposable-vapes-in-spain","12":"product_cat-digital-box-disposable-vapes","13":"product_cat-dual-mesh-disposable-vapes","14":"product_cat-low-nicotine-disposable-vapes","15":"product_cat-rechargeable-disposable-vapes","16":"product_tag-bang-box-42k","17":"product_tag-bang-box-turbo-42000","18":"product_tag-buy-disposable-vape-online","19":"product_tag-disposable-vape-bulk-buy","20":"product_tag-disposable-vapor","21":"product_tag-touch-screen-disposable-vape","22":"desktop-align-left","23":"tablet-align-left","24":"mobile-align-left","26":"first","27":"instock","28":"sale","29":"shipping-taxable","30":"purchasable","31":"product-type-simple"},"acf":[],"uagb_featured_image_src":{"full":["https:\/\/vapestornado.com\/wp-content\/uploads\/2025\/09\/Bang-Box-Turbo-42000-Puff-Touch-Screen-Vape.webp",1000,1000,false],"thumbnail":["https:\/\/vapestornado.com\/wp-content\/uploads\/2025\/09\/Bang-Box-Turbo-42000-Puff-Touch-Screen-Vape-150x150.webp",150,150,true],"medium":["https:\/\/vapestornado.com\/wp-content\/uploads\/2025\/09\/Bang-Box-Turbo-42000-Puff-Touch-Screen-Vape-300x300.webp",300,300,true],"medium_large":["https:\/\/vapestornado.com\/wp-content\/uploads\/2025\/09\/Bang-Box-Turbo-42000-Puff-Touch-Screen-Vape-768x768.webp",768,768,true],"large":["https:\/\/vapestornado.com\/wp-content\/uploads\/2025\/09\/Bang-Box-Turbo-42000-Puff-Touch-Screen-Vape.webp",1000,1000,false],"1536x1536":["https:\/\/vapestornado.com\/wp-content\/uploads\/2025\/09\/Bang-Box-Turbo-42000-Puff-Touch-Screen-Vape.webp",1000,1000,false],"2048x2048":["https:\/\/vapestornado.com\/wp-content\/uploads\/2025\/09\/Bang-Box-Turbo-42000-Puff-Touch-Screen-Vape.webp",1000,1000,false],"trp-custom-language-flag":["https:\/\/vapestornado.com\/wp-content\/uploads\/2025\/09\/Bang-Box-Turbo-42000-Puff-Touch-Screen-Vape-12x12.webp",12,12,true],"woocommerce_thumbnail":["https:\/\/vapestornado.com\/wp-content\/uploads\/2025\/09\/Bang-Box-Turbo-42000-Puff-Touch-Screen-Vape-300x300.webp",300,300,true],"woocommerce_single":["https:\/\/vapestornado.com\/wp-content\/uploads\/2025\/09\/Bang-Box-Turbo-42000-Puff-Touch-Screen-Vape-600x600.webp",600,600,true],"woocommerce_gallery_thumbnail":["https:\/\/vapestornado.com\/wp-content\/uploads\/2025\/09\/Bang-Box-Turbo-42000-Puff-Touch-Screen-Vape-100x100.webp",100,100,true]},"uagb_author_info":{"display_name":"ESAMY","author_link":"https:\/\/vapestornado.com\/cs\/author\/"},"uagb_comment_info":1,"uagb_excerpt":"The Bang Box Turbo 42000 Puff combines dual vaping mode, a touch screen display, and 42000 puffs of bold flavor. With a 750mAh rechargeable battery and 28mL capacity, it\u2019s the smart choice for bulk wholesale buyers across Europe. Add Amy's whatsapp to get right reply and discount price! WhatsApp: +86 17776015835","_links":{"self":[{"href":"https:\/\/vapestornado.com\/cs\/wp-json\/wp\/v2\/product\/4363","targetHints":{"allow":["GET"]}}],"collection":[{"href":"https:\/\/vapestornado.com\/cs\/wp-json\/wp\/v2\/product"}],"about":[{"href":"https:\/\/vapestornado.com\/cs\/wp-json\/wp\/v2\/types\/product"}],"replies":[{"embeddable":true,"href":"https:\/\/vapestornado.com\/cs\/wp-json\/wp\/v2\/comments?post=4363"}],"wp:featuredmedia":[{"embeddable":true,"href":"https:\/\/vapestornado.com\/cs\/wp-json\/wp\/v2\/media\/4360"}],"wp:attachment":[{"href":"https:\/\/vapestornado.com\/cs\/wp-json\/wp\/v2\/media?parent=4363"}],"wp:term":[{"taxonomy":"product_brand","embeddable":true,"href":"https:\/\/vapestornado.com\/cs\/wp-json\/wp\/v2\/product_brand?post=4363"},{"taxonomy":"product_cat","embeddable":true,"href":"https:\/\/vapestornado.com\/cs\/wp-json\/wp\/v2\/product_cat?post=4363"},{"taxonomy":"product_tag","embeddable":true,"href":"https:\/\/vapestornado.com\/cs\/wp-json\/wp\/v2\/product_tag?post=4363"}],"curies":[{"name":"wp","href":"https:\/\/api.w.org\/{rel}","templated":true}]}}