{"id":4355,"date":"2025-09-19T03:35:21","date_gmt":"2025-09-19T03:35:21","guid":{"rendered":"https:\/\/vapestornado.com\/?post_type=product&#038;p=4355"},"modified":"2025-09-19T06:51:26","modified_gmt":"2025-09-19T06:51:26","slug":"uzy-60000-puff-60k-disposable-vapor-3-in-1-triple-flavor-bulk-buy-online","status":"publish","type":"product","link":"https:\/\/vapestornado.com\/cs\/product\/uzy-60000-puff-60k-disposable-vapor-3-in-1-triple-flavor-bulk-buy-online\/","title":{"rendered":"Jednor\u00e1zov\u00e1 vapka UZY 60000 Puff 60k 3 v 1 s trojitou p\u0159\u00edchut\u00ed \u2013 hromadn\u00fd n\u00e1kup online"},"content":{"rendered":"<h2 data-pm-slice=\"1 1 []\">UZY 60000 Puff 3-v-1 trojit\u00e1 p\u0159\u00edchu\u0165 jednor\u00e1zov\u00e1 vapka \u2013 hromadn\u00fd n\u00e1kup online za nejlep\u0161\u00ed cenu<\/h2>\n<p data-start=\"312\" data-end=\"738\">Ten <strong data-start=\"316\" data-end=\"351\">Jednor\u00e1zov\u00e1 vapka UZY 60000 Puff<\/strong> je ur\u010dena pro vapery, kte\u0159\u00ed cht\u011bj\u00ed rozmanitost, v\u00fdkon a spolehlivost v jednom za\u0159\u00edzen\u00ed. S p\u016fsobivou <strong data-start=\"447\" data-end=\"468\">kapacitou 60 tis\u00edc pot\u00e1hnut\u00ed<\/strong> a unik\u00e1tn\u00ed <strong data-start=\"482\" data-end=\"513\">syst\u00e9mem 3-v-1 s trojitou p\u0159\u00edchut\u00ed<\/strong>, ka\u017ed\u00e9 za\u0159\u00edzen\u00ed pod\u00e1v\u00e1 <strong data-start=\"536\" data-end=\"556\">54ml e-liquidu<\/strong> rozd\u011blen\u00e9 do t\u0159\u00ed samostatn\u00fdch komor, kter\u00e9 udr\u017euj\u00ed ka\u017edou p\u0159\u00edchu\u0165 \u010derstvou a v\u00fdraznou. Vapka UZY 60000 puff je perfektn\u00ed volbou pro<strong data-start=\"662\" data-end=\"702\"> vapery <\/strong>kte\u0159\u00ed po\u017eaduj\u00ed v\u00fdkon a styl.<\/p>\n<p data-start=\"740\" data-end=\"1112\">Vybaveno <strong data-start=\"754\" data-end=\"785\">technologie trojit\u00e9 s\u00ed\u0165ov\u00e9 spir\u00e1ly<\/strong>, UZY 60k zaji\u0161\u0165uje hladkou p\u00e1ru a bohatou chu\u0165 p\u0159i ka\u017ed\u00e9m pot\u00e1hnut\u00ed. Displej <strong data-start=\"854\" data-end=\"875\">chytr\u00fd LED displej<\/strong> v\u00e1s informuje o stavu baterie a hladin\u011b e-liquidu, tak\u017ee v\u00e1m nikdy ne\u010dekan\u011b nedojde. Poh\u00e1n\u011bno silnou <strong data-start=\"984\" data-end=\"1041\">850mAh dob\u00edjec\u00ed bateri\u00ed s rychl\u00fdm nab\u00edjen\u00edm Type-C<\/strong>, prostoje jsou minim\u00e1ln\u00ed, co\u017e z n\u011bj \u010din\u00ed spolehliv\u00e9 za\u0159\u00edzen\u00ed pro ka\u017edodenn\u00ed pou\u017eit\u00ed.<\/p>\n<p data-start=\"1114\" data-end=\"1403\">Dostupn\u00e9 v <strong data-start=\"1127\" data-end=\"1167\">0%, 2%, 3% a 5%<\/strong>, vyhovuje v\u0161em preferenc\u00edm \u2013 od lehk\u00e9ho, nen\u00e1ro\u010dn\u00e9ho vapingu po siln\u011bj\u0161\u00ed z\u00e1sah. Ten <strong data-start=\"1248\" data-end=\"1282\">modern\u00ed design inspirovan\u00fd krystalem<\/strong> nejen\u017ee p\u016fsob\u00ed v ruce pr\u00e9miov\u011b, ale tak\u00e9 vypad\u00e1 ost\u0159e a oslovuje mlad\u00e9 dosp\u011bl\u00e9, kte\u0159\u00ed si cen\u00ed funkce i estetiky.<\/p>\n<p data-start=\"1405\" data-end=\"1739\">Pro <strong data-start=\"1409\" data-end=\"1434\">velkoobchodn\u00ed odb\u011bratel\u00e9<\/strong>, UZY 60000 Puff vynik\u00e1 jako <strong data-start=\"1471\" data-end=\"1518\">nejprod\u00e1van\u011bj\u0161\u00ed v kategorii jednor\u00e1zov\u00fdch vape<\/strong>, kombinuj\u00edc\u00ed <strong data-start=\"1530\" data-end=\"1612\">dlouhotrvaj\u00edc\u00ed v\u00fdkon, autentick\u00e9 p\u0159\u00edchut\u011b a konkurenceschopn\u00e9 velkoobchodn\u00ed ceny<\/strong> kter\u00e9 zaji\u0161\u0165uj\u00ed siln\u00e9 ziskov\u00e9 mar\u017ee. Pokud chcete <strong data-start=\"1664\" data-end=\"1694\">koupit jednor\u00e1zov\u00e9 vape online<\/strong> pro sv\u016fj obchod, UZY 60k je s\u00e1zka na jistotu.<\/p>\n<p><strong><span style=\"color: #ff0000;\">P\u0159idejte si Amy na WhatsApp pro rychlou odpov\u011b\u010f a kup\u00f3n na vapky!<\/span><\/strong><\/p>\n<p><img fetchpriority=\"high\" decoding=\"async\" class=\"size-full wp-image-2932\" src=\"https:\/\/vapestornado.com\/wp-content\/uploads\/2024\/12\/Vape-Wholesale.jpg\" alt=\"Velkoobchod s vape\" width=\"229\" height=\"300\" \/><\/p>\n<h3><a href=\"https:\/\/wa.me\/8617776015835\" target=\"_blank\" rel=\"noopener\"><span style=\"color: #ff0000;\"><strong>WhatsApp: +86 17776015835<\/strong><\/span><\/a><\/h3>\n<p>&nbsp;<\/p>\n<h2><strong>Vlastnosti produktu UZY 60000 Puff<\/strong><\/h2>\n<p>Po\u010det pot\u00e1hnut\u00ed: 60000 pot\u00e1hnut\u00ed<br \/>\n3 v 1 Trojit\u00e9 p\u0159\u00edchut\u011b<br \/>\nDu\u00e1ln\u00ed Mesh spir\u00e1lka<br \/>\nE-liquid: 54ml (18ml+18ml+18ml)<br \/>\nNikotin: 0 %, 2 %, 3 %, 5 %<br \/>\nBaterie: 850 mAh<br \/>\nDob\u00edjec\u00ed: Nab\u00edjec\u00ed port typu C<br \/>\nLED displej (chytr\u00e1 obrazovka) indikuje stav baterie a hladinu e-liquidu<br \/>\nNastaven\u00ed v\u00fdkonu: Verze Pro a Max<br \/>\nHmotnost produktu: 120 g\/ks<\/p>\n<figure id=\"attachment_4354\" aria-describedby=\"caption-attachment-4354\" style=\"width: 800px\" class=\"wp-caption alignnone\"><img decoding=\"async\" class=\"wp-image-4354 size-full\" src=\"https:\/\/vapestornado.com\/wp-content\/uploads\/2025\/09\/UZY-Triple-Flavor-60000-60K-Puffs-Disposable-Vape.webp\" alt=\"UZY Triple Flavor 60000 60K Puffs Jednor\u00e1zov\u00e1 Vape\" width=\"800\" height=\"800\" srcset=\"https:\/\/vapestornado.com\/wp-content\/uploads\/2025\/09\/UZY-Triple-Flavor-60000-60K-Puffs-Disposable-Vape.webp 800w, https:\/\/vapestornado.com\/wp-content\/uploads\/2025\/09\/UZY-Triple-Flavor-60000-60K-Puffs-Disposable-Vape-300x300.webp 300w, https:\/\/vapestornado.com\/wp-content\/uploads\/2025\/09\/UZY-Triple-Flavor-60000-60K-Puffs-Disposable-Vape-150x150.webp 150w, https:\/\/vapestornado.com\/wp-content\/uploads\/2025\/09\/UZY-Triple-Flavor-60000-60K-Puffs-Disposable-Vape-768x768.webp 768w, https:\/\/vapestornado.com\/wp-content\/uploads\/2025\/09\/UZY-Triple-Flavor-60000-60K-Puffs-Disposable-Vape-12x12.webp 12w, https:\/\/vapestornado.com\/wp-content\/uploads\/2025\/09\/UZY-Triple-Flavor-60000-60K-Puffs-Disposable-Vape-600x600.webp 600w, https:\/\/vapestornado.com\/wp-content\/uploads\/2025\/09\/UZY-Triple-Flavor-60000-60K-Puffs-Disposable-Vape-100x100.webp 100w\" sizes=\"(max-width: 800px) 100vw, 800px\" \/><figcaption id=\"caption-attachment-4354\" class=\"wp-caption-text\">UZY Triple Flavor 60000 60K Puffs Jednor\u00e1zov\u00e1 Vape<\/figcaption><\/figure>\n<h2 class=\"product-title\"><strong> Seznam p\u0159\u00edchut\u00ed UZY 60000 Puff<\/strong><\/h2>\n<p>1. Bor\u016fvka Malina \/ Jahoda Kiwi \/ Citron Limetka<br \/>\n2. Kiwi Mu\u010denka Guava \/ Bor\u016fvkov\u00fd led \/ Broskev Mango<br \/>\n3. Jahoda Meloun \/ Cola Led \/ T\u0159e\u0161\u0148ov\u00e1 Cola<br \/>\n4. Broskvov\u00fd led \/ Jahoda Malina T\u0159e\u0161e\u0148 Led \/ Dvojit\u00fd Jable\u010dn\u00fd led<br \/>\n5. Hroznov\u00fd led \/ Love 666 (Mu\u010denka Meloun) \/ Jahoda Red Bull<br \/>\n6. Mr Blue \/ Gumov\u00fd medv\u00eddek \/ Red Bull Led<br \/>\n7. Broskev mango ananas \/ Modr\u00fd Razz Led \/ Malinov\u00fd Meloun<br \/>\n8. Melounov\u00fd led \/ Trojit\u00fd melounov\u00fd led \/ Jahodov\u00fd Ban\u00e1n<br \/>\n9. Letn\u00ed broskvov\u00e1 ledov\u00e1 \/ Jahodov\u00e1 ledov\u00e1 \/ Modr\u00e1 malinov\u00e1 ledov\u00e1<br \/>\n10. T\u0159e\u0161\u0148ov\u00e1 ledov\u00e1 \/ M\u00edchan\u00e9 bobule \/ \u010cern\u00e1 dra\u010d\u00ed ledov\u00e1<\/p>\n<div class=\"flex-shrink-0 flex flex-col relative items-end\">\n<div class=\"pt-0\">\n<div class=\"gizmo-bot-avatar flex h-8 w-8 items-center justify-center overflow-hidden rounded-full\">\n<div class=\"relative p-1 rounded-sm flex items-center justify-center bg-token-main-surface-primary text-token-text-primary h-8 w-8\">\n<h2 data-start=\"1200\" data-end=\"1487\">Vapes Tornado \u2013 V\u00e1\u0161 velkoobchodn\u00ed online vape shop pro \u0161pi\u010dkov\u00e9 zna\u010dky vape v Evrop\u011b<\/h2>\n<p data-start=\"1200\" data-end=\"1487\"><strong data-start=\"213\" data-end=\"248\">Internetov\u00fd obchod s elektronick\u00fdmi cigaretami Vapes Tornado<\/strong> je va\u0161e d\u016fv\u011bryhodn\u00e1 destinace pro vysoce kvalitn\u00ed jednor\u00e1zov\u00e9 vapy a velkoobchodn\u00ed e-cigarety po cel\u00e9 Evrop\u011b. Specializujeme se na nab\u00eddku \u0161irok\u00e9ho v\u00fdb\u011bru<strong data-start=\"403\" data-end=\"431\">\u00a0obl\u00edben\u00e9 zna\u010dky vape<\/strong>, v\u010detn\u011b <strong data-start=\"443\" data-end=\"502\"><a href=\"https:\/\/vapestornado.com\/cs\/product\/waspe-aiviou-3-in-1-60000-puffs-disposable-vape-kit-best-price\/\">WASPE VAPE<\/a>, Vapme VAPE, <a href=\"https:\/\/vapestornado.com\/cs\/product\/vozol-gear-power-20k-20000-puffs-vape-rechargeable-disposable-box-bulk-buy-cheap-price\/\">VOZOL VAPE<\/a><\/strong><strong data-start=\"443\" data-end=\"502\">, a <a href=\"https:\/\/vapestornado.com\/cs\/product-category\/fumot-vape\/\">FUMOT VAPE<\/a><\/strong>. N\u00e1\u0161 obchod je postaven tak, aby slou\u017eil jak individu\u00e1ln\u00edm z\u00e1kazn\u00edk\u016fm, tak velkoobchodn\u00edm odb\u011bratel\u016fm, a poskytuje spolehliv\u00e9 produkty, kter\u00e9 kombinuj\u00ed siln\u00fd v\u00fdkon, stylov\u00fd design a konkurenceschopn\u00e9 ceny.<\/p>\n<h2 data-start=\"2064\" data-end=\"2115\">\u010cast\u00e9 dotazy o jednor\u00e1zov\u00e9 vapce UZY 60000 Puff<\/h2>\n<p data-start=\"152\" data-end=\"362\"><strong data-start=\"152\" data-end=\"223\">1. Kolik p\u0159\u00edchut\u00ed nab\u00edz\u00ed jednor\u00e1zov\u00e1 vapka UZY 60000 Puff?<\/strong><br data-start=\"223\" data-end=\"226\" \/>Ka\u017ed\u00e9 za\u0159\u00edzen\u00ed obsahuje <strong data-start=\"249\" data-end=\"280\">syst\u00e9mem 3-v-1 s trojitou p\u0159\u00edchut\u00ed<\/strong>, co\u017e v\u00e1m d\u00e1v\u00e1 t\u0159i odli\u0161n\u00e9 komory pro e-liquid s celkov\u00fdm objemem <strong data-start=\"342\" data-end=\"359\">54 ml<\/strong>.<\/p>\n<p data-start=\"364\" data-end=\"530\"><strong data-start=\"364\" data-end=\"404\">2. Je UZY 60k Puff dob\u00edjec\u00ed?<\/strong><br data-start=\"404\" data-end=\"407\" \/>Ano. Dod\u00e1v\u00e1 se s <strong data-start=\"429\" data-end=\"447\">Baterie 850mAh<\/strong> a podporuje <strong data-start=\"461\" data-end=\"485\">Rychl\u00e9 nab\u00edjen\u00ed Type-C<\/strong>, co\u017e zaji\u0161\u0165uje del\u0161\u00ed pou\u017e\u00edv\u00e1n\u00ed a minim\u00e1ln\u00ed prostoje.<\/p>\n<p data-start=\"532\" data-end=\"731\"><strong data-start=\"532\" data-end=\"599\">3. Jak\u00e9 jsou dostupn\u00e9 koncentrace nikotinu pro UZY 60000 Puff?<\/strong><br data-start=\"599\" data-end=\"602\" \/>UZY 60k Puff je k dispozici v <strong data-start=\"635\" data-end=\"675\">0%, 2%, 3% a 5% koncentrac\u00edch nikotinu<\/strong>, d\u00edky \u010demu\u017e je vhodn\u00fd pro r\u016fzn\u00e9 preference vapingu.<\/p>\n<p data-start=\"733\" data-end=\"913\"><strong data-start=\"733\" data-end=\"776\">4. Jak funguje LED chytr\u00fd displej?<\/strong><br data-start=\"776\" data-end=\"779\" \/>Vestav\u011bn\u00fd <strong data-start=\"792\" data-end=\"806\">LED displej<\/strong> zobrazuje <strong data-start=\"813\" data-end=\"855\">procento baterie a hladinu e-liquidu<\/strong>, tak\u017ee v\u017edy v\u00edte, kdy dob\u00edt nebo p\u0159epnout p\u0159\u00edchut\u011b.<\/p>\n<p data-start=\"915\" data-end=\"1149\"><strong data-start=\"915\" data-end=\"989\">5. Pro\u010d je UZY 60000 Puff popul\u00e1rn\u00ed pro velkoobchodn\u00ed n\u00e1kup v Evrop\u011b?<\/strong><br data-start=\"989\" data-end=\"992\" \/>Jeho <strong data-start=\"996\" data-end=\"1086\">vysok\u00fd po\u010det pot\u00e1hnut\u00ed, syst\u00e9m trojit\u00e9 p\u0159\u00edchut\u011b, siln\u00e1 baterie a konkurenceschopn\u00e1 velkoobchodn\u00ed cena<\/strong> z n\u011bj \u010din\u00ed nejprod\u00e1van\u011bj\u0161\u00ed volbu pro distributory a maloobchodn\u00edky.<\/p>\n<\/div>\n<\/div>\n<\/div>\n<\/div>","protected":false},"excerpt":{"rendered":"<p><strong data-start=\"114\" data-end=\"149\">Jednor\u00e1zov\u00e1 vapka UZY 60000 Puff<\/strong> v\u00e1m nab\u00eddne <strong data-start=\"159\" data-end=\"184\">3-v-1 trojit\u00e1 p\u0159\u00edchu\u0165<\/strong>, a\u017e <strong data-start=\"192\" data-end=\"205\">60 tis\u00edc pot\u00e1hnut\u00ed<\/strong>a <strong data-start=\"213\" data-end=\"234\">chytr\u00fd LED displej<\/strong> s <strong data-start=\"240\" data-end=\"278\" data-is-only-node=\"\">850mAh Type-C dob\u00edjec\u00ed baterie<\/strong>. Ide\u00e1ln\u00ed pro <strong data-start=\"290\" data-end=\"325\">velkoobchodn\u00ed odb\u011bratele v Evrop\u011b<\/strong> hledaj\u00edc\u00ed dlouhotrvaj\u00edc\u00ed v\u00fdkon za <strong data-start=\"370\" data-end=\"384\">nejlep\u0161\u00ed cenu<\/strong>.<\/p>\n<p><strong>P\u0159idejte si Amy na Whatsapp, abyste z\u00edskali spr\u00e1vnou odpov\u011b\u010f a slevu!<\/strong><\/p>\n<p><img fetchpriority=\"high\" decoding=\"async\" class=\"size-full wp-image-2932\" src=\"https:\/\/vapestornado.com\/wp-content\/uploads\/2024\/12\/Vape-Wholesale.jpg\" alt=\"Velkoobchod s vape\" width=\"229\" height=\"300\" \/><\/p>\n<h3><a href=\"https:\/\/wa.me\/8617776015835\"><span style=\"color: #ff0000;\"><strong>WhatsApp: +86 17776015835<\/strong><\/span><\/a><\/h3>","protected":false},"featured_media":4353,"comment_status":"open","ping_status":"closed","template":"","meta":{"_acf_changed":false,"_uag_custom_page_level_css":"","_lmt_disableupdate":"no","_lmt_disable":"","_monsterinsights_skip_tracking":false,"_monsterinsights_sitenote_active":false,"_monsterinsights_sitenote_note":"","_monsterinsights_sitenote_category":0,"site-sidebar-layout":"default","site-content-layout":"","ast-site-content-layout":"default","site-content-style":"default","site-sidebar-style":"default","ast-global-header-display":"","ast-banner-title-visibility":"","ast-main-header-display":"","ast-hfb-above-header-display":"","ast-hfb-below-header-display":"","ast-hfb-mobile-header-display":"","site-post-title":"","ast-breadcrumbs-content":"","ast-featured-img":"","footer-sml-layout":"","ast-disable-related-posts":"","theme-transparent-header-meta":"default","adv-header-id-meta":"","stick-header-meta":"","header-above-stick-meta":"","header-main-stick-meta":"","header-below-stick-meta":"","astra-migrate-meta-layouts":"set","ast-page-background-enabled":"default","ast-page-background-meta":{"desktop":{"background-color":"","background-image":"","background-repeat":"repeat","background-position":"center center","background-size":"auto","background-attachment":"scroll","background-type":"","background-media":"","overlay-type":"","overlay-color":"","overlay-opacity":"","overlay-gradient":""},"tablet":{"background-color":"","background-image":"","background-repeat":"repeat","background-position":"center center","background-size":"auto","background-attachment":"scroll","background-type":"","background-media":"","overlay-type":"","overlay-color":"","overlay-opacity":"","overlay-gradient":""},"mobile":{"background-color":"","background-image":"","background-repeat":"repeat","background-position":"center center","background-size":"auto","background-attachment":"scroll","background-type":"","background-media":"","overlay-type":"","overlay-color":"","overlay-opacity":"","overlay-gradient":""}},"ast-content-background-meta":{"desktop":{"background-color":"var(--ast-global-color-5)","background-image":"","background-repeat":"repeat","background-position":"center center","background-size":"auto","background-attachment":"scroll","background-type":"","background-media":"","overlay-type":"","overlay-color":"","overlay-opacity":"","overlay-gradient":""},"tablet":{"background-color":"var(--ast-global-color-5)","background-image":"","background-repeat":"repeat","background-position":"center center","background-size":"auto","background-attachment":"scroll","background-type":"","background-media":"","overlay-type":"","overlay-color":"","overlay-opacity":"","overlay-gradient":""},"mobile":{"background-color":"var(--ast-global-color-5)","background-image":"","background-repeat":"repeat","background-position":"center center","background-size":"auto","background-attachment":"scroll","background-type":"","background-media":"","overlay-type":"","overlay-color":"","overlay-opacity":"","overlay-gradient":""}},"_joinchat":{"telephone":"17776015835"}},"product_brand":[],"product_cat":[343,152,156,158,142,357,144,146,356],"product_tag":[369,370,368,366,367,364],"class_list":{"0":"post-4355","1":"product","2":"type-product","3":"status-publish","4":"has-post-thumbnail","6":"product_cat-60000-puff","7":"product_cat-buy-disposable-vapes-in-cermany","8":"product_cat-buy-disposable-vapes-in-poland","9":"product_cat-buy-disposable-vapes-in-spain","10":"product_cat-digital-box-disposable-vapes","11":"product_cat-flavor-adjustable-vape","12":"product_cat-low-nicotine-disposable-vapes","13":"product_cat-rechargeable-disposable-vapes","14":"product_cat-uzy-vape","15":"product_tag-buy-disposable-vape-online","16":"product_tag-disposable-vape-bulk-buy","17":"product_tag-disposable-vapor","18":"product_tag-uzy-60000-puff","19":"product_tag-uzy-60k-puff","20":"product_tag-wholesale-cheap-price","21":"desktop-align-left","22":"tablet-align-left","23":"mobile-align-left","25":"first","26":"instock","27":"sale","28":"shipping-taxable","29":"purchasable","30":"product-type-simple"},"acf":[],"uagb_featured_image_src":{"full":["https:\/\/vapestornado.com\/wp-content\/uploads\/2025\/09\/UZY-Triple-Flavor-60000-60K-Puffs-Disposable-Vape-BOx.webp",800,800,false],"thumbnail":["https:\/\/vapestornado.com\/wp-content\/uploads\/2025\/09\/UZY-Triple-Flavor-60000-60K-Puffs-Disposable-Vape-BOx-150x150.webp",150,150,true],"medium":["https:\/\/vapestornado.com\/wp-content\/uploads\/2025\/09\/UZY-Triple-Flavor-60000-60K-Puffs-Disposable-Vape-BOx-300x300.webp",300,300,true],"medium_large":["https:\/\/vapestornado.com\/wp-content\/uploads\/2025\/09\/UZY-Triple-Flavor-60000-60K-Puffs-Disposable-Vape-BOx-768x768.webp",768,768,true],"large":["https:\/\/vapestornado.com\/wp-content\/uploads\/2025\/09\/UZY-Triple-Flavor-60000-60K-Puffs-Disposable-Vape-BOx.webp",800,800,false],"1536x1536":["https:\/\/vapestornado.com\/wp-content\/uploads\/2025\/09\/UZY-Triple-Flavor-60000-60K-Puffs-Disposable-Vape-BOx.webp",800,800,false],"2048x2048":["https:\/\/vapestornado.com\/wp-content\/uploads\/2025\/09\/UZY-Triple-Flavor-60000-60K-Puffs-Disposable-Vape-BOx.webp",800,800,false],"trp-custom-language-flag":["https:\/\/vapestornado.com\/wp-content\/uploads\/2025\/09\/UZY-Triple-Flavor-60000-60K-Puffs-Disposable-Vape-BOx-12x12.webp",12,12,true],"woocommerce_thumbnail":["https:\/\/vapestornado.com\/wp-content\/uploads\/2025\/09\/UZY-Triple-Flavor-60000-60K-Puffs-Disposable-Vape-BOx-300x300.webp",300,300,true],"woocommerce_single":["https:\/\/vapestornado.com\/wp-content\/uploads\/2025\/09\/UZY-Triple-Flavor-60000-60K-Puffs-Disposable-Vape-BOx-600x600.webp",600,600,true],"woocommerce_gallery_thumbnail":["https:\/\/vapestornado.com\/wp-content\/uploads\/2025\/09\/UZY-Triple-Flavor-60000-60K-Puffs-Disposable-Vape-BOx-100x100.webp",100,100,true]},"uagb_author_info":{"display_name":"ESAMY","author_link":"https:\/\/vapestornado.com\/cs\/author\/"},"uagb_comment_info":1,"uagb_excerpt":"UZY 60000 Puff Disposable Vapor delivers 3-in-1 triple flavors, up to 60k puffs, and a smart LED display with 850mAh Type-C rechargeable battery. Ideal for bulk wholesale buyers in Europe looking for long-lasting performance at the best price. Add Amy's whatsapp to get right reply and discount price! WhatsApp: +86 17776015835","_links":{"self":[{"href":"https:\/\/vapestornado.com\/cs\/wp-json\/wp\/v2\/product\/4355","targetHints":{"allow":["GET"]}}],"collection":[{"href":"https:\/\/vapestornado.com\/cs\/wp-json\/wp\/v2\/product"}],"about":[{"href":"https:\/\/vapestornado.com\/cs\/wp-json\/wp\/v2\/types\/product"}],"replies":[{"embeddable":true,"href":"https:\/\/vapestornado.com\/cs\/wp-json\/wp\/v2\/comments?post=4355"}],"wp:featuredmedia":[{"embeddable":true,"href":"https:\/\/vapestornado.com\/cs\/wp-json\/wp\/v2\/media\/4353"}],"wp:attachment":[{"href":"https:\/\/vapestornado.com\/cs\/wp-json\/wp\/v2\/media?parent=4355"}],"wp:term":[{"taxonomy":"product_brand","embeddable":true,"href":"https:\/\/vapestornado.com\/cs\/wp-json\/wp\/v2\/product_brand?post=4355"},{"taxonomy":"product_cat","embeddable":true,"href":"https:\/\/vapestornado.com\/cs\/wp-json\/wp\/v2\/product_cat?post=4355"},{"taxonomy":"product_tag","embeddable":true,"href":"https:\/\/vapestornado.com\/cs\/wp-json\/wp\/v2\/product_tag?post=4355"}],"curies":[{"name":"wp","href":"https:\/\/api.w.org\/{rel}","templated":true}]}}