{"id":4348,"date":"2025-09-17T08:20:08","date_gmt":"2025-09-17T08:20:08","guid":{"rendered":"https:\/\/vapestornado.com\/?post_type=product&#038;p=4348"},"modified":"2025-09-17T08:44:49","modified_gmt":"2025-09-17T08:44:49","slug":"original-vozol-star-40000-puff-40k-best-disposable-vape-2025-wholesale-cheap-price","status":"publish","type":"product","link":"https:\/\/vapestornado.com\/cs\/product\/original-vozol-star-40000-puff-40k-best-disposable-vape-2025-wholesale-cheap-price\/","title":{"rendered":"Origin\u00e1ln\u00ed Vozol Star 40000 Puff 40k Nejlep\u0161\u00ed jednor\u00e1zov\u00e1 vapka 2025 Velkoobchodn\u00ed levn\u00e1 cena"},"content":{"rendered":"<h2 data-pm-slice=\"1 1 []\">Jednor\u00e1zov\u00e1 e-cigareta Vozol Star 40000 \u2013 Velkoobchodn\u00ed nejlep\u0161\u00ed cena 2025<\/h2>\n<p data-start=\"292\" data-end=\"656\">Ten <strong data-start=\"296\" data-end=\"349\">Vozol Star 40000 Puff (Jednor\u00e1zov\u00e1 e-cigareta Vozol Star 40K)<\/strong> stanovuje nov\u00fd standard v oblasti jednor\u00e1zov\u00fdch za\u0159\u00edzen\u00ed s dlouhou \u017eivotnost\u00ed. Poskytuje a\u017e <strong data-start=\"424\" data-end=\"440\">40 000 pot\u00e1hnut\u00ed<\/strong>, je ur\u010den pro u\u017eivatele, kte\u0159\u00ed cht\u011bj\u00ed v\u00fdkon, rozmanitost a hodnotu v jednom kompaktn\u00edm designu. Poh\u00e1n\u011bno <strong data-start=\"534\" data-end=\"592\">1000mAh dob\u00edjec\u00ed bateri\u00ed s rychl\u00fdm nab\u00edjen\u00edm Type-C<\/strong>, Star 40K je ide\u00e1ln\u00ed pro t\u00fddny konzistentn\u00edho v\u00fdkonu.<\/p>\n<p data-start=\"658\" data-end=\"996\">Vyvinuto s <strong data-start=\"674\" data-end=\"693\">dvojit\u00e9 mesh spir\u00e1lky<\/strong> a <strong data-start=\"700\" data-end=\"739\">syst\u00e9m du\u00e1ln\u00edho re\u017eimu (Eco<\/strong>, ka\u017ed\u00fd potah je hladk\u00fd, chutn\u00fd a p\u0159izp\u016fsobiteln\u00fd va\u0161emu stylu \u2013 a\u0165 u\u017e si u\u017e\u00edv\u00e1te t\u011bsn\u011bj\u0161\u00ed MTL tahy nebo vzdu\u0161n\u00e9 DL hity. The <strong data-start=\"862\" data-end=\"884\">Nastaviteln\u00fd pr\u016ftok vzduchu<\/strong> p\u0159id\u00e1v\u00e1 dal\u0161\u00ed kontrolu a d\u00e1v\u00e1 \u010desk\u00fdm vaper\u016fm p\u0159esn\u011b to, co o\u010dek\u00e1vaj\u00ed od <strong data-start=\"964\" data-end=\"993\">nejlep\u0161\u00ed jednor\u00e1zov\u00e1 e-cigareta 2025<\/strong>.<\/p>\n<p data-start=\"998\" data-end=\"1352\">Vozol Star 40K se dod\u00e1v\u00e1 v <strong data-start=\"1026\" data-end=\"1048\">25 pr\u00e9miov\u00fdch p\u0159\u00edchut\u00edch<\/strong>, od <strong data-start=\"1055\" data-end=\"1079\">ledov\u00fdch mentolov\u00fdch klasik<\/strong> to <strong data-start=\"1083\" data-end=\"1099\">ovocn\u00fdch sm\u011bs\u00ed<\/strong> jako Strawberry Kiwi, Mango Peach a Blue Razz Ice. V kombinaci s <strong data-start=\"1170\" data-end=\"1190\">konstrukc\u00ed odolnou proti \u00faniku<\/strong> a <strong data-start=\"1195\" data-end=\"1219\">elegantn\u00ed k\u0159i\u0161\u0165\u00e1lovou povrchovou \u00fapravou<\/strong>, toto za\u0159\u00edzen\u00ed je nejen odoln\u00e9, ale tak\u00e9 stylov\u00e9, tak\u017ee je velmi atraktivn\u00ed pro velkoobchodn\u00ed kupce zam\u011b\u0159en\u00e9 na trhy mlad\u00fdch dosp\u011bl\u00fdch.<\/p>\n<p data-start=\"1354\" data-end=\"1631\">Pro distributory je <strong data-start=\"1376\" data-end=\"1396\">Vozol Star 40000<\/strong> Puff nab\u00edz\u00ed siln\u00e9 prodejn\u00ed mar\u017ee, vysokou spot\u0159ebitelskou popt\u00e1vku a d\u016fv\u011bryhodnost p\u0159edn\u00ed zna\u010dky v Evrop\u011b. D\u00edky tomu je to za\u0159\u00edzen\u00ed, kter\u00e9 mus\u00ed m\u00edt ka\u017ed\u00fd prodejce vape, kter\u00fd hled\u00e1 <strong data-start=\"1569\" data-end=\"1600\">velkoobchodn\u00ed levn\u00e9 nab\u00eddky<\/strong> ani\u017e by ob\u011btovali kvalitu.<\/p>\n<p><strong><span style=\"color: #ff0000;\">P\u0159idejte si Amy na WhatsApp pro rychlou odpov\u011b\u010f a kup\u00f3n na vapky!<\/span><\/strong><\/p>\n<p><img fetchpriority=\"high\" decoding=\"async\" class=\"size-full wp-image-2932\" src=\"https:\/\/vapestornado.com\/wp-content\/uploads\/2024\/12\/Vape-Wholesale.jpg\" alt=\"Velkoobchod s vape\" width=\"229\" height=\"300\" \/><\/p>\n<h3><a href=\"https:\/\/wa.me\/8617776015835\" target=\"_blank\" rel=\"noopener\"><span style=\"color: #ff0000;\"><strong>WhatsApp: +86 17776015835<\/strong><\/span><\/a><\/h3>\n<p>&nbsp;<\/p>\n<h2><strong>Vozol Star 40000 Puff Vlastnosti produktu<\/strong><\/h2>\n<ul data-start=\"1659\" data-end=\"2057\">\n<li data-start=\"1659\" data-end=\"1707\">\n<p data-start=\"1661\" data-end=\"1707\"><strong data-start=\"1661\" data-end=\"1677\">40 000 pot\u00e1hnut\u00ed<\/strong> na za\u0159\u00edzen\u00ed pro del\u0161\u00ed pou\u017e\u00edv\u00e1n\u00ed<\/p>\n<\/li>\n<li data-start=\"1708\" data-end=\"1773\">\n<p data-start=\"1710\" data-end=\"1773\"><strong data-start=\"1710\" data-end=\"1730\">Syst\u00e9m du\u00e1ln\u00edho re\u017eimu<\/strong> (Eco\/Power) pro p\u0159izp\u016fsobiteln\u00fd v\u00fdkon<\/p>\n<\/li>\n<li data-start=\"1774\" data-end=\"1831\">\n<p data-start=\"1776\" data-end=\"1831\"><strong data-start=\"1776\" data-end=\"1795\">Du\u00e1ln\u00ed mesh spir\u00e1lky<\/strong> pro v\u00fdraznou chu\u0165 a hustotu p\u00e1ry<\/p>\n<\/li>\n<li data-start=\"1832\" data-end=\"1894\">\n<p data-start=\"1834\" data-end=\"1894\"><strong data-start=\"1834\" data-end=\"1866\">1000mAh dob\u00edjec\u00ed bateri\u00ed<\/strong> s rychl\u00fdm nab\u00edjen\u00edm Type-C<\/p>\n<\/li>\n<li data-start=\"1895\" data-end=\"1953\">\n<p data-start=\"1897\" data-end=\"1953\"><strong data-start=\"1897\" data-end=\"1918\">24 chu\u0165ov\u00fdch variant<\/strong> navr\u017eeno pro evropsk\u00fd trh<\/p>\n<\/li>\n<li data-start=\"1954\" data-end=\"2005\">\n<p data-start=\"1956\" data-end=\"2005\"><strong data-start=\"1956\" data-end=\"1978\">Nastaviteln\u00fd pr\u016ftok vzduchu<\/strong> pro MTL<\/p>\n<\/li>\n<li data-start=\"2006\" data-end=\"2057\">\n<p data-start=\"2008\" data-end=\"2057\"><strong data-start=\"2008\" data-end=\"2029\">Konstrukce odoln\u00e1 proti \u00faniku<\/strong> se stylov\u00fdm k\u0159i\u0161\u0165\u00e1lov\u00fdm t\u011blem<\/p>\n<\/li>\n<\/ul>\n<h2 class=\"product-title\"><strong>\u00a0Seznam p\u0159\u00edchut\u00ed Vozol Star 40000 Puff<\/strong><\/h2>\n<p>1. Modr\u00e1 Razzle Ice<br \/>\n2. Blueberry Ice (Bor\u016fvkov\u00fd led)<br \/>\n3. Bor\u016fvkov\u00e1 m\u00e1ta<br \/>\n4. Bor\u016fvkov\u00fd meloun<br \/>\n5. Cherimoya Grapefruit Bobule<br \/>\n6. T\u0159e\u0161\u0148ov\u00e1 Cola<br \/>\n7. Chladn\u00e1 M\u00e1ta<br \/>\n8. Hroznov\u00fd led<br \/>\n9. Mango Led<br \/>\n10. Mango Broskev<br \/>\n11. Melounov\u00e1 \u017dv\u00fdka\u010dka<br \/>\n12. Melounov\u00fd Led<br \/>\n13. Broskvov\u00fd Led<br \/>\n14. Kysel\u00e9 Jablko s Ledem<br \/>\n15. Jahodov\u00fd Led<br \/>\n16. Jahoda Kiwi<br \/>\n17. Jahoda Meloun<br \/>\n18. Jahoda Meloun Broskev<br \/>\n20. Vzbull<br \/>\n21. \u017dv\u00fdka\u010dka s p\u0159\u00edchut\u00ed melounu<br \/>\n22. Meloun, hrozny a ostru\u017einy Boysen<br \/>\n23. Meloun s ledem<br \/>\n24. Meloun a kysel\u00e1 broskev<br \/>\n25. B\u00edl\u00e1 broskev a malina<\/p>\n<figure id=\"attachment_4346\" aria-describedby=\"caption-attachment-4346\" style=\"width: 300px\" class=\"wp-caption alignnone\"><img decoding=\"async\" class=\"size-medium wp-image-4346\" src=\"https:\/\/vapestornado.com\/wp-content\/uploads\/2025\/09\/VOZOL-STAR-40K-Puffs-Vozol-Vapes-300x177.webp\" alt=\"VOZOL STAR 40K Puffs Vozol Vapes Hork\u00fd prodej p\u0159\u00edchut\u00ed\" width=\"300\" height=\"177\" srcset=\"https:\/\/vapestornado.com\/wp-content\/uploads\/2025\/09\/VOZOL-STAR-40K-Puffs-Vozol-Vapes-300x177.webp 300w, https:\/\/vapestornado.com\/wp-content\/uploads\/2025\/09\/VOZOL-STAR-40K-Puffs-Vozol-Vapes-768x454.webp 768w, https:\/\/vapestornado.com\/wp-content\/uploads\/2025\/09\/VOZOL-STAR-40K-Puffs-Vozol-Vapes-18x12.webp 18w, https:\/\/vapestornado.com\/wp-content\/uploads\/2025\/09\/VOZOL-STAR-40K-Puffs-Vozol-Vapes-600x355.webp 600w, https:\/\/vapestornado.com\/wp-content\/uploads\/2025\/09\/VOZOL-STAR-40K-Puffs-Vozol-Vapes.webp 800w\" sizes=\"(max-width: 300px) 100vw, 300px\" \/><figcaption id=\"caption-attachment-4346\" class=\"wp-caption-text\">VOZOL STAR 40K Puffs Vozol Vapes Hork\u00fd prodej p\u0159\u00edchut\u00ed<\/figcaption><\/figure>\n<div class=\"flex-shrink-0 flex flex-col relative items-end\">\n<div class=\"pt-0\">\n<div class=\"gizmo-bot-avatar flex h-8 w-8 items-center justify-center overflow-hidden rounded-full\">\n<div class=\"relative p-1 rounded-sm flex items-center justify-center bg-token-main-surface-primary text-token-text-primary h-8 w-8\">\n<h2 data-start=\"1200\" data-end=\"1487\">Vapes Tornado \u2013 V\u00e1\u0161 velkoobchodn\u00ed online vape shop pro \u0161pi\u010dkov\u00e9 zna\u010dky vape v Evrop\u011b<\/h2>\n<p data-start=\"1200\" data-end=\"1487\"><strong data-start=\"213\" data-end=\"248\">Vapes Tornado Online Vape Obchod<\/strong> je va\u0161e d\u016fv\u011bryhodn\u00e1 destinace pro vysoce kvalitn\u00ed jednor\u00e1zov\u00e9 vapy a velkoobchodn\u00ed e-cigarety po cel\u00e9 Evrop\u011b. Specializujeme se na nab\u00eddku \u0161irok\u00e9ho v\u00fdb\u011bru <strong data-start=\"403\" data-end=\"431\">nejobl\u00edben\u011bj\u0161\u00edch zna\u010dek vap\u016f<\/strong>, v\u010detn\u011b <strong data-start=\"443\" data-end=\"502\"><a href=\"https:\/\/vapestornado.com\/cs\/product\/buy-authentic-waspe-100000-puffs-low-nicotine-disposable-vape-pen-at-wholesale-price\/\">WASPE VAPE<\/a>, BANGBOX VAPE, <a href=\"https:\/\/vapestornado.com\/cs\/product\/vozol-gear-power-20k-20000-puffs-vape-rechargeable-disposable-box-bulk-buy-cheap-price\/\">VOZOL VAPE<\/a><\/strong><strong data-start=\"443\" data-end=\"502\">, a <a href=\"https:\/\/vapestornado.com\/cs\/product-category\/fumot-vape\/\">FUMOT VAPE<\/a><\/strong>. N\u00e1\u0161 obchod je postaven tak, aby slou\u017eil jak individu\u00e1ln\u00edm z\u00e1kazn\u00edk\u016fm, tak velkoobchodn\u00edm odb\u011bratel\u016fm, a poskytuje spolehliv\u00e9 produkty, kter\u00e9 kombinuj\u00ed siln\u00fd v\u00fdkon, stylov\u00fd design a konkurenceschopn\u00e9 ceny.<\/p>\n<h2 data-start=\"2064\" data-end=\"2115\">\u010casto kladen\u00e9 ot\u00e1zky o jednor\u00e1zov\u00e9 vape Vozol Star 40000 Puff<\/h2>\n<p data-start=\"2117\" data-end=\"2283\"><strong data-start=\"2117\" data-end=\"2171\">1. Kolik pot\u00e1hnut\u00ed poskytuje Vozol Star 40K?<\/strong><br data-start=\"2171\" data-end=\"2174\" \/>Ka\u017ed\u00e9 za\u0159\u00edzen\u00ed nab\u00edz\u00ed a\u017e <strong data-start=\"2199\" data-end=\"2215\">40 000 pot\u00e1hnut\u00ed<\/strong>, co\u017e z n\u011bj \u010din\u00ed jednu z nejd\u00e9le trvaj\u00edc\u00edch jednor\u00e1zov\u00fdch vape v Evrop\u011b.<\/p>\n<p data-start=\"2285\" data-end=\"2429\"><strong data-start=\"2285\" data-end=\"2327\">2. Je Vozol Star 40K dob\u00edjec\u00ed?<\/strong><br data-start=\"2327\" data-end=\"2330\" \/>Ano, m\u00e1 <strong data-start=\"2349\" data-end=\"2402\">Dob\u00edjec\u00ed baterie 1000 mAh s nab\u00edjen\u00edm typu C<\/strong>, zaji\u0161\u0165uj\u00edc\u00ed dlouhodob\u00e9 pou\u017e\u00edv\u00e1n\u00ed.<\/p>\n<p data-start=\"2431\" data-end=\"2632\"><strong data-start=\"2431\" data-end=\"2503\">3. \u010c\u00edm se Vozol Star 40000 li\u0161\u00ed od ostatn\u00edch jednor\u00e1zov\u00fdch za\u0159\u00edzen\u00ed?<\/strong><br data-start=\"2503\" data-end=\"2506\" \/>Kombinuje <strong data-start=\"2518\" data-end=\"2537\">dvojit\u00e9 mesh spir\u00e1lky<\/strong>, <strong data-start=\"2539\" data-end=\"2560\">dva re\u017eimy vapov\u00e1n\u00ed<\/strong>, a <strong data-start=\"2566\" data-end=\"2588\">Nastaviteln\u00fd pr\u016ftok vzduchu<\/strong>, nab\u00edz\u00ed flexibilitu a vynikaj\u00edc\u00ed chu\u0165.<\/p>\n<p data-start=\"2634\" data-end=\"2841\"><strong data-start=\"2634\" data-end=\"2668\">4. Jak\u00e9 p\u0159\u00edchut\u011b jsou k dispozici?<\/strong><br data-start=\"2668\" data-end=\"2671\" \/>Na v\u00fdb\u011br je <strong data-start=\"2681\" data-end=\"2695\">24 p\u0159\u00edchut\u00ed<\/strong> v\u010detn\u011b ovocn\u00fdch sm\u011bs\u00ed jako <strong data-start=\"2725\" data-end=\"2740\">Mango Broskev<\/strong>, osv\u011b\u017euj\u00edc\u00ed mo\u017enosti jako <strong data-start=\"2766\" data-end=\"2779\">Chladiv\u00e1 m\u00e1ta<\/strong>a jedine\u010dn\u00e9 sm\u011bsi jako <strong data-start=\"2806\" data-end=\"2838\">\u010cerimoja Grapefruitov\u00e9 bobule<\/strong>.<\/p>\n<p data-start=\"2843\" data-end=\"3067\"><strong data-start=\"2843\" data-end=\"2905\">5. Pro\u010d je Vozol Star 40K popul\u00e1rn\u00ed u velkoobchodn\u00edch odb\u011bratel\u016f?<\/strong><br data-start=\"2905\" data-end=\"2908\" \/>M\u00e1 <strong data-start=\"2915\" data-end=\"2980\">silnou popt\u00e1vku, prvot\u0159\u00eddn\u00ed kvalitu proveden\u00ed a prodlou\u017een\u00fd po\u010det pot\u00e1hnut\u00ed<\/strong>, co\u017e umo\u017e\u0148uje velkoobchodn\u00edk\u016fm dosahovat lep\u0161\u00edch ziskov\u00fdch mar\u017e\u00ed p\u0159i <strong data-start=\"3039\" data-end=\"3064\">velkoobchodn\u00ed n\u00edzkou cenu<\/strong>.<\/p>\n<\/div>\n<\/div>\n<\/div>\n<\/div>","protected":false},"excerpt":{"rendered":"<p><strong data-start=\"108\" data-end=\"144\">Jednor\u00e1zov\u00e1 e-cigareta Vozol Star 40000<\/strong> poskytuje a\u017e <strong data-start=\"160\" data-end=\"173\">40 000 pot\u00e1hnut\u00ed<\/strong> s <strong data-start=\"179\" data-end=\"198\">dvojit\u00e9 mesh spir\u00e1lky<\/strong>, s <strong data-start=\"202\" data-end=\"241\">Dob\u00edjec\u00ed baterie 1000 mAh typu C<\/strong>, a <strong data-start=\"247\" data-end=\"266\" data-is-only-node=\"\">25 v\u00fdrazn\u00fdch p\u0159\u00edchut\u00ed<\/strong>. Navr\u017eeno se syst\u00e9mem du\u00e1ln\u00edho re\u017eimu a nastaviteln\u00fdm proud\u011bn\u00edm vzduchu, je to <strong data-start=\"334\" data-end=\"363\">nejlep\u0161\u00ed jednor\u00e1zov\u00e1 e-cigareta 2025<\/strong> pro hladkou chu\u0165 a dlouhotrvaj\u00edc\u00ed v\u00fdkon za <strong data-start=\"415\" data-end=\"440\">velkoobchodn\u00ed n\u00edzkou cenu<\/strong>.<\/p>\n<p><strong>P\u0159idejte si Amy na Whatsapp, abyste z\u00edskali spr\u00e1vnou odpov\u011b\u010f a slevu!<\/strong><\/p>\n<p><img fetchpriority=\"high\" decoding=\"async\" class=\"size-full wp-image-2932\" src=\"https:\/\/vapestornado.com\/wp-content\/uploads\/2024\/12\/Vape-Wholesale.jpg\" alt=\"Velkoobchod s vape\" width=\"229\" height=\"300\" \/><\/p>\n<h3><a href=\"https:\/\/wa.me\/8617776015835\"><span style=\"color: #ff0000;\"><strong>WhatsApp: +86 17776015835<\/strong><\/span><\/a><\/h3>","protected":false},"featured_media":4344,"comment_status":"open","ping_status":"closed","template":"","meta":{"_acf_changed":false,"_uag_custom_page_level_css":"","_lmt_disableupdate":"no","_lmt_disable":"","_monsterinsights_skip_tracking":false,"_monsterinsights_sitenote_active":false,"_monsterinsights_sitenote_note":"","_monsterinsights_sitenote_category":0,"site-sidebar-layout":"default","site-content-layout":"","ast-site-content-layout":"default","site-content-style":"default","site-sidebar-style":"default","ast-global-header-display":"","ast-banner-title-visibility":"","ast-main-header-display":"","ast-hfb-above-header-display":"","ast-hfb-below-header-display":"","ast-hfb-mobile-header-display":"","site-post-title":"","ast-breadcrumbs-content":"","ast-featured-img":"","footer-sml-layout":"","ast-disable-related-posts":"","theme-transparent-header-meta":"default","adv-header-id-meta":"","stick-header-meta":"","header-above-stick-meta":"","header-main-stick-meta":"","header-below-stick-meta":"","astra-migrate-meta-layouts":"set","ast-page-background-enabled":"default","ast-page-background-meta":{"desktop":{"background-color":"","background-image":"","background-repeat":"repeat","background-position":"center center","background-size":"auto","background-attachment":"scroll","background-type":"","background-media":"","overlay-type":"","overlay-color":"","overlay-opacity":"","overlay-gradient":""},"tablet":{"background-color":"","background-image":"","background-repeat":"repeat","background-position":"center center","background-size":"auto","background-attachment":"scroll","background-type":"","background-media":"","overlay-type":"","overlay-color":"","overlay-opacity":"","overlay-gradient":""},"mobile":{"background-color":"","background-image":"","background-repeat":"repeat","background-position":"center center","background-size":"auto","background-attachment":"scroll","background-type":"","background-media":"","overlay-type":"","overlay-color":"","overlay-opacity":"","overlay-gradient":""}},"ast-content-background-meta":{"desktop":{"background-color":"var(--ast-global-color-5)","background-image":"","background-repeat":"repeat","background-position":"center center","background-size":"auto","background-attachment":"scroll","background-type":"","background-media":"","overlay-type":"","overlay-color":"","overlay-opacity":"","overlay-gradient":""},"tablet":{"background-color":"var(--ast-global-color-5)","background-image":"","background-repeat":"repeat","background-position":"center center","background-size":"auto","background-attachment":"scroll","background-type":"","background-media":"","overlay-type":"","overlay-color":"","overlay-opacity":"","overlay-gradient":""},"mobile":{"background-color":"var(--ast-global-color-5)","background-image":"","background-repeat":"repeat","background-position":"center center","background-size":"auto","background-attachment":"scroll","background-type":"","background-media":"","overlay-type":"","overlay-color":"","overlay-opacity":"","overlay-gradient":""}},"_joinchat":{"telephone":"17776015835"}},"product_brand":[],"product_cat":[65,152,156,158,142,357,144,146,57],"product_tag":[363,365,361,362,220,364],"class_list":{"0":"post-4348","1":"product","2":"type-product","3":"status-publish","4":"has-post-thumbnail","6":"product_cat-40000-puff","7":"product_cat-buy-disposable-vapes-in-cermany","8":"product_cat-buy-disposable-vapes-in-poland","9":"product_cat-buy-disposable-vapes-in-spain","10":"product_cat-digital-box-disposable-vapes","11":"product_cat-flavor-adjustable-vape","12":"product_cat-low-nicotine-disposable-vapes","13":"product_cat-rechargeable-disposable-vapes","14":"product_cat-vozol-vape","15":"product_tag-best-disposable-vape-2025","16":"product_tag-original-vozol-vape","17":"product_tag-vozol-star-40000","18":"product_tag-vozol-star-40k-disposable-vape","19":"product_tag-vozol-vape","20":"product_tag-wholesale-cheap-price","21":"desktop-align-left","22":"tablet-align-left","23":"mobile-align-left","25":"first","26":"instock","27":"sale","28":"shipping-taxable","29":"purchasable","30":"product-type-simple"},"acf":[],"uagb_featured_image_src":{"full":["https:\/\/vapestornado.com\/wp-content\/uploads\/2025\/09\/VOZOL-STAR-40K-Puffs-Best-Vape-Brands.webp",800,800,false],"thumbnail":["https:\/\/vapestornado.com\/wp-content\/uploads\/2025\/09\/VOZOL-STAR-40K-Puffs-Best-Vape-Brands-150x150.webp",150,150,true],"medium":["https:\/\/vapestornado.com\/wp-content\/uploads\/2025\/09\/VOZOL-STAR-40K-Puffs-Best-Vape-Brands-300x300.webp",300,300,true],"medium_large":["https:\/\/vapestornado.com\/wp-content\/uploads\/2025\/09\/VOZOL-STAR-40K-Puffs-Best-Vape-Brands-768x768.webp",768,768,true],"large":["https:\/\/vapestornado.com\/wp-content\/uploads\/2025\/09\/VOZOL-STAR-40K-Puffs-Best-Vape-Brands.webp",800,800,false],"1536x1536":["https:\/\/vapestornado.com\/wp-content\/uploads\/2025\/09\/VOZOL-STAR-40K-Puffs-Best-Vape-Brands.webp",800,800,false],"2048x2048":["https:\/\/vapestornado.com\/wp-content\/uploads\/2025\/09\/VOZOL-STAR-40K-Puffs-Best-Vape-Brands.webp",800,800,false],"trp-custom-language-flag":["https:\/\/vapestornado.com\/wp-content\/uploads\/2025\/09\/VOZOL-STAR-40K-Puffs-Best-Vape-Brands-12x12.webp",12,12,true],"woocommerce_thumbnail":["https:\/\/vapestornado.com\/wp-content\/uploads\/2025\/09\/VOZOL-STAR-40K-Puffs-Best-Vape-Brands-300x300.webp",300,300,true],"woocommerce_single":["https:\/\/vapestornado.com\/wp-content\/uploads\/2025\/09\/VOZOL-STAR-40K-Puffs-Best-Vape-Brands-600x600.webp",600,600,true],"woocommerce_gallery_thumbnail":["https:\/\/vapestornado.com\/wp-content\/uploads\/2025\/09\/VOZOL-STAR-40K-Puffs-Best-Vape-Brands-100x100.webp",100,100,true]},"uagb_author_info":{"display_name":"ESAMY","author_link":"https:\/\/vapestornado.com\/cs\/author\/"},"uagb_comment_info":1,"uagb_excerpt":"Vozol Star 40000 Disposable Vape delivers up to 40K puffs with dual mesh coils, a 1000mAh Type-C rechargeable battery, and 25 bold flavors. Designed with a dual-mode system and adjustable airflow, it\u2019s the best disposable vape 2025 for smooth taste and long-lasting performance at a wholesale cheap price. Add Amy's whatsapp to get right reply&hellip;","_links":{"self":[{"href":"https:\/\/vapestornado.com\/cs\/wp-json\/wp\/v2\/product\/4348","targetHints":{"allow":["GET"]}}],"collection":[{"href":"https:\/\/vapestornado.com\/cs\/wp-json\/wp\/v2\/product"}],"about":[{"href":"https:\/\/vapestornado.com\/cs\/wp-json\/wp\/v2\/types\/product"}],"replies":[{"embeddable":true,"href":"https:\/\/vapestornado.com\/cs\/wp-json\/wp\/v2\/comments?post=4348"}],"wp:featuredmedia":[{"embeddable":true,"href":"https:\/\/vapestornado.com\/cs\/wp-json\/wp\/v2\/media\/4344"}],"wp:attachment":[{"href":"https:\/\/vapestornado.com\/cs\/wp-json\/wp\/v2\/media?parent=4348"}],"wp:term":[{"taxonomy":"product_brand","embeddable":true,"href":"https:\/\/vapestornado.com\/cs\/wp-json\/wp\/v2\/product_brand?post=4348"},{"taxonomy":"product_cat","embeddable":true,"href":"https:\/\/vapestornado.com\/cs\/wp-json\/wp\/v2\/product_cat?post=4348"},{"taxonomy":"product_tag","embeddable":true,"href":"https:\/\/vapestornado.com\/cs\/wp-json\/wp\/v2\/product_tag?post=4348"}],"curies":[{"name":"wp","href":"https:\/\/api.w.org\/{rel}","templated":true}]}}