{"id":4339,"date":"2025-09-16T08:10:51","date_gmt":"2025-09-16T08:10:51","guid":{"rendered":"https:\/\/vapestornado.com\/?post_type=product&#038;p=4339"},"modified":"2025-09-16T09:18:02","modified_gmt":"2025-09-16T09:18:02","slug":"bang-leader-110k-110000-puffs-6-in-1-flavors-2-nicotine-disposable-vape-wholesale-price","status":"publish","type":"product","link":"https:\/\/vapestornado.com\/cs\/product\/bang-leader-110k-110000-puffs-6-in-1-flavors-2-nicotine-disposable-vape-wholesale-price\/","title":{"rendered":"Bang Leader 110k 110000 pot\u00e1hnut\u00ed 6 v 1 p\u0159\u00edchut\u00edch Jednor\u00e1zov\u00e1 vape s nikotinem za velkoobchodn\u00ed cenu"},"content":{"rendered":"<h2 data-pm-slice=\"1 1 []\">Bang Leader 110k 110000 pot\u00e1hnut\u00ed 6 v 1 p\u0159\u00edchut\u00edch Jednor\u00e1zov\u00e1 vape s nikotinem za velkoobchodn\u00ed cenu<\/h2>\n<p data-start=\"229\" data-end=\"623\"><strong data-start=\"273\" data-end=\"293\">Bang Leader 110K je<\/strong>\u00a0sil\u00e1k <strong data-start=\"308\" data-end=\"331\">jednor\u00e1zov\u00e9 vape pero<\/strong> navr\u017een\u00fd pro v\u00fdkon a velkoobchodn\u00ed hodnotu. Toto za\u0159\u00edzen\u00ed, navr\u017een\u00e9 s ohledem na evropsk\u00fd trh, poskytuje masivn\u00ed <strong data-start=\"454\" data-end=\"471\">110 000 pot\u00e1hnut\u00ed<\/strong>, poh\u00e1n\u011bn\u00e9ho <strong data-start=\"486\" data-end=\"524\">Dob\u00edjec\u00ed baterie 650 mAh Type-C<\/strong> a je podporov\u00e1no <strong data-start=\"544\" data-end=\"563\">digit\u00e1ln\u00ed displej<\/strong> kter\u00fd sleduje hladinu oleje i baterie pro plnou kontrolu.<\/p>\n<p data-start=\"625\" data-end=\"1060\">S <strong data-start=\"630\" data-end=\"656\">Rotace 6 p\u0159\u00edchut\u00ed v 1<\/strong>, u\u017eivatel\u00e9 si u\u017e\u00edvaj\u00ed prvot\u0159\u00eddn\u00ed z\u00e1\u017eitek z vapingu \u2013 p\u0159ep\u00ednaj\u00ed mezi \u017eiv\u00fdmi ovocn\u00fdmi sm\u011bsmi a ledov\u011b chladn\u00fdmi z\u00e1sahy bez m\u00edch\u00e1n\u00ed chut\u00ed. Podporov\u00e1no <strong data-start=\"789\" data-end=\"818\">technologi\u00ed quad mesh coil<\/strong>, ka\u017ed\u00fd tah je hladk\u00fd, konzistentn\u00ed a uspokojiv\u00fd. The <strong data-start=\"873\" data-end=\"902\">mo\u017enosti nikotinu 2% a 5%<\/strong> u\u010dinit jej vhodn\u00fdm pro p\u0159\u00edle\u017eitostn\u00e9 i siln\u00e9 u\u017eivatele a oslovit p\u0159\u00edmo vapery, kte\u0159\u00ed po\u017eaduj\u00ed styl, s\u00edlu a v\u00fddr\u017e.<\/p>\n<p data-start=\"1062\" data-end=\"1408\">Pro velkoobchodn\u00edky <strong data-start=\"1083\" data-end=\"1110\">Bang Leader 110000 pot\u00e1hnut\u00ed<\/strong> nen\u00ed jen jednor\u00e1zov\u00e1 vape \u2013 je to bestseller se silnou opakovanou popt\u00e1vkou. Jeho <strong data-start=\"1185\" data-end=\"1203\">pr\u00e9miov\u00fd design<\/strong>, vysok\u00fd po\u010det pot\u00e1hnut\u00ed a vyv\u00e1\u017een\u00e9 p\u0159\u00edchut\u011b vytv\u00e1\u0159ej\u00ed siln\u00e9 maloobchodn\u00ed mar\u017ee a sni\u017euj\u00ed st\u00ed\u017enosti z\u00e1kazn\u00edk\u016f, co\u017e z n\u011bj \u010din\u00ed ide\u00e1ln\u00ed volbu pro velkoobchodn\u00ed odb\u011bratele, kte\u0159\u00ed hledaj\u00ed <strong data-start=\"1355\" data-end=\"1395\">jednor\u00e1zov\u00e9 vape za nejlep\u0161\u00ed velkoobchodn\u00ed cenu<\/strong> v Evrop\u011b.<\/p>\n<p><strong><span style=\"color: #ff0000;\">P\u0159idejte si Amy na WhatsApp pro rychlou odpov\u011b\u010f a kup\u00f3n na vapky!<\/span><\/strong><\/p>\n<p><img fetchpriority=\"high\" decoding=\"async\" class=\"size-full wp-image-2932\" src=\"https:\/\/vapestornado.com\/wp-content\/uploads\/2024\/12\/Vape-Wholesale.jpg\" alt=\"Velkoobchod s vape\" width=\"229\" height=\"300\" \/><\/p>\n<h3><a href=\"https:\/\/wa.me\/8617776015835\" target=\"_blank\" rel=\"noopener\"><span style=\"color: #ff0000;\"><strong>WhatsApp: +86 17776015835<\/strong><\/span><\/a><\/h3>\n<p>&nbsp;<\/p>\n<h2><strong>Bang Leader 110k 110000 Puff Vlastnosti produktu<\/strong><\/h2>\n<p>Pot\u00e1hnut\u00ed: 110000 pot\u00e1hnut\u00ed<br \/>\n6 v 1 \u010cty\u0159i p\u0159\u00edchut\u011b<br \/>\nS\u00edla nikotinu: 2%\/5%<br \/>\nBaterie: 650mah<br \/>\nDob\u00edjec\u00ed: Typ-C<br \/>\nLED displej (chytr\u00e1 obrazovka) pro olej a baterii<\/p>\n<h2 class=\"product-title\"><strong>Bang Leader 110k Puff Seznam p\u0159\u00edchut\u00ed<\/strong><\/h2>\n<ol data-start=\"232\" data-end=\"874\">\n<li data-start=\"232\" data-end=\"298\">\n<p data-start=\"235\" data-end=\"298\"><strong data-start=\"235\" data-end=\"296\">Melounov\u00fd led \/ Jahodov\u00e1 Mamba \/ Jahoda Meloun<\/strong><\/p>\n<\/li>\n<li data-start=\"299\" data-end=\"351\">\n<p data-start=\"302\" data-end=\"351\"><strong data-start=\"302\" data-end=\"349\">Fuji led \/ Jablko Hrozny \/ T\u0159e\u0161e\u0148 Gran\u00e1tov\u00e9 jablko<\/strong><\/p>\n<\/li>\n<li data-start=\"352\" data-end=\"415\">\n<p data-start=\"355\" data-end=\"415\"><strong data-start=\"355\" data-end=\"413\">Bor\u016fvkov\u00fd led \/ Malinov\u00fd citron \/ Melounov\u00e1 \u017ev\u00fdka\u010dka<\/strong><\/p>\n<\/li>\n<li data-start=\"416\" data-end=\"500\">\n<p data-start=\"419\" data-end=\"500\"><strong data-start=\"419\" data-end=\"498\">Bor\u016fvky Maliny \/ Kysel\u00e9 ananasy Pomeran\u010de \/ Maliny Melouny<\/strong><\/p>\n<\/li>\n<li data-start=\"501\" data-end=\"556\">\n<p data-start=\"504\" data-end=\"556\"><strong data-start=\"504\" data-end=\"554\">Hroznov\u00fd led \/ Mango Broskev \/ Bor\u016fvkov\u00fd meloun<\/strong><\/p>\n<\/li>\n<li data-start=\"557\" data-end=\"621\">\n<p data-start=\"560\" data-end=\"621\"><strong data-start=\"560\" data-end=\"619\">Jahodov\u00fd led \/ Broskvov\u00fd citron \/ Kiwi Mu\u010denka Guava<\/strong><\/p>\n<\/li>\n<li data-start=\"622\" data-end=\"686\">\n<p data-start=\"625\" data-end=\"686\"><strong data-start=\"625\" data-end=\"684\">Ananas Kokos \/ Bor\u016fvkov\u00fd Red Bull \/ Melounov\u00fd led<\/strong><\/p>\n<\/li>\n<li data-start=\"687\" data-end=\"745\">\n<p data-start=\"690\" data-end=\"745\"><strong data-start=\"690\" data-end=\"743\">Jahoda Kiwi \/ Bor\u016fvkov\u00fd kokos \/ Sm\u00ed\u0161en\u00e9 bobule<\/strong><\/p>\n<\/li>\n<li data-start=\"746\" data-end=\"806\">\n<p data-start=\"749\" data-end=\"806\"><strong data-start=\"749\" data-end=\"804\">Citronov\u00e1 romance \/ Bor\u016fvka Malina \/ Broskev Mentol<\/strong><\/p>\n<\/li>\n<li data-start=\"807\" data-end=\"874\">\n<p data-start=\"811\" data-end=\"874\"><strong data-start=\"811\" data-end=\"872\">Broskvov\u00fd led \/ \u010cernoryb\u00edzov\u00fd ananasov\u00fd led \/ Zelen\u00e9 jablko Kiwi<\/strong><\/p>\n<\/li>\n<\/ol>\n<div class=\"flex-shrink-0 flex flex-col relative items-end\">\n<div class=\"pt-0\">\n<div class=\"gizmo-bot-avatar flex h-8 w-8 items-center justify-center overflow-hidden rounded-full\">\n<div class=\"relative p-1 rounded-sm flex items-center justify-center bg-token-main-surface-primary text-token-text-primary h-8 w-8\">\n<figure id=\"attachment_4333\" aria-describedby=\"caption-attachment-4333\" style=\"width: 300px\" class=\"wp-caption alignnone\"><img decoding=\"async\" class=\"size-medium wp-image-4333\" src=\"https:\/\/vapestornado.com\/wp-content\/uploads\/2025\/09\/Bang-110k-110000-Puffs-Disposable-Vape-300x300.webp\" alt=\"Bang 110k 110000 Jednor\u00e1zov\u00e1 Vape\" width=\"300\" height=\"300\" srcset=\"https:\/\/vapestornado.com\/wp-content\/uploads\/2025\/09\/Bang-110k-110000-Puffs-Disposable-Vape-300x300.webp 300w, https:\/\/vapestornado.com\/wp-content\/uploads\/2025\/09\/Bang-110k-110000-Puffs-Disposable-Vape-150x150.webp 150w, https:\/\/vapestornado.com\/wp-content\/uploads\/2025\/09\/Bang-110k-110000-Puffs-Disposable-Vape-768x768.webp 768w, https:\/\/vapestornado.com\/wp-content\/uploads\/2025\/09\/Bang-110k-110000-Puffs-Disposable-Vape-12x12.webp 12w, https:\/\/vapestornado.com\/wp-content\/uploads\/2025\/09\/Bang-110k-110000-Puffs-Disposable-Vape-600x600.webp 600w, https:\/\/vapestornado.com\/wp-content\/uploads\/2025\/09\/Bang-110k-110000-Puffs-Disposable-Vape-100x100.webp 100w, https:\/\/vapestornado.com\/wp-content\/uploads\/2025\/09\/Bang-110k-110000-Puffs-Disposable-Vape.webp 800w\" sizes=\"(max-width: 300px) 100vw, 300px\" \/><figcaption id=\"caption-attachment-4333\" class=\"wp-caption-text\">Bang 110k 110000 Jednor\u00e1zov\u00e1 Vape<\/figcaption><\/figure>\n<h2 data-start=\"435\" data-end=\"491\"><strong data-start=\"439\" data-end=\"489\">Pro\u010d si vybrat jednor\u00e1zovou vapovac\u00ed sadu Bang Leader 110k?<\/strong><\/h2>\n<\/div>\n<ul data-start=\"276\" data-end=\"737\">\n<li data-start=\"276\" data-end=\"341\">\n<p data-start=\"278\" data-end=\"341\"><strong data-start=\"281\" data-end=\"298\">110 000 pot\u00e1hnut\u00ed<\/strong> \u2013 ultra dlouhotrvaj\u00edc\u00ed jednor\u00e1zov\u00e1 vapovac\u00ed sada<\/p>\n<\/li>\n<li data-start=\"342\" data-end=\"424\">\n<p data-start=\"344\" data-end=\"424\"><strong data-start=\"347\" data-end=\"385\">650mAh dob\u00edjec\u00ed baterie typu C<\/strong> \u2013 efektivn\u00ed nap\u00e1jen\u00ed s rychl\u00fdm nab\u00edjen\u00edm<\/p>\n<\/li>\n<li data-start=\"425\" data-end=\"499\">\n<p data-start=\"427\" data-end=\"499\"><strong data-start=\"430\" data-end=\"455\">Chytr\u00fd digit\u00e1ln\u00ed displej<\/strong> \u2013 zobrazuje olej<\/p>\n<\/li>\n<li data-start=\"500\" data-end=\"578\">\n<p data-start=\"502\" data-end=\"578\"><strong data-start=\"505\" data-end=\"529\">Design 6 v 1 s p\u0159\u00edchut\u011bmi<\/strong> \u2013 p\u0159ep\u00edn\u00e1n\u00ed mezi \u0161esti pr\u00e9miov\u00fdmi sm\u011bsmi, bez m\u00edch\u00e1n\u00ed<\/p>\n<\/li>\n<li data-start=\"579\" data-end=\"655\">\n<p data-start=\"581\" data-end=\"655\"><strong data-start=\"584\" data-end=\"611\">Mo\u017enosti nikotinu 2% \/ 5%<\/strong> \u2013 p\u0159izp\u016fsobeno pro evropsk\u00fd trh mu\u017e\u016f ve v\u011bku 25\u201335 let<\/p>\n<\/li>\n<li data-start=\"656\" data-end=\"737\">\n<p data-start=\"658\" data-end=\"737\"><strong data-start=\"660\" data-end=\"683\">Velkoobchodn\u00ed v\u00fdhoda<\/strong> \u2013 siln\u00e9 mar\u017ee, opakovan\u00e1 popt\u00e1vka, n\u00edzk\u00e1 m\u00edra reklamac\u00ed<\/p>\n<\/li>\n<\/ul>\n<\/div>\n<\/div>\n<\/div>\n<div class=\"flex-shrink-0 flex flex-col relative items-end\">\n<div class=\"pt-0\">\n<div class=\"gizmo-bot-avatar flex h-8 w-8 items-center justify-center overflow-hidden rounded-full\">\n<div class=\"relative p-1 rounded-sm flex items-center justify-center bg-token-main-surface-primary text-token-text-primary h-8 w-8\">\n<h2 data-start=\"1200\" data-end=\"1487\">Vapes Tornado \u2013 Va\u0161e velkoobchodn\u00ed centrum pro \u0161pi\u010dkov\u00e9 zna\u010dky vap\u016f v Evrop\u011b<\/h2>\n<p data-start=\"1200\" data-end=\"1487\"><strong data-start=\"213\" data-end=\"248\">Vapes Tornado Online Vape Obchod<\/strong> je va\u0161e d\u016fv\u011bryhodn\u00e1 destinace pro vysoce kvalitn\u00ed jednor\u00e1zov\u00e9 vapy a velkoobchodn\u00ed e-cigarety po cel\u00e9 Evrop\u011b. Specializujeme se na nab\u00eddku \u0161irok\u00e9ho v\u00fdb\u011bru <strong data-start=\"403\" data-end=\"431\">nejobl\u00edben\u011bj\u0161\u00edch zna\u010dek vap\u016f<\/strong>, v\u010detn\u011b <strong data-start=\"443\" data-end=\"502\"><a href=\"https:\/\/vapestornado.com\/cs\/product\/buy-authentic-waspe-100000-puffs-low-nicotine-disposable-vape-pen-at-wholesale-price\/\">WASPE VAPE<\/a>, BANGBOX VAPE, <a href=\"https:\/\/vapestornado.com\/cs\/product\/vozol-gear-power-20k-20000-puffs-vape-rechargeable-disposable-box-bulk-buy-cheap-price\/\">VOZOL VAPE<\/a><\/strong><strong data-start=\"443\" data-end=\"502\">, a <a href=\"https:\/\/vapestornado.com\/cs\/product-category\/fumot-vape\/\">FUMOT VAPE<\/a><\/strong>. N\u00e1\u0161 obchod je postaven tak, aby slou\u017eil jak individu\u00e1ln\u00edm z\u00e1kazn\u00edk\u016fm, tak velkoobchodn\u00edm odb\u011bratel\u016fm, a poskytuje spolehliv\u00e9 produkty, kter\u00e9 kombinuj\u00ed siln\u00fd v\u00fdkon, stylov\u00fd design a konkurenceschopn\u00e9 ceny.<\/p>\n<\/div>\n<\/div>\n<\/div>\n<\/div>","protected":false},"excerpt":{"rendered":"<p><strong data-start=\"108\" data-end=\"148\">Jednor\u00e1zov\u00e9 vape pero Bang Leader 110K<\/strong> poskytuje masivn\u00ed <strong data-start=\"168\" data-end=\"185\">110 000 pot\u00e1hnut\u00ed<\/strong> s <strong data-start=\"193\" data-end=\"217\">syst\u00e9m 6 p\u0159\u00edchut\u00ed v 1<\/strong>, co\u017e u\u017eivatel\u016fm poskytuje dlouhotrvaj\u00edc\u00ed rozmanitost v ka\u017ed\u00e9m za\u0159\u00edzen\u00ed. Vybaveno <strong data-start=\"286\" data-end=\"324\">Dob\u00edjec\u00ed baterie 650 mAh Type-C<\/strong>, <strong data-start=\"326\" data-end=\"345\" data-is-only-node=\"\">digit\u00e1ln\u00ed displej<\/strong>, a <strong data-start=\"351\" data-end=\"379\">2% nebo 5% nikotinov\u00fdmi variantami<\/strong>, je navr\u017eeno pro hladkou chu\u0165, spolehliv\u00fd v\u00fdkon a maxim\u00e1ln\u00ed hodnotu. Ide\u00e1ln\u00ed pro velkoobchodn\u00ed odb\u011bratele, kte\u0159\u00ed hledaj\u00ed <strong data-start=\"497\" data-end=\"537\">jednor\u00e1zov\u00e9 vape za nejlep\u0161\u00ed velkoobchodn\u00ed cenu<\/strong>.<\/p>\n<p><strong>P\u0159idejte si Amy na Whatsapp, abyste z\u00edskali spr\u00e1vnou odpov\u011b\u010f a slevu!<\/strong><\/p>\n<p><img fetchpriority=\"high\" decoding=\"async\" class=\"size-full wp-image-2932\" src=\"https:\/\/vapestornado.com\/wp-content\/uploads\/2024\/12\/Vape-Wholesale.jpg\" alt=\"Velkoobchod s vape\" width=\"229\" height=\"300\" \/><\/p>\n<h3><a href=\"https:\/\/wa.me\/8617776015835\"><span style=\"color: #ff0000;\"><strong>WhatsApp: +86 17776015835<\/strong><\/span><\/a><\/h3>","protected":false},"featured_media":4338,"comment_status":"open","ping_status":"closed","template":"","meta":{"_acf_changed":false,"_uag_custom_page_level_css":"","_lmt_disableupdate":"no","_lmt_disable":"","_monsterinsights_skip_tracking":false,"_monsterinsights_sitenote_active":false,"_monsterinsights_sitenote_note":"","_monsterinsights_sitenote_category":0,"site-sidebar-layout":"default","site-content-layout":"","ast-site-content-layout":"default","site-content-style":"default","site-sidebar-style":"default","ast-global-header-display":"","ast-banner-title-visibility":"","ast-main-header-display":"","ast-hfb-above-header-display":"","ast-hfb-below-header-display":"","ast-hfb-mobile-header-display":"","site-post-title":"","ast-breadcrumbs-content":"","ast-featured-img":"","footer-sml-layout":"","ast-disable-related-posts":"","theme-transparent-header-meta":"default","adv-header-id-meta":"","stick-header-meta":"","header-above-stick-meta":"","header-main-stick-meta":"","header-below-stick-meta":"","astra-migrate-meta-layouts":"set","ast-page-background-enabled":"default","ast-page-background-meta":{"desktop":{"background-color":"","background-image":"","background-repeat":"repeat","background-position":"center center","background-size":"auto","background-attachment":"scroll","background-type":"","background-media":"","overlay-type":"","overlay-color":"","overlay-opacity":"","overlay-gradient":""},"tablet":{"background-color":"","background-image":"","background-repeat":"repeat","background-position":"center center","background-size":"auto","background-attachment":"scroll","background-type":"","background-media":"","overlay-type":"","overlay-color":"","overlay-opacity":"","overlay-gradient":""},"mobile":{"background-color":"","background-image":"","background-repeat":"repeat","background-position":"center center","background-size":"auto","background-attachment":"scroll","background-type":"","background-media":"","overlay-type":"","overlay-color":"","overlay-opacity":"","overlay-gradient":""}},"ast-content-background-meta":{"desktop":{"background-color":"var(--ast-global-color-5)","background-image":"","background-repeat":"repeat","background-position":"center center","background-size":"auto","background-attachment":"scroll","background-type":"","background-media":"","overlay-type":"","overlay-color":"","overlay-opacity":"","overlay-gradient":""},"tablet":{"background-color":"var(--ast-global-color-5)","background-image":"","background-repeat":"repeat","background-position":"center center","background-size":"auto","background-attachment":"scroll","background-type":"","background-media":"","overlay-type":"","overlay-color":"","overlay-opacity":"","overlay-gradient":""},"mobile":{"background-color":"var(--ast-global-color-5)","background-image":"","background-repeat":"repeat","background-position":"center center","background-size":"auto","background-attachment":"scroll","background-type":"","background-media":"","overlay-type":"","overlay-color":"","overlay-opacity":"","overlay-gradient":""}},"_joinchat":{"telephone":"17776015835"}},"product_brand":[],"product_cat":[62,152,156,158,142,357,144,146],"product_tag":[360,358,196,355,359,354],"class_list":{"0":"post-4339","1":"product","2":"type-product","3":"status-publish","4":"has-post-thumbnail","6":"product_cat-bang-vape","7":"product_cat-buy-disposable-vapes-in-cermany","8":"product_cat-buy-disposable-vapes-in-poland","9":"product_cat-buy-disposable-vapes-in-spain","10":"product_cat-digital-box-disposable-vapes","11":"product_cat-flavor-adjustable-vape","12":"product_cat-low-nicotine-disposable-vapes","13":"product_cat-rechargeable-disposable-vapes","14":"product_tag-bang-leader-110000-puff","15":"product_tag-bang-leader-110k","16":"product_tag-bang-vape","17":"product_tag-big-puff-vape","18":"product_tag-cheapest-vape","19":"product_tag-flavor-adjustable-vape","20":"desktop-align-left","21":"tablet-align-left","22":"mobile-align-left","24":"first","25":"instock","26":"sale","27":"shipping-taxable","28":"purchasable","29":"product-type-simple"},"acf":[],"uagb_featured_image_src":{"full":["https:\/\/vapestornado.com\/wp-content\/uploads\/2025\/09\/Bang-Leader-110000-Puffs-110K-6-in-1-Flavors-Vape-Pen.webp",800,800,false],"thumbnail":["https:\/\/vapestornado.com\/wp-content\/uploads\/2025\/09\/Bang-Leader-110000-Puffs-110K-6-in-1-Flavors-Vape-Pen-150x150.webp",150,150,true],"medium":["https:\/\/vapestornado.com\/wp-content\/uploads\/2025\/09\/Bang-Leader-110000-Puffs-110K-6-in-1-Flavors-Vape-Pen-300x300.webp",300,300,true],"medium_large":["https:\/\/vapestornado.com\/wp-content\/uploads\/2025\/09\/Bang-Leader-110000-Puffs-110K-6-in-1-Flavors-Vape-Pen-768x768.webp",768,768,true],"large":["https:\/\/vapestornado.com\/wp-content\/uploads\/2025\/09\/Bang-Leader-110000-Puffs-110K-6-in-1-Flavors-Vape-Pen.webp",800,800,false],"1536x1536":["https:\/\/vapestornado.com\/wp-content\/uploads\/2025\/09\/Bang-Leader-110000-Puffs-110K-6-in-1-Flavors-Vape-Pen.webp",800,800,false],"2048x2048":["https:\/\/vapestornado.com\/wp-content\/uploads\/2025\/09\/Bang-Leader-110000-Puffs-110K-6-in-1-Flavors-Vape-Pen.webp",800,800,false],"trp-custom-language-flag":["https:\/\/vapestornado.com\/wp-content\/uploads\/2025\/09\/Bang-Leader-110000-Puffs-110K-6-in-1-Flavors-Vape-Pen-12x12.webp",12,12,true],"woocommerce_thumbnail":["https:\/\/vapestornado.com\/wp-content\/uploads\/2025\/09\/Bang-Leader-110000-Puffs-110K-6-in-1-Flavors-Vape-Pen-300x300.webp",300,300,true],"woocommerce_single":["https:\/\/vapestornado.com\/wp-content\/uploads\/2025\/09\/Bang-Leader-110000-Puffs-110K-6-in-1-Flavors-Vape-Pen-600x600.webp",600,600,true],"woocommerce_gallery_thumbnail":["https:\/\/vapestornado.com\/wp-content\/uploads\/2025\/09\/Bang-Leader-110000-Puffs-110K-6-in-1-Flavors-Vape-Pen-100x100.webp",100,100,true]},"uagb_author_info":{"display_name":"ESAMY","author_link":"https:\/\/vapestornado.com\/cs\/author\/"},"uagb_comment_info":0,"uagb_excerpt":"Bang Leader 110K Disposable Vape Pen delivers a massive 110,000 puffs with a 6-in-1 flavor system, giving users long-lasting variety in every device. Equipped with a 650mAh Type-C rechargeable battery, digital display, and 2% or 5% nicotin options, it\u2019s designed for smooth taste, reliable performance, and maximum value. Perfect for wholesale buyers looking for a&hellip;","_links":{"self":[{"href":"https:\/\/vapestornado.com\/cs\/wp-json\/wp\/v2\/product\/4339","targetHints":{"allow":["GET"]}}],"collection":[{"href":"https:\/\/vapestornado.com\/cs\/wp-json\/wp\/v2\/product"}],"about":[{"href":"https:\/\/vapestornado.com\/cs\/wp-json\/wp\/v2\/types\/product"}],"replies":[{"embeddable":true,"href":"https:\/\/vapestornado.com\/cs\/wp-json\/wp\/v2\/comments?post=4339"}],"wp:featuredmedia":[{"embeddable":true,"href":"https:\/\/vapestornado.com\/cs\/wp-json\/wp\/v2\/media\/4338"}],"wp:attachment":[{"href":"https:\/\/vapestornado.com\/cs\/wp-json\/wp\/v2\/media?parent=4339"}],"wp:term":[{"taxonomy":"product_brand","embeddable":true,"href":"https:\/\/vapestornado.com\/cs\/wp-json\/wp\/v2\/product_brand?post=4339"},{"taxonomy":"product_cat","embeddable":true,"href":"https:\/\/vapestornado.com\/cs\/wp-json\/wp\/v2\/product_cat?post=4339"},{"taxonomy":"product_tag","embeddable":true,"href":"https:\/\/vapestornado.com\/cs\/wp-json\/wp\/v2\/product_tag?post=4339"}],"curies":[{"name":"wp","href":"https:\/\/api.w.org\/{rel}","templated":true}]}}