{"id":4327,"date":"2025-09-03T09:16:53","date_gmt":"2025-09-03T09:16:53","guid":{"rendered":"https:\/\/vapestornado.com\/?post_type=product&#038;p=4327"},"modified":"2025-09-03T09:49:14","modified_gmt":"2025-09-03T09:49:14","slug":"uzy-100000-puff-100k-4-flavors-in-1-disposable-vape-best-wholesale-price-buy-online","status":"publish","type":"product","link":"https:\/\/vapestornado.com\/cs\/product\/uzy-100000-puff-100k-4-flavors-in-1-disposable-vape-best-wholesale-price-buy-online\/","title":{"rendered":"UZY 100000 pot\u00e1hnut\u00ed 100K 4 p\u0159\u00edchut\u011b v 1 jednor\u00e1zov\u00e9 e-cigaret\u011b nejlep\u0161\u00ed velkoobchodn\u00ed cena koupit online"},"content":{"rendered":"<h2 data-pm-slice=\"1 1 []\">UZY 100000 pot\u00e1hnut\u00ed 100K 4 p\u0159\u00edchut\u011b v 1 jednor\u00e1zov\u00e9 e-cigaret\u011b nejlep\u0161\u00ed velkoobchodn\u00ed cena koupit online<\/h2>\n<p data-start=\"340\" data-end=\"672\">Ten <strong data-start=\"344\" data-end=\"379\">Jednor\u00e1zov\u00e1 e-cigareta UZY 100000 Puff<\/strong> (tak\u00e9 zn\u00e1m\u00e1 jako <strong data-start=\"395\" data-end=\"407\">UZY 100K<\/strong>) je ur\u010dena pro vapery, kte\u0159\u00ed cht\u011bj\u00ed <strong data-start=\"438\" data-end=\"493\">maxim\u00e1ln\u00ed kapacitu, prvot\u0159\u00eddn\u00ed chu\u0165 a modern\u00ed design<\/strong> v jednom za\u0159\u00edzen\u00ed. S neuv\u011b\u0159iteln\u00fdm <strong data-start=\"528\" data-end=\"547\">po\u010dtem 100 tis\u00edc pot\u00e1hnut\u00ed<\/strong> a <strong data-start=\"554\" data-end=\"576\">a 56ml n\u00e1dr\u017ekou na e-liquid<\/strong>snadno p\u0159ekon\u00e1 v\u011bt\u0161inu jednor\u00e1zov\u00fdch e-cigaret, co\u017e z n\u011bj \u010din\u00ed chytrou volbu pro velkoobchodn\u00edky po cel\u00e9 Evrop\u011b.<\/p>\n<h3 data-start=\"674\" data-end=\"702\">Technologie Quad-Flavor<\/h3>\n<p data-start=\"703\" data-end=\"953\">U\u017eijte si <strong data-start=\"709\" data-end=\"743\">4 odli\u0161n\u00e9 p\u0159\u00edchut\u011b v 1 za\u0159\u00edzen\u00ed<\/strong> bez m\u00edch\u00e1n\u00ed mezi komorami. S v\u00edce ne\u017e <strong data-start=\"787\" data-end=\"820\">10 jedine\u010dn\u00fdmi kombinacemi p\u0159\u00edchut\u00ed<\/strong>, od ovocn\u00fdch sm\u011bs\u00ed jako <em data-start=\"846\" data-end=\"869\">Jahoda Vodn\u00ed meloun<\/em> po v\u00fdrazn\u00e9 mixy jako <em data-start=\"889\" data-end=\"912\">Energetick\u00fd n\u00e1poj<\/em>, ka\u017ed\u00fd potah je sv\u011b\u017e\u00ed a jin\u00fd.<\/p>\n<h3 data-start=\"955\" data-end=\"982\">Stvo\u0159eno pro v\u00fdkon<\/h3>\n<p data-start=\"983\" data-end=\"1259\">Vybaveno <strong data-start=\"997\" data-end=\"1023\">\u010dty\u0159n\u00e1sobn\u00fdmi mesh spir\u00e1lkami (1,0 \u03a9)<\/strong>, jednor\u00e1zov\u00e1 e-cigareta UZY 100K poskytuje hladkou p\u00e1ru a bohatou chu\u0165 s ka\u017ed\u00fdm pot\u00e1hnut\u00edm. The <strong data-start=\"1095\" data-end=\"1133\">Dob\u00edjec\u00ed baterie 650 mAh Type-C<\/strong> podporuje velkou velikost n\u00e1dr\u017ee, zat\u00edmco <strong data-start=\"1174\" data-end=\"1195\">LED chytr\u00fd displej<\/strong> zobrazuje stav baterie a hladinu e-liquidu v re\u00e1ln\u00e9m \u010dase pro plnou kontrolu.<\/p>\n<h3 data-start=\"1261\" data-end=\"1292\">V\u00edce mo\u017enost\u00ed nikotinu<\/h3>\n<p data-start=\"1293\" data-end=\"1503\">Vyberte si z <strong data-start=\"1305\" data-end=\"1344\">s\u00edla nikotinu 0%, 2%, 3% nebo 5%<\/strong>tato jednor\u00e1zov\u00e1 sada vape per poskytuje p\u0159\u00edle\u017eitostn\u00fdm u\u017eivatel\u016fm i siln\u00fdm ku\u0159\u00e1k\u016fm z\u00e1\u017eitek na m\u00edru. The <strong data-start=\"1416\" data-end=\"1434\">k\u0159i\u0161\u0165\u00e1lov\u00e9m designu<\/strong> dod\u00e1v\u00e1 pr\u00e9miov\u00fd vzhled a z\u00e1rove\u0148 zachov\u00e1v\u00e1 za\u0159\u00edzen\u00ed odoln\u00e9 a p\u0159enosn\u00e9.<\/p>\n<p><strong><span style=\"color: #ff0000;\">P\u0159idejte si Amy na WhatsApp pro rychlou odpov\u011b\u010f a kup\u00f3n na vapky!<\/span><\/strong><\/p>\n<p><img fetchpriority=\"high\" decoding=\"async\" class=\"size-full wp-image-2932\" src=\"https:\/\/vapestornado.com\/wp-content\/uploads\/2024\/12\/Vape-Wholesale.jpg\" alt=\"Velkoobchod s vape\" width=\"229\" height=\"300\" \/><\/p>\n<h3><a href=\"https:\/\/wa.me\/8617776015835\" target=\"_blank\" rel=\"noopener\"><span style=\"color: #ff0000;\"><strong>WhatsApp: +86 17776015835<\/strong><\/span><\/a><\/h3>\n<p>&nbsp;<\/p>\n<h2><strong>Vlastnosti produktu UZY 100000 Puff<\/strong><\/h2>\n<p>Potahy: 100000 potah\u016f<br \/>\n4 v 1 \u010cty\u0159i p\u0159\u00edchut\u011b<br \/>\n\u010cty\u0159i Mesh spir\u00e1lky: 1,0 ohm<br \/>\nE-liquid: 56 ml<br \/>\nS\u00edla nikotinu: 0%\/2%\/3%\/5%<br \/>\nBaterie: 650 mAh<br \/>\nDob\u00edjec\u00ed: Typ-C<br \/>\nLED displej (chytr\u00e1 obrazovka) pro olej a baterii<br \/>\nK\u0158I\u0160\u0164\u00c1LOV\u00dd DESIGN<br \/>\nHmotnost produktu: 140 g\/ks<br \/>\nMno\u017estv\u00ed: 120 ks\/karton, 10 ks\/krabice<\/p>\n<figure id=\"attachment_4325\" aria-describedby=\"caption-attachment-4325\" style=\"width: 300px\" class=\"wp-caption alignnone\"><img decoding=\"async\" class=\"size-medium wp-image-4325\" src=\"https:\/\/vapestornado.com\/wp-content\/uploads\/2025\/09\/UZY-100K-100000-Puffs-4-in-1-Cheap-Vapes-300x300.webp\" alt=\"UZY 100K 100000 potah\u016f 4 v 1 Levn\u00e9 vapes\" width=\"300\" height=\"300\" srcset=\"https:\/\/vapestornado.com\/wp-content\/uploads\/2025\/09\/UZY-100K-100000-Puffs-4-in-1-Cheap-Vapes-300x300.webp 300w, https:\/\/vapestornado.com\/wp-content\/uploads\/2025\/09\/UZY-100K-100000-Puffs-4-in-1-Cheap-Vapes-150x150.webp 150w, https:\/\/vapestornado.com\/wp-content\/uploads\/2025\/09\/UZY-100K-100000-Puffs-4-in-1-Cheap-Vapes-768x768.webp 768w, https:\/\/vapestornado.com\/wp-content\/uploads\/2025\/09\/UZY-100K-100000-Puffs-4-in-1-Cheap-Vapes-12x12.webp 12w, https:\/\/vapestornado.com\/wp-content\/uploads\/2025\/09\/UZY-100K-100000-Puffs-4-in-1-Cheap-Vapes-600x600.webp 600w, https:\/\/vapestornado.com\/wp-content\/uploads\/2025\/09\/UZY-100K-100000-Puffs-4-in-1-Cheap-Vapes-100x100.webp 100w, https:\/\/vapestornado.com\/wp-content\/uploads\/2025\/09\/UZY-100K-100000-Puffs-4-in-1-Cheap-Vapes.webp 800w\" sizes=\"(max-width: 300px) 100vw, 300px\" \/><figcaption id=\"caption-attachment-4325\" class=\"wp-caption-text\">UZY 100K 100000 potah\u016f 4 v 1 Levn\u00e9 vapes<\/figcaption><\/figure>\n<h2 class=\"product-title\"><strong>Seznam p\u0159\u00edchut\u00ed UZY 100000 Puff<\/strong><\/h2>\n<p>01. Jahodov\u00fd meloun<\/p>\n<p>02. Broskvov\u00fd led<\/p>\n<p>03. Bor\u016fvkov\u00fd led<\/p>\n<p>04. T\u0159e\u0161\u0148ov\u00fd led<\/p>\n<p>05. Bor\u016fvkov\u00e1 zmrzlina<\/p>\n<p>06. Broskev Mango ananas<\/p>\n<p>07. M\u00edchan\u00e9 bobule<\/p>\n<p>08. Jahodov\u00e1 zmrzlina<\/p>\n<p>09. Melounov\u00e1 zmrzlina<\/p>\n<p>10. Jahoda Mango<\/p>\n<div class=\"flex-shrink-0 flex flex-col relative items-end\">\n<div class=\"pt-0\">\n<div class=\"gizmo-bot-avatar flex h-8 w-8 items-center justify-center overflow-hidden rounded-full\">\n<div class=\"relative p-1 rounded-sm flex items-center justify-center bg-token-main-surface-primary text-token-text-primary h-8 w-8\">\n<h2 data-start=\"435\" data-end=\"491\"><\/h2>\n<h2 data-start=\"435\" data-end=\"491\"><strong data-start=\"439\" data-end=\"489\">Pro\u010d si vybrat jednor\u00e1zovou vapovac\u00ed sadu UZY 100000 Puff?<\/strong><\/h2>\n<\/div>\n<ul>\n<li data-start=\"1546\" data-end=\"1620\">\n<p data-start=\"1548\" data-end=\"1620\"><strong data-start=\"1548\" data-end=\"1580\">Bezkonkuren\u010dn\u00ed \u017eivotnost 100 tis\u00edc pot\u00e1hnut\u00ed<\/strong> \u2013 5x del\u0161\u00ed ne\u017e standardn\u00ed jednor\u00e1zov\u00e9 sady<\/p>\n<\/li>\n<li data-start=\"1621\" data-end=\"1672\">\n<p data-start=\"1623\" data-end=\"1672\"><strong data-start=\"1623\" data-end=\"1649\">Skute\u010dn\u00e9 odd\u011blen\u00ed chut\u00ed<\/strong> \u2013 \u017e\u00e1dn\u00e9 ne\u017e\u00e1douc\u00ed m\u00edch\u00e1n\u00ed<\/p>\n<\/li>\n<li data-start=\"1673\" data-end=\"1738\">\n<p data-start=\"1675\" data-end=\"1738\"><strong data-start=\"1675\" data-end=\"1697\">Pr\u00e9miov\u00e9 komponenty<\/strong> \u2013 m\u00e9n\u011b reklamac\u00ed, v\u00edce vracej\u00edc\u00edch se z\u00e1kazn\u00edk\u016f<\/p>\n<\/li>\n<li data-start=\"1739\" data-end=\"1809\">\n<p data-start=\"1741\" data-end=\"1809\"><strong data-start=\"1741\" data-end=\"1763\">Vysok\u00e1 popt\u00e1vka na trhu<\/strong> \u2013 siln\u00e9 prodejn\u00ed mar\u017ee v zem\u00edch EU<\/p>\n<\/li>\n<\/ul>\n<\/div>\n<\/div>\n<\/div>\n<div class=\"flex-shrink-0 flex flex-col relative items-end\">\n<div class=\"pt-0\">\n<div class=\"gizmo-bot-avatar flex h-8 w-8 items-center justify-center overflow-hidden rounded-full\">\n<div class=\"relative p-1 rounded-sm flex items-center justify-center bg-token-main-surface-primary text-token-text-primary h-8 w-8\">\n<h2 data-start=\"1200\" data-end=\"1487\">Vapes Tornado \u2013 Va\u0161e velkoobchodn\u00ed centrum pro \u0161pi\u010dkov\u00e9 zna\u010dky vap\u016f v Evrop\u011b<\/h2>\n<p data-start=\"1200\" data-end=\"1487\"><strong data-start=\"213\" data-end=\"248\">Vapes Tornado Online Vape Obchod<\/strong> je va\u0161e d\u016fv\u011bryhodn\u00e1 destinace pro vysoce kvalitn\u00ed jednor\u00e1zov\u00e9 vapy a velkoobchodn\u00ed e-cigarety po cel\u00e9 Evrop\u011b. Specializujeme se na nab\u00eddku \u0161irok\u00e9ho v\u00fdb\u011bru <strong data-start=\"403\" data-end=\"431\">nejobl\u00edben\u011bj\u0161\u00edch zna\u010dek vap\u016f<\/strong>, v\u010detn\u011b <strong data-start=\"443\" data-end=\"502\"><a href=\"https:\/\/vapestornado.com\/cs\/product-category\/aivono-vape\/\">AIVONO VAPE<\/a>, BANGBOX VAPE, <a href=\"https:\/\/vapestornado.com\/cs\/product-category\/elf-bar-vape\/\">ELF BAR Vaporiz\u00e9r<\/a>, a <a href=\"https:\/\/vapestornado.com\/cs\/product-category\/fumot-vape\/\">FUMOT VAPE<\/a><\/strong>. N\u00e1\u0161 obchod je postaven tak, aby slou\u017eil jak individu\u00e1ln\u00edm z\u00e1kazn\u00edk\u016fm, tak velkoobchodn\u00edm odb\u011bratel\u016fm, a poskytuje spolehliv\u00e9 produkty, kter\u00e9 kombinuj\u00ed siln\u00fd v\u00fdkon, stylov\u00fd design a konkurenceschopn\u00e9 ceny.<\/p>\n<\/div>\n<\/div>\n<\/div>\n<\/div>","protected":false},"excerpt":{"rendered":"<p data-start=\"274\" data-end=\"349\"><strong data-start=\"274\" data-end=\"347\">UZY 100000 Puff 100K Jednor\u00e1zov\u00e1 Vape 35000 Pot\u00e1hnut\u00ed Velkoobchod v Evrop\u011b<\/strong><\/p>\n<p data-start=\"353\" data-end=\"426\"><strong data-start=\"353\" data-end=\"424\">UZY 100000 Puff 100K Jednor\u00e1zov\u00e1 e-cigareta s digit\u00e1ln\u00edm displejem<\/strong><\/p>\n<p data-start=\"430\" data-end=\"494\"><strong data-start=\"430\" data-end=\"492\">Koupit UZY 100000 Puff 100K Puff Vape Online \u2013 Nejlep\u0161\u00ed zv\u00fdhodn\u011bn\u00e1 cena<\/strong><\/p>\n<p><strong>P\u0159idejte si Amy na Whatsapp, abyste z\u00edskali spr\u00e1vnou odpov\u011b\u010f a slevu!<\/strong><\/p>\n<p><img fetchpriority=\"high\" decoding=\"async\" class=\"size-full wp-image-2932\" src=\"https:\/\/vapestornado.com\/wp-content\/uploads\/2024\/12\/Vape-Wholesale.jpg\" alt=\"Velkoobchod s vape\" width=\"229\" height=\"300\" \/><\/p>\n<h3><a href=\"https:\/\/wa.me\/8617776015835\"><span style=\"color: #ff0000;\"><strong>WhatsApp: +86 17776015835<\/strong><\/span><\/a><\/h3>\n<p>&nbsp;<\/p>","protected":false},"featured_media":4323,"comment_status":"open","ping_status":"closed","template":"","meta":{"_acf_changed":false,"_uag_custom_page_level_css":"","_lmt_disableupdate":"no","_lmt_disable":"","_monsterinsights_skip_tracking":false,"_monsterinsights_sitenote_active":false,"_monsterinsights_sitenote_note":"","_monsterinsights_sitenote_category":0,"site-sidebar-layout":"default","site-content-layout":"","ast-site-content-layout":"default","site-content-style":"default","site-sidebar-style":"default","ast-global-header-display":"","ast-banner-title-visibility":"","ast-main-header-display":"","ast-hfb-above-header-display":"","ast-hfb-below-header-display":"","ast-hfb-mobile-header-display":"","site-post-title":"","ast-breadcrumbs-content":"","ast-featured-img":"","footer-sml-layout":"","ast-disable-related-posts":"","theme-transparent-header-meta":"default","adv-header-id-meta":"","stick-header-meta":"","header-above-stick-meta":"","header-main-stick-meta":"","header-below-stick-meta":"","astra-migrate-meta-layouts":"set","ast-page-background-enabled":"default","ast-page-background-meta":{"desktop":{"background-color":"","background-image":"","background-repeat":"repeat","background-position":"center center","background-size":"auto","background-attachment":"scroll","background-type":"","background-media":"","overlay-type":"","overlay-color":"","overlay-opacity":"","overlay-gradient":""},"tablet":{"background-color":"","background-image":"","background-repeat":"repeat","background-position":"center center","background-size":"auto","background-attachment":"scroll","background-type":"","background-media":"","overlay-type":"","overlay-color":"","overlay-opacity":"","overlay-gradient":""},"mobile":{"background-color":"","background-image":"","background-repeat":"repeat","background-position":"center center","background-size":"auto","background-attachment":"scroll","background-type":"","background-media":"","overlay-type":"","overlay-color":"","overlay-opacity":"","overlay-gradient":""}},"ast-content-background-meta":{"desktop":{"background-color":"var(--ast-global-color-5)","background-image":"","background-repeat":"repeat","background-position":"center center","background-size":"auto","background-attachment":"scroll","background-type":"","background-media":"","overlay-type":"","overlay-color":"","overlay-opacity":"","overlay-gradient":""},"tablet":{"background-color":"var(--ast-global-color-5)","background-image":"","background-repeat":"repeat","background-position":"center center","background-size":"auto","background-attachment":"scroll","background-type":"","background-media":"","overlay-type":"","overlay-color":"","overlay-opacity":"","overlay-gradient":""},"mobile":{"background-color":"var(--ast-global-color-5)","background-image":"","background-repeat":"repeat","background-position":"center center","background-size":"auto","background-attachment":"scroll","background-type":"","background-media":"","overlay-type":"","overlay-color":"","overlay-opacity":"","overlay-gradient":""}},"_joinchat":{"telephone":"17776015835"}},"product_brand":[],"product_cat":[346,152,153,156,158,142,357,146,356,171,60],"product_tag":[355,354,350,351,352,353],"class_list":{"0":"post-4327","1":"product","2":"type-product","3":"status-publish","4":"has-post-thumbnail","6":"product_cat-100000-puff","7":"product_cat-buy-disposable-vapes-in-cermany","8":"product_cat-buy-disposable-vapes-in-italy","9":"product_cat-buy-disposable-vapes-in-poland","10":"product_cat-buy-disposable-vapes-in-spain","11":"product_cat-digital-box-disposable-vapes","12":"product_cat-flavor-adjustable-vape","13":"product_cat-rechargeable-disposable-vapes","14":"product_cat-uzy-vape","15":"product_cat-vapsolo-disposable-vapes","16":"product_cat-waspe-fihp-vape","17":"product_tag-big-puff-vape","18":"product_tag-flavor-adjustable-vape","19":"product_tag-four-flavor-disposable-vape","20":"product_tag-uzy-100000-puff","21":"product_tag-uzy-100k","22":"product_tag-uzy-100k-4-in-1","23":"desktop-align-left","24":"tablet-align-left","25":"mobile-align-left","27":"first","28":"instock","29":"sale","30":"shipping-taxable","31":"purchasable","32":"product-type-simple"},"acf":[],"uagb_featured_image_src":{"full":["https:\/\/vapestornado.com\/wp-content\/uploads\/2025\/09\/UZY-100K-100000-Puff-Bulk-Buy-Vape-Online.webp",800,800,false],"thumbnail":["https:\/\/vapestornado.com\/wp-content\/uploads\/2025\/09\/UZY-100K-100000-Puff-Bulk-Buy-Vape-Online-150x150.webp",150,150,true],"medium":["https:\/\/vapestornado.com\/wp-content\/uploads\/2025\/09\/UZY-100K-100000-Puff-Bulk-Buy-Vape-Online-300x300.webp",300,300,true],"medium_large":["https:\/\/vapestornado.com\/wp-content\/uploads\/2025\/09\/UZY-100K-100000-Puff-Bulk-Buy-Vape-Online-768x768.webp",768,768,true],"large":["https:\/\/vapestornado.com\/wp-content\/uploads\/2025\/09\/UZY-100K-100000-Puff-Bulk-Buy-Vape-Online.webp",800,800,false],"1536x1536":["https:\/\/vapestornado.com\/wp-content\/uploads\/2025\/09\/UZY-100K-100000-Puff-Bulk-Buy-Vape-Online.webp",800,800,false],"2048x2048":["https:\/\/vapestornado.com\/wp-content\/uploads\/2025\/09\/UZY-100K-100000-Puff-Bulk-Buy-Vape-Online.webp",800,800,false],"trp-custom-language-flag":["https:\/\/vapestornado.com\/wp-content\/uploads\/2025\/09\/UZY-100K-100000-Puff-Bulk-Buy-Vape-Online-12x12.webp",12,12,true],"woocommerce_thumbnail":["https:\/\/vapestornado.com\/wp-content\/uploads\/2025\/09\/UZY-100K-100000-Puff-Bulk-Buy-Vape-Online-300x300.webp",300,300,true],"woocommerce_single":["https:\/\/vapestornado.com\/wp-content\/uploads\/2025\/09\/UZY-100K-100000-Puff-Bulk-Buy-Vape-Online-600x600.webp",600,600,true],"woocommerce_gallery_thumbnail":["https:\/\/vapestornado.com\/wp-content\/uploads\/2025\/09\/UZY-100K-100000-Puff-Bulk-Buy-Vape-Online-100x100.webp",100,100,true]},"uagb_author_info":{"display_name":"ESAMY","author_link":"https:\/\/vapestornado.com\/cs\/author\/"},"uagb_comment_info":1,"uagb_excerpt":"UZY 100000 Puff 100K Disposable Vape 35000 Puffs Wholesale in Europe UZY 100000 Puff 100K Disposable Vape with Digital Display &amp; Rechargeable Battery Buy UZY 100000 Puff 100K Puff Vape Online \u2013 Best Discount Price Add Amy's whatsapp to get right reply and discount price! WhatsApp: +86 17776015835 &nbsp;","_links":{"self":[{"href":"https:\/\/vapestornado.com\/cs\/wp-json\/wp\/v2\/product\/4327","targetHints":{"allow":["GET"]}}],"collection":[{"href":"https:\/\/vapestornado.com\/cs\/wp-json\/wp\/v2\/product"}],"about":[{"href":"https:\/\/vapestornado.com\/cs\/wp-json\/wp\/v2\/types\/product"}],"replies":[{"embeddable":true,"href":"https:\/\/vapestornado.com\/cs\/wp-json\/wp\/v2\/comments?post=4327"}],"wp:featuredmedia":[{"embeddable":true,"href":"https:\/\/vapestornado.com\/cs\/wp-json\/wp\/v2\/media\/4323"}],"wp:attachment":[{"href":"https:\/\/vapestornado.com\/cs\/wp-json\/wp\/v2\/media?parent=4327"}],"wp:term":[{"taxonomy":"product_brand","embeddable":true,"href":"https:\/\/vapestornado.com\/cs\/wp-json\/wp\/v2\/product_brand?post=4327"},{"taxonomy":"product_cat","embeddable":true,"href":"https:\/\/vapestornado.com\/cs\/wp-json\/wp\/v2\/product_cat?post=4327"},{"taxonomy":"product_tag","embeddable":true,"href":"https:\/\/vapestornado.com\/cs\/wp-json\/wp\/v2\/product_tag?post=4327"}],"curies":[{"name":"wp","href":"https:\/\/api.w.org\/{rel}","templated":true}]}}