{"id":4319,"date":"2025-08-29T08:39:13","date_gmt":"2025-08-29T08:39:13","guid":{"rendered":"https:\/\/vapestornado.com\/?post_type=product&#038;p=4319"},"modified":"2025-08-29T09:18:04","modified_gmt":"2025-08-29T09:18:04","slug":"buy-authentic-waspe-100000-puffs-low-nicotine-disposable-vape-pen-at-wholesale-price","status":"publish","type":"product","link":"https:\/\/vapestornado.com\/cs\/product\/buy-authentic-waspe-100000-puffs-low-nicotine-disposable-vape-pen-at-wholesale-price\/","title":{"rendered":"Kupte si origin\u00e1ln\u00ed jednor\u00e1zovou vapovac\u00ed sadu WASPE 100000 Puffs s n\u00edzk\u00fdm obsahem nikotinu za velkoobchodn\u00ed cenu"},"content":{"rendered":"<h2 data-pm-slice=\"1 1 []\">Kupte si origin\u00e1ln\u00ed jednor\u00e1zovou vapovac\u00ed sadu WASPE 100000 Puffs s n\u00edzk\u00fdm obsahem nikotinu za velkoobchodn\u00ed cenu<\/h2>\n<p data-start=\"375\" data-end=\"654\">Ten <strong data-start=\"379\" data-end=\"421\">Jednor\u00e1zov\u00e1 vapovac\u00ed tu\u017eka WASPE 100000 pot\u00e1hnut\u00ed<\/strong> je stvo\u0159ena pro ty, kte\u0159\u00ed po\u017eaduj\u00ed velk\u00fd v\u00fdkon v kompaktn\u00edm designu. S neuv\u011b\u0159itelnou <strong data-start=\"508\" data-end=\"530\">kapacitou 100 000 pot\u00e1hnut\u00ed<\/strong> a <strong data-start=\"537\" data-end=\"559\">a 56ml n\u00e1dr\u017ekou na e-liquid<\/strong>poskytuje bezkonkuren\u010dn\u00ed hodnotu pro osobn\u00ed pou\u017eit\u00ed i velkoobchodn\u00ed distribuci po cel\u00e9 Evrop\u011b.<\/p>\n<p data-start=\"656\" data-end=\"909\">Vyvinuto s <strong data-start=\"672\" data-end=\"698\">\u010dty\u0159n\u00e1sobn\u00fdmi mesh spir\u00e1lkami (1,0 \u03a9)<\/strong>, ka\u017ed\u00e9 pot\u00e1hnut\u00ed je hladk\u00e9, v\u00fdrazn\u00e9 a konzistentn\u00ed. Syst\u00e9m <strong data-start=\"748\" data-end=\"782\">4 v 1 s vym\u011bniteln\u00fdmi p\u0159\u00edchut\u011bmi<\/strong> udr\u017euje va\u0161e vapov\u00e1n\u00ed sv\u011b\u017e\u00ed a vzru\u0161uj\u00edc\u00ed, ide\u00e1ln\u00ed pro mlad\u0161\u00ed vapery, kte\u0159\u00ed cht\u011bj\u00ed rozmanitost bez no\u0161en\u00ed v\u00edce za\u0159\u00edzen\u00ed.<\/p>\n<p data-start=\"911\" data-end=\"1248\">Ten <strong data-start=\"915\" data-end=\"953\">650mAh dob\u00edjec\u00ed baterie Type-C<\/strong> zaji\u0161\u0165uje dlouhotrvaj\u00edc\u00ed sezen\u00ed, zat\u00edmco <strong data-start=\"995\" data-end=\"1010\">LED displej<\/strong> poskytuje okam\u017eit\u00e9 aktualizace o \u00farovni baterie a e-liquidu \u2013 odstra\u0148uje dohady a p\u0159id\u00e1v\u00e1 plnou kontrolu. K dispozici v <strong data-start=\"1118\" data-end=\"1149\">2% a 5% koncentrac\u00edch nikotinu<\/strong>, <strong data-start=\"1155\" data-end=\"1189\">Jednor\u00e1zov\u00e9 vape pero WASPE 100K<\/strong> nach\u00e1z\u00ed tu spr\u00e1vnou rovnov\u00e1hu mezi v\u00fdkonem a pohodl\u00edm.<\/p>\n<p><strong><span style=\"color: #ff0000;\">P\u0159idejte si Amy na WhatsApp pro rychlou odpov\u011b\u010f a kup\u00f3n na vapky!<\/span><\/strong><\/p>\n<p><img fetchpriority=\"high\" decoding=\"async\" class=\"size-full wp-image-2932\" src=\"https:\/\/vapestornado.com\/wp-content\/uploads\/2024\/12\/Vape-Wholesale.jpg\" alt=\"Velkoobchod s vape\" width=\"229\" height=\"300\" \/><\/p>\n<h3><a href=\"https:\/\/wa.me\/8617776015835\" target=\"_blank\" rel=\"noopener\"><span style=\"color: #ff0000;\"><strong>WhatsApp: +86 17776015835<\/strong><\/span><\/a><\/h3>\n<p>&nbsp;<\/p>\n<h2><strong>Vlastnosti produktu WASPE 100000 pot\u00e1hnut\u00ed<\/strong><\/h2>\n<p><strong data-start=\"1252\" data-end=\"1280\">100 000 pot\u00e1hnut\u00ed na za\u0159\u00edzen\u00ed<\/strong><br data-start=\"1280\" data-end=\"1283\" \/><strong data-start=\"1285\" data-end=\"1316\">Syst\u00e9m p\u0159ep\u00edn\u00e1n\u00ed 4 p\u0159\u00edchut\u00ed v 1<\/strong><br data-start=\"1316\" data-end=\"1319\" \/><strong data-start=\"1321\" data-end=\"1354\">\u010cty\u0159n\u00e1sobn\u00e1 mesh spir\u00e1lka pro bohatou p\u00e1ru<\/strong><br data-start=\"1354\" data-end=\"1357\" \/><strong data-start=\"1359\" data-end=\"1403\">Kapacita e-liquidu 56 ml | 2% \/ 5% nikotin<\/strong><br data-start=\"1403\" data-end=\"1406\" \/><strong data-start=\"1408\" data-end=\"1446\">Dob\u00edjec\u00ed baterie 650 mAh Type-C<\/strong><br data-start=\"1446\" data-end=\"1449\" \/><strong data-start=\"1451\" data-end=\"1495\">LED obrazovka pro baterii<\/strong><\/p>\n<h2 class=\"product-title\"><strong>Seznam p\u0159\u00edchut\u00ed WASPE 100000 pot\u00e1hnut\u00ed<\/strong><\/h2>\n<p>1. Melounov\u00fd led<br \/>\n2. Jahodov\u00fd meloun<br \/>\n3. Red Bull Ice<br \/>\n4. Jahodov\u00e1 malina t\u0159e\u0161e\u0148<br \/>\n5. Jahodov\u00fd ban\u00e1n<br \/>\n6. Bor\u016fvkov\u00fd led<br \/>\n7. T\u0159e\u0161\u0148ov\u00e1 Cola Ice<br \/>\nMelounov\u00e9 \u017ev\u00fdka\u010dky<br \/>\n8. \u0160\u0165avnat\u00fd broskvov\u00fd led<br \/>\n9. Hroznov\u00fd led<br \/>\n10. M\u00edchan\u00e9 bobule<br \/>\n11. Jahodov\u00fd Red Bull<br \/>\nT\u0159e\u0161\u0148ov\u00e1 Cola Led<br \/>\n12. Bor\u016fvka Malina<\/p>\n<figure id=\"attachment_4314\" aria-describedby=\"caption-attachment-4314\" style=\"width: 300px\" class=\"wp-caption alignnone\"><img decoding=\"async\" class=\"size-medium wp-image-4314\" src=\"https:\/\/vapestornado.com\/wp-content\/uploads\/2025\/08\/WASPE-100000-Puff-100k-Online-Vape-Shop-300x300.webp\" alt=\"WASPE 100000 potah\u016f 100k online obchod s vapov\u00e1n\u00edm\" width=\"300\" height=\"300\" srcset=\"https:\/\/vapestornado.com\/wp-content\/uploads\/2025\/08\/WASPE-100000-Puff-100k-Online-Vape-Shop-300x300.webp 300w, https:\/\/vapestornado.com\/wp-content\/uploads\/2025\/08\/WASPE-100000-Puff-100k-Online-Vape-Shop-150x150.webp 150w, https:\/\/vapestornado.com\/wp-content\/uploads\/2025\/08\/WASPE-100000-Puff-100k-Online-Vape-Shop-768x768.webp 768w, https:\/\/vapestornado.com\/wp-content\/uploads\/2025\/08\/WASPE-100000-Puff-100k-Online-Vape-Shop-12x12.webp 12w, https:\/\/vapestornado.com\/wp-content\/uploads\/2025\/08\/WASPE-100000-Puff-100k-Online-Vape-Shop-600x600.webp 600w, https:\/\/vapestornado.com\/wp-content\/uploads\/2025\/08\/WASPE-100000-Puff-100k-Online-Vape-Shop-100x100.webp 100w, https:\/\/vapestornado.com\/wp-content\/uploads\/2025\/08\/WASPE-100000-Puff-100k-Online-Vape-Shop.webp 800w\" sizes=\"(max-width: 300px) 100vw, 300px\" \/><figcaption id=\"caption-attachment-4314\" class=\"wp-caption-text\">WASPE 100000 potah\u016f 100k online obchod s vapov\u00e1n\u00edm<\/figcaption><\/figure>\n<div class=\"flex-shrink-0 flex flex-col relative items-end\">\n<div class=\"pt-0\">\n<div class=\"gizmo-bot-avatar flex h-8 w-8 items-center justify-center overflow-hidden rounded-full\">\n<div class=\"relative p-1 rounded-sm flex items-center justify-center bg-token-main-surface-primary text-token-text-primary h-8 w-8\">\n<h2 data-start=\"435\" data-end=\"491\"><strong data-start=\"439\" data-end=\"489\">Pro\u010d si vybrat jednor\u00e1zovou vapeovac\u00ed sadu WASPE 100K?<\/strong><\/h2>\n<p data-start=\"492\" data-end=\"586\">Zd\u016frazn\u011bte kapacitu 100 000 pot\u00e1hnut\u00ed, design s dlouhou \u017eivotnost\u00ed a p\u0159ita\u017elivost pro mlad\u00e9 na trhu v Evrop\u011b.<\/p>\n<h3 data-start=\"588\" data-end=\"639\"><strong data-start=\"592\" data-end=\"637\">Syst\u00e9m 4 p\u0159\u00edchut\u00ed v 1 pro nep\u0159etr\u017eitou rozmanitost<\/strong><\/h3>\n<p data-start=\"640\" data-end=\"708\">Vysv\u011btlete vym\u011bniteln\u00e9 p\u0159\u00edchut\u011b, d\u00edky kter\u00fdm se jedno za\u0159\u00edzen\u00ed c\u00edt\u00ed jako \u010dty\u0159i.<\/p>\n<h3 data-start=\"710\" data-end=\"757\"><strong data-start=\"714\" data-end=\"755\">Velk\u00e1 kapacita s pr\u00e9miov\u00fdm in\u017een\u00fdrstv\u00edm<\/strong><\/h3>\n<p data-start=\"758\" data-end=\"835\">Zd\u016frazn\u011bte 56 ml e-liquidu, quad mesh spir\u00e1lky (1,0 \u03a9) a konzistentn\u00ed v\u00fdraznou chu\u0165.<\/p>\n<h3 data-start=\"837\" data-end=\"888\"><strong data-start=\"841\" data-end=\"886\">Chytr\u00fd v\u00fdkon, navr\u017een\u00fd pro trh v Evrop\u011b<\/strong><\/h3>\n<p data-start=\"889\" data-end=\"987\">P\u0159edve\u010fte 650mAh Type-C dob\u00edjec\u00ed baterii a LED displej pro baterii<\/p>\n<h3 data-start=\"989\" data-end=\"1035\"><strong data-start=\"993\" data-end=\"1033\">Perfektn\u00ed rovnov\u00e1ha sil nikotinu<\/strong><\/h3>\n<p data-start=\"1036\" data-end=\"1112\">Nab\u00eddn\u011bte podrobnosti o 2% a 5% nikotinov\u00fdch variant\u00e1ch, aby vyhovovaly r\u016fzn\u00fdm preferenc\u00edm.<\/p>\n<h3 data-start=\"1114\" data-end=\"1171\"><strong data-start=\"1118\" data-end=\"1169\">WASPE 100000 pot\u00e1hnut\u00ed \u2013 Vyrobeno pro velkoobchodn\u00ed popt\u00e1vku<\/strong><\/h3>\n<p data-start=\"1172\" data-end=\"1260\">Posilte silnou hodnotu, spolehlivost a p\u0159ita\u017elivost pro distributory na trz\u00edch EU.<\/p>\n<\/div>\n<h3><\/h3>\n<div class=\"relative p-1 rounded-sm flex items-center justify-center bg-token-main-surface-primary text-token-text-primary h-8 w-8\">\n<h2>\u010cast\u00e9 dotazy pro jednor\u00e1zovou e-cigaretu WASPE 100000 pot\u00e1hnut\u00ed<\/h2>\n<\/div>\n<\/div>\n<\/div>\n<\/div>\n<div class=\"flex-shrink-0 flex flex-col relative items-end\">\n<div class=\"pt-0\">\n<div class=\"gizmo-bot-avatar flex h-8 w-8 items-center justify-center overflow-hidden rounded-full\">\n<div class=\"relative p-1 rounded-sm flex items-center justify-center bg-token-main-surface-primary text-token-text-primary h-8 w-8\">\n<div class=\"mb-2 flex gap-3 empty:hidden -ml-2\">\n<p data-start=\"308\" data-end=\"562\"><strong data-start=\"308\" data-end=\"364\">1. Jak dlouho vydr\u017e\u00ed jedno za\u0159\u00edzen\u00ed WASPE 100000 pot\u00e1hnut\u00ed?<\/strong><br data-start=\"364\" data-end=\"367\" \/>WASPE 100K nab\u00edz\u00ed a\u017e <strong data-start=\"395\" data-end=\"412\">100 000 pot\u00e1hnut\u00ed<\/strong>, co\u017e obvykle vydr\u017e\u00ed n\u011bkolik t\u00fddn\u016f v z\u00e1vislosti na frekvenci pou\u017e\u00edv\u00e1n\u00ed. Velkoobchodn\u00ed kupuj\u00edc\u00ed \u010dasto zd\u016fraz\u0148uj\u00ed jeho prodlou\u017eenou \u017eivotnost jako hlavn\u00ed prodejn\u00ed argument.<\/p>\n<p data-start=\"564\" data-end=\"753\"><strong data-start=\"564\" data-end=\"614\">2. Mohu dob\u00edjet vape WASPE 100000 pot\u00e1hnut\u00ed?<\/strong><br data-start=\"614\" data-end=\"617\" \/>Ano. Dod\u00e1v\u00e1 se s <strong data-start=\"638\" data-end=\"676\">Dob\u00edjec\u00ed baterie 650 mAh Type-C<\/strong>Type-C nab\u00edjec\u00edm portem<\/p>\n<p data-start=\"755\" data-end=\"1019\"><strong data-start=\"755\" data-end=\"830\">, co\u017e zaji\u0161\u0165uje, \u017ee pln\u011b vyu\u017eijete 56ml e-liquidu bez p\u0159eru\u0161en\u00ed.<\/strong><br data-start=\"830\" data-end=\"833\" \/>3. \u010c\u00edm se WASPE 100K li\u0161\u00ed od ostatn\u00edch jednor\u00e1zov\u00fdch vape per? <strong data-start=\"894\" data-end=\"964\">Na rozd\u00edl od standardn\u00edch jednor\u00e1zov\u00fdch za\u0159\u00edzen\u00ed kombinuje WASPE 100000 pot\u00e1hnut\u00ed<\/strong>vym\u011bniteln\u00e9 p\u0159\u00edchut\u011b 4 v 1, quad mesh spir\u00e1lky a chytr\u00fd LED displej<\/p>\n<p data-start=\"1021\" data-end=\"1198\"><strong data-start=\"1021\" data-end=\"1081\">, d\u00edky \u010demu\u017e je univerz\u00e1ln\u00ed a odoln\u00fd pro ka\u017edodenn\u00ed pou\u017eit\u00ed.<\/strong><br data-start=\"1081\" data-end=\"1084\" \/>4. Je WASPE 100K k dispozici s n\u00edzkou silou nikotinu? <strong data-start=\"1105\" data-end=\"1133\">Hladiny nikotinu 2% a 5%<\/strong>Ano. Nab\u00edz\u00ed se v<\/p>\n<p data-start=\"1200\" data-end=\"1487\"><strong data-start=\"1200\" data-end=\"1278\">5. Pro\u010d je WASPE 100000 Puffs popul\u00e1rn\u00ed mezi velkoobchodn\u00edmi odb\u011brateli v EU?<\/strong><br data-start=\"1278\" data-end=\"1281\" \/>Jeho kombinace <strong data-start=\"1300\" data-end=\"1386\">Kapacita 100 tis\u00edc pot\u00e1hnut\u00ed, dob\u00edjec\u00ed design, v\u00edce p\u0159\u00edchut\u00ed a pr\u00e9miov\u00fd syst\u00e9m spir\u00e1lek<\/strong> poskytuje vynikaj\u00edc\u00ed hodnotu, co\u017e z n\u011bj \u010din\u00ed spolehlivou volbu pro maloobchodn\u00edky c\u00edl\u00edc\u00ed na v\u011bkovou skupinu 25\u201335 let.<\/p>\n<\/div>\n<h2 data-start=\"1200\" data-end=\"1487\">Vapes Tornado \u2013 Va\u0161e velkoobchodn\u00ed centrum pro \u0161pi\u010dkov\u00e9 zna\u010dky vap\u016f v Evrop\u011b<\/h2>\n<p data-start=\"1200\" data-end=\"1487\"><strong data-start=\"213\" data-end=\"248\">Vapes Tornado Online Vape Obchod<\/strong> je va\u0161e d\u016fv\u011bryhodn\u00e1 destinace pro vysoce kvalitn\u00ed jednor\u00e1zov\u00e9 vapy a velkoobchodn\u00ed e-cigarety po cel\u00e9 Evrop\u011b. Specializujeme se na nab\u00eddku \u0161irok\u00e9ho v\u00fdb\u011bru <strong data-start=\"403\" data-end=\"431\">nejobl\u00edben\u011bj\u0161\u00edch zna\u010dek vap\u016f<\/strong>, v\u010detn\u011b <strong data-start=\"443\" data-end=\"502\"><a href=\"https:\/\/vapestornado.com\/cs\/product-category\/aivono-vape\/\">AIVONO VAPE<\/a>, BANGBOX VAPE, <a href=\"https:\/\/vapestornado.com\/cs\/product-category\/elf-bar-vape\/\">ELF BAR Vaporiz\u00e9r<\/a>, a <a href=\"https:\/\/vapestornado.com\/cs\/product-category\/fumot-vape\/\">FUMOT VAPE<\/a><\/strong>. N\u00e1\u0161 obchod je postaven tak, aby slou\u017eil jak individu\u00e1ln\u00edm z\u00e1kazn\u00edk\u016fm, tak velkoobchodn\u00edm odb\u011bratel\u016fm, a poskytuje spolehliv\u00e9 produkty, kter\u00e9 kombinuj\u00ed siln\u00fd v\u00fdkon, stylov\u00fd design a konkurenceschopn\u00e9 ceny.<\/p>\n<\/div>\n<\/div>\n<\/div>\n<\/div>","protected":false},"excerpt":{"rendered":"<p>WASPE 100K \u2013 100 000 pot\u00e1hnut\u00ed, 4 p\u0159\u00edchut\u011b, jedna v\u00fdkonn\u00e1 jednor\u00e1zov\u00e1 vapovac\u00ed tu\u017eka.<\/p>\n<p>P\u0159ep\u00ednejte p\u0159\u00edchut\u011b, z\u016fsta\u0148te nabit\u00ed \u2013 WASPE 100000 pot\u00e1hnut\u00ed s nab\u00edjen\u00edm Type-C.<\/p>\n<p>Jednor\u00e1zov\u00e1 vapovac\u00ed tu\u017eka stvo\u0159en\u00e1 pro Evropu \u2013 WASPE 100K, velk\u00e9 mraky, v\u011bt\u0161\u00ed hodnota.<\/p>\n<p><strong>P\u0159idejte si Amy na Whatsapp, abyste z\u00edskali spr\u00e1vnou odpov\u011b\u010f a slevu!<\/strong><\/p>\n<p><img fetchpriority=\"high\" decoding=\"async\" class=\"size-full wp-image-2932\" src=\"https:\/\/vapestornado.com\/wp-content\/uploads\/2024\/12\/Vape-Wholesale.jpg\" alt=\"Velkoobchod s vape\" width=\"229\" height=\"300\" \/><\/p>\n<h3><a href=\"https:\/\/wa.me\/8617776015835\"><span style=\"color: #ff0000;\"><strong>WhatsApp: +86 17776015835<\/strong><\/span><\/a><\/h3>\n<p>&nbsp;<\/p>","protected":false},"featured_media":4318,"comment_status":"open","ping_status":"closed","template":"","meta":{"_acf_changed":false,"_uag_custom_page_level_css":"","_lmt_disableupdate":"no","_lmt_disable":"","_monsterinsights_skip_tracking":false,"_monsterinsights_sitenote_active":false,"_monsterinsights_sitenote_note":"","_monsterinsights_sitenote_category":0,"site-sidebar-layout":"default","site-content-layout":"","ast-site-content-layout":"default","site-content-style":"default","site-sidebar-style":"default","ast-global-header-display":"","ast-banner-title-visibility":"","ast-main-header-display":"","ast-hfb-above-header-display":"","ast-hfb-below-header-display":"","ast-hfb-mobile-header-display":"","site-post-title":"","ast-breadcrumbs-content":"","ast-featured-img":"","footer-sml-layout":"","ast-disable-related-posts":"","theme-transparent-header-meta":"default","adv-header-id-meta":"","stick-header-meta":"","header-above-stick-meta":"","header-main-stick-meta":"","header-below-stick-meta":"","astra-migrate-meta-layouts":"set","ast-page-background-enabled":"default","ast-page-background-meta":{"desktop":{"background-color":"","background-image":"","background-repeat":"repeat","background-position":"center center","background-size":"auto","background-attachment":"scroll","background-type":"","background-media":"","overlay-type":"","overlay-color":"","overlay-opacity":"","overlay-gradient":""},"tablet":{"background-color":"","background-image":"","background-repeat":"repeat","background-position":"center center","background-size":"auto","background-attachment":"scroll","background-type":"","background-media":"","overlay-type":"","overlay-color":"","overlay-opacity":"","overlay-gradient":""},"mobile":{"background-color":"","background-image":"","background-repeat":"repeat","background-position":"center center","background-size":"auto","background-attachment":"scroll","background-type":"","background-media":"","overlay-type":"","overlay-color":"","overlay-opacity":"","overlay-gradient":""}},"ast-content-background-meta":{"desktop":{"background-color":"var(--ast-global-color-5)","background-image":"","background-repeat":"repeat","background-position":"center center","background-size":"auto","background-attachment":"scroll","background-type":"","background-media":"","overlay-type":"","overlay-color":"","overlay-opacity":"","overlay-gradient":""},"tablet":{"background-color":"var(--ast-global-color-5)","background-image":"","background-repeat":"repeat","background-position":"center center","background-size":"auto","background-attachment":"scroll","background-type":"","background-media":"","overlay-type":"","overlay-color":"","overlay-opacity":"","overlay-gradient":""},"mobile":{"background-color":"var(--ast-global-color-5)","background-image":"","background-repeat":"repeat","background-position":"center center","background-size":"auto","background-attachment":"scroll","background-type":"","background-media":"","overlay-type":"","overlay-color":"","overlay-opacity":"","overlay-gradient":""}},"_joinchat":{"telephone":"17776015835"}},"product_brand":[],"product_cat":[346,150,151,152,156,158,142,146,171,60],"product_tag":[350,348,349,163],"class_list":{"0":"post-4319","1":"product","2":"type-product","3":"status-publish","4":"has-post-thumbnail","6":"product_cat-100000-puff","7":"product_cat-buy-disposable-vapes-in-belgium","8":"product_cat-buy-disposable-vapes-in-france","9":"product_cat-buy-disposable-vapes-in-cermany","10":"product_cat-buy-disposable-vapes-in-poland","11":"product_cat-buy-disposable-vapes-in-spain","12":"product_cat-digital-box-disposable-vapes","13":"product_cat-rechargeable-disposable-vapes","14":"product_cat-vapsolo-disposable-vapes","15":"product_cat-waspe-fihp-vape","16":"product_tag-four-flavor-disposable-vape","17":"product_tag-waspe-100000-puffs","18":"product_tag-waspe-100k-4-in-1","19":"product_tag-waspe-vape","20":"desktop-align-left","21":"tablet-align-left","22":"mobile-align-left","24":"first","25":"instock","26":"sale","27":"shipping-taxable","28":"purchasable","29":"product-type-simple"},"acf":[],"uagb_featured_image_src":{"full":["https:\/\/vapestornado.com\/wp-content\/uploads\/2025\/08\/WASPE-100000-Puffs-4-Flavors-No-Nicotine-Vape.webp",800,800,false],"thumbnail":["https:\/\/vapestornado.com\/wp-content\/uploads\/2025\/08\/WASPE-100000-Puffs-4-Flavors-No-Nicotine-Vape-150x150.webp",150,150,true],"medium":["https:\/\/vapestornado.com\/wp-content\/uploads\/2025\/08\/WASPE-100000-Puffs-4-Flavors-No-Nicotine-Vape-300x300.webp",300,300,true],"medium_large":["https:\/\/vapestornado.com\/wp-content\/uploads\/2025\/08\/WASPE-100000-Puffs-4-Flavors-No-Nicotine-Vape-768x768.webp",768,768,true],"large":["https:\/\/vapestornado.com\/wp-content\/uploads\/2025\/08\/WASPE-100000-Puffs-4-Flavors-No-Nicotine-Vape.webp",800,800,false],"1536x1536":["https:\/\/vapestornado.com\/wp-content\/uploads\/2025\/08\/WASPE-100000-Puffs-4-Flavors-No-Nicotine-Vape.webp",800,800,false],"2048x2048":["https:\/\/vapestornado.com\/wp-content\/uploads\/2025\/08\/WASPE-100000-Puffs-4-Flavors-No-Nicotine-Vape.webp",800,800,false],"trp-custom-language-flag":["https:\/\/vapestornado.com\/wp-content\/uploads\/2025\/08\/WASPE-100000-Puffs-4-Flavors-No-Nicotine-Vape-12x12.webp",12,12,true],"woocommerce_thumbnail":["https:\/\/vapestornado.com\/wp-content\/uploads\/2025\/08\/WASPE-100000-Puffs-4-Flavors-No-Nicotine-Vape-300x300.webp",300,300,true],"woocommerce_single":["https:\/\/vapestornado.com\/wp-content\/uploads\/2025\/08\/WASPE-100000-Puffs-4-Flavors-No-Nicotine-Vape-600x600.webp",600,600,true],"woocommerce_gallery_thumbnail":["https:\/\/vapestornado.com\/wp-content\/uploads\/2025\/08\/WASPE-100000-Puffs-4-Flavors-No-Nicotine-Vape-100x100.webp",100,100,true]},"uagb_author_info":{"display_name":"ESAMY","author_link":"https:\/\/vapestornado.com\/cs\/author\/"},"uagb_comment_info":2,"uagb_excerpt":"WASPE 100K \u2013 100,000 Puffs, 4 Flavors, One Powerful Disposable Vape Pen. Switch Flavors, Stay Powered \u2013 WASPE 100000 Puffs with Type-C Recharge. The Disposable Vape Pen Built for Europe \u2013 WASPE 100K, Big Clouds, Bigger Value. Add Amy's whatsapp to get right reply and discount price! WhatsApp: +86 17776015835 &nbsp;","_links":{"self":[{"href":"https:\/\/vapestornado.com\/cs\/wp-json\/wp\/v2\/product\/4319","targetHints":{"allow":["GET"]}}],"collection":[{"href":"https:\/\/vapestornado.com\/cs\/wp-json\/wp\/v2\/product"}],"about":[{"href":"https:\/\/vapestornado.com\/cs\/wp-json\/wp\/v2\/types\/product"}],"replies":[{"embeddable":true,"href":"https:\/\/vapestornado.com\/cs\/wp-json\/wp\/v2\/comments?post=4319"}],"wp:featuredmedia":[{"embeddable":true,"href":"https:\/\/vapestornado.com\/cs\/wp-json\/wp\/v2\/media\/4318"}],"wp:attachment":[{"href":"https:\/\/vapestornado.com\/cs\/wp-json\/wp\/v2\/media?parent=4319"}],"wp:term":[{"taxonomy":"product_brand","embeddable":true,"href":"https:\/\/vapestornado.com\/cs\/wp-json\/wp\/v2\/product_brand?post=4319"},{"taxonomy":"product_cat","embeddable":true,"href":"https:\/\/vapestornado.com\/cs\/wp-json\/wp\/v2\/product_cat?post=4319"},{"taxonomy":"product_tag","embeddable":true,"href":"https:\/\/vapestornado.com\/cs\/wp-json\/wp\/v2\/product_tag?post=4319"}],"curies":[{"name":"wp","href":"https:\/\/api.w.org\/{rel}","templated":true}]}}