{"id":4312,"date":"2025-08-28T08:42:28","date_gmt":"2025-08-28T08:42:28","guid":{"rendered":"https:\/\/vapestornado.com\/?post_type=product&#038;p=4312"},"modified":"2025-08-28T09:33:49","modified_gmt":"2025-08-28T09:33:49","slug":"original-wga-ultra-35k-35000-puff-rechargeable-crystal-disposable-nicotine-vape-best-discount-price","status":"publish","type":"product","link":"https:\/\/vapestornado.com\/cs\/product\/original-wga-ultra-35k-35000-puff-rechargeable-crystal-disposable-nicotine-vape-best-discount-price\/","title":{"rendered":"Origin\u00e1ln\u00ed WGA ULTRA 35k 35000 pot\u00e1hnut\u00ed Dob\u00edjec\u00ed k\u0159i\u0161\u0165\u00e1lov\u00e1 jednor\u00e1zov\u00e1 nikotinov\u00e1 vape Nejlep\u0161\u00ed zv\u00fdhodn\u011bn\u00e1 cena"},"content":{"rendered":"<h1 data-pm-slice=\"1 1 []\">Origin\u00e1ln\u00ed WGA ULTRA 35k 35000 pot\u00e1hnut\u00ed Dob\u00edjec\u00ed k\u0159i\u0161\u0165\u00e1lov\u00e1 jednor\u00e1zov\u00e1 nikotinov\u00e1 vape Nejlep\u0161\u00ed zv\u00fdhodn\u011bn\u00e1 cena<\/h1>\n<p data-start=\"361\" data-end=\"697\">Ten <strong data-start=\"425\" data-end=\"466\">WGA Ultra 35k Jednor\u00e1zov\u00e1 Vape<\/strong> nastavuje nov\u00fd standard pro dlouhotrvaj\u00edc\u00ed v\u00fdkon a hladkou chu\u0165 ve vapingov\u00e9m pr\u016fmyslu. Tento sil\u00e1k poskytuje a\u017e <strong data-start=\"519\" data-end=\"535\">35 000 pot\u00e1hnut\u00ed<\/strong>, co\u017e z n\u011bj \u010din\u00ed jednu z nejodoln\u011bj\u0161\u00edch jednor\u00e1zov\u00fdch vape ve sv\u00e9 kategorii. S perfektn\u00ed velikost\u00ed 108*48*23.6mm kombinuje styl a prakti\u010dnost pro ka\u017edodenn\u00ed pou\u017eit\u00ed.<\/p>\n<h3 data-start=\"699\" data-end=\"741\">35 000 \u0160luk\u016f Podporov\u00e1no 35ml E-liquidu<\/h3>\n<p data-start=\"742\" data-end=\"1051\">Na rozd\u00edl od men\u0161\u00edch jednor\u00e1zov\u00fdch vape, WGA 35k Jednor\u00e1zov\u00e1 Vape obsahuje \u0161t\u011bdr\u00fdch <strong data-start=\"817\" data-end=\"847\">35ml p\u0159edpln\u011bn\u00e9ho e-liquidu<\/strong>, co\u017e zaji\u0161\u0165uje, \u017ee ka\u017ed\u00e1 relace je pln\u00e1 chuti. A\u0165 u\u017e preferujete siln\u00fd nikotinov\u00fd z\u00e1sah nebo hlad\u0161\u00ed tah, je k dispozici v <strong data-start=\"969\" data-end=\"998\">2% a 5% nikotinov\u00fdch variant\u00e1ch<\/strong>, co\u017e v\u00e1m umo\u017en\u00ed vybrat si, co vyhovuje va\u0161emu \u017eivotn\u00edmu stylu.<\/p>\n<h3 data-start=\"1053\" data-end=\"1089\">Dob\u00edjec\u00ed Nap\u00e1jen\u00ed s Typem-C<\/h3>\n<p data-start=\"1090\" data-end=\"1396\">Uvnit\u0159 tohoto kompaktn\u00edho designu je <strong data-start=\"1122\" data-end=\"1153\">550mAh dob\u00edjec\u00ed baterie<\/strong> podporov\u00e1no <strong data-start=\"1167\" data-end=\"1186\">Nab\u00edjen\u00ed typu C<\/strong>, co\u017e zaji\u0161\u0165uje rychl\u00e9 dob\u00edjen\u00ed s minim\u00e1ln\u00edmi prostoji. Na rozd\u00edl od typick\u00fdch jednor\u00e1zov\u00fdch vape, kter\u00e9 kon\u010d\u00ed, kdy\u017e se baterie vybije, toto za\u0159\u00edzen\u00ed v\u00e1m d\u00e1v\u00e1 to nejlep\u0161\u00ed z obou sv\u011bt\u016f: jednor\u00e1zov\u00e9 pohodl\u00ed s dob\u00edjec\u00ed efektivitou.<\/p>\n<h3 data-start=\"1398\" data-end=\"1425\">Chytr\u00fd digit\u00e1ln\u00ed displej<\/h3>\n<p data-start=\"1426\" data-end=\"1715\">U\u017e \u017e\u00e1dn\u00e9 h\u00e1d\u00e1n\u00ed. The <strong data-start=\"1448\" data-end=\"1467\">digit\u00e1ln\u00ed displej<\/strong> jasn\u011b ukazuje va\u0161e <strong data-start=\"1487\" data-end=\"1529\">procento baterie a hladinu e-liquidu<\/strong>, tak\u017ee m\u00e1te kontrolu na ka\u017ed\u00e9m kroku. D\u00edky tomu je WGA Ultra 35k obzvl\u00e1\u0161t\u011b p\u0159ita\u017eliv\u00fd pro mu\u017ee, kte\u0159\u00ed cht\u011bj\u00ed spolehliv\u00e9 a p\u0159\u00edmo\u010dar\u00e9 za\u0159\u00edzen\u00ed bez pot\u00ed\u017e\u00ed s nejistotou.<\/p>\n<h3 data-start=\"1717\" data-end=\"1756\">Du\u00e1ln\u00ed Mesh spir\u00e1lka pro maxim\u00e1ln\u00ed chu\u0165<\/h3>\n<p data-start=\"1757\" data-end=\"1990\">Vestav\u011bn\u00fd <strong data-start=\"1770\" data-end=\"1788\">du\u00e1ln\u00ed mesh c\u00edvka<\/strong> vylep\u0161uje ka\u017ed\u00e9 pot\u00e1hnut\u00ed, produkuje hust\u00e9 oblaky p\u00e1ry a silnou, konzistentn\u00ed chu\u0165. A\u0165 u\u017e si vychutn\u00e1v\u00e1te ovocn\u00e9 sm\u011bsi nebo ledov\u00e9 klasiky, spir\u00e1lka zaji\u0161\u0165uje hladk\u00fd v\u00fdkon bez drsn\u00fdch nebo sp\u00e1len\u00fdch potah\u016f.<\/p>\n<h3 data-start=\"1992\" data-end=\"2019\">30 p\u0159\u00edchut\u00ed k prozkoum\u00e1n\u00ed<\/h3>\n<p data-start=\"2020\" data-end=\"2342\">S <strong data-start=\"2025\" data-end=\"2048\">30 vzru\u0161uj\u00edc\u00edch p\u0159\u00edchut\u00ed<\/strong>, WGA Crystal Ultra 35k m\u00e1 n\u011bco pro ka\u017ed\u00e9ho. Mezi obl\u00edben\u00e9 pat\u0159\u00ed <strong data-start=\"2130\" data-end=\"2206\">Bor\u016fvka Malina, Cola Ice, Red Bull, Mojito, Kaktus Ice, Broskevov\u00fd Polibek,<\/strong> a <strong data-start=\"2211\" data-end=\"2231\">Dragon Fruit Ice<\/strong>. Od osv\u011b\u017euj\u00edc\u00ed m\u00e1ty po v\u00fdrazn\u00e9 sodov\u00e9 sm\u011bsi, tato vape je navr\u017eena tak, aby uspokojila \u0161irokou \u0161k\u00e1lu \u010desk\u00fdch chut\u00ed.<\/p>\n<p><strong><span style=\"color: #ff0000;\">P\u0159idejte si Amy na WhatsApp pro rychlou odpov\u011b\u010f a kup\u00f3n na vapky!<\/span><\/strong><\/p>\n<p><img fetchpriority=\"high\" decoding=\"async\" class=\"size-full wp-image-2932\" src=\"https:\/\/vapestornado.com\/wp-content\/uploads\/2024\/12\/Vape-Wholesale.jpg\" alt=\"Velkoobchod s vape\" width=\"229\" height=\"300\" \/><\/p>\n<h3><a href=\"https:\/\/wa.me\/8617776015835\" target=\"_blank\" rel=\"noopener\"><span style=\"color: #ff0000;\"><strong>WhatsApp: +86 17776015835<\/strong><\/span><\/a><\/h3>\n<p>&nbsp;<\/p>\n<h2><strong>Vlastnosti produktu WGA ULTRA 35k<\/strong><\/h2>\n<p>&nbsp;<\/p>\n<p>Potahy: 35000 potah\u016f<br \/>\nE-liquid: 35 ml<br \/>\nS\u00edla nikotinu: 2%\/5%<br \/>\nBaterie: 550mAh s mo\u017enost\u00ed dob\u00edjen\u00ed p\u0159es Type C<br \/>\nDigit\u00e1ln\u00ed displej pro olej a e-juice<br \/>\nDu\u00e1ln\u00ed Mesh spir\u00e1lka<br \/>\nVelikost produktu: 108*48*23.6mm<\/p>\n<figure id=\"attachment_4307\" aria-describedby=\"caption-attachment-4307\" style=\"width: 300px\" class=\"wp-caption alignnone\"><img decoding=\"async\" class=\"size-medium wp-image-4307\" src=\"https:\/\/vapestornado.com\/wp-content\/uploads\/2025\/08\/WGA-35K-Ultra-35000-Puffs-Rechargeable-Disposable-Vape-300x300.webp\" alt=\"WGA Ultra 35K 35000 potah\u016f dob\u00edjec\u00ed jednor\u00e1zov\u00e1 vape\" width=\"300\" height=\"300\" srcset=\"https:\/\/vapestornado.com\/wp-content\/uploads\/2025\/08\/WGA-35K-Ultra-35000-Puffs-Rechargeable-Disposable-Vape-300x300.webp 300w, https:\/\/vapestornado.com\/wp-content\/uploads\/2025\/08\/WGA-35K-Ultra-35000-Puffs-Rechargeable-Disposable-Vape-150x150.webp 150w, https:\/\/vapestornado.com\/wp-content\/uploads\/2025\/08\/WGA-35K-Ultra-35000-Puffs-Rechargeable-Disposable-Vape-768x768.webp 768w, https:\/\/vapestornado.com\/wp-content\/uploads\/2025\/08\/WGA-35K-Ultra-35000-Puffs-Rechargeable-Disposable-Vape-12x12.webp 12w, https:\/\/vapestornado.com\/wp-content\/uploads\/2025\/08\/WGA-35K-Ultra-35000-Puffs-Rechargeable-Disposable-Vape-600x600.webp 600w, https:\/\/vapestornado.com\/wp-content\/uploads\/2025\/08\/WGA-35K-Ultra-35000-Puffs-Rechargeable-Disposable-Vape-100x100.webp 100w, https:\/\/vapestornado.com\/wp-content\/uploads\/2025\/08\/WGA-35K-Ultra-35000-Puffs-Rechargeable-Disposable-Vape.webp 800w\" sizes=\"(max-width: 300px) 100vw, 300px\" \/><figcaption id=\"caption-attachment-4307\" class=\"wp-caption-text\">WGA Ultra 35K 35000 potah\u016f dob\u00edjec\u00ed jednor\u00e1zov\u00e1 vape<\/figcaption><\/figure>\n<h2 class=\"product-title\"><strong>Seznam p\u0159\u00edchut\u00ed WGA Crystal ULTRA 35k<\/strong><\/h2>\n<p>1. Bor\u016fvka Malina<br \/>\n2. Cola Ice<br \/>\n3. Dvojit\u00e9 jablko<br \/>\n4. Fanta<br \/>\n5. Red Bull<br \/>\n6. Jahodov\u00fd led<br \/>\n7. Hroznov\u00fd led<br \/>\n8. Citron Limetka<br \/>\n9. Melounov\u00fd led<br \/>\n10. \u010cerstv\u00e1 m\u00e1ta<br \/>\n11. Jahoda Kiwi<br \/>\n12. Kiwi Marakuja Guava<br \/>\n13. Pan Blue<br \/>\n14. R\u016f\u017eov\u00e1 limon\u00e1da<br \/>\n15. WGA Tea (Ledov\u00fd \u010dern\u00fd \u010daj)<br \/>\n16. Broskvov\u00fd polibek<br \/>\n17. Li\u010di M\u00e1ta<br \/>\n18. Soda z \u010dern\u00e9ho ryb\u00edzu<br \/>\n19. Kysel\u00fd citron s jablkem<br \/>\n20. M\u00edchan\u00e9 bobule<br \/>\n21. Kaktus Kiwi<br \/>\n22. Kaktusov\u00fd led<br \/>\n23. Dra\u010d\u00ed ovoce s ledem<br \/>\n24. T\u0159e\u0161\u0148ov\u00e1 Cola<br \/>\n25. Jahoda Redbull<br \/>\n26. Jahoda Meloun<br \/>\n27. Jager Red Energy<br \/>\n28. Mojito<br \/>\n29. Zelen\u00e9 jablko<br \/>\n30. Mad Blue Ice<\/p>\n<p>&nbsp;<\/p>\n<article class=\"w-full text-token-text-primary focus-visible:outline-2 focus-visible:outline-offset-[-4px]\" dir=\"auto\" data-testid=\"conversation-turn-32\" data-scroll-anchor=\"false\">\n<div class=\"m-auto text-base py-[18px] px-6\">\n<div class=\"mx-auto flex flex-1 text-base gap-4 md:gap-5 lg:gap-6 md:max-w-3xl lg:max-w-[40rem] xl:max-w-[48rem]\">\n<div class=\"group\/conversation-turn relative flex w-full min-w-0 flex-col @xs\/thread:px-0 @sm\/thread:px-1.5 @md\/thread:px-4\">\n<div class=\"flex-col gap-1 md:gap-3\">\n<div class=\"flex max-w-full flex-col flex-grow\">\n<div class=\"min-h-8 text-message flex w-full flex-col items-end gap-2 whitespace-normal break-words text-start [.text-message+&amp;]:mt-5\" dir=\"auto\" data-message-author-role=\"user\" data-message-id=\"ffac41ca-1db4-431b-873a-32c4052956f1\">\n<div class=\"flex w-full flex-col gap-1 empty:hidden items-end rtl:items-start\">\n<div class=\"relative max-w-[var(--user-chat-width,70%)] rounded-3xl bg-token-message-surface px-5 py-2.5\">\n<div class=\"absolute bottom-0 right-full top-0 -mr-3.5 hidden pr-5 pt-2 [.group\/conversation-turn:hover_&amp;]:flex\">\n<div class=\"flex\">\n<article class=\"w-full text-token-text-primary focus-visible:outline-2 focus-visible:outline-offset-[-4px]\" dir=\"auto\" data-testid=\"conversation-turn-39\" data-scroll-anchor=\"true\">\n<div class=\"m-auto text-base py-[18px] px-6\">\n<div class=\"mx-auto flex flex-1 text-base gap-4 md:gap-5 lg:gap-6 md:max-w-3xl lg:max-w-[40rem] xl:max-w-[48rem]\">\n<div class=\"group\/conversation-turn relative flex w-full min-w-0 flex-col agent-turn @xs\/thread:px-0 @sm\/thread:px-1.5 @md\/thread:px-4\">\n<div class=\"flex-col gap-1 md:gap-3\">\n<div class=\"flex max-w-full flex-col flex-grow\">\n<div class=\"min-h-8 text-message flex w-full flex-col items-end gap-2 whitespace-normal break-words text-start [.text-message+&amp;]:mt-5\" dir=\"auto\" data-message-author-role=\"assistant\" data-message-id=\"55a23854-ec57-48dd-bd4f-6118f43d6241\" data-message-model-slug=\"gpt-4o\">\n<div class=\"flex w-full flex-col gap-1 empty:hidden first:pt-[3px]\">\n<div class=\"markdown prose w-full break-words dark:prose-invert light\"><\/div>\n<\/div>\n<\/div>\n<\/div>\n<\/div>\n<\/div>\n<\/div>\n<\/div>\n<\/article>\n<\/div>\n<\/div>\n<\/div>\n<\/div>\n<\/div>\n<\/div>\n<\/div>\n<\/div>\n<\/div>\n<\/div>\n<\/article>\n<h2>Pro\u010d si vybrat WGA ULTRA 35k Vape?<\/h2>\n<div class=\"flex-shrink-0 flex flex-col relative items-end\">\n<div class=\"pt-0\">\n<div class=\"gizmo-bot-avatar flex h-8 w-8 items-center justify-center overflow-hidden rounded-full\">\n<div class=\"relative p-1 rounded-sm flex items-center justify-center bg-token-main-surface-primary text-token-text-primary h-8 w-8\">\n<p data-start=\"313\" data-end=\"860\">Ten <strong data-start=\"317\" data-end=\"358\">Jednor\u00e1zov\u00e1 e-cigareta WGA Crystal Ultra 35k<\/strong> je ur\u010dena pro vapery, kte\u0159\u00ed cht\u011bj\u00ed <strong data-start=\"388\" data-end=\"417\">v\u00fdkon, chu\u0165 a kontrolu<\/strong> v jednom elegantn\u00edm za\u0159\u00edzen\u00ed. S a\u017e <strong data-start=\"450\" data-end=\"466\">35 000 pot\u00e1hnut\u00ed<\/strong>, s <strong data-start=\"470\" data-end=\"493\">35ml p\u0159edpln\u011bnou n\u00e1dr\u017ekou<\/strong>a <strong data-start=\"501\" data-end=\"519\">du\u00e1ln\u00ed mesh c\u00edvka<\/strong>poskytuje v\u00fdraznou chu\u0165 p\u0159i ka\u017ed\u00e9m pot\u00e1hnut\u00ed. Displej <strong data-start=\"566\" data-end=\"591\">chytr\u00fd digit\u00e1ln\u00ed displej<\/strong> v\u00e1s informuje o hladin\u011b e-liquidu a stavu baterie, zat\u00edmco <strong data-start=\"652\" data-end=\"689\">USB-C dob\u00edjec\u00ed 550mAh baterie<\/strong> zajist\u00ed, \u017ee nikdy nezme\u0161k\u00e1te ani chvilku. K dispozici v <strong data-start=\"734\" data-end=\"757\">30 vzru\u0161uj\u00edc\u00edch p\u0159\u00edchut\u00ed<\/strong> a <strong data-start=\"762\" data-end=\"792\">2% nebo 5%<\/strong>, je to ide\u00e1ln\u00ed velkoobchodn\u00ed volba pro p\u0159edn\u00ed trh s vapem v Evrop\u011b.<\/p>\n<p data-start=\"313\" data-end=\"860\">Porovnejte s <a href=\"https:\/\/vapestornado.com\/cs\/product\/wga-crystal-plus-20000-puff-vape-2-in-1-rechargeable-disposable-vape-wholesale-bulk-buy\/\">WGA 20K<\/a>, WGA 30K je vylep\u0161en pro lep\u0161\u00ed z\u00e1\u017eitek z vapingu.<\/p>\n<\/div>\n<h3><\/h3>\n<div class=\"relative p-1 rounded-sm flex items-center justify-center bg-token-main-surface-primary text-token-text-primary h-8 w-8\">\n<h2>\u010casto kladen\u00e9 ot\u00e1zky pro jednor\u00e1zovou e-cigaretu WGA Crystal ULTRA 35000<\/h2>\n<\/div>\n<\/div>\n<\/div>\n<\/div>\n<div class=\"flex-shrink-0 flex flex-col relative items-end\">\n<div class=\"pt-0\">\n<div class=\"gizmo-bot-avatar flex h-8 w-8 items-center justify-center overflow-hidden rounded-full\">\n<div class=\"relative p-1 rounded-sm flex items-center justify-center bg-token-main-surface-primary text-token-text-primary h-8 w-8\">\n<div class=\"mb-2 flex gap-3 empty:hidden -ml-2\">\n<p data-start=\"2405\" data-end=\"2541\"><strong data-start=\"2405\" data-end=\"2466\">1. Kolik pot\u00e1hnut\u00ed nab\u00edz\u00ed WGA Crystal Ultra 35k?<\/strong><br data-start=\"2466\" data-end=\"2469\" \/>Nab\u00edz\u00ed a\u017e <strong data-start=\"2485\" data-end=\"2501\">35 000 pot\u00e1hnut\u00ed<\/strong>, v z\u00e1vislosti na osobn\u00edch vapovac\u00edch n\u00e1vyc\u00edch.<\/p>\n<p data-start=\"2543\" data-end=\"2713\"><strong data-start=\"2543\" data-end=\"2594\">2. Je jednor\u00e1zov\u00e1 e-cigareta WGA 35k dob\u00edjec\u00ed?<\/strong><br data-start=\"2594\" data-end=\"2597\" \/>Ano, je dod\u00e1v\u00e1no s <strong data-start=\"2618\" data-end=\"2656\">550mAh Type-C dob\u00edjec\u00ed baterie<\/strong>, co\u017e v\u00e1m umo\u017e\u0148uje dob\u00edjet b\u011bhem pou\u017e\u00edv\u00e1n\u00ed stejn\u00e9ho za\u0159\u00edzen\u00ed.<\/p>\n<p data-start=\"2715\" data-end=\"2825\"><strong data-start=\"2715\" data-end=\"2759\">3. Jak\u00e9 jsou dostupn\u00e9 s\u00edly nikotinu?<\/strong><br data-start=\"2759\" data-end=\"2762\" \/>Za\u0159\u00edzen\u00ed je k dispozici v obou variant\u00e1ch <strong data-start=\"2794\" data-end=\"2822\">Hladiny nikotinu 2% a 5%<\/strong>.<\/p>\n<p data-start=\"2827\" data-end=\"3023\"><strong data-start=\"2827\" data-end=\"2896\">4. \u010c\u00edm se WGA Ultra 35k li\u0161\u00ed od ostatn\u00edch jednor\u00e1zov\u00fdch za\u0159\u00edzen\u00ed?<\/strong><br data-start=\"2896\" data-end=\"2899\" \/>Jeho <strong data-start=\"2903\" data-end=\"2966\">du\u00e1ln\u00ed mesh spir\u00e1lka, digit\u00e1ln\u00ed displej a kapacita 35 ml e-liquidu<\/strong> jej odli\u0161uj\u00ed a poskytuj\u00ed v\u00e1m v\u00fdkon i kontrolu.<\/p>\n<p data-start=\"3025\" data-end=\"3207\"><strong data-start=\"3025\" data-end=\"3088\">5. Kolik p\u0159\u00edchut\u00ed nab\u00edz\u00ed jednor\u00e1zov\u00e1 e-cigareta WGA 35k?<\/strong><br data-start=\"3088\" data-end=\"3091\" \/>Dod\u00e1v\u00e1 se v <strong data-start=\"3103\" data-end=\"3117\">30 p\u0159\u00edchut\u00ed<\/strong>, od ovocn\u00fdch sm\u011bs\u00ed, jako je Strawberry Kiwi, a\u017e po v\u00fdrazn\u00e9 varianty, jako je Jager Red Energy.<\/p>\n<\/div>\n<\/div>\n<\/div>\n<\/div>\n<\/div>","protected":false},"excerpt":{"rendered":"<p data-start=\"274\" data-end=\"349\"><strong data-start=\"274\" data-end=\"347\">WGA Crystal Ultra 35k Jednor\u00e1zov\u00e1 Vape 35000 \u0160luk\u016f Velkoobchod v Evrop\u011b<\/strong><\/p>\n<p data-start=\"274\" data-end=\"349\"><strong data-start=\"353\" data-end=\"424\">WGA 35k Jednor\u00e1zov\u00e1 Vape s Digit\u00e1ln\u00edm Displejem<\/strong><\/p>\n<p data-start=\"430\" data-end=\"494\"><strong data-start=\"430\" data-end=\"492\">Koupit WGA Ultra 35000 \u0160luk\u016f Vape Online \u2013 Nejlep\u0161\u00ed Sleva<\/strong><\/p>\n<p><strong>P\u0159idejte si Amy na Whatsapp, abyste z\u00edskali spr\u00e1vnou odpov\u011b\u010f a slevu!<\/strong><\/p>\n<p><img fetchpriority=\"high\" decoding=\"async\" class=\"size-full wp-image-2932\" src=\"https:\/\/vapestornado.com\/wp-content\/uploads\/2024\/12\/Vape-Wholesale.jpg\" alt=\"Velkoobchod s vape\" width=\"229\" height=\"300\" \/><\/p>\n<h3><a href=\"https:\/\/wa.me\/8617776015835\"><span style=\"color: #ff0000;\"><strong>WhatsApp: +86 17776015835<\/strong><\/span><\/a><\/h3>\n<p>&nbsp;<\/p>","protected":false},"featured_media":4311,"comment_status":"open","ping_status":"closed","template":"","meta":{"_acf_changed":false,"_uag_custom_page_level_css":"","_lmt_disableupdate":"no","_lmt_disable":"","_monsterinsights_skip_tracking":false,"_monsterinsights_sitenote_active":false,"_monsterinsights_sitenote_note":"","_monsterinsights_sitenote_category":0,"site-sidebar-layout":"default","site-content-layout":"","ast-site-content-layout":"default","site-content-style":"default","site-sidebar-style":"default","ast-global-header-display":"","ast-banner-title-visibility":"","ast-main-header-display":"","ast-hfb-above-header-display":"","ast-hfb-below-header-display":"","ast-hfb-mobile-header-display":"","site-post-title":"","ast-breadcrumbs-content":"","ast-featured-img":"","footer-sml-layout":"","ast-disable-related-posts":"","theme-transparent-header-meta":"default","adv-header-id-meta":"","stick-header-meta":"","header-above-stick-meta":"","header-main-stick-meta":"","header-below-stick-meta":"","astra-migrate-meta-layouts":"set","ast-page-background-enabled":"default","ast-page-background-meta":{"desktop":{"background-color":"","background-image":"","background-repeat":"repeat","background-position":"center center","background-size":"auto","background-attachment":"scroll","background-type":"","background-media":"","overlay-type":"","overlay-color":"","overlay-opacity":"","overlay-gradient":""},"tablet":{"background-color":"","background-image":"","background-repeat":"repeat","background-position":"center center","background-size":"auto","background-attachment":"scroll","background-type":"","background-media":"","overlay-type":"","overlay-color":"","overlay-opacity":"","overlay-gradient":""},"mobile":{"background-color":"","background-image":"","background-repeat":"repeat","background-position":"center center","background-size":"auto","background-attachment":"scroll","background-type":"","background-media":"","overlay-type":"","overlay-color":"","overlay-opacity":"","overlay-gradient":""}},"ast-content-background-meta":{"desktop":{"background-color":"var(--ast-global-color-5)","background-image":"","background-repeat":"repeat","background-position":"center center","background-size":"auto","background-attachment":"scroll","background-type":"","background-media":"","overlay-type":"","overlay-color":"","overlay-opacity":"","overlay-gradient":""},"tablet":{"background-color":"var(--ast-global-color-5)","background-image":"","background-repeat":"repeat","background-position":"center center","background-size":"auto","background-attachment":"scroll","background-type":"","background-media":"","overlay-type":"","overlay-color":"","overlay-opacity":"","overlay-gradient":""},"mobile":{"background-color":"var(--ast-global-color-5)","background-image":"","background-repeat":"repeat","background-position":"center center","background-size":"auto","background-attachment":"scroll","background-type":"","background-media":"","overlay-type":"","overlay-color":"","overlay-opacity":"","overlay-gradient":""}},"_joinchat":{"telephone":"17776015835"}},"product_brand":[],"product_cat":[19,175,149,158,143,146,171],"product_tag":[342,340,339,341],"class_list":{"0":"post-4312","1":"product","2":"type-product","3":"status-publish","4":"has-post-thumbnail","6":"product_cat-vapes","7":"product_cat-35000-puff","8":"product_cat-buy-disposable-vapes-in-austria","9":"product_cat-buy-disposable-vapes-in-spain","10":"product_cat-dual-mesh-disposable-vapes","11":"product_cat-rechargeable-disposable-vapes","12":"product_cat-vapsolo-disposable-vapes","13":"product_tag-wga-35000-puff","14":"product_tag-wga-35k","15":"product_tag-wga-crystal-ultra-35k","16":"product_tag-wga-crystal-vape","17":"desktop-align-left","18":"tablet-align-left","19":"mobile-align-left","21":"first","22":"instock","23":"sale","24":"shipping-taxable","25":"purchasable","26":"product-type-simple"},"acf":[],"uagb_featured_image_src":{"full":["https:\/\/vapestornado.com\/wp-content\/uploads\/2025\/08\/Wholesale-WGA-Ultra-35000-Puffs-Disposable-Vape.webp",800,800,false],"thumbnail":["https:\/\/vapestornado.com\/wp-content\/uploads\/2025\/08\/Wholesale-WGA-Ultra-35000-Puffs-Disposable-Vape-150x150.webp",150,150,true],"medium":["https:\/\/vapestornado.com\/wp-content\/uploads\/2025\/08\/Wholesale-WGA-Ultra-35000-Puffs-Disposable-Vape-300x300.webp",300,300,true],"medium_large":["https:\/\/vapestornado.com\/wp-content\/uploads\/2025\/08\/Wholesale-WGA-Ultra-35000-Puffs-Disposable-Vape-768x768.webp",768,768,true],"large":["https:\/\/vapestornado.com\/wp-content\/uploads\/2025\/08\/Wholesale-WGA-Ultra-35000-Puffs-Disposable-Vape.webp",800,800,false],"1536x1536":["https:\/\/vapestornado.com\/wp-content\/uploads\/2025\/08\/Wholesale-WGA-Ultra-35000-Puffs-Disposable-Vape.webp",800,800,false],"2048x2048":["https:\/\/vapestornado.com\/wp-content\/uploads\/2025\/08\/Wholesale-WGA-Ultra-35000-Puffs-Disposable-Vape.webp",800,800,false],"trp-custom-language-flag":["https:\/\/vapestornado.com\/wp-content\/uploads\/2025\/08\/Wholesale-WGA-Ultra-35000-Puffs-Disposable-Vape-12x12.webp",12,12,true],"woocommerce_thumbnail":["https:\/\/vapestornado.com\/wp-content\/uploads\/2025\/08\/Wholesale-WGA-Ultra-35000-Puffs-Disposable-Vape-300x300.webp",300,300,true],"woocommerce_single":["https:\/\/vapestornado.com\/wp-content\/uploads\/2025\/08\/Wholesale-WGA-Ultra-35000-Puffs-Disposable-Vape-600x600.webp",600,600,true],"woocommerce_gallery_thumbnail":["https:\/\/vapestornado.com\/wp-content\/uploads\/2025\/08\/Wholesale-WGA-Ultra-35000-Puffs-Disposable-Vape-100x100.webp",100,100,true]},"uagb_author_info":{"display_name":"ESAMY","author_link":"https:\/\/vapestornado.com\/cs\/author\/"},"uagb_comment_info":1,"uagb_excerpt":"WGA Crystal Ultra 35k Disposable Vape 35000 Puffs Wholesale in Europe WGA 35k Disposable Vape with Digital Display &amp; Rechargeable Battery Buy WGA Ultra 35000 Puff Vape Online \u2013 Best Discount Price Add Amy's whatsapp to get right reply and discount price! WhatsApp: +86 17776015835 &nbsp;","_links":{"self":[{"href":"https:\/\/vapestornado.com\/cs\/wp-json\/wp\/v2\/product\/4312","targetHints":{"allow":["GET"]}}],"collection":[{"href":"https:\/\/vapestornado.com\/cs\/wp-json\/wp\/v2\/product"}],"about":[{"href":"https:\/\/vapestornado.com\/cs\/wp-json\/wp\/v2\/types\/product"}],"replies":[{"embeddable":true,"href":"https:\/\/vapestornado.com\/cs\/wp-json\/wp\/v2\/comments?post=4312"}],"wp:featuredmedia":[{"embeddable":true,"href":"https:\/\/vapestornado.com\/cs\/wp-json\/wp\/v2\/media\/4311"}],"wp:attachment":[{"href":"https:\/\/vapestornado.com\/cs\/wp-json\/wp\/v2\/media?parent=4312"}],"wp:term":[{"taxonomy":"product_brand","embeddable":true,"href":"https:\/\/vapestornado.com\/cs\/wp-json\/wp\/v2\/product_brand?post=4312"},{"taxonomy":"product_cat","embeddable":true,"href":"https:\/\/vapestornado.com\/cs\/wp-json\/wp\/v2\/product_cat?post=4312"},{"taxonomy":"product_tag","embeddable":true,"href":"https:\/\/vapestornado.com\/cs\/wp-json\/wp\/v2\/product_tag?post=4312"}],"curies":[{"name":"wp","href":"https:\/\/api.w.org\/{rel}","templated":true}]}}