{"id":4132,"date":"2025-04-14T09:56:44","date_gmt":"2025-04-14T09:56:44","guid":{"rendered":"https:\/\/vapestornado.com\/?post_type=product&#038;p=4132"},"modified":"2025-12-05T07:13:53","modified_gmt":"2025-12-05T07:13:53","slug":"bang-box-kingdoms-rex-40000-puffs-digital-double-flavor-disposable-vape","status":"publish","type":"product","link":"https:\/\/vapestornado.com\/cs\/product\/bang-box-kingdoms-rex-40000-puffs-digital-double-flavor-disposable-vape\/","title":{"rendered":"Bang Kingdoms Rex 40000 Puffs Digit\u00e1ln\u00ed jednor\u00e1zov\u00e1 vape box s dvojitou p\u0159\u00edchut\u00ed a 40000 pot\u00e1hnut\u00ed"},"content":{"rendered":"<h1 data-pm-slice=\"1 1 []\">Bang Box Kingdoms Rex 40000 Puffs Digit\u00e1ln\u00ed jednor\u00e1zov\u00fd vape s dvojitou p\u0159\u00edchut\u00ed<\/h1>\n<p data-start=\"1129\" data-end=\"1370\">Bang Kingdoms Rex 40000 spojuje skute\u010dn\u00e9 dvojit\u00e9 p\u0159\u00edchut\u011b s 60ml nastaven\u00edm (30ml+30ml), chytr\u00fdm displejem, s\u00ed\u0165ovou c\u00edvkou a dob\u00edjec\u00ed energi\u00ed typu C, co\u017e umo\u017e\u0148uje a\u017e 40 000 pot\u00e1hnut\u00ed v jednom za\u0159\u00edzen\u00ed p\u0159ipraven\u00e9m k p\u0159ep\u00edn\u00e1n\u00ed.<\/p>\n<p data-start=\"570\" data-end=\"887\"><strong data-start=\"570\" data-end=\"614\">Podporov\u00e1no skute\u010dnou kapacitou 40 000 pot\u00e1hnut\u00ed.<\/strong><br data-start=\"614\" data-end=\"617\" \/>Ten <strong data-start=\"621\" data-end=\"669\">Bang Kingdoms Rex 40000 Jednor\u00e1zov\u00e1 vape s 40000 pot\u00e1hnut\u00ed<\/strong> je postavena na <strong data-start=\"686\" data-end=\"709\">celkov\u00e9m objemu e-liquidu 60ml<\/strong>, rozd\u011blen\u00e9m do dvou nez\u00e1visl\u00fdch 30ml n\u00e1dr\u017e\u00ed. Tento objem umo\u017e\u0148uje za\u0159\u00edzen\u00ed dlouhodob\u00e9 pou\u017e\u00edv\u00e1n\u00ed p\u0159i denn\u00edm re\u017eimu, pom\u00e1h\u00e1 u\u017eivatel\u016fm vyhnout se \u010dast\u00e9 v\u00fdm\u011bn\u011b, co\u017e je b\u011b\u017en\u00e9 u men\u0161\u00edch jednor\u00e1zov\u00fdch za\u0159\u00edzen\u00ed.<\/p>\n<p data-start=\"889\" data-end=\"1165\"><strong data-start=\"889\" data-end=\"933\">Syst\u00e9m s dvojitou p\u0159\u00edchut\u00ed s \u010dist\u00fdm p\u0159ep\u00edn\u00e1n\u00edm.<\/strong><br data-start=\"933\" data-end=\"936\" \/>Tento <strong data-start=\"941\" data-end=\"971\">Jednor\u00e1zov\u00e1 vape s 40000 pot\u00e1hnut\u00ed<\/strong> pou\u017e\u00edv\u00e1 <strong data-start=\"979\" data-end=\"1010\">2-v-1 form\u00e1t s dvojitou p\u0159\u00edchut\u00ed<\/strong>: dv\u011b p\u0159\u00edchut\u011b ulo\u017een\u00e9 odd\u011blen\u011b, p\u0159ep\u00ednateln\u00e9 kdykoli se preference zm\u011bn\u00ed. Odd\u011blen\u00ed udr\u017euje ka\u017edou p\u0159\u00edchu\u0165 odli\u0161nou, m\u00edsto aby se m\u00edchaly \u010dasem.<\/p>\n<p data-start=\"1167\" data-end=\"1479\"><strong data-start=\"1167\" data-end=\"1211\">V\u00fdkon s\u00ed\u0165ov\u00e9 c\u00edvky pro stabiln\u00ed chu\u0165.<\/strong><br data-start=\"1211\" data-end=\"1214\" \/>Pokro\u010dil\u00e1 <strong data-start=\"1223\" data-end=\"1236\">mesh spir\u00e1lka<\/strong> topen\u00ed rovnom\u011brn\u011b rozkl\u00e1d\u00e1 teplotu po cel\u00e9 plo\u0161e c\u00edvky. V praxi to podporuje plynul\u00fd pr\u016ftok vzduchu a stabiln\u00ed dod\u00e1vku chuti b\u011bhem dlouh\u00fdch seanc\u00ed, co\u017e je zvl\u00e1\u0161t\u011b d\u016fle\u017eit\u00e9 u za\u0159\u00edzen\u00ed s vysokou kapacitou, kde \u010dasto doch\u00e1z\u00ed ke ztr\u00e1t\u011b chuti v pozd\u011bj\u0161\u00edch f\u00e1z\u00edch.<\/p>\n<p data-start=\"1481\" data-end=\"1702\"><strong data-start=\"1481\" data-end=\"1522\">Chytr\u00fd displej pro sledov\u00e1n\u00ed v re\u00e1ln\u00e9m \u010dase.<\/strong><br data-start=\"1522\" data-end=\"1525\" \/>Vestav\u011bn\u00fd digit\u00e1ln\u00ed displej jasn\u011b ukazuje <strong data-start=\"1557\" data-end=\"1594\">\u00farove\u0148 baterie a stav e-liquidu<\/strong> U\u017eivatel\u00e9 se mohou dob\u00edjet d\u0159\u00edve, ne\u017e dojde k vybit\u00ed, a vyhnout se ne\u010dekan\u00fdm such\u00fdm potah\u016fm, kdy\u017e je n\u00e1dr\u017e t\u00e9m\u011b\u0159 pr\u00e1zdn\u00e1.<\/p>\n<p data-start=\"1704\" data-end=\"1956\"><strong data-start=\"1704\" data-end=\"1747\">Dob\u00edjec\u00ed typ-C nap\u00e1jen\u00ed pro pln\u00e9 pou\u017eit\u00ed.<\/strong><br data-start=\"1747\" data-end=\"1750\" \/>Ten <strong data-start=\"1754\" data-end=\"1792\">Dob\u00edjec\u00ed baterie 650 mAh Type-C<\/strong> je dimenzov\u00e1n pro dlouhodob\u00e9 vapov\u00e1n\u00ed. Dob\u00edjen\u00ed znamen\u00e1, \u017ee Rex 40000 m\u016f\u017ee b\u00fdt pou\u017e\u00edv\u00e1n, dokud nejsou oba tanky vypr\u00e1zdn\u011bny, nam\u00edsto p\u0159ed\u010dasn\u00e9ho vy\u0159azen\u00ed kv\u016fli vybit\u00ed baterie.<\/p>\n<p data-start=\"666\" data-end=\"1235\"><strong style=\"font-size: 16px;\"><span style=\"color: #ff0000;\">P\u0159idejte si WhatsApp Amy a z\u00edskejte okam\u017eitou odpov\u011b\u010f a zv\u00fdhodn\u011bnou cenu!<\/span><\/strong><\/p>\n<p><img fetchpriority=\"high\" decoding=\"async\" class=\"size-full wp-image-2932\" src=\"https:\/\/vapestornado.com\/wp-content\/uploads\/2024\/12\/Vape-Wholesale.jpg\" alt=\"Velkoobchod s vape\" width=\"229\" height=\"300\" \/><\/p>\n<h3><a href=\"https:\/\/wa.me\/8617776015835\" target=\"_blank\" rel=\"noopener\"><span style=\"color: #ff0000;\"><strong>WhatsApp: +86 17776015835<\/strong><\/span><\/a><\/h3>\n<h2><\/h2>\n<h2 data-start=\"1258\" data-end=\"1303\">Bang Kingdoms Rex 40000 Kl\u00ed\u010dov\u00e9 vlastnosti<\/h2>\n<table>\n<thead>\n<tr>\n<th>Funkce \/ Parametr<\/th>\n<th align=\"right\">Specifikace<\/th>\n<th>Vysv\u011btlen\u00ed<\/th>\n<\/tr>\n<\/thead>\n<tbody>\n<tr>\n<td>N\u00e1zev produktu<\/td>\n<td align=\"right\">Bang Kingdoms Rex 40000 Puff Jednor\u00e1zov\u00e1 Vape<\/td>\n<td>Jasn\u00e9 pojmenov\u00e1n\u00ed modelu pro vyhled\u00e1v\u00e1n\u00ed a opakovan\u00e9 objedn\u00e1vky.<\/td>\n<\/tr>\n<tr>\n<td>Kapacita pot\u00e1hnut\u00ed<\/td>\n<td align=\"right\">A\u017e 40 000 pota\u017een\u00ed<\/td>\n<td>Vysoce v\u00fdkonn\u00e1 jednor\u00e1zov\u00e1; m\u00e9n\u011b v\u00fdm\u011bn za\u0159\u00edzen\u00ed.<\/td>\n<\/tr>\n<tr>\n<td>Objem e-liquidu<\/td>\n<td align=\"right\">Celkem 60 ml (30 ml + 30 ml)<\/td>\n<td>Dva pln\u00e9 tanky v jednom t\u011ble, podporuj\u00edc\u00ed dlouhou \u017eivotnost.<\/td>\n<\/tr>\n<tr>\n<td>Syst\u00e9m p\u0159\u00edchut\u00ed<\/td>\n<td align=\"right\">2-v-1 dvojit\u00e1 p\u0159\u00edchu\u0165<\/td>\n<td>P\u0159ep\u00edn\u00e1n\u00ed mezi dv\u011bma p\u0159\u00edchut\u011bmi bez no\u0161en\u00ed dal\u0161\u00ed vaporiz\u00e9ru.<\/td>\n<\/tr>\n<tr>\n<td>Typ spir\u00e1lky<\/td>\n<td align=\"right\">Mesh spir\u00e1lka<\/td>\n<td>Rovnom\u011brn\u00e9 zah\u0159\u00edv\u00e1n\u00ed = hlad\u0161\u00ed tahy a stabiln\u011bj\u0161\u00ed chu\u0165.<\/td>\n<\/tr>\n<tr>\n<td>Baterie<\/td>\n<td align=\"right\">650mAh dob\u00edjec\u00ed<\/td>\n<td>Dob\u00edjejte, abyste dokon\u010dili oba tanky, m\u00edsto ztr\u00e1ty potah\u016f.<\/td>\n<\/tr>\n<tr>\n<td>Nab\u00edjen\u00ed<\/td>\n<td align=\"right\">USB Type-C rychl\u00e9 nab\u00edjen\u00ed<\/td>\n<td>B\u011b\u017en\u00fd standard kabelu; krat\u0161\u00ed doba odst\u00e1vky.<\/td>\n<\/tr>\n<tr>\n<td>Displej<\/td>\n<td align=\"right\">Digit\u00e1ln\u00ed displej<\/td>\n<td>Zobrazuje \u00farove\u0148 baterie + hladinu e-tekutiny v re\u00e1ln\u00e9m \u010dase.<\/td>\n<\/tr>\n<tr>\n<td>Mo\u017enosti nikotinu<\/td>\n<td align=\"right\">0% \/ 2% \/ 5%<\/td>\n<td>Vyhovuje u\u017eivatel\u016fm bez nikotinu s preferenc\u00ed siln\u011bj\u0161\u00edho z\u00e1sahu.<\/td>\n<\/tr>\n<tr>\n<td>C\u00edlov\u00fd trh<\/td>\n<td align=\"right\">Prodej v \u010cR i velkoobchod<\/td>\n<td>Vysok\u00e1 kapacita + du\u00e1ln\u00ed p\u0159\u00edchu\u0165 odpov\u00edd\u00e1 aktu\u00e1ln\u00edm trend\u016fm popt\u00e1vky.<\/td>\n<\/tr>\n<\/tbody>\n<\/table>\n<p>&nbsp;<\/p>\n<figure id=\"attachment_4127\" aria-describedby=\"caption-attachment-4127\" style=\"width: 800px\" class=\"wp-caption alignnone\"><img decoding=\"async\" class=\"wp-image-4127 size-full\" src=\"https:\/\/vapestornado.com\/wp-content\/uploads\/2025\/04\/Bang-Box-Vape-40000-Double-Flavor.webp\" alt=\"Bang Box Vape 40000 Dvojit\u00e1 p\u0159\u00edchu\u0165\" width=\"800\" height=\"800\" srcset=\"https:\/\/vapestornado.com\/wp-content\/uploads\/2025\/04\/Bang-Box-Vape-40000-Double-Flavor.webp 800w, https:\/\/vapestornado.com\/wp-content\/uploads\/2025\/04\/Bang-Box-Vape-40000-Double-Flavor-300x300.webp 300w, https:\/\/vapestornado.com\/wp-content\/uploads\/2025\/04\/Bang-Box-Vape-40000-Double-Flavor-150x150.webp 150w, https:\/\/vapestornado.com\/wp-content\/uploads\/2025\/04\/Bang-Box-Vape-40000-Double-Flavor-768x768.webp 768w, https:\/\/vapestornado.com\/wp-content\/uploads\/2025\/04\/Bang-Box-Vape-40000-Double-Flavor-600x600.webp 600w, https:\/\/vapestornado.com\/wp-content\/uploads\/2025\/04\/Bang-Box-Vape-40000-Double-Flavor-100x100.webp 100w\" sizes=\"(max-width: 800px) 100vw, 800px\" \/><figcaption id=\"caption-attachment-4127\" class=\"wp-caption-text\">Bang Kingdoms Rex 40000 Dvojit\u00e1 p\u0159\u00edchu\u0165<\/figcaption><\/figure>\n<h2 class=\"product-title\"><strong>Bang Kingdoms Rex 40000 Jednor\u00e1zov\u00e9 p\u0159\u00edchut\u011b \u2013 seznam<\/strong><\/h2>\n<article class=\"w-full text-token-text-primary focus-visible:outline-2 focus-visible:outline-offset-[-4px]\" dir=\"auto\" data-testid=\"conversation-turn-32\" data-scroll-anchor=\"false\">\n<div class=\"m-auto text-base py-[18px] px-6\">\n<div class=\"mx-auto flex flex-1 text-base gap-4 md:gap-5 lg:gap-6 md:max-w-3xl lg:max-w-[40rem] xl:max-w-[48rem]\">\n<div class=\"group\/conversation-turn relative flex w-full min-w-0 flex-col @xs\/thread:px-0 @sm\/thread:px-1.5 @md\/thread:px-4\">\n<div class=\"flex-col gap-1 md:gap-3\">\n<div class=\"flex max-w-full flex-col flex-grow\">\n<div class=\"min-h-8 text-message flex w-full flex-col items-end gap-2 whitespace-normal break-words text-start [.text-message+&amp;]:mt-5\" dir=\"auto\" data-message-author-role=\"user\" data-message-id=\"ffac41ca-1db4-431b-873a-32c4052956f1\">\n<div class=\"flex w-full flex-col gap-1 empty:hidden items-end rtl:items-start\">\n<div class=\"relative max-w-[var(--user-chat-width,70%)] rounded-3xl bg-token-message-surface px-5 py-2.5\">\n<div class=\"absolute bottom-0 right-full top-0 -mr-3.5 hidden pr-5 pt-2 [.group\/conversation-turn:hover_&amp;]:flex\">\n<div class=\"flex\">\n<article class=\"w-full text-token-text-primary focus-visible:outline-2 focus-visible:outline-offset-[-4px]\" dir=\"auto\" data-testid=\"conversation-turn-39\" data-scroll-anchor=\"true\">\n<div class=\"m-auto text-base py-[18px] px-6\">\n<div class=\"mx-auto flex flex-1 text-base gap-4 md:gap-5 lg:gap-6 md:max-w-3xl lg:max-w-[40rem] xl:max-w-[48rem]\">\n<div class=\"group\/conversation-turn relative flex w-full min-w-0 flex-col agent-turn @xs\/thread:px-0 @sm\/thread:px-1.5 @md\/thread:px-4\">\n<div class=\"flex-col gap-1 md:gap-3\">\n<div class=\"flex max-w-full flex-col flex-grow\">\n<div class=\"min-h-8 text-message flex w-full flex-col items-end gap-2 whitespace-normal break-words text-start [.text-message+&amp;]:mt-5\" dir=\"auto\" data-message-author-role=\"assistant\" data-message-id=\"55a23854-ec57-48dd-bd4f-6118f43d6241\" data-message-model-slug=\"gpt-4o\">\n<div class=\"flex w-full flex-col gap-1 empty:hidden first:pt-[3px]\">\n<div class=\"markdown prose w-full break-words dark:prose-invert light\">\n<p class=\"\" data-start=\"2451\" data-end=\"2502\">1. Bor\u016fvkov\u00fd meloun<br \/>\n2. Bor\u016fvkov\u00fd led<br \/>\n3. Jahodov\u00e9 kiwi<br \/>\n4. Jahoda a meloun<br \/>\n5. Jahodov\u00e9 kiwi<br \/>\n3. Jahodov\u00fd meloun<br \/>\n7. Bor\u016fvkov\u00e1 malina<br \/>\n8. Melounov\u00fd led<br \/>\n9. Red Bull<br \/>\n10. Melounov\u00fd led<br \/>\n11. Red Bull<br \/>\n12. Bor\u016fvkov\u00fd led<\/p>\n<\/div>\n<\/div>\n<\/div>\n<\/div>\n<\/div>\n<\/div>\n<\/div>\n<\/div>\n<\/article>\n<\/div>\n<\/div>\n<\/div>\n<\/div>\n<\/div>\n<\/div>\n<\/div>\n<\/div>\n<\/div>\n<\/div>\n<\/article>\n<h2>Pro\u010d si vybrat Vapestornado pro velkoobchodn\u00ed prodej Kingdoms Rex 40k?<\/h2>\n<div class=\"flex-shrink-0 flex flex-col relative items-end\">\n<div class=\"pt-0\">\n<div class=\"gizmo-bot-avatar flex h-8 w-8 items-center justify-center overflow-hidden rounded-full\">\n<div class=\"relative p-1 rounded-sm flex items-center justify-center bg-token-main-surface-primary text-token-text-primary h-8 w-8\">\n<p>Ve Vapestornado nejen prod\u00e1v\u00e1me vapy \u2013 dod\u00e1v\u00e1me hodnotu, kvalitu a slu\u017eby, na kter\u00e9 se m\u016f\u017eete spolehnout. Jako d\u016fv\u011bryhodn\u00fd velkoobchodn\u00ed dodavatel Kingdoms Rex 40000<strong data-start=\"410\" data-end=\"449\">\u00a0Jednor\u00e1zov\u00e1 vapka<\/strong>, nab\u00edz\u00edme <strong data-start=\"460\" data-end=\"488\">konkuren\u010dn\u00ed velkoobchodn\u00ed ceny<\/strong>, \u010d\u00edm\u017e zaji\u0161\u0165ujeme, \u017ee z\u00edsk\u00e1te <strong data-start=\"511\" data-end=\"537\">nejni\u017e\u0161\u00ed velkoobchodn\u00ed sazby<\/strong> bez kompromis\u016f v oblasti autenticity produktu. N\u00e1\u0161 t\u00fdm ru\u010dn\u011b vyb\u00edr\u00e1 pouze <strong data-start=\"608\" data-end=\"634\">100% origin\u00e1ln\u00ed produkty<\/strong> se zaru\u010den\u00fdm v\u00fdkonem a konzistenc\u00ed chuti. S <strong data-start=\"692\" data-end=\"716\">rychlou glob\u00e1ln\u00ed p\u0159epravou<\/strong>, specializovan\u00fdm <strong data-start=\"730\" data-end=\"766\">spr\u00e1vcem \u00fa\u010dtu pro velkoobchodn\u00ed klienty<\/strong>a aktualizacemi invent\u00e1\u0159e v re\u00e1ln\u00e9m \u010dase, va\u0161e firma z\u016fstane o krok nap\u0159ed p\u0159ed trhem. A\u0165 u\u017e jste obchod s vapkami, distributor nebo online prodejce, <strong data-start=\"901\" data-end=\"917\">Vapestornado<\/strong> je v\u00e1\u0161 spolehliv\u00fd partner pro <strong data-start=\"947\" data-end=\"994\">produkty s vysokou popt\u00e1vkou, jako je Bang Box 50k Puff<\/strong>\u2014podporov\u00e1no profesion\u00e1ln\u00edm servisem a bezkonkuren\u010dn\u00edmi nab\u00eddkami.<\/p>\n<p data-start=\"559\" data-end=\"933\" data-is-last-node=\"\" data-is-only-node=\"\">M\u00e1me tak\u00e9 dal\u0161\u00ed popul\u00e1rn\u00ed vapy s displejem, jako nap\u0159\u00edklad <a href=\"https:\/\/vapestornado.com\/cs\/product\/solaris-25000-puff-solar-charging-dispsoable-vape-kit-usa\/\">SOLARIS 25000 POTAH\u016e<\/a>, <a href=\"https:\/\/vapestornado.com\/cs\/product\/elfbar-planet-25000-wholesale-disposable-vape-kit-with-digital-screen\/\">ELF BAR Planeta 25000<\/a>, <a href=\"https:\/\/vapestornado.com\/cs\/product\/elfworld-ai22000-22k-puff-disposable-vape-pen-kit-best-seller-in-poland\/\">Elf SV\u011aT AI 22000<\/a>, a dal\u0161\u00ed.<\/p>\n<\/div>\n<div class=\"relative p-1 rounded-sm flex items-center justify-center bg-token-main-surface-primary text-token-text-primary h-8 w-8\">\n<h2>\u010cASTO KLADEN\u00c9 DOTAZY<\/h2>\n<p data-start=\"3075\" data-end=\"3298\"><strong data-start=\"3075\" data-end=\"3154\">Pot\u0159ebuj\u00ed jednor\u00e1zov\u00e9 vaporiz\u00e9ry speci\u00e1ln\u00ed nab\u00edje\u010dku pro Bang Kingdoms Rex 40000?<\/strong><br data-start=\"3154\" data-end=\"3157\" \/>Ne. Ta <strong data-start=\"3165\" data-end=\"3213\">Bang Kingdoms Rex 40000 Jednor\u00e1zov\u00e1 vape s 40000 pot\u00e1hnut\u00ed<\/strong> nab\u00edj\u00ed p\u0159es <strong data-start=\"3226\" data-end=\"3240\">USB Type-C<\/strong>, tak\u017ee jak\u00fdkoli standardn\u00ed kabel typu-C a bezpe\u010dn\u00fd USB adapt\u00e9r funguj\u00ed.<\/p>\n<p data-start=\"3300\" data-end=\"3595\"><strong data-start=\"3300\" data-end=\"3392\">Kter\u00fd jednor\u00e1zov\u00fd vaporiz\u00e9r skute\u010dn\u011b vydr\u017e\u00ed nejd\u00e9le: Bang Kingdoms Rex 40000 nebo vaporiz\u00e9r s kapacitou 20k?<\/strong><br data-start=\"3392\" data-end=\"3395\" \/>V b\u011b\u017en\u00e9m pou\u017eit\u00ed je to <strong data-start=\"3416\" data-end=\"3443\">Bang Kr\u00e1lovstv\u00ed Rex 40000<\/strong> obvykle vydr\u017e\u00ed d\u00e9le, proto\u017ee kombinuje <strong data-start=\"3487\" data-end=\"3552\">40 000 pota\u017een\u00ed, celkem 60 ml e-liquidu a dob\u00edjec\u00ed baterie<\/strong>, zat\u00edmco v\u011bt\u0161ina za\u0159\u00edzen\u00ed s 20k m\u00e1 m\u00e9n\u011b tekutiny.<\/p>\n<p data-start=\"3597\" data-end=\"3837\"><strong data-start=\"3597\" data-end=\"3667\">3. Stoj\u00ed syst\u00e9m Bang Kingdoms Rex 40000 s dvojitou p\u0159\u00edchut\u00ed za to?<\/strong><br data-start=\"3667\" data-end=\"3670\" \/>Ano pro u\u017eivatele, kte\u0159\u00ed st\u0159\u00eddaj\u00ed p\u0159\u00edchut\u011b. The <strong data-start=\"3708\" data-end=\"3752\">Bang Kingdoms Rex 40000 s du\u00e1ln\u00ed p\u0159\u00edchut\u00ed vaporiz\u00e9r<\/strong> rozlo\u017een\u00ed udr\u017euje ka\u017edou p\u0159\u00edchu\u0165 odd\u011blenou, tak\u017ee p\u0159ep\u00edn\u00e1n\u00ed z\u016fst\u00e1v\u00e1 \u010dist\u00e9 a nezam\u00edch\u00e1 chu\u0165.<\/p>\n<p data-start=\"3839\" data-end=\"4094\"><strong data-start=\"3839\" data-end=\"3923\">4. D\u011blaj\u00ed jednor\u00e1zov\u00e9 vaporiz\u00e9ry, v\u010detn\u011b Bang Kingdoms Rex 40000, z\u00e1vislej\u0161\u00ed rychleji?<\/strong><br data-start=\"3923\" data-end=\"3926\" \/>Riziko z\u00e1vislosti z\u00e1vis\u00ed na <strong data-start=\"3952\" data-end=\"3994\">s\u00edla nikotinu a frekvence pou\u017e\u00edv\u00e1n\u00ed<\/strong>, nikoliv pouze po\u010det pota\u017een\u00ed. To <strong data-start=\"4022\" data-end=\"4038\">0% \/ 2% \/ 5%<\/strong> mo\u017enosti umo\u017e\u0148uj\u00ed u\u017eivatel\u016fm zvolit si \u00farove\u0148, kter\u00e1 odpov\u00edd\u00e1 jejich pot\u0159eb\u00e1m.<\/p>\n<p data-start=\"4096\" data-end=\"4377\"><strong data-start=\"4096\" data-end=\"4170\">5. Mohu p\u0159in\u00e9st jednor\u00e1zov\u00fd vaporiz\u00e9r Bang Kingdoms Rex 40000 na letadlo?<\/strong><br data-start=\"4170\" data-end=\"4173\" \/>V\u011bt\u0161ina leteck\u00fdch spole\u010dnost\u00ed umo\u017e\u0148uje jednor\u00e1zov\u00e9 vaporiz\u00e9ry <strong data-start=\"4205\" data-end=\"4233\">pouze v p\u0159\u00edru\u010dn\u00edm zavazadle<\/strong>, nikoliv v odbaven\u00fdch zavazadlech, kv\u016fli pravidl\u016fm t\u00fdkaj\u00edc\u00edm se bateri\u00ed. Uchovejte je v <strong data-start=\"4284\" data-end=\"4332\">Bang Kingdoms Rex 40000 Jednor\u00e1zov\u00e1 vape s 40000 pot\u00e1hnut\u00ed<\/strong> zape\u010det\u011bn\u00e9m stavu a dodr\u017eujte pravidla leteck\u00e9 spole\u010dnosti\/m\u00edstn\u00ed p\u0159edpisy.<\/p>\n<\/div>\n<\/div>\n<\/div>\n<\/div>","protected":false},"excerpt":{"rendered":"<p class=\"LC20lb MBeuO DKV0Md\">Bang Kingdoms Rex 40000 2 v 1 Jednor\u00e1zov\u00e9 Vape Zlevn\u011bn\u00e1 Cena<br \/>\nBang Box 40000 Digit\u00e1ln\u00ed Vape Box Velkoobchodn\u00ed Levn\u00e1 Cena<br \/>\nBig Puff Vape Bang Box Kingdoms Rex 40k Jednor\u00e1zov\u00e9 Vapor<\/p>\n<p><strong>P\u0159idejte si Amy na Whatsapp, abyste z\u00edskali spr\u00e1vnou odpov\u011b\u010f a slevu!<\/strong><\/p>\n<p><img fetchpriority=\"high\" decoding=\"async\" class=\"size-full wp-image-2932\" src=\"https:\/\/vapestornado.com\/wp-content\/uploads\/2024\/12\/Vape-Wholesale.jpg\" alt=\"Velkoobchod s vape\" width=\"229\" height=\"300\" \/><\/p>\n<h3><a href=\"https:\/\/wa.me\/8617776015835\"><span style=\"color: #ff0000;\"><strong>WhatsApp: +86 17776015835<\/strong><\/span><\/a><\/h3>\n<p>&nbsp;<\/p>","protected":false},"featured_media":4131,"comment_status":"open","ping_status":"closed","template":"","meta":{"_acf_changed":false,"_uag_custom_page_level_css":"","_lmt_disableupdate":"no","_lmt_disable":"","_monsterinsights_skip_tracking":false,"_monsterinsights_sitenote_active":false,"_monsterinsights_sitenote_note":"","_monsterinsights_sitenote_category":0,"site-sidebar-layout":"default","site-content-layout":"","ast-site-content-layout":"default","site-content-style":"default","site-sidebar-style":"default","ast-global-header-display":"","ast-banner-title-visibility":"","ast-main-header-display":"","ast-hfb-above-header-display":"","ast-hfb-below-header-display":"","ast-hfb-mobile-header-display":"","site-post-title":"","ast-breadcrumbs-content":"","ast-featured-img":"","footer-sml-layout":"","ast-disable-related-posts":"","theme-transparent-header-meta":"default","adv-header-id-meta":"","stick-header-meta":"","header-above-stick-meta":"","header-main-stick-meta":"","header-below-stick-meta":"","astra-migrate-meta-layouts":"set","ast-page-background-enabled":"default","ast-page-background-meta":{"desktop":{"background-color":"","background-image":"","background-repeat":"repeat","background-position":"center center","background-size":"auto","background-attachment":"scroll","background-type":"","background-media":"","overlay-type":"","overlay-color":"","overlay-opacity":"","overlay-gradient":""},"tablet":{"background-color":"","background-image":"","background-repeat":"repeat","background-position":"center center","background-size":"auto","background-attachment":"scroll","background-type":"","background-media":"","overlay-type":"","overlay-color":"","overlay-opacity":"","overlay-gradient":""},"mobile":{"background-color":"","background-image":"","background-repeat":"repeat","background-position":"center center","background-size":"auto","background-attachment":"scroll","background-type":"","background-media":"","overlay-type":"","overlay-color":"","overlay-opacity":"","overlay-gradient":""}},"ast-content-background-meta":{"desktop":{"background-color":"var(--ast-global-color-5)","background-image":"","background-repeat":"repeat","background-position":"center center","background-size":"auto","background-attachment":"scroll","background-type":"","background-media":"","overlay-type":"","overlay-color":"","overlay-opacity":"","overlay-gradient":""},"tablet":{"background-color":"var(--ast-global-color-5)","background-image":"","background-repeat":"repeat","background-position":"center center","background-size":"auto","background-attachment":"scroll","background-type":"","background-media":"","overlay-type":"","overlay-color":"","overlay-opacity":"","overlay-gradient":""},"mobile":{"background-color":"var(--ast-global-color-5)","background-image":"","background-repeat":"repeat","background-position":"center center","background-size":"auto","background-attachment":"scroll","background-type":"","background-media":"","overlay-type":"","overlay-color":"","overlay-opacity":"","overlay-gradient":""}},"_joinchat":{"telephone":"17776015835"}},"product_brand":[],"product_cat":[65,62,150,152,142,146],"product_tag":[475,335,334,105,476,195],"class_list":{"0":"post-4132","1":"product","2":"type-product","3":"status-publish","4":"has-post-thumbnail","6":"product_cat-40000-puff","7":"product_cat-bang-vape","8":"product_cat-buy-disposable-vapes-in-belgium","9":"product_cat-buy-disposable-vapes-in-cermany","10":"product_cat-digital-box-disposable-vapes","11":"product_cat-rechargeable-disposable-vapes","12":"product_tag-40k-puff-vape","13":"product_tag-bang-40000","14":"product_tag-bang-kingdoms-rex-40000","15":"product_tag-digital-disposable-vape","16":"product_tag-double-taste-disposable-vape","17":"product_tag-dual-flavor-disposable-vape","18":"desktop-align-left","19":"tablet-align-left","20":"mobile-align-left","22":"first","23":"instock","24":"sale","25":"shipping-taxable","26":"purchasable","27":"product-type-simple"},"acf":[],"uagb_featured_image_src":{"full":["https:\/\/vapestornado.com\/wp-content\/uploads\/2025\/04\/Wholesale-Bang-Kingdoms-40000-Puff-Vape-Pod.webp",800,800,false],"thumbnail":["https:\/\/vapestornado.com\/wp-content\/uploads\/2025\/04\/Wholesale-Bang-Kingdoms-40000-Puff-Vape-Pod-150x150.webp",150,150,true],"medium":["https:\/\/vapestornado.com\/wp-content\/uploads\/2025\/04\/Wholesale-Bang-Kingdoms-40000-Puff-Vape-Pod-300x300.webp",300,300,true],"medium_large":["https:\/\/vapestornado.com\/wp-content\/uploads\/2025\/04\/Wholesale-Bang-Kingdoms-40000-Puff-Vape-Pod-768x768.webp",768,768,true],"large":["https:\/\/vapestornado.com\/wp-content\/uploads\/2025\/04\/Wholesale-Bang-Kingdoms-40000-Puff-Vape-Pod.webp",800,800,false],"1536x1536":["https:\/\/vapestornado.com\/wp-content\/uploads\/2025\/04\/Wholesale-Bang-Kingdoms-40000-Puff-Vape-Pod.webp",800,800,false],"2048x2048":["https:\/\/vapestornado.com\/wp-content\/uploads\/2025\/04\/Wholesale-Bang-Kingdoms-40000-Puff-Vape-Pod.webp",800,800,false],"trp-custom-language-flag":["https:\/\/vapestornado.com\/wp-content\/uploads\/2025\/04\/Wholesale-Bang-Kingdoms-40000-Puff-Vape-Pod.webp",12,12,false],"woocommerce_thumbnail":["https:\/\/vapestornado.com\/wp-content\/uploads\/2025\/04\/Wholesale-Bang-Kingdoms-40000-Puff-Vape-Pod-300x300.webp",300,300,true],"woocommerce_single":["https:\/\/vapestornado.com\/wp-content\/uploads\/2025\/04\/Wholesale-Bang-Kingdoms-40000-Puff-Vape-Pod-600x600.webp",600,600,true],"woocommerce_gallery_thumbnail":["https:\/\/vapestornado.com\/wp-content\/uploads\/2025\/04\/Wholesale-Bang-Kingdoms-40000-Puff-Vape-Pod-100x100.webp",100,100,true]},"uagb_author_info":{"display_name":"ESAMY","author_link":"https:\/\/vapestornado.com\/cs\/author\/"},"uagb_comment_info":0,"uagb_excerpt":"Bang Kingdoms Rex 40000 2 in 1 Disposables Vape Discount Price Bang Box 40000 Digital Vape Box Wholesale Cheap Price Big Puff Vape Bang Box Kingdoms Rex 40k Disposables Vapor Add Amy's whatsapp to get right reply and discount price! WhatsApp: +86 17776015835 &nbsp;","_links":{"self":[{"href":"https:\/\/vapestornado.com\/cs\/wp-json\/wp\/v2\/product\/4132","targetHints":{"allow":["GET"]}}],"collection":[{"href":"https:\/\/vapestornado.com\/cs\/wp-json\/wp\/v2\/product"}],"about":[{"href":"https:\/\/vapestornado.com\/cs\/wp-json\/wp\/v2\/types\/product"}],"replies":[{"embeddable":true,"href":"https:\/\/vapestornado.com\/cs\/wp-json\/wp\/v2\/comments?post=4132"}],"wp:featuredmedia":[{"embeddable":true,"href":"https:\/\/vapestornado.com\/cs\/wp-json\/wp\/v2\/media\/4131"}],"wp:attachment":[{"href":"https:\/\/vapestornado.com\/cs\/wp-json\/wp\/v2\/media?parent=4132"}],"wp:term":[{"taxonomy":"product_brand","embeddable":true,"href":"https:\/\/vapestornado.com\/cs\/wp-json\/wp\/v2\/product_brand?post=4132"},{"taxonomy":"product_cat","embeddable":true,"href":"https:\/\/vapestornado.com\/cs\/wp-json\/wp\/v2\/product_cat?post=4132"},{"taxonomy":"product_tag","embeddable":true,"href":"https:\/\/vapestornado.com\/cs\/wp-json\/wp\/v2\/product_tag?post=4132"}],"curies":[{"name":"wp","href":"https:\/\/api.w.org\/{rel}","templated":true}]}}