{"id":4126,"date":"2025-04-14T03:07:08","date_gmt":"2025-04-14T03:07:08","guid":{"rendered":"https:\/\/vapestornado.com\/?post_type=product&#038;p=4126"},"modified":"2025-12-05T06:58:11","modified_gmt":"2025-12-05T06:58:11","slug":"bang-box-50000-puff-50k-disposables-vape-pod-double-flavour","status":"publish","type":"product","link":"https:\/\/vapestornado.com\/cs\/product\/bang-box-50000-puff-50k-disposables-vape-pod-double-flavour\/","title":{"rendered":"Bang Box 50000 Puff 50k Jednor\u00e1zov\u00fd Vape Pod s dvojitou p\u0159\u00edchut\u00ed"},"content":{"rendered":"<h2 data-pm-slice=\"1 1 []\">Bang Box 50000 Puff 50k Jednor\u00e1zov\u00fd Vape Pod s dvojitou p\u0159\u00edchut\u00ed<\/h2>\n<p data-start=\"1203\" data-end=\"1522\">Bang Box 50000 Puff obsahuje 45ml dvoubarevn\u00fd tank, 850mAh dob\u00edjec\u00ed baterii typu-C, mesh c\u00edvku a chytrou obrazovku v jednom za\u0159\u00edzen\u00ed, navr\u017een\u00e9 tak, aby vydr\u017eelo a\u017e 50 000 pota\u017een\u00ed bez \u010dast\u00e9 v\u00fdm\u011bny.<\/p>\n<p data-start=\"568\" data-end=\"863\"><strong data-start=\"568\" data-end=\"608\">A\u017e 50 000 pota\u017een\u00ed s 45ml tankem:<\/strong><br data-start=\"608\" data-end=\"611\" \/>Bang Box 50k je navr\u017een pro dlouhodob\u00e9 denn\u00ed pou\u017e\u00edv\u00e1n\u00ed. Ten <strong data-start=\"656\" data-end=\"684\">45ml p\u0159ednapln\u011bn\u00e1 kapacita<\/strong> podporuje <strong data-start=\"698\" data-end=\"720\">hodnocen\u00ed 50 000 pota\u017een\u00ed<\/strong>, tak\u017ee u\u017eivatel\u00e9 obvykle vydr\u017e\u00ed mnohem d\u00e9le mezi v\u00fdm\u011bnami za\u0159\u00edzen\u00ed ve srovn\u00e1n\u00ed s jednor\u00e1zov\u00fdmi 10k\u201320k. To tak\u00e9 udr\u017euje n\u00e1klady na pota\u017een\u00ed stabiln\u011bj\u0161\u00ed v \u010dase.<\/p>\n<p data-start=\"865\" data-end=\"1176\"><strong data-start=\"865\" data-end=\"916\">Syst\u00e9m Dual Flavour Vaporiz\u00e9r pro okam\u017eitou zm\u011bnu chuti:<\/strong><br data-start=\"916\" data-end=\"919\" \/>Dva profily chuti jsou zabudov\u00e1ny do jednoho za\u0159\u00edzen\u00ed. <strong data-start=\"970\" data-end=\"991\">dual-flavor nastaven\u00ed<\/strong> umo\u017e\u0148uje u\u017eivatel\u016fm m\u011bnit chut\u011b kdykoliv bez nutnosti nosit druh\u00fd vaporiz\u00e9r nebo \u010dekat na dopln\u011bn\u00ed. Je to praktick\u00e9 pro lidi, kte\u0159\u00ed b\u011bhem dne st\u0159\u00eddaj\u00ed sladk\u00e9 a ledov\u00e9 profily.<\/p>\n<p data-start=\"1178\" data-end=\"1456\"><strong data-start=\"1178\" data-end=\"1220\">Mesh c\u00edvka pro stabiln\u00ed p\u00e1ru a chu\u0165:<\/strong><br data-start=\"1220\" data-end=\"1223\" \/>Bang Box 50000 puff pou\u017e\u00edv\u00e1 <strong data-start=\"1237\" data-end=\"1261\">technologie mesh spir\u00e1lky<\/strong> k rovnom\u011brn\u00e9mu zah\u0159\u00edv\u00e1n\u00ed e-liquidu. To pom\u00e1h\u00e1 zabr\u00e1nit drsn\u00fdm such\u00fdm z\u00e1blesk\u016fm a udr\u017euje plynul\u00fd v\u00fdstup p\u00e1ry nap\u0159\u00ed\u010d velk\u00fdm tankem\u2014co\u017e je d\u016fle\u017eit\u00e9 u za\u0159\u00edzen\u00ed s vysokou kapacitou, kde se chu\u0165 m\u016f\u017ee ztratit pozd\u011bji v \u017eivotnosti.<\/p>\n<p data-start=\"1458\" data-end=\"1707\"><strong data-start=\"1458\" data-end=\"1507\">Chytr\u00e1 digit\u00e1ln\u00ed obrazovka pro sledov\u00e1n\u00ed v re\u00e1ln\u00e9m \u010dase:<\/strong><br data-start=\"1507\" data-end=\"1510\" \/>Ten <strong data-start=\"1514\" data-end=\"1530\">chytrou obrazovku<\/strong> zobrazuje <strong data-start=\"1537\" data-end=\"1573\">stav baterie a hladinu e-liquidu<\/strong> p\u0159i vapov\u00e1n\u00ed. To odstra\u0148uje odhady, tak\u017ee u\u017eivatel\u00e9 mohou dob\u00edt p\u0159ed t\u00edm, ne\u017e klesne v\u00fdkon, a vyhnout se ne\u010dekan\u00fdm such\u00fdm z\u00e1b\u011br\u016fm bl\u00edzko konce n\u00e1dr\u017ee.<\/p>\n<p data-start=\"1709\" data-end=\"1964\"><strong data-start=\"1709\" data-end=\"1748\">Dob\u00edjec\u00ed baterie typu C s kapacitou 850mAh:<\/strong><br data-start=\"1748\" data-end=\"1751\" \/>Ten <strong data-start=\"1755\" data-end=\"1773\">Baterie 850mAh<\/strong> je navr\u017eena pro velkou n\u00e1dr\u017e a vysok\u00fd po\u010det pota\u017een\u00ed. S <strong data-start=\"1824\" data-end=\"1852\">rychl\u00e9 nab\u00edjen\u00ed USB-C<\/strong>, doba ne\u010dinnosti je kr\u00e1tk\u00e1 a u\u017eivatel\u00e9 mohou dokon\u010dit cel\u00fd z\u00e1sobn\u00edk tekutiny m\u00edsto toho, aby ji p\u0159ed\u010dasn\u011b vyhodili kv\u016fli n\u00edzk\u00e9 kapacit\u011b.<\/p>\n<p data-start=\"666\" data-end=\"1235\"><strong style=\"font-size: 16px;\"><span style=\"color: #ff0000;\">P\u0159idejte si WhatsApp Amy a z\u00edskejte okam\u017eitou odpov\u011b\u010f a zv\u00fdhodn\u011bnou cenu!<\/span><\/strong><\/p>\n<p><img fetchpriority=\"high\" decoding=\"async\" class=\"size-full wp-image-2932\" src=\"https:\/\/vapestornado.com\/wp-content\/uploads\/2024\/12\/Vape-Wholesale.jpg\" alt=\"Velkoobchod s vape\" width=\"229\" height=\"300\" \/><\/p>\n<h3><a href=\"https:\/\/wa.me\/8617776015835\" target=\"_blank\" rel=\"noopener\"><span style=\"color: #ff0000;\"><strong>WhatsApp: +86 17776015835<\/strong><\/span><\/a><\/h3>\n<h2><\/h2>\n<h2 data-start=\"1258\" data-end=\"1303\"><strong data-start=\"1265\" data-end=\"1303\">Pro\u010d je Bang Box 50k nutnost\u00ed vyzkou\u0161et<\/strong><\/h2>\n<table>\n<thead>\n<tr>\n<th>Funkce \/ Parametr<\/th>\n<th align=\"right\">Specifikace<\/th>\n<th>Vysv\u011btlen\u00ed<\/th>\n<\/tr>\n<\/thead>\n<tbody>\n<tr>\n<td>N\u00e1zev produktu<\/td>\n<td align=\"right\">Jednor\u00e1zov\u00e1 vape Bang Box 50000 pot\u00e1hnut\u00ed<\/td>\n<td>Jasn\u00e9 pojmenov\u00e1n\u00ed modelu pro opakovan\u00e9 objedn\u00e1vky a vyhled\u00e1v\u00e1n\u00ed.<\/td>\n<\/tr>\n<tr>\n<td>Kapacita pot\u00e1hnut\u00ed<\/td>\n<td align=\"right\">A\u017e 50 000 pota\u017een\u00ed<\/td>\n<td>Jednor\u00e1zov\u00e1 s vysok\u00fdm po\u010dtem pota\u017een\u00ed; m\u00e9n\u011b v\u00fdm\u011bn.<\/td>\n<\/tr>\n<tr>\n<td>Objem e-liquidu<\/td>\n<td align=\"right\">45ml p\u0159ednapln\u011bno<\/td>\n<td>Velk\u00e1 n\u00e1dr\u017e podporuje dlouh\u00e9 sezen\u00ed bez dopl\u0148ov\u00e1n\u00ed.<\/td>\n<\/tr>\n<tr>\n<td>Syst\u00e9m p\u0159\u00edchut\u00ed<\/td>\n<td align=\"right\">Vape s du\u00e1ln\u00ed p\u0159\u00edchut\u00ed<\/td>\n<td>Dva p\u0159\u00edchut\u011b v jednom za\u0159\u00edzen\u00ed; p\u0159ep\u00ednejte kdykoli.<\/td>\n<\/tr>\n<tr>\n<td>Typ spir\u00e1lky<\/td>\n<td align=\"right\">Mesh spir\u00e1lka<\/td>\n<td>Rovnom\u011brn\u00e9 zah\u0159\u00edv\u00e1n\u00ed = hlad\u0161\u00ed tahy a stabiln\u011bj\u0161\u00ed chu\u0165.<\/td>\n<\/tr>\n<tr>\n<td>Baterie<\/td>\n<td align=\"right\">850mAh dob\u00edjec\u00ed<\/td>\n<td>Dob\u00edjejte, abyste vyu\u017eili ve\u0161kerou tekutinu, m\u00edsto aby jste pl\u00fdtvali pota\u017een\u00edmi.<\/td>\n<\/tr>\n<tr>\n<td>Nab\u00edjen\u00ed<\/td>\n<td align=\"right\">USB Type-C<\/td>\n<td>Standard rychl\u00e9ho nab\u00edjen\u00ed; snadn\u00fd p\u0159\u00edstup ke kabelu.<\/td>\n<\/tr>\n<tr>\n<td>Displej<\/td>\n<td align=\"right\">Chytr\u00e1 digit\u00e1ln\u00ed obrazovka<\/td>\n<td>Zobrazuje \u00farove\u0148 baterie + tekutiny v re\u00e1ln\u00e9m \u010dase.<\/td>\n<\/tr>\n<tr>\n<td>C\u00edlov\u00ed u\u017eivatel\u00e9<\/td>\n<td align=\"right\">P\u0159\u00edle\u017eitostn\u00ed a\u017e intenzivn\u00ed vap\u00e9\u0159i<\/td>\n<td>Dlouh\u00e1 kapacita s jednoduch\u00fdm ovl\u00e1d\u00e1n\u00edm vyhovuje ob\u011bma skupin\u00e1m.<\/td>\n<\/tr>\n<tr>\n<td>Trh a um\u00edst\u011bn\u00ed<\/td>\n<td align=\"right\">Prodej v \u010cR i velkoobchod<\/td>\n<td>Vysok\u00fd po\u010det pota\u017een\u00ed + dvojit\u00e1 p\u0159\u00edchu\u0165 podporuj\u00ed opakovan\u00fd n\u00e1kup.<\/td>\n<\/tr>\n<\/tbody>\n<\/table>\n<h2 class=\"product-title\"><strong>Recenze p\u0159\u00edchut\u00ed jednor\u00e1zov\u00fdch e-cigaret Bang Box 50000<\/strong><\/h2>\n<article class=\"w-full text-token-text-primary focus-visible:outline-2 focus-visible:outline-offset-[-4px]\" dir=\"auto\" data-testid=\"conversation-turn-32\" data-scroll-anchor=\"false\">\n<div class=\"m-auto text-base py-[18px] px-6\">\n<div class=\"mx-auto flex flex-1 text-base gap-4 md:gap-5 lg:gap-6 md:max-w-3xl lg:max-w-[40rem] xl:max-w-[48rem]\">\n<div class=\"group\/conversation-turn relative flex w-full min-w-0 flex-col @xs\/thread:px-0 @sm\/thread:px-1.5 @md\/thread:px-4\">\n<div class=\"flex-col gap-1 md:gap-3\">\n<div class=\"flex max-w-full flex-col flex-grow\">\n<div class=\"min-h-8 text-message flex w-full flex-col items-end gap-2 whitespace-normal break-words text-start [.text-message+&amp;]:mt-5\" dir=\"auto\" data-message-author-role=\"user\" data-message-id=\"ffac41ca-1db4-431b-873a-32c4052956f1\">\n<div class=\"flex w-full flex-col gap-1 empty:hidden items-end rtl:items-start\">\n<div class=\"relative max-w-[var(--user-chat-width,70%)] rounded-3xl bg-token-message-surface px-5 py-2.5\">\n<div class=\"absolute bottom-0 right-full top-0 -mr-3.5 hidden pr-5 pt-2 [.group\/conversation-turn:hover_&amp;]:flex\">\n<div class=\"flex\">\n<article class=\"w-full text-token-text-primary focus-visible:outline-2 focus-visible:outline-offset-[-4px]\" dir=\"auto\" data-testid=\"conversation-turn-39\" data-scroll-anchor=\"true\">\n<div class=\"m-auto text-base py-[18px] px-6\">\n<div class=\"mx-auto flex flex-1 text-base gap-4 md:gap-5 lg:gap-6 md:max-w-3xl lg:max-w-[40rem] xl:max-w-[48rem]\">\n<div class=\"group\/conversation-turn relative flex w-full min-w-0 flex-col agent-turn @xs\/thread:px-0 @sm\/thread:px-1.5 @md\/thread:px-4\">\n<div class=\"flex-col gap-1 md:gap-3\">\n<div class=\"flex max-w-full flex-col flex-grow\">\n<div class=\"min-h-8 text-message flex w-full flex-col items-end gap-2 whitespace-normal break-words text-start [.text-message+&amp;]:mt-5\" dir=\"auto\" data-message-author-role=\"assistant\" data-message-id=\"55a23854-ec57-48dd-bd4f-6118f43d6241\" data-message-model-slug=\"gpt-4o\">\n<div class=\"flex w-full flex-col gap-1 empty:hidden first:pt-[3px]\">\n<div class=\"markdown prose w-full break-words dark:prose-invert light\">\n<p class=\"\" data-start=\"2451\" data-end=\"2502\">1. Jahoda Kiwi<br \/>\n2. Melounov\u00e1 \u017ev\u00fdka\u010dka<br \/>\n3. Ananas Mango Broskev<br \/>\n4. Red Bull<br \/>\n5. Broskvov\u00fd d\u017eus<br \/>\n6. Jablko Hru\u0161ka<br \/>\n7. Bor\u016fvkov\u00fd led<br \/>\n8. Ledov\u00fd \u010dern\u00fd drak<br \/>\n9. Bor\u016fvkovo-malinov\u00fd led s kyselou p\u0159\u00edchut\u00ed<br \/>\n10. Jahodovo-malinov\u00e9 bonb\u00f3ny<br \/>\n11. Modr\u00e1 malina s ledem<br \/>\n12. Jahoda s ledem<\/p>\n<figure id=\"attachment_4121\" aria-describedby=\"caption-attachment-4121\" style=\"width: 851px\" class=\"wp-caption alignnone\"><img decoding=\"async\" class=\"wp-image-4121 size-full\" src=\"https:\/\/vapestornado.com\/wp-content\/uploads\/2025\/04\/Bang-Box-50000-Puff-50k-Vape.webp\" alt=\"Bang Box 50000 pot\u00e1hnut\u00ed 50k Vape\" width=\"851\" height=\"851\" srcset=\"https:\/\/vapestornado.com\/wp-content\/uploads\/2025\/04\/Bang-Box-50000-Puff-50k-Vape.webp 851w, https:\/\/vapestornado.com\/wp-content\/uploads\/2025\/04\/Bang-Box-50000-Puff-50k-Vape-300x300.webp 300w, https:\/\/vapestornado.com\/wp-content\/uploads\/2025\/04\/Bang-Box-50000-Puff-50k-Vape-150x150.webp 150w, https:\/\/vapestornado.com\/wp-content\/uploads\/2025\/04\/Bang-Box-50000-Puff-50k-Vape-768x768.webp 768w, https:\/\/vapestornado.com\/wp-content\/uploads\/2025\/04\/Bang-Box-50000-Puff-50k-Vape-600x600.webp 600w, https:\/\/vapestornado.com\/wp-content\/uploads\/2025\/04\/Bang-Box-50000-Puff-50k-Vape-100x100.webp 100w\" sizes=\"(max-width: 851px) 100vw, 851px\" \/><figcaption id=\"caption-attachment-4121\" class=\"wp-caption-text\">Bang Box 50000 pot\u00e1hnut\u00ed 50k Vape<\/figcaption><\/figure>\n<\/div>\n<\/div>\n<\/div>\n<\/div>\n<\/div>\n<\/div>\n<\/div>\n<\/div>\n<\/article>\n<\/div>\n<\/div>\n<\/div>\n<\/div>\n<\/div>\n<\/div>\n<\/div>\n<\/div>\n<\/div>\n<\/div>\n<\/article>\n<h2>Pro\u010d si vybrat Vapestornado pro velkoobchodn\u00ed prodej Bang Box 50000 pot\u00e1hnut\u00ed?<\/h2>\n<div class=\"flex-shrink-0 flex flex-col relative items-end\">\n<div class=\"pt-0\">\n<div class=\"gizmo-bot-avatar flex h-8 w-8 items-center justify-center overflow-hidden rounded-full\">\n<div class=\"relative p-1 rounded-sm flex items-center justify-center bg-token-main-surface-primary text-token-text-primary h-8 w-8\">\n<p>Ve Vapestornado nejen prod\u00e1v\u00e1me vapy \u2013 dod\u00e1v\u00e1me hodnotu, kvalitu a slu\u017eby, na kter\u00e9 se m\u016f\u017eete spolehnout. Jako d\u016fv\u011bryhodn\u00fd velkoobchodn\u00ed dodavatel <strong data-start=\"410\" data-end=\"449\">Jednor\u00e1zov\u00e1 vape Bang Box 50000 pot\u00e1hnut\u00ed<\/strong>, nab\u00edz\u00edme <strong data-start=\"460\" data-end=\"488\">konkuren\u010dn\u00ed velkoobchodn\u00ed ceny<\/strong>, \u010d\u00edm\u017e zaji\u0161\u0165ujeme, \u017ee z\u00edsk\u00e1te <strong data-start=\"511\" data-end=\"537\">nejni\u017e\u0161\u00ed velkoobchodn\u00ed sazby<\/strong> bez kompromis\u016f v oblasti autenticity produktu. N\u00e1\u0161 t\u00fdm ru\u010dn\u011b vyb\u00edr\u00e1 pouze <strong data-start=\"608\" data-end=\"634\">100% origin\u00e1ln\u00ed produkty<\/strong> se zaru\u010den\u00fdm v\u00fdkonem a konzistenc\u00ed chuti. S <strong data-start=\"692\" data-end=\"716\">rychlou glob\u00e1ln\u00ed p\u0159epravou<\/strong>, specializovan\u00fdm <strong data-start=\"730\" data-end=\"766\">spr\u00e1vcem \u00fa\u010dtu pro velkoobchodn\u00ed klienty<\/strong>a aktualizacemi invent\u00e1\u0159e v re\u00e1ln\u00e9m \u010dase, va\u0161e firma z\u016fstane o krok nap\u0159ed p\u0159ed trhem. A\u0165 u\u017e jste obchod s vapkami, distributor nebo online prodejce, <strong data-start=\"901\" data-end=\"917\">Vapestornado<\/strong> je v\u00e1\u0161 spolehliv\u00fd partner pro <strong data-start=\"947\" data-end=\"994\">produkty s vysokou popt\u00e1vkou, jako je Bang Box 50k Puff<\/strong>\u2014podporov\u00e1no profesion\u00e1ln\u00edm servisem a bezkonkuren\u010dn\u00edmi nab\u00eddkami.<\/p>\n<p data-start=\"559\" data-end=\"933\" data-is-last-node=\"\" data-is-only-node=\"\">M\u00e1me tak\u00e9 dal\u0161\u00ed popul\u00e1rn\u00ed vapy s displejem, jako nap\u0159\u00edklad <a href=\"https:\/\/vapestornado.com\/cs\/product\/solaris-25000-puff-solar-charging-dispsoable-vape-kit-usa\/\">SOLARIS 25000 POTAH\u016e<\/a>, <a href=\"https:\/\/vapestornado.com\/cs\/product\/elfbar-planet-25000-wholesale-disposable-vape-kit-with-digital-screen\/\">ELF BAR Planeta 25000<\/a>, <a href=\"https:\/\/vapestornado.com\/cs\/product\/elfworld-ai22000-22k-puff-disposable-vape-pen-kit-best-seller-in-poland\/\">Elf SV\u011aT AI 22000<\/a>, a dal\u0161\u00ed.<\/p>\n<\/div>\n<div class=\"relative p-1 rounded-sm flex items-center justify-center bg-token-main-surface-primary text-token-text-primary h-8 w-8\">\n<h2>\u010cASTO KLADEN\u00c9 DOTAZY<\/h2>\n<p data-start=\"3043\" data-end=\"3258\"><strong data-start=\"3043\" data-end=\"3118\">1. Vy\u017eaduj\u00ed jednor\u00e1zov\u00e9 za\u0159\u00edzen\u00ed speci\u00e1ln\u00ed nab\u00edje\u010dku pro Bang Box 50000 pota\u017een\u00ed?<\/strong><br data-start=\"3118\" data-end=\"3121\" \/>Ne. Ta <strong data-start=\"3129\" data-end=\"3168\">Jednor\u00e1zov\u00e1 vape Bang Box 50000 pot\u00e1hnut\u00ed<\/strong> pou\u017e\u00edv\u00e1 <strong data-start=\"3174\" data-end=\"3188\">USB Type-C<\/strong>, tak\u017ee jak\u00fdkoli standardn\u00ed kabel typu C a bezpe\u010dn\u00fd USB nap\u00e1jec\u00ed adapt\u00e9r budou fungovat.<\/p>\n<p data-start=\"3260\" data-end=\"3561\"><strong data-start=\"3260\" data-end=\"3350\">2. Kter\u00e1 jednor\u00e1zov\u00e1 elektronick\u00e1 cigareta vydr\u017e\u00ed skute\u010dn\u011b nejd\u00e9le: Bang Box 50000 Puf nebo Bang box 30k za\u0159\u00edzen\u00ed?<\/strong><br data-start=\"3350\" data-end=\"3353\" \/>V b\u011b\u017en\u00e9m pou\u017eit\u00ed je to <strong data-start=\"3374\" data-end=\"3397\">Bang Box 50000 pot\u00e1hnut\u00ed<\/strong> obvykle vydr\u017e\u00ed d\u00e9le, proto\u017ee kombinuje <strong data-start=\"3441\" data-end=\"3500\">50 000 pot\u00e1hnut\u00ed, 45 ml e-liquidu a dob\u00edjec\u00ed baterie<\/strong>, zat\u00edmco v\u011bt\u0161ina model\u016f 30k obsahuje m\u00e9n\u011b tekutiny a vydr\u017e\u00ed krat\u0161\u00ed dobu.<\/p>\n<p data-start=\"3563\" data-end=\"3814\"><strong data-start=\"3563\" data-end=\"3627\">3. Stoj\u00ed za to syst\u00e9m dvou chut\u00ed u Bang Box 50000 Puf?<\/strong><br data-start=\"3627\" data-end=\"3630\" \/>Ano, pokud z\u00e1le\u017e\u00ed na rozmanitosti chut\u00ed. Syst\u00e9m <strong data-start=\"3665\" data-end=\"3705\">Bang Box 50000 Puf s du\u00e1ln\u00ed chut\u00ed<\/strong> d\u00e1v\u00e1 dva profily v jednom t\u011ble, tak\u017ee p\u0159ep\u00edn\u00e1n\u00ed chut\u00ed je okam\u017eit\u00e9 a nevy\u017eaduje druh\u00e9 za\u0159\u00edzen\u00ed.<\/p>\n<p data-start=\"3816\" data-end=\"4050\"><strong data-start=\"3816\" data-end=\"3886\">4. Udr\u017e\u00ed Bang Box 50000 Puf chu\u0165 silnou i na konci?<\/strong><br data-start=\"3886\" data-end=\"3889\" \/>Ten <strong data-start=\"3893\" data-end=\"3906\">mesh spir\u00e1lka<\/strong> pom\u00e1h\u00e1 udr\u017eovat rovnom\u011brn\u00e9 zah\u0159\u00edv\u00e1n\u00ed velk\u00e9 n\u00e1dr\u017ee, co\u017e sni\u017euje pokles chuti v pozdn\u00ed f\u00e1zi a such\u00e9 potahy, kter\u00e9 se mohou vyskytnout u jednor\u00e1zov\u00fdch za\u0159\u00edzen\u00ed s velkou kapacitou.<\/p>\n<p data-start=\"4052\" data-end=\"4308\"><strong data-start=\"4052\" data-end=\"4122\">5. Mohu si vz\u00edt jednor\u00e1zovou elektronickou cigaretu Bang Box 50000 Puf na letadlo?<\/strong><br data-start=\"4122\" data-end=\"4125\" \/>V\u011bt\u0161ina leteck\u00fdch spole\u010dnost\u00ed umo\u017e\u0148uje jednor\u00e1zov\u00e9 vaporiz\u00e9ry <strong data-start=\"4157\" data-end=\"4185\">pouze v p\u0159\u00edru\u010dn\u00edm zavazadle<\/strong>, ne do p\u0159\u00edru\u010dn\u00edho zavazadla, proto\u017ee obsahuje baterie. Uchov\u00e1vejte je <strong data-start=\"4246\" data-end=\"4269\">Bang Box 50000 pot\u00e1hnut\u00ed<\/strong> zape\u010det\u011bn\u00e9 a dodr\u017eujte pravidla leteck\u00e9 spole\u010dnosti\/m\u00edstn\u00ed p\u0159edpisy.<\/p>\n<\/div>\n<\/div>\n<\/div>\n<\/div>","protected":false},"excerpt":{"rendered":"<p class=\"LC20lb MBeuO DKV0Md\">Bang Box 50000 Puff Jednor\u00e1zov\u00fd vaporiz\u00e9r s 45ml dvoubarevn\u00fdm tankem<br \/>\nBang Box 50000 Puff Dual Flavour Vaporiz\u00e9r s chytr\u00fdm digit\u00e1ln\u00edm displejem<br \/>\nBang Box 50k Puff Dob\u00edjec\u00ed za\u0159\u00edzen\u00ed s mesh c\u00edvkou typu-C, jednor\u00e1zov\u00e9<\/p>\n<p><strong>P\u0159idejte si Amy na Whatsapp, abyste z\u00edskali spr\u00e1vnou odpov\u011b\u010f a slevu!<\/strong><\/p>\n<p><img fetchpriority=\"high\" decoding=\"async\" class=\"size-full wp-image-2932\" src=\"https:\/\/vapestornado.com\/wp-content\/uploads\/2024\/12\/Vape-Wholesale.jpg\" alt=\"Velkoobchod s vape\" width=\"229\" height=\"300\" \/><\/p>\n<h3><a href=\"https:\/\/wa.me\/8617776015835\"><span style=\"color: #ff0000;\"><strong>WhatsApp: +86 17776015835<\/strong><\/span><\/a><\/h3>\n<p>&nbsp;<\/p>","protected":false},"featured_media":4122,"comment_status":"open","ping_status":"closed","template":"","meta":{"_acf_changed":false,"_uag_custom_page_level_css":"","_lmt_disableupdate":"no","_lmt_disable":"","_monsterinsights_skip_tracking":false,"_monsterinsights_sitenote_active":false,"_monsterinsights_sitenote_note":"","_monsterinsights_sitenote_category":0,"site-sidebar-layout":"default","site-content-layout":"","ast-site-content-layout":"default","site-content-style":"default","site-sidebar-style":"default","ast-global-header-display":"","ast-banner-title-visibility":"","ast-main-header-display":"","ast-hfb-above-header-display":"","ast-hfb-below-header-display":"","ast-hfb-mobile-header-display":"","site-post-title":"","ast-breadcrumbs-content":"","ast-featured-img":"","footer-sml-layout":"","ast-disable-related-posts":"","theme-transparent-header-meta":"default","adv-header-id-meta":"","stick-header-meta":"","header-above-stick-meta":"","header-main-stick-meta":"","header-below-stick-meta":"","astra-migrate-meta-layouts":"set","ast-page-background-enabled":"default","ast-page-background-meta":{"desktop":{"background-color":"","background-image":"","background-repeat":"repeat","background-position":"center center","background-size":"auto","background-attachment":"scroll","background-type":"","background-media":"","overlay-type":"","overlay-color":"","overlay-opacity":"","overlay-gradient":""},"tablet":{"background-color":"","background-image":"","background-repeat":"repeat","background-position":"center center","background-size":"auto","background-attachment":"scroll","background-type":"","background-media":"","overlay-type":"","overlay-color":"","overlay-opacity":"","overlay-gradient":""},"mobile":{"background-color":"","background-image":"","background-repeat":"repeat","background-position":"center center","background-size":"auto","background-attachment":"scroll","background-type":"","background-media":"","overlay-type":"","overlay-color":"","overlay-opacity":"","overlay-gradient":""}},"ast-content-background-meta":{"desktop":{"background-color":"var(--ast-global-color-5)","background-image":"","background-repeat":"repeat","background-position":"center center","background-size":"auto","background-attachment":"scroll","background-type":"","background-media":"","overlay-type":"","overlay-color":"","overlay-opacity":"","overlay-gradient":""},"tablet":{"background-color":"var(--ast-global-color-5)","background-image":"","background-repeat":"repeat","background-position":"center center","background-size":"auto","background-attachment":"scroll","background-type":"","background-media":"","overlay-type":"","overlay-color":"","overlay-opacity":"","overlay-gradient":""},"mobile":{"background-color":"var(--ast-global-color-5)","background-image":"","background-repeat":"repeat","background-position":"center center","background-size":"auto","background-attachment":"scroll","background-type":"","background-media":"","overlay-type":"","overlay-color":"","overlay-opacity":"","overlay-gradient":""}},"_joinchat":{"telephone":"17776015835"}},"product_brand":[],"product_cat":[192,64,150,151,142,146],"product_tag":[332,333,474,105,195,189],"class_list":{"0":"post-4126","1":"product","2":"type-product","3":"status-publish","4":"has-post-thumbnail","6":"product_cat-50000-puff","7":"product_cat-bangbox-vape","8":"product_cat-buy-disposable-vapes-in-belgium","9":"product_cat-buy-disposable-vapes-in-france","10":"product_cat-digital-box-disposable-vapes","11":"product_cat-rechargeable-disposable-vapes","12":"product_tag-bang-box-50000","13":"product_tag-bang-box-50k","14":"product_tag-bang-hot-sale-vape","15":"product_tag-digital-disposable-vape","16":"product_tag-dual-flavor-disposable-vape","17":"product_tag-puff-50k","18":"desktop-align-left","19":"tablet-align-left","20":"mobile-align-left","22":"first","23":"instock","24":"sale","25":"shipping-taxable","26":"purchasable","27":"product-type-simple"},"acf":[],"uagb_featured_image_src":{"full":["https:\/\/vapestornado.com\/wp-content\/uploads\/2025\/04\/Bang-Box-50000-Puff-Best-Double-Flavor-Vape-scaled.webp",2560,2560,false],"thumbnail":["https:\/\/vapestornado.com\/wp-content\/uploads\/2025\/04\/Bang-Box-50000-Puff-Best-Double-Flavor-Vape-150x150.webp",150,150,true],"medium":["https:\/\/vapestornado.com\/wp-content\/uploads\/2025\/04\/Bang-Box-50000-Puff-Best-Double-Flavor-Vape-300x300.webp",300,300,true],"medium_large":["https:\/\/vapestornado.com\/wp-content\/uploads\/2025\/04\/Bang-Box-50000-Puff-Best-Double-Flavor-Vape-768x768.webp",768,768,true],"large":["https:\/\/vapestornado.com\/wp-content\/uploads\/2025\/04\/Bang-Box-50000-Puff-Best-Double-Flavor-Vape-1024x1024.webp",1024,1024,true],"1536x1536":["https:\/\/vapestornado.com\/wp-content\/uploads\/2025\/04\/Bang-Box-50000-Puff-Best-Double-Flavor-Vape-1536x1536.webp",1536,1536,true],"2048x2048":["https:\/\/vapestornado.com\/wp-content\/uploads\/2025\/04\/Bang-Box-50000-Puff-Best-Double-Flavor-Vape-2048x2048.webp",2048,2048,true],"trp-custom-language-flag":["https:\/\/vapestornado.com\/wp-content\/uploads\/2025\/04\/Bang-Box-50000-Puff-Best-Double-Flavor-Vape-scaled.webp",12,12,false],"woocommerce_thumbnail":["https:\/\/vapestornado.com\/wp-content\/uploads\/2025\/04\/Bang-Box-50000-Puff-Best-Double-Flavor-Vape-300x300.webp",300,300,true],"woocommerce_single":["https:\/\/vapestornado.com\/wp-content\/uploads\/2025\/04\/Bang-Box-50000-Puff-Best-Double-Flavor-Vape-600x600.webp",600,600,true],"woocommerce_gallery_thumbnail":["https:\/\/vapestornado.com\/wp-content\/uploads\/2025\/04\/Bang-Box-50000-Puff-Best-Double-Flavor-Vape-100x100.webp",100,100,true]},"uagb_author_info":{"display_name":"ESAMY","author_link":"https:\/\/vapestornado.com\/cs\/author\/"},"uagb_comment_info":0,"uagb_excerpt":"Bang Box 50000 Puff Disposable Vape with 45ml Dual-Flavor Tank Bang Box 50000 Puff Dual Flavour Vape with Smart Digital Display Bang Box 50k Puff Type-C Rechargeable Mesh Coil Disposable Device Add Amy's whatsapp to get right reply and discount price! WhatsApp: +86 17776015835 &nbsp;","_links":{"self":[{"href":"https:\/\/vapestornado.com\/cs\/wp-json\/wp\/v2\/product\/4126","targetHints":{"allow":["GET"]}}],"collection":[{"href":"https:\/\/vapestornado.com\/cs\/wp-json\/wp\/v2\/product"}],"about":[{"href":"https:\/\/vapestornado.com\/cs\/wp-json\/wp\/v2\/types\/product"}],"replies":[{"embeddable":true,"href":"https:\/\/vapestornado.com\/cs\/wp-json\/wp\/v2\/comments?post=4126"}],"wp:featuredmedia":[{"embeddable":true,"href":"https:\/\/vapestornado.com\/cs\/wp-json\/wp\/v2\/media\/4122"}],"wp:attachment":[{"href":"https:\/\/vapestornado.com\/cs\/wp-json\/wp\/v2\/media?parent=4126"}],"wp:term":[{"taxonomy":"product_brand","embeddable":true,"href":"https:\/\/vapestornado.com\/cs\/wp-json\/wp\/v2\/product_brand?post=4126"},{"taxonomy":"product_cat","embeddable":true,"href":"https:\/\/vapestornado.com\/cs\/wp-json\/wp\/v2\/product_cat?post=4126"},{"taxonomy":"product_tag","embeddable":true,"href":"https:\/\/vapestornado.com\/cs\/wp-json\/wp\/v2\/product_tag?post=4126"}],"curies":[{"name":"wp","href":"https:\/\/api.w.org\/{rel}","templated":true}]}}