{"id":4118,"date":"2025-04-13T08:12:11","date_gmt":"2025-04-13T08:12:11","guid":{"rendered":"https:\/\/vapestornado.com\/?post_type=product&#038;p=4118"},"modified":"2025-08-21T12:11:56","modified_gmt":"2025-08-21T12:11:56","slug":"solaris-25000-puff-solar-charging-dispsoable-vape-kit-usa","status":"publish","type":"product","link":"https:\/\/vapestornado.com\/cs\/product\/solaris-25000-puff-solar-charging-dispsoable-vape-kit-usa\/","title":{"rendered":"Solaris 25000 Puff Sol\u00e1rn\u00ed nab\u00edjec\u00ed jednor\u00e1zov\u00fd vape kit"},"content":{"rendered":"<h1 data-pm-slice=\"1 1 []\">Solaris 25000 Puff Sol\u00e1rn\u00ed nab\u00edjec\u00ed jednor\u00e1zov\u00fd vape kit<\/h1>\n<p data-start=\"309\" data-end=\"774\">Ten <strong data-start=\"313\" data-end=\"361\">Solaris 25000 Sol\u00e1rn\u00ed nab\u00edjec\u00ed jednor\u00e1zov\u00e1 vape<\/strong> zav\u00e1d\u00ed nov\u00fd standard v oblasti udr\u017eitelnosti a v\u00fdkonu. Jako prvn\u00ed <strong data-start=\"436\" data-end=\"468\">jednor\u00e1zov\u00e1 e-cigareta na 25 000 pot\u00e1hnut\u00ed<\/strong> s vestav\u011bn\u00fdm sol\u00e1rn\u00edm panelem, kombinuje ekologick\u00e9 nab\u00edjen\u00ed s vysokokapacitn\u00ed v\u00fddr\u017e\u00ed, co\u017e z n\u00ed \u010din\u00ed praktick\u00e9 \u0159e\u0161en\u00ed pro dlouhodob\u00e9 pou\u017eit\u00ed. Solaris je vybaven 18ml p\u0159edpln\u011bn\u00fdm tankem na e-liquid a dob\u00edjec\u00ed bateri\u00ed a poskytuje konzistentn\u00ed v\u00fdstup p\u00e1ry navr\u017een\u00fd pro spolehlivost v jak\u00e9mkoli prost\u0159ed\u00ed.<\/p>\n<p data-start=\"776\" data-end=\"1047\">Pro nab\u00edjen\u00ed maj\u00ed u\u017eivatel\u00e9 dv\u011b mo\u017enosti: sol\u00e1rn\u00ed panel pro nep\u0159etr\u017eit\u00e9 venkovn\u00ed pou\u017eit\u00ed, nebo USB Type-C pro rychl\u00e9 a efektivn\u00ed dob\u00edjen\u00ed (kabel nen\u00ed sou\u010d\u00e1st\u00ed balen\u00ed). Tato flexibilita d\u011bl\u00e1 ze Solarisu spolehliv\u00e9ho spole\u010dn\u00edka p\u0159i cestov\u00e1n\u00ed, turistice nebo ka\u017edodenn\u00edch aktivit\u00e1ch.<\/p>\n<p data-start=\"1049\" data-end=\"1276\">Du\u00e1ln\u00ed re\u017eimy vapov\u00e1n\u00ed \u2014 <strong data-start=\"1069\" data-end=\"1089\">Normal a Boost<\/strong> \u2014 ve spojen\u00ed s du\u00e1ln\u00edmi mesh spir\u00e1lkami poskytuj\u00ed hladk\u00fd pr\u016ftok vzduchu a plnou intenzitu chuti. Nastaviteln\u00fd pr\u016ftok vzduchu umo\u017e\u0148uje individu\u00e1ln\u00ed pot\u00e1hnut\u00ed, co\u017e zaji\u0161\u0165uje jak MTL z\u00e1\u017eitek, tak zv\u00fd\u0161enou produkci p\u00e1ry.<\/p>\n<p data-start=\"1278\" data-end=\"1637\">HD displej zobrazuje stav pot\u00e1hnut\u00ed a baterie v re\u00e1ln\u00e9m \u010dase, s interaktivn\u00edmi animacemi, kter\u00e9 dod\u00e1vaj\u00ed modern\u00ed n\u00e1dech. Povrchov\u00e1 \u00faprava Starlight Embedded Glow pozved\u00e1 jeho design a nab\u00edz\u00ed pr\u00e9miov\u00fd vzhled, kter\u00fd oslovuje mlad\u00e9 dosp\u011bl\u00e9 spot\u0159ebitele. Aktivace pot\u00e1hnut\u00edm a bez tla\u010d\u00edtek, Solaris je snadn\u00fd na pou\u017e\u00edv\u00e1n\u00ed a kombinuje pokro\u010dilou technologii se snadnou obsluhou.<\/p>\n<p data-start=\"1639\" data-end=\"1865\">Pro velkoobchodn\u00edky a maloobchodn\u00edky v Evrop\u011b, tato <strong data-start=\"1684\" data-end=\"1732\">Solaris 25000 Sol\u00e1rn\u00ed nab\u00edjec\u00ed jednor\u00e1zov\u00e1 vape<\/strong> nab\u00edz\u00ed osobit\u00fd produkt, kter\u00fd spl\u0148uje rostouc\u00ed popt\u00e1vku po udr\u017eiteln\u00fdch za\u0159\u00edzen\u00edch s vysokou kapacitou a z\u00e1rove\u0148 poskytuje silnou hodnotu pro dal\u0161\u00ed prodej.<\/p>\n<p data-start=\"666\" data-end=\"1235\"><strong style=\"font-size: 16px;\"><span style=\"color: #ff0000;\">P\u0159idejte si WhatsApp Amy a z\u00edskejte okam\u017eitou odpov\u011b\u010f a zv\u00fdhodn\u011bnou cenu!<\/span><\/strong><\/p>\n<p><img fetchpriority=\"high\" decoding=\"async\" class=\"size-full wp-image-2932\" src=\"https:\/\/vapestornado.com\/wp-content\/uploads\/2024\/12\/Vape-Wholesale.jpg\" alt=\"Velkoobchod s vape\" width=\"229\" height=\"300\" \/><\/p>\n<h3><a href=\"https:\/\/wa.me\/8617776015835\" target=\"_blank\" rel=\"noopener\"><span style=\"color: #ff0000;\"><strong>WhatsApp: +86 17776015835<\/strong><\/span><\/a><\/h3>\n<p>&nbsp;<\/p>\n<h2><strong>Solaris 25000 Puff \u2013 Kl\u00ed\u010dov\u00e9 vlastnosti produktu<\/strong><\/h2>\n<ul>\n<li class=\"\" data-start=\"1597\" data-end=\"1621\">\n<p class=\"\" data-start=\"1599\" data-end=\"1621\">A\u017e <strong data-start=\"1605\" data-end=\"1621\">25 000 pot\u00e1hnut\u00ed<\/strong><\/p>\n<\/li>\n<li class=\"\" data-start=\"1622\" data-end=\"1684\">\n<p class=\"\" data-start=\"1624\" data-end=\"1684\"><strong data-start=\"1624\" data-end=\"1652\">Sol\u00e1rn\u00ed panel + USB Type-C<\/strong> dob\u00edjen\u00ed (kabel nen\u00ed sou\u010d\u00e1st\u00ed balen\u00ed)<\/p>\n<\/li>\n<li class=\"\" data-start=\"1685\" data-end=\"1714\">\n<p class=\"\" data-start=\"1687\" data-end=\"1714\"><strong data-start=\"1687\" data-end=\"1714\">18 ml p\u0159edpln\u011bn\u00e9ho e-liquidu<\/strong><\/p>\n<\/li>\n<li class=\"\" data-start=\"1715\" data-end=\"1748\">\n<p class=\"\" data-start=\"1717\" data-end=\"1748\"><strong data-start=\"1717\" data-end=\"1748\">s\u00edla nikotinu 5% (50 mg)<\/strong><\/p>\n<\/li>\n<li class=\"\" data-start=\"1749\" data-end=\"1773\">\n<p class=\"\" data-start=\"1751\" data-end=\"1773\"><strong data-start=\"1751\" data-end=\"1773\">Nastaviteln\u00fd pr\u016ftok vzduchu<\/strong><\/p>\n<\/li>\n<li class=\"\" data-start=\"1774\" data-end=\"1805\">\n<p class=\"\" data-start=\"1776\" data-end=\"1805\"><strong data-start=\"1776\" data-end=\"1789\">Dva re\u017eimy<\/strong>: Norm\u00e1ln\u00ed<\/p>\n<\/li>\n<li class=\"\" data-start=\"1806\" data-end=\"1847\">\n<p class=\"\" data-start=\"1808\" data-end=\"1847\"><strong data-start=\"1808\" data-end=\"1827\">Du\u00e1ln\u00ed mesh spir\u00e1lky<\/strong> pro vylep\u0161enou chu\u0165<\/p>\n<\/li>\n<li class=\"\" data-start=\"1848\" data-end=\"1872\">\n<p class=\"\" data-start=\"1850\" data-end=\"1872\"><strong data-start=\"1850\" data-end=\"1872\">HD animovan\u00e1 obrazovka<\/strong><\/p>\n<\/li>\n<li class=\"\" data-start=\"1873\" data-end=\"1900\">\n<p class=\"\" data-start=\"1875\" data-end=\"1900\"><strong data-start=\"1875\" data-end=\"1900\">Efekt z\u00e1\u0159e hv\u011bzdn\u00e9ho sv\u011btla<\/strong><\/p>\n<\/li>\n<li class=\"\" data-start=\"1901\" data-end=\"1932\">\n<p class=\"\" data-start=\"1903\" data-end=\"1932\"><strong data-start=\"1903\" data-end=\"1921\">Aktivace potahem<\/strong> MTL vapov\u00e1n\u00ed<\/p>\n<\/li>\n<li class=\"\" data-start=\"1933\" data-end=\"1977\">\n<p class=\"\" data-start=\"1935\" data-end=\"1977\"><strong data-start=\"1935\" data-end=\"1977\">Ekologick\u00fd a u\u017eivatelsky p\u0159\u00edv\u011btiv\u00fd design<\/strong><\/p>\n<\/li>\n<\/ul>\n<h2 class=\"product-title\"><strong>Recenze p\u0159\u00edchut\u00ed jednor\u00e1zov\u00fdch e-cigaret Solaris 25000 Puff<\/strong><\/h2>\n<article class=\"w-full text-token-text-primary focus-visible:outline-2 focus-visible:outline-offset-[-4px]\" dir=\"auto\" data-testid=\"conversation-turn-32\" data-scroll-anchor=\"false\">\n<div class=\"m-auto text-base py-[18px] px-6\">\n<div class=\"mx-auto flex flex-1 text-base gap-4 md:gap-5 lg:gap-6 md:max-w-3xl lg:max-w-[40rem] xl:max-w-[48rem]\">\n<div class=\"group\/conversation-turn relative flex w-full min-w-0 flex-col @xs\/thread:px-0 @sm\/thread:px-1.5 @md\/thread:px-4\">\n<div class=\"flex-col gap-1 md:gap-3\">\n<div class=\"flex max-w-full flex-col flex-grow\">\n<div class=\"min-h-8 text-message flex w-full flex-col items-end gap-2 whitespace-normal break-words text-start [.text-message+&amp;]:mt-5\" dir=\"auto\" data-message-author-role=\"user\" data-message-id=\"ffac41ca-1db4-431b-873a-32c4052956f1\">\n<div class=\"flex w-full flex-col gap-1 empty:hidden items-end rtl:items-start\">\n<div class=\"relative max-w-[var(--user-chat-width,70%)] rounded-3xl bg-token-message-surface px-5 py-2.5\">\n<div class=\"absolute bottom-0 right-full top-0 -mr-3.5 hidden pr-5 pt-2 [.group\/conversation-turn:hover_&amp;]:flex\">\n<div class=\"flex\">\n<article class=\"w-full text-token-text-primary focus-visible:outline-2 focus-visible:outline-offset-[-4px]\" dir=\"auto\" data-testid=\"conversation-turn-39\" data-scroll-anchor=\"true\">\n<div class=\"m-auto text-base py-[18px] px-6\">\n<div class=\"mx-auto flex flex-1 text-base gap-4 md:gap-5 lg:gap-6 md:max-w-3xl lg:max-w-[40rem] xl:max-w-[48rem]\">\n<div class=\"group\/conversation-turn relative flex w-full min-w-0 flex-col agent-turn @xs\/thread:px-0 @sm\/thread:px-1.5 @md\/thread:px-4\">\n<div class=\"flex-col gap-1 md:gap-3\">\n<div class=\"flex max-w-full flex-col flex-grow\">\n<div class=\"min-h-8 text-message flex w-full flex-col items-end gap-2 whitespace-normal break-words text-start [.text-message+&amp;]:mt-5\" dir=\"auto\" data-message-author-role=\"assistant\" data-message-id=\"55a23854-ec57-48dd-bd4f-6118f43d6241\" data-message-model-slug=\"gpt-4o\">\n<div class=\"flex w-full flex-col gap-1 empty:hidden first:pt-[3px]\">\n<div class=\"markdown prose w-full break-words dark:prose-invert light\">\n<ul>\n<li class=\"\" data-start=\"2002\" data-end=\"2063\">\n<p class=\"\" data-start=\"2004\" data-end=\"2063\"><strong data-start=\"2004\" data-end=\"2017\">Bor\u016fvka<\/strong> \u2013 Sladk\u00e1 a pikantn\u00ed sm\u011bs bor\u016fvek a malin<\/p>\n<\/li>\n<li class=\"\" data-start=\"2064\" data-end=\"2128\">\n<p class=\"\" data-start=\"2066\" data-end=\"2128\"><strong data-start=\"2066\" data-end=\"2082\">Modr\u00fd Slurpie<\/strong> \u2013 Ledov\u00e1 modr\u00e1 b\u0159e\u010dka pro chladiv\u00fd, nostalgick\u00fd z\u00e1\u017eitek<\/p>\n<\/li>\n<li class=\"\" data-start=\"2129\" data-end=\"2179\">\n<p class=\"\" data-start=\"2131\" data-end=\"2179\"><strong data-start=\"2131\" data-end=\"2146\">T\u0159e\u0161\u0148ov\u00e1 bomba<\/strong> \u2013 V\u00fdrazn\u00e1 exploze t\u0159e\u0161\u0148ov\u00e9 chuti<\/p>\n<\/li>\n<li class=\"\" data-start=\"2180\" data-end=\"2241\">\n<p class=\"\" data-start=\"2182\" data-end=\"2241\"><strong data-start=\"2182\" data-end=\"2195\">Chladiv\u00e1 m\u00e1ta<\/strong> \u2013 Osv\u011b\u017euj\u00edc\u00ed m\u00e1ta pro \u010dist\u00fd z\u00e1v\u011br<\/p>\n<\/li>\n<li class=\"\" data-start=\"2242\" data-end=\"2325\">\n<p class=\"\" data-start=\"2244\" data-end=\"2325\"><strong data-start=\"2244\" data-end=\"2274\">Mango Dragonfruit Limon\u00e1da<\/strong> \u2013 Tropick\u00e1 f\u00faze manga, dra\u010d\u00edho ovoce a citrus\u016f<\/p>\n<\/li>\n<li class=\"\" data-start=\"2326\" data-end=\"2378\">\n<p class=\"\" data-start=\"2328\" data-end=\"2378\"><strong data-start=\"2328\" data-end=\"2342\">Miami Mint<\/strong> \u2013 Jemn\u00e1 m\u00e1ta s p\u0159\u00edmo\u0159skou atmosf\u00e9rou<\/p>\n<\/li>\n<li class=\"\" data-start=\"2379\" data-end=\"2448\">\n<p class=\"\" data-start=\"2381\" data-end=\"2448\"><strong data-start=\"2381\" data-end=\"2406\">Jahoda Vodn\u00ed meloun<\/strong> \u2013 \u0160\u0165avnat\u00e1 kombinace jahod a melounu<\/p>\n<\/li>\n<li class=\"\" data-start=\"2449\" data-end=\"2502\">\n<p class=\"\" data-start=\"2451\" data-end=\"2502\"><strong data-start=\"2451\" data-end=\"2467\">Letn\u00ed v\u00fdbuch<\/strong> \u2013 V\u00fdbuch sm\u00ed\u0161en\u00e9ho letn\u00edho ovoce<\/p>\n<\/li>\n<li class=\"\" data-start=\"2449\" data-end=\"2502\">\n<p class=\"\" data-start=\"2451\" data-end=\"2502\"><strong style=\"font-size: 16px;\" data-start=\"2505\" data-end=\"2525\">Melounov\u00fd chlad<\/strong><span style=\"font-size: 16px;\"> \u2013 Osv\u011b\u017euj\u00edc\u00ed chlazen\u00e1 melounov\u00e1 chu\u0165<\/span><\/p>\n<p>&nbsp;<\/p>\n<p>&nbsp;<\/p>\n<p>&nbsp;<\/p>\n<div class=\"mceTemp\">\n<p>&nbsp;<\/p>\n<p><img decoding=\"async\" class=\"wp-image-4112 size-full\" src=\"https:\/\/vapestornado.com\/wp-content\/uploads\/2025\/04\/Solaris-25K-Disposable-Wholesale.png\" alt=\"Velkoobchodn\u00ed prodej jednor\u00e1zov\u00fdch vapovac\u00edch sad Solaris 25K\" width=\"800\" height=\"800\" srcset=\"https:\/\/vapestornado.com\/wp-content\/uploads\/2025\/04\/Solaris-25K-Disposable-Wholesale.png 800w, https:\/\/vapestornado.com\/wp-content\/uploads\/2025\/04\/Solaris-25K-Disposable-Wholesale-300x300.png 300w, https:\/\/vapestornado.com\/wp-content\/uploads\/2025\/04\/Solaris-25K-Disposable-Wholesale-150x150.png 150w, https:\/\/vapestornado.com\/wp-content\/uploads\/2025\/04\/Solaris-25K-Disposable-Wholesale-768x768.png 768w, https:\/\/vapestornado.com\/wp-content\/uploads\/2025\/04\/Solaris-25K-Disposable-Wholesale-600x600.png 600w, https:\/\/vapestornado.com\/wp-content\/uploads\/2025\/04\/Solaris-25K-Disposable-Wholesale-100x100.png 100w\" sizes=\"(max-width: 800px) 100vw, 800px\" \/><\/p>\n<\/div>\n<\/li>\n<\/ul>\n<\/div>\n<\/div>\n<\/div>\n<\/div>\n<\/div>\n<\/div>\n<\/div>\n<\/div>\n<\/article>\n<\/div>\n<\/div>\n<\/div>\n<\/div>\n<\/div>\n<\/div>\n<\/div>\n<\/div>\n<\/div>\n<\/div>\n<\/article>\n<h2>Pro\u010d si vybrat Vapestornado pro velkoobchodn\u00ed n\u00e1kup Solaris 25000 Puff?<\/h2>\n<div class=\"flex-shrink-0 flex flex-col relative items-end\">\n<div class=\"pt-0\">\n<div class=\"gizmo-bot-avatar flex h-8 w-8 items-center justify-center overflow-hidden rounded-full\">\n<div class=\"relative p-1 rounded-sm flex items-center justify-center bg-token-main-surface-primary text-token-text-primary h-8 w-8\">\n<p>At\u00a0<strong>VapeTornado<\/strong>, jsme hrd\u00ed na to, \u017ee dod\u00e1v\u00e1me\u00a0<strong>pr\u00e9miov\u00e9 vapingov\u00e9 produkty za bezkonkuren\u010dn\u00ed ceny<\/strong>\u2014a Elf Box Crystal Bar 600 nen\u00ed v\u00fdjimkou! Zde je d\u016fvod, pro\u010d byste m\u011bli nakupovat u n\u00e1s:<\/p>\n<p class=\"\" data-start=\"49\" data-end=\"193\"><strong data-start=\"49\" data-end=\"81\">Bezkonkuren\u010dn\u00ed velkoobchodn\u00ed ceny<\/strong> \u2013 U\u017eijte si nejlep\u0161\u00ed hromadn\u00e9 nab\u00eddky na trhu, d\u00edky \u010demu\u017e jsme hlavn\u00edm dodavatelem pro obchody s vape a prodejce po cel\u00e9m sv\u011bt\u011b.<\/p>\n<p class=\"\" data-start=\"195\" data-end=\"340\"><strong data-start=\"195\" data-end=\"228\">Rychl\u00e9<\/strong> \u2013 Va\u0161e objedn\u00e1vky doru\u010dujeme rychle a bezpe\u010dn\u011b, se spolehliv\u00fdmi mo\u017enostmi celosv\u011btov\u00e9 p\u0159epravy p\u0159izp\u016fsoben\u00fdmi va\u0161im pot\u0159eb\u00e1m.<\/p>\n<p class=\"\" data-start=\"342\" data-end=\"487\"><strong data-start=\"342\" data-end=\"367\">100% Origin\u00e1ln\u00ed produkty<\/strong> \u2013 Dejte sbohem pad\u011blk\u016fm! Zaru\u010dujeme pouze origin\u00e1ln\u00ed jednor\u00e1zov\u00e9 e-cigarety Solaris 25000 s ov\u011b\u0159enou kvalitou a v\u00fdkonem.<\/p>\n<p class=\"\" data-start=\"489\" data-end=\"627\"><strong data-start=\"489\" data-end=\"516\">Odborn\u00e1 z\u00e1kaznick\u00e1 podpora<\/strong> \u2013 M\u00e1te dotazy? N\u00e1\u0161 t\u00fdm odborn\u00edk\u016f na vape je tu pro v\u00e1s kdykoli a zajist\u00ed hladk\u00fd a bezprobl\u00e9mov\u00fd servis.<\/p>\n<p data-start=\"559\" data-end=\"933\" data-is-last-node=\"\" data-is-only-node=\"\">M\u00e1me tak\u00e9 dal\u0161\u00ed popul\u00e1rn\u00ed vapy s displejem, jako nap\u0159\u00edklad <a href=\"https:\/\/vapestornado.com\/cs\/product\/bang-king-vape-36000-puff-dual-vaping-mode-disposables-pod-best-price\/\">BANG KING 36000 Shisha<\/a>, <a href=\"https:\/\/vapestornado.com\/cs\/product\/waspe-aiviou-3-in-1-60000-puffs-disposable-vape-kit-best-price\/\">WASPE 60000 3 v 1<\/a>, <a href=\"https:\/\/vapestornado.com\/cs\/product\/alfakh-crown-bar-20000-puffs-disposable-shisha-hookah-wholesale-vape-pen\/\">ALFAKH 20000<\/a>, a dal\u0161\u00ed.<\/p>\n<\/div>\n<div class=\"relative p-1 rounded-sm flex items-center justify-center bg-token-main-surface-primary text-token-text-primary h-8 w-8\">\n<h2>\u010casto kladen\u00e9 ot\u00e1zky pro Solaris 25000 Puff<\/h2>\n<p class=\"\" data-start=\"155\" data-end=\"385\"><strong data-start=\"155\" data-end=\"212\">1. Jak nab\u00edj\u00edm jednor\u00e1zovou vapovac\u00ed sadu Solaris 25000?<\/strong><br data-start=\"212\" data-end=\"215\" \/>Solaris 25000 nab\u00edz\u00ed du\u00e1ln\u00ed zp\u016fsoby nab\u00edjen\u00ed: vestav\u011bn\u00fd <strong data-start=\"276\" data-end=\"291\">sol\u00e1rn\u00ed panel<\/strong> pro ekologick\u00e9 nab\u00edjen\u00ed a <strong data-start=\"324\" data-end=\"343\">port USB typu C<\/strong> (kabel nen\u00ed sou\u010d\u00e1st\u00ed balen\u00ed) pro rychl\u00e9 dob\u00edjen\u00ed.<\/p>\n<p class=\"\" data-start=\"387\" data-end=\"576\"><strong data-start=\"387\" data-end=\"438\">2. Kolik pot\u00e1hnut\u00ed Solaris 25000 nab\u00edz\u00ed?<\/strong><br data-start=\"438\" data-end=\"441\" \/>Ka\u017ed\u00e9 za\u0159\u00edzen\u00ed poskytuje p\u0159ibli\u017en\u011b <strong data-start=\"476\" data-end=\"492\">25 000 pot\u00e1hnut\u00ed<\/strong>, d\u00edky sv\u00e9 vysokokapacitn\u00ed <strong data-start=\"522\" data-end=\"550\">18ml p\u0159edpln\u011bn\u00e9 e-kapaliny<\/strong> a dob\u00edjec\u00ed baterii.<\/p>\n<p class=\"\" data-start=\"578\" data-end=\"805\"><strong data-start=\"578\" data-end=\"637\">3. Jak\u00fd je rozd\u00edl mezi re\u017eimem Normal a Boost?<\/strong><br data-start=\"637\" data-end=\"640\" \/>Re\u017eim Normal nab\u00edz\u00ed hlad\u0161\u00ed, standardn\u00ed z\u00e1\u017eitek z vapov\u00e1n\u00ed, zat\u00edmco re\u017eim Boost zesiluje produkci p\u00e1ry a \u00fader do krku \u2013 ide\u00e1ln\u00ed pro u\u017eivatele, kte\u0159\u00ed hledaj\u00ed siln\u011bj\u0161\u00ed v\u00fdkon.<\/p>\n<p class=\"\" data-start=\"807\" data-end=\"1031\"><strong data-start=\"807\" data-end=\"860\">4. Je Solaris 25000 dopl\u0148ovateln\u00fd nebo jednor\u00e1zov\u00fd?<\/strong><br data-start=\"860\" data-end=\"863\" \/>Solaris 25000 je <strong data-start=\"882\" data-end=\"901\">jednor\u00e1zov\u00e1 vapa<\/strong>. Zat\u00edmco je <strong data-start=\"915\" data-end=\"931\">dob\u00edjec\u00ed<\/strong>, dod\u00e1v\u00e1 se <strong data-start=\"942\" data-end=\"975\">p\u0159edpln\u011bn\u00e9 a nedoplniteln\u00e9<\/strong>, nab\u00edz\u00ed pohodl\u00ed bez nutnosti \u00fadr\u017eby.<\/p>\n<p class=\"\" data-start=\"1033\" data-end=\"1232\"><strong data-start=\"1033\" data-end=\"1094\">5. Jakou s\u00edlu nikotinu obsahuje Solaris 25000?<\/strong><br data-start=\"1094\" data-end=\"1097\" \/>Ka\u017ed\u00e1 jednotka obsahuje <strong data-start=\"1116\" data-end=\"1138\">5% (50 mg) nikotinu<\/strong>, poskytuje uspokojiv\u00fd z\u00e1sah vhodn\u00fd pro dosp\u011bl\u00e9 u\u017eivatele, kte\u0159\u00ed hledaj\u00ed siln\u011bj\u0161\u00ed nikotinov\u00fd z\u00e1\u017eitek.<\/p>\n<\/div>\n<\/div>\n<\/div>\n<\/div>","protected":false},"excerpt":{"rendered":"<p class=\"LC20lb MBeuO DKV0Md\">Solaris 25000 Puff Nejlep\u0161\u00ed online obchod s vape v \u010cesk\u00e1 Republice<br \/>\nSolaris 25000 Puff vape Velkoobchod za n\u00edzkou cenu<br \/>\n\u017dhav\u00e9 novinky Solaris 25000 Puff Jednor\u00e1zov\u00e9 vaporiz\u00e9ry<\/p>\n<p><strong>P\u0159idejte si Amy na Whatsapp, abyste z\u00edskali spr\u00e1vnou odpov\u011b\u010f a slevu!<\/strong><\/p>\n<p><img fetchpriority=\"high\" decoding=\"async\" class=\"size-full wp-image-2932\" src=\"https:\/\/vapestornado.com\/wp-content\/uploads\/2024\/12\/Vape-Wholesale.jpg\" alt=\"Velkoobchod s vape\" width=\"229\" height=\"300\" \/><\/p>\n<h3><a href=\"https:\/\/wa.me\/8617776015835\"><span style=\"color: #ff0000;\"><strong>WhatsApp: +86 17776015835<\/strong><\/span><\/a><\/h3>\n<p>&nbsp;<\/p>","protected":false},"featured_media":4114,"comment_status":"open","ping_status":"closed","template":"","meta":{"_acf_changed":false,"_uag_custom_page_level_css":"","_lmt_disableupdate":"no","_lmt_disable":"","_monsterinsights_skip_tracking":false,"_monsterinsights_sitenote_active":false,"_monsterinsights_sitenote_note":"","_monsterinsights_sitenote_category":0,"site-sidebar-layout":"default","site-content-layout":"","ast-site-content-layout":"default","site-content-style":"default","site-sidebar-style":"default","ast-global-header-display":"","ast-banner-title-visibility":"","ast-main-header-display":"","ast-hfb-above-header-display":"","ast-hfb-below-header-display":"","ast-hfb-mobile-header-display":"","site-post-title":"","ast-breadcrumbs-content":"","ast-featured-img":"","footer-sml-layout":"","ast-disable-related-posts":"","theme-transparent-header-meta":"default","adv-header-id-meta":"","stick-header-meta":"","header-above-stick-meta":"","header-main-stick-meta":"","header-below-stick-meta":"","astra-migrate-meta-layouts":"set","ast-page-background-enabled":"default","ast-page-background-meta":{"desktop":{"background-color":"","background-image":"","background-repeat":"repeat","background-position":"center center","background-size":"auto","background-attachment":"scroll","background-type":"","background-media":"","overlay-type":"","overlay-color":"","overlay-opacity":"","overlay-gradient":""},"tablet":{"background-color":"","background-image":"","background-repeat":"repeat","background-position":"center center","background-size":"auto","background-attachment":"scroll","background-type":"","background-media":"","overlay-type":"","overlay-color":"","overlay-opacity":"","overlay-gradient":""},"mobile":{"background-color":"","background-image":"","background-repeat":"repeat","background-position":"center center","background-size":"auto","background-attachment":"scroll","background-type":"","background-media":"","overlay-type":"","overlay-color":"","overlay-opacity":"","overlay-gradient":""}},"ast-content-background-meta":{"desktop":{"background-color":"var(--ast-global-color-5)","background-image":"","background-repeat":"repeat","background-position":"center center","background-size":"auto","background-attachment":"scroll","background-type":"","background-media":"","overlay-type":"","overlay-color":"","overlay-opacity":"","overlay-gradient":""},"tablet":{"background-color":"var(--ast-global-color-5)","background-image":"","background-repeat":"repeat","background-position":"center center","background-size":"auto","background-attachment":"scroll","background-type":"","background-media":"","overlay-type":"","overlay-color":"","overlay-opacity":"","overlay-gradient":""},"mobile":{"background-color":"var(--ast-global-color-5)","background-image":"","background-repeat":"repeat","background-position":"center center","background-size":"auto","background-attachment":"scroll","background-type":"","background-media":"","overlay-type":"","overlay-color":"","overlay-opacity":"","overlay-gradient":""}},"_joinchat":{"telephone":"17776015835"}},"product_brand":[],"product_cat":[68,149,156,142,146],"product_tag":[105,331,330],"class_list":{"0":"post-4118","1":"product","2":"type-product","3":"status-publish","4":"has-post-thumbnail","6":"product_cat-25000-puff","7":"product_cat-buy-disposable-vapes-in-austria","8":"product_cat-buy-disposable-vapes-in-poland","9":"product_cat-digital-box-disposable-vapes","10":"product_cat-rechargeable-disposable-vapes","11":"product_tag-digital-disposable-vape","12":"product_tag-dispsoable-vape-kit-usa","13":"product_tag-solaris-25000-puff","14":"desktop-align-left","15":"tablet-align-left","16":"mobile-align-left","18":"first","19":"instock","20":"sale","21":"shipping-taxable","22":"purchasable","23":"product-type-simple"},"acf":[],"uagb_featured_image_src":{"full":["https:\/\/vapestornado.com\/wp-content\/uploads\/2025\/04\/Solaris-25000-Puffs-Rechargeable-Disposable.png",800,800,false],"thumbnail":["https:\/\/vapestornado.com\/wp-content\/uploads\/2025\/04\/Solaris-25000-Puffs-Rechargeable-Disposable-150x150.png",150,150,true],"medium":["https:\/\/vapestornado.com\/wp-content\/uploads\/2025\/04\/Solaris-25000-Puffs-Rechargeable-Disposable-300x300.png",300,300,true],"medium_large":["https:\/\/vapestornado.com\/wp-content\/uploads\/2025\/04\/Solaris-25000-Puffs-Rechargeable-Disposable-768x768.png",768,768,true],"large":["https:\/\/vapestornado.com\/wp-content\/uploads\/2025\/04\/Solaris-25000-Puffs-Rechargeable-Disposable.png",800,800,false],"1536x1536":["https:\/\/vapestornado.com\/wp-content\/uploads\/2025\/04\/Solaris-25000-Puffs-Rechargeable-Disposable.png",800,800,false],"2048x2048":["https:\/\/vapestornado.com\/wp-content\/uploads\/2025\/04\/Solaris-25000-Puffs-Rechargeable-Disposable.png",800,800,false],"trp-custom-language-flag":["https:\/\/vapestornado.com\/wp-content\/uploads\/2025\/04\/Solaris-25000-Puffs-Rechargeable-Disposable.png",12,12,false],"woocommerce_thumbnail":["https:\/\/vapestornado.com\/wp-content\/uploads\/2025\/04\/Solaris-25000-Puffs-Rechargeable-Disposable-300x300.png",300,300,true],"woocommerce_single":["https:\/\/vapestornado.com\/wp-content\/uploads\/2025\/04\/Solaris-25000-Puffs-Rechargeable-Disposable-600x600.png",600,600,true],"woocommerce_gallery_thumbnail":["https:\/\/vapestornado.com\/wp-content\/uploads\/2025\/04\/Solaris-25000-Puffs-Rechargeable-Disposable-100x100.png",100,100,true]},"uagb_author_info":{"display_name":"ESAMY","author_link":"https:\/\/vapestornado.com\/cs\/author\/"},"uagb_comment_info":0,"uagb_excerpt":"Solaris 25000 Puff\u00a0 Best online Vape store USA Solaris 25000 Puff vape Wholesale Cheap Price Hot Selling Solaris 25000 Puff Disposables Vapor Add Amy's whatsapp to get right reply and discount price! WhatsApp: +86 17776015835 &nbsp;","_links":{"self":[{"href":"https:\/\/vapestornado.com\/cs\/wp-json\/wp\/v2\/product\/4118","targetHints":{"allow":["GET"]}}],"collection":[{"href":"https:\/\/vapestornado.com\/cs\/wp-json\/wp\/v2\/product"}],"about":[{"href":"https:\/\/vapestornado.com\/cs\/wp-json\/wp\/v2\/types\/product"}],"replies":[{"embeddable":true,"href":"https:\/\/vapestornado.com\/cs\/wp-json\/wp\/v2\/comments?post=4118"}],"wp:featuredmedia":[{"embeddable":true,"href":"https:\/\/vapestornado.com\/cs\/wp-json\/wp\/v2\/media\/4114"}],"wp:attachment":[{"href":"https:\/\/vapestornado.com\/cs\/wp-json\/wp\/v2\/media?parent=4118"}],"wp:term":[{"taxonomy":"product_brand","embeddable":true,"href":"https:\/\/vapestornado.com\/cs\/wp-json\/wp\/v2\/product_brand?post=4118"},{"taxonomy":"product_cat","embeddable":true,"href":"https:\/\/vapestornado.com\/cs\/wp-json\/wp\/v2\/product_cat?post=4118"},{"taxonomy":"product_tag","embeddable":true,"href":"https:\/\/vapestornado.com\/cs\/wp-json\/wp\/v2\/product_tag?post=4118"}],"curies":[{"name":"wp","href":"https:\/\/api.w.org\/{rel}","templated":true}]}}