{"id":4103,"date":"2025-04-10T09:29:15","date_gmt":"2025-04-10T09:29:15","guid":{"rendered":"https:\/\/vapestornado.com\/?post_type=product&#038;p=4103"},"modified":"2025-12-02T09:08:48","modified_gmt":"2025-12-02T09:08:48","slug":"bang-leader-45000-puff-45k-cheap-e-cigs-bulk-buy-online","status":"publish","type":"product","link":"https:\/\/vapestornado.com\/cs\/product\/bang-leader-45000-puff-45k-cheap-e-cigs-bulk-buy-online\/","title":{"rendered":"Bang Leader 45000 Puff 45k Levn\u00e9 elektronick\u00e9 cigarety Hromadn\u00fd n\u00e1kup online"},"content":{"rendered":"<h1 data-pm-slice=\"1 1 []\">Bang Leader 45000 Puff 45k Levn\u00e9 elektronick\u00e9 cigarety Hromadn\u00fd n\u00e1kup online<\/h1>\n<p data-start=\"465\" data-end=\"826\">Ten <strong data-start=\"469\" data-end=\"511\">Jednor\u00e1zovou Vape Bang Leader 45000 Pot\u00e1hnut\u00ed<\/strong> stoj\u00ed jako jedna z nejv\u00fdkonn\u011bj\u0161\u00edch a nejspolehliv\u011bj\u0161\u00edch mo\u017enost\u00ed v kategorii jednor\u00e1zov\u00fdch vaporiz\u00e9r\u016f s 45 000 pot\u016f. S nab\u00edjec\u00ed bateri\u00ed 650mAh, nikotinov\u00fdmi silami 0%, 2% a 5% a p\u016fsobivou kapacitou 45 000 pot\u016f, za\u0159\u00edzen\u00ed poskytuje dlouhotrvaj\u00edc\u00ed a konzistentn\u00ed z\u00e1\u017eitek z vapov\u00e1n\u00ed, ide\u00e1ln\u00ed pro del\u0161\u00ed sezen\u00ed.<\/p>\n<h4 data-start=\"828\" data-end=\"878\">1. Vysoce v\u00fdkonn\u00e1 baterie a chytr\u00fd displej<\/h4>\n<p data-start=\"879\" data-end=\"1303\">Vybaveno <strong data-start=\"895\" data-end=\"926\">650mAh dob\u00edjec\u00ed baterie<\/strong>, vaporiz\u00e9r Bang Leader v\u00e1m zaji\u0161\u0165uje mo\u017enost u\u017e\u00edvat si prodlou\u017een\u00e1 sezen\u00ed bez obav z \u010dast\u00e9ho dob\u00edjen\u00ed. M\u00e1 tak\u00e9 <strong data-start=\"1058\" data-end=\"1083\">digit\u00e1ln\u00ed chytr\u00fd displej<\/strong> kter\u00fd poskytuje informace v re\u00e1ln\u00e9m \u010dase o stavu baterie i hladin\u011b e-liquidu, d\u00e1v\u00e1 u\u017eivatel\u016fm plnou kontrolu b\u011bhem pou\u017e\u00edv\u00e1n\u00ed. Tato funkce odstra\u0148uje odhadov\u00e1n\u00ed, pom\u00e1h\u00e1 sledovat stav za\u0159\u00edzen\u00ed a zaji\u0161\u0165uje bezprobl\u00e9mov\u00fd z\u00e1\u017eitek.<\/p>\n<h4 data-start=\"1305\" data-end=\"1337\">2. Optimalizovan\u00fd mesh c\u00edvka 1.0\u03a9<\/h4>\n<p data-start=\"1338\" data-end=\"1634\">Ten <strong data-start=\"1342\" data-end=\"1360\">1.0\u03a9 s\u00ed\u0165ov\u00e1 c\u00edvka<\/strong> pou\u017eit\u00e1 v vaporiz\u00e9ru Bang Leader zvy\u0161uje produkci par a zaji\u0161\u0165uje hladk\u00e9, chutn\u00e9 tahy od za\u010d\u00e1tku do konce. Design mesh c\u00edvky nab\u00edz\u00ed lep\u0161\u00ed \u00fa\u010dinnost oh\u0159evu, poskytuje konzistentn\u00ed a rovnom\u011brnou p\u00e1ru po celou dobu pou\u017e\u00edv\u00e1n\u00ed za\u0159\u00edzen\u00ed, \u010d\u00edm\u017e zlep\u0161uje celkov\u00fd z\u00e1\u017eitek z vapov\u00e1n\u00ed.<\/p>\n<h4 data-start=\"1636\" data-end=\"1672\">3. Dvojit\u00fd syst\u00e9m p\u0159ep\u00edn\u00e1n\u00ed chut\u00ed<\/h4>\n<p data-start=\"1673\" data-end=\"1877\">V\u00fdraznou vlastnost\u00ed tohoto vaporiz\u00e9ru je jeho <strong data-start=\"1712\" data-end=\"1744\">dvojit\u00fd syst\u00e9m p\u0159ep\u00edn\u00e1n\u00ed chut\u00ed<\/strong>, kter\u00fd umo\u017e\u0148uje u\u017eivatel\u016fm okam\u017eit\u011b p\u0159ep\u00ednat mezi dv\u011bma r\u016fzn\u00fdmi profily chut\u00ed. N\u011bkter\u00e9 z nejpopul\u00e1rn\u011bj\u0161\u00edch kombinac\u00ed chut\u00ed zahrnuj\u00ed:<\/p>\n<ul data-start=\"1878\" data-end=\"2042\">\n<li data-start=\"1878\" data-end=\"1928\">\n<p data-start=\"1880\" data-end=\"1928\"><strong data-start=\"1880\" data-end=\"1928\">Bor\u016fvka Malina<\/strong><\/p>\n<\/li>\n<li data-start=\"1929\" data-end=\"1969\">\n<p data-start=\"1931\" data-end=\"1969\"><strong data-start=\"1931\" data-end=\"1969\">Red Bull<\/strong><\/p>\n<\/li>\n<li data-start=\"1970\" data-end=\"2003\">\n<p data-start=\"1972\" data-end=\"2003\"><strong data-start=\"1972\" data-end=\"2003\">Cola Ice<\/strong><\/p>\n<\/li>\n<li data-start=\"2004\" data-end=\"2042\">\n<p data-start=\"2006\" data-end=\"2042\"><strong data-start=\"2006\" data-end=\"2042\">Blueberry Ice<\/strong><\/p>\n<\/li>\n<\/ul>\n<p data-start=\"2044\" data-end=\"2199\">Tento syst\u00e9m s dvojitou chut\u00ed poskytuje v\u0161estrannost, umo\u017e\u0148uje u\u017eivatel\u016fm u\u017e\u00edvat si r\u016fzn\u00e9 chut\u011b v jednom za\u0159\u00edzen\u00ed, co\u017e udr\u017euje z\u00e1\u017eitek z vapov\u00e1n\u00ed vzru\u0161uj\u00edc\u00ed a sv\u011b\u017e\u00ed.<\/p>\n<h4 data-start=\"2201\" data-end=\"2236\">4. Kompaktn\u00ed a p\u0159enosn\u00fd design<\/h4>\n<p data-start=\"2237\" data-end=\"2544\">Ten <strong data-start=\"2241\" data-end=\"2267\">Bang Leader 45000 Pot\u016f<\/strong> je navr\u017een tak, aby byl kompaktn\u00ed a vhodn\u00fd do kapsy, co\u017e zaji\u0161\u0165uje pohodl\u00ed p\u0159i pou\u017eit\u00ed na cest\u00e1ch. Jeho ergonomick\u00fd design umo\u017e\u0148uje u\u017eivatel\u016fm jej snadno nosit, a\u0165 u\u017e pro ka\u017edodenn\u00ed pou\u017eit\u00ed nebo p\u0159i cestov\u00e1n\u00ed. Je to praktick\u00e9 \u0159e\u0161en\u00ed pro ty, kte\u0159\u00ed hledaj\u00ed vysoce v\u00fdkonn\u00e9, p\u0159enosn\u00e9 vaporiz\u00e9ry.<\/p>\n<h4 data-start=\"2546\" data-end=\"2585\">5. Siln\u00e1 popt\u00e1vka na trhu pro Evropu<\/h4>\n<p data-start=\"2586\" data-end=\"2963\">Jako pr\u00e9miov\u00fd jednor\u00e1zov\u00fd vaporiz\u00e9r je <strong data-start=\"2620\" data-end=\"2646\">Bang Leader 45000 Pot\u016f<\/strong> nastaven tak, aby splnil rostouc\u00ed popt\u00e1vku na evropsk\u00e9m trhu. Jeho v\u00fdkon a funkce z n\u011bj \u010din\u00ed vynikaj\u00edc\u00ed volbu jak pro osobn\u00ed pou\u017eit\u00ed, tak pro velkoobchodn\u00ed distribuci. Pro obchody s vaporiz\u00e9ry a prodejce nab\u00edz\u00ed siln\u00fd potenci\u00e1l popt\u00e1vky, <strong data-start=\"2884\" data-end=\"2907\">konkuren\u010dn\u00ed mar\u017ee<\/strong>, a za\u0159\u00edzen\u00ed navr\u017een\u00e9 tak, aby p\u0159itahovalo <strong data-start=\"2942\" data-end=\"2962\">opakovan\u00e9 z\u00e1kazn\u00edky<\/strong>.<\/p>\n<h4 data-start=\"2965\" data-end=\"2998\">6. Mo\u017enosti s\u00edly nikotinu<\/h4>\n<p data-start=\"2999\" data-end=\"3233\">Za\u0159\u00edzen\u00ed je k dispozici ve t\u0159ech mo\u017enostech s\u00edly nikotinu: <strong data-start=\"3059\" data-end=\"3077\">0 %, 2 % a 5 %<\/strong>, vyhovuj\u00edc\u00ed \u0161irok\u00e9 \u0161k\u00e1le u\u017eivatel\u016f. A\u0165 u\u017e preferujete beznikotinov\u00fd z\u00e1\u017eitek nebo siln\u011bj\u0161\u00ed n\u00e1dech, Bang Leader 45000 Puff m\u00e1 n\u011bco pro ka\u017ed\u00e9ho.<\/p>\n<p data-start=\"666\" data-end=\"1235\"><strong style=\"font-size: 16px;\"><span style=\"color: #ff0000;\">P\u0159idejte si WhatsApp Amy a z\u00edskejte okam\u017eitou odpov\u011b\u010f a zv\u00fdhodn\u011bnou cenu!<\/span><\/strong><\/p>\n<p><img fetchpriority=\"high\" decoding=\"async\" class=\"size-full wp-image-2932\" src=\"https:\/\/vapestornado.com\/wp-content\/uploads\/2024\/12\/Vape-Wholesale.jpg\" alt=\"Velkoobchod s vape\" width=\"229\" height=\"300\" \/><\/p>\n<h3><a href=\"https:\/\/wa.me\/8617776015835\" target=\"_blank\" rel=\"noopener\"><span style=\"color: #ff0000;\"><strong>WhatsApp: +86 17776015835<\/strong><\/span><\/a><\/h3>\n<p>&nbsp;<\/p>\n<h2><strong>Bang Leader 45000 Kl\u00ed\u010dov\u00e9 vlastnosti produktu<\/strong><\/h2>\n<p>Zna\u010dka: BANG LEADER<br \/>\nPOT\u00c1HNUT\u00cd: 45000<br \/>\nBaterie: 650 mAh dob\u00edjec\u00ed<br \/>\nOdpor: 1,0 ohm<br \/>\n2 v 1 dvojit\u00e1 p\u0159\u00edchu\u0165<br \/>\nDigit\u00e1ln\u00ed displej pro olej a baterii<br \/>\nNikotin 0% 2% 5%<\/p>\n<h2 class=\"product-title\"><strong>Bang Leader 45k Jednor\u00e1zov\u00e9 E Cig P\u0159\u00edchut\u011b P\u0159ehled<\/strong><\/h2>\n<article class=\"w-full text-token-text-primary focus-visible:outline-2 focus-visible:outline-offset-[-4px]\" dir=\"auto\" data-testid=\"conversation-turn-32\" data-scroll-anchor=\"false\">\n<div class=\"m-auto text-base py-[18px] px-6\">\n<div class=\"mx-auto flex flex-1 text-base gap-4 md:gap-5 lg:gap-6 md:max-w-3xl lg:max-w-[40rem] xl:max-w-[48rem]\">\n<div class=\"group\/conversation-turn relative flex w-full min-w-0 flex-col @xs\/thread:px-0 @sm\/thread:px-1.5 @md\/thread:px-4\">\n<div class=\"flex-col gap-1 md:gap-3\">\n<div class=\"flex max-w-full flex-col flex-grow\">\n<div class=\"min-h-8 text-message flex w-full flex-col items-end gap-2 whitespace-normal break-words text-start [.text-message+&amp;]:mt-5\" dir=\"auto\" data-message-author-role=\"user\" data-message-id=\"ffac41ca-1db4-431b-873a-32c4052956f1\">\n<div class=\"flex w-full flex-col gap-1 empty:hidden items-end rtl:items-start\">\n<div class=\"relative max-w-[var(--user-chat-width,70%)] rounded-3xl bg-token-message-surface px-5 py-2.5\">\n<div class=\"absolute bottom-0 right-full top-0 -mr-3.5 hidden pr-5 pt-2 [.group\/conversation-turn:hover_&amp;]:flex\">\n<div class=\"flex\">\n<article class=\"w-full text-token-text-primary focus-visible:outline-2 focus-visible:outline-offset-[-4px]\" dir=\"auto\" data-testid=\"conversation-turn-39\" data-scroll-anchor=\"true\">\n<div class=\"m-auto text-base py-[18px] px-6\">\n<div class=\"mx-auto flex flex-1 text-base gap-4 md:gap-5 lg:gap-6 md:max-w-3xl lg:max-w-[40rem] xl:max-w-[48rem]\">\n<div class=\"group\/conversation-turn relative flex w-full min-w-0 flex-col agent-turn @xs\/thread:px-0 @sm\/thread:px-1.5 @md\/thread:px-4\">\n<div class=\"flex-col gap-1 md:gap-3\">\n<div class=\"flex max-w-full flex-col flex-grow\">\n<div class=\"min-h-8 text-message flex w-full flex-col items-end gap-2 whitespace-normal break-words text-start [.text-message+&amp;]:mt-5\" dir=\"auto\" data-message-author-role=\"assistant\" data-message-id=\"55a23854-ec57-48dd-bd4f-6118f43d6241\" data-message-model-slug=\"gpt-4o\">\n<div class=\"flex w-full flex-col gap-1 empty:hidden first:pt-[3px]\">\n<div class=\"markdown prose w-full break-words dark:prose-invert light\">\n<p>1.Watermelon Ice<br \/>\n2.Strawberry and Watermelon<br \/>\n3.Strawberry and watermelon<br \/>\n4.Blueberry Raspberry<br \/>\n5. Bor\u016fvkov\u00fd meloun<br \/>\n6. Bor\u016fvkov\u00fd led<br \/>\n7. Bor\u016fvkov\u00fd led<br \/>\n8. Red Bull<br \/>\n9. Red Bull<br \/>\n10. Jahodov\u00e9 kiwi<br \/>\n11. Cola Ice<br \/>\n12. Ananasov\u00fd led<\/p>\n<figure id=\"attachment_4097\" aria-describedby=\"caption-attachment-4097\" style=\"width: 300px\" class=\"wp-caption alignnone\"><img decoding=\"async\" class=\"size-medium wp-image-4097\" src=\"https:\/\/vapestornado.com\/wp-content\/uploads\/2025\/04\/Bang-45000-Puff-Buy-Vape-Mods-Online-300x300.webp\" alt=\"Bang 45000 Puff Koupit Vape Mody Online\" width=\"300\" height=\"300\" srcset=\"https:\/\/vapestornado.com\/wp-content\/uploads\/2025\/04\/Bang-45000-Puff-Buy-Vape-Mods-Online-300x300.webp 300w, https:\/\/vapestornado.com\/wp-content\/uploads\/2025\/04\/Bang-45000-Puff-Buy-Vape-Mods-Online-150x150.webp 150w, https:\/\/vapestornado.com\/wp-content\/uploads\/2025\/04\/Bang-45000-Puff-Buy-Vape-Mods-Online-768x768.webp 768w, https:\/\/vapestornado.com\/wp-content\/uploads\/2025\/04\/Bang-45000-Puff-Buy-Vape-Mods-Online-600x600.webp 600w, https:\/\/vapestornado.com\/wp-content\/uploads\/2025\/04\/Bang-45000-Puff-Buy-Vape-Mods-Online-100x100.webp 100w, https:\/\/vapestornado.com\/wp-content\/uploads\/2025\/04\/Bang-45000-Puff-Buy-Vape-Mods-Online.webp 800w\" sizes=\"(max-width: 300px) 100vw, 300px\" \/><figcaption id=\"caption-attachment-4097\" class=\"wp-caption-text\">Bang 45000 Puff Koupit Vape Mody Online<\/figcaption><\/figure>\n<\/div>\n<\/div>\n<\/div>\n<\/div>\n<\/div>\n<\/div>\n<\/div>\n<\/div>\n<\/article>\n<\/div>\n<\/div>\n<\/div>\n<\/div>\n<\/div>\n<\/div>\n<\/div>\n<\/div>\n<\/div>\n<\/div>\n<\/article>\n<h2>Pro\u010d je Vapestornado nejlep\u0161\u00ed m\u00edsto pro n\u00e1kup e-cigaret?<\/h2>\n<div class=\"flex-shrink-0 flex flex-col relative items-end\">\n<div class=\"pt-0\">\n<div class=\"gizmo-bot-avatar flex h-8 w-8 items-center justify-center overflow-hidden rounded-full\">\n<div class=\"relative p-1 rounded-sm flex items-center justify-center bg-token-main-surface-primary text-token-text-primary h-8 w-8\">\n<p>At\u00a0<strong>VapeTornado<\/strong>, jsme hrd\u00ed na to, \u017ee dod\u00e1v\u00e1me\u00a0<strong>pr\u00e9miov\u00e9 vapingov\u00e9 produkty za bezkonkuren\u010dn\u00ed ceny<\/strong>\u2014a Bang Leader 45000 Puff 45k nen\u00ed v\u00fdjimkou! Zde je d\u016fvod, pro\u010d byste m\u011bli nakupovat u n\u00e1s:<\/p>\n<p class=\"\" data-start=\"49\" data-end=\"193\"><strong data-start=\"49\" data-end=\"81\">Bezkonkuren\u010dn\u00ed velkoobchodn\u00ed ceny<\/strong> \u2013 U\u017eijte si nejlep\u0161\u00ed hromadn\u00e9 nab\u00eddky na trhu, d\u00edky \u010demu\u017e jsme hlavn\u00edm dodavatelem pro obchody s vape a prodejce po cel\u00e9m sv\u011bt\u011b.<\/p>\n<p class=\"\" data-start=\"195\" data-end=\"340\"><strong data-start=\"195\" data-end=\"228\">Rychl\u00e9<\/strong> \u2013 Va\u0161e objedn\u00e1vky doru\u010dujeme rychle a bezpe\u010dn\u011b, se spolehliv\u00fdmi mo\u017enostmi celosv\u011btov\u00e9 p\u0159epravy p\u0159izp\u016fsoben\u00fdmi va\u0161im pot\u0159eb\u00e1m.<\/p>\n<p class=\"\" data-start=\"342\" data-end=\"487\"><strong data-start=\"342\" data-end=\"367\">100% Origin\u00e1ln\u00ed produkty<\/strong> \u2013 Dejte sbohem pad\u011blk\u016fm! Garantujeme pouze origin\u00e1ln\u00ed Bang 45000 Puff Buy Vape s ov\u011b\u0159enou kvalitou a v\u00fdkonem.<\/p>\n<p class=\"\" data-start=\"489\" data-end=\"627\"><strong data-start=\"489\" data-end=\"516\">Odborn\u00e1 z\u00e1kaznick\u00e1 podpora<\/strong> \u2013 M\u00e1te dotazy? N\u00e1\u0161 t\u00fdm odborn\u00edk\u016f na vape je tu pro v\u00e1s kdykoli a zajist\u00ed hladk\u00fd a bezprobl\u00e9mov\u00fd servis.<\/p>\n<p data-start=\"559\" data-end=\"933\" data-is-last-node=\"\" data-is-only-node=\"\">M\u00e1me tak\u00e9 dal\u0161\u00ed popul\u00e1rn\u00ed vapy s displejem, jako nap\u0159\u00edklad <a href=\"https:\/\/vapestornado.com\/cs\/product\/wga-legend-ultra-30k-30000-puffs-rechargeable-vape-pod-twins-flavor\/\">WGA Crystal 30000 pot\u00e1hnut\u00ed<\/a>, <a href=\"https:\/\/vapestornado.com\/cs\/product\/waspe-aiviou-3-in-1-60000-puffs-disposable-vape-kit-best-price\/\">WASPE 60000 3 v 1<\/a>, <a href=\"https:\/\/vapestornado.com\/cs\/product\/uzy-crystal-50000-puff-twin-flavor-bulk-vapes-for-cheap\/\">UZY Crystal 50000<\/a>, a dal\u0161\u00ed.<\/p>\n<\/div>\n<div class=\"relative p-1 rounded-sm flex items-center justify-center bg-token-main-surface-primary text-token-text-primary h-8 w-8\">\n<h2>\u010cASTO KLADEN\u00c9 OT\u00c1ZKY pro Bang Leader 45000 Puff, kter\u00e9 byste m\u011bli zn\u00e1t<\/h2>\n<p class=\"\" data-start=\"1408\" data-end=\"1608\"><strong data-start=\"1408\" data-end=\"1466\">1. Jak dlouho vydr\u017e\u00ed Bang Leader 45000 Puff vape?<\/strong><br data-start=\"1466\" data-end=\"1469\" \/>Toto za\u0159\u00edzen\u00ed nab\u00edz\u00ed a\u017e <strong data-start=\"1494\" data-end=\"1509\">45000 pot\u00e1hnut\u00ed<\/strong>, co\u017e m\u016f\u017ee vydr\u017eet t\u00fddny v z\u00e1vislosti na va\u0161em pou\u017e\u00edv\u00e1n\u00ed, tak\u017ee je ide\u00e1ln\u00ed pro dlouhodob\u00e9 vapov\u00e1n\u00ed nebo dal\u0161\u00ed prodej.<\/p>\n<p class=\"\" data-start=\"1610\" data-end=\"1771\"><strong data-start=\"1610\" data-end=\"1659\">2. Mohu dob\u00edjet Bang Leader 45000 vape?<\/strong><br data-start=\"1659\" data-end=\"1662\" \/>Ano! Dod\u00e1v\u00e1 se s vestav\u011bnou <strong data-start=\"1692\" data-end=\"1723\">650mAh dob\u00edjec\u00ed baterie<\/strong> a nab\u00edjec\u00ed port typu C pro rychl\u00e9 dobit\u00ed.<\/p>\n<p class=\"\" data-start=\"1773\" data-end=\"1986\"><strong data-start=\"1773\" data-end=\"1826\">3. Jak\u00fd je p\u0159\u00ednos syst\u00e9mu du\u00e1ln\u00ed chuti?<\/strong><br data-start=\"1826\" data-end=\"1829\" \/>Ten <strong data-start=\"1833\" data-end=\"1857\">2 v 1 dvojit\u00e1 p\u0159\u00edchu\u0165<\/strong> nastaven\u00ed v\u00e1m d\u00e1v\u00e1 v\u00edce rozmanitosti v jednom za\u0159\u00edzen\u00ed. M\u016f\u017eete si vychutnat jednu chu\u0165, p\u0159epnout na druhou nebo je sm\u00edchat pro jedine\u010dn\u00fd chu\u0165ov\u00fd z\u00e1\u017eitek.<\/p>\n<p class=\"\" data-start=\"1988\" data-end=\"2168\"><strong data-start=\"1988\" data-end=\"2047\">4. Existuje zp\u016fsob, jak zkontrolovat stav baterie a hladinu e-liquidu?<\/strong><br data-start=\"2047\" data-end=\"2050\" \/>Absolutn\u011b! The <strong data-start=\"2066\" data-end=\"2091\">chytr\u00fd digit\u00e1ln\u00ed displej<\/strong> zobrazuje \u017eivotnost baterie i zb\u00fdvaj\u00edc\u00ed e-liquid, tak\u017ee m\u00e1te v\u017edy kontrolu.<\/p>\n<p class=\"\" data-start=\"2170\" data-end=\"2384\"><strong data-start=\"2170\" data-end=\"2225\">5. Jak\u00e9 jsou nejobl\u00edben\u011bj\u0161\u00ed kombinace chut\u00ed?<\/strong><br data-start=\"2225\" data-end=\"2228\" \/>Mezi hork\u00e9 tipy pat\u0159\u00ed <strong data-start=\"2246\" data-end=\"2277\">Jahoda Kiwi<\/strong>, <strong data-start=\"2279\" data-end=\"2316\">Bor\u016fvkov\u00fd led<\/strong>, a <strong data-start=\"2322\" data-end=\"2354\">Ananasov\u00fd led<\/strong> \u2013 obl\u00edben\u00e9 u fanou\u0161k\u016f z dobr\u00e9ho d\u016fvodu!<\/p>\n<\/div>\n<\/div>\n<\/div>\n<\/div>","protected":false},"excerpt":{"rendered":"<p class=\"LC20lb MBeuO DKV0Md\">Bang Leader 45000 Levn\u00e9 E Cigarety Velkoobchod Polsko<br \/>\nBang 45000 Pot\u00e1hnut\u00ed 45k 2 v 1 Dvojit\u00e1 P\u0159\u00edchu\u0165 Vape Box Velkoobchodn\u00ed Cena<br \/>\nBang Leader Pot\u00e1hnut\u00ed 45k Levn\u00e9 E-cigarety Koupit Ve Velk\u00e9m<\/p>\n<p><strong>P\u0159idejte si Amy na Whatsapp, abyste z\u00edskali spr\u00e1vnou odpov\u011b\u010f a slevu!<\/strong><\/p>\n<p><img fetchpriority=\"high\" decoding=\"async\" class=\"size-full wp-image-2932\" src=\"https:\/\/vapestornado.com\/wp-content\/uploads\/2024\/12\/Vape-Wholesale.jpg\" alt=\"Velkoobchod s vape\" width=\"229\" height=\"300\" \/><\/p>\n<h3><a href=\"https:\/\/wa.me\/8617776015835\"><span style=\"color: #ff0000;\"><strong>WhatsApp: +86 17776015835<\/strong><\/span><\/a><\/h3>\n<p>&nbsp;<\/p>","protected":false},"featured_media":4098,"comment_status":"open","ping_status":"closed","template":"","meta":{"_acf_changed":false,"_uag_custom_page_level_css":"","_lmt_disableupdate":"no","_lmt_disable":"","_monsterinsights_skip_tracking":false,"_monsterinsights_sitenote_active":false,"_monsterinsights_sitenote_note":"","_monsterinsights_sitenote_category":0,"site-sidebar-layout":"default","site-content-layout":"","ast-site-content-layout":"default","site-content-style":"default","site-sidebar-style":"default","ast-global-header-display":"","ast-banner-title-visibility":"","ast-main-header-display":"","ast-hfb-above-header-display":"","ast-hfb-below-header-display":"","ast-hfb-mobile-header-display":"","site-post-title":"","ast-breadcrumbs-content":"","ast-featured-img":"","footer-sml-layout":"","ast-disable-related-posts":"","theme-transparent-header-meta":"default","adv-header-id-meta":"","stick-header-meta":"","header-above-stick-meta":"","header-main-stick-meta":"","header-below-stick-meta":"","astra-migrate-meta-layouts":"set","ast-page-background-enabled":"default","ast-page-background-meta":{"desktop":{"background-color":"","background-image":"","background-repeat":"repeat","background-position":"center center","background-size":"auto","background-attachment":"scroll","background-type":"","background-media":"","overlay-type":"","overlay-color":"","overlay-opacity":"","overlay-gradient":""},"tablet":{"background-color":"","background-image":"","background-repeat":"repeat","background-position":"center center","background-size":"auto","background-attachment":"scroll","background-type":"","background-media":"","overlay-type":"","overlay-color":"","overlay-opacity":"","overlay-gradient":""},"mobile":{"background-color":"","background-image":"","background-repeat":"repeat","background-position":"center center","background-size":"auto","background-attachment":"scroll","background-type":"","background-media":"","overlay-type":"","overlay-color":"","overlay-opacity":"","overlay-gradient":""}},"ast-content-background-meta":{"desktop":{"background-color":"var(--ast-global-color-5)","background-image":"","background-repeat":"repeat","background-position":"center center","background-size":"auto","background-attachment":"scroll","background-type":"","background-media":"","overlay-type":"","overlay-color":"","overlay-opacity":"","overlay-gradient":""},"tablet":{"background-color":"var(--ast-global-color-5)","background-image":"","background-repeat":"repeat","background-position":"center center","background-size":"auto","background-attachment":"scroll","background-type":"","background-media":"","overlay-type":"","overlay-color":"","overlay-opacity":"","overlay-gradient":""},"mobile":{"background-color":"var(--ast-global-color-5)","background-image":"","background-repeat":"repeat","background-position":"center center","background-size":"auto","background-attachment":"scroll","background-type":"","background-media":"","overlay-type":"","overlay-color":"","overlay-opacity":"","overlay-gradient":""}},"_joinchat":{"telephone":"17776015835"}},"product_brand":[],"product_cat":[265,278,154,156,142],"product_tag":[329,327,328,105,198],"class_list":{"0":"post-4103","1":"product","2":"type-product","3":"status-publish","4":"has-post-thumbnail","6":"product_cat-45000-puff","7":"product_cat-bang-leader-vape","8":"product_cat-buy-disposable-vapes-in-netherlands","9":"product_cat-buy-disposable-vapes-in-poland","10":"product_cat-digital-box-disposable-vapes","11":"product_tag-bang-leader-45000","12":"product_tag-bang-leader-45k","13":"product_tag-cheap-e-cigs","14":"product_tag-digital-disposable-vape","15":"product_tag-double-flavor-disposable-vape","16":"desktop-align-left","17":"tablet-align-left","18":"mobile-align-left","20":"first","21":"instock","22":"sale","23":"shipping-taxable","24":"purchasable","25":"product-type-simple"},"acf":[],"uagb_featured_image_src":{"full":["https:\/\/vapestornado.com\/wp-content\/uploads\/2025\/04\/Bang-Leader-45k-45000-Puff-Vape-Box-Cheap-Price.webp",800,800,false],"thumbnail":["https:\/\/vapestornado.com\/wp-content\/uploads\/2025\/04\/Bang-Leader-45k-45000-Puff-Vape-Box-Cheap-Price-150x150.webp",150,150,true],"medium":["https:\/\/vapestornado.com\/wp-content\/uploads\/2025\/04\/Bang-Leader-45k-45000-Puff-Vape-Box-Cheap-Price-300x300.webp",300,300,true],"medium_large":["https:\/\/vapestornado.com\/wp-content\/uploads\/2025\/04\/Bang-Leader-45k-45000-Puff-Vape-Box-Cheap-Price-768x768.webp",768,768,true],"large":["https:\/\/vapestornado.com\/wp-content\/uploads\/2025\/04\/Bang-Leader-45k-45000-Puff-Vape-Box-Cheap-Price.webp",800,800,false],"1536x1536":["https:\/\/vapestornado.com\/wp-content\/uploads\/2025\/04\/Bang-Leader-45k-45000-Puff-Vape-Box-Cheap-Price.webp",800,800,false],"2048x2048":["https:\/\/vapestornado.com\/wp-content\/uploads\/2025\/04\/Bang-Leader-45k-45000-Puff-Vape-Box-Cheap-Price.webp",800,800,false],"trp-custom-language-flag":["https:\/\/vapestornado.com\/wp-content\/uploads\/2025\/04\/Bang-Leader-45k-45000-Puff-Vape-Box-Cheap-Price.webp",12,12,false],"woocommerce_thumbnail":["https:\/\/vapestornado.com\/wp-content\/uploads\/2025\/04\/Bang-Leader-45k-45000-Puff-Vape-Box-Cheap-Price-300x300.webp",300,300,true],"woocommerce_single":["https:\/\/vapestornado.com\/wp-content\/uploads\/2025\/04\/Bang-Leader-45k-45000-Puff-Vape-Box-Cheap-Price-600x600.webp",600,600,true],"woocommerce_gallery_thumbnail":["https:\/\/vapestornado.com\/wp-content\/uploads\/2025\/04\/Bang-Leader-45k-45000-Puff-Vape-Box-Cheap-Price-100x100.webp",100,100,true]},"uagb_author_info":{"display_name":"ESAMY","author_link":"https:\/\/vapestornado.com\/cs\/author\/"},"uagb_comment_info":0,"uagb_excerpt":"Bang Leader 45000 Cheap E Cigs Smoke Shop Wholesale Poland Bang\u00a0 45000 Puff 45k 2 in 1 Double Flavor Vape Box Wholesale Price Bang Leader Puff 45k Cheap ECigs Buy In Bulk Add Amy's whatsapp to get right reply and discount price! WhatsApp: +86 17776015835 &nbsp;","_links":{"self":[{"href":"https:\/\/vapestornado.com\/cs\/wp-json\/wp\/v2\/product\/4103","targetHints":{"allow":["GET"]}}],"collection":[{"href":"https:\/\/vapestornado.com\/cs\/wp-json\/wp\/v2\/product"}],"about":[{"href":"https:\/\/vapestornado.com\/cs\/wp-json\/wp\/v2\/types\/product"}],"replies":[{"embeddable":true,"href":"https:\/\/vapestornado.com\/cs\/wp-json\/wp\/v2\/comments?post=4103"}],"wp:featuredmedia":[{"embeddable":true,"href":"https:\/\/vapestornado.com\/cs\/wp-json\/wp\/v2\/media\/4098"}],"wp:attachment":[{"href":"https:\/\/vapestornado.com\/cs\/wp-json\/wp\/v2\/media?parent=4103"}],"wp:term":[{"taxonomy":"product_brand","embeddable":true,"href":"https:\/\/vapestornado.com\/cs\/wp-json\/wp\/v2\/product_brand?post=4103"},{"taxonomy":"product_cat","embeddable":true,"href":"https:\/\/vapestornado.com\/cs\/wp-json\/wp\/v2\/product_cat?post=4103"},{"taxonomy":"product_tag","embeddable":true,"href":"https:\/\/vapestornado.com\/cs\/wp-json\/wp\/v2\/product_tag?post=4103"}],"curies":[{"name":"wp","href":"https:\/\/api.w.org\/{rel}","templated":true}]}}