{"id":4089,"date":"2025-04-08T03:43:30","date_gmt":"2025-04-08T03:43:30","guid":{"rendered":"https:\/\/vapestornado.com\/?post_type=product&#038;p=4089"},"modified":"2025-08-23T12:34:43","modified_gmt":"2025-08-23T12:34:43","slug":"wga-legend-ultra-30k-30000-puffs-rechargeable-vape-pod-twins-flavor","status":"publish","type":"product","link":"https:\/\/vapestornado.com\/cs\/product\/wga-legend-ultra-30k-30000-puffs-rechargeable-vape-pod-twins-flavor\/","title":{"rendered":"WGA Legend Ultra 30K 30000 Puffs Dob\u00edjec\u00ed Vape Pod s dvojitou p\u0159\u00edchut\u00ed"},"content":{"rendered":"<h1 data-pm-slice=\"1 1 []\">WGA Legend Ultra 30K 30000 Puffs Dob\u00edjec\u00ed Vape Pod s dvojitou p\u0159\u00edchut\u00ed<\/h1>\n<p class=\"\" data-start=\"402\" data-end=\"928\">Ten <strong data-start=\"316\" data-end=\"374\">WGA Legend Ultra 30K 30000 pot\u00e1hnut\u00ed Dob\u00edjec\u00ed Vape Pod<\/strong> nov\u011b definuje univerz\u00e1lnost d\u00edky sv\u00e9mu <strong data-start=\"406\" data-end=\"429\">syst\u00e9m dvoj\u00ed p\u0159\u00edchuti<\/strong>, co\u017e v\u00e1m umo\u017e\u0148uje p\u0159ep\u00ednat mezi dv\u011bma <strong data-start=\"466\" data-end=\"491\">10ml dopl\u0148ovateln\u00fdmi n\u00e1dr\u017ekami<\/strong> pro dynamick\u00fd z\u00e1\u017eitek z vapingu. Ka\u017ed\u00e9 pot\u00e1hnut\u00ed je poh\u00e1n\u011bno pokro\u010dilou <strong data-start=\"558\" data-end=\"582\">technologie mesh spir\u00e1lky<\/strong>, kter\u00e1 konzistentn\u011b poskytuje hladkou p\u00e1ru a intenzivn\u00ed chu\u0165. Navr\u017eeno s <strong data-start=\"657\" data-end=\"679\">elegantn\u00edm k\u0159i\u0161\u0165\u00e1lov\u00fdm t\u011blem<\/strong>, je odoln\u00e9, stylov\u00e9 a ide\u00e1ln\u00ed pro ka\u017edodenn\u00ed cestov\u00e1n\u00ed.<\/p>\n<p>Vybaveno <strong data-start=\"761\" data-end=\"792\">650mAh dob\u00edjec\u00ed baterie<\/strong> a <strong data-start=\"797\" data-end=\"821\">Rychl\u00e9 nab\u00edjen\u00ed Type-C<\/strong>, Legend Ultra 30K zaji\u0161\u0165uje minim\u00e1ln\u00ed prostoje a spolehliv\u00e9 celodenn\u00ed pou\u017e\u00edv\u00e1n\u00ed. Displej <strong data-start=\"899\" data-end=\"924\">chytr\u00fd digit\u00e1ln\u00ed displej<\/strong> v\u00e1s informuje o hladin\u00e1ch e-liquidu a \u017eivotnosti baterie, co\u017e v\u00e1m d\u00e1v\u00e1 plnou kontrolu nad va\u0161imi relacemi. Nab\u00edz\u00ed a\u017e <strong data-start=\"1039\" data-end=\"1055\">30 000 potah\u016f<\/strong>, r\u016fzn\u00e9 s\u00edly nikotinu a shodu s TPD v cel\u00e9 Evrop\u011b, je to dokonal\u00e1 rovnov\u00e1ha mezi v\u00fdkonem, stylem a velkoobchodn\u00ed hodnotou.<\/p>\n<p data-start=\"666\" data-end=\"1235\"><strong style=\"font-size: 16px;\"><span style=\"color: #ff0000;\">P\u0159idejte si WhatsApp Amy a z\u00edskejte okam\u017eitou odpov\u011b\u010f a zv\u00fdhodn\u011bnou cenu!<\/span><\/strong><\/p>\n<p><img fetchpriority=\"high\" decoding=\"async\" class=\"size-full wp-image-2932\" src=\"https:\/\/vapestornado.com\/wp-content\/uploads\/2024\/12\/Vape-Wholesale.jpg\" alt=\"Velkoobchod s vape\" width=\"229\" height=\"300\" \/><\/p>\n<h3><a href=\"https:\/\/wa.me\/8617776015835\" target=\"_blank\" rel=\"noopener\"><span style=\"color: #ff0000;\"><strong>WhatsApp: +86 17776015835<\/strong><\/span><\/a><\/h3>\n<p>&nbsp;<\/p>\n<h2><strong>Kl\u00ed\u010dov\u00e9 vlastnosti produktu WGA Legend Ultra 30K<\/strong><\/h2>\n<p>\u2022 A\u017e 30 000 pot\u00e1hnut\u00ed<br \/>\n\u2022 P\u0159edpln\u011bn\u00fd pod 2 ml<br \/>\n\u2022 2 x 10 ml dopl\u0148ovateln\u00e9ho e-liquidu<br \/>\n\u2022 Integrovan\u00e1 baterie 650 mAh<br \/>\n\u2022 Mesh spir\u00e1lka<br \/>\n\u2022 Chytr\u00fd displej<br \/>\n\u2022 Du\u00e1ln\u00ed p\u0159\u00edchu\u0165<br \/>\n\u2022 Port typu C<br \/>\n\u2022 Vyhovuje sm\u011brnici TPD<\/p>\n<figure id=\"attachment_4069\" aria-describedby=\"caption-attachment-4069\" style=\"width: 800px\" class=\"wp-caption alignnone\"><img decoding=\"async\" class=\"wp-image-4069 size-full\" src=\"https:\/\/vapestornado.com\/wp-content\/uploads\/2025\/04\/WGA-Crystal-Legend-Ultra-30000-30k-Disposable-Vape.webp\" alt=\"Jednor\u00e1zov\u00e1 e-cigareta WGA Crystal Legend Ultra 30000 30k\" width=\"800\" height=\"800\" srcset=\"https:\/\/vapestornado.com\/wp-content\/uploads\/2025\/04\/WGA-Crystal-Legend-Ultra-30000-30k-Disposable-Vape.webp 800w, https:\/\/vapestornado.com\/wp-content\/uploads\/2025\/04\/WGA-Crystal-Legend-Ultra-30000-30k-Disposable-Vape-300x300.webp 300w, https:\/\/vapestornado.com\/wp-content\/uploads\/2025\/04\/WGA-Crystal-Legend-Ultra-30000-30k-Disposable-Vape-150x150.webp 150w, https:\/\/vapestornado.com\/wp-content\/uploads\/2025\/04\/WGA-Crystal-Legend-Ultra-30000-30k-Disposable-Vape-768x768.webp 768w, https:\/\/vapestornado.com\/wp-content\/uploads\/2025\/04\/WGA-Crystal-Legend-Ultra-30000-30k-Disposable-Vape-600x600.webp 600w, https:\/\/vapestornado.com\/wp-content\/uploads\/2025\/04\/WGA-Crystal-Legend-Ultra-30000-30k-Disposable-Vape-100x100.webp 100w\" sizes=\"(max-width: 800px) 100vw, 800px\" \/><figcaption id=\"caption-attachment-4069\" class=\"wp-caption-text\">Jednor\u00e1zov\u00e1 e-cigareta WGA Crystal Legend Ultra 30000 30k<\/figcaption><\/figure>\n<h2 class=\"product-title\"><strong>Recenze p\u0159\u00edchut\u00ed jednor\u00e1zov\u00fdch e-cigaret WGA Legend Ultra 30K<\/strong><\/h2>\n<article class=\"w-full text-token-text-primary focus-visible:outline-2 focus-visible:outline-offset-[-4px]\" dir=\"auto\" data-testid=\"conversation-turn-32\" data-scroll-anchor=\"false\">\n<div class=\"m-auto text-base py-[18px] px-6\">\n<div class=\"mx-auto flex flex-1 text-base gap-4 md:gap-5 lg:gap-6 md:max-w-3xl lg:max-w-[40rem] xl:max-w-[48rem]\">\n<div class=\"group\/conversation-turn relative flex w-full min-w-0 flex-col @xs\/thread:px-0 @sm\/thread:px-1.5 @md\/thread:px-4\">\n<div class=\"flex-col gap-1 md:gap-3\">\n<div class=\"flex max-w-full flex-col flex-grow\">\n<div class=\"min-h-8 text-message flex w-full flex-col items-end gap-2 whitespace-normal break-words text-start [.text-message+&amp;]:mt-5\" dir=\"auto\" data-message-author-role=\"user\" data-message-id=\"ffac41ca-1db4-431b-873a-32c4052956f1\">\n<div class=\"flex w-full flex-col gap-1 empty:hidden items-end rtl:items-start\">\n<div class=\"relative max-w-[var(--user-chat-width,70%)] rounded-3xl bg-token-message-surface px-5 py-2.5\">\n<div class=\"absolute bottom-0 right-full top-0 -mr-3.5 hidden pr-5 pt-2 [.group\/conversation-turn:hover_&amp;]:flex\">\n<div class=\"flex\">\n<article class=\"w-full text-token-text-primary focus-visible:outline-2 focus-visible:outline-offset-[-4px]\" dir=\"auto\" data-testid=\"conversation-turn-39\" data-scroll-anchor=\"true\">\n<div class=\"m-auto text-base py-[18px] px-6\">\n<div class=\"mx-auto flex flex-1 text-base gap-4 md:gap-5 lg:gap-6 md:max-w-3xl lg:max-w-[40rem] xl:max-w-[48rem]\">\n<div class=\"group\/conversation-turn relative flex w-full min-w-0 flex-col agent-turn @xs\/thread:px-0 @sm\/thread:px-1.5 @md\/thread:px-4\">\n<div class=\"flex-col gap-1 md:gap-3\">\n<div class=\"flex max-w-full flex-col flex-grow\">\n<div class=\"min-h-8 text-message flex w-full flex-col items-end gap-2 whitespace-normal break-words text-start [.text-message+&amp;]:mt-5\" dir=\"auto\" data-message-author-role=\"assistant\" data-message-id=\"55a23854-ec57-48dd-bd4f-6118f43d6241\" data-message-model-slug=\"gpt-4o\">\n<div class=\"flex w-full flex-col gap-1 empty:hidden first:pt-[3px]\">\n<div class=\"markdown prose w-full break-words dark:prose-invert light\">\n<ol data-start=\"21\" data-end=\"608\">\n<li class=\"\" data-start=\"21\" data-end=\"56\">\n<p class=\"\" data-start=\"24\" data-end=\"56\">Bor\u016fvkov\u00fd led \u2013 Jahodov\u00fd led<\/p>\n<\/li>\n<li class=\"\" data-start=\"57\" data-end=\"121\">\n<p class=\"\" data-start=\"60\" data-end=\"121\">Bor\u016fvka Malina T\u0159e\u0161e\u0148 \u2013 Bor\u016fvka Jahoda Brusinka<\/p>\n<\/li>\n<li class=\"\" data-start=\"122\" data-end=\"164\">\n<p class=\"\" data-start=\"125\" data-end=\"164\">Blue Razz T\u0159e\u0161e\u0148 \u2013 Blue Razz Limon\u00e1da<\/p>\n<\/li>\n<li class=\"\" data-start=\"165\" data-end=\"193\">\n<p class=\"\" data-start=\"168\" data-end=\"193\">Modr\u00fd Slush \u2013 R\u016f\u017eov\u00fd Slush<\/p>\n<\/li>\n<li class=\"\" data-start=\"194\" data-end=\"230\">\n<p class=\"\" data-start=\"197\" data-end=\"230\">\u0160umiv\u00e1 T\u0159e\u0161e\u0148 \u2013 T\u0159e\u0161e\u0148 Malina<\/p>\n<\/li>\n<li class=\"\" data-start=\"231\" data-end=\"265\">\n<p class=\"\" data-start=\"234\" data-end=\"265\">Ledov\u00e1 M\u00e1ta \u2013 Trojit\u00fd Mentol<\/p>\n<\/li>\n<li class=\"\" data-start=\"266\" data-end=\"291\">\n<p class=\"\" data-start=\"269\" data-end=\"291\">\u017del\u00e9 Medv\u00eddek \u2013 Duha<\/p>\n<\/li>\n<li class=\"\" data-start=\"292\" data-end=\"333\">\n<p class=\"\" data-start=\"295\" data-end=\"333\">\u0160\u0165avnat\u00e1 Broskev \u2013 Mango Broskev Vodn\u00ed Meloun<\/p>\n<\/li>\n<li class=\"\" data-start=\"334\" data-end=\"363\">\n<p class=\"\" data-start=\"337\" data-end=\"363\">Citron Limetka \u2013 Citronov\u00fd Slush<\/p>\n<\/li>\n<li class=\"\" data-start=\"364\" data-end=\"399\">\n<p class=\"\" data-start=\"368\" data-end=\"399\">Mr. Blue \u2013 Modr\u00e1 Kysel\u00e1 Malina<\/p>\n<\/li>\n<li class=\"\" data-start=\"400\" data-end=\"442\">\n<p class=\"\" data-start=\"404\" data-end=\"442\">Broskev Guava Jahoda \u2013 \u0160\u0165avnat\u00e1 Broskev<\/p>\n<\/li>\n<li class=\"\" data-start=\"443\" data-end=\"476\">\n<p class=\"\" data-start=\"447\" data-end=\"476\">Ananasov\u00fd Led \u2013 \u0160\u0165avnat\u00e9 Mango<\/p>\n<\/li>\n<li class=\"\" data-start=\"477\" data-end=\"514\">\n<p class=\"\" data-start=\"481\" data-end=\"514\">Sakura Hrozny \u2013 Hroznov\u00fd \u017del\u00e9 Medv\u00eddek<\/p>\n<\/li>\n<li class=\"\" data-start=\"515\" data-end=\"572\">\n<p class=\"\" data-start=\"519\" data-end=\"572\">Strawberry Raspberry Ice \u2013 Strawberry Rainbow Skittle<\/p>\n<\/li>\n<li class=\"\" data-start=\"573\" data-end=\"608\">\n<p class=\"\" data-start=\"577\" data-end=\"608\">Watermelon Ice \u2013 Double Apple<\/p>\n<\/li>\n<\/ol>\n<\/div>\n<\/div>\n<\/div>\n<\/div>\n<\/div>\n<\/div>\n<\/div>\n<\/div>\n<\/article>\n<\/div>\n<\/div>\n<\/div>\n<\/div>\n<\/div>\n<\/div>\n<\/div>\n<\/div>\n<\/div>\n<\/div>\n<\/article>\n<h2>Pro\u010d si vybrat Vapestornado pro velkoobchodn\u00ed n\u00e1kup WGA Crystal 30K Puff?<\/h2>\n<div class=\"flex-shrink-0 flex flex-col relative items-end\">\n<div class=\"pt-0\">\n<div class=\"gizmo-bot-avatar flex h-8 w-8 items-center justify-center overflow-hidden rounded-full\">\n<div class=\"relative p-1 rounded-sm flex items-center justify-center bg-token-main-surface-primary text-token-text-primary h-8 w-8\">\n<p>At\u00a0<strong>VapeTornado<\/strong>, jsme hrd\u00ed na to, \u017ee dod\u00e1v\u00e1me\u00a0<strong>pr\u00e9miov\u00e9 vapingov\u00e9 produkty za bezkonkuren\u010dn\u00ed ceny<\/strong>\u2014a Elf Box Crystal Bar 600 nen\u00ed v\u00fdjimkou! Zde je d\u016fvod, pro\u010d byste m\u011bli nakupovat u n\u00e1s:<\/p>\n<p class=\"\" data-start=\"49\" data-end=\"193\"><strong data-start=\"49\" data-end=\"81\">Bezkonkuren\u010dn\u00ed velkoobchodn\u00ed ceny<\/strong> \u2013 U\u017eijte si nejlep\u0161\u00ed hromadn\u00e9 nab\u00eddky na trhu, d\u00edky \u010demu\u017e jsme hlavn\u00edm dodavatelem pro obchody s vape a prodejce po cel\u00e9m sv\u011bt\u011b.<\/p>\n<p class=\"\" data-start=\"195\" data-end=\"340\"><strong data-start=\"195\" data-end=\"228\">Rychl\u00e9<\/strong> \u2013 Va\u0161e objedn\u00e1vky doru\u010dujeme rychle a bezpe\u010dn\u011b, se spolehliv\u00fdmi mo\u017enostmi celosv\u011btov\u00e9 p\u0159epravy p\u0159izp\u016fsoben\u00fdmi va\u0161im pot\u0159eb\u00e1m.<\/p>\n<p class=\"\" data-start=\"342\" data-end=\"487\"><strong data-start=\"342\" data-end=\"367\">100% Origin\u00e1ln\u00ed produkty<\/strong> \u2013 Rozlu\u010dte se s pad\u011blky! Garantujeme pouze origin\u00e1ln\u00ed jednor\u00e1zov\u00e9 vapy WASPE Triple s ov\u011b\u0159enou kvalitou a v\u00fdkonem.<\/p>\n<p class=\"\" data-start=\"489\" data-end=\"627\"><strong data-start=\"489\" data-end=\"516\">Odborn\u00e1 z\u00e1kaznick\u00e1 podpora<\/strong> \u2013 M\u00e1te dotazy? N\u00e1\u0161 t\u00fdm odborn\u00edk\u016f na vape je tu pro v\u00e1s kdykoli a zajist\u00ed hladk\u00fd a bezprobl\u00e9mov\u00fd servis.<\/p>\n<p data-start=\"559\" data-end=\"933\" data-is-last-node=\"\" data-is-only-node=\"\">M\u00e1me tak\u00e9 dal\u0161\u00ed popul\u00e1rn\u00ed vapy s displejem, jako nap\u0159\u00edklad <a href=\"https:\/\/vapestornado.com\/cs\/product\/bang-king-vape-36000-puff-dual-vaping-mode-disposables-pod-best-price\/\">BANG KING 36000 Shisha<\/a>, <a href=\"https:\/\/vapestornado.com\/cs\/product\/waspe-aiviou-3-in-1-60000-puffs-disposable-vape-kit-best-price\/\">WASPE 60000 3 v 1<\/a>, <a href=\"https:\/\/vapestornado.com\/cs\/product\/alfakh-crown-bar-20000-puffs-disposable-shisha-hookah-wholesale-vape-pen\/\">ALFAKH 20000<\/a>, a dal\u0161\u00ed.<\/p>\n<\/div>\n<div class=\"relative p-1 rounded-sm flex items-center justify-center bg-token-main-surface-primary text-token-text-primary h-8 w-8\">\n<h2>\u010casto kladen\u00e9 ot\u00e1zky pro WGA Legend Ultra 30000<\/h2>\n<p class=\"\" data-start=\"1444\" data-end=\"1657\"><strong data-start=\"1444\" data-end=\"1503\">1. Jak p\u0159ep\u00edn\u00e1m p\u0159\u00edchut\u011b na WGA Legend Ultra 30K?<\/strong><br data-start=\"1503\" data-end=\"1506\" \/>Za\u0159\u00edzen\u00ed m\u00e1 design se dv\u011bma n\u00e1dr\u017ekami. Jednodu\u0161e p\u0159epn\u011bte voli\u010d nebo vdechujte z ur\u010den\u00e9 strany pro p\u0159ep\u00edn\u00e1n\u00ed mezi dv\u011bma p\u0159edpln\u011bn\u00fdmi 10ml p\u0159\u00edchut\u011bmi.<\/p>\n<p class=\"\" data-start=\"1659\" data-end=\"1864\"><strong data-start=\"1659\" data-end=\"1719\">2. Je WGA Legend Ultra 30K dopl\u0148ovateln\u00fd nebo jednor\u00e1zov\u00fd?<\/strong><br data-start=\"1719\" data-end=\"1722\" \/>Toto za\u0159\u00edzen\u00ed obsahuje <strong data-start=\"1743\" data-end=\"1775\">2 dopl\u0148ovateln\u00e9 10ml kontejnery<\/strong>, tak\u017ee m\u016f\u017eete snadno doplnit sv\u00e9 obl\u00edben\u00e9 e-liquid p\u0159\u00edchut\u011b, jakmile se po\u010d\u00e1te\u010dn\u00ed n\u00e1pl\u0148 vy\u010derp\u00e1.<\/p>\n<p class=\"\" data-start=\"1866\" data-end=\"2058\"><strong data-start=\"1866\" data-end=\"1906\">3. Co ukazuje chytr\u00fd displej?<\/strong><br data-start=\"1906\" data-end=\"1909\" \/>Ten <strong data-start=\"1913\" data-end=\"1930\">Chytr\u00fd displej<\/strong> poskytuje aktualizace v re\u00e1ln\u00e9m \u010dase o stavu baterie i e-liquidu, tak\u017ee snadno pozn\u00e1te, kdy je \u010das dob\u00edt nebo doplnit.<\/p>\n<p class=\"\" data-start=\"2060\" data-end=\"2231\"><strong data-start=\"2060\" data-end=\"2109\">4. Spl\u0148uje WGA Legend Ultra 30K sm\u011brnici TPD?<\/strong><br data-start=\"2109\" data-end=\"2112\" \/>Ano, je <strong data-start=\"2122\" data-end=\"2139\">Vyhovuje sm\u011brnici TPD<\/strong>, co\u017e znamen\u00e1, \u017ee dodr\u017euje p\u0159\u00edsn\u00e9 bezpe\u010dnostn\u00ed a kvalitativn\u00ed p\u0159edpisy pro vapingov\u00e9 produkty v \u010cR a EU.<\/p>\n<p class=\"\" data-start=\"2233\" data-end=\"2446\"><strong data-start=\"2233\" data-end=\"2295\">5. Jak dlouho vydr\u017e\u00ed 650mAh baterie na pln\u00e9 nabit\u00ed?<\/strong><br data-start=\"2295\" data-end=\"2298\" \/>D\u00edky efektivn\u00ed technologii mesh coil vydr\u017e\u00ed baterie pohodln\u011b i p\u0159i del\u0161\u00edch vapovac\u00edch sezen\u00edch a podporuje rychl\u00e9 <strong data-start=\"2424\" data-end=\"2434\">Typ-C<\/strong> dob\u00edjen\u00ed.<\/p>\n<\/div>\n<\/div>\n<\/div>\n<\/div>","protected":false},"excerpt":{"rendered":"<p class=\"LC20lb MBeuO DKV0Md\">WGA Legend Ultra 30K Nejlep\u0161\u00ed online vape obchod Velk\u00e1 Brit\u00e1nie<br \/>\nWGA crystal 30000 pot\u00e1hnut\u00ed 30k vape Velkoobchodn\u00ed sleva<br \/>\nWGA Legend Ultra Jednor\u00e1zov\u00e1 k\u0159i\u0161\u0165\u00e1lov\u00e1 vape 30K 30000 pot\u00e1hnut\u00ed<\/p>\n<p><strong>P\u0159idejte si Amy na Whatsapp, abyste z\u00edskali spr\u00e1vnou odpov\u011b\u010f a slevu!<\/strong><\/p>\n<p><img fetchpriority=\"high\" decoding=\"async\" class=\"size-full wp-image-2932\" src=\"https:\/\/vapestornado.com\/wp-content\/uploads\/2024\/12\/Vape-Wholesale.jpg\" alt=\"Velkoobchod s vape\" width=\"229\" height=\"300\" \/><\/p>\n<h3><a href=\"https:\/\/wa.me\/8617776015835\"><span style=\"color: #ff0000;\"><strong>WhatsApp: +86 17776015835<\/strong><\/span><\/a><\/h3>\n<p>&nbsp;<\/p>","protected":false},"featured_media":4073,"comment_status":"open","ping_status":"closed","template":"","meta":{"_acf_changed":false,"_uag_custom_page_level_css":"","_lmt_disableupdate":"no","_lmt_disable":"","_monsterinsights_skip_tracking":false,"_monsterinsights_sitenote_active":false,"_monsterinsights_sitenote_note":"","_monsterinsights_sitenote_category":0,"site-sidebar-layout":"default","site-content-layout":"","ast-site-content-layout":"default","site-content-style":"default","site-sidebar-style":"default","ast-global-header-display":"","ast-banner-title-visibility":"","ast-main-header-display":"","ast-hfb-above-header-display":"","ast-hfb-below-header-display":"","ast-hfb-mobile-header-display":"","site-post-title":"","ast-breadcrumbs-content":"","ast-featured-img":"","footer-sml-layout":"","ast-disable-related-posts":"","theme-transparent-header-meta":"default","adv-header-id-meta":"","stick-header-meta":"","header-above-stick-meta":"","header-main-stick-meta":"","header-below-stick-meta":"","astra-migrate-meta-layouts":"set","ast-page-background-enabled":"default","ast-page-background-meta":{"desktop":{"background-color":"","background-image":"","background-repeat":"repeat","background-position":"center center","background-size":"auto","background-attachment":"scroll","background-type":"","background-media":"","overlay-type":"","overlay-color":"","overlay-opacity":"","overlay-gradient":""},"tablet":{"background-color":"","background-image":"","background-repeat":"repeat","background-position":"center center","background-size":"auto","background-attachment":"scroll","background-type":"","background-media":"","overlay-type":"","overlay-color":"","overlay-opacity":"","overlay-gradient":""},"mobile":{"background-color":"","background-image":"","background-repeat":"repeat","background-position":"center center","background-size":"auto","background-attachment":"scroll","background-type":"","background-media":"","overlay-type":"","overlay-color":"","overlay-opacity":"","overlay-gradient":""}},"ast-content-background-meta":{"desktop":{"background-color":"var(--ast-global-color-5)","background-image":"","background-repeat":"repeat","background-position":"center center","background-size":"auto","background-attachment":"scroll","background-type":"","background-media":"","overlay-type":"","overlay-color":"","overlay-opacity":"","overlay-gradient":""},"tablet":{"background-color":"var(--ast-global-color-5)","background-image":"","background-repeat":"repeat","background-position":"center center","background-size":"auto","background-attachment":"scroll","background-type":"","background-media":"","overlay-type":"","overlay-color":"","overlay-opacity":"","overlay-gradient":""},"mobile":{"background-color":"var(--ast-global-color-5)","background-image":"","background-repeat":"repeat","background-position":"center center","background-size":"auto","background-attachment":"scroll","background-type":"","background-media":"","overlay-type":"","overlay-color":"","overlay-opacity":"","overlay-gradient":""}},"_joinchat":{"telephone":"17776015835"}},"product_brand":[],"product_cat":[67,150,152,141,142],"product_tag":[105,324,323],"class_list":{"0":"post-4089","1":"product","2":"type-product","3":"status-publish","4":"has-post-thumbnail","6":"product_cat-30000-puff","7":"product_cat-buy-disposable-vapes-in-belgium","8":"product_cat-buy-disposable-vapes-in-cermany","9":"product_cat-crystal-disposable-vapes","10":"product_cat-digital-box-disposable-vapes","11":"product_tag-digital-disposable-vape","12":"product_tag-wga-crystal-30k","13":"product_tag-wga-legend-ultra-30k","14":"desktop-align-left","15":"tablet-align-left","16":"mobile-align-left","18":"first","19":"instock","20":"sale","21":"shipping-taxable","22":"purchasable","23":"product-type-simple"},"acf":[],"uagb_featured_image_src":{"full":["https:\/\/vapestornado.com\/wp-content\/uploads\/2025\/04\/Wga-Legend-Ultra-30000-Puffs.webp",800,800,false],"thumbnail":["https:\/\/vapestornado.com\/wp-content\/uploads\/2025\/04\/Wga-Legend-Ultra-30000-Puffs-150x150.webp",150,150,true],"medium":["https:\/\/vapestornado.com\/wp-content\/uploads\/2025\/04\/Wga-Legend-Ultra-30000-Puffs-300x300.webp",300,300,true],"medium_large":["https:\/\/vapestornado.com\/wp-content\/uploads\/2025\/04\/Wga-Legend-Ultra-30000-Puffs-768x768.webp",768,768,true],"large":["https:\/\/vapestornado.com\/wp-content\/uploads\/2025\/04\/Wga-Legend-Ultra-30000-Puffs.webp",800,800,false],"1536x1536":["https:\/\/vapestornado.com\/wp-content\/uploads\/2025\/04\/Wga-Legend-Ultra-30000-Puffs.webp",800,800,false],"2048x2048":["https:\/\/vapestornado.com\/wp-content\/uploads\/2025\/04\/Wga-Legend-Ultra-30000-Puffs.webp",800,800,false],"trp-custom-language-flag":["https:\/\/vapestornado.com\/wp-content\/uploads\/2025\/04\/Wga-Legend-Ultra-30000-Puffs.webp",12,12,false],"woocommerce_thumbnail":["https:\/\/vapestornado.com\/wp-content\/uploads\/2025\/04\/Wga-Legend-Ultra-30000-Puffs-300x300.webp",300,300,true],"woocommerce_single":["https:\/\/vapestornado.com\/wp-content\/uploads\/2025\/04\/Wga-Legend-Ultra-30000-Puffs-600x600.webp",600,600,true],"woocommerce_gallery_thumbnail":["https:\/\/vapestornado.com\/wp-content\/uploads\/2025\/04\/Wga-Legend-Ultra-30000-Puffs-100x100.webp",100,100,true]},"uagb_author_info":{"display_name":"ESAMY","author_link":"https:\/\/vapestornado.com\/cs\/author\/"},"uagb_comment_info":0,"uagb_excerpt":"WGA Legend Ultra 30K Best online Vape store UK WGA crystal 30000 puffs 30k vape Wholesale Discount Price WGA Legend Ultra Disposable Crystal Vape 30K 30000 Puffs Add Amy's whatsapp to get right reply and discount price! WhatsApp: +86 17776015835 &nbsp;","_links":{"self":[{"href":"https:\/\/vapestornado.com\/cs\/wp-json\/wp\/v2\/product\/4089","targetHints":{"allow":["GET"]}}],"collection":[{"href":"https:\/\/vapestornado.com\/cs\/wp-json\/wp\/v2\/product"}],"about":[{"href":"https:\/\/vapestornado.com\/cs\/wp-json\/wp\/v2\/types\/product"}],"replies":[{"embeddable":true,"href":"https:\/\/vapestornado.com\/cs\/wp-json\/wp\/v2\/comments?post=4089"}],"wp:featuredmedia":[{"embeddable":true,"href":"https:\/\/vapestornado.com\/cs\/wp-json\/wp\/v2\/media\/4073"}],"wp:attachment":[{"href":"https:\/\/vapestornado.com\/cs\/wp-json\/wp\/v2\/media?parent=4089"}],"wp:term":[{"taxonomy":"product_brand","embeddable":true,"href":"https:\/\/vapestornado.com\/cs\/wp-json\/wp\/v2\/product_brand?post=4089"},{"taxonomy":"product_cat","embeddable":true,"href":"https:\/\/vapestornado.com\/cs\/wp-json\/wp\/v2\/product_cat?post=4089"},{"taxonomy":"product_tag","embeddable":true,"href":"https:\/\/vapestornado.com\/cs\/wp-json\/wp\/v2\/product_tag?post=4089"}],"curies":[{"name":"wp","href":"https:\/\/api.w.org\/{rel}","templated":true}]}}