{"id":4068,"date":"2025-04-06T09:32:07","date_gmt":"2025-04-06T09:32:07","guid":{"rendered":"https:\/\/vapestornado.com\/?post_type=product&#038;p=4068"},"modified":"2025-08-23T12:31:59","modified_gmt":"2025-08-23T12:31:59","slug":"alfakh-crown-bar-20000-puffs-disposable-shisha-hookah-wholesale-vape-pen","status":"publish","type":"product","link":"https:\/\/vapestornado.com\/cs\/product\/alfakh-crown-bar-20000-puffs-disposable-shisha-hookah-wholesale-vape-pen\/","title":{"rendered":"Alfakh Crown Bar 20000 pot\u00e1hnut\u00ed Jednor\u00e1zov\u00e1 Shisha Hookah Velkoobchodn\u00ed vapovac\u00ed tu\u017eka"},"content":{"rendered":"<h1 data-pm-slice=\"1 1 []\">Alfakh Crown Bar 20000 pot\u00e1hnut\u00ed Jednor\u00e1zov\u00e1 Shisha Hookah Velkoobchodn\u00ed vapovac\u00ed tu\u017eka<\/h1>\n<p class=\"\" data-start=\"101\" data-end=\"572\">Ten <strong data-start=\"271\" data-end=\"337\">Alfakh Crown Bar 20000 pot\u00e1hnut\u00ed Jednor\u00e1zov\u00e1 Shisha Vodn\u00ed D\u00fdmka Vape Pero<\/strong> spojuje tradi\u010dn\u00ed atmosf\u00e9ru shishy s pokro\u010dilou technologi\u00ed vapingu a nab\u00edz\u00ed autentick\u00fd z\u00e1\u017eitek ve stylu vodn\u00ed d\u00fdmky v modern\u00edm, p\u0159enosn\u00e9m form\u00e1tu. S a\u017e <strong data-start=\"490\" data-end=\"506\">20 000 pot\u00e1hnut\u00ed<\/strong> poh\u00e1n\u011bno silnou <strong data-start=\"527\" data-end=\"558\">950mAh dob\u00edjec\u00ed bateri\u00ed<\/strong> a <strong data-start=\"563\" data-end=\"587\">Rychl\u00e9 nab\u00edjen\u00ed Type-C<\/strong>bateri\u00ed, toto za\u0159\u00edzen\u00ed zaru\u010duje prodlou\u017een\u00e9 pot\u011b\u0161en\u00ed.<\/p>\n<p>Jeho <strong data-start=\"645\" data-end=\"674\">nastaviteln\u00fd syst\u00e9m proud\u011bn\u00ed vzduchu<\/strong> umo\u017e\u0148uje p\u0159ep\u00ednat mezi jemn\u00fdmi tahy shishy nebo hust\u00fdmi oblaky, zat\u00edmco <strong data-start=\"751\" data-end=\"777\">digit\u00e1ln\u00ed displej<\/strong> v\u00e1m poskytuje informace o stavu baterie a hladin\u011b e-liquidu. P\u0159edpln\u011bno <strong data-start=\"850\" data-end=\"878\">30 ml pr\u00e9miov\u00e9ho e-liquidu<\/strong> a dostupnost\u00ed v sil\u00e1ch nikotinu <strong data-start=\"896\" data-end=\"937\">0%, 2%, 3% a 5%<\/strong>, uspokoj\u00ed v\u0161echny preference vapov\u00e1n\u00ed.<\/p>\n<p>D\u00edky <strong data-start=\"997\" data-end=\"1010\">mesh spir\u00e1lka<\/strong> e-liquidem pro konzistentn\u00ed, bohatou chu\u0165 a <strong data-start=\"1043\" data-end=\"1069\">12 v\u00fdrazn\u00fdch chu\u0165ov\u00fdch variant<\/strong>, Alfakh Crown Bar 20K je ide\u00e1ln\u00ed volbou pro maloobchodn\u00edky a distributory, kte\u0159\u00ed hledaj\u00ed spolehliv\u00e9 velkoobchodn\u00ed vape pera s vysokou popt\u00e1vkou.<\/p>\n<p data-start=\"666\" data-end=\"1235\"><strong style=\"font-size: 16px;\"><span style=\"color: #ff0000;\">P\u0159idejte si WhatsApp Amy a z\u00edskejte okam\u017eitou odpov\u011b\u010f a zv\u00fdhodn\u011bnou cenu!<\/span><\/strong><\/p>\n<p><img fetchpriority=\"high\" decoding=\"async\" class=\"size-full wp-image-2932\" src=\"https:\/\/vapestornado.com\/wp-content\/uploads\/2024\/12\/Vape-Wholesale.jpg\" alt=\"Velkoobchod s vape\" width=\"229\" height=\"300\" \/><\/p>\n<h3><a href=\"https:\/\/wa.me\/8617776015835\" target=\"_blank\" rel=\"noopener\"><span style=\"color: #ff0000;\"><strong>WhatsApp: +86 17776015835<\/strong><\/span><\/a><\/h3>\n<p>&nbsp;<\/p>\n<h2><strong>Alfakh Crown Bar 20000 Kl\u00ed\u010dov\u00e9 vlastnosti produktu<\/strong><\/h2>\n<p>Model: Alfakh Crown Bar 20000<br \/>\n12 p\u0159\u00edchut\u00ed na v\u00fdb\u011br.<br \/>\nObjem n\u00e1pln\u011b: 30 ml<br \/>\nKapacita baterie: 950 mAh, dob\u00edjec\u00ed Type-C<br \/>\nSpir\u00e1lka: Mesh Coil 0,6 ohm<br \/>\nPo\u010det pot\u00e1hnut\u00ed: 20000<br \/>\nS\u016fl nikotin: 0%, 2%, 3%, 5%<\/p>\n<figure id=\"attachment_4057\" aria-describedby=\"caption-attachment-4057\" style=\"width: 800px\" class=\"wp-caption alignnone\"><img decoding=\"async\" class=\"wp-image-4057 size-full\" src=\"https:\/\/vapestornado.com\/wp-content\/uploads\/2025\/04\/Al-Fakh-Crown-Bar-Disposable-Shisha.webp\" alt=\"Jednor\u00e1zov\u00e1 vodn\u00ed d\u00fdmka Al Fakh Crown Bar\" width=\"800\" height=\"800\" srcset=\"https:\/\/vapestornado.com\/wp-content\/uploads\/2025\/04\/Al-Fakh-Crown-Bar-Disposable-Shisha.webp 800w, https:\/\/vapestornado.com\/wp-content\/uploads\/2025\/04\/Al-Fakh-Crown-Bar-Disposable-Shisha-300x300.webp 300w, https:\/\/vapestornado.com\/wp-content\/uploads\/2025\/04\/Al-Fakh-Crown-Bar-Disposable-Shisha-150x150.webp 150w, https:\/\/vapestornado.com\/wp-content\/uploads\/2025\/04\/Al-Fakh-Crown-Bar-Disposable-Shisha-768x768.webp 768w, https:\/\/vapestornado.com\/wp-content\/uploads\/2025\/04\/Al-Fakh-Crown-Bar-Disposable-Shisha-600x600.webp 600w, https:\/\/vapestornado.com\/wp-content\/uploads\/2025\/04\/Al-Fakh-Crown-Bar-Disposable-Shisha-100x100.webp 100w\" sizes=\"(max-width: 800px) 100vw, 800px\" \/><figcaption id=\"caption-attachment-4057\" class=\"wp-caption-text\">Jednor\u00e1zov\u00e1 vodn\u00ed d\u00fdmka Al Fakh Crown Bar<\/figcaption><\/figure>\n<h2 class=\"product-title\"><strong>Seznam p\u0159\u00edchut\u00ed jednor\u00e1zov\u00fdch ty\u010dinek Alfakher Crown Bar 20000<\/strong><\/h2>\n<article class=\"w-full text-token-text-primary focus-visible:outline-2 focus-visible:outline-offset-[-4px]\" dir=\"auto\" data-testid=\"conversation-turn-32\" data-scroll-anchor=\"false\">\n<div class=\"m-auto text-base py-[18px] px-6\">\n<div class=\"mx-auto flex flex-1 text-base gap-4 md:gap-5 lg:gap-6 md:max-w-3xl lg:max-w-[40rem] xl:max-w-[48rem]\">\n<div class=\"group\/conversation-turn relative flex w-full min-w-0 flex-col @xs\/thread:px-0 @sm\/thread:px-1.5 @md\/thread:px-4\">\n<div class=\"flex-col gap-1 md:gap-3\">\n<div class=\"flex max-w-full flex-col flex-grow\">\n<div class=\"min-h-8 text-message flex w-full flex-col items-end gap-2 whitespace-normal break-words text-start [.text-message+&amp;]:mt-5\" dir=\"auto\" data-message-author-role=\"user\" data-message-id=\"ffac41ca-1db4-431b-873a-32c4052956f1\">\n<div class=\"flex w-full flex-col gap-1 empty:hidden items-end rtl:items-start\">\n<div class=\"relative max-w-[var(--user-chat-width,70%)] rounded-3xl bg-token-message-surface px-5 py-2.5\">\n<div class=\"absolute bottom-0 right-full top-0 -mr-3.5 hidden pr-5 pt-2 [.group\/conversation-turn:hover_&amp;]:flex\">\n<div class=\"flex\">\n<article class=\"w-full text-token-text-primary focus-visible:outline-2 focus-visible:outline-offset-[-4px]\" dir=\"auto\" data-testid=\"conversation-turn-39\" data-scroll-anchor=\"true\">\n<div class=\"m-auto text-base py-[18px] px-6\">\n<div class=\"mx-auto flex flex-1 text-base gap-4 md:gap-5 lg:gap-6 md:max-w-3xl lg:max-w-[40rem] xl:max-w-[48rem]\">\n<div class=\"group\/conversation-turn relative flex w-full min-w-0 flex-col agent-turn @xs\/thread:px-0 @sm\/thread:px-1.5 @md\/thread:px-4\">\n<div class=\"flex-col gap-1 md:gap-3\">\n<div class=\"flex max-w-full flex-col flex-grow\">\n<div class=\"min-h-8 text-message flex w-full flex-col items-end gap-2 whitespace-normal break-words text-start [.text-message+&amp;]:mt-5\" dir=\"auto\" data-message-author-role=\"assistant\" data-message-id=\"55a23854-ec57-48dd-bd4f-6118f43d6241\" data-message-model-slug=\"gpt-4o\">\n<div class=\"flex w-full flex-col gap-1 empty:hidden first:pt-[3px]\">\n<div class=\"markdown prose w-full break-words dark:prose-invert light\">\n<p>1. Hust\u00fd led<br \/>\n2. Bobulov\u00fd led<br \/>\n3. \u017dv\u00fdka\u010dka s bor\u016fvkami<br \/>\n4. \u010cere\u0161\u0148ov\u00e1 fiesta<br \/>\n5. Hroznov\u00fd pun\u010d<br \/>\n6. Jahodov\u00e1 meloun<br \/>\n7. Mango zmrazen\u00e9<br \/>\n8. Jahodov\u00fd pun\u010d<br \/>\n9. Mango ananas<br \/>\n10. Bor\u016fvka malina<br \/>\n11. Dv\u011b jablka<br \/>\n12. L\u00e1ska 66<\/p>\n<\/div>\n<\/div>\n<\/div>\n<\/div>\n<\/div>\n<\/div>\n<\/div>\n<\/div>\n<\/article>\n<\/div>\n<\/div>\n<\/div>\n<\/div>\n<\/div>\n<\/div>\n<\/div>\n<\/div>\n<\/div>\n<\/div>\n<\/article>\n<h2>Pro\u010d si vybrat Vapestornado pro n\u00e1kup Alfakh Crown Bar 20000 Puff?<\/h2>\n<div class=\"flex-shrink-0 flex flex-col relative items-end\">\n<div class=\"pt-0\">\n<div class=\"gizmo-bot-avatar flex h-8 w-8 items-center justify-center overflow-hidden rounded-full\">\n<div class=\"relative p-1 rounded-sm flex items-center justify-center bg-token-main-surface-primary text-token-text-primary h-8 w-8\">\n<p>At\u00a0<strong>VapeTornado<\/strong>, jsme hrd\u00ed na to, \u017ee dod\u00e1v\u00e1me\u00a0<strong>pr\u00e9miov\u00e9 vapingov\u00e9 produkty za bezkonkuren\u010dn\u00ed ceny<\/strong>\u2014a Alfakh Crown Bar 20000 nen\u00ed v\u00fdjimkou! Zde je d\u016fvod, pro\u010d byste m\u011bli nakupovat u n\u00e1s:<\/p>\n<p><strong>Nejlep\u0161\u00ed velkoobchodn\u00ed ceny<\/strong>\u00a0\u2013 Nab\u00edz\u00edme\u00a0<strong>konkuren\u010dn\u00ed velkoobchodn\u00ed cena<\/strong><span style=\"font-size: 16px;\">, d\u00edky \u010demu\u017e jsme nejlep\u0161\u00ed volbou pro prodejce a vape shopy.<\/span><\/p>\n<p><strong>Rychl\u00e9<\/strong>\u00a0\u2013 Nechte si doru\u010dit objedn\u00e1vku\u00a0<strong>rychle a bezpe\u010dn\u011b<\/strong>, s mo\u017enostmi celosv\u011btov\u00e9 p\u0159epravy.<br \/>\n<strong>100% Autentick\u00e9 produkty<\/strong>\u00a0\u2013 \u017d\u00e1dn\u00e9 napodobeniny \u2013 pouze\u00a0<strong>origin\u00e1ln\u00ed jednor\u00e1zov\u00e9 e-cigarety WASPE Triple<\/strong>\u00a0s ov\u011b\u0159enou kvalitou.<br \/>\n<strong>Vynikaj\u00edc\u00ed z\u00e1kaznick\u00e1 podpora<\/strong>\u00a0\u2013 M\u00e1te ot\u00e1zky? Na\u0161i\u00a0<strong>vape experti<\/strong> jsou p\u0159ipraveni v\u00e1m pomoci 24\/7.<\/p>\n<p data-start=\"559\" data-end=\"933\" data-is-last-node=\"\" data-is-only-node=\"\">M\u00e1me tak\u00e9 dal\u0161\u00ed popul\u00e1rn\u00ed vapy s displejem, jako nap\u0159\u00edklad <a href=\"https:\/\/vapestornado.com\/cs\/product\/vapme-goat-40000-puff-40k-hookah-shisha-pen-price-wholesale-e-cigarette\/\">Vapme Goat 40000 Shisha<\/a>, <a href=\"https:\/\/vapestornado.com\/cs\/product\/waspe-aiviou-3-in-1-60000-puffs-disposable-vape-kit-best-price\/\">WASPE 60000 3 v 1<\/a>, <a href=\"https:\/\/vapestornado.com\/cs\/product\/bang-king-30000-pro-puff-30k-disposable-device-wholesale-price\/\">Bang King Pro 30000<\/a>, a dal\u0161\u00ed.<\/p>\n<\/div>\n<div class=\"relative p-1 rounded-sm flex items-center justify-center bg-token-main-surface-primary text-token-text-primary h-8 w-8\">\n<h2>\u010cast\u00e9 dotazy pro Crown Bar 20000<\/h2>\n<ol data-start=\"1081\" data-end=\"1935\">\n<li class=\"\" data-start=\"1081\" data-end=\"1330\">\n<p class=\"\" data-start=\"1084\" data-end=\"1330\"><strong data-start=\"1084\" data-end=\"1163\">Jak se Alfakh Crown Bar 20000 srovn\u00e1v\u00e1 s tradi\u010dn\u00ed vodn\u00ed d\u00fdmkou?<\/strong><br data-start=\"1163\" data-end=\"1166\" \/>Tato vapka je navr\u017eena tak, aby <strong data-start=\"1194\" data-end=\"1255\">napodobovala hladkost a bohatost tradi\u010dn\u00ed vodn\u00ed d\u00fdmky<\/strong> a z\u00e1rove\u0148 byla p\u0159enosn\u00e1, <strong data-start=\"1278\" data-end=\"1294\">dob\u00edjec\u00ed<\/strong>, a <strong data-start=\"1300\" data-end=\"1327\">pohodln\u011b jednor\u00e1zov\u00e1<\/strong>.<\/p>\n<\/li>\n<li class=\"\" data-start=\"1332\" data-end=\"1514\">\n<p class=\"\" data-start=\"1335\" data-end=\"1514\"><strong data-start=\"1335\" data-end=\"1381\">Mohu dob\u00edt Alfakh Crown Bar 20000?<\/strong><br data-start=\"1381\" data-end=\"1384\" \/>Ano! Je vybaven <strong data-start=\"1406\" data-end=\"1430\">nab\u00edjec\u00edm portem typu C<\/strong>, co\u017e umo\u017e\u0148uje <strong data-start=\"1445\" data-end=\"1478\">rychl\u00e9 a efektivn\u00ed dob\u00edjen\u00ed<\/strong> abyste si mohli vychutnat ka\u017ed\u00fd posledn\u00ed potah.<\/p>\n<\/li>\n<li class=\"\" data-start=\"1516\" data-end=\"1717\">\n<p class=\"\" data-start=\"1519\" data-end=\"1717\"><strong data-start=\"1519\" data-end=\"1566\">Jak mohu upravit proud vzduchu na tomto za\u0159\u00edzen\u00ed?<\/strong><br data-start=\"1566\" data-end=\"1569\" \/>Ten <strong data-start=\"1576\" data-end=\"1605\">nastaviteln\u00fd syst\u00e9m proud\u011bn\u00ed vzduchu<\/strong> umo\u017e\u0148uje v\u00e1m ovl\u00e1dat vdechov\u00e1n\u00ed, tak\u017ee je <strong data-start=\"1645\" data-end=\"1682\">t\u011bsn\u011bj\u0161\u00ed jako tradi\u010dn\u00ed vodn\u00ed d\u00fdmka<\/strong> or <strong data-start=\"1686\" data-end=\"1714\">voln\u011bj\u0161\u00ed pro v\u011bt\u0161\u00ed oblaka<\/strong>.<\/p>\n<\/li>\n<li class=\"\" data-start=\"1719\" data-end=\"1935\">\n<p class=\"\" data-start=\"1722\" data-end=\"1935\"><strong data-start=\"1722\" data-end=\"1786\">Jak pozn\u00e1m, \u017ee se m\u016fj Alfakh Crown Bar 20000 vyb\u00edj\u00ed?<\/strong><br data-start=\"1786\" data-end=\"1789\" \/>Ten <strong data-start=\"1796\" data-end=\"1822\">digit\u00e1ln\u00edm displejem<\/strong> zobrazuje <strong data-start=\"1829\" data-end=\"1860\">\u00farovn\u011b baterie a e-liquidu<\/strong>, tak\u017ee budete v\u017edy v\u011bd\u011bt, kdy je \u010das za\u0159\u00edzen\u00ed dob\u00edt nebo vym\u011bnit.<\/p>\n<\/li>\n<\/ol>\n<\/div>\n<\/div>\n<\/div>\n<\/div>","protected":false},"excerpt":{"rendered":"<p class=\"LC20lb MBeuO DKV0Md\">Alfakh Crown Bar 20000 Jednor\u00e1zov\u00e1 Vape Ty\u010dinka Levn\u00e1 cena<br \/>\nAl Fakher Crown Bar 20000 Jednor\u00e1zov\u00e1 Sada na vodn\u00ed d\u00fdmku Velkoobchod<br \/>\nDigit\u00e1ln\u00ed Jednor\u00e1zov\u00e1 Ty\u010dinka na vodn\u00ed d\u00fdmku Alfakh Crown Bar 20000 P\u0159\u00edm\u00fd prodej z tov\u00e1rny<\/p>\n<p><strong>P\u0159idejte si Amy na Whatsapp, abyste z\u00edskali spr\u00e1vnou odpov\u011b\u010f a slevu!<\/strong><\/p>\n<p><img fetchpriority=\"high\" decoding=\"async\" class=\"size-full wp-image-2932\" src=\"https:\/\/vapestornado.com\/wp-content\/uploads\/2024\/12\/Vape-Wholesale.jpg\" alt=\"Velkoobchod s vape\" width=\"229\" height=\"300\" \/><\/p>\n<h3><a href=\"https:\/\/wa.me\/8617776015835\"><span style=\"color: #ff0000;\"><strong>WhatsApp: +86 17776015835<\/strong><\/span><\/a><\/h3>\n<p>&nbsp;<\/p>","protected":false},"featured_media":4061,"comment_status":"open","ping_status":"closed","template":"","meta":{"_acf_changed":false,"_uag_custom_page_level_css":"","_lmt_disableupdate":"no","_lmt_disable":"","_monsterinsights_skip_tracking":false,"_monsterinsights_sitenote_active":false,"_monsterinsights_sitenote_note":"","_monsterinsights_sitenote_category":0,"site-sidebar-layout":"default","site-content-layout":"","ast-site-content-layout":"default","site-content-style":"default","site-sidebar-style":"default","ast-global-header-display":"","ast-banner-title-visibility":"","ast-main-header-display":"","ast-hfb-above-header-display":"","ast-hfb-below-header-display":"","ast-hfb-mobile-header-display":"","site-post-title":"","ast-breadcrumbs-content":"","ast-featured-img":"","footer-sml-layout":"","ast-disable-related-posts":"","theme-transparent-header-meta":"default","adv-header-id-meta":"","stick-header-meta":"","header-above-stick-meta":"","header-main-stick-meta":"","header-below-stick-meta":"","astra-migrate-meta-layouts":"set","ast-page-background-enabled":"default","ast-page-background-meta":{"desktop":{"background-color":"","background-image":"","background-repeat":"repeat","background-position":"center center","background-size":"auto","background-attachment":"scroll","background-type":"","background-media":"","overlay-type":"","overlay-color":"","overlay-opacity":"","overlay-gradient":""},"tablet":{"background-color":"","background-image":"","background-repeat":"repeat","background-position":"center center","background-size":"auto","background-attachment":"scroll","background-type":"","background-media":"","overlay-type":"","overlay-color":"","overlay-opacity":"","overlay-gradient":""},"mobile":{"background-color":"","background-image":"","background-repeat":"repeat","background-position":"center center","background-size":"auto","background-attachment":"scroll","background-type":"","background-media":"","overlay-type":"","overlay-color":"","overlay-opacity":"","overlay-gradient":""}},"ast-content-background-meta":{"desktop":{"background-color":"var(--ast-global-color-5)","background-image":"","background-repeat":"repeat","background-position":"center center","background-size":"auto","background-attachment":"scroll","background-type":"","background-media":"","overlay-type":"","overlay-color":"","overlay-opacity":"","overlay-gradient":""},"tablet":{"background-color":"var(--ast-global-color-5)","background-image":"","background-repeat":"repeat","background-position":"center center","background-size":"auto","background-attachment":"scroll","background-type":"","background-media":"","overlay-type":"","overlay-color":"","overlay-opacity":"","overlay-gradient":""},"mobile":{"background-color":"var(--ast-global-color-5)","background-image":"","background-repeat":"repeat","background-position":"center center","background-size":"auto","background-attachment":"scroll","background-type":"","background-media":"","overlay-type":"","overlay-color":"","overlay-opacity":"","overlay-gradient":""}},"_joinchat":{"telephone":"17776015835"}},"product_brand":[],"product_cat":[69,158,147,61],"product_tag":[317,318,105,316,313],"class_list":{"0":"post-4068","1":"product","2":"type-product","3":"status-publish","4":"has-post-thumbnail","6":"product_cat-20000-puff","7":"product_cat-buy-disposable-vapes-in-spain","8":"product_cat-shisha-hookah-disposable-vapes","9":"product_cat-vapme-shisha","10":"product_tag-al-fakher-crown-bar","11":"product_tag-alfakher-crown-bar-20000","12":"product_tag-digital-disposable-vape","13":"product_tag-disposable-shisha-bar","14":"product_tag-vape-with-digital-screen","15":"desktop-align-left","16":"tablet-align-left","17":"mobile-align-left","19":"first","20":"instock","21":"sale","22":"shipping-taxable","23":"purchasable","24":"product-type-simple"},"acf":[],"uagb_featured_image_src":{"full":["https:\/\/vapestornado.com\/wp-content\/uploads\/2025\/04\/AlFakher-Crown-Bar-20000-Puffs-Airflow-Control-Vape.webp",800,800,false],"thumbnail":["https:\/\/vapestornado.com\/wp-content\/uploads\/2025\/04\/AlFakher-Crown-Bar-20000-Puffs-Airflow-Control-Vape-150x150.webp",150,150,true],"medium":["https:\/\/vapestornado.com\/wp-content\/uploads\/2025\/04\/AlFakher-Crown-Bar-20000-Puffs-Airflow-Control-Vape-300x300.webp",300,300,true],"medium_large":["https:\/\/vapestornado.com\/wp-content\/uploads\/2025\/04\/AlFakher-Crown-Bar-20000-Puffs-Airflow-Control-Vape-768x768.webp",768,768,true],"large":["https:\/\/vapestornado.com\/wp-content\/uploads\/2025\/04\/AlFakher-Crown-Bar-20000-Puffs-Airflow-Control-Vape.webp",800,800,false],"1536x1536":["https:\/\/vapestornado.com\/wp-content\/uploads\/2025\/04\/AlFakher-Crown-Bar-20000-Puffs-Airflow-Control-Vape.webp",800,800,false],"2048x2048":["https:\/\/vapestornado.com\/wp-content\/uploads\/2025\/04\/AlFakher-Crown-Bar-20000-Puffs-Airflow-Control-Vape.webp",800,800,false],"trp-custom-language-flag":["https:\/\/vapestornado.com\/wp-content\/uploads\/2025\/04\/AlFakher-Crown-Bar-20000-Puffs-Airflow-Control-Vape.webp",12,12,false],"woocommerce_thumbnail":["https:\/\/vapestornado.com\/wp-content\/uploads\/2025\/04\/AlFakher-Crown-Bar-20000-Puffs-Airflow-Control-Vape-300x300.webp",300,300,true],"woocommerce_single":["https:\/\/vapestornado.com\/wp-content\/uploads\/2025\/04\/AlFakher-Crown-Bar-20000-Puffs-Airflow-Control-Vape-600x600.webp",600,600,true],"woocommerce_gallery_thumbnail":["https:\/\/vapestornado.com\/wp-content\/uploads\/2025\/04\/AlFakher-Crown-Bar-20000-Puffs-Airflow-Control-Vape-100x100.webp",100,100,true]},"uagb_author_info":{"display_name":"ESAMY","author_link":"https:\/\/vapestornado.com\/cs\/author\/"},"uagb_comment_info":0,"uagb_excerpt":"Alfakh Crown Bar 20000 Disposable Vape Bar Cheap Price Al Fakher Crown Bar 20000 Disposable Hookah Kit Wholesale Digital Disposables Shisha Bar Alfakh Crown Bar 20000 Factory Direct Sale Add Amy's whatsapp to get right reply and discount price! WhatsApp: +86 17776015835 &nbsp;","_links":{"self":[{"href":"https:\/\/vapestornado.com\/cs\/wp-json\/wp\/v2\/product\/4068","targetHints":{"allow":["GET"]}}],"collection":[{"href":"https:\/\/vapestornado.com\/cs\/wp-json\/wp\/v2\/product"}],"about":[{"href":"https:\/\/vapestornado.com\/cs\/wp-json\/wp\/v2\/types\/product"}],"replies":[{"embeddable":true,"href":"https:\/\/vapestornado.com\/cs\/wp-json\/wp\/v2\/comments?post=4068"}],"wp:featuredmedia":[{"embeddable":true,"href":"https:\/\/vapestornado.com\/cs\/wp-json\/wp\/v2\/media\/4061"}],"wp:attachment":[{"href":"https:\/\/vapestornado.com\/cs\/wp-json\/wp\/v2\/media?parent=4068"}],"wp:term":[{"taxonomy":"product_brand","embeddable":true,"href":"https:\/\/vapestornado.com\/cs\/wp-json\/wp\/v2\/product_brand?post=4068"},{"taxonomy":"product_cat","embeddable":true,"href":"https:\/\/vapestornado.com\/cs\/wp-json\/wp\/v2\/product_cat?post=4068"},{"taxonomy":"product_tag","embeddable":true,"href":"https:\/\/vapestornado.com\/cs\/wp-json\/wp\/v2\/product_tag?post=4068"}],"curies":[{"name":"wp","href":"https:\/\/api.w.org\/{rel}","templated":true}]}}