{"id":4067,"date":"2025-04-04T09:13:16","date_gmt":"2025-04-04T09:13:16","guid":{"rendered":"https:\/\/vapestornado.com\/?post_type=product&#038;p=4067"},"modified":"2025-08-23T12:29:51","modified_gmt":"2025-08-23T12:29:51","slug":"bang-king-vape-36000-puff-dual-vaping-mode-disposables-pod-best-price","status":"publish","type":"product","link":"https:\/\/vapestornado.com\/cs\/product\/bang-king-vape-36000-puff-dual-vaping-mode-disposables-pod-best-price\/","title":{"rendered":"Bang King Vape 36000 pot\u00e1hnut\u00ed Du\u00e1ln\u00ed re\u017eim vapov\u00e1n\u00ed Jednor\u00e1zov\u00e9 pody Nejlep\u0161\u00ed cena"},"content":{"rendered":"<h1 data-pm-slice=\"1 1 []\">Bang King Vape 36000 pot\u00e1hnut\u00ed Du\u00e1ln\u00ed re\u017eim vapov\u00e1n\u00ed Jednor\u00e1zov\u00e9 pody Nejlep\u0161\u00ed cena<\/h1>\n<p class=\"\" data-start=\"100\" data-end=\"629\">Ten <strong data-start=\"104\" data-end=\"128\">Bang King Vape 36000<\/strong> je navr\u017een pro vapery, kte\u0159\u00ed vy\u017eaduj\u00ed v\u0161estrannost a v\u00fdkon. Obsahuje <strong data-start=\"202\" data-end=\"223\">dva re\u017eimy vapov\u00e1n\u00ed<\/strong>, m\u016f\u017eete p\u0159ep\u00ednat mezi <strong data-start=\"248\" data-end=\"279\">Eco re\u017eimem pro prodlou\u017een\u00e9 potahy<\/strong> a <strong data-start=\"284\" data-end=\"316\">Power re\u017eimem pro v\u011bt\u0161\u00ed mraky<\/strong>\u2014d\u00e1v\u00e1 v\u00e1m \u00faplnou kontrolu nad va\u0161\u00edm z\u00e1\u017eitkem z vapov\u00e1n\u00ed. Ten <strong data-start=\"378\" data-end=\"411\">digit\u00e1ln\u00ed displej s dvojitou obrazovkou<\/strong> zaji\u0161\u0165uje, \u017ee jste si v\u017edy v\u011bdomi sv\u00e9 <strong data-start=\"448\" data-end=\"484\">\u017eivotnosti baterie a hladiny e-liquidu<\/strong>, \u010d\u00edm\u017e se eliminuj\u00ed jak\u00e1koli p\u0159ekvapen\u00ed. Nav\u00edc <strong data-start=\"523\" data-end=\"552\">nastaviteln\u00fd syst\u00e9m proud\u011bn\u00ed vzduchu<\/strong> v\u00e1m umo\u017en\u00ed p\u0159izp\u016fsobit si vdechov\u00e1n\u00ed, od hladk\u00e9ho tahu po siln\u011bj\u0161\u00ed z\u00e1sah.<\/p>\n<p class=\"\" data-start=\"631\" data-end=\"1085\">Poh\u00e1n\u011bno <strong data-start=\"644\" data-end=\"675\">650mAh dob\u00edjec\u00ed baterie<\/strong> a vybaven <strong data-start=\"696\" data-end=\"714\">du\u00e1ln\u00ed mesh c\u00edvka<\/strong>, tato vapka p\u0159in\u00e1\u0161\u00ed <strong data-start=\"735\" data-end=\"778\">v\u00fdjime\u010dnou chu\u0165 a produkci p\u00e1ry<\/strong>. S <strong data-start=\"785\" data-end=\"805\">30 ml e-liquidu<\/strong> a <strong data-start=\"810\" data-end=\"831\">a\u017e 36000 pot\u00e1hnut\u00ed<\/strong>, zaji\u0161\u0165uje <strong data-start=\"844\" data-end=\"870\">dlouhotrvaj\u00edc\u00ed po\u017eitek<\/strong> bez \u010dast\u00fdch v\u00fdm\u011bn. K dispozici ve <strong data-start=\"915\" data-end=\"934\">12 v\u00fdrazn\u00fdch p\u0159\u00edchut\u00edch<\/strong>, <strong data-start=\"940\" data-end=\"964\">Bang King Vape 36000<\/strong> kombinuje <strong data-start=\"974\" data-end=\"1032\">modern\u00ed design, prvot\u0159\u00eddn\u00ed chu\u0165 a \u0161pi\u010dkov\u00fd v\u00fdkon<\/strong>, co\u017e z n\u011bj \u010din\u00ed nezbytnost pro milovn\u00edky jednor\u00e1zov\u00fdch vape.<\/p>\n<p data-start=\"666\" data-end=\"1235\"><strong style=\"font-size: 16px;\"><span style=\"color: #ff0000;\">P\u0159idejte si WhatsApp Amy a z\u00edskejte okam\u017eitou odpov\u011b\u010f a zv\u00fdhodn\u011bnou cenu!<\/span><\/strong><\/p>\n<p><img fetchpriority=\"high\" decoding=\"async\" class=\"size-full wp-image-2932\" src=\"https:\/\/vapestornado.com\/wp-content\/uploads\/2024\/12\/Vape-Wholesale.jpg\" alt=\"Velkoobchod s vape\" width=\"229\" height=\"300\" \/><\/p>\n<h3><a href=\"https:\/\/wa.me\/8617776015835\" target=\"_blank\" rel=\"noopener\"><span style=\"color: #ff0000;\"><strong>WhatsApp: +86 17776015835<\/strong><\/span><\/a><\/h3>\n<p>&nbsp;<\/p>\n<h2><strong>Bang King Vape 36000 pot\u00e1hnut\u00ed \u2013 Kl\u00ed\u010dov\u00e9 vlastnosti produktu<\/strong><\/h2>\n<p>Zna\u010dka: Bang King<br \/>\nModel: Bang King 36000<br \/>\nPot\u00e1hnut\u00ed: 36000<br \/>\nNikotin: 0% 2% 3% 5%<br \/>\nKapacita: 30 ml<br \/>\nK dispozici 12 p\u0159\u00edchut\u00ed<br \/>\n0,6ohmov\u00e1 du\u00e1ln\u00ed mesh spir\u00e1lka<br \/>\nBaterie: 650 mAh, dob\u00edjec\u00ed Type-C<br \/>\nDvojit\u00e1 obrazovka: kapacita baterie \/ kapacita e-liquidu<br \/>\n\u010cte\u010dka otisk\u016f prst\u016f na zamykac\u00ed obrazovce<br \/>\nDvojit\u00fd re\u017eim<br \/>\nDotykov\u00fd s proud\u011bn\u00edm vzduchu<\/p>\n<figure id=\"attachment_4062\" aria-describedby=\"caption-attachment-4062\" style=\"width: 800px\" class=\"wp-caption alignnone\"><img decoding=\"async\" class=\"wp-image-4062 size-full\" src=\"https:\/\/vapestornado.com\/wp-content\/uploads\/2025\/04\/Bang-36000-Disposable-Vape-with-Screen.webp\" alt=\"Jednor\u00e1zov\u00e1 elektronick\u00e1 cigareta Bang 36000 s displejem\" width=\"800\" height=\"800\" srcset=\"https:\/\/vapestornado.com\/wp-content\/uploads\/2025\/04\/Bang-36000-Disposable-Vape-with-Screen.webp 800w, https:\/\/vapestornado.com\/wp-content\/uploads\/2025\/04\/Bang-36000-Disposable-Vape-with-Screen-300x300.webp 300w, https:\/\/vapestornado.com\/wp-content\/uploads\/2025\/04\/Bang-36000-Disposable-Vape-with-Screen-150x150.webp 150w, https:\/\/vapestornado.com\/wp-content\/uploads\/2025\/04\/Bang-36000-Disposable-Vape-with-Screen-768x768.webp 768w, https:\/\/vapestornado.com\/wp-content\/uploads\/2025\/04\/Bang-36000-Disposable-Vape-with-Screen-600x600.webp 600w, https:\/\/vapestornado.com\/wp-content\/uploads\/2025\/04\/Bang-36000-Disposable-Vape-with-Screen-100x100.webp 100w\" sizes=\"(max-width: 800px) 100vw, 800px\" \/><figcaption id=\"caption-attachment-4062\" class=\"wp-caption-text\">Jednor\u00e1zov\u00e1 elektronick\u00e1 cigareta Bang 36000 s displejem<\/figcaption><\/figure>\n<h2 class=\"product-title\"><strong>Seznam p\u0159\u00edchut\u00ed jednor\u00e1zov\u00fdch elektronick\u00fdch cigaret Bang King 36000 Puff<\/strong><\/h2>\n<article class=\"w-full text-token-text-primary focus-visible:outline-2 focus-visible:outline-offset-[-4px]\" dir=\"auto\" data-testid=\"conversation-turn-32\" data-scroll-anchor=\"false\">\n<div class=\"m-auto text-base py-[18px] px-6\">\n<div class=\"mx-auto flex flex-1 text-base gap-4 md:gap-5 lg:gap-6 md:max-w-3xl lg:max-w-[40rem] xl:max-w-[48rem]\">\n<div class=\"group\/conversation-turn relative flex w-full min-w-0 flex-col @xs\/thread:px-0 @sm\/thread:px-1.5 @md\/thread:px-4\">\n<div class=\"flex-col gap-1 md:gap-3\">\n<div class=\"flex max-w-full flex-col flex-grow\">\n<div class=\"min-h-8 text-message flex w-full flex-col items-end gap-2 whitespace-normal break-words text-start [.text-message+&amp;]:mt-5\" dir=\"auto\" data-message-author-role=\"user\" data-message-id=\"ffac41ca-1db4-431b-873a-32c4052956f1\">\n<div class=\"flex w-full flex-col gap-1 empty:hidden items-end rtl:items-start\">\n<div class=\"relative max-w-[var(--user-chat-width,70%)] rounded-3xl bg-token-message-surface px-5 py-2.5\">\n<div class=\"absolute bottom-0 right-full top-0 -mr-3.5 hidden pr-5 pt-2 [.group\/conversation-turn:hover_&amp;]:flex\">\n<div class=\"flex\">\n<article class=\"w-full text-token-text-primary focus-visible:outline-2 focus-visible:outline-offset-[-4px]\" dir=\"auto\" data-testid=\"conversation-turn-39\" data-scroll-anchor=\"true\">\n<div class=\"m-auto text-base py-[18px] px-6\">\n<div class=\"mx-auto flex flex-1 text-base gap-4 md:gap-5 lg:gap-6 md:max-w-3xl lg:max-w-[40rem] xl:max-w-[48rem]\">\n<div class=\"group\/conversation-turn relative flex w-full min-w-0 flex-col agent-turn @xs\/thread:px-0 @sm\/thread:px-1.5 @md\/thread:px-4\">\n<div class=\"flex-col gap-1 md:gap-3\">\n<div class=\"flex max-w-full flex-col flex-grow\">\n<div class=\"min-h-8 text-message flex w-full flex-col items-end gap-2 whitespace-normal break-words text-start [.text-message+&amp;]:mt-5\" dir=\"auto\" data-message-author-role=\"assistant\" data-message-id=\"55a23854-ec57-48dd-bd4f-6118f43d6241\" data-message-model-slug=\"gpt-4o\">\n<div class=\"flex w-full flex-col gap-1 empty:hidden first:pt-[3px]\">\n<div class=\"markdown prose w-full break-words dark:prose-invert light\">\n<p>1. Blue Razz Ice<br \/>\n2. Jahodov\u00fd meloun<br \/>\n3. Melounov\u00fd led<br \/>\n4. Jahodov\u00fd ban\u00e1n<br \/>\n5. Tropick\u00e9 ovoce<br \/>\n6. Triple Berry Ice<br \/>\n7. Juicy Peach Ice<br \/>\n8. Jahoda Kiwi<br \/>\n9. Broskvov\u00e9 mango meloun<br \/>\n10. Kiwi Marakuja Guava<br \/>\n11. Hroznov\u00e9 jablko<br \/>\n12. Pan Modr\u00fd<\/p>\n<\/div>\n<\/div>\n<\/div>\n<\/div>\n<\/div>\n<\/div>\n<\/div>\n<\/div>\n<\/article>\n<\/div>\n<\/div>\n<\/div>\n<\/div>\n<\/div>\n<\/div>\n<\/div>\n<\/div>\n<\/div>\n<\/div>\n<\/article>\n<h2>Pro\u010d si vybrat Vapestornado pro Bang King Vape 36000 Puff ke koupi?<\/h2>\n<div class=\"flex-shrink-0 flex flex-col relative items-end\">\n<div class=\"pt-0\">\n<div class=\"gizmo-bot-avatar flex h-8 w-8 items-center justify-center overflow-hidden rounded-full\">\n<div class=\"relative p-1 rounded-sm flex items-center justify-center bg-token-main-surface-primary text-token-text-primary h-8 w-8\">\n<p>At\u00a0<strong>VapeTornado<\/strong>, jsme hrd\u00ed na to, \u017ee dod\u00e1v\u00e1me\u00a0<strong>pr\u00e9miov\u00e9 vapingov\u00e9 produkty za bezkonkuren\u010dn\u00ed ceny<\/strong>\u2014a Bang King Vape 36000 Puff nen\u00ed v\u00fdjimkou! Zde je d\u016fvod, pro\u010d byste m\u011bli nakupovat u n\u00e1s:<\/p>\n<p><strong>Nejlep\u0161\u00ed velkoobchodn\u00ed ceny<\/strong>\u00a0\u2013 Nab\u00edz\u00edme\u00a0<strong>konkuren\u010dn\u00ed velkoobchodn\u00ed cena<\/strong><span style=\"font-size: 16px;\">, d\u00edky \u010demu\u017e jsme nejlep\u0161\u00ed volbou pro prodejce a vape shopy.<\/span><\/p>\n<p><strong>Rychl\u00e9<\/strong>\u00a0\u2013 Nechte si doru\u010dit objedn\u00e1vku\u00a0<strong>rychle a bezpe\u010dn\u011b<\/strong>, s mo\u017enostmi celosv\u011btov\u00e9 p\u0159epravy.<br \/>\n<strong>100% Autentick\u00e9 produkty<\/strong>\u00a0\u2013 \u017d\u00e1dn\u00e9 napodobeniny \u2013 pouze\u00a0<strong>origin\u00e1ln\u00ed jednor\u00e1zov\u00e9 e-cigarety WASPE Triple<\/strong>\u00a0s ov\u011b\u0159enou kvalitou.<br \/>\n<strong>Vynikaj\u00edc\u00ed z\u00e1kaznick\u00e1 podpora<\/strong>\u00a0\u2013 M\u00e1te ot\u00e1zky? Na\u0161i\u00a0<strong>vape experti<\/strong> jsou p\u0159ipraveni v\u00e1m pomoci 24\/7.<\/p>\n<p data-start=\"559\" data-end=\"933\" data-is-last-node=\"\" data-is-only-node=\"\">M\u00e1me tak\u00e9 dal\u0161\u00ed popul\u00e1rn\u00ed vapy s displejem, jako nap\u0159\u00edklad <a href=\"https:\/\/vapestornado.com\/cs\/product\/vapme-goat-40000-puff-40k-hookah-shisha-pen-price-wholesale-e-cigarette\/\">Vapme Goat 40000 Shisha<\/a>, <a href=\"https:\/\/vapestornado.com\/cs\/product\/waspe-aiviou-3-in-1-60000-puffs-disposable-vape-kit-best-price\/\">WASPE 60000 3 v 1<\/a>, <a href=\"https:\/\/vapestornado.com\/cs\/product\/bang-king-30000-pro-puff-30k-disposable-device-wholesale-price\/\">Bang King Pro 30000<\/a>, a dal\u0161\u00ed.<\/p>\n<\/div>\n<div class=\"relative p-1 rounded-sm flex items-center justify-center bg-token-main-surface-primary text-token-text-primary h-8 w-8\">\n<h2>\u010cASTO KLADEN\u00c9 DOTAZY<\/h2>\n<ol data-start=\"1108\" data-end=\"2038\">\n<li class=\"\" data-start=\"1108\" data-end=\"1372\">\n<p class=\"\" data-start=\"1111\" data-end=\"1372\"><strong data-start=\"1111\" data-end=\"1178\">Jak funguje du\u00e1ln\u00ed re\u017eim vapov\u00e1n\u00ed na Bang King Vape 36000?<\/strong><br data-start=\"1178\" data-end=\"1181\" \/>Za\u0159\u00edzen\u00ed nab\u00edz\u00ed <strong data-start=\"1202\" data-end=\"1215\">dva re\u017eimy<\/strong>: <strong data-start=\"1217\" data-end=\"1229\">Eko re\u017eim<\/strong> pro <strong data-start=\"1234\" data-end=\"1251\">maxim\u00e1ln\u00ed po\u010det pot\u00e1hnut\u00ed<\/strong> a <strong data-start=\"1256\" data-end=\"1270\">V\u00fdkonn\u00fd re\u017eim<\/strong> pro <strong data-start=\"1275\" data-end=\"1308\">siln\u011bj\u0161\u00ed, intenzivn\u011bj\u0161\u00ed mraky<\/strong>. Jednodu\u0161e mezi nimi p\u0159ep\u00ednejte pro vapov\u00e1n\u00ed na m\u00edru.<\/p>\n<\/li>\n<li class=\"\" data-start=\"1374\" data-end=\"1614\">\n<p class=\"\" data-start=\"1377\" data-end=\"1614\"><strong data-start=\"1377\" data-end=\"1437\">Jak se nastavuje proud vzduchu na Bang King Vape 36000?<\/strong><br data-start=\"1437\" data-end=\"1440\" \/>Ten <strong data-start=\"1447\" data-end=\"1486\">dotykov\u00fd nastaviteln\u00fd syst\u00e9m proud\u011bn\u00ed vzduchu<\/strong> umo\u017e\u0148uje p\u0159izp\u016fsobit si vdech nastaven\u00edm p\u0159\u00edvodu vzduchu \u2013 ide\u00e1ln\u00ed pro ty, kte\u0159\u00ed preferuj\u00ed <strong data-start=\"1580\" data-end=\"1611\">bu\u010f t\u011bsn\u00fd, nebo vzdu\u0161n\u00fd tah<\/strong>.<\/p>\n<\/li>\n<li class=\"\" data-start=\"1616\" data-end=\"1807\">\n<p class=\"\" data-start=\"1619\" data-end=\"1807\"><strong data-start=\"1619\" data-end=\"1663\">Mohu Bang King Vape 36000 dob\u00edjet?<\/strong><br data-start=\"1663\" data-end=\"1666\" \/>Ano! Je vybaven <strong data-start=\"1688\" data-end=\"1717\">rychlonab\u00edjec\u00edmu portu typu C<\/strong>, zaji\u0161\u0165uj\u00edc\u00ed <strong data-start=\"1728\" data-end=\"1762\">rychl\u00e9 a efektivn\u00ed dob\u00edjen\u00ed<\/strong> tak\u017ee m\u016f\u017eete pokra\u010dovat ve vapov\u00e1n\u00ed bez dlouh\u00e9ho \u010dek\u00e1n\u00ed.<\/p>\n<\/li>\n<li class=\"\" data-start=\"1809\" data-end=\"2038\">\n<p class=\"\" data-start=\"1812\" data-end=\"2038\"><strong data-start=\"1812\" data-end=\"1874\">Jak pozn\u00e1m, \u017ee se m\u016fj Bang King Vape 36000 vyb\u00edj\u00ed?<\/strong><br data-start=\"1874\" data-end=\"1877\" \/>Ten <strong data-start=\"1884\" data-end=\"1915\">digit\u00e1ln\u00ed displej s du\u00e1ln\u00ed obrazovkou<\/strong> zobrazuje <strong data-start=\"1922\" data-end=\"1963\">\u00farove\u0148 baterie a e-liquidu v re\u00e1ln\u00e9m \u010dase<\/strong>, tak\u017ee budete v\u017edy v\u011bd\u011bt, kdy je \u010das za\u0159\u00edzen\u00ed dob\u00edt nebo vym\u011bnit.<\/p>\n<\/li>\n<\/ol>\n<\/div>\n<\/div>\n<\/div>\n<\/div>","protected":false},"excerpt":{"rendered":"<p class=\"LC20lb MBeuO DKV0Md\">Bang 36000 36k Power Jednor\u00e1zov\u00e1 dob\u00edjec\u00ed vapka Puff Levn\u00e1<br \/>\nBang Puff 36k Power Jednor\u00e1zov\u00e1 vapka Jednor\u00e1zov\u00e1 sada vapky Velkoobchod<br \/>\nDigit\u00e1ln\u00ed jednor\u00e1zov\u00e1 vapka Bang 36000 Prodej p\u0159\u00edmo z tov\u00e1rny<\/p>\n<p><strong>P\u0159idejte si Amy na Whatsapp, abyste z\u00edskali spr\u00e1vnou odpov\u011b\u010f a slevu!<\/strong><\/p>\n<p><img fetchpriority=\"high\" decoding=\"async\" class=\"size-full wp-image-2932\" src=\"https:\/\/vapestornado.com\/wp-content\/uploads\/2024\/12\/Vape-Wholesale.jpg\" alt=\"Velkoobchod s vape\" width=\"229\" height=\"300\" \/><\/p>\n<h3><a href=\"https:\/\/wa.me\/8617776015835\"><span style=\"color: #ff0000;\"><strong>WhatsApp: +86 17776015835<\/strong><\/span><\/a><\/h3>\n<p>&nbsp;<\/p>","protected":false},"featured_media":4066,"comment_status":"open","ping_status":"closed","template":"","meta":{"_acf_changed":false,"_uag_custom_page_level_css":"","_lmt_disableupdate":"no","_lmt_disable":"","_monsterinsights_skip_tracking":false,"_monsterinsights_sitenote_active":false,"_monsterinsights_sitenote_note":"","_monsterinsights_sitenote_category":0,"site-sidebar-layout":"default","site-content-layout":"","ast-site-content-layout":"default","site-content-style":"default","site-sidebar-style":"default","ast-global-header-display":"","ast-banner-title-visibility":"","ast-main-header-display":"","ast-hfb-above-header-display":"","ast-hfb-below-header-display":"","ast-hfb-mobile-header-display":"","site-post-title":"","ast-breadcrumbs-content":"","ast-featured-img":"","footer-sml-layout":"","ast-disable-related-posts":"","theme-transparent-header-meta":"default","adv-header-id-meta":"","stick-header-meta":"","header-above-stick-meta":"","header-main-stick-meta":"","header-below-stick-meta":"","astra-migrate-meta-layouts":"set","ast-page-background-enabled":"default","ast-page-background-meta":{"desktop":{"background-color":"","background-image":"","background-repeat":"repeat","background-position":"center center","background-size":"auto","background-attachment":"scroll","background-type":"","background-media":"","overlay-type":"","overlay-color":"","overlay-opacity":"","overlay-gradient":""},"tablet":{"background-color":"","background-image":"","background-repeat":"repeat","background-position":"center center","background-size":"auto","background-attachment":"scroll","background-type":"","background-media":"","overlay-type":"","overlay-color":"","overlay-opacity":"","overlay-gradient":""},"mobile":{"background-color":"","background-image":"","background-repeat":"repeat","background-position":"center center","background-size":"auto","background-attachment":"scroll","background-type":"","background-media":"","overlay-type":"","overlay-color":"","overlay-opacity":"","overlay-gradient":""}},"ast-content-background-meta":{"desktop":{"background-color":"var(--ast-global-color-5)","background-image":"","background-repeat":"repeat","background-position":"center center","background-size":"auto","background-attachment":"scroll","background-type":"","background-media":"","overlay-type":"","overlay-color":"","overlay-opacity":"","overlay-gradient":""},"tablet":{"background-color":"var(--ast-global-color-5)","background-image":"","background-repeat":"repeat","background-position":"center center","background-size":"auto","background-attachment":"scroll","background-type":"","background-media":"","overlay-type":"","overlay-color":"","overlay-opacity":"","overlay-gradient":""},"mobile":{"background-color":"var(--ast-global-color-5)","background-image":"","background-repeat":"repeat","background-position":"center center","background-size":"auto","background-attachment":"scroll","background-type":"","background-media":"","overlay-type":"","overlay-color":"","overlay-opacity":"","overlay-gradient":""}},"_joinchat":{"telephone":"17776015835"}},"product_brand":[],"product_cat":[66,63,151,158,142,146],"product_tag":[315,314,105,313],"class_list":{"0":"post-4067","1":"product","2":"type-product","3":"status-publish","4":"has-post-thumbnail","6":"product_cat-36000-puff","7":"product_cat-bangking","8":"product_cat-buy-disposable-vapes-in-france","9":"product_cat-buy-disposable-vapes-in-spain","10":"product_cat-digital-box-disposable-vapes","11":"product_cat-rechargeable-disposable-vapes","12":"product_tag-bang-king-36000","13":"product_tag-bang-king-vape","14":"product_tag-digital-disposable-vape","15":"product_tag-vape-with-digital-screen","16":"desktop-align-left","17":"tablet-align-left","18":"mobile-align-left","20":"first","21":"instock","22":"sale","23":"shipping-taxable","24":"purchasable","25":"product-type-simple"},"acf":[],"uagb_featured_image_src":{"full":["https:\/\/vapestornado.com\/wp-content\/uploads\/2025\/04\/Bang-King-Constellation-36000-Puffs-Disposable-Vape.webp",800,800,false],"thumbnail":["https:\/\/vapestornado.com\/wp-content\/uploads\/2025\/04\/Bang-King-Constellation-36000-Puffs-Disposable-Vape-150x150.webp",150,150,true],"medium":["https:\/\/vapestornado.com\/wp-content\/uploads\/2025\/04\/Bang-King-Constellation-36000-Puffs-Disposable-Vape-300x300.webp",300,300,true],"medium_large":["https:\/\/vapestornado.com\/wp-content\/uploads\/2025\/04\/Bang-King-Constellation-36000-Puffs-Disposable-Vape-768x768.webp",768,768,true],"large":["https:\/\/vapestornado.com\/wp-content\/uploads\/2025\/04\/Bang-King-Constellation-36000-Puffs-Disposable-Vape.webp",800,800,false],"1536x1536":["https:\/\/vapestornado.com\/wp-content\/uploads\/2025\/04\/Bang-King-Constellation-36000-Puffs-Disposable-Vape.webp",800,800,false],"2048x2048":["https:\/\/vapestornado.com\/wp-content\/uploads\/2025\/04\/Bang-King-Constellation-36000-Puffs-Disposable-Vape.webp",800,800,false],"trp-custom-language-flag":["https:\/\/vapestornado.com\/wp-content\/uploads\/2025\/04\/Bang-King-Constellation-36000-Puffs-Disposable-Vape.webp",12,12,false],"woocommerce_thumbnail":["https:\/\/vapestornado.com\/wp-content\/uploads\/2025\/04\/Bang-King-Constellation-36000-Puffs-Disposable-Vape-300x300.webp",300,300,true],"woocommerce_single":["https:\/\/vapestornado.com\/wp-content\/uploads\/2025\/04\/Bang-King-Constellation-36000-Puffs-Disposable-Vape-600x600.webp",600,600,true],"woocommerce_gallery_thumbnail":["https:\/\/vapestornado.com\/wp-content\/uploads\/2025\/04\/Bang-King-Constellation-36000-Puffs-Disposable-Vape-100x100.webp",100,100,true]},"uagb_author_info":{"display_name":"ESAMY","author_link":"https:\/\/vapestornado.com\/cs\/author\/"},"uagb_comment_info":0,"uagb_excerpt":"Bang 36000 36k Power Disposable Vape Rechargeable Puff Cheap Bang Puff 36k Power Disposable Vape Disposable Vape Kit Wholesale Digital Disposable Vape Bang 36000 Factory Direct Sale Add Amy's whatsapp to get right reply and discount price! WhatsApp: +86 17776015835 &nbsp;","_links":{"self":[{"href":"https:\/\/vapestornado.com\/cs\/wp-json\/wp\/v2\/product\/4067","targetHints":{"allow":["GET"]}}],"collection":[{"href":"https:\/\/vapestornado.com\/cs\/wp-json\/wp\/v2\/product"}],"about":[{"href":"https:\/\/vapestornado.com\/cs\/wp-json\/wp\/v2\/types\/product"}],"replies":[{"embeddable":true,"href":"https:\/\/vapestornado.com\/cs\/wp-json\/wp\/v2\/comments?post=4067"}],"wp:featuredmedia":[{"embeddable":true,"href":"https:\/\/vapestornado.com\/cs\/wp-json\/wp\/v2\/media\/4066"}],"wp:attachment":[{"href":"https:\/\/vapestornado.com\/cs\/wp-json\/wp\/v2\/media?parent=4067"}],"wp:term":[{"taxonomy":"product_brand","embeddable":true,"href":"https:\/\/vapestornado.com\/cs\/wp-json\/wp\/v2\/product_brand?post=4067"},{"taxonomy":"product_cat","embeddable":true,"href":"https:\/\/vapestornado.com\/cs\/wp-json\/wp\/v2\/product_cat?post=4067"},{"taxonomy":"product_tag","embeddable":true,"href":"https:\/\/vapestornado.com\/cs\/wp-json\/wp\/v2\/product_tag?post=4067"}],"curies":[{"name":"wp","href":"https:\/\/api.w.org\/{rel}","templated":true}]}}