{"id":4048,"date":"2025-03-29T10:23:46","date_gmt":"2025-03-29T10:23:46","guid":{"rendered":"https:\/\/vapestornado.com\/?post_type=product&#038;p=4048"},"modified":"2025-08-23T12:02:26","modified_gmt":"2025-08-23T12:02:26","slug":"mesii-vast-energy-30k-30000-puffs-airflow-adjustable-disposable-vape-bar-to-buy-germany","status":"publish","type":"product","link":"https:\/\/vapestornado.com\/cs\/product\/mesii-vast-energy-30k-30000-puffs-airflow-adjustable-disposable-vape-bar-to-buy-germany\/","title":{"rendered":"Mesii Vast Energy 30k 30000 Puffs nastaviteln\u00fd pr\u016ftok vzduchu jednor\u00e1zov\u00e1 Vape Bar k n\u00e1kupu \u010cesk\u00e1 republika"},"content":{"rendered":"<h1 data-pm-slice=\"1 1 []\">Mesii Vast Energy 30k 30000 Puffs nastaviteln\u00fd pr\u016ftok vzduchu jednor\u00e1zov\u00e1 Vape Bar k n\u00e1kupu \u010cesk\u00e1 republika<\/h1>\n<p>Ten <strong data-start=\"324\" data-end=\"373\">Mesii Vast Energy 30000 pot\u00e1hnut\u00ed jednor\u00e1zov\u00fd vape<\/strong> je skv\u011blou volbou pro velkoobchody a prodejce vape v N\u011bmecku, kte\u0159\u00ed hledaj\u00ed pokro\u010dil\u00e9 funkce a v\u00fdhodnou cenu p\u0159i n\u00e1kupu ve velk\u00e9m. Poskytuje a\u017e <strong data-start=\"504\" data-end=\"520\">30 000 potah\u016f<\/strong>, toto za\u0159\u00edzen\u00ed kombinuje <strong data-start=\"543\" data-end=\"572\">technologie du\u00e1ln\u00ed mesh spir\u00e1lky<\/strong> s <strong data-start=\"578\" data-end=\"600\">Nastaviteln\u00fd pr\u016ftok vzduchu<\/strong>, co\u017e u\u017eivatel\u016fm d\u00e1v\u00e1 flexibilitu p\u0159ep\u00ednat mezi t\u011bsn\u00fdmi MTL potahy a vzdu\u0161n\u00fdmi DTL mraky.<\/p>\n<p>Nap\u00e1jen\u00fd <strong data-start=\"709\" data-end=\"740\">800mAh dob\u00edjec\u00ed baterie<\/strong> s <strong data-start=\"746\" data-end=\"770\">Rychl\u00e9 nab\u00edjen\u00ed Type-C<\/strong>, zaji\u0161\u0165uje spolehliv\u00fd v\u00fdkon a minim\u00e1ln\u00ed prostoje. Ten <strong data-start=\"830\" data-end=\"854\">pln\u011b digit\u00e1ln\u00ed displej<\/strong> poskytuje aktualizace v re\u00e1ln\u00e9m \u010dase o baterii, hladin\u00e1ch e-liquidu a \u010dty\u0159ech <strong data-start=\"920\" data-end=\"948\">p\u0159izp\u016fsobiteln\u00fdch re\u017eimech v\u00fdkonu<\/strong>, co\u017e u\u017eivatel\u016fm umo\u017e\u0148uje personalizovat si sv\u016fj styl vapingu.<\/p>\n<p>D\u00edky sv\u00e9 dlouhotrvaj\u00edc\u00ed kapacit\u011b, hladk\u00e9 produkci p\u00e1ry a <strong data-start=\"1070\" data-end=\"1103\">konkuren\u010dn\u00ed velkoobchodn\u00ed ceny<\/strong>, Mesii Vast Energy 30K vynik\u00e1 jako vynikaj\u00edc\u00ed volba pro velkoobchodn\u00ed n\u00e1kup pro prodejce, kte\u0159\u00ed cht\u011bj\u00ed roz\u0161\u00ed\u0159it sv\u016fj invent\u00e1\u0159 o pr\u00e9miov\u00fd jednor\u00e1zov\u00fd vape bar.<\/p>\n<p data-start=\"666\" data-end=\"1235\"><strong style=\"font-size: 16px;\"><span style=\"color: #ff0000;\">P\u0159idejte si WhatsApp Amy a z\u00edskejte okam\u017eitou odpov\u011b\u010f a zv\u00fdhodn\u011bnou cenu!<\/span><\/strong><\/p>\n<p><img fetchpriority=\"high\" decoding=\"async\" class=\"size-full wp-image-2932\" src=\"https:\/\/vapestornado.com\/wp-content\/uploads\/2024\/12\/Vape-Wholesale.jpg\" alt=\"Velkoobchod s vape\" width=\"229\" height=\"300\" \/><\/p>\n<h3><a href=\"https:\/\/wa.me\/8617776015835\" target=\"_blank\" rel=\"noopener\"><span style=\"color: #ff0000;\"><strong>WhatsApp: +86 17776015835<\/strong><\/span><\/a><\/h3>\n<p>&nbsp;<\/p>\n<h2><strong>Mesii Vast Energy 30000 kl\u00ed\u010dov\u00e9 vlastnosti produktu<\/strong><\/h2>\n<ul>\n<li class=\"\" data-start=\"589\" data-end=\"738\">\n<p class=\"\" data-start=\"591\" data-end=\"738\"><strong data-start=\"591\" data-end=\"632\">Mo\u017enosti nikotinu pro ka\u017edou preferenci<\/strong> \u2013 Vyberte si z \u00farovn\u00ed nikotinu 0 procent, 2 procenta, 3 procenta nebo 5 procent, aby odpov\u00eddaly va\u0161emu stylu vapov\u00e1n\u00ed.<\/p>\n<\/li>\n<li class=\"\" data-start=\"739\" data-end=\"834\">\n<p class=\"\" data-start=\"741\" data-end=\"834\"><strong data-start=\"741\" data-end=\"770\">Vysok\u00e1 kapacita 30000 pot\u00e1hnut\u00ed<\/strong> \u2013 Navr\u017eeno pro dlouhodob\u00e9 pou\u017e\u00edv\u00e1n\u00ed bez \u010dast\u00fdch v\u00fdm\u011bn.<\/p>\n<\/li>\n<li class=\"\" data-start=\"835\" data-end=\"940\">\n<p class=\"\" data-start=\"837\" data-end=\"940\"><strong data-start=\"837\" data-end=\"864\">30ml n\u00e1dr\u017eka na e-liquid<\/strong> \u2013 U\u017eijte si prodlou\u017een\u00e9 vapovac\u00ed seance bez nutnosti neust\u00e1l\u00e9ho dopl\u0148ov\u00e1n\u00ed.<\/p>\n<\/li>\n<li class=\"\" data-start=\"941\" data-end=\"1081\">\n<p class=\"\" data-start=\"943\" data-end=\"1081\"><strong data-start=\"943\" data-end=\"992\">Pokro\u010dil\u00e1 du\u00e1ln\u00ed mesh c\u00edvka s nastaviteln\u00fdm v\u00fdkonem<\/strong> \u2013 Zlep\u0161uje produkci p\u00e1ry a konzistenci chuti a z\u00e1rove\u0148 umo\u017e\u0148uje p\u0159izp\u016fsoben\u00ed v\u00fdkonu.<\/p>\n<\/li>\n<li class=\"\" data-start=\"1082\" data-end=\"1203\">\n<p class=\"\" data-start=\"1084\" data-end=\"1203\"><strong data-start=\"1084\" data-end=\"1107\">Displej p\u0159es celou obrazovku<\/strong> \u2013 Z\u016fsta\u0148te informov\u00e1ni d\u00edky digit\u00e1ln\u00edmu indik\u00e1toru oleje, \u00farovni v\u00fdkonu, \u010dasu vapov\u00e1n\u00ed a nastaven\u00ed v\u00fdkonu ve wattech.<\/p>\n<\/li>\n<li class=\"\" data-start=\"1204\" data-end=\"1334\">\n<p class=\"\" data-start=\"1206\" data-end=\"1334\"><strong data-start=\"1206\" data-end=\"1255\">Ovl\u00e1d\u00e1n\u00ed pr\u016ftoku vzduchu pro osobn\u00ed z\u00e1\u017eitek<\/strong> \u2013 Upravte pr\u016ftok vzduchu, abyste dos\u00e1hli dokonal\u00e9 rovnov\u00e1hy chuti a hustoty p\u00e1ry.<\/p>\n<\/li>\n<li class=\"\" data-start=\"1335\" data-end=\"1434\">\n<p class=\"\" data-start=\"1337\" data-end=\"1434\"><strong data-start=\"1337\" data-end=\"1368\">800mAh dob\u00edjec\u00ed baterie<\/strong> \u2013 Podporuje <strong data-start=\"1380\" data-end=\"1403\">rychl\u00e9 nab\u00edjen\u00ed p\u0159es USB-C<\/strong> pro rychl\u00e9 obnoven\u00ed energie.<\/p>\n<\/li>\n<li class=\"\" data-start=\"1435\" data-end=\"1544\">\n<p class=\"\" data-start=\"1437\" data-end=\"1544\"><strong data-start=\"1437\" data-end=\"1479\">\u010cty\u0159i re\u017eimy v\u00fdkonu (ECO, PLUS, PRO, MAX)<\/strong> \u2013 P\u0159izp\u016fsobte si intenzitu vapov\u00e1n\u00ed pro optim\u00e1ln\u00ed z\u00e1\u017eitek.<\/p>\n<\/li>\n<li class=\"\" data-start=\"1545\" data-end=\"1627\">\n<p class=\"\" data-start=\"1547\" data-end=\"1627\"><strong data-start=\"1547\" data-end=\"1585\">Dotykov\u00fd p\u0159ep\u00edna\u010d<\/strong> \u2013 P\u0159id\u00e1v\u00e1 futuristick\u00fd n\u00e1dech p\u0159i vapov\u00e1n\u00ed.<\/p>\n<\/li>\n<li class=\"\" data-start=\"1628\" data-end=\"1705\">\n<p class=\"\" data-start=\"1630\" data-end=\"1705\"><strong data-start=\"1630\" data-end=\"1670\">Design sko\u0159epiny Armor<\/strong> \u2013 Zaji\u0161\u0165uje odolnost a bezpe\u010dnost.<\/p>\n<\/li>\n<\/ul>\n<h2 class=\"product-title\"><strong>Seznam p\u0159\u00edchut\u00ed sady jednor\u00e1zov\u00fdch vap\u016f Mesii Vast Energy 30000 Puffs<\/strong><\/h2>\n<article class=\"w-full text-token-text-primary focus-visible:outline-2 focus-visible:outline-offset-[-4px]\" dir=\"auto\" data-testid=\"conversation-turn-32\" data-scroll-anchor=\"false\">\n<div class=\"m-auto text-base py-[18px] px-6\">\n<div class=\"mx-auto flex flex-1 text-base gap-4 md:gap-5 lg:gap-6 md:max-w-3xl lg:max-w-[40rem] xl:max-w-[48rem]\">\n<div class=\"group\/conversation-turn relative flex w-full min-w-0 flex-col @xs\/thread:px-0 @sm\/thread:px-1.5 @md\/thread:px-4\">\n<div class=\"flex-col gap-1 md:gap-3\">\n<div class=\"flex max-w-full flex-col flex-grow\">\n<div class=\"min-h-8 text-message flex w-full flex-col items-end gap-2 whitespace-normal break-words text-start [.text-message+&amp;]:mt-5\" dir=\"auto\" data-message-author-role=\"user\" data-message-id=\"ffac41ca-1db4-431b-873a-32c4052956f1\">\n<div class=\"flex w-full flex-col gap-1 empty:hidden items-end rtl:items-start\">\n<div class=\"relative max-w-[var(--user-chat-width,70%)] rounded-3xl bg-token-message-surface px-5 py-2.5\">\n<div class=\"absolute bottom-0 right-full top-0 -mr-3.5 hidden pr-5 pt-2 [.group\/conversation-turn:hover_&amp;]:flex\">\n<div class=\"flex\">\n<article class=\"w-full text-token-text-primary focus-visible:outline-2 focus-visible:outline-offset-[-4px]\" dir=\"auto\" data-testid=\"conversation-turn-39\" data-scroll-anchor=\"true\">\n<div class=\"m-auto text-base py-[18px] px-6\">\n<div class=\"mx-auto flex flex-1 text-base gap-4 md:gap-5 lg:gap-6 md:max-w-3xl lg:max-w-[40rem] xl:max-w-[48rem]\">\n<div class=\"group\/conversation-turn relative flex w-full min-w-0 flex-col agent-turn @xs\/thread:px-0 @sm\/thread:px-1.5 @md\/thread:px-4\">\n<div class=\"flex-col gap-1 md:gap-3\">\n<div class=\"flex max-w-full flex-col flex-grow\">\n<div class=\"min-h-8 text-message flex w-full flex-col items-end gap-2 whitespace-normal break-words text-start [.text-message+&amp;]:mt-5\" dir=\"auto\" data-message-author-role=\"assistant\" data-message-id=\"55a23854-ec57-48dd-bd4f-6118f43d6241\" data-message-model-slug=\"gpt-4o\">\n<div class=\"flex w-full flex-col gap-1 empty:hidden first:pt-[3px]\">\n<div class=\"markdown prose w-full break-words dark:prose-invert light\">\n<p>1. Meloun s ledem<br \/>\n2.Hroznov\u00e9 v\u00edno led<br \/>\n3. Berry Bomb (Jahodov\u00e1 bomba)<br \/>\n4. Strawberry Kiwi (Jahoda Kiwi)<br \/>\n5. Blue Razz Ice (Ledov\u00e1 Modr\u00e1 Malina)<br \/>\n6. Peach Ice (Ledov\u00e1 Broskev)<br \/>\n7. Cherry Cola Ice (Ledov\u00e1 T\u0159e\u0161\u0148ov\u00e1 Cola)<br \/>\n8. Sour Apple Ice (Ledov\u00e9 Kysel\u00e9 Jablko)<br \/>\n9. Miami Mint (Miamsk\u00e1 M\u00e1ta)<br \/>\n10. Lemon Lime (Citr\u00f3n Limetka)<br \/>\n11. Strawberry Watermelon (Jahoda Meloun)<br \/>\n12.Mu\u010denka Pomeran\u010d Guava<br \/>\n13.Malina Meloun<br \/>\n14.Ananas Mango<br \/>\n15.Dra\u010d\u00ed ovoce Ban\u00e1n T\u0159e\u0161e\u0148<\/p>\n<figure id=\"attachment_4014\" aria-describedby=\"caption-attachment-4014\" style=\"width: 800px\" class=\"wp-caption alignnone\"><img decoding=\"async\" class=\"wp-image-4014 size-full\" src=\"https:\/\/vapestornado.com\/wp-content\/uploads\/2025\/03\/Mesii-Vape-30K-Vast-Energy-Bulk-Buy-Price.webp\" alt=\"Mesii Vape 30K Vast Energy N\u00e1kupn\u00ed cena\" width=\"800\" height=\"800\" srcset=\"https:\/\/vapestornado.com\/wp-content\/uploads\/2025\/03\/Mesii-Vape-30K-Vast-Energy-Bulk-Buy-Price.webp 800w, https:\/\/vapestornado.com\/wp-content\/uploads\/2025\/03\/Mesii-Vape-30K-Vast-Energy-Bulk-Buy-Price-300x300.webp 300w, https:\/\/vapestornado.com\/wp-content\/uploads\/2025\/03\/Mesii-Vape-30K-Vast-Energy-Bulk-Buy-Price-150x150.webp 150w, https:\/\/vapestornado.com\/wp-content\/uploads\/2025\/03\/Mesii-Vape-30K-Vast-Energy-Bulk-Buy-Price-768x768.webp 768w, https:\/\/vapestornado.com\/wp-content\/uploads\/2025\/03\/Mesii-Vape-30K-Vast-Energy-Bulk-Buy-Price-600x600.webp 600w, https:\/\/vapestornado.com\/wp-content\/uploads\/2025\/03\/Mesii-Vape-30K-Vast-Energy-Bulk-Buy-Price-100x100.webp 100w\" sizes=\"(max-width: 800px) 100vw, 800px\" \/><figcaption id=\"caption-attachment-4014\" class=\"wp-caption-text\">Mesii Vape 30K Vast Energy N\u00e1kupn\u00ed cena<\/figcaption><\/figure>\n<\/div>\n<\/div>\n<\/div>\n<\/div>\n<\/div>\n<\/div>\n<\/div>\n<\/div>\n<\/article>\n<\/div>\n<\/div>\n<\/div>\n<\/div>\n<\/div>\n<\/div>\n<\/div>\n<\/div>\n<\/div>\n<\/div>\n<\/article>\n<h2>Pro\u010d zvolit Vapestornado k n\u00e1kupu Mesii Vast Energy 30k?<\/h2>\n<div class=\"flex-shrink-0 flex flex-col relative items-end\">\n<div class=\"pt-0\">\n<div class=\"gizmo-bot-avatar flex h-8 w-8 items-center justify-center overflow-hidden rounded-full\">\n<div class=\"relative p-1 rounded-sm flex items-center justify-center bg-token-main-surface-primary text-token-text-primary h-8 w-8\">\n<p>At\u00a0<strong>VapeTornado<\/strong>, jsme hrd\u00ed na to, \u017ee dod\u00e1v\u00e1me\u00a0<strong>pr\u00e9miov\u00e9 vapingov\u00e9 produkty za bezkonkuren\u010dn\u00ed ceny<\/strong>\u2014a Mesii Vast Energy 30k nen\u00ed v\u00fdjimkou! Zde je d\u016fvod, pro\u010d byste m\u011bli nakupovat od n\u00e1s:<\/p>\n<p><strong>Nejlep\u0161\u00ed velkoobchodn\u00ed ceny<\/strong>\u00a0\u2013 Nab\u00edz\u00edme\u00a0<strong>konkuren\u010dn\u00ed velkoobchodn\u00ed cena<\/strong><span style=\"font-size: 16px;\">, d\u00edky \u010demu\u017e jsme nejlep\u0161\u00ed volbou pro prodejce a vape shopy.<\/span><\/p>\n<p><strong>Rychl\u00e9<\/strong>\u00a0\u2013 Nechte si doru\u010dit objedn\u00e1vku\u00a0<strong>rychle a bezpe\u010dn\u011b<\/strong>, s mo\u017enostmi celosv\u011btov\u00e9 p\u0159epravy.<br \/>\n<strong>100% Autentick\u00e9 produkty<\/strong>\u00a0\u2013 \u017d\u00e1dn\u00e9 napodobeniny \u2013 pouze\u00a0<strong>origin\u00e1ln\u00ed jednor\u00e1zov\u00e9 e-cigarety WASPE Triple<\/strong>\u00a0s ov\u011b\u0159enou kvalitou.<br \/>\n<strong>Vynikaj\u00edc\u00ed z\u00e1kaznick\u00e1 podpora<\/strong>\u00a0\u2013 M\u00e1te ot\u00e1zky? Na\u0161i\u00a0<strong>vape experti<\/strong> jsou p\u0159ipraveni v\u00e1m pomoci 24\/7.<\/p>\n<p data-start=\"559\" data-end=\"933\" data-is-last-node=\"\" data-is-only-node=\"\">M\u00e1me tak\u00e9 dal\u0161\u00ed popul\u00e1rn\u00ed vapy s displejem, jako nap\u0159\u00edklad <a href=\"https:\/\/vapestornado.com\/cs\/product\/mesii-couple-50k-disposable-shisha-hookah-50000-puffs-vape-with-digital-display\/\">Mesii p\u00e1r 50000<\/a>, <a href=\"https:\/\/vapestornado.com\/cs\/product\/wholesale-bang-beach-38000-puff-38k-vape-disposable-vaporizer-e-cig-at-cheap-prices\/\">BANG BEACH Jednor\u00e1zov\u00e1 e-cigareta<\/a>, <a href=\"https:\/\/vapestornado.com\/cs\/product\/waspe-aiviou-3-in-1-60000-puffs-disposable-vape-kit-best-price\/\">WASPE Triple 60000 pot\u00e1hnut\u00ed<\/a>, a dal\u0161\u00ed.<\/p>\n<\/div>\n<div class=\"relative p-1 rounded-sm flex items-center justify-center bg-token-main-surface-primary text-token-text-primary h-8 w-8\">\n<h2>\u010casto kladen\u00e9 ot\u00e1zky pro Bang King 30000<\/h2>\n<p class=\"\" data-start=\"2261\" data-end=\"2438\"><strong data-start=\"2261\" data-end=\"2321\">1. Jak dlouho vydr\u017e\u00ed Mesii Vast Energy 30000 pot\u00e1hnut\u00ed?<\/strong><br data-start=\"2321\" data-end=\"2324\" \/>S <strong data-start=\"2331\" data-end=\"2354\">kapacitou 30000 pot\u00e1hnut\u00ed<\/strong>, tento vaporiz\u00e9r je navr\u017een pro dlouhodob\u00e9 pou\u017eit\u00ed, p\u0159i\u010dem\u017e d\u00e9lka se li\u0161\u00ed v z\u00e1vislosti na osobn\u00edch zvyklostech vapov\u00e1n\u00ed.<\/p>\n<p class=\"\" data-start=\"2440\" data-end=\"2641\"><strong data-start=\"2440\" data-end=\"2491\">2. Mohu nastavit v\u00fdkon a proud\u011bn\u00ed vzduchu?<\/strong><br data-start=\"2491\" data-end=\"2494\" \/>Ano, za\u0159\u00edzen\u00ed obsahuje <strong data-start=\"2519\" data-end=\"2539\">\u010dty\u0159i re\u017eimy v\u00fdkonu<\/strong> (ECO, PLUS, PRO, MAX) a <strong data-start=\"2566\" data-end=\"2588\">Nastaviteln\u00fd pr\u016ftok vzduchu<\/strong>, co\u017e v\u00e1m umo\u017en\u00ed p\u0159izp\u016fsobit si z\u00e1\u017eitek z vapov\u00e1n\u00ed.<\/p>\n<p class=\"\" data-start=\"2643\" data-end=\"2828\"><strong data-start=\"2643\" data-end=\"2697\">3. Jak zkontroluji stav baterie a e-liquidu?<\/strong><br data-start=\"2697\" data-end=\"2700\" \/>Ten <strong data-start=\"2704\" data-end=\"2735\">celoobrazovkov\u00fd digit\u00e1ln\u00ed displej<\/strong> poskytuje aktu\u00e1ln\u00ed informace o stavu baterie, hladin\u011b oleje, dob\u011b vapov\u00e1n\u00ed a nastaven\u00ed p\u0159\u00edkonu.<\/p>\n<p class=\"\" data-start=\"2830\" data-end=\"2989\"><strong data-start=\"2830\" data-end=\"2870\">4. M\u00e1 vaporiz\u00e9r rychl\u00e9 nab\u00edjen\u00ed?<\/strong><br data-start=\"2870\" data-end=\"2873\" \/>Ano, <strong data-start=\"2882\" data-end=\"2913\">800mAh dob\u00edjec\u00ed baterie<\/strong> podporuje <strong data-start=\"2923\" data-end=\"2946\">rychl\u00e9 nab\u00edjen\u00ed p\u0159es USB-C<\/strong>, co\u017e zaji\u0161\u0165uje minim\u00e1ln\u00ed prostoje mezi pou\u017eit\u00edm.<\/p>\n<\/div>\n<\/div>\n<\/div>\n<\/div>","protected":false},"excerpt":{"rendered":"<p class=\"LC20lb MBeuO DKV0Md\">Bang King 30000 Pro jednor\u00e1zov\u00fd vape box na prodej<br \/>\nVelkoobchodn\u00ed prodej Bang King 30000 pot\u00e1hnut\u00ed vape box mod<br \/>\nBang King 30000 nejlep\u0161\u00ed velkoobchod vape v \u010cesk\u00e9 republice<\/p>\n<p><strong>P\u0159idejte si Amy na Whatsapp, abyste z\u00edskali spr\u00e1vnou odpov\u011b\u010f a slevu!<\/strong><\/p>\n<p><img fetchpriority=\"high\" decoding=\"async\" class=\"size-full wp-image-2932\" src=\"https:\/\/vapestornado.com\/wp-content\/uploads\/2024\/12\/Vape-Wholesale.jpg\" alt=\"Velkoobchod s vape\" width=\"229\" height=\"300\" \/><\/p>\n<h3><a href=\"https:\/\/wa.me\/8617776015835\"><span style=\"color: #ff0000;\"><strong>WhatsApp: +86 17776015835<\/strong><\/span><\/a><\/h3>\n<p>&nbsp;<\/p>","protected":false},"featured_media":4019,"comment_status":"open","ping_status":"closed","template":"","meta":{"_acf_changed":false,"_uag_custom_page_level_css":"","_lmt_disableupdate":"no","_lmt_disable":"","_monsterinsights_skip_tracking":false,"_monsterinsights_sitenote_active":false,"_monsterinsights_sitenote_note":"","_monsterinsights_sitenote_category":0,"site-sidebar-layout":"default","site-content-layout":"","ast-site-content-layout":"default","site-content-style":"default","site-sidebar-style":"default","ast-global-header-display":"","ast-banner-title-visibility":"","ast-main-header-display":"","ast-hfb-above-header-display":"","ast-hfb-below-header-display":"","ast-hfb-mobile-header-display":"","site-post-title":"","ast-breadcrumbs-content":"","ast-featured-img":"","footer-sml-layout":"","ast-disable-related-posts":"","theme-transparent-header-meta":"default","adv-header-id-meta":"","stick-header-meta":"","header-above-stick-meta":"","header-main-stick-meta":"","header-below-stick-meta":"","astra-migrate-meta-layouts":"set","ast-page-background-enabled":"default","ast-page-background-meta":{"desktop":{"background-color":"","background-image":"","background-repeat":"repeat","background-position":"center center","background-size":"auto","background-attachment":"scroll","background-type":"","background-media":"","overlay-type":"","overlay-color":"","overlay-opacity":"","overlay-gradient":""},"tablet":{"background-color":"","background-image":"","background-repeat":"repeat","background-position":"center center","background-size":"auto","background-attachment":"scroll","background-type":"","background-media":"","overlay-type":"","overlay-color":"","overlay-opacity":"","overlay-gradient":""},"mobile":{"background-color":"","background-image":"","background-repeat":"repeat","background-position":"center center","background-size":"auto","background-attachment":"scroll","background-type":"","background-media":"","overlay-type":"","overlay-color":"","overlay-opacity":"","overlay-gradient":""}},"ast-content-background-meta":{"desktop":{"background-color":"var(--ast-global-color-5)","background-image":"","background-repeat":"repeat","background-position":"center center","background-size":"auto","background-attachment":"scroll","background-type":"","background-media":"","overlay-type":"","overlay-color":"","overlay-opacity":"","overlay-gradient":""},"tablet":{"background-color":"var(--ast-global-color-5)","background-image":"","background-repeat":"repeat","background-position":"center center","background-size":"auto","background-attachment":"scroll","background-type":"","background-media":"","overlay-type":"","overlay-color":"","overlay-opacity":"","overlay-gradient":""},"mobile":{"background-color":"var(--ast-global-color-5)","background-image":"","background-repeat":"repeat","background-position":"center center","background-size":"auto","background-attachment":"scroll","background-type":"","background-media":"","overlay-type":"","overlay-color":"","overlay-opacity":"","overlay-gradient":""}},"_joinchat":{"telephone":"17776015835"}},"product_brand":[],"product_cat":[67,149,151,143,277,146],"product_tag":[310,105,309,250,94],"class_list":{"0":"post-4048","1":"product","2":"type-product","3":"status-publish","4":"has-post-thumbnail","6":"product_cat-30000-puff","7":"product_cat-buy-disposable-vapes-in-austria","8":"product_cat-buy-disposable-vapes-in-france","9":"product_cat-dual-mesh-disposable-vapes","10":"product_cat-mesii-vape","11":"product_cat-rechargeable-disposable-vapes","12":"product_tag-airflow-adjustable-disposable-vape","13":"product_tag-digital-disposable-vape","14":"product_tag-mesii-vast-energy-30000","15":"product_tag-puff-30k","16":"product_tag-rechargeable-disposable-vape","17":"desktop-align-left","18":"tablet-align-left","19":"mobile-align-left","21":"first","22":"instock","23":"sale","24":"shipping-taxable","25":"purchasable","26":"product-type-simple"},"acf":[],"uagb_featured_image_src":{"full":["https:\/\/vapestornado.com\/wp-content\/uploads\/2025\/03\/Messi-Vast-Energy-30000-Puff-Disposable-Vape-E-Cig.webp",800,800,false],"thumbnail":["https:\/\/vapestornado.com\/wp-content\/uploads\/2025\/03\/Messi-Vast-Energy-30000-Puff-Disposable-Vape-E-Cig-150x150.webp",150,150,true],"medium":["https:\/\/vapestornado.com\/wp-content\/uploads\/2025\/03\/Messi-Vast-Energy-30000-Puff-Disposable-Vape-E-Cig-300x300.webp",300,300,true],"medium_large":["https:\/\/vapestornado.com\/wp-content\/uploads\/2025\/03\/Messi-Vast-Energy-30000-Puff-Disposable-Vape-E-Cig-768x768.webp",768,768,true],"large":["https:\/\/vapestornado.com\/wp-content\/uploads\/2025\/03\/Messi-Vast-Energy-30000-Puff-Disposable-Vape-E-Cig.webp",800,800,false],"1536x1536":["https:\/\/vapestornado.com\/wp-content\/uploads\/2025\/03\/Messi-Vast-Energy-30000-Puff-Disposable-Vape-E-Cig.webp",800,800,false],"2048x2048":["https:\/\/vapestornado.com\/wp-content\/uploads\/2025\/03\/Messi-Vast-Energy-30000-Puff-Disposable-Vape-E-Cig.webp",800,800,false],"trp-custom-language-flag":["https:\/\/vapestornado.com\/wp-content\/uploads\/2025\/03\/Messi-Vast-Energy-30000-Puff-Disposable-Vape-E-Cig.webp",12,12,false],"woocommerce_thumbnail":["https:\/\/vapestornado.com\/wp-content\/uploads\/2025\/03\/Messi-Vast-Energy-30000-Puff-Disposable-Vape-E-Cig-300x300.webp",300,300,true],"woocommerce_single":["https:\/\/vapestornado.com\/wp-content\/uploads\/2025\/03\/Messi-Vast-Energy-30000-Puff-Disposable-Vape-E-Cig-600x600.webp",600,600,true],"woocommerce_gallery_thumbnail":["https:\/\/vapestornado.com\/wp-content\/uploads\/2025\/03\/Messi-Vast-Energy-30000-Puff-Disposable-Vape-E-Cig-100x100.webp",100,100,true]},"uagb_author_info":{"display_name":"ESAMY","author_link":"https:\/\/vapestornado.com\/cs\/author\/"},"uagb_comment_info":0,"uagb_excerpt":"Bang King 30000 Pro Disposable Vape Box on Sale Wholesale Bang King 30000 Puff Vape Box Mod Wholesale Bang King 30000 Best Vape Wholesale in France Add Amy's whatsapp to get right reply and discount price! WhatsApp: +86 17776015835 &nbsp;","_links":{"self":[{"href":"https:\/\/vapestornado.com\/cs\/wp-json\/wp\/v2\/product\/4048","targetHints":{"allow":["GET"]}}],"collection":[{"href":"https:\/\/vapestornado.com\/cs\/wp-json\/wp\/v2\/product"}],"about":[{"href":"https:\/\/vapestornado.com\/cs\/wp-json\/wp\/v2\/types\/product"}],"replies":[{"embeddable":true,"href":"https:\/\/vapestornado.com\/cs\/wp-json\/wp\/v2\/comments?post=4048"}],"wp:featuredmedia":[{"embeddable":true,"href":"https:\/\/vapestornado.com\/cs\/wp-json\/wp\/v2\/media\/4019"}],"wp:attachment":[{"href":"https:\/\/vapestornado.com\/cs\/wp-json\/wp\/v2\/media?parent=4048"}],"wp:term":[{"taxonomy":"product_brand","embeddable":true,"href":"https:\/\/vapestornado.com\/cs\/wp-json\/wp\/v2\/product_brand?post=4048"},{"taxonomy":"product_cat","embeddable":true,"href":"https:\/\/vapestornado.com\/cs\/wp-json\/wp\/v2\/product_cat?post=4048"},{"taxonomy":"product_tag","embeddable":true,"href":"https:\/\/vapestornado.com\/cs\/wp-json\/wp\/v2\/product_tag?post=4048"}],"curies":[{"name":"wp","href":"https:\/\/api.w.org\/{rel}","templated":true}]}}