{"id":4047,"date":"2025-04-01T10:04:57","date_gmt":"2025-04-01T10:04:57","guid":{"rendered":"https:\/\/vapestornado.com\/?post_type=product&#038;p=4047"},"modified":"2025-08-23T12:00:28","modified_gmt":"2025-08-23T12:00:28","slug":"aivono-fatpro-22000-puffs-shisha-hookah-digital-screen-wholesaledisposables-vape-pod-shop-on-line-copy","status":"publish","type":"product","link":"https:\/\/vapestornado.com\/cs\/product\/aivono-fatpro-22000-puffs-shisha-hookah-digital-screen-wholesaledisposables-vape-pod-shop-on-line-copy\/","title":{"rendered":"AIVONO Fatpro 22000 pot\u00e1hnut\u00ed Shisha Vodn\u00ed d\u00fdmka Digit\u00e1ln\u00ed obrazovka Velkoobchod"},"content":{"rendered":"<h1 data-pm-slice=\"1 1 []\">AIVONO Fatpro 22000 pot\u00e1hnut\u00ed Shisha Vodn\u00ed d\u00fdmka Digit\u00e1ln\u00ed obrazovka Velkoobchod<\/h1>\n<p class=\"\" data-start=\"1287\" data-end=\"1418\">Ten <strong data-start=\"310\" data-end=\"362\">AIVONO Fatpro 22000 Puffs Jednor\u00e1zov\u00e1 Shisha Vape<\/strong> je navr\u017een pro distributory a vape shopy, kter\u00e9 hledaj\u00ed pr\u00e9miov\u00e9 za\u0159\u00edzen\u00ed s dlouhou \u017eivotnost\u00ed. Poskytuje a\u017e <strong data-start=\"470\" data-end=\"486\">22 000 pot\u00e1hnut\u00ed<\/strong> s velkorysou <strong data-start=\"503\" data-end=\"529\">kapacitou 28 ml e-liquidu<\/strong>, tato vape ve stylu vodn\u00ed d\u00fdmky zaji\u0161\u0165uje prodlou\u017een\u00e9 pou\u017e\u00edv\u00e1n\u00ed a trvalou spokojenost.<\/p>\n<p>Vybaveno <strong data-start=\"629\" data-end=\"655\">digit\u00e1ln\u00ed displej<\/strong>, u\u017eivatel\u00e9 mohou snadno sledovat \u017eivotnost baterie a hladinu e-liquidu v re\u00e1ln\u00e9m \u010dase. The <strong data-start=\"733\" data-end=\"762\">mesh spir\u00e1lky s odporem 0,6 \u03a9<\/strong> zvy\u0161uje hustotu p\u00e1ry a bohatost chuti, zat\u00edmco <strong data-start=\"817\" data-end=\"845\">nab\u00edjec\u00ed port typu C<\/strong> zaru\u010duje rychl\u00e9 zapnut\u00ed.<\/p>\n<p>Dostupn\u00e9 v <strong data-start=\"896\" data-end=\"919\">10 vzru\u0161uj\u00edc\u00edch p\u0159\u00edchut\u00edch<\/strong>, od ovocn\u00fdch sm\u011bs\u00ed po ledov\u00e9 a bonb\u00f3nov\u00e9 varianty, AIVONO Fatpro 22K uspokoj\u00ed r\u016fzn\u00e9 chut\u011b. D\u00edky kombinaci <strong data-start=\"1047\" data-end=\"1123\">vysok\u00e9ho po\u010dtu pot\u00e1hnut\u00ed, spolehliv\u00e9ho v\u00fdkonu a konkurenceschopn\u00fdch velkoobchodn\u00edch cen<\/strong>, je to nejlep\u0161\u00ed volba pro maloobchodn\u00edky, kte\u0159\u00ed roz\u0161i\u0159uj\u00ed sv\u016fj invent\u00e1\u0159 o velkoobjemov\u00e9 jednor\u00e1zov\u00e9 vapy.<\/p>\n<p data-start=\"666\" data-end=\"1235\"><strong style=\"font-size: 16px;\"><span style=\"color: #ff0000;\">P\u0159idejte si WhatsApp Amy a z\u00edskejte okam\u017eitou odpov\u011b\u010f a zv\u00fdhodn\u011bnou cenu!<\/span><\/strong><\/p>\n<p><img fetchpriority=\"high\" decoding=\"async\" class=\"size-full wp-image-2932\" src=\"https:\/\/vapestornado.com\/wp-content\/uploads\/2024\/12\/Vape-Wholesale.jpg\" alt=\"Velkoobchod s vape\" width=\"229\" height=\"300\" \/><\/p>\n<h3><a href=\"https:\/\/wa.me\/8617776015835\" target=\"_blank\" rel=\"noopener\"><span style=\"color: #ff0000;\"><strong>WhatsApp: +86 17776015835<\/strong><\/span><\/a><\/h3>\n<p>&nbsp;<\/p>\n<h2><strong>Kl\u00ed\u010dov\u00e9 vlastnosti produktu AIVONO Fatpro 22000<\/strong><\/h2>\n<ul>\n<li><strong>22 000 pot\u00e1hnut\u00ed<\/strong>\u00a0\u2013 Jedna z nejd\u00e9le vydr\u017e\u00edc\u00edch jednor\u00e1zov\u00fdch e-cigaret na trhu.<\/li>\n<li><strong>Kapacita e-liquidu 28 ml<\/strong>\u00a0\u2013 Bez nutnosti dopl\u0148ov\u00e1n\u00ed, jen \u010dist\u00fd po\u017eitek z vapov\u00e1n\u00ed.<\/li>\n<li><strong>600mAh dob\u00edjec\u00ed baterie<\/strong>\u00a0(Technologie j\u00e1dra z \u010dist\u00e9ho kobaltu) \u2013 \u00da\u010dinn\u00fd v\u00fdkon pro del\u0161\u00ed pou\u017e\u00edv\u00e1n\u00ed.<\/li>\n<li><strong>S\u00ed\u0165ovan\u00e1 spir\u00e1la 0,6\u03a9<\/strong>\u00a0\u2013 Zlep\u0161uje chu\u0165 a produkci p\u00e1ry pro pr\u00e9miov\u00fd z\u00e1\u017eitek.<\/li>\n<li><strong>Digit\u00e1ln\u00ed displej<\/strong>\u00a0\u2013 Pro pohodl\u00ed sleduje \u017eivotnost baterie a hladinu e-liquidu.<\/li>\n<li><strong>Rychl\u00e9 nab\u00edjen\u00ed typu C<\/strong>\u00a0\u2013 Rychl\u00e9 nab\u00edjen\u00ed pro nep\u0159eru\u0161ovan\u00e9 pou\u017e\u00edv\u00e1n\u00ed.<\/li>\n<li><strong>DTL (p\u0159\u00edmo do plic) design<\/strong>\u00a0\u2013 Ide\u00e1ln\u00ed pro hlubok\u00e9 a uspokojuj\u00edc\u00ed vdechov\u00e1n\u00ed.<\/li>\n<li><strong>V\u00edce mo\u017enost\u00ed nikotinu (0%\/2%\/3%\/5%)<\/strong>\u00a0\u2013 Vyhovuje v\u0161em preferenc\u00edm.<\/li>\n<li><strong>Lehk\u00fd<\/strong>\u00a0\u2013 Snadn\u00e9 p\u0159en\u00e1\u0161en\u00ed kamkoli.<\/li>\n<li><strong>Velkoobchod<\/strong>\u00a0\u2013 K dispozici hromadn\u00e9 objedn\u00e1vky (200 kus\u016f v krabici).<\/li>\n<\/ul>\n<h2 class=\"product-title\"><strong>Seznam p\u0159\u00edchut\u00ed jednor\u00e1zov\u00fdch vaporiz\u00e9r\u016f AIVONO Fatpro 22k Puff<\/strong><\/h2>\n<article class=\"w-full text-token-text-primary focus-visible:outline-2 focus-visible:outline-offset-[-4px]\" dir=\"auto\" data-testid=\"conversation-turn-32\" data-scroll-anchor=\"false\">\n<div class=\"m-auto text-base py-[18px] px-6\">\n<div class=\"mx-auto flex flex-1 text-base gap-4 md:gap-5 lg:gap-6 md:max-w-3xl lg:max-w-[40rem] xl:max-w-[48rem]\">\n<div class=\"group\/conversation-turn relative flex w-full min-w-0 flex-col @xs\/thread:px-0 @sm\/thread:px-1.5 @md\/thread:px-4\">\n<div class=\"flex-col gap-1 md:gap-3\">\n<div class=\"flex max-w-full flex-col flex-grow\">\n<div class=\"min-h-8 text-message flex w-full flex-col items-end gap-2 whitespace-normal break-words text-start [.text-message+&amp;]:mt-5\" dir=\"auto\" data-message-author-role=\"user\" data-message-id=\"ffac41ca-1db4-431b-873a-32c4052956f1\">\n<div class=\"flex w-full flex-col gap-1 empty:hidden items-end rtl:items-start\">\n<div class=\"relative max-w-[var(--user-chat-width,70%)] rounded-3xl bg-token-message-surface px-5 py-2.5\">\n<div class=\"absolute bottom-0 right-full top-0 -mr-3.5 hidden pr-5 pt-2 [.group\/conversation-turn:hover_&amp;]:flex\">\n<div class=\"flex\">\n<article class=\"w-full text-token-text-primary focus-visible:outline-2 focus-visible:outline-offset-[-4px]\" dir=\"auto\" data-testid=\"conversation-turn-39\" data-scroll-anchor=\"true\">\n<div class=\"m-auto text-base py-[18px] px-6\">\n<div class=\"mx-auto flex flex-1 text-base gap-4 md:gap-5 lg:gap-6 md:max-w-3xl lg:max-w-[40rem] xl:max-w-[48rem]\">\n<div class=\"group\/conversation-turn relative flex w-full min-w-0 flex-col agent-turn @xs\/thread:px-0 @sm\/thread:px-1.5 @md\/thread:px-4\">\n<div class=\"flex-col gap-1 md:gap-3\">\n<div class=\"flex max-w-full flex-col flex-grow\">\n<div class=\"min-h-8 text-message flex w-full flex-col items-end gap-2 whitespace-normal break-words text-start [.text-message+&amp;]:mt-5\" dir=\"auto\" data-message-author-role=\"assistant\" data-message-id=\"55a23854-ec57-48dd-bd4f-6118f43d6241\" data-message-model-slug=\"gpt-4o\">\n<div class=\"flex w-full flex-col gap-1 empty:hidden first:pt-[3px]\">\n<div class=\"markdown prose w-full break-words dark:prose-invert light\">\n<p>Posu\u0148te sv\u00e9 vapov\u00e1n\u00ed na vy\u0161\u0161\u00ed \u00farove\u0148 s\u00a0<strong>AIVONO Fatpro 22000 pot\u00e1hnut\u00ed<\/strong>\u00a0a jeho v\u00fdjime\u010dn\u00fdm v\u00fdb\u011brem ru\u010dn\u011b vyr\u00e1b\u011bn\u00fdch p\u0159\u00edchut\u00ed. Ka\u017ed\u00e1 varianta je odborn\u011b nam\u00edch\u00e1na tak, aby poskytovala osobit\u00fd a uspokojiv\u00fd z\u00e1\u017eitek a zajistila, \u017ee ka\u017ed\u00fd potah bude stejn\u011b nezapomenuteln\u00fd jako ten p\u0159edchoz\u00ed.<\/p>\n<p>1. Rajsk\u00e1 dvoj\u010data: Dokonal\u00e9 spojen\u00ed sv\u011b\u017e\u00edch chut\u00ed \u010derven\u00fdch a zelen\u00fdch jablek, kter\u00e9 kombinuje p\u0159irozenou sladkost s osv\u011b\u017euj\u00edc\u00ed trpkost\u00ed pro povzbuzuj\u00edc\u00ed vapov\u00e1n\u00ed.<\/p>\n<p>2. Hroznov\u00e1 jinovatka: \u0160\u0165avnat\u00e9 fialov\u00e9 hrozny se snoub\u00ed s osv\u011b\u017euj\u00edc\u00edm mentolov\u00fdm chladem a vytv\u00e1\u0159ej\u00ed tak sofistikovanou sm\u011bs, kter\u00e1 je ovocn\u00e1 i osv\u011b\u017euj\u00edc\u00ed.<\/p>\n<p>3. Ledov\u00fd meloun: Mimo\u0159\u00e1dn\u011b sladk\u00e9 melounov\u00e9 t\u00f3ny jsou zd\u016frazn\u011bny ledov\u00fdm mentolov\u00fdm z\u00e1v\u011brem, kter\u00fd p\u0159in\u00e1\u0161\u00ed ten nejlep\u0161\u00ed pocit pro uha\u0161en\u00ed \u017e\u00edzn\u011b.<\/p>\n<p>4. Mra\u017een\u00e1 bobulov\u00e1 sm\u011bs: \u017div\u00e1 sm\u011bs jahod, bor\u016fvek a ostru\u017ein, zakon\u010den\u00e1 ledov\u00fdm v\u00fddechem pro dokonale vyv\u00e1\u017een\u00fd ovocn\u00fd chlad.<\/p>\n<p>5. Bor\u016fvkov\u00e1 bublina: Hrav\u00e1 obdoba klasick\u00e9 \u017ev\u00fdka\u010dky, p\u0159ekypuj\u00edc\u00ed autentickou bor\u016fvkovou sladkost\u00ed a jemn\u00fdm, \u017ev\u00fdkav\u00fdm z\u00e1v\u011brem.<\/p>\n<p>6. Rub\u00ednov\u00e1 bobulov\u00e1 f\u00faze: Sladk\u00e9 t\u0159e\u0161n\u011b se propl\u00e9taj\u00ed s pikantn\u00edmi malinami a vytv\u00e1\u0159ej\u00ed dynamick\u00fd chu\u0165ov\u00fd profil, kter\u00fd je v\u00fdrazn\u00fd a neodolateln\u011b \u0161\u0165avnat\u00fd.<\/p>\n<p>7. Ledov\u00fd broskvov\u00fd r\u00e1j: Zral\u00e9, sluncem pol\u00edben\u00e9 broskve jsou zv\u00fdrazn\u011bny mraziv\u00fdm z\u00e1vanem mentolu, co\u017e z n\u011bj \u010din\u00ed celoro\u010dn\u00ed tropick\u00fd \u00fanik.<\/p>\n<p>8. Elix\u00edr z\u00e1had: Tajemn\u00e1 a l\u00e1kav\u00e1 sm\u011bs exotick\u00e9ho ovoce s jemn\u00fdmi kv\u011btinov\u00fdmi podt\u00f3ny, navr\u017een\u00e1 tak, aby zaujala a pot\u011b\u0161ila smysly.<\/p>\n<p>9. Krajina sn\u016f: Kr\u00e9mov\u00e1, vrstven\u00e1 sm\u011bs tropick\u00fdch a bobulov\u00fdch t\u00f3n\u016f, kter\u00e1 nab\u00edz\u00ed hladk\u00fd z\u00e1\u017eitek z vapov\u00e1n\u00ed jako ve snu.<\/p>\n<p>10. Jahodov\u00e1 exploze: Tato p\u0159\u00edchu\u0165, p\u0159ekypuj\u00edc\u00ed p\u0159irozenou sladkost\u00ed \u010derstv\u011b natrhan\u00fdch jahod, p\u0159in\u00e1\u0161\u00ed s ka\u017ed\u00fdm n\u00e1dechem jasnou, \u0161\u0165avnatou chu\u0165.<\/p>\n<figure id=\"attachment_4020\" aria-describedby=\"caption-attachment-4020\" style=\"width: 800px\" class=\"wp-caption alignnone\"><img decoding=\"async\" class=\"wp-image-4020 size-full\" src=\"https:\/\/vapestornado.com\/wp-content\/uploads\/2025\/03\/AIVONO-22000-Disposable-Puff-Bar.webp\" alt=\"AIVONO 22000 jednor\u00e1zov\u00e1 e-cigareta\" width=\"800\" height=\"800\" srcset=\"https:\/\/vapestornado.com\/wp-content\/uploads\/2025\/03\/AIVONO-22000-Disposable-Puff-Bar.webp 800w, https:\/\/vapestornado.com\/wp-content\/uploads\/2025\/03\/AIVONO-22000-Disposable-Puff-Bar-300x300.webp 300w, https:\/\/vapestornado.com\/wp-content\/uploads\/2025\/03\/AIVONO-22000-Disposable-Puff-Bar-150x150.webp 150w, https:\/\/vapestornado.com\/wp-content\/uploads\/2025\/03\/AIVONO-22000-Disposable-Puff-Bar-768x768.webp 768w, https:\/\/vapestornado.com\/wp-content\/uploads\/2025\/03\/AIVONO-22000-Disposable-Puff-Bar-600x600.webp 600w, https:\/\/vapestornado.com\/wp-content\/uploads\/2025\/03\/AIVONO-22000-Disposable-Puff-Bar-100x100.webp 100w\" sizes=\"(max-width: 800px) 100vw, 800px\" \/><figcaption id=\"caption-attachment-4020\" class=\"wp-caption-text\">AIVONO 22000 jednor\u00e1zov\u00e1 e-cigareta<\/figcaption><\/figure>\n<p>&nbsp;<\/p>\n<\/div>\n<\/div>\n<\/div>\n<\/div>\n<\/div>\n<\/div>\n<\/div>\n<\/div>\n<\/article>\n<\/div>\n<\/div>\n<\/div>\n<\/div>\n<\/div>\n<\/div>\n<\/div>\n<\/div>\n<\/div>\n<\/div>\n<\/article>\n<h2>Pro\u010d si pro n\u00e1kup AIVONO Fatpro 22000Puff vybrat Vapestornado?<\/h2>\n<div class=\"flex-shrink-0 flex flex-col relative items-end\">\n<div class=\"pt-0\">\n<div class=\"gizmo-bot-avatar flex h-8 w-8 items-center justify-center overflow-hidden rounded-full\">\n<div class=\"relative p-1 rounded-sm flex items-center justify-center bg-token-main-surface-primary text-token-text-primary h-8 w-8\">\n<p>At\u00a0<strong>VapeTornado<\/strong>, jsme hrd\u00ed na to, \u017ee dod\u00e1v\u00e1me\u00a0<strong>pr\u00e9miov\u00e9 vapingov\u00e9 produkty za bezkonkuren\u010dn\u00ed ceny<\/strong>\u2014a AIVONO Fatpro 22000 nen\u00ed v\u00fdjimkou! Zde je d\u016fvod, pro\u010d byste m\u011bli nakupovat od n\u00e1s:<\/p>\n<p><strong>Nejlep\u0161\u00ed velkoobchodn\u00ed ceny<\/strong>\u00a0\u2013 Nab\u00edz\u00edme\u00a0<strong>konkuren\u010dn\u00ed velkoobchodn\u00ed cena<\/strong><span style=\"font-size: 16px;\">, d\u00edky \u010demu\u017e jsme nejlep\u0161\u00ed volbou pro prodejce a vape shopy.<\/span><\/p>\n<p><strong>Rychl\u00e9<\/strong>\u00a0\u2013 Nechte si doru\u010dit objedn\u00e1vku\u00a0<strong>rychle a bezpe\u010dn\u011b<\/strong>, s mo\u017enostmi celosv\u011btov\u00e9 p\u0159epravy.<br \/>\n<strong>100% Autentick\u00e9 produkty<\/strong>\u00a0\u2013 \u017d\u00e1dn\u00e9 napodobeniny \u2013 pouze\u00a0<strong>origin\u00e1ln\u00ed jednor\u00e1zov\u00e9 e-cigarety WASPE Triple<\/strong>\u00a0s ov\u011b\u0159enou kvalitou.<br \/>\n<strong>Vynikaj\u00edc\u00ed z\u00e1kaznick\u00e1 podpora<\/strong>\u00a0\u2013 M\u00e1te ot\u00e1zky? Na\u0161i\u00a0<strong>vape experti<\/strong> jsou p\u0159ipraveni v\u00e1m pomoci 24\/7.<\/p>\n<p data-start=\"559\" data-end=\"933\" data-is-last-node=\"\" data-is-only-node=\"\">M\u00e1me tak\u00e9 dal\u0161\u00ed popul\u00e1rn\u00ed vapy s displejem, jako nap\u0159\u00edklad <a href=\"https:\/\/vapestornado.com\/cs\/product\/vapme-goat-40000-puff-40k-hookah-shisha-pen-price-wholesale-e-cigarette\/\">Vapme Goat 40000 Shisha<\/a>, <a href=\"https:\/\/vapestornado.com\/cs\/product\/2025-new-vopk-ultra-40000-puffs-double-flavor-disposable-vape-factory-suppliers\/\">VOPK 40000 2 v 1 jednor\u00e1zov\u00fd vape<\/a>, <a href=\"https:\/\/vapestornado.com\/cs\/product\/bang-beach-22000-20k-puff-disposable-vape-pen-with-screen-reddit-hot\/\">Bang Beach 22000<\/a>, a dal\u0161\u00ed.<\/p>\n<\/div>\n<div class=\"relative p-1 rounded-sm flex items-center justify-center bg-token-main-surface-primary text-token-text-primary h-8 w-8\">\n<h2>\u010cASTO KLADEN\u00c9 DOTAZY<\/h2>\n<p><strong>1. Jak dlouho vydr\u017e\u00ed AIVONO Fatpro 22000?<\/strong><\/p>\n<p>S\u00a0<strong>22 000 pot\u00e1hnut\u00ed<\/strong>, toto za\u0159\u00edzen\u00ed vydr\u017e\u00ed v\u00fdrazn\u011b d\u00e9le ne\u017e standardn\u00ed jednor\u00e1zov\u00e9 e-cigarety. V z\u00e1vislosti na pou\u017e\u00edv\u00e1n\u00ed m\u016f\u017ee m\u00edrn\u00fdm vaper\u016fm slou\u017eit t\u00fddny, nebo dokonce m\u011bs\u00edce.<\/p>\n<p><strong>2. Je AIVONO Fatpro dob\u00edjec\u00ed?<\/strong><\/p>\n<p>Ano! Je vybaven\u00a0<strong>nab\u00edjec\u00ed port typu C<\/strong>\u00a0a\u00a0<strong>s kapacitou 600 mAh<\/strong>, co\u017e v\u00e1m umo\u017en\u00ed pln\u011b vyu\u017e\u00edt\u00a0<strong>a objemem e-liquidu 28 ml<\/strong>\u00a0ani\u017e by v\u00e1m do\u0161la energie.<\/p>\n<p><strong>3. Jak\u00e9 jsou dostupn\u00e9 s\u00edly nikotinu?<\/strong><\/p>\n<p>AIVONO Fatpro nab\u00edz\u00ed\u00a0<strong>0% (bez nikotinu), 2%, 3% a 5% nikotinov\u00e9 soli<\/strong>\u00a0mo\u017enosti, kter\u00e9 vyhovuj\u00ed v\u0161em typ\u016fm vaper\u016f.<\/p>\n<p><strong>4. Podporuje potahy do plic (DTL)?<\/strong><\/p>\n<p>Ano! The\u00a0<strong>0,6\u03a9 mesh coil<\/strong>\u00a0a\u00a0<strong>DTL design<\/strong>\u00a0je ide\u00e1ln\u00ed pro p\u0159\u00edm\u00e9 potahov\u00e1n\u00ed do plic, produkuj\u00edc\u00ed\u00a0<strong>hladk\u00e9, chutn\u00e9 mraky p\u00e1ry<\/strong>.<\/p>\n<\/div>\n<\/div>\n<\/div>\n<\/div>","protected":false},"excerpt":{"rendered":"<p class=\"LC20lb MBeuO DKV0Md\">Ten <strong data-start=\"1217\" data-end=\"1250\">AIVONO Fatpro 22K Shisha Vape<\/strong> nab\u00edz\u00ed 22 000 pot\u00e1hnut\u00ed, digit\u00e1ln\u00ed displej a technologii mesh coil. Skv\u011bl\u00e1 volba pro <strong data-start=\"1334\" data-end=\"1359\">velkoobchodn\u00ed objedn\u00e1vky<\/strong>.<\/p>\n<p><strong>P\u0159idejte si Amy na Whatsapp, abyste z\u00edskali spr\u00e1vnou odpov\u011b\u010f a slevu!<\/strong><\/p>\n<p><img fetchpriority=\"high\" decoding=\"async\" class=\"size-full wp-image-2932\" src=\"https:\/\/vapestornado.com\/wp-content\/uploads\/2024\/12\/Vape-Wholesale.jpg\" alt=\"Velkoobchod s vape\" width=\"229\" height=\"300\" \/><\/p>\n<h3><a href=\"https:\/\/wa.me\/8617776015835\"><span style=\"color: #ff0000;\"><strong>WhatsApp: +86 17776015835<\/strong><\/span><\/a><\/h3>\n<p>&nbsp;<\/p>","protected":false},"featured_media":4026,"comment_status":"open","ping_status":"closed","template":"","meta":{"_acf_changed":false,"_uag_custom_page_level_css":"","_lmt_disableupdate":"no","_lmt_disable":"","_monsterinsights_skip_tracking":false,"_monsterinsights_sitenote_active":false,"_monsterinsights_sitenote_note":"","_monsterinsights_sitenote_category":0,"site-sidebar-layout":"default","site-content-layout":"","ast-site-content-layout":"default","site-content-style":"default","site-sidebar-style":"default","ast-global-header-display":"","ast-banner-title-visibility":"","ast-main-header-display":"","ast-hfb-above-header-display":"","ast-hfb-below-header-display":"","ast-hfb-mobile-header-display":"","site-post-title":"","ast-breadcrumbs-content":"","ast-featured-img":"","footer-sml-layout":"","ast-disable-related-posts":"","theme-transparent-header-meta":"default","adv-header-id-meta":"","stick-header-meta":"","header-above-stick-meta":"","header-main-stick-meta":"","header-below-stick-meta":"","astra-migrate-meta-layouts":"set","ast-page-background-enabled":"default","ast-page-background-meta":{"desktop":{"background-color":"","background-image":"","background-repeat":"repeat","background-position":"center center","background-size":"auto","background-attachment":"scroll","background-type":"","background-media":"","overlay-type":"","overlay-color":"","overlay-opacity":"","overlay-gradient":""},"tablet":{"background-color":"","background-image":"","background-repeat":"repeat","background-position":"center center","background-size":"auto","background-attachment":"scroll","background-type":"","background-media":"","overlay-type":"","overlay-color":"","overlay-opacity":"","overlay-gradient":""},"mobile":{"background-color":"","background-image":"","background-repeat":"repeat","background-position":"center center","background-size":"auto","background-attachment":"scroll","background-type":"","background-media":"","overlay-type":"","overlay-color":"","overlay-opacity":"","overlay-gradient":""}},"ast-content-background-meta":{"desktop":{"background-color":"var(--ast-global-color-5)","background-image":"","background-repeat":"repeat","background-position":"center center","background-size":"auto","background-attachment":"scroll","background-type":"","background-media":"","overlay-type":"","overlay-color":"","overlay-opacity":"","overlay-gradient":""},"tablet":{"background-color":"var(--ast-global-color-5)","background-image":"","background-repeat":"repeat","background-position":"center center","background-size":"auto","background-attachment":"scroll","background-type":"","background-media":"","overlay-type":"","overlay-color":"","overlay-opacity":"","overlay-gradient":""},"mobile":{"background-color":"var(--ast-global-color-5)","background-image":"","background-repeat":"repeat","background-position":"center center","background-size":"auto","background-attachment":"scroll","background-type":"","background-media":"","overlay-type":"","overlay-color":"","overlay-opacity":"","overlay-gradient":""}},"_joinchat":{"telephone":"17776015835"}},"product_brand":[],"product_cat":[176,154,147],"product_tag":[308,105,284,296,94],"class_list":{"0":"post-4047","1":"product","2":"type-product","3":"status-publish","4":"has-post-thumbnail","6":"product_cat-aivono-vape","7":"product_cat-buy-disposable-vapes-in-netherlands","8":"product_cat-shisha-hookah-disposable-vapes","9":"product_tag-aivono-fatpro-22000","10":"product_tag-digital-disposable-vape","11":"product_tag-disposable-shisha","12":"product_tag-puff-bar","13":"product_tag-rechargeable-disposable-vape","14":"desktop-align-left","15":"tablet-align-left","16":"mobile-align-left","18":"first","19":"instock","20":"sale","21":"shipping-taxable","22":"purchasable","23":"product-type-simple"},"acf":[],"uagb_featured_image_src":{"full":["https:\/\/vapestornado.com\/wp-content\/uploads\/2025\/03\/Wholesale-Vape-Original-Ainovo-Aim-Fatpro-22000-Puffs.webp",800,800,false],"thumbnail":["https:\/\/vapestornado.com\/wp-content\/uploads\/2025\/03\/Wholesale-Vape-Original-Ainovo-Aim-Fatpro-22000-Puffs-150x150.webp",150,150,true],"medium":["https:\/\/vapestornado.com\/wp-content\/uploads\/2025\/03\/Wholesale-Vape-Original-Ainovo-Aim-Fatpro-22000-Puffs-300x300.webp",300,300,true],"medium_large":["https:\/\/vapestornado.com\/wp-content\/uploads\/2025\/03\/Wholesale-Vape-Original-Ainovo-Aim-Fatpro-22000-Puffs-768x768.webp",768,768,true],"large":["https:\/\/vapestornado.com\/wp-content\/uploads\/2025\/03\/Wholesale-Vape-Original-Ainovo-Aim-Fatpro-22000-Puffs.webp",800,800,false],"1536x1536":["https:\/\/vapestornado.com\/wp-content\/uploads\/2025\/03\/Wholesale-Vape-Original-Ainovo-Aim-Fatpro-22000-Puffs.webp",800,800,false],"2048x2048":["https:\/\/vapestornado.com\/wp-content\/uploads\/2025\/03\/Wholesale-Vape-Original-Ainovo-Aim-Fatpro-22000-Puffs.webp",800,800,false],"trp-custom-language-flag":["https:\/\/vapestornado.com\/wp-content\/uploads\/2025\/03\/Wholesale-Vape-Original-Ainovo-Aim-Fatpro-22000-Puffs.webp",12,12,false],"woocommerce_thumbnail":["https:\/\/vapestornado.com\/wp-content\/uploads\/2025\/03\/Wholesale-Vape-Original-Ainovo-Aim-Fatpro-22000-Puffs-300x300.webp",300,300,true],"woocommerce_single":["https:\/\/vapestornado.com\/wp-content\/uploads\/2025\/03\/Wholesale-Vape-Original-Ainovo-Aim-Fatpro-22000-Puffs-600x600.webp",600,600,true],"woocommerce_gallery_thumbnail":["https:\/\/vapestornado.com\/wp-content\/uploads\/2025\/03\/Wholesale-Vape-Original-Ainovo-Aim-Fatpro-22000-Puffs-100x100.webp",100,100,true]},"uagb_author_info":{"display_name":"ESAMY","author_link":"https:\/\/vapestornado.com\/cs\/author\/"},"uagb_comment_info":0,"uagb_excerpt":"The AIVONO Fatpro 22K Shisha Vape offers 22,000 puffs, digital display, and mesh coil technology. A great choice for bulk wholesale orders. Add Amy's whatsapp to get right reply and discount price! WhatsApp: +86 17776015835 &nbsp;","_links":{"self":[{"href":"https:\/\/vapestornado.com\/cs\/wp-json\/wp\/v2\/product\/4047","targetHints":{"allow":["GET"]}}],"collection":[{"href":"https:\/\/vapestornado.com\/cs\/wp-json\/wp\/v2\/product"}],"about":[{"href":"https:\/\/vapestornado.com\/cs\/wp-json\/wp\/v2\/types\/product"}],"replies":[{"embeddable":true,"href":"https:\/\/vapestornado.com\/cs\/wp-json\/wp\/v2\/comments?post=4047"}],"wp:featuredmedia":[{"embeddable":true,"href":"https:\/\/vapestornado.com\/cs\/wp-json\/wp\/v2\/media\/4026"}],"wp:attachment":[{"href":"https:\/\/vapestornado.com\/cs\/wp-json\/wp\/v2\/media?parent=4047"}],"wp:term":[{"taxonomy":"product_brand","embeddable":true,"href":"https:\/\/vapestornado.com\/cs\/wp-json\/wp\/v2\/product_brand?post=4047"},{"taxonomy":"product_cat","embeddable":true,"href":"https:\/\/vapestornado.com\/cs\/wp-json\/wp\/v2\/product_cat?post=4047"},{"taxonomy":"product_tag","embeddable":true,"href":"https:\/\/vapestornado.com\/cs\/wp-json\/wp\/v2\/product_tag?post=4047"}],"curies":[{"name":"wp","href":"https:\/\/api.w.org\/{rel}","templated":true}]}}