{"id":4046,"date":"2025-03-31T09:39:14","date_gmt":"2025-03-31T09:39:14","guid":{"rendered":"https:\/\/vapestornado.com\/?post_type=product&#038;p=4046"},"modified":"2025-08-23T11:59:15","modified_gmt":"2025-08-23T11:59:15","slug":"aivono-aim-boom-25000-puffs-rechargeable-disposables-vape-pod-shop-on-line","status":"publish","type":"product","link":"https:\/\/vapestornado.com\/cs\/product\/aivono-aim-boom-25000-puffs-rechargeable-disposables-vape-pod-shop-on-line\/","title":{"rendered":"Aivono Aim Boom 25000 Puffs Dob\u00edjec\u00ed jednor\u00e1zov\u00e1 vapka E-shop"},"content":{"rendered":"<h1 data-pm-slice=\"1 1 []\">Aivono Aim Boom 25000 Puffs Dob\u00edjec\u00ed jednor\u00e1zov\u00e1 vapka E-shop<\/h1>\n<p class=\"\" data-start=\"1287\" data-end=\"1418\">Ten <strong data-start=\"285\" data-end=\"332\">Aivono Aim Boom 25000 Jednor\u00e1zov\u00e1 e-cigareta na \u0161luky<\/strong> je ur\u010den pro velkoobchody a vape shopy, kter\u00e9 hledaj\u00ed vysoce kapacitn\u00ed a spolehliv\u00e1 za\u0159\u00edzen\u00ed. Nab\u00edz\u00ed a\u017e <strong data-start=\"429\" data-end=\"445\">25 000 pot\u00e1hnut\u00ed<\/strong>, tento pod zaji\u0161\u0165uje dlouhotrvaj\u00edc\u00ed sezen\u00ed podporovan\u00e9 <strong data-start=\"501\" data-end=\"532\">650mAh dob\u00edjec\u00ed baterie<\/strong> s <strong data-start=\"538\" data-end=\"557\">Nab\u00edjen\u00ed typu C<\/strong>. <strong data-start=\"563\" data-end=\"596\">28ml p\u0159edpln\u011bnou e-liquid n\u00e1dr\u017ekou<\/strong> s <strong data-start=\"611\" data-end=\"640\">technologie du\u00e1ln\u00ed mesh spir\u00e1lky<\/strong> zaru\u010duje hladkou p\u00e1ru a siln\u00e9 pod\u00e1n\u00ed chuti od za\u010d\u00e1tku a\u017e do konce.<\/p>\n<p>Jeho <strong data-start=\"727\" data-end=\"752\">chytr\u00fd digit\u00e1ln\u00ed displej<\/strong> pr\u016fb\u011b\u017en\u011b informuje u\u017eivatele o stavu baterie a hladin\u011b e-liquidu v re\u00e1ln\u00e9m \u010dase, co\u017e zvy\u0161uje pohodl\u00ed i kontrolu. Aivono Aim Boom 25K, navr\u017een\u00fd s ohledem na hromadn\u00fd prodej, je ziskovou volbou pro distributory, kte\u0159\u00ed cht\u011bj\u00ed z\u00e1kazn\u00edk\u016fm poskytnout odoln\u00e9, chutn\u00e9 a cenov\u011b v\u00fdhodn\u00e9 jednor\u00e1zov\u00e9 vape pody.<\/p>\n<p data-start=\"666\" data-end=\"1235\"><strong style=\"font-size: 16px;\"><span style=\"color: #ff0000;\">P\u0159idejte si WhatsApp Amy a z\u00edskejte okam\u017eitou odpov\u011b\u010f a zv\u00fdhodn\u011bnou cenu!<\/span><\/strong><\/p>\n<p><img fetchpriority=\"high\" decoding=\"async\" class=\"size-full wp-image-2932\" src=\"https:\/\/vapestornado.com\/wp-content\/uploads\/2024\/12\/Vape-Wholesale.jpg\" alt=\"Velkoobchod s vape\" width=\"229\" height=\"300\" \/><\/p>\n<h3><a href=\"https:\/\/wa.me\/8617776015835\" target=\"_blank\" rel=\"noopener\"><span style=\"color: #ff0000;\"><strong>WhatsApp: +86 17776015835<\/strong><\/span><\/a><\/h3>\n<p>&nbsp;<\/p>\n<h2><strong>Aivono Aim Boom 25000 Kl\u00ed\u010dov\u00e9 vlastnosti produktu<\/strong><\/h2>\n<ul>\n<li class=\"\" data-start=\"593\" data-end=\"724\">\n<p class=\"\" data-start=\"595\" data-end=\"724\"><strong data-start=\"595\" data-end=\"627\">P\u0159izp\u016fsobiteln\u00e9 hladiny nikotinu<\/strong> \u2013 Vyberte si z 0 %, 2 %, 3 % nebo 5 % nikotinu podle sv\u00fdch preferenc\u00ed.<\/p>\n<\/li>\n<li class=\"\" data-start=\"725\" data-end=\"822\">\n<p class=\"\" data-start=\"727\" data-end=\"822\"><strong data-start=\"727\" data-end=\"758\">Masivn\u00ed kapacita 25000 \u0161luk\u016f<\/strong> \u2013 Navr\u017eeno pro prodlou\u017een\u00e9 vapov\u00e1n\u00ed bez \u010dast\u00fdch v\u00fdm\u011bn.<\/p>\n<\/li>\n<li class=\"\" data-start=\"823\" data-end=\"939\">\n<p class=\"\" data-start=\"825\" data-end=\"939\"><strong data-start=\"825\" data-end=\"852\">28ml Z\u00e1sobn\u00edk na e-liquid<\/strong> \u2013 Pojme dostatek e-liquidu pro dlouhodob\u00e9 pou\u017eit\u00ed, co\u017e sni\u017euje pot\u0159ebu neust\u00e1l\u00e9ho dopl\u0148ov\u00e1n\u00ed.<\/p>\n<\/li>\n<li class=\"\" data-start=\"940\" data-end=\"1051\">\n<p class=\"\" data-start=\"942\" data-end=\"1051\"><strong data-start=\"942\" data-end=\"969\">Pokro\u010dil\u00e1 1.2\u03a9 Mesh spir\u00e1lka<\/strong> \u2013 Zlep\u0161uje produkci p\u00e1ry a konzistenci chuti pro uspokojiv\u00fd z\u00e1\u017eitek.<\/p>\n<\/li>\n<li class=\"\" data-start=\"1052\" data-end=\"1177\">\n<p class=\"\" data-start=\"1054\" data-end=\"1177\"><strong data-start=\"1054\" data-end=\"1085\">Dob\u00edjec\u00ed baterie 650 mAh<\/strong> \u2013 Dlouhotrvaj\u00edc\u00ed v\u00fdkon s nab\u00edjen\u00edm p\u0159es USB-C pro rychl\u00e9 a efektivn\u00ed dopln\u011bn\u00ed energie.<\/p>\n<\/li>\n<li class=\"\" data-start=\"1178\" data-end=\"1277\">\n<p class=\"\" data-start=\"1180\" data-end=\"1277\"><strong data-start=\"1180\" data-end=\"1205\">Chytr\u00fd digit\u00e1ln\u00ed displej<\/strong> \u2013 Zobrazuje hladinu e-liquidu a baterie v re\u00e1ln\u00e9m \u010dase, \u010d\u00edm\u017e eliminuje dohady.<\/p>\n<\/li>\n<li class=\"\" data-start=\"1278\" data-end=\"1343\">\n<p class=\"\" data-start=\"1280\" data-end=\"1343\"><strong data-start=\"1280\" data-end=\"1304\">Design s rozsv\u011bcuj\u00edc\u00edm se logem<\/strong> \u2013 Dod\u00e1v\u00e1 stylov\u00fd prvek p\u0159i vapov\u00e1n\u00ed.<\/p>\n<\/li>\n<li class=\"\" data-start=\"1344\" data-end=\"1453\">\n<p class=\"\" data-start=\"1346\" data-end=\"1453\"><strong data-start=\"1346\" data-end=\"1369\">Du\u00e1ln\u00ed s\u00ed\u0165ov\u00fd p\u0159ep\u00edna\u010d<\/strong> \u2013 Zaji\u0161\u0165uje rovnom\u011brn\u00e9 zah\u0159\u00edv\u00e1n\u00ed a hladkou produkci p\u00e1ry pro prvot\u0159\u00eddn\u00ed z\u00e1\u017eitek z vapov\u00e1n\u00ed.<\/p>\n<\/li>\n<\/ul>\n<h2 class=\"product-title\"><strong>Seznam p\u0159\u00edchut\u00ed jednor\u00e1zov\u00fdch vap\u016f Aivono Aim Boom 25000<\/strong><\/h2>\n<article class=\"w-full text-token-text-primary focus-visible:outline-2 focus-visible:outline-offset-[-4px]\" dir=\"auto\" data-testid=\"conversation-turn-32\" data-scroll-anchor=\"false\">\n<div class=\"m-auto text-base py-[18px] px-6\">\n<div class=\"mx-auto flex flex-1 text-base gap-4 md:gap-5 lg:gap-6 md:max-w-3xl lg:max-w-[40rem] xl:max-w-[48rem]\">\n<div class=\"group\/conversation-turn relative flex w-full min-w-0 flex-col @xs\/thread:px-0 @sm\/thread:px-1.5 @md\/thread:px-4\">\n<div class=\"flex-col gap-1 md:gap-3\">\n<div class=\"flex max-w-full flex-col flex-grow\">\n<div class=\"min-h-8 text-message flex w-full flex-col items-end gap-2 whitespace-normal break-words text-start [.text-message+&amp;]:mt-5\" dir=\"auto\" data-message-author-role=\"user\" data-message-id=\"ffac41ca-1db4-431b-873a-32c4052956f1\">\n<div class=\"flex w-full flex-col gap-1 empty:hidden items-end rtl:items-start\">\n<div class=\"relative max-w-[var(--user-chat-width,70%)] rounded-3xl bg-token-message-surface px-5 py-2.5\">\n<div class=\"absolute bottom-0 right-full top-0 -mr-3.5 hidden pr-5 pt-2 [.group\/conversation-turn:hover_&amp;]:flex\">\n<div class=\"flex\">\n<article class=\"w-full text-token-text-primary focus-visible:outline-2 focus-visible:outline-offset-[-4px]\" dir=\"auto\" data-testid=\"conversation-turn-39\" data-scroll-anchor=\"true\">\n<div class=\"m-auto text-base py-[18px] px-6\">\n<div class=\"mx-auto flex flex-1 text-base gap-4 md:gap-5 lg:gap-6 md:max-w-3xl lg:max-w-[40rem] xl:max-w-[48rem]\">\n<div class=\"group\/conversation-turn relative flex w-full min-w-0 flex-col agent-turn @xs\/thread:px-0 @sm\/thread:px-1.5 @md\/thread:px-4\">\n<div class=\"flex-col gap-1 md:gap-3\">\n<div class=\"flex max-w-full flex-col flex-grow\">\n<div class=\"min-h-8 text-message flex w-full flex-col items-end gap-2 whitespace-normal break-words text-start [.text-message+&amp;]:mt-5\" dir=\"auto\" data-message-author-role=\"assistant\" data-message-id=\"55a23854-ec57-48dd-bd4f-6118f43d6241\" data-message-model-slug=\"gpt-4o\">\n<div class=\"flex w-full flex-col gap-1 empty:hidden first:pt-[3px]\">\n<div class=\"markdown prose w-full break-words dark:prose-invert light\">\n<p>1. Miami Mint<br \/>\n2. Vodn\u00ed meloun led<br \/>\n3. Modr\u00e1 malina led<br \/>\n4. Malinov\u00e1 broskev limetka<br \/>\n5. Modr\u00fd Rancher<br \/>\n6. Kysel\u00e9 mango ananas<br \/>\n7. Jahodov\u00fd B-Pop<br \/>\n8. Zelen\u00e9 jablko hrozen<br \/>\n9. Meloun citron<br \/>\n10. Ledov\u00fd vodn\u00ed meloun t\u0159e\u0161e\u0148<\/p>\n<figure id=\"attachment_4027\" aria-describedby=\"caption-attachment-4027\" style=\"width: 1024px\" class=\"wp-caption alignnone\"><img decoding=\"async\" class=\"wp-image-4027 size-large\" src=\"https:\/\/vapestornado.com\/wp-content\/uploads\/2025\/03\/Aim-Boom-25000-Factory-Price-1024x900.jpg\" alt=\"V\u00fdrobn\u00ed cena Aim Boom 25000\" width=\"1024\" height=\"900\" srcset=\"https:\/\/vapestornado.com\/wp-content\/uploads\/2025\/03\/Aim-Boom-25000-Factory-Price-1024x900.jpg 1024w, https:\/\/vapestornado.com\/wp-content\/uploads\/2025\/03\/Aim-Boom-25000-Factory-Price-300x264.jpg 300w, https:\/\/vapestornado.com\/wp-content\/uploads\/2025\/03\/Aim-Boom-25000-Factory-Price-768x675.jpg 768w, https:\/\/vapestornado.com\/wp-content\/uploads\/2025\/03\/Aim-Boom-25000-Factory-Price-1536x1349.jpg 1536w, https:\/\/vapestornado.com\/wp-content\/uploads\/2025\/03\/Aim-Boom-25000-Factory-Price-2048x1799.jpg 2048w, https:\/\/vapestornado.com\/wp-content\/uploads\/2025\/03\/Aim-Boom-25000-Factory-Price-600x527.jpg 600w\" sizes=\"(max-width: 1024px) 100vw, 1024px\" \/><figcaption id=\"caption-attachment-4027\" class=\"wp-caption-text\">V\u00fdrobn\u00ed cena Aim Boom 25000<\/figcaption><\/figure>\n<\/div>\n<\/div>\n<\/div>\n<\/div>\n<\/div>\n<\/div>\n<\/div>\n<\/div>\n<\/article>\n<\/div>\n<\/div>\n<\/div>\n<\/div>\n<\/div>\n<\/div>\n<\/div>\n<\/div>\n<\/div>\n<\/div>\n<\/article>\n<h2>Pro\u010d si vybrat Vapestornado pro n\u00e1kup Aivono Aim Boom 25000 pot\u00e1hnut\u00ed?<\/h2>\n<div class=\"flex-shrink-0 flex flex-col relative items-end\">\n<div class=\"pt-0\">\n<div class=\"gizmo-bot-avatar flex h-8 w-8 items-center justify-center overflow-hidden rounded-full\">\n<div class=\"relative p-1 rounded-sm flex items-center justify-center bg-token-main-surface-primary text-token-text-primary h-8 w-8\">\n<p>At\u00a0<strong>VapeTornado<\/strong>, jsme hrd\u00ed na to, \u017ee dod\u00e1v\u00e1me\u00a0<strong>pr\u00e9miov\u00e9 vapingov\u00e9 produkty za bezkonkuren\u010dn\u00ed ceny<\/strong>\u2014a Aivono Aim Boom 25000 nen\u00ed v\u00fdjimkou! Zde je d\u016fvod, pro\u010d byste m\u011bli nakupovat od n\u00e1s:<\/p>\n<p><strong>Nejlep\u0161\u00ed velkoobchodn\u00ed ceny<\/strong>\u00a0\u2013 Nab\u00edz\u00edme\u00a0<strong>konkuren\u010dn\u00ed velkoobchodn\u00ed cena<\/strong><span style=\"font-size: 16px;\">, d\u00edky \u010demu\u017e jsme nejlep\u0161\u00ed volbou pro prodejce a vape shopy.<\/span><\/p>\n<p><strong>Rychl\u00e9<\/strong>\u00a0\u2013 Nechte si doru\u010dit objedn\u00e1vku\u00a0<strong>rychle a bezpe\u010dn\u011b<\/strong>, s mo\u017enostmi celosv\u011btov\u00e9 p\u0159epravy.<br \/>\n<strong>100% Autentick\u00e9 produkty<\/strong>\u00a0\u2013 \u017d\u00e1dn\u00e9 napodobeniny \u2013 pouze\u00a0<strong>origin\u00e1ln\u00ed jednor\u00e1zov\u00e9 e-cigarety WASPE Triple<\/strong>\u00a0s ov\u011b\u0159enou kvalitou.<br \/>\n<strong>Vynikaj\u00edc\u00ed z\u00e1kaznick\u00e1 podpora<\/strong>\u00a0\u2013 M\u00e1te ot\u00e1zky? Na\u0161i\u00a0<strong>vape experti<\/strong> jsou p\u0159ipraveni v\u00e1m pomoci 24\/7.<\/p>\n<p data-start=\"559\" data-end=\"933\" data-is-last-node=\"\" data-is-only-node=\"\">M\u00e1me tak\u00e9 dal\u0161\u00ed popul\u00e1rn\u00ed vapy s displejem, jako nap\u0159\u00edklad <a href=\"https:\/\/vapestornado.com\/cs\/product\/vapme-goat-40000-puff-40k-hookah-shisha-pen-price-wholesale-e-cigarette\/\">Vapme Goat 40000 Shisha<\/a>, <a href=\"https:\/\/vapestornado.com\/cs\/product\/2025-new-vopk-ultra-40000-puffs-double-flavor-disposable-vape-factory-suppliers\/\">VOPK 40000 2 v 1 jednor\u00e1zov\u00fd vape<\/a>, <a href=\"https:\/\/vapestornado.com\/cs\/product\/bang-beach-22000-20k-puff-disposable-vape-pen-with-screen-reddit-hot\/\">Bang Beach 22000<\/a>, a dal\u0161\u00ed.<\/p>\n<\/div>\n<div class=\"relative p-1 rounded-sm flex items-center justify-center bg-token-main-surface-primary text-token-text-primary h-8 w-8\">\n<h2>\u010cASTO KLADEN\u00c9 DOTAZY<\/h2>\n<p class=\"\" data-start=\"1950\" data-end=\"2133\"><strong data-start=\"1950\" data-end=\"2008\">1. Jak dlouho vydr\u017e\u00ed Aivono Aim Boom 25000 Puffs?<\/strong><br data-start=\"2008\" data-end=\"2011\" \/>S kapacitou 25000 pot\u00e1hnut\u00ed je za\u0159\u00edzen\u00ed navr\u017eeno tak, aby vydr\u017eelo po del\u0161\u00ed dobu, v z\u00e1vislosti na individu\u00e1ln\u00edch zvyklostech u\u017e\u00edv\u00e1n\u00ed.<\/p>\n<p class=\"\" data-start=\"2135\" data-end=\"2277\"><strong data-start=\"2135\" data-end=\"2166\">2. Mohu vape dob\u00edjet?<\/strong><br data-start=\"2166\" data-end=\"2169\" \/>Ano, za\u0159\u00edzen\u00ed m\u00e1 dob\u00edjec\u00ed baterii s kapacitou 650 mAh a nab\u00edjen\u00edm p\u0159es USB-C pro rychl\u00e9 a snadn\u00e9 dob\u00edjen\u00ed.<\/p>\n<p class=\"\" data-start=\"2279\" data-end=\"2455\"><strong data-start=\"2279\" data-end=\"2333\">3. Jak zkontroluji stav baterie a e-liquidu?<\/strong><br data-start=\"2333\" data-end=\"2336\" \/>Chytr\u00fd displej poskytuje aktu\u00e1ln\u00ed informace o stavu baterie a hladin\u011b e-liquidu pro bezprobl\u00e9mov\u00e9 pou\u017e\u00edv\u00e1n\u00ed.<\/p>\n<p class=\"\" data-start=\"2457\" data-end=\"2622\"><strong data-start=\"2457\" data-end=\"2513\">4. \u010c\u00edm je speci\u00e1ln\u00ed technologie du\u00e1ln\u00ed mesh c\u00edvky?<\/strong><br data-start=\"2513\" data-end=\"2516\" \/>P\u0159ep\u00edn\u00e1n\u00ed du\u00e1ln\u00ed mesh c\u00edvky zvy\u0161uje produkci p\u00e1ry, co\u017e zaji\u0161\u0165uje hladk\u00e9 a konzistentn\u00ed potahy s bohatou chut\u00ed.<\/p>\n<\/div>\n<\/div>\n<\/div>\n<\/div>","protected":false},"excerpt":{"rendered":"<p class=\"LC20lb MBeuO DKV0Md\">Ten <strong data-start=\"1060\" data-end=\"1092\">Aivono Aim Boom 25K Vape Pod<\/strong> nab\u00edz\u00ed 25 000 pot\u00e1hnut\u00ed, du\u00e1ln\u00ed mesh spir\u00e1lky a chytr\u00fd displej. Je to \u0161pi\u010dkov\u00e1 volba pro <strong data-start=\"1167\" data-end=\"1197\">velkoobchodn\u00ed hromadn\u00e9 objedn\u00e1vky vape<\/strong>.<\/p>\n<p><strong>P\u0159idejte si Amy na Whatsapp, abyste z\u00edskali spr\u00e1vnou odpov\u011b\u010f a slevu!<\/strong><\/p>\n<p><img fetchpriority=\"high\" decoding=\"async\" class=\"size-full wp-image-2932\" src=\"https:\/\/vapestornado.com\/wp-content\/uploads\/2024\/12\/Vape-Wholesale.jpg\" alt=\"Velkoobchod s vape\" width=\"229\" height=\"300\" \/><\/p>\n<h3><a href=\"https:\/\/wa.me\/8617776015835\"><span style=\"color: #ff0000;\"><strong>WhatsApp: +86 17776015835<\/strong><\/span><\/a><\/h3>\n<p>&nbsp;<\/p>","protected":false},"featured_media":4030,"comment_status":"open","ping_status":"closed","template":"","meta":{"_acf_changed":false,"_uag_custom_page_level_css":"","_lmt_disableupdate":"no","_lmt_disable":"","_monsterinsights_skip_tracking":false,"_monsterinsights_sitenote_active":false,"_monsterinsights_sitenote_note":"","_monsterinsights_sitenote_category":0,"site-sidebar-layout":"default","site-content-layout":"","ast-site-content-layout":"default","site-content-style":"default","site-sidebar-style":"default","ast-global-header-display":"","ast-banner-title-visibility":"","ast-main-header-display":"","ast-hfb-above-header-display":"","ast-hfb-below-header-display":"","ast-hfb-mobile-header-display":"","site-post-title":"","ast-breadcrumbs-content":"","ast-featured-img":"","footer-sml-layout":"","ast-disable-related-posts":"","theme-transparent-header-meta":"default","adv-header-id-meta":"","stick-header-meta":"","header-above-stick-meta":"","header-main-stick-meta":"","header-below-stick-meta":"","astra-migrate-meta-layouts":"set","ast-page-background-enabled":"default","ast-page-background-meta":{"desktop":{"background-color":"","background-image":"","background-repeat":"repeat","background-position":"center center","background-size":"auto","background-attachment":"scroll","background-type":"","background-media":"","overlay-type":"","overlay-color":"","overlay-opacity":"","overlay-gradient":""},"tablet":{"background-color":"","background-image":"","background-repeat":"repeat","background-position":"center center","background-size":"auto","background-attachment":"scroll","background-type":"","background-media":"","overlay-type":"","overlay-color":"","overlay-opacity":"","overlay-gradient":""},"mobile":{"background-color":"","background-image":"","background-repeat":"repeat","background-position":"center center","background-size":"auto","background-attachment":"scroll","background-type":"","background-media":"","overlay-type":"","overlay-color":"","overlay-opacity":"","overlay-gradient":""}},"ast-content-background-meta":{"desktop":{"background-color":"var(--ast-global-color-5)","background-image":"","background-repeat":"repeat","background-position":"center center","background-size":"auto","background-attachment":"scroll","background-type":"","background-media":"","overlay-type":"","overlay-color":"","overlay-opacity":"","overlay-gradient":""},"tablet":{"background-color":"var(--ast-global-color-5)","background-image":"","background-repeat":"repeat","background-position":"center center","background-size":"auto","background-attachment":"scroll","background-type":"","background-media":"","overlay-type":"","overlay-color":"","overlay-opacity":"","overlay-gradient":""},"mobile":{"background-color":"var(--ast-global-color-5)","background-image":"","background-repeat":"repeat","background-position":"center center","background-size":"auto","background-attachment":"scroll","background-type":"","background-media":"","overlay-type":"","overlay-color":"","overlay-opacity":"","overlay-gradient":""}},"_joinchat":{"telephone":"17776015835"}},"product_brand":[],"product_cat":[68,176,156,158,142],"product_tag":[307,105,211,94,302],"class_list":{"0":"post-4046","1":"product","2":"type-product","3":"status-publish","4":"has-post-thumbnail","6":"product_cat-25000-puff","7":"product_cat-aivono-vape","8":"product_cat-buy-disposable-vapes-in-poland","9":"product_cat-buy-disposable-vapes-in-spain","10":"product_cat-digital-box-disposable-vapes","11":"product_tag-aivono-aim-boom-25000","12":"product_tag-digital-disposable-vape","13":"product_tag-puff-25k","14":"product_tag-rechargeable-disposable-vape","15":"product_tag-vape-box-mod","16":"desktop-align-left","17":"tablet-align-left","18":"mobile-align-left","20":"first","21":"instock","22":"sale","23":"shipping-taxable","24":"purchasable","25":"product-type-simple"},"acf":[],"uagb_featured_image_src":{"full":["https:\/\/vapestornado.com\/wp-content\/uploads\/2025\/03\/Aivono-Aim-Boom-25000-Best-Disposable-Vape-Wholesale.jpg",1080,1080,false],"thumbnail":["https:\/\/vapestornado.com\/wp-content\/uploads\/2025\/03\/Aivono-Aim-Boom-25000-Best-Disposable-Vape-Wholesale-150x150.jpg",150,150,true],"medium":["https:\/\/vapestornado.com\/wp-content\/uploads\/2025\/03\/Aivono-Aim-Boom-25000-Best-Disposable-Vape-Wholesale-300x300.jpg",300,300,true],"medium_large":["https:\/\/vapestornado.com\/wp-content\/uploads\/2025\/03\/Aivono-Aim-Boom-25000-Best-Disposable-Vape-Wholesale-768x768.jpg",768,768,true],"large":["https:\/\/vapestornado.com\/wp-content\/uploads\/2025\/03\/Aivono-Aim-Boom-25000-Best-Disposable-Vape-Wholesale-1024x1024.jpg",1024,1024,true],"1536x1536":["https:\/\/vapestornado.com\/wp-content\/uploads\/2025\/03\/Aivono-Aim-Boom-25000-Best-Disposable-Vape-Wholesale.jpg",1080,1080,false],"2048x2048":["https:\/\/vapestornado.com\/wp-content\/uploads\/2025\/03\/Aivono-Aim-Boom-25000-Best-Disposable-Vape-Wholesale.jpg",1080,1080,false],"trp-custom-language-flag":["https:\/\/vapestornado.com\/wp-content\/uploads\/2025\/03\/Aivono-Aim-Boom-25000-Best-Disposable-Vape-Wholesale.jpg",12,12,false],"woocommerce_thumbnail":["https:\/\/vapestornado.com\/wp-content\/uploads\/2025\/03\/Aivono-Aim-Boom-25000-Best-Disposable-Vape-Wholesale-300x300.jpg",300,300,true],"woocommerce_single":["https:\/\/vapestornado.com\/wp-content\/uploads\/2025\/03\/Aivono-Aim-Boom-25000-Best-Disposable-Vape-Wholesale-600x600.jpg",600,600,true],"woocommerce_gallery_thumbnail":["https:\/\/vapestornado.com\/wp-content\/uploads\/2025\/03\/Aivono-Aim-Boom-25000-Best-Disposable-Vape-Wholesale-100x100.jpg",100,100,true]},"uagb_author_info":{"display_name":"ESAMY","author_link":"https:\/\/vapestornado.com\/cs\/author\/"},"uagb_comment_info":0,"uagb_excerpt":"The Aivono Aim Boom 25K Vape Pod offers 25,000 puffs, dual mesh coils, and a smart display. A top pick for wholesale bulk vape orders. Add Amy's whatsapp to get right reply and discount price! WhatsApp: +86 17776015835 &nbsp;","_links":{"self":[{"href":"https:\/\/vapestornado.com\/cs\/wp-json\/wp\/v2\/product\/4046","targetHints":{"allow":["GET"]}}],"collection":[{"href":"https:\/\/vapestornado.com\/cs\/wp-json\/wp\/v2\/product"}],"about":[{"href":"https:\/\/vapestornado.com\/cs\/wp-json\/wp\/v2\/types\/product"}],"replies":[{"embeddable":true,"href":"https:\/\/vapestornado.com\/cs\/wp-json\/wp\/v2\/comments?post=4046"}],"wp:featuredmedia":[{"embeddable":true,"href":"https:\/\/vapestornado.com\/cs\/wp-json\/wp\/v2\/media\/4030"}],"wp:attachment":[{"href":"https:\/\/vapestornado.com\/cs\/wp-json\/wp\/v2\/media?parent=4046"}],"wp:term":[{"taxonomy":"product_brand","embeddable":true,"href":"https:\/\/vapestornado.com\/cs\/wp-json\/wp\/v2\/product_brand?post=4046"},{"taxonomy":"product_cat","embeddable":true,"href":"https:\/\/vapestornado.com\/cs\/wp-json\/wp\/v2\/product_cat?post=4046"},{"taxonomy":"product_tag","embeddable":true,"href":"https:\/\/vapestornado.com\/cs\/wp-json\/wp\/v2\/product_tag?post=4046"}],"curies":[{"name":"wp","href":"https:\/\/api.w.org\/{rel}","templated":true}]}}