{"id":4013,"date":"2025-03-27T09:03:34","date_gmt":"2025-03-27T09:03:34","guid":{"rendered":"https:\/\/vapestornado.com\/?post_type=product&#038;p=4013"},"modified":"2025-12-16T09:46:56","modified_gmt":"2025-12-16T09:46:56","slug":"waspe-aiviou-3-in-1-60000-puffs-disposable-vape-kit-best-price","status":"publish","type":"product","link":"https:\/\/vapestornado.com\/cs\/product\/waspe-aiviou-3-in-1-60000-puffs-disposable-vape-kit-best-price\/","title":{"rendered":"Waspe Aiviou 3 v 1, 60000 pota\u017een\u00ed, sada jednor\u00e1zov\u00fdch vap\u016f, nejlep\u0161\u00ed cena"},"content":{"rendered":"<h1 data-pm-slice=\"1 1 []\">Waspe 60000 Puffs Jednor\u00e1zov\u00e1 vape sada 3 p\u0159\u00edchut\u011b p\u0159ep\u00edn\u00e1n\u00ed + 54ml E-juice<\/h1>\n<p data-start=\"1232\" data-end=\"1466\">Ten <strong data-start=\"99\" data-end=\"134\">Waspe Aiviou 3 v 1 60000 Puffs<\/strong> je navr\u017een pro mu\u017ee, kte\u0159\u00ed necht\u011bj\u00ed nosit dv\u011b nebo t\u0159i za\u0159\u00edzen\u00ed jen proto, aby se vyhnuli nudy s p\u0159\u00edchut\u011bmi. Dostanete <strong data-start=\"236\" data-end=\"279\">t\u0159i p\u0159edpln\u011bn\u00e9 n\u00e1pln\u011b 18ml (celkem 54ml)<\/strong> v jednom t\u011ble, <strong data-start=\"295\" data-end=\"320\">trojit\u00e9 p\u0159ep\u00edn\u00e1n\u00ed p\u0159\u00edchut\u00ed<\/strong>, a <strong data-start=\"326\" data-end=\"356\">v\u00fdkon s mesh c\u00edvkou 0,9\u03a9<\/strong> kter\u00e1 z\u016fst\u00e1v\u00e1 jemn\u00e1 i p\u0159i intenzivn\u00edm pou\u017e\u00edv\u00e1n\u00ed. P\u0159idejte k tomu <strong data-start=\"410\" data-end=\"425\">LED displej<\/strong> a <strong data-start=\"430\" data-end=\"468\">dob\u00edjec\u00ed bateri\u00ed 650mAh s konektorem Type-C<\/strong>, a st\u00e1v\u00e1 se to dlouhodob\u00fdm za\u0159\u00edzen\u00edm, kter\u00e9 zvl\u00e1dnete denn\u011b \u2013 \u017e\u00e1dn\u00e9 h\u00e1d\u00e1n\u00ed, \u017e\u00e1dn\u00e9 pl\u00fdtv\u00e1n\u00ed tekutinou.<\/p>\n<h3 data-start=\"772\" data-end=\"823\">Pro\u010d se Waspe 60000 Puff odli\u0161uje od vysokokapacitn\u00edch jednor\u00e1zov\u00fdch za\u0159\u00edzen\u00ed?<\/h3>\n<ul data-start=\"825\" data-end=\"2411\">\n<li data-start=\"825\" data-end=\"1147\">\n<p data-start=\"827\" data-end=\"1147\"><strong data-start=\"827\" data-end=\"866\">3 p\u0159\u00edchut\u011b bez no\u0161en\u00ed dal\u0161\u00edch.<\/strong> Tento <strong data-start=\"872\" data-end=\"900\">Jednor\u00e1zov\u00e1 vape s 3 p\u0159\u00edchut\u011bmi<\/strong> pou\u017e\u00edv\u00e1 skute\u010dn\u00fd <strong data-start=\"913\" data-end=\"940\">3-v-1 p\u0159ep\u00ednac\u00ed syst\u00e9m<\/strong>, tak\u017ee m\u016f\u017eete p\u0159ep\u00ednat mezi profily, kdy\u017e se va\u0161e chu\u0165 zm\u011bn\u00ed. Pro mnoho u\u017eivatel\u016f je to rozd\u00edl mezi dokon\u010den\u00edm za\u0159\u00edzen\u00ed s vysokou kapacitou a jeho opu\u0161t\u011bn\u00edm uprost\u0159ed, proto\u017ee jedna p\u0159\u00edchu\u0165 se stane \u00fanavnou.<\/p>\n<\/li>\n<li data-start=\"1149\" data-end=\"1502\">\n<p data-start=\"1151\" data-end=\"1502\"><strong data-start=\"1151\" data-end=\"1199\">Skute\u010dn\u00e1 v\u00fddr\u017e podpo\u0159en\u00e1 skute\u010dn\u00fdm objemem tekutiny.<\/strong> <strong data-start=\"1200\" data-end=\"1221\">Waspe 60000 Puffs<\/strong> nen\u00ed jen velk\u00e9 \u010d\u00edslo na krabici\u2014<strong data-start=\"1257\" data-end=\"1274\">54ml (3\u00d718ml)<\/strong> je navr\u017eeno pro dlouhodob\u00e9 pou\u017eit\u00ed. Proto se dob\u0159e prod\u00e1v\u00e1 na trz\u00edch s vysok\u00fdm obratem, jako jsou <strong data-start=\"1361\" data-end=\"1416\">Polsko, N\u011bmecko, \u0160pan\u011blsko, Francie a Nizozemsko<\/strong>, zejm\u00e9na pro kupuj\u00edc\u00ed, kte\u0159\u00ed cht\u011bj\u00ed m\u00e9n\u011b v\u00fdm\u011bn a p\u0159edv\u00eddateln\u011bj\u0161\u00ed n\u00e1klady na den.<\/p>\n<\/li>\n<li data-start=\"1504\" data-end=\"1775\">\n<p data-start=\"1506\" data-end=\"1775\"><strong data-start=\"1506\" data-end=\"1551\">Stabilita s\u00ed\u0165ov\u00fdch c\u00edvek p\u0159i dlouh\u00fdch sezen\u00edch.<\/strong> S <strong data-start=\"1557\" data-end=\"1581\">0,9\u03a9 s\u00ed\u0165ov\u00e9 c\u00edvky (\u00d73)<\/strong>, p\u00e1ra z\u016fst\u00e1v\u00e1 hladk\u00e1 a chu\u0165 z\u016fst\u00e1v\u00e1 jasn\u00e1 hloub\u011bji v z\u00e1sobn\u00edc\u00edch. To je d\u016fle\u017eit\u00e9 pro t\u011b\u017ek\u00e9 u\u017eivatele, kte\u0159\u00ed kou\u0159\u00ed v \u0159et\u011bzci\u2014oh\u0159ev s\u00edt\u00ed sni\u017euje ostr\u00fd, such\u00fd okraj, kter\u00fd se m\u016f\u017ee u levn\u011bj\u0161\u00edch c\u00edvek \u010dasem vyvinout.<\/p>\n<\/li>\n<li data-start=\"1777\" data-end=\"2070\">\n<p data-start=\"1779\" data-end=\"2070\"><strong data-start=\"1779\" data-end=\"1816\">LED displej v\u00e1s dr\u017e\u00ed pod kontrolou.<\/strong> Chytr\u00fd displej ukazuje stav baterie a e-liquidu, tak\u017ee v\u00edte, jestli je p\u0159ipraven na dlouh\u00fd pracovn\u00ed den nebo jestli je t\u0159eba nejd\u0159\u00edv nab\u00edt. To je praktick\u00fd detail, kter\u00fd od za\u0159\u00edzen\u00ed, je\u017e sout\u011b\u017e\u00ed v <strong data-start=\"2027\" data-end=\"2055\">\u017deb\u0159\u00ed\u010dek elektronick\u00fdch cigaret 2025<\/strong> konverzac\u00edch o\u010dek\u00e1vaj\u00ed lid\u00e9.<\/p>\n<\/li>\n<li data-start=\"2072\" data-end=\"2411\">\n<p data-start=\"2074\" data-end=\"2411\"><strong data-start=\"2074\" data-end=\"2129\">Dob\u00edjec\u00ed pohodl\u00ed, kter\u00e9 p\u0159ekon\u00e1v\u00e1 impulzivn\u00ed n\u00e1kupy.<\/strong> Pokud va\u0161e rutina zahrnuje \u201e<strong data-start=\"2156\" data-end=\"2174\">Koupit cigarety<\/strong>\u201c zast\u00e1vky nebo posledn\u00ed chv\u00edle v\u00fdm\u011bn, pom\u00e1h\u00e1 tento dob\u00edjec\u00ed design s USB-C ukon\u010dit tento cyklus. Pro mnoho z\u00e1kazn\u00edk\u016f, kte\u0159\u00ed <strong data-start=\"2287\" data-end=\"2310\">Koupit vaporiz\u00e9r v \u010cesku<\/strong>, je hodnota jednoduch\u00e1: jeden p\u0159\u00edstroj vydr\u017e\u00ed d\u00e9le a vy dob\u00edj\u00edte m\u00edsto toho, abyste ho ka\u017ed\u00fd p\u00e1r dn\u00ed znovu kupovali.<\/p>\n<\/li>\n<\/ul>\n<p data-start=\"666\" data-end=\"1235\"><strong style=\"font-size: 16px;\"><span style=\"color: #ff0000;\">P\u0159idejte si WhatsApp Amy a z\u00edskejte okam\u017eitou odpov\u011b\u010f a zv\u00fdhodn\u011bnou cenu!<\/span><\/strong><\/p>\n<p><img fetchpriority=\"high\" decoding=\"async\" class=\"size-full wp-image-2932\" src=\"https:\/\/vapestornado.com\/wp-content\/uploads\/2024\/12\/Vape-Wholesale.jpg\" alt=\"Velkoobchod s vape\" width=\"229\" height=\"300\" \/><\/p>\n<h3><a href=\"https:\/\/wa.me\/8617776015835\" target=\"_blank\" rel=\"noopener\"><span style=\"color: #ff0000;\"><strong>WhatsApp: +86 17776015835<\/strong><\/span><\/a><\/h3>\n<p>&nbsp;<\/p>\n<h2><strong>Waspe Aiviou 3 v 1 60000 pot\u00e1hnut\u00ed Kl\u00ed\u010dov\u00e9 vlastnosti produktu<\/strong><\/h2>\n<table>\n<thead>\n<tr>\n<th>Funkce<\/th>\n<th>specifikace<\/th>\n<th>jak to funguje<\/th>\n<\/tr>\n<\/thead>\n<tbody>\n<tr>\n<td>N\u00e1zev produktu<\/td>\n<td>Waspe Aiviou 3 v 1 60000 Puffs<\/td>\n<td>T\u0159\u00edz\u00e1sobn\u00edkov\u00e1 jednor\u00e1zov\u00e1 sada vaporiz\u00e9ru s mo\u017enost\u00ed p\u0159ep\u00edn\u00e1n\u00ed p\u0159\u00edchut\u00ed.<\/td>\n<\/tr>\n<tr>\n<td>Kapacita pot\u00e1hnut\u00ed<\/td>\n<td>A\u017e 60 000 potah\u016f<\/td>\n<td>Vysoce v\u00fdkonn\u00fd v\u00fdstup navr\u017een\u00fd ke sn\u00ed\u017een\u00ed frekvence v\u00fdm\u011bn.<\/td>\n<\/tr>\n<tr>\n<td>Syst\u00e9m p\u0159\u00edchut\u00ed<\/td>\n<td>3-v-1 P\u0159ep\u00edna\u010d t\u0159\u00ed p\u0159\u00edchut\u00ed<\/td>\n<td>Umo\u017e\u0148uje v\u00e1m okam\u017eit\u011b m\u011bnit p\u0159\u00edchut\u011b bez v\u00fdm\u011bny za\u0159\u00edzen\u00ed.<\/td>\n<\/tr>\n<tr>\n<td>Objem e-liquidu<\/td>\n<td>Celkem 54 ml (3\u00d718 ml z\u00e1sobn\u00edk\u016f)<\/td>\n<td>Velk\u00e1 kapaln\u00e1 z\u00e1soba podporuje dlouhou \u017eivotnost a prodlou\u017een\u00e9 seance.<\/td>\n<\/tr>\n<tr>\n<td>Syst\u00e9m c\u00edvek<\/td>\n<td>0,9\u03a9 Mesh c\u00edvka \u00d73<\/td>\n<td>Rovnom\u011brn\u00e9 vyt\u00e1p\u011bn\u00ed zlep\u0161uje plynulost a pom\u00e1h\u00e1 zachovat chu\u0165ovou konzistenci.<\/td>\n<\/tr>\n<tr>\n<td>Baterie<\/td>\n<td>650mAh dob\u00edjec\u00ed<\/td>\n<td>Dob\u00edjen\u00ed zabr\u00e1n\u00ed p\u0159ed\u010dasn\u00e9mu vy\u0159azen\u00ed p\u0159ed vy\u010derp\u00e1n\u00edm kapaliny.<\/td>\n<\/tr>\n<tr>\n<td>Nab\u00edjen\u00ed<\/td>\n<td>Rychl\u00e9 nab\u00edjen\u00ed Type-C<\/td>\n<td>Rychl\u00e9 dopl\u0148ky s modern\u00edmi kabely b\u011b\u017en\u011b pou\u017e\u00edvan\u00fdmi v Evrop\u011b.<\/td>\n<\/tr>\n<tr>\n<td>Displej<\/td>\n<td>LED indik\u00e1tor baterie a e-liquidu<\/td>\n<td>Jasn\u011b ukazuje stav, aby se p\u0159ede\u0161lo p\u0159ekvapen\u00ed b\u011bhem ka\u017edodenn\u00edho pou\u017e\u00edv\u00e1n\u00ed.<\/td>\n<\/tr>\n<tr>\n<td>Mo\u017enosti nikotinu<\/td>\n<td>0% \/ 2% \/ 5%<\/td>\n<td>Bez nikotinu, s n\u00edzk\u00fdm nebo siln\u011bj\u0161\u00edm hrdlov\u00fdm n\u00e1razem podle preference.<\/td>\n<\/tr>\n<\/tbody>\n<\/table>\n<h2 class=\"product-title\"><strong>Seznam p\u0159\u00edchut\u00ed jednor\u00e1zov\u00fdch pod\u016f WASPE 60K 60000 Puffs<\/strong><\/h2>\n<article class=\"w-full text-token-text-primary focus-visible:outline-2 focus-visible:outline-offset-[-4px]\" dir=\"auto\" data-testid=\"conversation-turn-32\" data-scroll-anchor=\"false\">\n<div class=\"m-auto text-base py-[18px] px-6\">\n<div class=\"mx-auto flex flex-1 text-base gap-4 md:gap-5 lg:gap-6 md:max-w-3xl lg:max-w-[40rem] xl:max-w-[48rem]\">\n<div class=\"group\/conversation-turn relative flex w-full min-w-0 flex-col @xs\/thread:px-0 @sm\/thread:px-1.5 @md\/thread:px-4\">\n<div class=\"flex-col gap-1 md:gap-3\">\n<div class=\"flex max-w-full flex-col flex-grow\">\n<div class=\"min-h-8 text-message flex w-full flex-col items-end gap-2 whitespace-normal break-words text-start [.text-message+&amp;]:mt-5\" dir=\"auto\" data-message-author-role=\"user\" data-message-id=\"ffac41ca-1db4-431b-873a-32c4052956f1\">\n<div class=\"flex w-full flex-col gap-1 empty:hidden items-end rtl:items-start\">\n<div class=\"relative max-w-[var(--user-chat-width,70%)] rounded-3xl bg-token-message-surface px-5 py-2.5\">\n<div class=\"absolute bottom-0 right-full top-0 -mr-3.5 hidden pr-5 pt-2 [.group\/conversation-turn:hover_&amp;]:flex\">\n<div class=\"flex\">\n<article class=\"w-full text-token-text-primary focus-visible:outline-2 focus-visible:outline-offset-[-4px]\" dir=\"auto\" data-testid=\"conversation-turn-39\" data-scroll-anchor=\"true\">\n<div class=\"m-auto text-base py-[18px] px-6\">\n<div class=\"mx-auto flex flex-1 text-base gap-4 md:gap-5 lg:gap-6 md:max-w-3xl lg:max-w-[40rem] xl:max-w-[48rem]\">\n<div class=\"group\/conversation-turn relative flex w-full min-w-0 flex-col agent-turn @xs\/thread:px-0 @sm\/thread:px-1.5 @md\/thread:px-4\">\n<div class=\"flex-col gap-1 md:gap-3\">\n<div class=\"flex max-w-full flex-col flex-grow\">\n<div class=\"min-h-8 text-message flex w-full flex-col items-end gap-2 whitespace-normal break-words text-start [.text-message+&amp;]:mt-5\" dir=\"auto\" data-message-author-role=\"assistant\" data-message-id=\"55a23854-ec57-48dd-bd4f-6118f43d6241\" data-message-model-slug=\"gpt-4o\">\n<div class=\"flex w-full flex-col gap-1 empty:hidden first:pt-[3px]\">\n<div class=\"markdown prose w-full break-words dark:prose-invert light\">\n<p>1. Melounov\u00fd led<br \/>\n2. Jahodov\u00fd meloun<br \/>\n3. Bor\u016fvkov\u00fd led<br \/>\n4. Jahodov\u00e1 malina t\u0159e\u0161e\u0148<br \/>\n5. Broskvov\u00fd led<br \/>\n6. Red Bull Ice<br \/>\n7. M\u00edchan\u00e9 bobule<br \/>\n8. Trojit\u00fd melounov\u00fd led<br \/>\n9. Hroznov\u00fd led<br \/>\n10. Jahodov\u00fd ban\u00e1n<br \/>\n11. T\u0159e\u0161\u0148ov\u00e1 Cola Ice<br \/>\n12. Bor\u016fvkov\u00e1 malina<\/p>\n<figure id=\"attachment_4688\" aria-describedby=\"caption-attachment-4688\" style=\"width: 225px\" class=\"wp-caption alignnone\"><img decoding=\"async\" class=\"size-medium wp-image-4688\" src=\"https:\/\/vapestornado.com\/wp-content\/uploads\/2025\/12\/WASPE-60000-PUFF-3-IN-1-Diposable-Vape-All-Flaovr-225x300.jpg\" alt=\"Waspe Aiviou 3 v 1 60000 Puffs Jednor\u00e1zov\u00fd vaporiz\u00e9r s r\u016fzn\u00fdmi p\u0159\u00edchut\u011bmi\" width=\"225\" height=\"300\" srcset=\"https:\/\/vapestornado.com\/wp-content\/uploads\/2025\/12\/WASPE-60000-PUFF-3-IN-1-Diposable-Vape-All-Flaovr-225x300.jpg 225w, https:\/\/vapestornado.com\/wp-content\/uploads\/2025\/12\/WASPE-60000-PUFF-3-IN-1-Diposable-Vape-All-Flaovr-768x1024.jpg 768w, https:\/\/vapestornado.com\/wp-content\/uploads\/2025\/12\/WASPE-60000-PUFF-3-IN-1-Diposable-Vape-All-Flaovr-1152x1536.jpg 1152w, https:\/\/vapestornado.com\/wp-content\/uploads\/2025\/12\/WASPE-60000-PUFF-3-IN-1-Diposable-Vape-All-Flaovr-9x12.jpg 9w, https:\/\/vapestornado.com\/wp-content\/uploads\/2025\/12\/WASPE-60000-PUFF-3-IN-1-Diposable-Vape-All-Flaovr-600x800.jpg 600w, https:\/\/vapestornado.com\/wp-content\/uploads\/2025\/12\/WASPE-60000-PUFF-3-IN-1-Diposable-Vape-All-Flaovr.jpg 1280w\" sizes=\"(max-width: 225px) 100vw, 225px\" \/><figcaption id=\"caption-attachment-4688\" class=\"wp-caption-text\">Waspe Aiviou 3 v 1 60000 Puffs Jednor\u00e1zov\u00fd vaporiz\u00e9r s r\u016fzn\u00fdmi p\u0159\u00edchut\u011bmi<\/figcaption><\/figure>\n<\/div>\n<\/div>\n<\/div>\n<\/div>\n<\/div>\n<\/div>\n<\/div>\n<\/div>\n<\/article>\n<\/div>\n<\/div>\n<\/div>\n<\/div>\n<\/div>\n<\/div>\n<\/div>\n<\/div>\n<\/div>\n<\/div>\n<\/article>\n<h2>Pro\u010d si vybrat Vapestornado pro n\u00e1kup Waspe 60k Puff?<\/h2>\n<div class=\"flex-shrink-0 flex flex-col relative items-end\">\n<div class=\"pt-0\">\n<div class=\"gizmo-bot-avatar flex h-8 w-8 items-center justify-center overflow-hidden rounded-full\">\n<div class=\"relative p-1 rounded-sm flex items-center justify-center bg-token-main-surface-primary text-token-text-primary h-8 w-8\">\n<p>At\u00a0<strong>VapeTornado<\/strong>, jsme hrd\u00ed na to, \u017ee dod\u00e1v\u00e1me\u00a0<strong>pr\u00e9miov\u00e9 vapingov\u00e9 produkty za bezkonkuren\u010dn\u00ed ceny<\/strong>\u2014a Waspe Aiviou 3 v 1 60000 pot\u00e1hnut\u00ed nen\u00ed v\u00fdjimkou! Zde je d\u016fvod, pro\u010d byste m\u011bli nakupovat u n\u00e1s:<\/p>\n<p><strong>Nejlep\u0161\u00ed velkoobchodn\u00ed ceny<\/strong>\u00a0\u2013 Nab\u00edz\u00edme\u00a0<strong>konkuren\u010dn\u00ed velkoobchodn\u00ed cena<\/strong><span style=\"font-size: 16px;\">, d\u00edky \u010demu\u017e jsme nejlep\u0161\u00ed volbou pro prodejce a vape shopy.<\/span><\/p>\n<p><strong>Rychl\u00e9<\/strong>\u00a0\u2013 Nechte si doru\u010dit objedn\u00e1vku\u00a0<strong>rychle a bezpe\u010dn\u011b<\/strong>, s mo\u017enostmi celosv\u011btov\u00e9 p\u0159epravy.<br \/>\n<strong>100% Autentick\u00e9 produkty<\/strong>\u00a0\u2013 \u017d\u00e1dn\u00e9 napodobeniny \u2013 pouze\u00a0<strong>origin\u00e1ln\u00ed jednor\u00e1zov\u00e9 e-cigarety WASPE Triple<\/strong>\u00a0s ov\u011b\u0159enou kvalitou.<br \/>\n<strong>Vynikaj\u00edc\u00ed z\u00e1kaznick\u00e1 podpora<\/strong>\u00a0\u2013 M\u00e1te ot\u00e1zky? Na\u0161i\u00a0<strong>vape experti<\/strong> jsou p\u0159ipraveni v\u00e1m pomoci 24\/7.<\/p>\n<p><strong>Ne\u010dekejte\u2014objednejte si sv\u016fj Waspe Aiviou 3 v 1 60000 pot\u00e1hnut\u00ed od VapeTornado je\u0161t\u011b dnes a za\u017eijte dokonalou spokojenost s vapingem!<\/strong><\/p>\n<p data-start=\"559\" data-end=\"933\" data-is-last-node=\"\" data-is-only-node=\"\">M\u00e1me tak\u00e9 dal\u0161\u00ed popul\u00e1rn\u00ed vapy s displejem, jako nap\u0159\u00edklad <a href=\"https:\/\/vapestornado.com\/cs\/product\/mesii-couple-50k-disposable-shisha-hookah-50000-puffs-vape-with-digital-display\/\">Mesii p\u00e1r 50000<\/a>, <a href=\"https:\/\/vapestornado.com\/cs\/product\/vopk-cool-9000-puffs-disposable-vapes-bar-puff-9k\/\">Jednor\u00e1zov\u00e1 vape VOPK 9000 Puff<\/a>, <a href=\"https:\/\/vapestornado.com\/cs\/product\/bang-beach-22000-20k-puff-disposable-vape-pen-with-screen-reddit-hot\/\">Bang Beach 22000<\/a>, a dal\u0161\u00ed.<\/p>\n<\/div>\n<div class=\"relative p-1 rounded-sm flex items-center justify-center bg-token-main-surface-primary text-token-text-primary h-8 w-8\">\n<h2>\u010cASTO KLADEN\u00c9 DOTAZY<\/h2>\n<ol data-start=\"3497\" data-end=\"4811\">\n<li data-start=\"3497\" data-end=\"3746\">\n<p data-start=\"3500\" data-end=\"3746\"><strong data-start=\"3500\" data-end=\"3596\">Jak funguje p\u0159ep\u00edn\u00e1n\u00ed trojit\u00e9 p\u0159\u00edchut\u011b Waspe Aiviou 3 v 1 60000 Puffs b\u011bhem denn\u00edho vapov\u00e1n\u00ed?<\/strong><br data-start=\"3596\" data-end=\"3599\" \/>Je navr\u017een pro rychlou rotaci p\u0159\u00edchut\u00ed uvnit\u0159 jednoho za\u0159\u00edzen\u00ed, tak\u017ee m\u016f\u017eete m\u011bnit chu\u0165 na po\u017e\u00e1d\u00e1n\u00ed bez no\u0161en\u00ed v\u00edce vaporiz\u00e9r\u016f nebo v\u00fdm\u011bny hardware.<\/p>\n<\/li>\n<li data-start=\"3748\" data-end=\"4006\">\n<p data-start=\"3751\" data-end=\"4006\"><strong data-start=\"3751\" data-end=\"3847\">Opravdu vydr\u017e\u00ed del\u0161\u00ed dobu ne\u017e standardn\u00ed jednor\u00e1zov\u00e9 vaporiz\u00e9ry s kapacitou 54ml (3\u00d718ml)?<\/strong><br data-start=\"3847\" data-end=\"3850\" \/>Ano\u2014celkov\u00fdch 54ml e-liquidu je hlavn\u00edm d\u016fvodem, pro\u010d vydr\u017e\u00ed d\u00e9le. Skute\u010dn\u00e1 \u017eivotnost z\u00e1vis\u00ed na d\u00e9lce a frekvenci potahu, ale kapacita je navr\u017eena pro prodlou\u017een\u00e9 pou\u017e\u00edv\u00e1n\u00ed.<\/p>\n<\/li>\n<li data-start=\"4008\" data-end=\"4250\">\n<p data-start=\"4011\" data-end=\"4250\"><strong data-start=\"4011\" data-end=\"4109\">Jak ovliv\u0148uj\u00ed mesh c\u00edvky o odporu 0,9\u03a9 v jednor\u00e1zov\u00e9m vaporiz\u00e9ru s t\u0159emi p\u0159\u00edchut\u011bmi plynulost p\u00e1ry v pr\u016fb\u011bhu \u010dasu?<\/strong><br data-start=\"4109\" data-end=\"4112\" \/>Mesh c\u00edvky se oh\u0159\u00edvaj\u00ed rovnom\u011brn\u011bji ne\u017e z\u00e1kladn\u00ed dr\u00e1tov\u00e9 c\u00edvky, co\u017e pom\u00e1h\u00e1 udr\u017eet plynulost p\u00e1ry a sni\u017euje drsnost p\u0159i intenzivn\u00edch, opakovan\u00fdch seanc\u00edch.<\/p>\n<\/li>\n<li data-start=\"4252\" data-end=\"4531\">\n<p data-start=\"4255\" data-end=\"4531\"><strong data-start=\"4255\" data-end=\"4371\">Je Waspe Aiviou 3 v 1 60K chytrou volbou pro kupuj\u00edc\u00ed porovn\u00e1vaj\u00edc\u00ed \u017eeb\u0159\u00ed\u010dky elektronick\u00fdch cigaret 2025 jako \u201enejlep\u0161\u00ed za\u0159\u00edzen\u00ed\u201c?<\/strong><br data-start=\"4371\" data-end=\"4374\" \/>Sout\u011b\u017e\u00ed na z\u00e1klad\u011b praktick\u00fdch funkc\u00ed, kter\u00e9 jsou d\u016fle\u017eit\u00e9: p\u0159ep\u00edn\u00e1n\u00ed v\u00edce p\u0159\u00edchut\u00ed, velk\u00fd celkov\u00fd objem kapaliny, dob\u00edjec\u00ed nap\u00e1jen\u00ed a LED displej stavu pro kontrolu.<\/p>\n<\/li>\n<li data-start=\"4533\" data-end=\"4811\">\n<p data-start=\"4536\" data-end=\"4811\"><strong data-start=\"4536\" data-end=\"4636\">Pro\u010d si velkoobchodn\u00ed kupuj\u00edc\u00ed jednor\u00e1zov\u00fdch vaporiz\u00e9r\u016f obl\u00edbili Waspe Aiviou 3 v 1 60000 Puffs pro maloobchod v \u010cR?<\/strong><br data-start=\"4636\" data-end=\"4639\" \/>Je snadn\u00e9 jej prod\u00e1vat: jasn\u00e9 hlavn\u00ed specifikace (60K potah\u016f, 3 p\u0159\u00edchut\u011b, 54ml, dob\u00edjec\u00ed), \u0161irok\u00e1 nab\u00eddka nikotinov\u00fdch variant a siln\u00e1 opakovan\u00e1 popt\u00e1vka od u\u017eivatel\u016f, kte\u0159\u00ed cht\u011bj\u00ed za\u0159\u00edzen\u00ed s dlouhou \u017eivotnost\u00ed.<\/p>\n<\/li>\n<\/ol>\n<\/div>\n<\/div>\n<\/div>\n<\/div>","protected":false},"excerpt":{"rendered":"<p class=\"LC20lb MBeuO DKV0Md\">Waspe Aiviou 3 v 1 60000 Puffs jednor\u00e1zov\u00e1 vaporiz\u00e9r sada s 3 p\u0159\u00edchut\u011bmi, 54ml (3\u00d718ml) n\u00e1pln\u011bmi, mesh c\u00edvkami 0,9\u03a9, LED displejem a nab\u00edjec\u00edm bateri\u00ed Type-C 650mAh. Vyrobeno pro dlouhodob\u00e9 pou\u017e\u00edv\u00e1n\u00ed, obl\u00edben\u00e9 u velkoobchodn\u00edk\u016f s jednor\u00e1zov\u00fdmi vaporiz\u00e9ry a z\u00e1kazn\u00edk\u016f, kte\u0159\u00ed v \u010cesk\u00e9 republice kupuj\u00ed vaporiz\u00e9ry m\u00edsto cigaret.<\/p>\n<p><img fetchpriority=\"high\" decoding=\"async\" class=\"size-full wp-image-2932\" src=\"https:\/\/vapestornado.com\/wp-content\/uploads\/2024\/12\/Vape-Wholesale.jpg\" alt=\"Velkoobchod s vape\" width=\"229\" height=\"300\" \/><\/p>\n<h3><a href=\"https:\/\/wa.me\/8617776015835\"><span style=\"color: #ff0000;\"><strong>WhatsApp: +86 17776015835<\/strong><\/span><\/a><\/h3>\n<p>&nbsp;<\/p>","protected":false},"featured_media":4011,"comment_status":"open","ping_status":"closed","template":"","meta":{"_acf_changed":false,"_uag_custom_page_level_css":"","_lmt_disableupdate":"no","_lmt_disable":"","_monsterinsights_skip_tracking":false,"_monsterinsights_sitenote_active":false,"_monsterinsights_sitenote_note":"","_monsterinsights_sitenote_category":0,"site-sidebar-layout":"default","site-content-layout":"","ast-site-content-layout":"default","site-content-style":"default","site-sidebar-style":"default","ast-global-header-display":"","ast-banner-title-visibility":"","ast-main-header-display":"","ast-hfb-above-header-display":"","ast-hfb-below-header-display":"","ast-hfb-mobile-header-display":"","site-post-title":"","ast-breadcrumbs-content":"","ast-featured-img":"","footer-sml-layout":"","ast-disable-related-posts":"","theme-transparent-header-meta":"default","adv-header-id-meta":"","stick-header-meta":"","header-above-stick-meta":"","header-main-stick-meta":"","header-below-stick-meta":"","astra-migrate-meta-layouts":"set","ast-page-background-enabled":"default","ast-page-background-meta":{"desktop":{"background-color":"","background-image":"","background-repeat":"repeat","background-position":"center center","background-size":"auto","background-attachment":"scroll","background-type":"","background-media":"","overlay-type":"","overlay-color":"","overlay-opacity":"","overlay-gradient":""},"tablet":{"background-color":"","background-image":"","background-repeat":"repeat","background-position":"center center","background-size":"auto","background-attachment":"scroll","background-type":"","background-media":"","overlay-type":"","overlay-color":"","overlay-opacity":"","overlay-gradient":""},"mobile":{"background-color":"","background-image":"","background-repeat":"repeat","background-position":"center center","background-size":"auto","background-attachment":"scroll","background-type":"","background-media":"","overlay-type":"","overlay-color":"","overlay-opacity":"","overlay-gradient":""}},"ast-content-background-meta":{"desktop":{"background-color":"var(--ast-global-color-5)","background-image":"","background-repeat":"repeat","background-position":"center center","background-size":"auto","background-attachment":"scroll","background-type":"","background-media":"","overlay-type":"","overlay-color":"","overlay-opacity":"","overlay-gradient":""},"tablet":{"background-color":"var(--ast-global-color-5)","background-image":"","background-repeat":"repeat","background-position":"center center","background-size":"auto","background-attachment":"scroll","background-type":"","background-media":"","overlay-type":"","overlay-color":"","overlay-opacity":"","overlay-gradient":""},"mobile":{"background-color":"var(--ast-global-color-5)","background-image":"","background-repeat":"repeat","background-position":"center center","background-size":"auto","background-attachment":"scroll","background-type":"","background-media":"","overlay-type":"","overlay-color":"","overlay-opacity":"","overlay-gradient":""}},"_joinchat":{"telephone":"17776015835"}},"product_brand":[],"product_cat":[156,142,144,61,60],"product_tag":[105,94,301,299,300],"class_list":{"0":"post-4013","1":"product","2":"type-product","3":"status-publish","4":"has-post-thumbnail","6":"product_cat-buy-disposable-vapes-in-poland","7":"product_cat-digital-box-disposable-vapes","8":"product_cat-low-nicotine-disposable-vapes","9":"product_cat-vapme-shisha","10":"product_cat-waspe-fihp-vape","11":"product_tag-digital-disposable-vape","12":"product_tag-rechargeable-disposable-vape","13":"product_tag-vapor-wholesale","14":"product_tag-waspe-60k-puff","15":"product_tag-waspe-aiviou-3-in-1-60000","16":"desktop-align-left","17":"tablet-align-left","18":"mobile-align-left","20":"first","21":"instock","22":"sale","23":"shipping-taxable","24":"purchasable","25":"product-type-simple"},"acf":[],"uagb_featured_image_src":{"full":["https:\/\/vapestornado.com\/wp-content\/uploads\/2025\/03\/Waspe-Aiviou-3-in1-60k-60000-Puffs-Disposable-Vaper.webp",800,800,false],"thumbnail":["https:\/\/vapestornado.com\/wp-content\/uploads\/2025\/03\/Waspe-Aiviou-3-in1-60k-60000-Puffs-Disposable-Vaper-150x150.webp",150,150,true],"medium":["https:\/\/vapestornado.com\/wp-content\/uploads\/2025\/03\/Waspe-Aiviou-3-in1-60k-60000-Puffs-Disposable-Vaper-300x300.webp",300,300,true],"medium_large":["https:\/\/vapestornado.com\/wp-content\/uploads\/2025\/03\/Waspe-Aiviou-3-in1-60k-60000-Puffs-Disposable-Vaper-768x768.webp",768,768,true],"large":["https:\/\/vapestornado.com\/wp-content\/uploads\/2025\/03\/Waspe-Aiviou-3-in1-60k-60000-Puffs-Disposable-Vaper.webp",800,800,false],"1536x1536":["https:\/\/vapestornado.com\/wp-content\/uploads\/2025\/03\/Waspe-Aiviou-3-in1-60k-60000-Puffs-Disposable-Vaper.webp",800,800,false],"2048x2048":["https:\/\/vapestornado.com\/wp-content\/uploads\/2025\/03\/Waspe-Aiviou-3-in1-60k-60000-Puffs-Disposable-Vaper.webp",800,800,false],"trp-custom-language-flag":["https:\/\/vapestornado.com\/wp-content\/uploads\/2025\/03\/Waspe-Aiviou-3-in1-60k-60000-Puffs-Disposable-Vaper.webp",12,12,false],"woocommerce_thumbnail":["https:\/\/vapestornado.com\/wp-content\/uploads\/2025\/03\/Waspe-Aiviou-3-in1-60k-60000-Puffs-Disposable-Vaper-300x300.webp",300,300,true],"woocommerce_single":["https:\/\/vapestornado.com\/wp-content\/uploads\/2025\/03\/Waspe-Aiviou-3-in1-60k-60000-Puffs-Disposable-Vaper-600x600.webp",600,600,true],"woocommerce_gallery_thumbnail":["https:\/\/vapestornado.com\/wp-content\/uploads\/2025\/03\/Waspe-Aiviou-3-in1-60k-60000-Puffs-Disposable-Vaper-100x100.webp",100,100,true]},"uagb_author_info":{"display_name":"ESAMY","author_link":"https:\/\/vapestornado.com\/cs\/author\/"},"uagb_comment_info":1,"uagb_excerpt":"Waspe Aiviou 3 in 1 60000 Puffs disposable vape kit with 3 flavour switching, 54ml (3\u00d718ml) pods, 0.9\u03a9 mesh coils, LED display, and Type-C rechargeable 650mAh battery. Built for long use, popular with disposable vape wholesaler buyers and customers who Buy vapor in Poland instead of Buy cigarettes. WhatsApp: +86 17776015835 &nbsp;","_links":{"self":[{"href":"https:\/\/vapestornado.com\/cs\/wp-json\/wp\/v2\/product\/4013","targetHints":{"allow":["GET"]}}],"collection":[{"href":"https:\/\/vapestornado.com\/cs\/wp-json\/wp\/v2\/product"}],"about":[{"href":"https:\/\/vapestornado.com\/cs\/wp-json\/wp\/v2\/types\/product"}],"replies":[{"embeddable":true,"href":"https:\/\/vapestornado.com\/cs\/wp-json\/wp\/v2\/comments?post=4013"}],"wp:featuredmedia":[{"embeddable":true,"href":"https:\/\/vapestornado.com\/cs\/wp-json\/wp\/v2\/media\/4011"}],"wp:attachment":[{"href":"https:\/\/vapestornado.com\/cs\/wp-json\/wp\/v2\/media?parent=4013"}],"wp:term":[{"taxonomy":"product_brand","embeddable":true,"href":"https:\/\/vapestornado.com\/cs\/wp-json\/wp\/v2\/product_brand?post=4013"},{"taxonomy":"product_cat","embeddable":true,"href":"https:\/\/vapestornado.com\/cs\/wp-json\/wp\/v2\/product_cat?post=4013"},{"taxonomy":"product_tag","embeddable":true,"href":"https:\/\/vapestornado.com\/cs\/wp-json\/wp\/v2\/product_tag?post=4013"}],"curies":[{"name":"wp","href":"https:\/\/api.w.org\/{rel}","templated":true}]}}